{"id":55206,"date":"2018-11-18T08:54:25","date_gmt":"2018-11-18T08:54:25","guid":{"rendered":"https:\/\/redfoxlotto.com\/?page_id=21534"},"modified":"2026-01-11T10:36:15","modified_gmt":"2026-01-11T10:36:15","slug":"superenalotto","status":"publish","type":"page","link":"https:\/\/redfoxlotto.com\/hu\/eredmenyek\/superenalotto\/","title":{"rendered":"SuperEnaLotto eredm\u00e9nyek"},"content":{"rendered":"<p>A SuperEnalotto arr\u00f3l ismert, hogy a jackpotot gyakran hossz\u00fa ideig nem nyerik meg. \u00cdgy a f\u0151d\u00edj, amelynek minim\u00e1lis \u00f6sszege 1.300.000, gyorsan emelkedik. \u00c9s a magass\u00e1g\u00e1nak nincs hat\u00e1ra. A Superenalotto eddigi legmagasabb nyerem\u00e9nye 177 800 000 eur\u00f3 volt!<\/p><p>Megn\u00e9zted m\u00e1r, hogy milyen m\u00e1s j\u00e1t\u00e9kokkal j\u00e1tszhatn\u00e1l? Tal\u00e1n mindig is \u00fagy gondolta, hogy a saj\u00e1t ter\u00fclet\u00e9n vagy legal\u00e1bbis a saj\u00e1t orsz\u00e1g\u00e1ban kell lott\u00f3zni. Nos, ez m\u00e1r biztosan nem \u00edgy van, ha az online lott\u00f3r\u00f3l van sz\u00f3. Rengeteg \u00faj lehet\u0151s\u00e9g v\u00e1r r\u00e1d, \u00e9s csak annyit kell tenned, hogy vetsz egy pillant\u00e1st n\u00e9h\u00e1ny weboldalra. Egy csom\u00f3 olyan j\u00e1t\u00e9kot fogsz l\u00e1tni, amit eddig tal\u00e1n m\u00e9g sosem l\u00e1tt\u00e1l.<\/p><p><img loading=\"lazy\" decoding=\"async\" class=\" wp-image alignright\" src=\"https:\/\/content.redfoxlotto.com\/uploads\/sites\/9\/1_results_check_lottery.jpg\" alt=\"eredm\u00e9nyek lott\u00f3\" width=\"254\" height=\"254\"><\/p><p>A SuperEnalotto az egyik legn\u00e9pszer\u0171bb j\u00e1t\u00e9k Olaszorsz\u00e1gban, \u00e9s ez az egyik olyan j\u00e1t\u00e9k, amelyben \u00d6n is abszol\u00fat r\u00e9szt vehet. Tulajdonk\u00e9ppen k\u00f6zvetlen\u00fcl online v\u00e1s\u00e1rolhatod meg a jegyeket, f\u00fcggetlen\u00fcl att\u00f3l, hogy val\u00f3j\u00e1ban hol \u00e9lsz. Ez m\u00e9g sz\u00f3rakoztat\u00f3bb\u00e1 teszi sz\u00e1modra, mert egy olyan j\u00e1t\u00e9kot j\u00e1tszhatsz, amelyet tal\u00e1n m\u00e9g soha nem l\u00e1tt\u00e1l, vagy m\u00e9g csak nem is hallott\u00e1l r\u00f3la. Mi lehet izgalmasabb, mint egy teljesen \u00faj lehet\u0151s\u00e9g \u00e9s egy teljesen m\u00e1s nyer\u00e9si es\u00e9ly, mint az eddig megszokott j\u00e1t\u00e9kokn\u00e1l?<\/p><p>Ha \u00fagy d\u00f6ntesz, hogy ezt a j\u00e1t\u00e9kot j\u00e1tszod, akkor csak azt kell tudnod, hogy honnan szerzed be a szelv\u00e9nyedet. A RedFoxLotto.com seg\u00edthet kiv\u00e1lasztani a sz\u00e1mokat \u00e9s megrendelni a szelv\u00e9nyt, hogy a k\u00f6vetkez\u0151 sorsol\u00e1son m\u00e1r k\u00e9szen \u00e1lljon. Ez teljesen online, \u00e9s m\u00e9g mindig ugyanazokkal a k\u00e9pess\u00e9gekkel rendelkezik, mint az, aki egy \u00fczletbe bemegy \u00e9s megv\u00e1s\u00e1rolja a szelv\u00e9ny\u00e9t. Ez m\u00e9g azok sz\u00e1m\u00e1ra is k\u00e9nyelmess\u00e9 teszi, akik val\u00f3ban azon a ter\u00fcleten \u00e9lnek, ahol a j\u00e1t\u00e9kot j\u00e1tssz\u00e1k. Egyszer\u0171en csak online v\u00e1s\u00e1rolhatsz jegyet an\u00e9lk\u00fcl, hogy valaha is ki kellene mozdulnod otthonr\u00f3l.<\/p><h2 class=\"wp-block-heading\">Mi\u00e9rt a SuperEnalotto?<\/h2><p>Mi\u00e9rt \u00e9rdemes j\u00e1tszani ezt a j\u00e1t\u00e9kot? Nos, az egyik ok az, hogy a j\u00e1t\u00e9kkal t\u00f6bb milli\u00f3 eur\u00f3t nyerhetsz. Ez nagyon sz\u00f3rakoztat\u00f3 lehet. Val\u00f3j\u00e1ban ez a j\u00e1t\u00e9k az egyik legnagyobb jackpotr\u00f3l ismert, \u00e9s ez mindenk\u00e9ppen egy ok arra, hogy k\u00f6zelebbr\u0151l is megn\u00e9zd, \u00e9s esetleg \u00fagy d\u00f6nts, hogy legal\u00e1bb n\u00e9h\u00e1nyszor magad is j\u00e1tszol vele. Ki ne szeretne es\u00e9lyt kapni a t\u00f6bb milli\u00f3 eur\u00f3s nyerem\u00e9nyre? \u00c9s mindezt egyetlen szelv\u00e9ny alacsony \u00e1r\u00e1\u00e9rt (vagy n\u00e9h\u00e1ny szelv\u00e9ny\u00e9rt, ha egy kicsit n\u00f6velni szeretn\u00e9 a nyer\u00e9si es\u00e9lyeit).<\/p><p>Ezen a j\u00e1t\u00e9kon r\u00e1ad\u00e1sul a h\u00e9t h\u00e1rom k\u00fcl\u00f6nb\u00f6z\u0151 est\u00e9j\u00e9n is van sorsol\u00e1s, \u00edgy m\u00e9g gyakrabban lesz lehet\u0151s\u00e9ged j\u00e1tszani. Aki szereti a gyakoribb sorsol\u00e1s\u00fa j\u00e1t\u00e9kokat, annak tetszeni fog, hogy ez a j\u00e1t\u00e9k kedden, cs\u00fct\u00f6rt\u00f6k\u00f6n \u00e9s szombaton is el\u00e9rhet\u0151, mindannyiszor este 8:00-kor. Ez a j\u00e1t\u00e9k nem igaz\u00e1n l\u00e9tezik olyan r\u00e9g\u00f3ta, ha a dolgok nagy \u00edv\u00e9t n\u00e9zz\u00fck, hiszen csak 1997-ben indult, de ez nem jelenti azt, hogy nem lesz sz\u00f3rakoztat\u00f3, vagy hogy az emberek nem \u00e1llnak k\u00e9szenl\u00e9tben, hogy szelv\u00e9nyt v\u00e1s\u00e1roljanak (amit neked nem kell megtenned, mert teljesen online j\u00e1tszol).<\/p><p>Nos, ennek a j\u00e1t\u00e9knak az a h\u00e1tr\u00e1nya, hogy alacsony es\u00e9lyei lehetnek. Val\u00f3j\u00e1ban a jackpot megnyer\u00e9s\u00e9nek es\u00e9lye az egyik legalacsonyabb az eg\u00e9sz vil\u00e1gon. Ez azt jelenti, hogy nagyobb es\u00e9lyed van arra, hogy b\u00e1rmelyik m\u00e1sik lott\u00f3j\u00e1t\u00e9kot megnyerd, mint ezt. De nem kell elkeseredned. Att\u00f3l m\u00e9g remek\u00fcl sz\u00f3rakozhatsz a j\u00e1t\u00e9kkal, \u00e9s m\u00e9g mindig lesz es\u00e9lyed megnyerni n\u00e9h\u00e1nyat a kisebb nyerem\u00e9nyek k\u00f6z\u00fcl. R\u00e1ad\u00e1sul, ki tudja, valakinek meg kell nyernie a jackpotot, nem igaz? Mi\u00e9rt ne lehetn\u00e9l te az?<\/p><h2 class=\"wp-block-heading\">SuperEnalotto eredm\u00e9nyek<\/h2><p>Sz\u00f3val, hogyan fogod ellen\u0151rizni a SuperEnaLotto eredm\u00e9nyeit, ha \u00fagy d\u00f6ntesz, hogy j\u00e1tszol ezzel a j\u00e1t\u00e9kkal? Val\u00f3j\u00e1ban t\u00f6bbf\u00e9le lehet\u0151s\u00e9ged is van. A legn\u00e9pszer\u0171bbek k\u00f6z\u00e9 tartozik, hogy egyszer\u0171en megn\u00e9zi a helyi \u00fajs\u00e1gokat a sorsol\u00e1st k\u00f6vet\u0151 napon, vagy \u00e9l\u0151ben n\u00e9zi a sorsol\u00e1st, ha az el\u00e9rhet\u0151 a telev\u00edzi\u00f3n. Megn\u00e9zheti a k\u00fcl\u00f6nb\u00f6z\u0151 weboldalak egyik\u00e9t is (mint p\u00e9ld\u00e1ul a RedFoxLotto.com), amelyek vagy k\u00f6zvetlen\u00fcl a sorsol\u00e1st k\u00f6vet\u0151en, vagy a sorsol\u00e1st k\u00f6vet\u0151 n\u00e9h\u00e1ny \u00f3r\u00e1n bel\u00fcl megmutatj\u00e1k az eredm\u00e9nyeket. \u00cdgy nem kell id\u0151t vesztegetnie arra, hogy kital\u00e1lja, nyert-e.<\/p><p><img loading=\"lazy\" decoding=\"async\" class=\"wp-image alignright\" src=\"https:\/\/content.redfoxlotto.com\/uploads\/sites\/9\/1_lottery_winning_numbers.jpg\" alt=\"Superenalotto\" width=\"289\" height=\"137\"><\/p><p>A lott\u00f3j\u00e1t\u00e9kban val\u00f3 sz\u00f3rakoz\u00e1s az els\u0151 l\u00e9p\u00e9s az eg\u00e9sz folyamatban, de onnant\u00f3l kezdve meg akarsz gy\u0151z\u0151dni arr\u00f3l, hogy nyersz-e valamit. A SuperEnalott\u00f3val lehet, hogy alacsonyabbak az es\u00e9lyeid, de j\u00f3l fogod \u00e9rezni magad, \u00e9s lehet\u0151s\u00e9get kapsz arra, hogy megtapasztalj egy teljesen m\u00e1s t\u00edpus\u00fa j\u00e1t\u00e9kot. Ha m\u00e1r egy ideje online lott\u00f3zol, ez egy olyan j\u00e1t\u00e9k, amit mindenk\u00e9ppen \u00e9rdemes k\u00f6zelebbr\u0151l is megn\u00e9zned. Soha nem tudhatod, hogy mire lehet k\u00e9pes, \u00e9s mit vesz\u00edthetsz azzal, ha legal\u00e1bb n\u00e9h\u00e1ny k\u00f6r erej\u00e9ig kipr\u00f3b\u00e1lod?<\/p>","protected":false},"excerpt":{"rendered":"<p>A SuperEnalotto arr\u00f3l ismert, hogy a jackpotot gyakran hossz\u00fa ideig nem nyerik meg. \u00cdgy a f\u0151d\u00edj, amelynek minim\u00e1lis \u00f6sszege 1.300.000, gyorsan emelkedik. \u00c9s a magass\u00e1g\u00e1nak nincs hat\u00e1ra. A Superenalotto eddigi legmagasabb nyerem\u00e9nye 177 800 000 eur\u00f3 volt! Megn\u00e9zted m\u00e1r, hogy milyen m\u00e1s j\u00e1t\u00e9kokkal j\u00e1tszhatn\u00e1l? Tal\u00e1n mindig is \u00fagy gondolta, hogy a saj\u00e1t ter\u00fclet\u00e9n vagy legal\u00e1bbis [&hellip;]<\/p>\n","protected":false},"author":1,"featured_media":0,"parent":55183,"menu_order":5,"comment_status":"closed","ping_status":"closed","template":"superenalotto-results.php","meta":{"_et_pb_use_builder":"","_et_pb_old_content":"","_et_gb_content_width":"","exclude_from_search":false,"footnotes":""},"class_list":["post-55206","page","type-page","status-publish","hentry"],"yoast_head":"<!-- This site is optimized with the Yoast SEO plugin v23.8 - https:\/\/yoast.com\/wordpress\/plugins\/seo\/ -->\n<title>SuperEnalotto nyer\u0151 sz\u00e1mok<\/title>\n<meta name=\"description\" content=\"A Superenalotto legfrissebb eredm\u00e9nyeit \u00e9s nyer\u0151sz\u00e1mait itt tal\u00e1lod a RedFoxLotto oldal\u00e1n, ahol a szelv\u00e9nyeidet is beszerezheted.\" \/>\n<meta name=\"robots\" content=\"index, follow, max-snippet:-1, max-image-preview:large, max-video-preview:-1\" \/>\n<link rel=\"canonical\" href=\"https:\/\/redfoxlotto.com\/hu\/eredmenyek\/superenalotto\/\" \/>\n<meta property=\"og:locale\" content=\"hu_HU\" \/>\n<meta property=\"og:type\" content=\"article\" \/>\n<meta property=\"og:title\" content=\"SuperEnalotto nyer\u0151 sz\u00e1mok\" \/>\n<meta property=\"og:description\" content=\"A Superenalotto legfrissebb eredm\u00e9nyeit \u00e9s nyer\u0151sz\u00e1mait itt tal\u00e1lod a RedFoxLotto oldal\u00e1n, ahol a szelv\u00e9nyeidet is beszerezheted.\" \/>\n<meta property=\"og:url\" content=\"https:\/\/redfoxlotto.com\/hu\/eredmenyek\/superenalotto\/\" \/>\n<meta property=\"og:site_name\" content=\"Get Tickets for the World\u2019s largest jackpots\" \/>\n<meta property=\"article:modified_time\" content=\"2026-01-11T10:36:15+00:00\" \/>\n<meta property=\"og:image\" content=\"https:\/\/content.redfoxlotto.com\/uploads\/sites\/9\/1_results_check_lottery.jpg\" \/>\n<meta name=\"twitter:card\" content=\"summary_large_image\" \/>\n<meta name=\"twitter:label1\" content=\"Becs\u00fclt olvas\u00e1si id\u0151\" \/>\n\t<meta name=\"twitter:data1\" content=\"4 perc\" \/>\n<script type=\"application\/ld+json\" class=\"yoast-schema-graph\">{\"@context\":\"https:\/\/schema.org\",\"@graph\":[{\"@type\":\"WebPage\",\"@id\":\"https:\/\/redfoxlotto.com\/hu\/eredmenyek\/superenalotto\/\",\"url\":\"https:\/\/redfoxlotto.com\/hu\/eredmenyek\/superenalotto\/\",\"name\":\"SuperEnalotto nyer\u0151 sz\u00e1mok\",\"isPartOf\":{\"@id\":\"https:\/\/redfoxlotto.com\/hu\/#website\"},\"primaryImageOfPage\":{\"@id\":\"https:\/\/redfoxlotto.com\/hu\/eredmenyek\/superenalotto\/#primaryimage\"},\"image\":{\"@id\":\"https:\/\/redfoxlotto.com\/hu\/eredmenyek\/superenalotto\/#primaryimage\"},\"thumbnailUrl\":\"https:\/\/content.redfoxlotto.com\/uploads\/sites\/9\/1_results_check_lottery.jpg\",\"datePublished\":\"2018-11-18T08:54:25+00:00\",\"dateModified\":\"2026-01-11T10:36:15+00:00\",\"description\":\"A Superenalotto legfrissebb eredm\u00e9nyeit \u00e9s nyer\u0151sz\u00e1mait itt tal\u00e1lod a RedFoxLotto oldal\u00e1n, ahol a szelv\u00e9nyeidet is beszerezheted.\",\"breadcrumb\":{\"@id\":\"https:\/\/redfoxlotto.com\/hu\/eredmenyek\/superenalotto\/#breadcrumb\"},\"inLanguage\":\"hu\",\"potentialAction\":[{\"@type\":\"ReadAction\",\"target\":[\"https:\/\/redfoxlotto.com\/hu\/eredmenyek\/superenalotto\/\"]}]},{\"@type\":\"ImageObject\",\"inLanguage\":\"hu\",\"@id\":\"https:\/\/redfoxlotto.com\/hu\/eredmenyek\/superenalotto\/#primaryimage\",\"url\":\"https:\/\/content.redfoxlotto.com\/uploads\/sites\/9\/1_results_check_lottery.jpg\",\"contentUrl\":\"https:\/\/content.redfoxlotto.com\/uploads\/sites\/9\/1_results_check_lottery.jpg\"},{\"@type\":\"BreadcrumbList\",\"@id\":\"https:\/\/redfoxlotto.com\/hu\/eredmenyek\/superenalotto\/#breadcrumb\",\"itemListElement\":[{\"@type\":\"ListItem\",\"position\":1,\"name\":\"Home\",\"item\":\"https:\/\/redfoxlotto.com\/hu\/\"},{\"@type\":\"ListItem\",\"position\":2,\"name\":\"Nemzetk\u00f6zi lott\u00f3 eredm\u00e9nyek\",\"item\":\"https:\/\/redfoxlotto.com\/hu\/eredmenyek\/\"},{\"@type\":\"ListItem\",\"position\":3,\"name\":\"SuperEnaLotto eredm\u00e9nyek\"}]},{\"@type\":\"WebSite\",\"@id\":\"https:\/\/redfoxlotto.com\/hu\/#website\",\"url\":\"https:\/\/redfoxlotto.com\/hu\/\",\"name\":\"Get Tickets for the World\u2019s largest jackpots\",\"description\":\"Participate in worldwide lottery jackpots from any country\",\"publisher\":{\"@id\":\"https:\/\/redfoxlotto.com\/hu\/#organization\"},\"potentialAction\":[{\"@type\":\"SearchAction\",\"target\":{\"@type\":\"EntryPoint\",\"urlTemplate\":\"https:\/\/redfoxlotto.com\/hu\/?s={search_term_string}\"},\"query-input\":{\"@type\":\"PropertyValueSpecification\",\"valueRequired\":true,\"valueName\":\"search_term_string\"}}],\"inLanguage\":\"hu\"},{\"@type\":\"Organization\",\"@id\":\"https:\/\/redfoxlotto.com\/hu\/#organization\",\"name\":\"Get Tickets for the World\u2019s largest jackpots\",\"url\":\"https:\/\/redfoxlotto.com\/hu\/\",\"logo\":{\"@type\":\"ImageObject\",\"inLanguage\":\"hu\",\"@id\":\"https:\/\/redfoxlotto.com\/hu\/#\/schema\/logo\/image\/\",\"url\":\"https:\/\/redfoxlotto.com\/wp-content\/uploads\/2023\/04\/logo.png\",\"contentUrl\":\"https:\/\/redfoxlotto.com\/wp-content\/uploads\/2023\/04\/logo.png\",\"width\":269,\"height\":53,\"caption\":\"Get Tickets for the World\u2019s largest jackpots\"},\"image\":{\"@id\":\"https:\/\/redfoxlotto.com\/hu\/#\/schema\/logo\/image\/\"}}]}<\/script>\n<!-- \/ Yoast SEO plugin. -->","yoast_head_json":{"title":"SuperEnalotto nyer\u0151 sz\u00e1mok","description":"A Superenalotto legfrissebb eredm\u00e9nyeit \u00e9s nyer\u0151sz\u00e1mait itt tal\u00e1lod a RedFoxLotto oldal\u00e1n, ahol a szelv\u00e9nyeidet is beszerezheted.","robots":{"index":"index","follow":"follow","max-snippet":"max-snippet:-1","max-image-preview":"max-image-preview:large","max-video-preview":"max-video-preview:-1"},"canonical":"https:\/\/redfoxlotto.com\/hu\/eredmenyek\/superenalotto\/","og_locale":"hu_HU","og_type":"article","og_title":"SuperEnalotto nyer\u0151 sz\u00e1mok","og_description":"A Superenalotto legfrissebb eredm\u00e9nyeit \u00e9s nyer\u0151sz\u00e1mait itt tal\u00e1lod a RedFoxLotto oldal\u00e1n, ahol a szelv\u00e9nyeidet is beszerezheted.","og_url":"https:\/\/redfoxlotto.com\/hu\/eredmenyek\/superenalotto\/","og_site_name":"Get Tickets for the World\u2019s largest jackpots","article_modified_time":"2026-01-11T10:36:15+00:00","og_image":[{"url":"https:\/\/content.redfoxlotto.com\/uploads\/sites\/9\/1_results_check_lottery.jpg"}],"twitter_card":"summary_large_image","twitter_misc":{"Becs\u00fclt olvas\u00e1si id\u0151":"4 perc"},"schema":{"@context":"https:\/\/schema.org","@graph":[{"@type":"WebPage","@id":"https:\/\/redfoxlotto.com\/hu\/eredmenyek\/superenalotto\/","url":"https:\/\/redfoxlotto.com\/hu\/eredmenyek\/superenalotto\/","name":"SuperEnalotto nyer\u0151 sz\u00e1mok","isPartOf":{"@id":"https:\/\/redfoxlotto.com\/hu\/#website"},"primaryImageOfPage":{"@id":"https:\/\/redfoxlotto.com\/hu\/eredmenyek\/superenalotto\/#primaryimage"},"image":{"@id":"https:\/\/redfoxlotto.com\/hu\/eredmenyek\/superenalotto\/#primaryimage"},"thumbnailUrl":"https:\/\/content.redfoxlotto.com\/uploads\/sites\/9\/1_results_check_lottery.jpg","datePublished":"2018-11-18T08:54:25+00:00","dateModified":"2026-01-11T10:36:15+00:00","description":"A Superenalotto legfrissebb eredm\u00e9nyeit \u00e9s nyer\u0151sz\u00e1mait itt tal\u00e1lod a RedFoxLotto oldal\u00e1n, ahol a szelv\u00e9nyeidet is beszerezheted.","breadcrumb":{"@id":"https:\/\/redfoxlotto.com\/hu\/eredmenyek\/superenalotto\/#breadcrumb"},"inLanguage":"hu","potentialAction":[{"@type":"ReadAction","target":["https:\/\/redfoxlotto.com\/hu\/eredmenyek\/superenalotto\/"]}]},{"@type":"ImageObject","inLanguage":"hu","@id":"https:\/\/redfoxlotto.com\/hu\/eredmenyek\/superenalotto\/#primaryimage","url":"https:\/\/content.redfoxlotto.com\/uploads\/sites\/9\/1_results_check_lottery.jpg","contentUrl":"https:\/\/content.redfoxlotto.com\/uploads\/sites\/9\/1_results_check_lottery.jpg"},{"@type":"BreadcrumbList","@id":"https:\/\/redfoxlotto.com\/hu\/eredmenyek\/superenalotto\/#breadcrumb","itemListElement":[{"@type":"ListItem","position":1,"name":"Home","item":"https:\/\/redfoxlotto.com\/hu\/"},{"@type":"ListItem","position":2,"name":"Nemzetk\u00f6zi lott\u00f3 eredm\u00e9nyek","item":"https:\/\/redfoxlotto.com\/hu\/eredmenyek\/"},{"@type":"ListItem","position":3,"name":"SuperEnaLotto eredm\u00e9nyek"}]},{"@type":"WebSite","@id":"https:\/\/redfoxlotto.com\/hu\/#website","url":"https:\/\/redfoxlotto.com\/hu\/","name":"Get Tickets for the World\u2019s largest jackpots","description":"Participate in worldwide lottery jackpots from any country","publisher":{"@id":"https:\/\/redfoxlotto.com\/hu\/#organization"},"potentialAction":[{"@type":"SearchAction","target":{"@type":"EntryPoint","urlTemplate":"https:\/\/redfoxlotto.com\/hu\/?s={search_term_string}"},"query-input":{"@type":"PropertyValueSpecification","valueRequired":true,"valueName":"search_term_string"}}],"inLanguage":"hu"},{"@type":"Organization","@id":"https:\/\/redfoxlotto.com\/hu\/#organization","name":"Get Tickets for the World\u2019s largest jackpots","url":"https:\/\/redfoxlotto.com\/hu\/","logo":{"@type":"ImageObject","inLanguage":"hu","@id":"https:\/\/redfoxlotto.com\/hu\/#\/schema\/logo\/image\/","url":"https:\/\/redfoxlotto.com\/wp-content\/uploads\/2023\/04\/logo.png","contentUrl":"https:\/\/redfoxlotto.com\/wp-content\/uploads\/2023\/04\/logo.png","width":269,"height":53,"caption":"Get Tickets for the World\u2019s largest jackpots"},"image":{"@id":"https:\/\/redfoxlotto.com\/hu\/#\/schema\/logo\/image\/"}}]}},"_links":{"self":[{"href":"https:\/\/redfoxlotto.com\/hu\/wp-json\/wp\/v2\/pages\/55206","targetHints":{"allow":["GET"]}}],"collection":[{"href":"https:\/\/redfoxlotto.com\/hu\/wp-json\/wp\/v2\/pages"}],"about":[{"href":"https:\/\/redfoxlotto.com\/hu\/wp-json\/wp\/v2\/types\/page"}],"author":[{"embeddable":true,"href":"https:\/\/redfoxlotto.com\/hu\/wp-json\/wp\/v2\/users\/1"}],"replies":[{"embeddable":true,"href":"https:\/\/redfoxlotto.com\/hu\/wp-json\/wp\/v2\/comments?post=55206"}],"version-history":[{"count":0,"href":"https:\/\/redfoxlotto.com\/hu\/wp-json\/wp\/v2\/pages\/55206\/revisions"}],"up":[{"embeddable":true,"href":"https:\/\/redfoxlotto.com\/hu\/wp-json\/wp\/v2\/pages\/55183"}],"wp:attachment":[{"href":"https:\/\/redfoxlotto.com\/hu\/wp-json\/wp\/v2\/media?parent=55206"}],"curies":[{"name":"wp","href":"https:\/\/api.w.org\/{rel}","templated":true}]}}