{"id":55205,"date":"2020-08-18T10:31:21","date_gmt":"2020-08-18T10:31:21","guid":{"rendered":"https:\/\/redfoxlotto.com\/?page_id=21532"},"modified":"2023-03-13T17:37:23","modified_gmt":"2023-03-13T17:37:23","slug":"set-for-life-uk","status":"publish","type":"page","link":"https:\/\/redfoxlotto.com\/hu\/eredmenyek\/set-for-life-uk\/","title":{"rendered":"A Set for life lott\u00f3 eredm\u00e9nyei"},"content":{"rendered":"<h2 class=\"wp-block-heading\">&#8222;Set for life&#8221; lott\u00f3 nyer\u0151sz\u00e1mok<\/h2><p>A &#8222;Set for life&#8221; lott\u00f3 nyer\u0151sz\u00e1mait minden sorsol\u00e1s ut\u00e1n k\u00f6zz\u00e9tessz\u00fck weboldalunkon. Miut\u00e1n lefoglalta a lott\u00f3szelv\u00e9nyt erre a lott\u00f3j\u00e1t\u00e9kra az oldalunkon, k\u00fcld\u00fcnk \u00d6nnek egy e-mailt, ha a szelv\u00e9nye nyert valamit.<\/p><p>De be is jelentkezhet a fi\u00f3kj\u00e1ba, \u00e9s megnyithatja azt a r\u00e9szt, ahol a szelv\u00e9nye t\u00e1rolva van. Minden olyan sz\u00e1mot, amelyet \u00d6n h\u00fazott, \u00e9s amelyik megegyezik a sorsol\u00e1s eredm\u00e9ny\u00e9vel, megjel\u00f6l\u00fcnk, \u00edgy eg\u00e9szen k\u00f6nnyen l\u00e1thatja, hogy mit nyert.<\/p><p><img decoding=\"async\" class=\"size-full wp-image alignright\" src=\"https:\/\/content.redfoxlotto.com\/uploads\/sites\/9\/1_results_winning_numbers2.jpg\" alt=\"\u00e9letre sz\u00f3l\u00f3 eredm\u00e9nyek \"><\/p><h2 class=\"wp-block-heading\">&#8222;\u00c9letre sz\u00f3l\u00f3an be\u00e1ll\u00edtott&#8221; kor\u00e1bbi nyer\u0151sz\u00e1mok<\/h2><p>Ha szeretn\u00e9 megn\u00e9zni a kor\u00e1bbi sorsol\u00e1sok sz\u00e1mait, azt is megteheti. Sok \u00fcgyfel\u00fcnk haszn\u00e1lja ezt a funkci\u00f3t, hogy elker\u00fclje, hogy olyan sz\u00e1mokat v\u00e1lasszon, amelyeket \u00e9ppen az elm\u00falt napokban vagy hetekben h\u00faztak ki.<\/p>","protected":false},"excerpt":{"rendered":"<p>&#8222;Set for life&#8221; lott\u00f3 nyer\u0151sz\u00e1mok A &#8222;Set for life&#8221; lott\u00f3 nyer\u0151sz\u00e1mait minden sorsol\u00e1s ut\u00e1n k\u00f6zz\u00e9tessz\u00fck weboldalunkon. Miut\u00e1n lefoglalta a lott\u00f3szelv\u00e9nyt erre a lott\u00f3j\u00e1t\u00e9kra az oldalunkon, k\u00fcld\u00fcnk \u00d6nnek egy e-mailt, ha a szelv\u00e9nye nyert valamit. De be is jelentkezhet a fi\u00f3kj\u00e1ba, \u00e9s megnyithatja azt a r\u00e9szt, ahol a szelv\u00e9nye t\u00e1rolva van. Minden olyan sz\u00e1mot, amelyet \u00d6n [&hellip;]<\/p>\n","protected":false},"author":1,"featured_media":0,"parent":55183,"menu_order":10,"comment_status":"closed","ping_status":"closed","template":"set-for-life-results.php","meta":{"_et_pb_use_builder":"","_et_pb_old_content":"","_et_gb_content_width":"","exclude_from_search":false,"footnotes":""},"class_list":["post-55205","page","type-page","status-publish","hentry"],"yoast_head":"<!-- This site is optimized with the Yoast SEO plugin v23.8 - https:\/\/yoast.com\/wordpress\/plugins\/seo\/ -->\n<title>Szerezd meg a Set for life lott\u00f3 sorsol\u00e1s eredm\u00e9nyeit \u00e9s nyer\u0151sz\u00e1mait<\/title>\n<meta name=\"description\" content=\"Ellen\u0151rizze a sorsol\u00e1s eredm\u00e9nyeit a Set for life lott\u00f3n itt\" \/>\n<meta name=\"robots\" content=\"index, follow, max-snippet:-1, max-image-preview:large, max-video-preview:-1\" \/>\n<link rel=\"canonical\" href=\"https:\/\/redfoxlotto.com\/hu\/eredmenyek\/set-for-life-uk\/\" \/>\n<meta property=\"og:locale\" content=\"hu_HU\" \/>\n<meta property=\"og:type\" content=\"article\" \/>\n<meta property=\"og:title\" content=\"Szerezd meg a Set for life lott\u00f3 sorsol\u00e1s eredm\u00e9nyeit \u00e9s nyer\u0151sz\u00e1mait\" \/>\n<meta property=\"og:description\" content=\"Ellen\u0151rizze a sorsol\u00e1s eredm\u00e9nyeit a Set for life lott\u00f3n itt\" \/>\n<meta property=\"og:url\" content=\"https:\/\/redfoxlotto.com\/hu\/eredmenyek\/set-for-life-uk\/\" \/>\n<meta property=\"og:site_name\" content=\"Get Tickets for the World\u2019s largest jackpots\" \/>\n<meta property=\"article:modified_time\" content=\"2023-03-13T17:37:23+00:00\" \/>\n<meta property=\"og:image\" content=\"https:\/\/content.redfoxlotto.com\/uploads\/sites\/9\/1_results_winning_numbers2.jpg\" \/>\n<meta name=\"twitter:card\" content=\"summary_large_image\" \/>\n<meta name=\"twitter:label1\" content=\"Becs\u00fclt olvas\u00e1si id\u0151\" \/>\n\t<meta name=\"twitter:data1\" content=\"1 perc\" \/>\n<script type=\"application\/ld+json\" class=\"yoast-schema-graph\">{\"@context\":\"https:\/\/schema.org\",\"@graph\":[{\"@type\":\"WebPage\",\"@id\":\"https:\/\/redfoxlotto.com\/hu\/eredmenyek\/set-for-life-uk\/\",\"url\":\"https:\/\/redfoxlotto.com\/hu\/eredmenyek\/set-for-life-uk\/\",\"name\":\"Szerezd meg a Set for life lott\u00f3 sorsol\u00e1s eredm\u00e9nyeit \u00e9s nyer\u0151sz\u00e1mait\",\"isPartOf\":{\"@id\":\"https:\/\/redfoxlotto.com\/hu\/#website\"},\"primaryImageOfPage\":{\"@id\":\"https:\/\/redfoxlotto.com\/hu\/eredmenyek\/set-for-life-uk\/#primaryimage\"},\"image\":{\"@id\":\"https:\/\/redfoxlotto.com\/hu\/eredmenyek\/set-for-life-uk\/#primaryimage\"},\"thumbnailUrl\":\"https:\/\/content.redfoxlotto.com\/uploads\/sites\/9\/1_results_winning_numbers2.jpg\",\"datePublished\":\"2020-08-18T10:31:21+00:00\",\"dateModified\":\"2023-03-13T17:37:23+00:00\",\"description\":\"Ellen\u0151rizze a sorsol\u00e1s eredm\u00e9nyeit a Set for life lott\u00f3n itt\",\"breadcrumb\":{\"@id\":\"https:\/\/redfoxlotto.com\/hu\/eredmenyek\/set-for-life-uk\/#breadcrumb\"},\"inLanguage\":\"hu\",\"potentialAction\":[{\"@type\":\"ReadAction\",\"target\":[\"https:\/\/redfoxlotto.com\/hu\/eredmenyek\/set-for-life-uk\/\"]}]},{\"@type\":\"ImageObject\",\"inLanguage\":\"hu\",\"@id\":\"https:\/\/redfoxlotto.com\/hu\/eredmenyek\/set-for-life-uk\/#primaryimage\",\"url\":\"https:\/\/content.redfoxlotto.com\/uploads\/sites\/9\/1_results_winning_numbers2.jpg\",\"contentUrl\":\"https:\/\/content.redfoxlotto.com\/uploads\/sites\/9\/1_results_winning_numbers2.jpg\"},{\"@type\":\"BreadcrumbList\",\"@id\":\"https:\/\/redfoxlotto.com\/hu\/eredmenyek\/set-for-life-uk\/#breadcrumb\",\"itemListElement\":[{\"@type\":\"ListItem\",\"position\":1,\"name\":\"Home\",\"item\":\"https:\/\/redfoxlotto.com\/hu\/\"},{\"@type\":\"ListItem\",\"position\":2,\"name\":\"Nemzetk\u00f6zi lott\u00f3 eredm\u00e9nyek\",\"item\":\"https:\/\/redfoxlotto.com\/hu\/eredmenyek\/\"},{\"@type\":\"ListItem\",\"position\":3,\"name\":\"A Set for life lott\u00f3 eredm\u00e9nyei\"}]},{\"@type\":\"WebSite\",\"@id\":\"https:\/\/redfoxlotto.com\/hu\/#website\",\"url\":\"https:\/\/redfoxlotto.com\/hu\/\",\"name\":\"Get Tickets for the World\u2019s largest jackpots\",\"description\":\"Participate in worldwide lottery jackpots from any country\",\"publisher\":{\"@id\":\"https:\/\/redfoxlotto.com\/hu\/#organization\"},\"potentialAction\":[{\"@type\":\"SearchAction\",\"target\":{\"@type\":\"EntryPoint\",\"urlTemplate\":\"https:\/\/redfoxlotto.com\/hu\/?s={search_term_string}\"},\"query-input\":{\"@type\":\"PropertyValueSpecification\",\"valueRequired\":true,\"valueName\":\"search_term_string\"}}],\"inLanguage\":\"hu\"},{\"@type\":\"Organization\",\"@id\":\"https:\/\/redfoxlotto.com\/hu\/#organization\",\"name\":\"Get Tickets for the World\u2019s largest jackpots\",\"url\":\"https:\/\/redfoxlotto.com\/hu\/\",\"logo\":{\"@type\":\"ImageObject\",\"inLanguage\":\"hu\",\"@id\":\"https:\/\/redfoxlotto.com\/hu\/#\/schema\/logo\/image\/\",\"url\":\"https:\/\/redfoxlotto.com\/wp-content\/uploads\/2023\/04\/logo.png\",\"contentUrl\":\"https:\/\/redfoxlotto.com\/wp-content\/uploads\/2023\/04\/logo.png\",\"width\":269,\"height\":53,\"caption\":\"Get Tickets for the World\u2019s largest jackpots\"},\"image\":{\"@id\":\"https:\/\/redfoxlotto.com\/hu\/#\/schema\/logo\/image\/\"}}]}<\/script>\n<!-- \/ Yoast SEO plugin. -->","yoast_head_json":{"title":"Szerezd meg a Set for life lott\u00f3 sorsol\u00e1s eredm\u00e9nyeit \u00e9s nyer\u0151sz\u00e1mait","description":"Ellen\u0151rizze a sorsol\u00e1s eredm\u00e9nyeit a Set for life lott\u00f3n itt","robots":{"index":"index","follow":"follow","max-snippet":"max-snippet:-1","max-image-preview":"max-image-preview:large","max-video-preview":"max-video-preview:-1"},"canonical":"https:\/\/redfoxlotto.com\/hu\/eredmenyek\/set-for-life-uk\/","og_locale":"hu_HU","og_type":"article","og_title":"Szerezd meg a Set for life lott\u00f3 sorsol\u00e1s eredm\u00e9nyeit \u00e9s nyer\u0151sz\u00e1mait","og_description":"Ellen\u0151rizze a sorsol\u00e1s eredm\u00e9nyeit a Set for life lott\u00f3n itt","og_url":"https:\/\/redfoxlotto.com\/hu\/eredmenyek\/set-for-life-uk\/","og_site_name":"Get Tickets for the World\u2019s largest jackpots","article_modified_time":"2023-03-13T17:37:23+00:00","og_image":[{"url":"https:\/\/content.redfoxlotto.com\/uploads\/sites\/9\/1_results_winning_numbers2.jpg"}],"twitter_card":"summary_large_image","twitter_misc":{"Becs\u00fclt olvas\u00e1si id\u0151":"1 perc"},"schema":{"@context":"https:\/\/schema.org","@graph":[{"@type":"WebPage","@id":"https:\/\/redfoxlotto.com\/hu\/eredmenyek\/set-for-life-uk\/","url":"https:\/\/redfoxlotto.com\/hu\/eredmenyek\/set-for-life-uk\/","name":"Szerezd meg a Set for life lott\u00f3 sorsol\u00e1s eredm\u00e9nyeit \u00e9s nyer\u0151sz\u00e1mait","isPartOf":{"@id":"https:\/\/redfoxlotto.com\/hu\/#website"},"primaryImageOfPage":{"@id":"https:\/\/redfoxlotto.com\/hu\/eredmenyek\/set-for-life-uk\/#primaryimage"},"image":{"@id":"https:\/\/redfoxlotto.com\/hu\/eredmenyek\/set-for-life-uk\/#primaryimage"},"thumbnailUrl":"https:\/\/content.redfoxlotto.com\/uploads\/sites\/9\/1_results_winning_numbers2.jpg","datePublished":"2020-08-18T10:31:21+00:00","dateModified":"2023-03-13T17:37:23+00:00","description":"Ellen\u0151rizze a sorsol\u00e1s eredm\u00e9nyeit a Set for life lott\u00f3n itt","breadcrumb":{"@id":"https:\/\/redfoxlotto.com\/hu\/eredmenyek\/set-for-life-uk\/#breadcrumb"},"inLanguage":"hu","potentialAction":[{"@type":"ReadAction","target":["https:\/\/redfoxlotto.com\/hu\/eredmenyek\/set-for-life-uk\/"]}]},{"@type":"ImageObject","inLanguage":"hu","@id":"https:\/\/redfoxlotto.com\/hu\/eredmenyek\/set-for-life-uk\/#primaryimage","url":"https:\/\/content.redfoxlotto.com\/uploads\/sites\/9\/1_results_winning_numbers2.jpg","contentUrl":"https:\/\/content.redfoxlotto.com\/uploads\/sites\/9\/1_results_winning_numbers2.jpg"},{"@type":"BreadcrumbList","@id":"https:\/\/redfoxlotto.com\/hu\/eredmenyek\/set-for-life-uk\/#breadcrumb","itemListElement":[{"@type":"ListItem","position":1,"name":"Home","item":"https:\/\/redfoxlotto.com\/hu\/"},{"@type":"ListItem","position":2,"name":"Nemzetk\u00f6zi lott\u00f3 eredm\u00e9nyek","item":"https:\/\/redfoxlotto.com\/hu\/eredmenyek\/"},{"@type":"ListItem","position":3,"name":"A Set for life lott\u00f3 eredm\u00e9nyei"}]},{"@type":"WebSite","@id":"https:\/\/redfoxlotto.com\/hu\/#website","url":"https:\/\/redfoxlotto.com\/hu\/","name":"Get Tickets for the World\u2019s largest jackpots","description":"Participate in worldwide lottery jackpots from any country","publisher":{"@id":"https:\/\/redfoxlotto.com\/hu\/#organization"},"potentialAction":[{"@type":"SearchAction","target":{"@type":"EntryPoint","urlTemplate":"https:\/\/redfoxlotto.com\/hu\/?s={search_term_string}"},"query-input":{"@type":"PropertyValueSpecification","valueRequired":true,"valueName":"search_term_string"}}],"inLanguage":"hu"},{"@type":"Organization","@id":"https:\/\/redfoxlotto.com\/hu\/#organization","name":"Get Tickets for the World\u2019s largest jackpots","url":"https:\/\/redfoxlotto.com\/hu\/","logo":{"@type":"ImageObject","inLanguage":"hu","@id":"https:\/\/redfoxlotto.com\/hu\/#\/schema\/logo\/image\/","url":"https:\/\/redfoxlotto.com\/wp-content\/uploads\/2023\/04\/logo.png","contentUrl":"https:\/\/redfoxlotto.com\/wp-content\/uploads\/2023\/04\/logo.png","width":269,"height":53,"caption":"Get Tickets for the World\u2019s largest jackpots"},"image":{"@id":"https:\/\/redfoxlotto.com\/hu\/#\/schema\/logo\/image\/"}}]}},"_links":{"self":[{"href":"https:\/\/redfoxlotto.com\/hu\/wp-json\/wp\/v2\/pages\/55205","targetHints":{"allow":["GET"]}}],"collection":[{"href":"https:\/\/redfoxlotto.com\/hu\/wp-json\/wp\/v2\/pages"}],"about":[{"href":"https:\/\/redfoxlotto.com\/hu\/wp-json\/wp\/v2\/types\/page"}],"author":[{"embeddable":true,"href":"https:\/\/redfoxlotto.com\/hu\/wp-json\/wp\/v2\/users\/1"}],"replies":[{"embeddable":true,"href":"https:\/\/redfoxlotto.com\/hu\/wp-json\/wp\/v2\/comments?post=55205"}],"version-history":[{"count":0,"href":"https:\/\/redfoxlotto.com\/hu\/wp-json\/wp\/v2\/pages\/55205\/revisions"}],"up":[{"embeddable":true,"href":"https:\/\/redfoxlotto.com\/hu\/wp-json\/wp\/v2\/pages\/55183"}],"wp:attachment":[{"href":"https:\/\/redfoxlotto.com\/hu\/wp-json\/wp\/v2\/media?parent=55205"}],"curies":[{"name":"wp","href":"https:\/\/api.w.org\/{rel}","templated":true}]}}