{"id":55204,"date":"2018-11-18T08:54:25","date_gmt":"2018-11-18T08:54:25","guid":{"rendered":"https:\/\/redfoxlotto.com\/?page_id=21530"},"modified":"2023-03-13T17:37:23","modified_gmt":"2023-03-13T17:37:23","slug":"saturday-lotto-au","status":"publish","type":"page","link":"https:\/\/redfoxlotto.com\/hu\/eredmenyek\/saturday-lotto-au\/","title":{"rendered":"Szombat Lotto eredm\u00e9nyek"},"content":{"rendered":"<p>Amint a sorsol\u00e1s befejez\u0151dik, a szombati lott\u00f3 eredm\u00e9nyei itt jelennek meg. Az inform\u00e1ci\u00f3 tartalmazza a nyer\u0151sz\u00e1mokat, a k\u00f6vetkez\u0151 jackpot becs\u00fclt \u00f6sszeg\u00e9t \u00e9s a k\u00fcl\u00f6nb\u00f6z\u0151 nyerem\u00e9nyszintek nyerem\u00e9ny\u00f6sszeg\u00e9t.<\/p><p>Ha a kor\u00e1bbi szombati lott\u00f3 sorsol\u00e1sokr\u00f3l szeretne inform\u00e1ci\u00f3kat l\u00e1tni, a d\u00e1tum leg\u00f6rd\u00fcl\u0151 men\u00fcj\u00e9re kattintva haszn\u00e1lhatja az arch\u00edvumot. Az arch\u00edvum az elm\u00falt h\u00e1rom \u00e9v adatait mutatja.<\/p><h2 class=\"wp-block-heading\">A kisorsolt sz\u00e1mok \u00e9s a kifizet\u00e9sek r\u00e9szletei az \u00f6sszes t\u00f6bbi lott\u00f3 eset\u00e9ben<\/h2><p><img loading=\"lazy\" decoding=\"async\" class=\" wp-image alignright\" src=\"https:\/\/content.redfoxlotto.com\/uploads\/sites\/9\/1_draw_lottery_results.jpg\" alt=\"Szombat Lotto\" width=\"224\" height=\"224\"><\/p><p>Az \u00f6sszes legut\u00f3bbi lott\u00f3sorsol\u00e1s eredm\u00e9nyeinek egym\u00e1s melletti \u00e1ttekint\u00e9s\u00e9hez kattintson a fels\u0151 &#8222;Eredm\u00e9nyek&#8221; f\u0151men\u00fcre. Ez az \u00f6sszes lott\u00f3j\u00e1t\u00e9kot tartalmaz\u00f3 oldalra vezet. Ezen az oldalon l\u00e1thatja a legut\u00f3bb kisorsolt sz\u00e1mokat, valamint az egyes lott\u00f3k eset\u00e9ben kifizetett teljes \u00f6sszeget.<\/p><p>A nyertes sz\u00e1mok \u00e1ttekint\u00e9s\u00e9t arra is haszn\u00e1lhatja, hogy \u00f6tleteket kapjon, milyen sz\u00e1mokat v\u00e1lasszon a k\u00f6vetkez\u0151 lott\u00f3szelv\u00e9ny\u00e9hez (a szombati lott\u00f3hoz vagy b\u00e1rmely m\u00e1s lott\u00f3hoz). Haszn\u00e1ljon &#8222;hideg&#8221; sz\u00e1mokat (olyan sz\u00e1mokat, amelyek nem szerepelnek a legut\u00f3bbi eredm\u00e9nyek egyik\u00e9ben sem), vagy forr\u00f3 sz\u00e1mokat (olyan sz\u00e1mokat, amelyek t\u00f6bb lott\u00f3n is nyertek). Vagy keverheti a hideg \u00e9s a meleg sz\u00e1mokat, \u00e9s hozz\u00e1adhat n\u00e9h\u00e1ny saj\u00e1t szerencsesz\u00e1mot!<\/p><h2 class=\"wp-block-heading\">A legegyszer\u0171bb \u00e9s leggyorsabb m\u00f3dja annak, hogy ellen\u0151rizze, nyert-e a szelv\u00e9nye<\/h2><p><img loading=\"lazy\" decoding=\"async\" class=\" wp-image alignright\" src=\"https:\/\/content.redfoxlotto.com\/uploads\/sites\/9\/1_draw_lottery_numbers.jpg\" alt=\"nyer\u0151sz\u00e1mok\" width=\"236\" height=\"167\"><\/p><p>A nyertes sz\u00e1mok \u00e9s a szelv\u00e9ny\u00e9hez v\u00e1lasztott sz\u00e1mok \u00f6sszehasonl\u00edt\u00e1s\u00e1hoz a jobb fels\u0151 men\u00fc &#8222;Fi\u00f3kom\/Szelv\u00e9nyeim&#8221; men\u00fcpontj\u00e1ra is kattinthat. Ezen a ter\u00fcleten l\u00e1thatja az \u00f6sszes kor\u00e1bbi \u00e9s akt\u00edv szelv\u00e9nyt. Az egyik oszlopban azonnal l\u00e1thatja, hogy valamelyik szelv\u00e9nye nyert-e, valamint a nyerem\u00e9ny \u00f6sszeg\u00e9t.<\/p><p>Kattintson a nagy\u00edt\u00f3 szimb\u00f3lumra (a jobb oldalon) b\u00e1rmelyik szelv\u00e9nyn\u00e9l, \u00e9s m\u00e1ris l\u00e1thatja a sorsol\u00e1s eredm\u00e9ny\u00e9t \u00e9s a sz\u00e1mokat egym\u00e1s mellett. Emellett a sorsol\u00e1snak megfelel\u0151 szelv\u00e9nyed \u00f6sszes sz\u00e1ma k\u00e9nyelmesen ki lesz emelve.<\/p>","protected":false},"excerpt":{"rendered":"<p>Amint a sorsol\u00e1s befejez\u0151dik, a szombati lott\u00f3 eredm\u00e9nyei itt jelennek meg. Az inform\u00e1ci\u00f3 tartalmazza a nyer\u0151sz\u00e1mokat, a k\u00f6vetkez\u0151 jackpot becs\u00fclt \u00f6sszeg\u00e9t \u00e9s a k\u00fcl\u00f6nb\u00f6z\u0151 nyerem\u00e9nyszintek nyerem\u00e9ny\u00f6sszeg\u00e9t. Ha a kor\u00e1bbi szombati lott\u00f3 sorsol\u00e1sokr\u00f3l szeretne inform\u00e1ci\u00f3kat l\u00e1tni, a d\u00e1tum leg\u00f6rd\u00fcl\u0151 men\u00fcj\u00e9re kattintva haszn\u00e1lhatja az arch\u00edvumot. Az arch\u00edvum az elm\u00falt h\u00e1rom \u00e9v adatait mutatja. A kisorsolt sz\u00e1mok \u00e9s [&hellip;]<\/p>\n","protected":false},"author":1,"featured_media":0,"parent":55183,"menu_order":22,"comment_status":"closed","ping_status":"closed","template":"saturday-lotto-results.php","meta":{"_et_pb_use_builder":"","_et_pb_old_content":"","_et_gb_content_width":"","exclude_from_search":false,"footnotes":""},"class_list":["post-55204","page","type-page","status-publish","hentry"],"yoast_head":"<!-- This site is optimized with the Yoast SEO plugin v27.3 - https:\/\/yoast.com\/product\/yoast-seo-wordpress\/ -->\n<title>Szombat Lotto nyer\u0151sz\u00e1mok \u00e9s eredm\u00e9nyek<\/title>\n<meta name=\"description\" content=\"Itt vannak a szombati lott\u00f3 nyer\u0151sz\u00e1mai \u00e9s eredm\u00e9nyei\" \/>\n<meta name=\"robots\" content=\"index, follow, max-snippet:-1, max-image-preview:large, max-video-preview:-1\" \/>\n<link rel=\"canonical\" href=\"https:\/\/redfoxlotto.com\/hu\/eredmenyek\/saturday-lotto-au\/\" \/>\n<meta property=\"og:locale\" content=\"hu_HU\" \/>\n<meta property=\"og:type\" content=\"article\" \/>\n<meta property=\"og:title\" content=\"Szombat Lotto nyer\u0151sz\u00e1mok \u00e9s eredm\u00e9nyek\" \/>\n<meta property=\"og:description\" content=\"Itt vannak a szombati lott\u00f3 nyer\u0151sz\u00e1mai \u00e9s eredm\u00e9nyei\" \/>\n<meta property=\"og:url\" content=\"https:\/\/redfoxlotto.com\/hu\/eredmenyek\/saturday-lotto-au\/\" \/>\n<meta property=\"og:site_name\" content=\"Get Tickets for the World\u2019s largest jackpots\" \/>\n<meta property=\"article:modified_time\" content=\"2023-03-13T17:37:23+00:00\" \/>\n<meta property=\"og:image\" content=\"https:\/\/content.redfoxlotto.com\/uploads\/sites\/9\/1_draw_lottery_results.jpg\" \/>\n<meta name=\"twitter:card\" content=\"summary_large_image\" \/>\n<meta name=\"twitter:label1\" content=\"Becs\u00fclt olvas\u00e1si id\u0151\" \/>\n\t<meta name=\"twitter:data1\" content=\"2 perc\" \/>\n<script type=\"application\/ld+json\" class=\"yoast-schema-graph\">{\"@context\":\"https:\\\/\\\/schema.org\",\"@graph\":[{\"@type\":\"WebPage\",\"@id\":\"https:\\\/\\\/redfoxlotto.com\\\/hu\\\/eredmenyek\\\/saturday-lotto-au\\\/\",\"url\":\"https:\\\/\\\/redfoxlotto.com\\\/hu\\\/eredmenyek\\\/saturday-lotto-au\\\/\",\"name\":\"Szombat Lotto nyer\u0151sz\u00e1mok \u00e9s eredm\u00e9nyek\",\"isPartOf\":{\"@id\":\"https:\\\/\\\/redfoxlotto.com\\\/hu\\\/#website\"},\"primaryImageOfPage\":{\"@id\":\"https:\\\/\\\/redfoxlotto.com\\\/hu\\\/eredmenyek\\\/saturday-lotto-au\\\/#primaryimage\"},\"image\":{\"@id\":\"https:\\\/\\\/redfoxlotto.com\\\/hu\\\/eredmenyek\\\/saturday-lotto-au\\\/#primaryimage\"},\"thumbnailUrl\":\"https:\\\/\\\/content.redfoxlotto.com\\\/uploads\\\/sites\\\/9\\\/1_draw_lottery_results.jpg\",\"datePublished\":\"2018-11-18T08:54:25+00:00\",\"dateModified\":\"2023-03-13T17:37:23+00:00\",\"description\":\"Itt vannak a szombati lott\u00f3 nyer\u0151sz\u00e1mai \u00e9s eredm\u00e9nyei\",\"breadcrumb\":{\"@id\":\"https:\\\/\\\/redfoxlotto.com\\\/hu\\\/eredmenyek\\\/saturday-lotto-au\\\/#breadcrumb\"},\"inLanguage\":\"hu\",\"potentialAction\":[{\"@type\":\"ReadAction\",\"target\":[\"https:\\\/\\\/redfoxlotto.com\\\/hu\\\/eredmenyek\\\/saturday-lotto-au\\\/\"]}]},{\"@type\":\"ImageObject\",\"inLanguage\":\"hu\",\"@id\":\"https:\\\/\\\/redfoxlotto.com\\\/hu\\\/eredmenyek\\\/saturday-lotto-au\\\/#primaryimage\",\"url\":\"https:\\\/\\\/content.redfoxlotto.com\\\/uploads\\\/sites\\\/9\\\/1_draw_lottery_results.jpg\",\"contentUrl\":\"https:\\\/\\\/content.redfoxlotto.com\\\/uploads\\\/sites\\\/9\\\/1_draw_lottery_results.jpg\"},{\"@type\":\"BreadcrumbList\",\"@id\":\"https:\\\/\\\/redfoxlotto.com\\\/hu\\\/eredmenyek\\\/saturday-lotto-au\\\/#breadcrumb\",\"itemListElement\":[{\"@type\":\"ListItem\",\"position\":1,\"name\":\"Home\",\"item\":\"https:\\\/\\\/redfoxlotto.com\\\/hu\\\/\"},{\"@type\":\"ListItem\",\"position\":2,\"name\":\"Nemzetk\u00f6zi lott\u00f3 eredm\u00e9nyek\",\"item\":\"https:\\\/\\\/redfoxlotto.com\\\/hu\\\/eredmenyek\\\/\"},{\"@type\":\"ListItem\",\"position\":3,\"name\":\"Szombat Lotto eredm\u00e9nyek\"}]},{\"@type\":\"WebSite\",\"@id\":\"https:\\\/\\\/redfoxlotto.com\\\/hu\\\/#website\",\"url\":\"https:\\\/\\\/redfoxlotto.com\\\/hu\\\/\",\"name\":\"Get Tickets for the World\u2019s largest jackpots\",\"description\":\"Participate in worldwide lottery jackpots from any country\",\"publisher\":{\"@id\":\"https:\\\/\\\/redfoxlotto.com\\\/hu\\\/#organization\"},\"potentialAction\":[{\"@type\":\"SearchAction\",\"target\":{\"@type\":\"EntryPoint\",\"urlTemplate\":\"https:\\\/\\\/redfoxlotto.com\\\/hu\\\/?s={search_term_string}\"},\"query-input\":{\"@type\":\"PropertyValueSpecification\",\"valueRequired\":true,\"valueName\":\"search_term_string\"}}],\"inLanguage\":\"hu\"},{\"@type\":\"Organization\",\"@id\":\"https:\\\/\\\/redfoxlotto.com\\\/hu\\\/#organization\",\"name\":\"Get Tickets for the World\u2019s largest jackpots\",\"url\":\"https:\\\/\\\/redfoxlotto.com\\\/hu\\\/\",\"logo\":{\"@type\":\"ImageObject\",\"inLanguage\":\"hu\",\"@id\":\"https:\\\/\\\/redfoxlotto.com\\\/hu\\\/#\\\/schema\\\/logo\\\/image\\\/\",\"url\":\"https:\\\/\\\/redfoxlotto.com\\\/wp-content\\\/uploads\\\/2023\\\/04\\\/logo.png\",\"contentUrl\":\"https:\\\/\\\/redfoxlotto.com\\\/wp-content\\\/uploads\\\/2023\\\/04\\\/logo.png\",\"width\":269,\"height\":53,\"caption\":\"Get Tickets for the World\u2019s largest jackpots\"},\"image\":{\"@id\":\"https:\\\/\\\/redfoxlotto.com\\\/hu\\\/#\\\/schema\\\/logo\\\/image\\\/\"}}]}<\/script>\n<!-- \/ Yoast SEO plugin. -->","yoast_head_json":{"title":"Szombat Lotto nyer\u0151sz\u00e1mok \u00e9s eredm\u00e9nyek","description":"Itt vannak a szombati lott\u00f3 nyer\u0151sz\u00e1mai \u00e9s eredm\u00e9nyei","robots":{"index":"index","follow":"follow","max-snippet":"max-snippet:-1","max-image-preview":"max-image-preview:large","max-video-preview":"max-video-preview:-1"},"canonical":"https:\/\/redfoxlotto.com\/hu\/eredmenyek\/saturday-lotto-au\/","og_locale":"hu_HU","og_type":"article","og_title":"Szombat Lotto nyer\u0151sz\u00e1mok \u00e9s eredm\u00e9nyek","og_description":"Itt vannak a szombati lott\u00f3 nyer\u0151sz\u00e1mai \u00e9s eredm\u00e9nyei","og_url":"https:\/\/redfoxlotto.com\/hu\/eredmenyek\/saturday-lotto-au\/","og_site_name":"Get Tickets for the World\u2019s largest jackpots","article_modified_time":"2023-03-13T17:37:23+00:00","og_image":[{"url":"https:\/\/content.redfoxlotto.com\/uploads\/sites\/9\/1_draw_lottery_results.jpg","type":"","width":"","height":""}],"twitter_card":"summary_large_image","twitter_misc":{"Becs\u00fclt olvas\u00e1si id\u0151":"2 perc"},"schema":{"@context":"https:\/\/schema.org","@graph":[{"@type":"WebPage","@id":"https:\/\/redfoxlotto.com\/hu\/eredmenyek\/saturday-lotto-au\/","url":"https:\/\/redfoxlotto.com\/hu\/eredmenyek\/saturday-lotto-au\/","name":"Szombat Lotto nyer\u0151sz\u00e1mok \u00e9s eredm\u00e9nyek","isPartOf":{"@id":"https:\/\/redfoxlotto.com\/hu\/#website"},"primaryImageOfPage":{"@id":"https:\/\/redfoxlotto.com\/hu\/eredmenyek\/saturday-lotto-au\/#primaryimage"},"image":{"@id":"https:\/\/redfoxlotto.com\/hu\/eredmenyek\/saturday-lotto-au\/#primaryimage"},"thumbnailUrl":"https:\/\/content.redfoxlotto.com\/uploads\/sites\/9\/1_draw_lottery_results.jpg","datePublished":"2018-11-18T08:54:25+00:00","dateModified":"2023-03-13T17:37:23+00:00","description":"Itt vannak a szombati lott\u00f3 nyer\u0151sz\u00e1mai \u00e9s eredm\u00e9nyei","breadcrumb":{"@id":"https:\/\/redfoxlotto.com\/hu\/eredmenyek\/saturday-lotto-au\/#breadcrumb"},"inLanguage":"hu","potentialAction":[{"@type":"ReadAction","target":["https:\/\/redfoxlotto.com\/hu\/eredmenyek\/saturday-lotto-au\/"]}]},{"@type":"ImageObject","inLanguage":"hu","@id":"https:\/\/redfoxlotto.com\/hu\/eredmenyek\/saturday-lotto-au\/#primaryimage","url":"https:\/\/content.redfoxlotto.com\/uploads\/sites\/9\/1_draw_lottery_results.jpg","contentUrl":"https:\/\/content.redfoxlotto.com\/uploads\/sites\/9\/1_draw_lottery_results.jpg"},{"@type":"BreadcrumbList","@id":"https:\/\/redfoxlotto.com\/hu\/eredmenyek\/saturday-lotto-au\/#breadcrumb","itemListElement":[{"@type":"ListItem","position":1,"name":"Home","item":"https:\/\/redfoxlotto.com\/hu\/"},{"@type":"ListItem","position":2,"name":"Nemzetk\u00f6zi lott\u00f3 eredm\u00e9nyek","item":"https:\/\/redfoxlotto.com\/hu\/eredmenyek\/"},{"@type":"ListItem","position":3,"name":"Szombat Lotto eredm\u00e9nyek"}]},{"@type":"WebSite","@id":"https:\/\/redfoxlotto.com\/hu\/#website","url":"https:\/\/redfoxlotto.com\/hu\/","name":"Get Tickets for the World\u2019s largest jackpots","description":"Participate in worldwide lottery jackpots from any country","publisher":{"@id":"https:\/\/redfoxlotto.com\/hu\/#organization"},"potentialAction":[{"@type":"SearchAction","target":{"@type":"EntryPoint","urlTemplate":"https:\/\/redfoxlotto.com\/hu\/?s={search_term_string}"},"query-input":{"@type":"PropertyValueSpecification","valueRequired":true,"valueName":"search_term_string"}}],"inLanguage":"hu"},{"@type":"Organization","@id":"https:\/\/redfoxlotto.com\/hu\/#organization","name":"Get Tickets for the World\u2019s largest jackpots","url":"https:\/\/redfoxlotto.com\/hu\/","logo":{"@type":"ImageObject","inLanguage":"hu","@id":"https:\/\/redfoxlotto.com\/hu\/#\/schema\/logo\/image\/","url":"https:\/\/redfoxlotto.com\/wp-content\/uploads\/2023\/04\/logo.png","contentUrl":"https:\/\/redfoxlotto.com\/wp-content\/uploads\/2023\/04\/logo.png","width":269,"height":53,"caption":"Get Tickets for the World\u2019s largest jackpots"},"image":{"@id":"https:\/\/redfoxlotto.com\/hu\/#\/schema\/logo\/image\/"}}]}},"_links":{"self":[{"href":"https:\/\/redfoxlotto.com\/hu\/wp-json\/wp\/v2\/pages\/55204","targetHints":{"allow":["GET"]}}],"collection":[{"href":"https:\/\/redfoxlotto.com\/hu\/wp-json\/wp\/v2\/pages"}],"about":[{"href":"https:\/\/redfoxlotto.com\/hu\/wp-json\/wp\/v2\/types\/page"}],"author":[{"embeddable":true,"href":"https:\/\/redfoxlotto.com\/hu\/wp-json\/wp\/v2\/users\/1"}],"replies":[{"embeddable":true,"href":"https:\/\/redfoxlotto.com\/hu\/wp-json\/wp\/v2\/comments?post=55204"}],"version-history":[{"count":0,"href":"https:\/\/redfoxlotto.com\/hu\/wp-json\/wp\/v2\/pages\/55204\/revisions"}],"up":[{"embeddable":true,"href":"https:\/\/redfoxlotto.com\/hu\/wp-json\/wp\/v2\/pages\/55183"}],"wp:attachment":[{"href":"https:\/\/redfoxlotto.com\/hu\/wp-json\/wp\/v2\/media?parent=55204"}],"curies":[{"name":"wp","href":"https:\/\/api.w.org\/{rel}","templated":true}]}}