{"id":55202,"date":"2018-11-18T08:54:25","date_gmt":"2018-11-18T08:54:25","guid":{"rendered":"https:\/\/redfoxlotto.com\/?page_id=21526"},"modified":"2025-12-17T12:17:43","modified_gmt":"2025-12-17T12:17:43","slug":"powerball","status":"publish","type":"page","link":"https:\/\/redfoxlotto.com\/hu\/eredmenyek\/powerball\/","title":{"rendered":"Powerball eredm\u00e9nyek"},"content":{"rendered":"<script type=\"application\/ld+json\">\r\n{\r\n  \"@context\": \"https:\/\/schema.org\",\r\n  \"@type\": \"Service\",\r\n  \"name\": \"Powerball sorsol\u00e1si eredm\u00e9nyek ellen\u0151rz\u00e9se online\",\r\n  \"url\": \"https:\/\/redfoxlotto.com\/hu\/eredmenyek\/powerball\/\",\r\n  \"description\": \"L\u00e1togasson el a RedFoxLotto oldalra, hogy megtekinthesse a legfrissebb Powerball eredm\u00e9nyeket \u00e9s a lott\u00f3eredm\u00e9nyek arch\u00edvum\u00e1t.\",\r\n  \"serviceType\": \"Vil\u00e1gszerte lott\u00f3 eredm\u00e9nyarch\u00edvum\",\r\n  \"provider\": {\r\n    \"@type\": \"Organization\",\r\n    \"name\": \"RedFoxLotto\",\r\n    \"url\": \"https:\/\/redfoxlotto.com\/hu\/eredmenyek\/powerball\/\",\r\n    \"image\": \"https:\/\/redfoxlotto.com\/wp-content\/uploads\/2025\/12\/ticket_scans.jpg\",\r\n    \"sameAs\": []\r\n  },\r\n  \"areaServed\": \"Worldwide\",\r\n  \"termsOfService\": \"https:\/\/redfoxlotto.com\/terms-and-conditions\",\r\n  \"additionalProperty\": {\r\n    \"@type\": \"PropertyValue\",\r\n    \"name\": \"FAQ\",\r\n    \"value\": \"https:\/\/redfoxlotto.com\/hu\/faq\/\"\r\n  },\r\n  \"hasOfferCatalog\": {\r\n    \"@type\": \"OfferCatalog\",\r\n    \"name\": \"Powerball Eredm\u00e9nyek\",\r\n    \"itemListElement\": [\r\n      {\r\n        \"@type\": \"Offer\",\r\n        \"name\": \"Powerball Eredm\u00e9nyek\",\r\n        \"url\": \"https:\/\/redfoxlotto.com\/hu\/eredmenyek\/powerball\/\",\r\n        \"description\": \"Tekintse meg itt a legfrissebb \u00e9s t\u00f6rt\u00e9nelmi Powerball eredm\u00e9nyeket \u00e9s m\u00e1s nagy lott\u00f3kat\",\r\n        \"itemOffered\": {\r\n          \"@type\": \"Service\",\r\n          \"name\": \"Powerball Eredm\u00e9nyek\",\r\n          \"description\": \"Powerball kih\u00fazott sz\u00e1mok online, friss \u00e9s r\u00e9gebbi eredm\u00e9nyek.\"\r\n        }\r\n      }\r\n    ]\r\n  },\r\n  \"mainEntityOfPage\": {\r\n    \"@type\": \"WebPage\",\r\n    \"@id\": \"https:\/\/redfoxlotto.com\/hu\/eredmenyek\/powerball\/\"\r\n  }\r\n}\r\n<\/script><h2 class=\"wp-block-heading\">Hol tal\u00e1lja meg a Powerball nyer\u0151sz\u00e1mait<\/h2><p>Szeretted volna valaha is megn\u00e9zni, hogy milyen sz\u00e1mok nyernek a legnagyobb lott\u00f3j\u00e1t\u00e9kokon? Tal\u00e1n m\u00e1r pr\u00f3b\u00e1lt\u00e1l ut\u00e1nan\u00e9zni a kor\u00e1bbi j\u00e1t\u00e9kok nyer\u0151sz\u00e1mainak, de egyszer\u0171en nem tal\u00e1lod \u0151ket. Tal\u00e1n az\u00e9rt keresed, hogy olyan Powerball-szelv\u00e9nyeket szerezz, amelyeken a legn\u00e9pszer\u0171bb sz\u00e1mok szerepelnek, vagy csak k\u00edv\u00e1ncsi vagy, aki szeretn\u00e9 tudni. Nos, oldalunkon felsoroljuk az \u00f6sszes Powerball-eredm\u00e9nyt \u00e9s nyer\u0151sz\u00e1mot, erre a h\u00e9tre \u00e9s a kor\u00e1bbi sorsol\u00e1sokra vonatkoz\u00f3an.<\/p><p><img loading=\"lazy\" decoding=\"async\" class=\" wp-image alignright\" src=\"https:\/\/content.redfoxlotto.com\/uploads\/sites\/9\/1_results_powerball.jpg\" alt=\"sorsol\u00e1s eredm\u00e9nye\" width=\"256\" height=\"191\"><\/p><p>Term\u00e9szetesen nem csak a Powerballr\u00f3l fogunk besz\u00e1molni. Itt megn\u00e9zheted a vil\u00e1g legn\u00e9pszer\u0171bb lott\u00f3j\u00e1t\u00e9kainak eredm\u00e9nyeit. De amikor a Powerballr\u00f3l van sz\u00f3, hat\u00e1rozottan meg\u00e9rtj\u00fck, hogy mi\u00e9rt \u00e9rdekli \u00d6nt. Akinek a szelv\u00e9ny\u00e9n az \u00f6sszes sz\u00fcks\u00e9ges sz\u00e1m szerepel, az m\u00e1r multimilliomos. Arch\u00edvumunkban megn\u00e9zheti a kor\u00e1bbi sorsol\u00e1sok nyertes sz\u00e1mait is.<\/p><h2 class=\"wp-block-heading\">Powerball Jackpot<\/h2><p>A Powerball jackpotja minimum 40 000 000 doll\u00e1rr\u00f3l indul. Az eddigi rekord azonban hihetetlen\u00fcl magas, 1.500.000.000 doll\u00e1r, azaz 1,5 milli\u00e1rd doll\u00e1r! Aligha lehet elk\u00e9pzelni egy ilyen \u00f6sszeget, de valaki val\u00f3ban megnyerte! M\u00e9g ez a kis 40 000 000 doll\u00e1ros jackpot is \u0151r\u00fclt \u00f6sszegnek t\u0171nik, igaz? De az emberek \u00e1ltal\u00e1ban m\u00e9g ekkora \u00f6sszeget sem nyernek.<\/p><p>Val\u00f3j\u00e1ban ritka, hogy valaki megnyerje a Powerball minim\u00e1lis jackpotj\u00e1t. A legt\u00f6bb esetben legal\u00e1bb egy kicsit, sok esetben pedig nagyon is sokat. B\u00e1r nem t\u00fal gyakran emelkedik 1 milli\u00e1rd doll\u00e1r f\u00f6l\u00e9, nem ritka, hogy nagyon k\u00f6zel ker\u00fcl hozz\u00e1.<\/p><h2 class=\"wp-block-heading\">Powerball nyerem\u00e9nyek \u00e9s Powerball nyertesek<\/h2><p>A Powerballban kilenc nyerem\u00e9nyszint van. Minden sorsol\u00e1son t\u00f6bb sz\u00e1zezer j\u00e1t\u00e9kos nyer. A fenti t\u00e1bl\u00e1zat a megnyert \u00f6sszegeket is mutatja. Val\u00f3j\u00e1ban a Powerballt egyetlen egy sz\u00e1mmal is meg lehet nyerni, felt\u00e9ve, hogy ez a sz\u00e1m az \u00fagynevezett &#8222;Powerball&#8221;.<\/p><p>Ha a t\u00f6bbi sz\u00e1m k\u00f6z\u00fcl legal\u00e1bb 2-t eltal\u00e1lsz, akkor is el\u00e9rhet\u0151 a nyerem\u00e9ny. Teh\u00e1t rengeteg es\u00e9lye lesz arra, hogy nagy vagy ak\u00e1r kis nyerem\u00e9nyt is szerezzen. Ezt a j\u00e1t\u00e9kot mindenk\u00e9ppen meg akarod n\u00e9zni, igaz?<\/p><h2 class=\"wp-block-heading\">A Powerball legt\u00f6bbsz\u00f6r h\u00fazott sz\u00e1mai<\/h2><p>Mi a strat\u00e9gi\u00e1d a sz\u00e1mok kiv\u00e1laszt\u00e1sakor? Egyes j\u00e1t\u00e9kosok mindig ugyanazokat a szem\u00e9lyes sz\u00e1mokat haszn\u00e1lj\u00e1k, m\u00e1sok a legkev\u00e9sb\u00e9 vagy a leggyakrabban kih\u00fazott sz\u00e1mokat haszn\u00e1lj\u00e1k a szelv\u00e9ny\u00fckh\u00f6z. Lehet, hogy neked teljesen m\u00e1s rendszered van, de az\u00e9rt szeretn\u00e9l egy kicsit t\u00f6bbet tudni a sz\u00e1mokr\u00f3l, miel\u0151tt meghozn\u00e1d a saj\u00e1t d\u00f6nt\u00e9sedet a v\u00e1laszt\u00e1sodr\u00f3l.<\/p><p>Nos, a folyamat szuper egyszer\u0171, \u00e9s n\u00e1lunk megtal\u00e1lod azokat a sz\u00e1mokat, amelyeket keresel. A nyertes sz\u00e1mok \u00e9s a kor\u00e1bbi eredm\u00e9nyek mellett, amelyeket oldalunkon megtal\u00e1lsz, arr\u00f3l is van inform\u00e1ci\u00f3nk, hogy milyen sz\u00e1mokat sorsolnak ki \u00e9s milyeneket nem.<\/p><p>A Powerball forr\u00f3 sz\u00e1mai a 8, 26, 22, 23 \u00e9s 36. A legkev\u00e9sb\u00e9 kih\u00fazott sz\u00e1mok a 15, 51, 37, 47, 12, 4 \u00e9s 24.<\/p><h2 class=\"wp-block-heading\">A szelv\u00e9ny beszerz\u00e9se<\/h2><p>Ha a Powerball-eredm\u00e9nyeket \u00e9s a nyer\u0151sz\u00e1mokat keresi, akkor val\u00f3sz\u00edn\u0171leg azt is keresi, hogy mik\u00e9nt j\u00e1tszhatja meg a j\u00e1t\u00e9kot, igaz? Tudni szeretn\u00e9, hogy mi kell ahhoz, hogy \u00d6n is r\u00e9szt vehessen a j\u00e1t\u00e9kban. Nos, szerencs\u00e9dre nem kell hozz\u00e1 sok minden. Mi pillanatok alatt megszerezheted a jegyeket, amiket keresel. Csak tudnia kell vel\u00fcnk, hogy mit szeretne, a t\u00f6bbir\u0151l pedig mi gondoskodunk.<\/p><p><img decoding=\"async\" class=\"size-full wp-image alignright\" src=\"https:\/\/content.redfoxlotto.com\/uploads\/sites\/9\/1_winning_numbers_powerball.jpg\" alt=\"Powerball lott\u00f3 nyertese\"><\/p><p>A jegyek beszerz\u00e9s\u00e9nek folyamata mind\u00f6ssze n\u00e9h\u00e1ny egyszer\u0171 l\u00e9p\u00e9st vesz ig\u00e9nybe. Az els\u0151 az, hogy el kell d\u00f6ntened, milyen j\u00e1t\u00e9kot szeretn\u00e9l j\u00e1tszani. Ha a Powerball mellett d\u00f6nt\u00f6tt, akkor az els\u0151 l\u00e9p\u00e9s m\u00e1r megt\u00f6rt\u00e9nt. Ha nem vagy biztos benne, akkor weboldalunkon t\u00f6bbet megtudhatsz a j\u00e1t\u00e9kr\u00f3l, megn\u00e9zheted az aktu\u00e1lis jackpotot, \u00e9s megn\u00e9zheted az \u00f6sszes t\u00f6bbi j\u00e1t\u00e9kunkat is, amelyek szint\u00e9n el\u00e9rhet\u0151k. \u00cdgy megbizonyosodhatsz arr\u00f3l, hogy az abszol\u00fat legjobb lehet\u0151s\u00e9geket j\u00e1tszod.<\/p><p>Ezut\u00e1n kiv\u00e1laszthatja a szelv\u00e9ny\u00e9nek sz\u00e1mait. Nem kell kiv\u00e1lasztania a sz\u00e1mokat, ha nem akarja. Ahogy kor\u00e1bban eml\u00edtett\u00fck, kaphatsz egy gyors tippet vagy a gyors tipp \u00e9s a konkr\u00e9t sz\u00e1mok valamilyen kombin\u00e1ci\u00f3j\u00e1t. Azt is kiv\u00e1laszthatja, hogy h\u00e1ny szelv\u00e9nyt szeretne, \u00e9s a tov\u00e1bbi szelv\u00e9nyekhez is kiv\u00e1laszthatja a sz\u00e1mokat.<\/p><p>Rendszer\u00fcnk m\u00e9g azt is jelzi, ha t\u00f6bb vagy kevesebb sz\u00e1mot kell v\u00e1lasztania a szelv\u00e9ny\u00e9n, \u00edgy biztos lehet benne, hogy \u00e9rv\u00e9nyes szelv\u00e9nyt kapott.<\/p><p>Innen l\u00e9trehozhatsz egy fi\u00f3kot, ha m\u00e9g nincs, \u00e9s be\u00e1ll\u00edthatod a fizet\u00e9si sz\u00e1ml\u00e1dat. Azt is ki tudod majd v\u00e1lasztani, hogy hova szeretn\u00e9d megkapni a kifizet\u00e9seket, ha nyersz valamit. \u00c9s azt is kiv\u00e1laszthatod, hogy h\u00e1ny sorsol\u00e1sra legyen \u00e9rv\u00e9nyes a szelv\u00e9nyed. V\u00e9g\u00fcl pedig a gombra kattintva megv\u00e1s\u00e1rolhatja a szelv\u00e9nyeit, mi pedig gondoskodunk a folyamat t\u00f6bbi r\u00e9sz\u00e9r\u0151l.<\/p><h2 class=\"wp-block-heading\">Fizet\u00e9s<\/h2><p>Mi t\u00f6rt\u00e9nik, miut\u00e1n megn\u00e9zted az eredm\u00e9nyeket, \u00e9s kider\u00fclt, hogy val\u00f3ban nyert\u00e9l valamit? Nos, ha egy kisebb \u00f6sszeget nyert\u00e9l, a p\u00e9nzt azonnal befizetj\u00fck a j\u00e1t\u00e9kos sz\u00e1ml\u00e1dra. Ha nagyobb \u00f6sszeget nyert\u00e9l, akkor \u00fcgyf\u00e9lszolg\u00e1latunk felveszi veled a kapcsolatot, hogy megtudja, hogyan szeretn\u00e9d megkapni a kifizet\u00e9st. Ha pedig megnyered a jackpotot \u2026 nos, akkor az USA-ba kell utaznod, hogy \u00e1tvehesd a jackpotot, mert \u0151k szeretnek nagy show-t csin\u00e1lni az eg\u00e9szb\u0151l.<\/p><p>Ha azonban milli\u00f3kat vagy t\u00f6bb mint egymilli\u00e1rd doll\u00e1rt nyersz, val\u00f3sz\u00edn\u0171leg \u00f6r\u00f6mmel utazol abba az orsz\u00e1gba, amelyik odaadja neked, nem igaz? Pontosan ez\u00e9rt j\u00f3 \u00f6tlet ismerni a Powerball eredm\u00e9nyeket \u00e9s a nyer\u0151sz\u00e1mokat, \u00e9s figyelemmel k\u00eds\u00e9rni a t\u00f6rt\u00e9n\u00e9seket. \u00cdgy biztos lehetsz benne, hogy azonnal megkapod a sz\u00e1mokat. De ne agg\u00f3dj, ha a te sz\u00e1maid nyernek, mi lesz\u00fcnk az els\u0151k, akik mindent elmondunk neked, \u00e9s t\u00e1j\u00e9koztatunk arr\u00f3l, hogy mit kell tenned ezut\u00e1n.<\/p>","protected":false},"excerpt":{"rendered":"<p>Hol tal\u00e1lja meg a Powerball nyer\u0151sz\u00e1mait Szeretted volna valaha is megn\u00e9zni, hogy milyen sz\u00e1mok nyernek a legnagyobb lott\u00f3j\u00e1t\u00e9kokon? Tal\u00e1n m\u00e1r pr\u00f3b\u00e1lt\u00e1l ut\u00e1nan\u00e9zni a kor\u00e1bbi j\u00e1t\u00e9kok nyer\u0151sz\u00e1mainak, de egyszer\u0171en nem tal\u00e1lod \u0151ket. Tal\u00e1n az\u00e9rt keresed, hogy olyan Powerball-szelv\u00e9nyeket szerezz, amelyeken a legn\u00e9pszer\u0171bb sz\u00e1mok szerepelnek, vagy csak k\u00edv\u00e1ncsi vagy, aki szeretn\u00e9 tudni. Nos, oldalunkon felsoroljuk az \u00f6sszes [&hellip;]<\/p>\n","protected":false},"author":1,"featured_media":0,"parent":55183,"menu_order":1,"comment_status":"closed","ping_status":"closed","template":"powerball-usa-results.php","meta":{"_et_pb_use_builder":"","_et_pb_old_content":"","_et_gb_content_width":"","exclude_from_search":false,"footnotes":""},"class_list":["post-55202","page","type-page","status-publish","hentry"],"yoast_head":"<!-- This site is optimized with the Yoast SEO plugin v23.8 - https:\/\/yoast.com\/wordpress\/plugins\/seo\/ -->\n<title>Powerball lott\u00f3 eredm\u00e9nyek \u00e9s nyer\u0151sz\u00e1mok<\/title>\n<meta name=\"description\" content=\"Itt tal\u00e1lja a legfrissebb Powerball lott\u00f3 eredm\u00e9nyeket, bele\u00e9rtve a kor\u00e1bbi sorsol\u00e1sok arch\u00edvum\u00e1t is.\" \/>\n<meta name=\"robots\" content=\"index, follow, max-snippet:-1, max-image-preview:large, max-video-preview:-1\" \/>\n<link rel=\"canonical\" href=\"https:\/\/redfoxlotto.com\/hu\/eredmenyek\/powerball\/\" \/>\n<meta property=\"og:locale\" content=\"hu_HU\" \/>\n<meta property=\"og:type\" content=\"article\" \/>\n<meta property=\"og:title\" content=\"Powerball lott\u00f3 eredm\u00e9nyek \u00e9s nyer\u0151sz\u00e1mok\" \/>\n<meta property=\"og:description\" content=\"Itt tal\u00e1lja a legfrissebb Powerball lott\u00f3 eredm\u00e9nyeket, bele\u00e9rtve a kor\u00e1bbi sorsol\u00e1sok arch\u00edvum\u00e1t is.\" \/>\n<meta property=\"og:url\" content=\"https:\/\/redfoxlotto.com\/hu\/eredmenyek\/powerball\/\" \/>\n<meta property=\"og:site_name\" content=\"Get Tickets for the World\u2019s largest jackpots\" \/>\n<meta property=\"article:modified_time\" content=\"2025-12-17T12:17:43+00:00\" \/>\n<meta property=\"og:image\" content=\"https:\/\/content.redfoxlotto.com\/uploads\/sites\/9\/1_results_powerball.jpg\" \/>\n<meta name=\"twitter:card\" content=\"summary_large_image\" \/>\n<meta name=\"twitter:label1\" content=\"Becs\u00fclt olvas\u00e1si id\u0151\" \/>\n\t<meta name=\"twitter:data1\" content=\"4 perc\" \/>\n<script type=\"application\/ld+json\" class=\"yoast-schema-graph\">{\"@context\":\"https:\/\/schema.org\",\"@graph\":[{\"@type\":\"WebPage\",\"@id\":\"https:\/\/redfoxlotto.com\/hu\/eredmenyek\/powerball\/\",\"url\":\"https:\/\/redfoxlotto.com\/hu\/eredmenyek\/powerball\/\",\"name\":\"Powerball lott\u00f3 eredm\u00e9nyek \u00e9s nyer\u0151sz\u00e1mok\",\"isPartOf\":{\"@id\":\"https:\/\/redfoxlotto.com\/hu\/#website\"},\"primaryImageOfPage\":{\"@id\":\"https:\/\/redfoxlotto.com\/hu\/eredmenyek\/powerball\/#primaryimage\"},\"image\":{\"@id\":\"https:\/\/redfoxlotto.com\/hu\/eredmenyek\/powerball\/#primaryimage\"},\"thumbnailUrl\":\"https:\/\/content.redfoxlotto.com\/uploads\/sites\/9\/1_results_powerball.jpg\",\"datePublished\":\"2018-11-18T08:54:25+00:00\",\"dateModified\":\"2025-12-17T12:17:43+00:00\",\"description\":\"Itt tal\u00e1lja a legfrissebb Powerball lott\u00f3 eredm\u00e9nyeket, bele\u00e9rtve a kor\u00e1bbi sorsol\u00e1sok arch\u00edvum\u00e1t is.\",\"breadcrumb\":{\"@id\":\"https:\/\/redfoxlotto.com\/hu\/eredmenyek\/powerball\/#breadcrumb\"},\"inLanguage\":\"hu\",\"potentialAction\":[{\"@type\":\"ReadAction\",\"target\":[\"https:\/\/redfoxlotto.com\/hu\/eredmenyek\/powerball\/\"]}]},{\"@type\":\"ImageObject\",\"inLanguage\":\"hu\",\"@id\":\"https:\/\/redfoxlotto.com\/hu\/eredmenyek\/powerball\/#primaryimage\",\"url\":\"https:\/\/content.redfoxlotto.com\/uploads\/sites\/9\/1_results_powerball.jpg\",\"contentUrl\":\"https:\/\/content.redfoxlotto.com\/uploads\/sites\/9\/1_results_powerball.jpg\"},{\"@type\":\"BreadcrumbList\",\"@id\":\"https:\/\/redfoxlotto.com\/hu\/eredmenyek\/powerball\/#breadcrumb\",\"itemListElement\":[{\"@type\":\"ListItem\",\"position\":1,\"name\":\"Home\",\"item\":\"https:\/\/redfoxlotto.com\/hu\/\"},{\"@type\":\"ListItem\",\"position\":2,\"name\":\"Nemzetk\u00f6zi lott\u00f3 eredm\u00e9nyek\",\"item\":\"https:\/\/redfoxlotto.com\/hu\/eredmenyek\/\"},{\"@type\":\"ListItem\",\"position\":3,\"name\":\"Powerball eredm\u00e9nyek\"}]},{\"@type\":\"WebSite\",\"@id\":\"https:\/\/redfoxlotto.com\/hu\/#website\",\"url\":\"https:\/\/redfoxlotto.com\/hu\/\",\"name\":\"Get Tickets for the World\u2019s largest jackpots\",\"description\":\"Participate in worldwide lottery jackpots from any country\",\"publisher\":{\"@id\":\"https:\/\/redfoxlotto.com\/hu\/#organization\"},\"potentialAction\":[{\"@type\":\"SearchAction\",\"target\":{\"@type\":\"EntryPoint\",\"urlTemplate\":\"https:\/\/redfoxlotto.com\/hu\/?s={search_term_string}\"},\"query-input\":{\"@type\":\"PropertyValueSpecification\",\"valueRequired\":true,\"valueName\":\"search_term_string\"}}],\"inLanguage\":\"hu\"},{\"@type\":\"Organization\",\"@id\":\"https:\/\/redfoxlotto.com\/hu\/#organization\",\"name\":\"Get Tickets for the World\u2019s largest jackpots\",\"url\":\"https:\/\/redfoxlotto.com\/hu\/\",\"logo\":{\"@type\":\"ImageObject\",\"inLanguage\":\"hu\",\"@id\":\"https:\/\/redfoxlotto.com\/hu\/#\/schema\/logo\/image\/\",\"url\":\"https:\/\/redfoxlotto.com\/wp-content\/uploads\/2023\/04\/logo.png\",\"contentUrl\":\"https:\/\/redfoxlotto.com\/wp-content\/uploads\/2023\/04\/logo.png\",\"width\":269,\"height\":53,\"caption\":\"Get Tickets for the World\u2019s largest jackpots\"},\"image\":{\"@id\":\"https:\/\/redfoxlotto.com\/hu\/#\/schema\/logo\/image\/\"}}]}<\/script>\n<!-- \/ Yoast SEO plugin. -->","yoast_head_json":{"title":"Powerball lott\u00f3 eredm\u00e9nyek \u00e9s nyer\u0151sz\u00e1mok","description":"Itt tal\u00e1lja a legfrissebb Powerball lott\u00f3 eredm\u00e9nyeket, bele\u00e9rtve a kor\u00e1bbi sorsol\u00e1sok arch\u00edvum\u00e1t is.","robots":{"index":"index","follow":"follow","max-snippet":"max-snippet:-1","max-image-preview":"max-image-preview:large","max-video-preview":"max-video-preview:-1"},"canonical":"https:\/\/redfoxlotto.com\/hu\/eredmenyek\/powerball\/","og_locale":"hu_HU","og_type":"article","og_title":"Powerball lott\u00f3 eredm\u00e9nyek \u00e9s nyer\u0151sz\u00e1mok","og_description":"Itt tal\u00e1lja a legfrissebb Powerball lott\u00f3 eredm\u00e9nyeket, bele\u00e9rtve a kor\u00e1bbi sorsol\u00e1sok arch\u00edvum\u00e1t is.","og_url":"https:\/\/redfoxlotto.com\/hu\/eredmenyek\/powerball\/","og_site_name":"Get Tickets for the World\u2019s largest jackpots","article_modified_time":"2025-12-17T12:17:43+00:00","og_image":[{"url":"https:\/\/content.redfoxlotto.com\/uploads\/sites\/9\/1_results_powerball.jpg"}],"twitter_card":"summary_large_image","twitter_misc":{"Becs\u00fclt olvas\u00e1si id\u0151":"4 perc"},"schema":{"@context":"https:\/\/schema.org","@graph":[{"@type":"WebPage","@id":"https:\/\/redfoxlotto.com\/hu\/eredmenyek\/powerball\/","url":"https:\/\/redfoxlotto.com\/hu\/eredmenyek\/powerball\/","name":"Powerball lott\u00f3 eredm\u00e9nyek \u00e9s nyer\u0151sz\u00e1mok","isPartOf":{"@id":"https:\/\/redfoxlotto.com\/hu\/#website"},"primaryImageOfPage":{"@id":"https:\/\/redfoxlotto.com\/hu\/eredmenyek\/powerball\/#primaryimage"},"image":{"@id":"https:\/\/redfoxlotto.com\/hu\/eredmenyek\/powerball\/#primaryimage"},"thumbnailUrl":"https:\/\/content.redfoxlotto.com\/uploads\/sites\/9\/1_results_powerball.jpg","datePublished":"2018-11-18T08:54:25+00:00","dateModified":"2025-12-17T12:17:43+00:00","description":"Itt tal\u00e1lja a legfrissebb Powerball lott\u00f3 eredm\u00e9nyeket, bele\u00e9rtve a kor\u00e1bbi sorsol\u00e1sok arch\u00edvum\u00e1t is.","breadcrumb":{"@id":"https:\/\/redfoxlotto.com\/hu\/eredmenyek\/powerball\/#breadcrumb"},"inLanguage":"hu","potentialAction":[{"@type":"ReadAction","target":["https:\/\/redfoxlotto.com\/hu\/eredmenyek\/powerball\/"]}]},{"@type":"ImageObject","inLanguage":"hu","@id":"https:\/\/redfoxlotto.com\/hu\/eredmenyek\/powerball\/#primaryimage","url":"https:\/\/content.redfoxlotto.com\/uploads\/sites\/9\/1_results_powerball.jpg","contentUrl":"https:\/\/content.redfoxlotto.com\/uploads\/sites\/9\/1_results_powerball.jpg"},{"@type":"BreadcrumbList","@id":"https:\/\/redfoxlotto.com\/hu\/eredmenyek\/powerball\/#breadcrumb","itemListElement":[{"@type":"ListItem","position":1,"name":"Home","item":"https:\/\/redfoxlotto.com\/hu\/"},{"@type":"ListItem","position":2,"name":"Nemzetk\u00f6zi lott\u00f3 eredm\u00e9nyek","item":"https:\/\/redfoxlotto.com\/hu\/eredmenyek\/"},{"@type":"ListItem","position":3,"name":"Powerball eredm\u00e9nyek"}]},{"@type":"WebSite","@id":"https:\/\/redfoxlotto.com\/hu\/#website","url":"https:\/\/redfoxlotto.com\/hu\/","name":"Get Tickets for the World\u2019s largest jackpots","description":"Participate in worldwide lottery jackpots from any country","publisher":{"@id":"https:\/\/redfoxlotto.com\/hu\/#organization"},"potentialAction":[{"@type":"SearchAction","target":{"@type":"EntryPoint","urlTemplate":"https:\/\/redfoxlotto.com\/hu\/?s={search_term_string}"},"query-input":{"@type":"PropertyValueSpecification","valueRequired":true,"valueName":"search_term_string"}}],"inLanguage":"hu"},{"@type":"Organization","@id":"https:\/\/redfoxlotto.com\/hu\/#organization","name":"Get Tickets for the World\u2019s largest jackpots","url":"https:\/\/redfoxlotto.com\/hu\/","logo":{"@type":"ImageObject","inLanguage":"hu","@id":"https:\/\/redfoxlotto.com\/hu\/#\/schema\/logo\/image\/","url":"https:\/\/redfoxlotto.com\/wp-content\/uploads\/2023\/04\/logo.png","contentUrl":"https:\/\/redfoxlotto.com\/wp-content\/uploads\/2023\/04\/logo.png","width":269,"height":53,"caption":"Get Tickets for the World\u2019s largest jackpots"},"image":{"@id":"https:\/\/redfoxlotto.com\/hu\/#\/schema\/logo\/image\/"}}]}},"_links":{"self":[{"href":"https:\/\/redfoxlotto.com\/hu\/wp-json\/wp\/v2\/pages\/55202","targetHints":{"allow":["GET"]}}],"collection":[{"href":"https:\/\/redfoxlotto.com\/hu\/wp-json\/wp\/v2\/pages"}],"about":[{"href":"https:\/\/redfoxlotto.com\/hu\/wp-json\/wp\/v2\/types\/page"}],"author":[{"embeddable":true,"href":"https:\/\/redfoxlotto.com\/hu\/wp-json\/wp\/v2\/users\/1"}],"replies":[{"embeddable":true,"href":"https:\/\/redfoxlotto.com\/hu\/wp-json\/wp\/v2\/comments?post=55202"}],"version-history":[{"count":0,"href":"https:\/\/redfoxlotto.com\/hu\/wp-json\/wp\/v2\/pages\/55202\/revisions"}],"up":[{"embeddable":true,"href":"https:\/\/redfoxlotto.com\/hu\/wp-json\/wp\/v2\/pages\/55183"}],"wp:attachment":[{"href":"https:\/\/redfoxlotto.com\/hu\/wp-json\/wp\/v2\/media?parent=55202"}],"curies":[{"name":"wp","href":"https:\/\/api.w.org\/{rel}","templated":true}]}}