{"id":55201,"date":"2018-11-18T08:54:25","date_gmt":"2018-11-18T08:54:25","guid":{"rendered":"https:\/\/redfoxlotto.com\/?page_id=21524"},"modified":"2023-03-13T17:37:23","modified_gmt":"2023-03-13T17:37:23","slug":"powerball-au","status":"publish","type":"page","link":"https:\/\/redfoxlotto.com\/hu\/eredmenyek\/powerball-au\/","title":{"rendered":"Powerball Ausztr\u00e1lia eredm\u00e9nyek"},"content":{"rendered":"<h2 class=\"wp-block-heading\">A Powerball Ausztr\u00e1lia kisorsolt sz\u00e1mai \u00e9s a kifizet\u00e9s r\u00e9szletei<\/h2><p>Ezen az oldalon megmutatjuk a Powerball Australia kifizet\u00e9si szintjeit, a kisorsolt sz\u00e1mokat \u00e9s egy\u00e9b r\u00e9szleteket.<\/p><p><img loading=\"lazy\" decoding=\"async\" class=\" wp-image alignright\" src=\"https:\/\/content.redfoxlotto.com\/uploads\/sites\/9\/1_winning_online_lottery.jpg\" alt=\"Powerball Ausztr\u00e1lia\" width=\"160\" height=\"160\"><\/p><h2 class=\"wp-block-heading\">A RedFoxLotto \u00f6sszes eredm\u00e9ny\u00e9nek \u00e1ttekint\u00e9se<\/h2><p>A legut\u00f3bbi sorsol\u00e1sok \u00f6sszes lott\u00f3eredm\u00e9ny\u00e9nek megtekint\u00e9s\u00e9hez kattintson az &#8222;Eredm\u00e9nyek&#8221; men\u00fcpontra a tetej\u00e9n.<\/p><h2 class=\"wp-block-heading\">Ellen\u0151rizze, hogy a szelv\u00e9nye nyert-e<\/h2><p><img decoding=\"async\" class=\" wp-image alignright\" src=\"https:\/\/content.redfoxlotto.com\/uploads\/sites\/9\/1_lotto_money_win.jpg\" alt=\"sorsol\u00e1s eredm\u00e9nye\"><\/p><p>Ellen\u0151rizheti a &#8222;Szelv\u00e9nyeim&#8221; ter\u00fclet\u00e9t is. B\u00e1rmelyik szelv\u00e9nyre kattintva azonnal l\u00e1thatja, hogy h\u00e1ny egyez\u0151 \u00e9s nyertes sz\u00e1m van a szelv\u00e9ny\u00e9n.<\/p>","protected":false},"excerpt":{"rendered":"<p>A Powerball Ausztr\u00e1lia kisorsolt sz\u00e1mai \u00e9s a kifizet\u00e9s r\u00e9szletei Ezen az oldalon megmutatjuk a Powerball Australia kifizet\u00e9si szintjeit, a kisorsolt sz\u00e1mokat \u00e9s egy\u00e9b r\u00e9szleteket. A RedFoxLotto \u00f6sszes eredm\u00e9ny\u00e9nek \u00e1ttekint\u00e9se A legut\u00f3bbi sorsol\u00e1sok \u00f6sszes lott\u00f3eredm\u00e9ny\u00e9nek megtekint\u00e9s\u00e9hez kattintson az &#8222;Eredm\u00e9nyek&#8221; men\u00fcpontra a tetej\u00e9n. Ellen\u0151rizze, hogy a szelv\u00e9nye nyert-e Ellen\u0151rizheti a &#8222;Szelv\u00e9nyeim&#8221; ter\u00fclet\u00e9t is. B\u00e1rmelyik szelv\u00e9nyre kattintva azonnal [&hellip;]<\/p>\n","protected":false},"author":1,"featured_media":0,"parent":55183,"menu_order":20,"comment_status":"closed","ping_status":"closed","template":"powerball-au-results.php","meta":{"_et_pb_use_builder":"","_et_pb_old_content":"","_et_gb_content_width":"","exclude_from_search":false,"footnotes":""},"class_list":["post-55201","page","type-page","status-publish","hentry"],"yoast_head":"<!-- This site is optimized with the Yoast SEO plugin v23.8 - https:\/\/yoast.com\/wordpress\/plugins\/seo\/ -->\n<title>Powerball Ausztr\u00e1lia nyertes sz\u00e1mok<\/title>\n<meta name=\"description\" content=\"Itt tal\u00e1lja a Powerball Ausztr\u00e1lia legfrissebb eredm\u00e9nyeit, valamint a kor\u00e1bbi sorsol\u00e1sok arch\u00edvum\u00e1t.\" \/>\n<meta name=\"robots\" content=\"index, follow, max-snippet:-1, max-image-preview:large, max-video-preview:-1\" \/>\n<link rel=\"canonical\" href=\"https:\/\/redfoxlotto.com\/hu\/eredmenyek\/powerball-au\/\" \/>\n<meta property=\"og:locale\" content=\"hu_HU\" \/>\n<meta property=\"og:type\" content=\"article\" \/>\n<meta property=\"og:title\" content=\"Powerball Ausztr\u00e1lia nyertes sz\u00e1mok\" \/>\n<meta property=\"og:description\" content=\"Itt tal\u00e1lja a Powerball Ausztr\u00e1lia legfrissebb eredm\u00e9nyeit, valamint a kor\u00e1bbi sorsol\u00e1sok arch\u00edvum\u00e1t.\" \/>\n<meta property=\"og:url\" content=\"https:\/\/redfoxlotto.com\/hu\/eredmenyek\/powerball-au\/\" \/>\n<meta property=\"og:site_name\" content=\"Get Tickets for the World\u2019s largest jackpots\" \/>\n<meta property=\"article:modified_time\" content=\"2023-03-13T17:37:23+00:00\" \/>\n<meta property=\"og:image\" content=\"https:\/\/content.redfoxlotto.com\/uploads\/sites\/9\/1_winning_online_lottery.jpg\" \/>\n<meta name=\"twitter:card\" content=\"summary_large_image\" \/>\n<meta name=\"twitter:label1\" content=\"Becs\u00fclt olvas\u00e1si id\u0151\" \/>\n\t<meta name=\"twitter:data1\" content=\"1 perc\" \/>\n<script type=\"application\/ld+json\" class=\"yoast-schema-graph\">{\"@context\":\"https:\/\/schema.org\",\"@graph\":[{\"@type\":\"WebPage\",\"@id\":\"https:\/\/redfoxlotto.com\/hu\/eredmenyek\/powerball-au\/\",\"url\":\"https:\/\/redfoxlotto.com\/hu\/eredmenyek\/powerball-au\/\",\"name\":\"Powerball Ausztr\u00e1lia nyertes sz\u00e1mok\",\"isPartOf\":{\"@id\":\"https:\/\/redfoxlotto.com\/hu\/#website\"},\"primaryImageOfPage\":{\"@id\":\"https:\/\/redfoxlotto.com\/hu\/eredmenyek\/powerball-au\/#primaryimage\"},\"image\":{\"@id\":\"https:\/\/redfoxlotto.com\/hu\/eredmenyek\/powerball-au\/#primaryimage\"},\"thumbnailUrl\":\"https:\/\/content.redfoxlotto.com\/uploads\/sites\/9\/1_winning_online_lottery.jpg\",\"datePublished\":\"2018-11-18T08:54:25+00:00\",\"dateModified\":\"2023-03-13T17:37:23+00:00\",\"description\":\"Itt tal\u00e1lja a Powerball Ausztr\u00e1lia legfrissebb eredm\u00e9nyeit, valamint a kor\u00e1bbi sorsol\u00e1sok arch\u00edvum\u00e1t.\",\"breadcrumb\":{\"@id\":\"https:\/\/redfoxlotto.com\/hu\/eredmenyek\/powerball-au\/#breadcrumb\"},\"inLanguage\":\"hu\",\"potentialAction\":[{\"@type\":\"ReadAction\",\"target\":[\"https:\/\/redfoxlotto.com\/hu\/eredmenyek\/powerball-au\/\"]}]},{\"@type\":\"ImageObject\",\"inLanguage\":\"hu\",\"@id\":\"https:\/\/redfoxlotto.com\/hu\/eredmenyek\/powerball-au\/#primaryimage\",\"url\":\"https:\/\/content.redfoxlotto.com\/uploads\/sites\/9\/1_winning_online_lottery.jpg\",\"contentUrl\":\"https:\/\/content.redfoxlotto.com\/uploads\/sites\/9\/1_winning_online_lottery.jpg\"},{\"@type\":\"BreadcrumbList\",\"@id\":\"https:\/\/redfoxlotto.com\/hu\/eredmenyek\/powerball-au\/#breadcrumb\",\"itemListElement\":[{\"@type\":\"ListItem\",\"position\":1,\"name\":\"Home\",\"item\":\"https:\/\/redfoxlotto.com\/hu\/\"},{\"@type\":\"ListItem\",\"position\":2,\"name\":\"Nemzetk\u00f6zi lott\u00f3 eredm\u00e9nyek\",\"item\":\"https:\/\/redfoxlotto.com\/hu\/eredmenyek\/\"},{\"@type\":\"ListItem\",\"position\":3,\"name\":\"Powerball Ausztr\u00e1lia eredm\u00e9nyek\"}]},{\"@type\":\"WebSite\",\"@id\":\"https:\/\/redfoxlotto.com\/hu\/#website\",\"url\":\"https:\/\/redfoxlotto.com\/hu\/\",\"name\":\"Get Tickets for the World\u2019s largest jackpots\",\"description\":\"Participate in worldwide lottery jackpots from any country\",\"publisher\":{\"@id\":\"https:\/\/redfoxlotto.com\/hu\/#organization\"},\"potentialAction\":[{\"@type\":\"SearchAction\",\"target\":{\"@type\":\"EntryPoint\",\"urlTemplate\":\"https:\/\/redfoxlotto.com\/hu\/?s={search_term_string}\"},\"query-input\":{\"@type\":\"PropertyValueSpecification\",\"valueRequired\":true,\"valueName\":\"search_term_string\"}}],\"inLanguage\":\"hu\"},{\"@type\":\"Organization\",\"@id\":\"https:\/\/redfoxlotto.com\/hu\/#organization\",\"name\":\"Get Tickets for the World\u2019s largest jackpots\",\"url\":\"https:\/\/redfoxlotto.com\/hu\/\",\"logo\":{\"@type\":\"ImageObject\",\"inLanguage\":\"hu\",\"@id\":\"https:\/\/redfoxlotto.com\/hu\/#\/schema\/logo\/image\/\",\"url\":\"https:\/\/redfoxlotto.com\/wp-content\/uploads\/2023\/04\/logo.png\",\"contentUrl\":\"https:\/\/redfoxlotto.com\/wp-content\/uploads\/2023\/04\/logo.png\",\"width\":269,\"height\":53,\"caption\":\"Get Tickets for the World\u2019s largest jackpots\"},\"image\":{\"@id\":\"https:\/\/redfoxlotto.com\/hu\/#\/schema\/logo\/image\/\"}}]}<\/script>\n<!-- \/ Yoast SEO plugin. -->","yoast_head_json":{"title":"Powerball Ausztr\u00e1lia nyertes sz\u00e1mok","description":"Itt tal\u00e1lja a Powerball Ausztr\u00e1lia legfrissebb eredm\u00e9nyeit, valamint a kor\u00e1bbi sorsol\u00e1sok arch\u00edvum\u00e1t.","robots":{"index":"index","follow":"follow","max-snippet":"max-snippet:-1","max-image-preview":"max-image-preview:large","max-video-preview":"max-video-preview:-1"},"canonical":"https:\/\/redfoxlotto.com\/hu\/eredmenyek\/powerball-au\/","og_locale":"hu_HU","og_type":"article","og_title":"Powerball Ausztr\u00e1lia nyertes sz\u00e1mok","og_description":"Itt tal\u00e1lja a Powerball Ausztr\u00e1lia legfrissebb eredm\u00e9nyeit, valamint a kor\u00e1bbi sorsol\u00e1sok arch\u00edvum\u00e1t.","og_url":"https:\/\/redfoxlotto.com\/hu\/eredmenyek\/powerball-au\/","og_site_name":"Get Tickets for the World\u2019s largest jackpots","article_modified_time":"2023-03-13T17:37:23+00:00","og_image":[{"url":"https:\/\/content.redfoxlotto.com\/uploads\/sites\/9\/1_winning_online_lottery.jpg"}],"twitter_card":"summary_large_image","twitter_misc":{"Becs\u00fclt olvas\u00e1si id\u0151":"1 perc"},"schema":{"@context":"https:\/\/schema.org","@graph":[{"@type":"WebPage","@id":"https:\/\/redfoxlotto.com\/hu\/eredmenyek\/powerball-au\/","url":"https:\/\/redfoxlotto.com\/hu\/eredmenyek\/powerball-au\/","name":"Powerball Ausztr\u00e1lia nyertes sz\u00e1mok","isPartOf":{"@id":"https:\/\/redfoxlotto.com\/hu\/#website"},"primaryImageOfPage":{"@id":"https:\/\/redfoxlotto.com\/hu\/eredmenyek\/powerball-au\/#primaryimage"},"image":{"@id":"https:\/\/redfoxlotto.com\/hu\/eredmenyek\/powerball-au\/#primaryimage"},"thumbnailUrl":"https:\/\/content.redfoxlotto.com\/uploads\/sites\/9\/1_winning_online_lottery.jpg","datePublished":"2018-11-18T08:54:25+00:00","dateModified":"2023-03-13T17:37:23+00:00","description":"Itt tal\u00e1lja a Powerball Ausztr\u00e1lia legfrissebb eredm\u00e9nyeit, valamint a kor\u00e1bbi sorsol\u00e1sok arch\u00edvum\u00e1t.","breadcrumb":{"@id":"https:\/\/redfoxlotto.com\/hu\/eredmenyek\/powerball-au\/#breadcrumb"},"inLanguage":"hu","potentialAction":[{"@type":"ReadAction","target":["https:\/\/redfoxlotto.com\/hu\/eredmenyek\/powerball-au\/"]}]},{"@type":"ImageObject","inLanguage":"hu","@id":"https:\/\/redfoxlotto.com\/hu\/eredmenyek\/powerball-au\/#primaryimage","url":"https:\/\/content.redfoxlotto.com\/uploads\/sites\/9\/1_winning_online_lottery.jpg","contentUrl":"https:\/\/content.redfoxlotto.com\/uploads\/sites\/9\/1_winning_online_lottery.jpg"},{"@type":"BreadcrumbList","@id":"https:\/\/redfoxlotto.com\/hu\/eredmenyek\/powerball-au\/#breadcrumb","itemListElement":[{"@type":"ListItem","position":1,"name":"Home","item":"https:\/\/redfoxlotto.com\/hu\/"},{"@type":"ListItem","position":2,"name":"Nemzetk\u00f6zi lott\u00f3 eredm\u00e9nyek","item":"https:\/\/redfoxlotto.com\/hu\/eredmenyek\/"},{"@type":"ListItem","position":3,"name":"Powerball Ausztr\u00e1lia eredm\u00e9nyek"}]},{"@type":"WebSite","@id":"https:\/\/redfoxlotto.com\/hu\/#website","url":"https:\/\/redfoxlotto.com\/hu\/","name":"Get Tickets for the World\u2019s largest jackpots","description":"Participate in worldwide lottery jackpots from any country","publisher":{"@id":"https:\/\/redfoxlotto.com\/hu\/#organization"},"potentialAction":[{"@type":"SearchAction","target":{"@type":"EntryPoint","urlTemplate":"https:\/\/redfoxlotto.com\/hu\/?s={search_term_string}"},"query-input":{"@type":"PropertyValueSpecification","valueRequired":true,"valueName":"search_term_string"}}],"inLanguage":"hu"},{"@type":"Organization","@id":"https:\/\/redfoxlotto.com\/hu\/#organization","name":"Get Tickets for the World\u2019s largest jackpots","url":"https:\/\/redfoxlotto.com\/hu\/","logo":{"@type":"ImageObject","inLanguage":"hu","@id":"https:\/\/redfoxlotto.com\/hu\/#\/schema\/logo\/image\/","url":"https:\/\/redfoxlotto.com\/wp-content\/uploads\/2023\/04\/logo.png","contentUrl":"https:\/\/redfoxlotto.com\/wp-content\/uploads\/2023\/04\/logo.png","width":269,"height":53,"caption":"Get Tickets for the World\u2019s largest jackpots"},"image":{"@id":"https:\/\/redfoxlotto.com\/hu\/#\/schema\/logo\/image\/"}}]}},"_links":{"self":[{"href":"https:\/\/redfoxlotto.com\/hu\/wp-json\/wp\/v2\/pages\/55201","targetHints":{"allow":["GET"]}}],"collection":[{"href":"https:\/\/redfoxlotto.com\/hu\/wp-json\/wp\/v2\/pages"}],"about":[{"href":"https:\/\/redfoxlotto.com\/hu\/wp-json\/wp\/v2\/types\/page"}],"author":[{"embeddable":true,"href":"https:\/\/redfoxlotto.com\/hu\/wp-json\/wp\/v2\/users\/1"}],"replies":[{"embeddable":true,"href":"https:\/\/redfoxlotto.com\/hu\/wp-json\/wp\/v2\/comments?post=55201"}],"version-history":[{"count":0,"href":"https:\/\/redfoxlotto.com\/hu\/wp-json\/wp\/v2\/pages\/55201\/revisions"}],"up":[{"embeddable":true,"href":"https:\/\/redfoxlotto.com\/hu\/wp-json\/wp\/v2\/pages\/55183"}],"wp:attachment":[{"href":"https:\/\/redfoxlotto.com\/hu\/wp-json\/wp\/v2\/media?parent=55201"}],"curies":[{"name":"wp","href":"https:\/\/api.w.org\/{rel}","templated":true}]}}