{"id":55198,"date":"2020-07-20T08:57:09","date_gmt":"2020-07-20T08:57:09","guid":{"rendered":"https:\/\/redfoxlotto.com\/?page_id=21516"},"modified":"2023-03-13T17:37:23","modified_gmt":"2023-03-13T17:37:23","slug":"mega-sena","status":"publish","type":"page","link":"https:\/\/redfoxlotto.com\/hu\/eredmenyek\/mega-sena\/","title":{"rendered":"Mega Sena eredm\u00e9nyek"},"content":{"rendered":"<h2 class=\"wp-block-heading\">Mega Sena Braz\u00edlia nyertes sz\u00e1mok<\/h2><p>Ha m\u00e1r j\u00e1tszott\u00e1l a Mega Sena j\u00e1t\u00e9kkal, akkor tudnod kell, hogy nyert\u00e9l-e, igaz? Hogyan ellen\u0151rizheted a Mega Sena Brazil nyer\u0151sz\u00e1mait? Csak l\u00e1togasson el a RedFoxLotto.com oldalon tal\u00e1lhat\u00f3 fi\u00f3kj\u00e1ba. Ott megtal\u00e1lod a j\u00e1t\u00e9k legfrissebb eredm\u00e9nyeit, \u00e9s ha m\u00e1r j\u00e1tszott\u00e1l, akkor m\u00e9g k\u00f6nnyebben megtal\u00e1lod \u0151ket.<\/p><p><img loading=\"lazy\" decoding=\"async\" class=\" wp-image alignright\" src=\"https:\/\/content.redfoxlotto.com\/uploads\/sites\/9\/1_lottery_numbers3.jpg\" alt=\" mega=\" width=\"191\" height=\"191\"><\/p><h2 class=\"wp-block-heading\">A sz\u00e1mok ellen\u0151rz\u00e9se<\/h2><p>Ha tudni szeretn\u00e9, hogy nyert-e a Mega Sena Brazil j\u00e1t\u00e9kon, csak menjen be a szelv\u00e9nyei oldalra a fi\u00f3kj\u00e1ban. Onnan l\u00e1thatod a sz\u00e1maidat a nyertes sz\u00e1mokkal \u00f6sszehasonl\u00edtva. \u00cdgy m\u00e9g k\u00f6nnyebben megtudhatod, hogy mit nyert\u00e9l, \u00e9s hogy mely sz\u00e1mok voltak j\u00f3k vagy sem.<\/p><p><img loading=\"lazy\" decoding=\"async\" class=\" wp-image alignright\" src=\"https:\/\/content.redfoxlotto.com\/uploads\/sites\/9\/1_you_win_jackpot.jpg\" alt=\"nyerni lott\u00f3 jackpot\" width=\"181\" height=\"181\"><\/p><p>De nem kell agg\u00f3dnod semmi miatt, mert b\u00e1rmit nyersz, azt automatikusan ig\u00e9nyelj\u00fck sz\u00e1modra, majd befizetj\u00fck a sz\u00e1ml\u00e1dra. \u00cdgy csak h\u00e1trad\u0151lhetsz \u00e9s pihenhetsz, miut\u00e1n megvetted a szelv\u00e9nyedet. Legal\u00e1bbis addig, am\u00edg el nem j\u00f6n a k\u00f6vetkez\u0151 v\u00e1s\u00e1rl\u00e1s ideje.<\/p><h2 class=\"wp-block-heading\">A r\u00e9gi nyer\u0151sz\u00e1mok ellen\u0151rz\u00e9se<\/h2><p>Ha van egy r\u00e9gebbi szelv\u00e9nye, amelyet ellen\u0151rizni szeretne, akkor ezt megteheti az arch\u00edvumban. A r\u00e9gi Mega Sena Brazil nyer\u0151sz\u00e1mok vizsg\u00e1lata is<\/p>","protected":false},"excerpt":{"rendered":"<p>Mega Sena Braz\u00edlia nyertes sz\u00e1mok Ha m\u00e1r j\u00e1tszott\u00e1l a Mega Sena j\u00e1t\u00e9kkal, akkor tudnod kell, hogy nyert\u00e9l-e, igaz? Hogyan ellen\u0151rizheted a Mega Sena Brazil nyer\u0151sz\u00e1mait? Csak l\u00e1togasson el a RedFoxLotto.com oldalon tal\u00e1lhat\u00f3 fi\u00f3kj\u00e1ba. Ott megtal\u00e1lod a j\u00e1t\u00e9k legfrissebb eredm\u00e9nyeit, \u00e9s ha m\u00e1r j\u00e1tszott\u00e1l, akkor m\u00e9g k\u00f6nnyebben megtal\u00e1lod \u0151ket. A sz\u00e1mok ellen\u0151rz\u00e9se Ha tudni szeretn\u00e9, hogy [&hellip;]<\/p>\n","protected":false},"author":1,"featured_media":0,"parent":55183,"menu_order":13,"comment_status":"closed","ping_status":"closed","template":"megasena-results.php","meta":{"_et_pb_use_builder":"","_et_pb_old_content":"","_et_gb_content_width":"","exclude_from_search":false,"footnotes":""},"class_list":["post-55198","page","type-page","status-publish","hentry"],"yoast_head":"<!-- This site is optimized with the Yoast SEO plugin v23.8 - https:\/\/yoast.com\/wordpress\/plugins\/seo\/ -->\n<title>Nyer\u0151sz\u00e1mok Mega Sena | Mega Sena sorsol\u00e1s eredm\u00e9nyei Braz\u00edlia Mega Sena<\/title>\n<meta name=\"description\" content=\"Ellen\u0151rizze a Mega Sena leg\u00fajabb \u00e9s kor\u00e1bbi nyer\u0151sz\u00e1mait\" \/>\n<meta name=\"robots\" content=\"index, follow, max-snippet:-1, max-image-preview:large, max-video-preview:-1\" \/>\n<link rel=\"canonical\" href=\"https:\/\/redfoxlotto.com\/hu\/eredmenyek\/mega-sena\/\" \/>\n<meta property=\"og:locale\" content=\"hu_HU\" \/>\n<meta property=\"og:type\" content=\"article\" \/>\n<meta property=\"og:title\" content=\"Nyer\u0151sz\u00e1mok Mega Sena | Mega Sena sorsol\u00e1s eredm\u00e9nyei Braz\u00edlia Mega Sena\" \/>\n<meta property=\"og:description\" content=\"Ellen\u0151rizze a Mega Sena leg\u00fajabb \u00e9s kor\u00e1bbi nyer\u0151sz\u00e1mait\" \/>\n<meta property=\"og:url\" content=\"https:\/\/redfoxlotto.com\/hu\/eredmenyek\/mega-sena\/\" \/>\n<meta property=\"og:site_name\" content=\"Get Tickets for the World\u2019s largest jackpots\" \/>\n<meta property=\"article:modified_time\" content=\"2023-03-13T17:37:23+00:00\" \/>\n<meta property=\"og:image\" content=\"https:\/\/content.redfoxlotto.com\/uploads\/sites\/9\/1_lottery_numbers3.jpg\" \/>\n<meta name=\"twitter:card\" content=\"summary_large_image\" \/>\n<meta name=\"twitter:label1\" content=\"Becs\u00fclt olvas\u00e1si id\u0151\" \/>\n\t<meta name=\"twitter:data1\" content=\"2 perc\" \/>\n<script type=\"application\/ld+json\" class=\"yoast-schema-graph\">{\"@context\":\"https:\/\/schema.org\",\"@graph\":[{\"@type\":\"WebPage\",\"@id\":\"https:\/\/redfoxlotto.com\/hu\/eredmenyek\/mega-sena\/\",\"url\":\"https:\/\/redfoxlotto.com\/hu\/eredmenyek\/mega-sena\/\",\"name\":\"Nyer\u0151sz\u00e1mok Mega Sena | Mega Sena sorsol\u00e1s eredm\u00e9nyei Braz\u00edlia Mega Sena\",\"isPartOf\":{\"@id\":\"https:\/\/redfoxlotto.com\/hu\/#website\"},\"primaryImageOfPage\":{\"@id\":\"https:\/\/redfoxlotto.com\/hu\/eredmenyek\/mega-sena\/#primaryimage\"},\"image\":{\"@id\":\"https:\/\/redfoxlotto.com\/hu\/eredmenyek\/mega-sena\/#primaryimage\"},\"thumbnailUrl\":\"https:\/\/content.redfoxlotto.com\/uploads\/sites\/9\/1_lottery_numbers3.jpg\",\"datePublished\":\"2020-07-20T08:57:09+00:00\",\"dateModified\":\"2023-03-13T17:37:23+00:00\",\"description\":\"Ellen\u0151rizze a Mega Sena leg\u00fajabb \u00e9s kor\u00e1bbi nyer\u0151sz\u00e1mait\",\"breadcrumb\":{\"@id\":\"https:\/\/redfoxlotto.com\/hu\/eredmenyek\/mega-sena\/#breadcrumb\"},\"inLanguage\":\"hu\",\"potentialAction\":[{\"@type\":\"ReadAction\",\"target\":[\"https:\/\/redfoxlotto.com\/hu\/eredmenyek\/mega-sena\/\"]}]},{\"@type\":\"ImageObject\",\"inLanguage\":\"hu\",\"@id\":\"https:\/\/redfoxlotto.com\/hu\/eredmenyek\/mega-sena\/#primaryimage\",\"url\":\"https:\/\/content.redfoxlotto.com\/uploads\/sites\/9\/1_lottery_numbers3.jpg\",\"contentUrl\":\"https:\/\/content.redfoxlotto.com\/uploads\/sites\/9\/1_lottery_numbers3.jpg\"},{\"@type\":\"BreadcrumbList\",\"@id\":\"https:\/\/redfoxlotto.com\/hu\/eredmenyek\/mega-sena\/#breadcrumb\",\"itemListElement\":[{\"@type\":\"ListItem\",\"position\":1,\"name\":\"Home\",\"item\":\"https:\/\/redfoxlotto.com\/hu\/\"},{\"@type\":\"ListItem\",\"position\":2,\"name\":\"Nemzetk\u00f6zi lott\u00f3 eredm\u00e9nyek\",\"item\":\"https:\/\/redfoxlotto.com\/hu\/eredmenyek\/\"},{\"@type\":\"ListItem\",\"position\":3,\"name\":\"Mega Sena eredm\u00e9nyek\"}]},{\"@type\":\"WebSite\",\"@id\":\"https:\/\/redfoxlotto.com\/hu\/#website\",\"url\":\"https:\/\/redfoxlotto.com\/hu\/\",\"name\":\"Get Tickets for the World\u2019s largest jackpots\",\"description\":\"Participate in worldwide lottery jackpots from any country\",\"publisher\":{\"@id\":\"https:\/\/redfoxlotto.com\/hu\/#organization\"},\"potentialAction\":[{\"@type\":\"SearchAction\",\"target\":{\"@type\":\"EntryPoint\",\"urlTemplate\":\"https:\/\/redfoxlotto.com\/hu\/?s={search_term_string}\"},\"query-input\":{\"@type\":\"PropertyValueSpecification\",\"valueRequired\":true,\"valueName\":\"search_term_string\"}}],\"inLanguage\":\"hu\"},{\"@type\":\"Organization\",\"@id\":\"https:\/\/redfoxlotto.com\/hu\/#organization\",\"name\":\"Get Tickets for the World\u2019s largest jackpots\",\"url\":\"https:\/\/redfoxlotto.com\/hu\/\",\"logo\":{\"@type\":\"ImageObject\",\"inLanguage\":\"hu\",\"@id\":\"https:\/\/redfoxlotto.com\/hu\/#\/schema\/logo\/image\/\",\"url\":\"https:\/\/redfoxlotto.com\/wp-content\/uploads\/2023\/04\/logo.png\",\"contentUrl\":\"https:\/\/redfoxlotto.com\/wp-content\/uploads\/2023\/04\/logo.png\",\"width\":269,\"height\":53,\"caption\":\"Get Tickets for the World\u2019s largest jackpots\"},\"image\":{\"@id\":\"https:\/\/redfoxlotto.com\/hu\/#\/schema\/logo\/image\/\"}}]}<\/script>\n<!-- \/ Yoast SEO plugin. -->","yoast_head_json":{"title":"Nyer\u0151sz\u00e1mok Mega Sena | Mega Sena sorsol\u00e1s eredm\u00e9nyei Braz\u00edlia Mega Sena","description":"Ellen\u0151rizze a Mega Sena leg\u00fajabb \u00e9s kor\u00e1bbi nyer\u0151sz\u00e1mait","robots":{"index":"index","follow":"follow","max-snippet":"max-snippet:-1","max-image-preview":"max-image-preview:large","max-video-preview":"max-video-preview:-1"},"canonical":"https:\/\/redfoxlotto.com\/hu\/eredmenyek\/mega-sena\/","og_locale":"hu_HU","og_type":"article","og_title":"Nyer\u0151sz\u00e1mok Mega Sena | Mega Sena sorsol\u00e1s eredm\u00e9nyei Braz\u00edlia Mega Sena","og_description":"Ellen\u0151rizze a Mega Sena leg\u00fajabb \u00e9s kor\u00e1bbi nyer\u0151sz\u00e1mait","og_url":"https:\/\/redfoxlotto.com\/hu\/eredmenyek\/mega-sena\/","og_site_name":"Get Tickets for the World\u2019s largest jackpots","article_modified_time":"2023-03-13T17:37:23+00:00","og_image":[{"url":"https:\/\/content.redfoxlotto.com\/uploads\/sites\/9\/1_lottery_numbers3.jpg"}],"twitter_card":"summary_large_image","twitter_misc":{"Becs\u00fclt olvas\u00e1si id\u0151":"2 perc"},"schema":{"@context":"https:\/\/schema.org","@graph":[{"@type":"WebPage","@id":"https:\/\/redfoxlotto.com\/hu\/eredmenyek\/mega-sena\/","url":"https:\/\/redfoxlotto.com\/hu\/eredmenyek\/mega-sena\/","name":"Nyer\u0151sz\u00e1mok Mega Sena | Mega Sena sorsol\u00e1s eredm\u00e9nyei Braz\u00edlia Mega Sena","isPartOf":{"@id":"https:\/\/redfoxlotto.com\/hu\/#website"},"primaryImageOfPage":{"@id":"https:\/\/redfoxlotto.com\/hu\/eredmenyek\/mega-sena\/#primaryimage"},"image":{"@id":"https:\/\/redfoxlotto.com\/hu\/eredmenyek\/mega-sena\/#primaryimage"},"thumbnailUrl":"https:\/\/content.redfoxlotto.com\/uploads\/sites\/9\/1_lottery_numbers3.jpg","datePublished":"2020-07-20T08:57:09+00:00","dateModified":"2023-03-13T17:37:23+00:00","description":"Ellen\u0151rizze a Mega Sena leg\u00fajabb \u00e9s kor\u00e1bbi nyer\u0151sz\u00e1mait","breadcrumb":{"@id":"https:\/\/redfoxlotto.com\/hu\/eredmenyek\/mega-sena\/#breadcrumb"},"inLanguage":"hu","potentialAction":[{"@type":"ReadAction","target":["https:\/\/redfoxlotto.com\/hu\/eredmenyek\/mega-sena\/"]}]},{"@type":"ImageObject","inLanguage":"hu","@id":"https:\/\/redfoxlotto.com\/hu\/eredmenyek\/mega-sena\/#primaryimage","url":"https:\/\/content.redfoxlotto.com\/uploads\/sites\/9\/1_lottery_numbers3.jpg","contentUrl":"https:\/\/content.redfoxlotto.com\/uploads\/sites\/9\/1_lottery_numbers3.jpg"},{"@type":"BreadcrumbList","@id":"https:\/\/redfoxlotto.com\/hu\/eredmenyek\/mega-sena\/#breadcrumb","itemListElement":[{"@type":"ListItem","position":1,"name":"Home","item":"https:\/\/redfoxlotto.com\/hu\/"},{"@type":"ListItem","position":2,"name":"Nemzetk\u00f6zi lott\u00f3 eredm\u00e9nyek","item":"https:\/\/redfoxlotto.com\/hu\/eredmenyek\/"},{"@type":"ListItem","position":3,"name":"Mega Sena eredm\u00e9nyek"}]},{"@type":"WebSite","@id":"https:\/\/redfoxlotto.com\/hu\/#website","url":"https:\/\/redfoxlotto.com\/hu\/","name":"Get Tickets for the World\u2019s largest jackpots","description":"Participate in worldwide lottery jackpots from any country","publisher":{"@id":"https:\/\/redfoxlotto.com\/hu\/#organization"},"potentialAction":[{"@type":"SearchAction","target":{"@type":"EntryPoint","urlTemplate":"https:\/\/redfoxlotto.com\/hu\/?s={search_term_string}"},"query-input":{"@type":"PropertyValueSpecification","valueRequired":true,"valueName":"search_term_string"}}],"inLanguage":"hu"},{"@type":"Organization","@id":"https:\/\/redfoxlotto.com\/hu\/#organization","name":"Get Tickets for the World\u2019s largest jackpots","url":"https:\/\/redfoxlotto.com\/hu\/","logo":{"@type":"ImageObject","inLanguage":"hu","@id":"https:\/\/redfoxlotto.com\/hu\/#\/schema\/logo\/image\/","url":"https:\/\/redfoxlotto.com\/wp-content\/uploads\/2023\/04\/logo.png","contentUrl":"https:\/\/redfoxlotto.com\/wp-content\/uploads\/2023\/04\/logo.png","width":269,"height":53,"caption":"Get Tickets for the World\u2019s largest jackpots"},"image":{"@id":"https:\/\/redfoxlotto.com\/hu\/#\/schema\/logo\/image\/"}}]}},"_links":{"self":[{"href":"https:\/\/redfoxlotto.com\/hu\/wp-json\/wp\/v2\/pages\/55198","targetHints":{"allow":["GET"]}}],"collection":[{"href":"https:\/\/redfoxlotto.com\/hu\/wp-json\/wp\/v2\/pages"}],"about":[{"href":"https:\/\/redfoxlotto.com\/hu\/wp-json\/wp\/v2\/types\/page"}],"author":[{"embeddable":true,"href":"https:\/\/redfoxlotto.com\/hu\/wp-json\/wp\/v2\/users\/1"}],"replies":[{"embeddable":true,"href":"https:\/\/redfoxlotto.com\/hu\/wp-json\/wp\/v2\/comments?post=55198"}],"version-history":[{"count":0,"href":"https:\/\/redfoxlotto.com\/hu\/wp-json\/wp\/v2\/pages\/55198\/revisions"}],"up":[{"embeddable":true,"href":"https:\/\/redfoxlotto.com\/hu\/wp-json\/wp\/v2\/pages\/55183"}],"wp:attachment":[{"href":"https:\/\/redfoxlotto.com\/hu\/wp-json\/wp\/v2\/media?parent=55198"}],"curies":[{"name":"wp","href":"https:\/\/api.w.org\/{rel}","templated":true}]}}