{"id":55197,"date":"2018-11-18T08:54:25","date_gmt":"2018-11-18T08:54:25","guid":{"rendered":"https:\/\/redfoxlotto.com\/?page_id=21514"},"modified":"2025-12-18T06:42:55","modified_gmt":"2025-12-18T06:42:55","slug":"mega-millions","status":"publish","type":"page","link":"https:\/\/redfoxlotto.com\/hu\/eredmenyek\/mega-millions\/","title":{"rendered":"Mega Millions eredm\u00e9nyek"},"content":{"rendered":"<script type=\"application\/ld+json\">\r\n{\r\n  \"@context\": \"https:\/\/schema.org\",\r\n  \"@type\": \"Service\",\r\n  \"name\": \"Ellen\u0151rizze a Mega Millions sorsol\u00e1s eredm\u00e9nyeit online\",\r\n  \"url\": \"https:\/\/redfoxlotto.com\/hu\/eredmenyek\/mega-millions\/\",\r\n  \"description\": \"L\u00e1togasson el a RedFoxLotto oldalra, hogy megtekinthesse a legfrissebb Mega Millions eredm\u00e9nyeket \u00e9s lott\u00f3eredm\u00e9ny-arch\u00edvumunkat.\",\r\n  \"serviceType\": \"Vil\u00e1gszint\u0171 lott\u00f3eredm\u00e9ny-arch\u00edvum\",\r\n\r\n  \"provider\": {\r\n    \"@type\": \"Organization\",\r\n    \"name\": \"RedFoxLotto\",\r\n    \"url\": \"https:\/\/redfoxlotto.com\/hu\/\",\r\n    \"image\": \"https:\/\/redfoxlotto.com\/wp-content\/uploads\/2025\/12\/ticket_scans.jpg\",\r\n    \"sameAs\": []\r\n  },\r\n\r\n  \"areaServed\": \"Worldwide\",\r\n  \"termsOfService\": \"https:\/\/redfoxlotto.com\/hu\/terms-and-conditions\/\",\r\n  \"additionalProperty\": {\r\n    \"@type\": \"PropertyValue\",\r\n    \"name\": \"FAQ\",\r\n    \"value\": \"https:\/\/redfoxlotto.com\/hu\/faq\/\"\r\n  },\r\n\r\n  \"hasOfferCatalog\": {\r\n    \"@type\": \"OfferCatalog\",\r\n    \"name\": \"Mega Millions Eredm\u00e9nyek\",\r\n    \"itemListElement\": [\r\n      {\r\n        \"@type\": \"Offer\",\r\n        \"name\": \"Mega Millions Eredm\u00e9nyek\",\r\n        \"url\": \"https:\/\/redfoxlotto.com\/hu\/eredmenyek\/mega-millions\/\",\r\n        \"description\": \"Tekintse meg a legfrissebb \u00e9s kor\u00e1bbi Mega Millions eredm\u00e9nyeket.\",\r\n        \"price\": \"13.00\",\r\n        \"priceCurrency\": \"EUR\",\r\n        \"availability\": \"https:\/\/schema.org\/InStock\",\r\n        \"itemOffered\": {\r\n          \"@type\": \"Service\",\r\n          \"name\": \"Mega Millions Eredm\u00e9nyek\",\r\n          \"description\": \"A Mega Millions kisorsolt sz\u00e1mok online, a legfrissebb \u00e9s r\u00e9gebbi eredm\u00e9nyek.\"\r\n        }\r\n      }\r\n    ]\r\n  },\r\n\r\n  \"mainEntityOfPage\": {\r\n    \"@type\": \"WebPage\",\r\n    \"@id\": \"https:\/\/redfoxlotto.com\/hu\/eredmenyek\/mega-millions\/\"\r\n  }\r\n}\r\n<\/script><p>A Mega Millions USA legut\u00f3bbi sorsol\u00e1s\u00e1nak eredm\u00e9nyeit keresi? Itt megtal\u00e1lja \u0151ket, valamint egy arch\u00edvumot a kor\u00e1bbi sorsol\u00e1sok sz\u00e1maival.<\/p><p>A Mega Millions Jackpot megnyer\u00e9se minden lott\u00f3j\u00e1t\u00e9kos \u00e1lma, \u00e9s a nyerem\u00e9ny gyakran t\u00f6bb sz\u00e1zmilli\u00f3 $ is lehet! Ez mindenk\u00e9ppen ok arra, hogy megn\u00e9zze a Mega Millions eredm\u00e9nyek nyer\u0151sz\u00e1mait. Tudni akarod, hogy mely sz\u00e1mok tal\u00e1lnak be val\u00f3j\u00e1ban, hogy kiv\u00e1laszthasd azokat a sz\u00e1mokat, amelyekkel egy \u00e9letre megalapozhatod magad, igaz?<\/p><h2 class=\"wp-block-heading\">Mega Millions Jackpot<\/h2><p><img decoding=\"async\" class=\"alignright size-full wp-image\" src=\"https:\/\/content.redfoxlotto.com\/uploads\/sites\/9\/1_lottery_winner_is2.jpg\" alt=\"\"><\/p><p>A Mega Millions lott\u00f3 minim\u00e1lis jackpotja 40 milli\u00f3 doll\u00e1r. Ez azt jelenti, hogy ha valaki ma megnyeri a jackpotot, akkor a k\u00f6vetkez\u0151 sorsol\u00e1son a jackpot 40 milli\u00f3 doll\u00e1rr\u00f3l indul. Teh\u00e1t a legkisebb \u00f6sszeg (term\u00e9szetesen ad\u00f3z\u00e1s el\u0151tt), amit megnyerhet, 40 milli\u00f3 doll\u00e1r. \u00c9s ez nem t\u00f6rt\u00e9nik meg t\u00fal gyakran, mert a legt\u00f6bb ember soha nem nyeri meg ezt a jackpotot, amikor a legalacsonyabb szinten van. Ink\u00e1bb akkor nyerik meg a jackpotot, amikor az j\u00f3val magasabb.<\/p><p>Az igazs\u00e1g az, hogy az amerikai Mega Millions jackpotja el\u00e9g gyorsan megn\u0151. \u00c9s a jackpot m\u00e9rete nem korl\u00e1tozott. Itt r\u00f6vid id\u0151 alatt hatalmas \u00f6sszegek halmozhat\u00f3k fel. A Mega Millions valaha el\u00e9rt legmagasabb jackpotja t\u00f6bb mint 1,5 milli\u00e1rd! Ez mindenk\u00e9ppen egy olyan sz\u00e1m, aminek az Egyes\u00fclt \u00c1llamokban mindenki r\u00e9szese akart lenni, ez\u00e9rt t\u00f6bb milli\u00f3 szelv\u00e9nyt adtak el, de nem csak \u0151k lehetnek benne a folyamatban. T\u00e9ged is megh\u00edvtak, hogy megn\u00e9zd.<\/p><h2 class=\"wp-block-heading\">Mega Millions nyerem\u00e9nyszintek<\/h2><p>T\u00e1bl\u00e1zatunkb\u00f3l megn\u00e9zheted az el\u00e9rhet\u0151 nyerem\u00e9nyszinteket \u00e9s a nyerem\u00e9nyed \u00f6sszeg\u00e9t is. A Mega Millions j\u00e1t\u00e9kban rengeteg k\u00fcl\u00f6nb\u00f6z\u0151 m\u00f3don nyerhetsz. Persze, minden egyes sz\u00e1mmal egyeznie kell, ha meg akarja nyerni a jackpotot. Ez mindenk\u00e9ppen nagy teljes\u00edtm\u00e9ny lesz, \u00e9s ehhez el\u00e9g szerencs\u00e9snek kell lenned a sz\u00e1mokkal, de vannak olyan m\u00f3dszerek, amelyekkel m\u00e9g t\u00f6bbet nyerhetsz.<\/p><p>Felv\u00e1zoltuk az egyes m\u00f3dokat, amelyekkel nyerhetsz egy nyerem\u00e9nyt, b\u00e1rmilyen nyerem\u00e9nyt a Mega Millionson kereszt\u00fcl. Amikor megn\u00e9zi a Mega Millions eredm\u00e9nyeit, akkor azokat a sz\u00e1mokat fogja l\u00e1tni, amelyeket az emberek a jackpot megnyer\u00e9s\u00e9hez haszn\u00e1ltak, de \u00d6n is felhaszn\u00e1lhatja ezeket a sz\u00e1mokat, vagy a saj\u00e1t sz\u00e1mait, vagy b\u00e1rmi m\u00e1st, hogy megpr\u00f3b\u00e1lja megnyerni a kisebb nyerem\u00e9nyek egyik\u00e9t.<\/p><p>V\u00e9g\u00fcl is a Mega Millions j\u00e1t\u00e9kban akkor is nyerhetsz valamit, ha csak a Mega Ball sz\u00e1mmal vagy a norm\u00e1l sz\u00e1mok k\u00f6z\u00fcl csak kett\u0151vel egyezik meg. Ez azt jelenti, hogy j\u00f3 es\u00e9llyel nyerhetsz valamit a p\u00e9nzed\u00e9rt.<\/p><p><img loading=\"lazy\" decoding=\"async\" class=\"alignright  wp-image\" src=\"https:\/\/content.redfoxlotto.com\/uploads\/sites\/9\/1_results_mega_millions.jpg\" alt=\"sorsol\u00e1s eredm\u00e9nye\" width=\"232\" height=\"232\"><\/p><h2 class=\"wp-block-heading\">A legt\u00f6bb \u00e9s legkevesebb kih\u00fazott sz\u00e1mok<\/h2><p>Val\u00f3j\u00e1ban \u00f6ssze\u00e1ll\u00edtottunk egy list\u00e1t azokr\u00f3l a sz\u00e1mokr\u00f3l, amelyekre mindenk\u00e9ppen \u00e9rdemes odafigyelned, mert ezek azok a sz\u00e1mok, amelyeket most sokan kedvelnek. Ez azt jelenti, hogy ha megnyered a jackpotot, akkor lehet, hogy a v\u00e9g\u00e9n meg kell osztoznod a nyerem\u00e9nyeden (a t\u00f6bbi nyerem\u00e9nyt szelv\u00e9nyenk\u00e9nt nyerheted), de mindenk\u00e9ppen nagyobb es\u00e9lyed lesz r\u00e1, mert ezek azok a sz\u00e1mok, amelyek sokkal gyakrabban tal\u00e1lnak be, mint n\u00e9h\u00e1ny m\u00e1s sz\u00e1m.<\/p><p>Arch\u00edvumunk is hasznos lehet, ha jobb es\u00e9lyekkel rendelkez\u0151 sz\u00e1mokat szeretne tal\u00e1lni.<\/p><h2 class=\"wp-block-heading\">Itt vannak a Mega Millions lott\u00f3 &#8222;forr\u00f3&#8221; sz\u00e1mai:<\/h2><p>A 29-es, 4-es, 48-as \u00e9s 36-os sz\u00e1mokat h\u00fazz\u00e1k ki leggyakrabban a Mega Millionsban. A 48-as sz\u00e1mot 2005 \u00f3ta t\u00f6bb mint 80 alkalommal h\u00fazt\u00e1k ki. A legn\u00e9pszer\u0171bb MegaBall-sz\u00e1mok a 35-\u00f6s, a 9-es, a 36-os \u00e9s a 7-es sz\u00e1mok voltak.<\/p><p>Ha teh\u00e1t a legn\u00e9pszer\u0171bb sz\u00e1mokat szeretn\u00e9 eltal\u00e1lni, akkor ezeket a sz\u00e1mokat \u00e9rdemes k\u00f6zelebbr\u0151l megn\u00e9znie. Biztos akarsz lenni benne, hogy t\u00e9nyleg belev\u00e1gsz, \u00e9s kital\u00e1lod, hogyan haszn\u00e1lhatod fel ezeket a sz\u00e1mokat magadnak.<\/p><h2 class=\"wp-block-heading\">A Mega Millions j\u00e1t\u00e9k<\/h2><p>Ha k\u00e9szen \u00e1llsz arra, hogy elkezdj j\u00e1tszani a Mega Millionsban, de nem az Egyes\u00fclt \u00c1llamokb\u00f3l sz\u00e1rmazol, akkor sz\u00fcks\u00e9ged lesz egy m\u00f3dra, hogy szelv\u00e9nyt v\u00e1s\u00e1rolj, igaz? Tudnia kell, hogyan fog besz\u00e1llni ebbe az eg\u00e9sz folyamatba, \u00e9s ez val\u00f3j\u00e1ban sokkal egyszer\u0171bb, mint gondolta volna, mert mi gondoskodhatunk r\u00f3la az \u00d6n sz\u00e1m\u00e1ra. Seg\u00edt\u00fcnk megszerezni azt a jegyet is, amit szeretne, nem pedig ak\u00e1rmilyen jegyet.<\/p><p>Amikor v\u00e9gigm\u00e9sz a rendszer\u00fcnk\u00f6n, eld\u00f6ntheted, hogy milyen t\u00edpus\u00fa jegyet szeretn\u00e9l j\u00e1tszani. Term\u00e9szetesen, ha megvan a Mega Millions eredm\u00e9nyek nyer\u0151sz\u00e1ma, akkor a Mega Millions szelv\u00e9nyen akarsz j\u00e1tszani, igaz? Teh\u00e1t, akkor menj az oldalra, ahol ezt a j\u00e1t\u00e9kot tal\u00e1lod, \u00e9s tudj meg r\u00f3la egy kicsit t\u00f6bbet. Onnan elkezdheted kiv\u00e1lasztani azokat a sz\u00e1mokat, amelyeket meg akarsz j\u00e1tszani.<\/p><p>Amikor kiv\u00e1lasztod a sz\u00e1mokat, l\u00e1thatod, hogy h\u00e1nyra van sz\u00fcks\u00e9ged, \u00e9s mi \u00e9rtes\u00edt\u00fcnk, ha t\u00fal kev\u00e9s vagy t\u00fal sok sz\u00e1mod van. Lehet\u0151s\u00e9ge van arra is, hogy egy Quick Pick szelv\u00e9nyt kapjon, ahol v\u00e9letlenszer\u0171en osztjuk ki a sz\u00e1mokat, vagy a kett\u0151 kombin\u00e1ci\u00f3j\u00e1t haszn\u00e1lhatja, \u00e9s kaphat n\u00e9h\u00e1ny v\u00e9letlenszer\u0171en kijel\u00f6lt sz\u00e1mot \u00e9s n\u00e9h\u00e1nyat, amit maga v\u00e1laszt ki. Ezut\u00e1n kit\u00f6lti a kombin\u00e1ci\u00f3kat a k\u00edv\u00e1nt sz\u00e1m\u00fa szelv\u00e9nyhez.<\/p><p>Miut\u00e1n kiv\u00e1lasztotta a sz\u00e1mokat, vagy megv\u00e1s\u00e1rolja \u0151ket a fi\u00f3kj\u00e1n kereszt\u00fcl, vagy be\u00e1ll\u00edtja a fi\u00f3kot, amelyet haszn\u00e1lni fog. Be kell \u00e1ll\u00edtania, hogyan fog fizetni a szelv\u00e9nyek\u00e9rt, \u00e9s azt is meg kell n\u00e9znie, hogyan szeretn\u00e9, hogy a kifizet\u00e9seket k\u00e9zbes\u00edts\u00e9k, ha nyer valamit. Megv\u00e1s\u00e1rolja a jegyeit, \u00e9s a maga r\u00e9sze megt\u00f6rt\u00e9nt. Onnant\u00f3l kezdve mi gondoskodunk a szelv\u00e9nyek beszerz\u00e9s\u00e9r\u0151l.<\/p><p>A szelv\u00e9ny m\u00e9g a fi\u00f3kj\u00e1ban is megjelenik, \u00e9s azt is l\u00e1thatja, hogy nyert-e valamit, mert szuper egyszer\u0171v\u00e9 tessz\u00fck a Mega Millions eredm\u00e9nyek \u00e9s a nyertes sz\u00e1mok megtal\u00e1l\u00e1s\u00e1t a rendszer\u00fcnkben. Amikor a sorsol\u00e1s ut\u00e1n ellen\u0151rzi a szelv\u00e9nyeit, a szelv\u00e9ny\u00e9n szerepl\u0151 \u00f6sszes egyez\u0151 sz\u00e1mot kiemelj\u00fck. \u00cdgy k\u00f6nnyen \u00e9s azonnal l\u00e1thatja, hogy h\u00e1ny tal\u00e1lat van!<\/p>","protected":false},"excerpt":{"rendered":"<p>A Mega Millions USA legut\u00f3bbi sorsol\u00e1s\u00e1nak eredm\u00e9nyeit keresi? Itt megtal\u00e1lja \u0151ket, valamint egy arch\u00edvumot a kor\u00e1bbi sorsol\u00e1sok sz\u00e1maival. A Mega Millions Jackpot megnyer\u00e9se minden lott\u00f3j\u00e1t\u00e9kos \u00e1lma, \u00e9s a nyerem\u00e9ny gyakran t\u00f6bb sz\u00e1zmilli\u00f3 $ is lehet! Ez mindenk\u00e9ppen ok arra, hogy megn\u00e9zze a Mega Millions eredm\u00e9nyek nyer\u0151sz\u00e1mait. Tudni akarod, hogy mely sz\u00e1mok tal\u00e1lnak be val\u00f3j\u00e1ban, hogy [&hellip;]<\/p>\n","protected":false},"author":1,"featured_media":0,"parent":55183,"menu_order":2,"comment_status":"closed","ping_status":"closed","template":"megamillion-results.php","meta":{"_et_pb_use_builder":"","_et_pb_old_content":"","_et_gb_content_width":"","exclude_from_search":false,"footnotes":""},"class_list":["post-55197","page","type-page","status-publish","hentry"],"yoast_head":"<!-- This site is optimized with the Yoast SEO plugin v23.8 - https:\/\/yoast.com\/wordpress\/plugins\/seo\/ -->\n<title>Mega Millions Nyer\u0151 sz\u00e1mok \u00e9s eredm\u00e9nyek<\/title>\n<meta name=\"description\" content=\"Ellen\u0151rizze a nyertes sz\u00e1mokat a Mega Millions eredm\u00e9nyek oldal\u00e1n, a kor\u00e1bbi sorsol\u00e1sok arch\u00edvum\u00e1val.\" \/>\n<meta name=\"robots\" content=\"index, follow, max-snippet:-1, max-image-preview:large, max-video-preview:-1\" \/>\n<link rel=\"canonical\" href=\"https:\/\/redfoxlotto.com\/hu\/eredmenyek\/mega-millions\/\" \/>\n<meta property=\"og:locale\" content=\"hu_HU\" \/>\n<meta property=\"og:type\" content=\"article\" \/>\n<meta property=\"og:title\" content=\"Mega Millions Nyer\u0151 sz\u00e1mok \u00e9s eredm\u00e9nyek\" \/>\n<meta property=\"og:description\" content=\"Ellen\u0151rizze a nyertes sz\u00e1mokat a Mega Millions eredm\u00e9nyek oldal\u00e1n, a kor\u00e1bbi sorsol\u00e1sok arch\u00edvum\u00e1val.\" \/>\n<meta property=\"og:url\" content=\"https:\/\/redfoxlotto.com\/hu\/eredmenyek\/mega-millions\/\" \/>\n<meta property=\"og:site_name\" content=\"Get Tickets for the World\u2019s largest jackpots\" \/>\n<meta property=\"article:modified_time\" content=\"2025-12-18T06:42:55+00:00\" \/>\n<meta property=\"og:image\" content=\"https:\/\/content.redfoxlotto.com\/uploads\/sites\/9\/1_lottery_winner_is2.jpg\" \/>\n<meta name=\"twitter:card\" content=\"summary_large_image\" \/>\n<meta name=\"twitter:label1\" content=\"Becs\u00fclt olvas\u00e1si id\u0151\" \/>\n\t<meta name=\"twitter:data1\" content=\"4 perc\" \/>\n<script type=\"application\/ld+json\" class=\"yoast-schema-graph\">{\"@context\":\"https:\/\/schema.org\",\"@graph\":[{\"@type\":\"WebPage\",\"@id\":\"https:\/\/redfoxlotto.com\/hu\/eredmenyek\/mega-millions\/\",\"url\":\"https:\/\/redfoxlotto.com\/hu\/eredmenyek\/mega-millions\/\",\"name\":\"Mega Millions Nyer\u0151 sz\u00e1mok \u00e9s eredm\u00e9nyek\",\"isPartOf\":{\"@id\":\"https:\/\/redfoxlotto.com\/hu\/#website\"},\"primaryImageOfPage\":{\"@id\":\"https:\/\/redfoxlotto.com\/hu\/eredmenyek\/mega-millions\/#primaryimage\"},\"image\":{\"@id\":\"https:\/\/redfoxlotto.com\/hu\/eredmenyek\/mega-millions\/#primaryimage\"},\"thumbnailUrl\":\"https:\/\/content.redfoxlotto.com\/uploads\/sites\/9\/1_lottery_winner_is2.jpg\",\"datePublished\":\"2018-11-18T08:54:25+00:00\",\"dateModified\":\"2025-12-18T06:42:55+00:00\",\"description\":\"Ellen\u0151rizze a nyertes sz\u00e1mokat a Mega Millions eredm\u00e9nyek oldal\u00e1n, a kor\u00e1bbi sorsol\u00e1sok arch\u00edvum\u00e1val.\",\"breadcrumb\":{\"@id\":\"https:\/\/redfoxlotto.com\/hu\/eredmenyek\/mega-millions\/#breadcrumb\"},\"inLanguage\":\"hu\",\"potentialAction\":[{\"@type\":\"ReadAction\",\"target\":[\"https:\/\/redfoxlotto.com\/hu\/eredmenyek\/mega-millions\/\"]}]},{\"@type\":\"ImageObject\",\"inLanguage\":\"hu\",\"@id\":\"https:\/\/redfoxlotto.com\/hu\/eredmenyek\/mega-millions\/#primaryimage\",\"url\":\"https:\/\/content.redfoxlotto.com\/uploads\/sites\/9\/1_lottery_winner_is2.jpg\",\"contentUrl\":\"https:\/\/content.redfoxlotto.com\/uploads\/sites\/9\/1_lottery_winner_is2.jpg\"},{\"@type\":\"BreadcrumbList\",\"@id\":\"https:\/\/redfoxlotto.com\/hu\/eredmenyek\/mega-millions\/#breadcrumb\",\"itemListElement\":[{\"@type\":\"ListItem\",\"position\":1,\"name\":\"Home\",\"item\":\"https:\/\/redfoxlotto.com\/hu\/\"},{\"@type\":\"ListItem\",\"position\":2,\"name\":\"Nemzetk\u00f6zi lott\u00f3 eredm\u00e9nyek\",\"item\":\"https:\/\/redfoxlotto.com\/hu\/eredmenyek\/\"},{\"@type\":\"ListItem\",\"position\":3,\"name\":\"Mega Millions eredm\u00e9nyek\"}]},{\"@type\":\"WebSite\",\"@id\":\"https:\/\/redfoxlotto.com\/hu\/#website\",\"url\":\"https:\/\/redfoxlotto.com\/hu\/\",\"name\":\"Get Tickets for the World\u2019s largest jackpots\",\"description\":\"Participate in worldwide lottery jackpots from any country\",\"publisher\":{\"@id\":\"https:\/\/redfoxlotto.com\/hu\/#organization\"},\"potentialAction\":[{\"@type\":\"SearchAction\",\"target\":{\"@type\":\"EntryPoint\",\"urlTemplate\":\"https:\/\/redfoxlotto.com\/hu\/?s={search_term_string}\"},\"query-input\":{\"@type\":\"PropertyValueSpecification\",\"valueRequired\":true,\"valueName\":\"search_term_string\"}}],\"inLanguage\":\"hu\"},{\"@type\":\"Organization\",\"@id\":\"https:\/\/redfoxlotto.com\/hu\/#organization\",\"name\":\"Get Tickets for the World\u2019s largest jackpots\",\"url\":\"https:\/\/redfoxlotto.com\/hu\/\",\"logo\":{\"@type\":\"ImageObject\",\"inLanguage\":\"hu\",\"@id\":\"https:\/\/redfoxlotto.com\/hu\/#\/schema\/logo\/image\/\",\"url\":\"https:\/\/redfoxlotto.com\/wp-content\/uploads\/2023\/04\/logo.png\",\"contentUrl\":\"https:\/\/redfoxlotto.com\/wp-content\/uploads\/2023\/04\/logo.png\",\"width\":269,\"height\":53,\"caption\":\"Get Tickets for the World\u2019s largest jackpots\"},\"image\":{\"@id\":\"https:\/\/redfoxlotto.com\/hu\/#\/schema\/logo\/image\/\"}}]}<\/script>\n<!-- \/ Yoast SEO plugin. -->","yoast_head_json":{"title":"Mega Millions Nyer\u0151 sz\u00e1mok \u00e9s eredm\u00e9nyek","description":"Ellen\u0151rizze a nyertes sz\u00e1mokat a Mega Millions eredm\u00e9nyek oldal\u00e1n, a kor\u00e1bbi sorsol\u00e1sok arch\u00edvum\u00e1val.","robots":{"index":"index","follow":"follow","max-snippet":"max-snippet:-1","max-image-preview":"max-image-preview:large","max-video-preview":"max-video-preview:-1"},"canonical":"https:\/\/redfoxlotto.com\/hu\/eredmenyek\/mega-millions\/","og_locale":"hu_HU","og_type":"article","og_title":"Mega Millions Nyer\u0151 sz\u00e1mok \u00e9s eredm\u00e9nyek","og_description":"Ellen\u0151rizze a nyertes sz\u00e1mokat a Mega Millions eredm\u00e9nyek oldal\u00e1n, a kor\u00e1bbi sorsol\u00e1sok arch\u00edvum\u00e1val.","og_url":"https:\/\/redfoxlotto.com\/hu\/eredmenyek\/mega-millions\/","og_site_name":"Get Tickets for the World\u2019s largest jackpots","article_modified_time":"2025-12-18T06:42:55+00:00","og_image":[{"url":"https:\/\/content.redfoxlotto.com\/uploads\/sites\/9\/1_lottery_winner_is2.jpg"}],"twitter_card":"summary_large_image","twitter_misc":{"Becs\u00fclt olvas\u00e1si id\u0151":"4 perc"},"schema":{"@context":"https:\/\/schema.org","@graph":[{"@type":"WebPage","@id":"https:\/\/redfoxlotto.com\/hu\/eredmenyek\/mega-millions\/","url":"https:\/\/redfoxlotto.com\/hu\/eredmenyek\/mega-millions\/","name":"Mega Millions Nyer\u0151 sz\u00e1mok \u00e9s eredm\u00e9nyek","isPartOf":{"@id":"https:\/\/redfoxlotto.com\/hu\/#website"},"primaryImageOfPage":{"@id":"https:\/\/redfoxlotto.com\/hu\/eredmenyek\/mega-millions\/#primaryimage"},"image":{"@id":"https:\/\/redfoxlotto.com\/hu\/eredmenyek\/mega-millions\/#primaryimage"},"thumbnailUrl":"https:\/\/content.redfoxlotto.com\/uploads\/sites\/9\/1_lottery_winner_is2.jpg","datePublished":"2018-11-18T08:54:25+00:00","dateModified":"2025-12-18T06:42:55+00:00","description":"Ellen\u0151rizze a nyertes sz\u00e1mokat a Mega Millions eredm\u00e9nyek oldal\u00e1n, a kor\u00e1bbi sorsol\u00e1sok arch\u00edvum\u00e1val.","breadcrumb":{"@id":"https:\/\/redfoxlotto.com\/hu\/eredmenyek\/mega-millions\/#breadcrumb"},"inLanguage":"hu","potentialAction":[{"@type":"ReadAction","target":["https:\/\/redfoxlotto.com\/hu\/eredmenyek\/mega-millions\/"]}]},{"@type":"ImageObject","inLanguage":"hu","@id":"https:\/\/redfoxlotto.com\/hu\/eredmenyek\/mega-millions\/#primaryimage","url":"https:\/\/content.redfoxlotto.com\/uploads\/sites\/9\/1_lottery_winner_is2.jpg","contentUrl":"https:\/\/content.redfoxlotto.com\/uploads\/sites\/9\/1_lottery_winner_is2.jpg"},{"@type":"BreadcrumbList","@id":"https:\/\/redfoxlotto.com\/hu\/eredmenyek\/mega-millions\/#breadcrumb","itemListElement":[{"@type":"ListItem","position":1,"name":"Home","item":"https:\/\/redfoxlotto.com\/hu\/"},{"@type":"ListItem","position":2,"name":"Nemzetk\u00f6zi lott\u00f3 eredm\u00e9nyek","item":"https:\/\/redfoxlotto.com\/hu\/eredmenyek\/"},{"@type":"ListItem","position":3,"name":"Mega Millions eredm\u00e9nyek"}]},{"@type":"WebSite","@id":"https:\/\/redfoxlotto.com\/hu\/#website","url":"https:\/\/redfoxlotto.com\/hu\/","name":"Get Tickets for the World\u2019s largest jackpots","description":"Participate in worldwide lottery jackpots from any country","publisher":{"@id":"https:\/\/redfoxlotto.com\/hu\/#organization"},"potentialAction":[{"@type":"SearchAction","target":{"@type":"EntryPoint","urlTemplate":"https:\/\/redfoxlotto.com\/hu\/?s={search_term_string}"},"query-input":{"@type":"PropertyValueSpecification","valueRequired":true,"valueName":"search_term_string"}}],"inLanguage":"hu"},{"@type":"Organization","@id":"https:\/\/redfoxlotto.com\/hu\/#organization","name":"Get Tickets for the World\u2019s largest jackpots","url":"https:\/\/redfoxlotto.com\/hu\/","logo":{"@type":"ImageObject","inLanguage":"hu","@id":"https:\/\/redfoxlotto.com\/hu\/#\/schema\/logo\/image\/","url":"https:\/\/redfoxlotto.com\/wp-content\/uploads\/2023\/04\/logo.png","contentUrl":"https:\/\/redfoxlotto.com\/wp-content\/uploads\/2023\/04\/logo.png","width":269,"height":53,"caption":"Get Tickets for the World\u2019s largest jackpots"},"image":{"@id":"https:\/\/redfoxlotto.com\/hu\/#\/schema\/logo\/image\/"}}]}},"_links":{"self":[{"href":"https:\/\/redfoxlotto.com\/hu\/wp-json\/wp\/v2\/pages\/55197","targetHints":{"allow":["GET"]}}],"collection":[{"href":"https:\/\/redfoxlotto.com\/hu\/wp-json\/wp\/v2\/pages"}],"about":[{"href":"https:\/\/redfoxlotto.com\/hu\/wp-json\/wp\/v2\/types\/page"}],"author":[{"embeddable":true,"href":"https:\/\/redfoxlotto.com\/hu\/wp-json\/wp\/v2\/users\/1"}],"replies":[{"embeddable":true,"href":"https:\/\/redfoxlotto.com\/hu\/wp-json\/wp\/v2\/comments?post=55197"}],"version-history":[{"count":0,"href":"https:\/\/redfoxlotto.com\/hu\/wp-json\/wp\/v2\/pages\/55197\/revisions"}],"up":[{"embeddable":true,"href":"https:\/\/redfoxlotto.com\/hu\/wp-json\/wp\/v2\/pages\/55183"}],"wp:attachment":[{"href":"https:\/\/redfoxlotto.com\/hu\/wp-json\/wp\/v2\/media?parent=55197"}],"curies":[{"name":"wp","href":"https:\/\/api.w.org\/{rel}","templated":true}]}}