{"id":55196,"date":"2020-08-18T09:14:14","date_gmt":"2020-08-18T09:14:14","guid":{"rendered":"https:\/\/redfoxlotto.com\/?page_id=21512"},"modified":"2023-03-13T17:37:23","modified_gmt":"2023-03-13T17:37:23","slug":"lotto-at","status":"publish","type":"page","link":"https:\/\/redfoxlotto.com\/hu\/eredmenyek\/lotto-at\/","title":{"rendered":"Lotto Ausztria eredm\u00e9nyek"},"content":{"rendered":"<h2 class=\"wp-block-heading\">Osztr\u00e1k lott\u00f3 nyer\u0151sz\u00e1mok<\/h2><p>Hol tal\u00e1lja meg az osztr\u00e1k lott\u00f3 nyer\u0151sz\u00e1mait a sorsol\u00e1s ut\u00e1n? Mind\u00f6ssze annyit kell tennie, hogy bejelentkezik a weboldalunkra, ahol a szelv\u00e9nyeit v\u00e1s\u00e1rolta, \u00e9s a sz\u00e1mok ott lesznek az \u00d6n sz\u00e1m\u00e1ra.<\/p><h2 class=\"wp-block-heading\">A legfrissebb eredm\u00e9nyek ellen\u0151rz\u00e9se<\/h2><p>A RedFoxLotto.com seg\u00edts\u00e9g\u00e9vel az \u00f6sszes kedvenc j\u00e1t\u00e9k\u00e1nak legfrissebb eredm\u00e9nyeit k\u00f6zvetlen\u00fcl a weboldalunkon tal\u00e1lhatja meg. Nem kell agg\u00f3dnia semmi miatt, mert minden ott lesz. De ha saj\u00e1t szelv\u00e9nyt v\u00e1s\u00e1rolt, akkor val\u00f3j\u00e1ban m\u00e9g k\u00f6nnyebb lesz megtal\u00e1lni a megfelel\u0151 eredm\u00e9nyeket.<\/p><h2 class=\"wp-block-heading\">Az eredm\u00e9nyek ellen\u0151rz\u00e9se<\/h2><p>Ha a szelv\u00e9nyein az osztr\u00e1k lott\u00f3 nyer\u0151sz\u00e1mai szerepelnek, azt azonnal tudni fogja. Ez az\u00e9rt van, mert csak be kell jelentkeznie szem\u00e9lyes fi\u00f3kj\u00e1ba, meg kell n\u00e9znie a &#8222;Szelv\u00e9nyeim&#8221; men\u00fcpontot, \u00e9s meg kell n\u00e9znie, hogy mely sz\u00e1mok egyeznek a legut\u00f3bbi sorsol\u00e1sok nyertes sz\u00e1maival.<br>Minden szelv\u00e9ny, amelyet b\u00e1rmelyik j\u00e1t\u00e9kra v\u00e1s\u00e1rolt, el\u00e9rhet\u0151 lesz itt, \u00e9s l\u00e1thatja, hogy mely sz\u00e1mok egyeznek a nyertes szelv\u00e9nnyel, valamint azt is, hogy mit nyert. Ha ez egy 2500,00 eur\u00f3ig terjed\u0151 \u00f6sszeg, akkor azt m\u00e9g a sz\u00e1ml\u00e1dra is azonnal befizetj\u00fck neked.<\/p><h2 class=\"wp-block-heading\">Osztr\u00e1k lott\u00f3 eredm\u00e9nyek arch\u00edvuma<\/h2><p>Ha m\u00e1r ismeri az aktu\u00e1lis osztr\u00e1k lott\u00f3 nyer\u0151sz\u00e1mait, akkor tal\u00e1n k\u00edv\u00e1ncsi lesz a r\u00e9gebbi sz\u00e1mokra is. Nem kell m\u00e1st tenned, mint megn\u00e9zni az eredm\u00e9nyarch\u00edvumot, \u00e9s m\u00e1ris l\u00e1thatod, mely sz\u00e1mok nyertek a m\u00faltban, \u00e9s melyek szoktak a leggyakrabban nyerni.<\/p>","protected":false},"excerpt":{"rendered":"<p>Osztr\u00e1k lott\u00f3 nyer\u0151sz\u00e1mok Hol tal\u00e1lja meg az osztr\u00e1k lott\u00f3 nyer\u0151sz\u00e1mait a sorsol\u00e1s ut\u00e1n? Mind\u00f6ssze annyit kell tennie, hogy bejelentkezik a weboldalunkra, ahol a szelv\u00e9nyeit v\u00e1s\u00e1rolta, \u00e9s a sz\u00e1mok ott lesznek az \u00d6n sz\u00e1m\u00e1ra. A legfrissebb eredm\u00e9nyek ellen\u0151rz\u00e9se A RedFoxLotto.com seg\u00edts\u00e9g\u00e9vel az \u00f6sszes kedvenc j\u00e1t\u00e9k\u00e1nak legfrissebb eredm\u00e9nyeit k\u00f6zvetlen\u00fcl a weboldalunkon tal\u00e1lhatja meg. Nem kell agg\u00f3dnia semmi [&hellip;]<\/p>\n","protected":false},"author":1,"featured_media":0,"parent":55183,"menu_order":16,"comment_status":"closed","ping_status":"closed","template":"","meta":{"_et_pb_use_builder":"","_et_pb_old_content":"","_et_gb_content_width":"","exclude_from_search":false,"footnotes":""},"class_list":["post-55196","page","type-page","status-publish","hentry"],"yoast_head":"<!-- This site is optimized with the Yoast SEO plugin v23.8 - https:\/\/yoast.com\/wordpress\/plugins\/seo\/ -->\n<title>Nyer\u0151sz\u00e1mok \u00e9s eredm\u00e9nyek az osztr\u00e1k lott\u00f3n<\/title>\n<meta name=\"description\" content=\"Heti \u00faj \u00e9s kor\u00e1bbi sorsol\u00e1si eredm\u00e9nyek az osztr\u00e1k sorsol\u00e1son\" \/>\n<meta name=\"robots\" content=\"index, follow, max-snippet:-1, max-image-preview:large, max-video-preview:-1\" \/>\n<link rel=\"canonical\" href=\"https:\/\/redfoxlotto.com\/hu\/eredmenyek\/lotto-at\/\" \/>\n<meta property=\"og:locale\" content=\"hu_HU\" \/>\n<meta property=\"og:type\" content=\"article\" \/>\n<meta property=\"og:title\" content=\"Nyer\u0151sz\u00e1mok \u00e9s eredm\u00e9nyek az osztr\u00e1k lott\u00f3n\" \/>\n<meta property=\"og:description\" content=\"Heti \u00faj \u00e9s kor\u00e1bbi sorsol\u00e1si eredm\u00e9nyek az osztr\u00e1k sorsol\u00e1son\" \/>\n<meta property=\"og:url\" content=\"https:\/\/redfoxlotto.com\/hu\/eredmenyek\/lotto-at\/\" \/>\n<meta property=\"og:site_name\" content=\"Get Tickets for the World\u2019s largest jackpots\" \/>\n<meta property=\"article:modified_time\" content=\"2023-03-13T17:37:23+00:00\" \/>\n<meta name=\"twitter:card\" content=\"summary_large_image\" \/>\n<meta name=\"twitter:label1\" content=\"Becs\u00fclt olvas\u00e1si id\u0151\" \/>\n\t<meta name=\"twitter:data1\" content=\"2 perc\" \/>\n<script type=\"application\/ld+json\" class=\"yoast-schema-graph\">{\"@context\":\"https:\/\/schema.org\",\"@graph\":[{\"@type\":\"WebPage\",\"@id\":\"https:\/\/redfoxlotto.com\/hu\/eredmenyek\/lotto-at\/\",\"url\":\"https:\/\/redfoxlotto.com\/hu\/eredmenyek\/lotto-at\/\",\"name\":\"Nyer\u0151sz\u00e1mok \u00e9s eredm\u00e9nyek az osztr\u00e1k lott\u00f3n\",\"isPartOf\":{\"@id\":\"https:\/\/redfoxlotto.com\/hu\/#website\"},\"datePublished\":\"2020-08-18T09:14:14+00:00\",\"dateModified\":\"2023-03-13T17:37:23+00:00\",\"description\":\"Heti \u00faj \u00e9s kor\u00e1bbi sorsol\u00e1si eredm\u00e9nyek az osztr\u00e1k sorsol\u00e1son\",\"breadcrumb\":{\"@id\":\"https:\/\/redfoxlotto.com\/hu\/eredmenyek\/lotto-at\/#breadcrumb\"},\"inLanguage\":\"hu\",\"potentialAction\":[{\"@type\":\"ReadAction\",\"target\":[\"https:\/\/redfoxlotto.com\/hu\/eredmenyek\/lotto-at\/\"]}]},{\"@type\":\"BreadcrumbList\",\"@id\":\"https:\/\/redfoxlotto.com\/hu\/eredmenyek\/lotto-at\/#breadcrumb\",\"itemListElement\":[{\"@type\":\"ListItem\",\"position\":1,\"name\":\"Home\",\"item\":\"https:\/\/redfoxlotto.com\/hu\/\"},{\"@type\":\"ListItem\",\"position\":2,\"name\":\"Nemzetk\u00f6zi lott\u00f3 eredm\u00e9nyek\",\"item\":\"https:\/\/redfoxlotto.com\/hu\/eredmenyek\/\"},{\"@type\":\"ListItem\",\"position\":3,\"name\":\"Lotto Ausztria eredm\u00e9nyek\"}]},{\"@type\":\"WebSite\",\"@id\":\"https:\/\/redfoxlotto.com\/hu\/#website\",\"url\":\"https:\/\/redfoxlotto.com\/hu\/\",\"name\":\"Get Tickets for the World\u2019s largest jackpots\",\"description\":\"Participate in worldwide lottery jackpots from any country\",\"publisher\":{\"@id\":\"https:\/\/redfoxlotto.com\/hu\/#organization\"},\"potentialAction\":[{\"@type\":\"SearchAction\",\"target\":{\"@type\":\"EntryPoint\",\"urlTemplate\":\"https:\/\/redfoxlotto.com\/hu\/?s={search_term_string}\"},\"query-input\":{\"@type\":\"PropertyValueSpecification\",\"valueRequired\":true,\"valueName\":\"search_term_string\"}}],\"inLanguage\":\"hu\"},{\"@type\":\"Organization\",\"@id\":\"https:\/\/redfoxlotto.com\/hu\/#organization\",\"name\":\"Get Tickets for the World\u2019s largest jackpots\",\"url\":\"https:\/\/redfoxlotto.com\/hu\/\",\"logo\":{\"@type\":\"ImageObject\",\"inLanguage\":\"hu\",\"@id\":\"https:\/\/redfoxlotto.com\/hu\/#\/schema\/logo\/image\/\",\"url\":\"https:\/\/redfoxlotto.com\/wp-content\/uploads\/2023\/04\/logo.png\",\"contentUrl\":\"https:\/\/redfoxlotto.com\/wp-content\/uploads\/2023\/04\/logo.png\",\"width\":269,\"height\":53,\"caption\":\"Get Tickets for the World\u2019s largest jackpots\"},\"image\":{\"@id\":\"https:\/\/redfoxlotto.com\/hu\/#\/schema\/logo\/image\/\"}}]}<\/script>\n<!-- \/ Yoast SEO plugin. -->","yoast_head_json":{"title":"Nyer\u0151sz\u00e1mok \u00e9s eredm\u00e9nyek az osztr\u00e1k lott\u00f3n","description":"Heti \u00faj \u00e9s kor\u00e1bbi sorsol\u00e1si eredm\u00e9nyek az osztr\u00e1k sorsol\u00e1son","robots":{"index":"index","follow":"follow","max-snippet":"max-snippet:-1","max-image-preview":"max-image-preview:large","max-video-preview":"max-video-preview:-1"},"canonical":"https:\/\/redfoxlotto.com\/hu\/eredmenyek\/lotto-at\/","og_locale":"hu_HU","og_type":"article","og_title":"Nyer\u0151sz\u00e1mok \u00e9s eredm\u00e9nyek az osztr\u00e1k lott\u00f3n","og_description":"Heti \u00faj \u00e9s kor\u00e1bbi sorsol\u00e1si eredm\u00e9nyek az osztr\u00e1k sorsol\u00e1son","og_url":"https:\/\/redfoxlotto.com\/hu\/eredmenyek\/lotto-at\/","og_site_name":"Get Tickets for the World\u2019s largest jackpots","article_modified_time":"2023-03-13T17:37:23+00:00","twitter_card":"summary_large_image","twitter_misc":{"Becs\u00fclt olvas\u00e1si id\u0151":"2 perc"},"schema":{"@context":"https:\/\/schema.org","@graph":[{"@type":"WebPage","@id":"https:\/\/redfoxlotto.com\/hu\/eredmenyek\/lotto-at\/","url":"https:\/\/redfoxlotto.com\/hu\/eredmenyek\/lotto-at\/","name":"Nyer\u0151sz\u00e1mok \u00e9s eredm\u00e9nyek az osztr\u00e1k lott\u00f3n","isPartOf":{"@id":"https:\/\/redfoxlotto.com\/hu\/#website"},"datePublished":"2020-08-18T09:14:14+00:00","dateModified":"2023-03-13T17:37:23+00:00","description":"Heti \u00faj \u00e9s kor\u00e1bbi sorsol\u00e1si eredm\u00e9nyek az osztr\u00e1k sorsol\u00e1son","breadcrumb":{"@id":"https:\/\/redfoxlotto.com\/hu\/eredmenyek\/lotto-at\/#breadcrumb"},"inLanguage":"hu","potentialAction":[{"@type":"ReadAction","target":["https:\/\/redfoxlotto.com\/hu\/eredmenyek\/lotto-at\/"]}]},{"@type":"BreadcrumbList","@id":"https:\/\/redfoxlotto.com\/hu\/eredmenyek\/lotto-at\/#breadcrumb","itemListElement":[{"@type":"ListItem","position":1,"name":"Home","item":"https:\/\/redfoxlotto.com\/hu\/"},{"@type":"ListItem","position":2,"name":"Nemzetk\u00f6zi lott\u00f3 eredm\u00e9nyek","item":"https:\/\/redfoxlotto.com\/hu\/eredmenyek\/"},{"@type":"ListItem","position":3,"name":"Lotto Ausztria eredm\u00e9nyek"}]},{"@type":"WebSite","@id":"https:\/\/redfoxlotto.com\/hu\/#website","url":"https:\/\/redfoxlotto.com\/hu\/","name":"Get Tickets for the World\u2019s largest jackpots","description":"Participate in worldwide lottery jackpots from any country","publisher":{"@id":"https:\/\/redfoxlotto.com\/hu\/#organization"},"potentialAction":[{"@type":"SearchAction","target":{"@type":"EntryPoint","urlTemplate":"https:\/\/redfoxlotto.com\/hu\/?s={search_term_string}"},"query-input":{"@type":"PropertyValueSpecification","valueRequired":true,"valueName":"search_term_string"}}],"inLanguage":"hu"},{"@type":"Organization","@id":"https:\/\/redfoxlotto.com\/hu\/#organization","name":"Get Tickets for the World\u2019s largest jackpots","url":"https:\/\/redfoxlotto.com\/hu\/","logo":{"@type":"ImageObject","inLanguage":"hu","@id":"https:\/\/redfoxlotto.com\/hu\/#\/schema\/logo\/image\/","url":"https:\/\/redfoxlotto.com\/wp-content\/uploads\/2023\/04\/logo.png","contentUrl":"https:\/\/redfoxlotto.com\/wp-content\/uploads\/2023\/04\/logo.png","width":269,"height":53,"caption":"Get Tickets for the World\u2019s largest jackpots"},"image":{"@id":"https:\/\/redfoxlotto.com\/hu\/#\/schema\/logo\/image\/"}}]}},"_links":{"self":[{"href":"https:\/\/redfoxlotto.com\/hu\/wp-json\/wp\/v2\/pages\/55196","targetHints":{"allow":["GET"]}}],"collection":[{"href":"https:\/\/redfoxlotto.com\/hu\/wp-json\/wp\/v2\/pages"}],"about":[{"href":"https:\/\/redfoxlotto.com\/hu\/wp-json\/wp\/v2\/types\/page"}],"author":[{"embeddable":true,"href":"https:\/\/redfoxlotto.com\/hu\/wp-json\/wp\/v2\/users\/1"}],"replies":[{"embeddable":true,"href":"https:\/\/redfoxlotto.com\/hu\/wp-json\/wp\/v2\/comments?post=55196"}],"version-history":[{"count":0,"href":"https:\/\/redfoxlotto.com\/hu\/wp-json\/wp\/v2\/pages\/55196\/revisions"}],"up":[{"embeddable":true,"href":"https:\/\/redfoxlotto.com\/hu\/wp-json\/wp\/v2\/pages\/55183"}],"wp:attachment":[{"href":"https:\/\/redfoxlotto.com\/hu\/wp-json\/wp\/v2\/media?parent=55196"}],"curies":[{"name":"wp","href":"https:\/\/api.w.org\/{rel}","templated":true}]}}