{"id":55195,"date":"2020-08-18T09:11:18","date_gmt":"2020-08-18T09:11:18","guid":{"rendered":"https:\/\/redfoxlotto.com\/?page_id=21510"},"modified":"2023-03-13T17:37:23","modified_gmt":"2023-03-13T17:37:23","slug":"lotto-america","status":"publish","type":"page","link":"https:\/\/redfoxlotto.com\/hu\/eredmenyek\/lotto-america\/","title":{"rendered":"Lotto Amerika eredm\u00e9nyek"},"content":{"rendered":"<p>\u00d6n rajong az online lott\u00f3\u00e9rt? Ha igen, akkor val\u00f3sz\u00edn\u0171leg m\u00e1r v\u00e1s\u00e1rolt\u00e1l szelv\u00e9nyeket az \u00f6sszes kedvenc j\u00e1t\u00e9kodra, de ismered az \u00f6sszes k\u00fcl\u00f6nb\u00f6z\u0151 j\u00e1t\u00e9kot, ami l\u00e9tezik? Tudja, hogy h\u00e1ny k\u00fcl\u00f6nb\u00f6z\u0151 j\u00e1t\u00e9kban j\u00e1tszhat? Nos, mindenk\u00e9ppen tudnia kellene. \u00c9s k\u00fcl\u00f6n\u00f6sen az amerikai lott\u00f3r\u00f3l kellene tudnia. Ott ugyanis nagyszer\u0171 nyerem\u00e9nyekhez juthatsz, \u00e9s m\u00e9g j\u00f3l is fogsz sz\u00f3rakozni.<\/p><h2 class=\"wp-block-heading\">Lotto America j\u00e1t\u00e9k<\/h2><p>Ha k\u00e9szen \u00e1llsz a Lotto America j\u00e1t\u00e9kra, csak annyit kell tenned, hogy megn\u00e9zed a RedFoxLotto-t, mert a j\u00e1t\u00e9k ott el\u00e9rhet\u0151 rengeteg m\u00e1s online j\u00e1t\u00e9kkal egy\u00fctt. A vil\u00e1g minden t\u00e1j\u00e1r\u00f3l j\u00e1tszhatsz k\u00fcl\u00f6nb\u00f6z\u0151 lott\u00f3j\u00e1t\u00e9kokkal. \u00c9s itt kezd\u0151dik a m\u00f3ka igaz\u00e1n. De ha \u00e9rdekel a Lotto America, tudnod kell, hogyan kell j\u00e1tszani.<\/p><p><img loading=\"lazy\" decoding=\"async\" class=\" wp-image alignright\" src=\"https:\/\/content.redfoxlotto.com\/uploads\/sites\/9\/1_draw_results_lotto.jpg\" alt=\"sorsol\u00e1s eredm\u00e9nyek lotto amerika\" width=\"251\" height=\"177\"><\/p><p>Szerencs\u00e9re a lott\u00f3j\u00e1t\u00e9kot j\u00e1tszani egyszer\u0171. Mind\u00f6ssze annyit kell tennie, hogy kiv\u00e1laszt hat sz\u00e1mot, amelyekr\u0151l \u00fagy gondolja, hogy a sorsol\u00e1s sor\u00e1n megjelennek. Ezek k\u00f6z\u00fcl \u00f6t feh\u00e9r goly\u00f3 a standard sz\u00e1mok. Az egyik egy piros goly\u00f3 a b\u00f3nuszsz\u00e1m. Ha az \u00f6sszes sz\u00e1mot eltal\u00e1lod, akkor megnyered a jackpotot. Ha kevesebb sz\u00e1mot tal\u00e1lsz el, akkor is nyerhetsz!<\/p><p>\u00c9s amikor j\u00e1tszol, lehet\u0151s\u00e9ged van az All Star b\u00f3nuszt is hozz\u00e1adni, ami es\u00e9lyt ad arra, hogy a jackpoton k\u00edv\u00fcl minden m\u00e1s nyerem\u00e9nyedet is megsokszorozd. Ez azt jelenti, hogy a v\u00e9g\u00e9n m\u00e9g nagyobb nyerem\u00e9nyt \u00e9s m\u00e9g t\u00f6bb sz\u00f3rakoz\u00e1st nyerhetsz a folyamatb\u00f3l.<\/p><h2 class=\"wp-block-heading\">Megnyerte az amerikai lott\u00f3t?<\/h2><p><img decoding=\"async\" class=\"size-full wp-image alignright\" src=\"https:\/\/content.redfoxlotto.com\/uploads\/sites\/9\/1_winner_lottery1.jpg\" alt=\"gy\u0151ztes lott\u00f3 amerika\"><\/p><p>De miut\u00e1n kiv\u00e1lasztotta a sz\u00e1mokat \u00e9s megv\u00e1s\u00e1rolta a szelv\u00e9ny\u00e9t, honnan fogja tudni, hogy val\u00f3ban nyert-e? Ez nagyon egyszer\u0171. Mind\u00f6ssze annyit kell tennie, hogy megn\u00e9zi a RedFoxLotto. Ha nem v\u00e1s\u00e1rolt szelv\u00e9nyt, akkor is l\u00e1thatja a leg\u00fajabb lott\u00f3j\u00e1t\u00e9kok nyer\u0151sz\u00e1mait, ami azt jelenti, hogy kital\u00e1lhatja, hol a legjobbak az es\u00e9lyei.<br>Ha j\u00e1tszott, akkor k\u00f6zvetlen\u00fcl a fi\u00f3kj\u00e1ba l\u00e9phet be, hogy megn\u00e9zze a nyertes sz\u00e1mokat \u00e9s a szelv\u00e9nyei \u00f6sszehasonl\u00edt\u00e1s\u00e1t. L\u00e1thatod az esetleges egyez\u0151 sz\u00e1mokat, \u00edgy l\u00e1thatod, hogy milyen nyerem\u00e9nyre vagy jogosult. Nem mintha agg\u00f3dnia kellene emiatt, mert a RedFoxLotto gondoskodik err\u0151l a r\u00e9szr\u0151l is az \u00d6n sz\u00e1m\u00e1ra.<\/p><h2 class=\"wp-block-heading\">A lott\u00f3 megnyer\u00e9se Amerik\u00e1ban<\/h2><p>Ha megnyeri a Lotto America vagy b\u00e1rmely m\u00e1s online lott\u00f3j\u00e1t\u00e9kot, akkor arr\u00f3l gondoskodunk az \u00d6n sz\u00e1m\u00e1ra. A kisebb nyerem\u00e9nyeket azonnal ki lehet osztani, amint be\u00e9rkeznek az eredm\u00e9nyek \u00e9s a szelv\u00e9nyek egyeznek. Semmit sem kell tennie ahhoz, hogy ig\u00e9nyt tartson ezekre a nyerem\u00e9nyekre. \u00c9s k\u00f6zvetlen\u00fcl a sz\u00e1ml\u00e1dra ker\u00fclnek, \u00edgy kiveheted a p\u00e9nzt, vagy vehetsz egy m\u00e1sik szelv\u00e9nyt.<\/p><p>Ha nagyobb nyerem\u00e9nyeket nyersz, akkor a lott\u00f3j\u00e1t\u00e9kon kereszt\u00fcl, amelyet j\u00e1tszol, lehetnek k\u00f6vetelm\u00e9nyek. Ha ez a helyzet, akkor mindent a lehet\u0151 legjobban leegyszer\u0171s\u00edt\u00fcnk az \u00d6n sz\u00e1m\u00e1ra, hogy a nyerem\u00e9ny\u00e9t min\u00e9l kevesebb gonddal vehesse \u00e1t. \u00cdgy azonnal visszat\u00e9rhetsz a j\u00e1t\u00e9khoz vagy b\u00e1rmi m\u00e1shoz, amit a p\u00e9nzeddel szeretn\u00e9l csin\u00e1lni.<\/p><p>A jackpotnyerem\u00e9nyekhez pap\u00edrmunk\u00e1t kell kit\u00f6ltenie, vagy valamilyen form\u00e1ban igazol\u00e1st kell k\u00fcldenie. Ha ez a helyzet, a RedFoxLotto a lehet\u0151 legegyszer\u0171bb\u00e9 teszi, hogy tudja, mit \u00e9s hogyan kell tennie. \u00c9s ez m\u0171k\u00f6dik minden lott\u00f3j\u00e1t\u00e9k eset\u00e9ben, amelyet megnyerhet a Lotto Amerik\u00e1t\u00f3l kezdve a weboldalon el\u00e9rhet\u0151 b\u00e1rmelyik m\u00e1sik lott\u00f3j\u00e1t\u00e9kig.<\/p><h2 class=\"wp-block-heading\">\u00dajra j\u00e1tszani<\/h2><p>Amint k\u00e9szen \u00e1ll, elveheti a nyerem\u00e9ny\u00e9t (vagy befizethet m\u00e9g t\u00f6bb p\u00e9nzt), \u00e9s elkezdhet szelv\u00e9nyeket v\u00e1s\u00e1rolni a k\u00f6vetkez\u0151 j\u00e1t\u00e9kk\u00f6rre, amelyet j\u00e1tszani szeretne. Tal\u00e1n m\u00e9g meg is lep\u0151dik, hogy mennyi k\u00fcl\u00f6nb\u00f6z\u0151 j\u00e1t\u00e9k van, \u00e9s hogy potenci\u00e1lisan mennyit nyerhet. De nem fogsz meglep\u0151dni azon, hogy mennyire sz\u00f3rakoztat\u00f3 sz\u00e1modra, ha mindezeket a k\u00fcl\u00f6nb\u00f6z\u0151 j\u00e1t\u00e9kokat magadnak j\u00e1tszhatod. Csak el kell d\u00f6ntened, hogy hol szeretn\u00e9d kezdeni, \u00e9s melyik j\u00e1t\u00e9kot j\u00e1tszod el\u0151sz\u00f6r.<\/p>","protected":false},"excerpt":{"rendered":"<p>\u00d6n rajong az online lott\u00f3\u00e9rt? Ha igen, akkor val\u00f3sz\u00edn\u0171leg m\u00e1r v\u00e1s\u00e1rolt\u00e1l szelv\u00e9nyeket az \u00f6sszes kedvenc j\u00e1t\u00e9kodra, de ismered az \u00f6sszes k\u00fcl\u00f6nb\u00f6z\u0151 j\u00e1t\u00e9kot, ami l\u00e9tezik? Tudja, hogy h\u00e1ny k\u00fcl\u00f6nb\u00f6z\u0151 j\u00e1t\u00e9kban j\u00e1tszhat? Nos, mindenk\u00e9ppen tudnia kellene. \u00c9s k\u00fcl\u00f6n\u00f6sen az amerikai lott\u00f3r\u00f3l kellene tudnia. Ott ugyanis nagyszer\u0171 nyerem\u00e9nyekhez juthatsz, \u00e9s m\u00e9g j\u00f3l is fogsz sz\u00f3rakozni. Lotto America j\u00e1t\u00e9k [&hellip;]<\/p>\n","protected":false},"author":1,"featured_media":0,"parent":55183,"menu_order":12,"comment_status":"closed","ping_status":"closed","template":"lotto-america-results.php","meta":{"_et_pb_use_builder":"","_et_pb_old_content":"","_et_gb_content_width":"","exclude_from_search":false,"footnotes":""},"class_list":["post-55195","page","type-page","status-publish","hentry"],"yoast_head":"<!-- This site is optimized with the Yoast SEO plugin v23.8 - https:\/\/yoast.com\/wordpress\/plugins\/seo\/ -->\n<title>Lotto Amerika sorsol\u00e1s eredm\u00e9nye, nyertes sz\u00e1mok<\/title>\n<meta name=\"description\" content=\"Az e heti Lotto America nyer\u0151sz\u00e1mok, valamint az eredm\u00e9nyek arch\u00edvuma\" \/>\n<meta name=\"robots\" content=\"index, follow, max-snippet:-1, max-image-preview:large, max-video-preview:-1\" \/>\n<link rel=\"canonical\" href=\"https:\/\/redfoxlotto.com\/hu\/eredmenyek\/lotto-america\/\" \/>\n<meta property=\"og:locale\" content=\"hu_HU\" \/>\n<meta property=\"og:type\" content=\"article\" \/>\n<meta property=\"og:title\" content=\"Lotto Amerika sorsol\u00e1s eredm\u00e9nye, nyertes sz\u00e1mok\" \/>\n<meta property=\"og:description\" content=\"Az e heti Lotto America nyer\u0151sz\u00e1mok, valamint az eredm\u00e9nyek arch\u00edvuma\" \/>\n<meta property=\"og:url\" content=\"https:\/\/redfoxlotto.com\/hu\/eredmenyek\/lotto-america\/\" \/>\n<meta property=\"og:site_name\" content=\"Get Tickets for the World\u2019s largest jackpots\" \/>\n<meta property=\"article:modified_time\" content=\"2023-03-13T17:37:23+00:00\" \/>\n<meta property=\"og:image\" content=\"https:\/\/content.redfoxlotto.com\/uploads\/sites\/9\/1_draw_results_lotto.jpg\" \/>\n<meta name=\"twitter:card\" content=\"summary_large_image\" \/>\n<meta name=\"twitter:label1\" content=\"Becs\u00fclt olvas\u00e1si id\u0151\" \/>\n\t<meta name=\"twitter:data1\" content=\"4 perc\" \/>\n<script type=\"application\/ld+json\" class=\"yoast-schema-graph\">{\"@context\":\"https:\/\/schema.org\",\"@graph\":[{\"@type\":\"WebPage\",\"@id\":\"https:\/\/redfoxlotto.com\/hu\/eredmenyek\/lotto-america\/\",\"url\":\"https:\/\/redfoxlotto.com\/hu\/eredmenyek\/lotto-america\/\",\"name\":\"Lotto Amerika sorsol\u00e1s eredm\u00e9nye, nyertes sz\u00e1mok\",\"isPartOf\":{\"@id\":\"https:\/\/redfoxlotto.com\/hu\/#website\"},\"primaryImageOfPage\":{\"@id\":\"https:\/\/redfoxlotto.com\/hu\/eredmenyek\/lotto-america\/#primaryimage\"},\"image\":{\"@id\":\"https:\/\/redfoxlotto.com\/hu\/eredmenyek\/lotto-america\/#primaryimage\"},\"thumbnailUrl\":\"https:\/\/content.redfoxlotto.com\/uploads\/sites\/9\/1_draw_results_lotto.jpg\",\"datePublished\":\"2020-08-18T09:11:18+00:00\",\"dateModified\":\"2023-03-13T17:37:23+00:00\",\"description\":\"Az e heti Lotto America nyer\u0151sz\u00e1mok, valamint az eredm\u00e9nyek arch\u00edvuma\",\"breadcrumb\":{\"@id\":\"https:\/\/redfoxlotto.com\/hu\/eredmenyek\/lotto-america\/#breadcrumb\"},\"inLanguage\":\"hu\",\"potentialAction\":[{\"@type\":\"ReadAction\",\"target\":[\"https:\/\/redfoxlotto.com\/hu\/eredmenyek\/lotto-america\/\"]}]},{\"@type\":\"ImageObject\",\"inLanguage\":\"hu\",\"@id\":\"https:\/\/redfoxlotto.com\/hu\/eredmenyek\/lotto-america\/#primaryimage\",\"url\":\"https:\/\/content.redfoxlotto.com\/uploads\/sites\/9\/1_draw_results_lotto.jpg\",\"contentUrl\":\"https:\/\/content.redfoxlotto.com\/uploads\/sites\/9\/1_draw_results_lotto.jpg\"},{\"@type\":\"BreadcrumbList\",\"@id\":\"https:\/\/redfoxlotto.com\/hu\/eredmenyek\/lotto-america\/#breadcrumb\",\"itemListElement\":[{\"@type\":\"ListItem\",\"position\":1,\"name\":\"Home\",\"item\":\"https:\/\/redfoxlotto.com\/hu\/\"},{\"@type\":\"ListItem\",\"position\":2,\"name\":\"Nemzetk\u00f6zi lott\u00f3 eredm\u00e9nyek\",\"item\":\"https:\/\/redfoxlotto.com\/hu\/eredmenyek\/\"},{\"@type\":\"ListItem\",\"position\":3,\"name\":\"Lotto Amerika eredm\u00e9nyek\"}]},{\"@type\":\"WebSite\",\"@id\":\"https:\/\/redfoxlotto.com\/hu\/#website\",\"url\":\"https:\/\/redfoxlotto.com\/hu\/\",\"name\":\"Get Tickets for the World\u2019s largest jackpots\",\"description\":\"Participate in worldwide lottery jackpots from any country\",\"publisher\":{\"@id\":\"https:\/\/redfoxlotto.com\/hu\/#organization\"},\"potentialAction\":[{\"@type\":\"SearchAction\",\"target\":{\"@type\":\"EntryPoint\",\"urlTemplate\":\"https:\/\/redfoxlotto.com\/hu\/?s={search_term_string}\"},\"query-input\":{\"@type\":\"PropertyValueSpecification\",\"valueRequired\":true,\"valueName\":\"search_term_string\"}}],\"inLanguage\":\"hu\"},{\"@type\":\"Organization\",\"@id\":\"https:\/\/redfoxlotto.com\/hu\/#organization\",\"name\":\"Get Tickets for the World\u2019s largest jackpots\",\"url\":\"https:\/\/redfoxlotto.com\/hu\/\",\"logo\":{\"@type\":\"ImageObject\",\"inLanguage\":\"hu\",\"@id\":\"https:\/\/redfoxlotto.com\/hu\/#\/schema\/logo\/image\/\",\"url\":\"https:\/\/redfoxlotto.com\/wp-content\/uploads\/2023\/04\/logo.png\",\"contentUrl\":\"https:\/\/redfoxlotto.com\/wp-content\/uploads\/2023\/04\/logo.png\",\"width\":269,\"height\":53,\"caption\":\"Get Tickets for the World\u2019s largest jackpots\"},\"image\":{\"@id\":\"https:\/\/redfoxlotto.com\/hu\/#\/schema\/logo\/image\/\"}}]}<\/script>\n<!-- \/ Yoast SEO plugin. -->","yoast_head_json":{"title":"Lotto Amerika sorsol\u00e1s eredm\u00e9nye, nyertes sz\u00e1mok","description":"Az e heti Lotto America nyer\u0151sz\u00e1mok, valamint az eredm\u00e9nyek arch\u00edvuma","robots":{"index":"index","follow":"follow","max-snippet":"max-snippet:-1","max-image-preview":"max-image-preview:large","max-video-preview":"max-video-preview:-1"},"canonical":"https:\/\/redfoxlotto.com\/hu\/eredmenyek\/lotto-america\/","og_locale":"hu_HU","og_type":"article","og_title":"Lotto Amerika sorsol\u00e1s eredm\u00e9nye, nyertes sz\u00e1mok","og_description":"Az e heti Lotto America nyer\u0151sz\u00e1mok, valamint az eredm\u00e9nyek arch\u00edvuma","og_url":"https:\/\/redfoxlotto.com\/hu\/eredmenyek\/lotto-america\/","og_site_name":"Get Tickets for the World\u2019s largest jackpots","article_modified_time":"2023-03-13T17:37:23+00:00","og_image":[{"url":"https:\/\/content.redfoxlotto.com\/uploads\/sites\/9\/1_draw_results_lotto.jpg"}],"twitter_card":"summary_large_image","twitter_misc":{"Becs\u00fclt olvas\u00e1si id\u0151":"4 perc"},"schema":{"@context":"https:\/\/schema.org","@graph":[{"@type":"WebPage","@id":"https:\/\/redfoxlotto.com\/hu\/eredmenyek\/lotto-america\/","url":"https:\/\/redfoxlotto.com\/hu\/eredmenyek\/lotto-america\/","name":"Lotto Amerika sorsol\u00e1s eredm\u00e9nye, nyertes sz\u00e1mok","isPartOf":{"@id":"https:\/\/redfoxlotto.com\/hu\/#website"},"primaryImageOfPage":{"@id":"https:\/\/redfoxlotto.com\/hu\/eredmenyek\/lotto-america\/#primaryimage"},"image":{"@id":"https:\/\/redfoxlotto.com\/hu\/eredmenyek\/lotto-america\/#primaryimage"},"thumbnailUrl":"https:\/\/content.redfoxlotto.com\/uploads\/sites\/9\/1_draw_results_lotto.jpg","datePublished":"2020-08-18T09:11:18+00:00","dateModified":"2023-03-13T17:37:23+00:00","description":"Az e heti Lotto America nyer\u0151sz\u00e1mok, valamint az eredm\u00e9nyek arch\u00edvuma","breadcrumb":{"@id":"https:\/\/redfoxlotto.com\/hu\/eredmenyek\/lotto-america\/#breadcrumb"},"inLanguage":"hu","potentialAction":[{"@type":"ReadAction","target":["https:\/\/redfoxlotto.com\/hu\/eredmenyek\/lotto-america\/"]}]},{"@type":"ImageObject","inLanguage":"hu","@id":"https:\/\/redfoxlotto.com\/hu\/eredmenyek\/lotto-america\/#primaryimage","url":"https:\/\/content.redfoxlotto.com\/uploads\/sites\/9\/1_draw_results_lotto.jpg","contentUrl":"https:\/\/content.redfoxlotto.com\/uploads\/sites\/9\/1_draw_results_lotto.jpg"},{"@type":"BreadcrumbList","@id":"https:\/\/redfoxlotto.com\/hu\/eredmenyek\/lotto-america\/#breadcrumb","itemListElement":[{"@type":"ListItem","position":1,"name":"Home","item":"https:\/\/redfoxlotto.com\/hu\/"},{"@type":"ListItem","position":2,"name":"Nemzetk\u00f6zi lott\u00f3 eredm\u00e9nyek","item":"https:\/\/redfoxlotto.com\/hu\/eredmenyek\/"},{"@type":"ListItem","position":3,"name":"Lotto Amerika eredm\u00e9nyek"}]},{"@type":"WebSite","@id":"https:\/\/redfoxlotto.com\/hu\/#website","url":"https:\/\/redfoxlotto.com\/hu\/","name":"Get Tickets for the World\u2019s largest jackpots","description":"Participate in worldwide lottery jackpots from any country","publisher":{"@id":"https:\/\/redfoxlotto.com\/hu\/#organization"},"potentialAction":[{"@type":"SearchAction","target":{"@type":"EntryPoint","urlTemplate":"https:\/\/redfoxlotto.com\/hu\/?s={search_term_string}"},"query-input":{"@type":"PropertyValueSpecification","valueRequired":true,"valueName":"search_term_string"}}],"inLanguage":"hu"},{"@type":"Organization","@id":"https:\/\/redfoxlotto.com\/hu\/#organization","name":"Get Tickets for the World\u2019s largest jackpots","url":"https:\/\/redfoxlotto.com\/hu\/","logo":{"@type":"ImageObject","inLanguage":"hu","@id":"https:\/\/redfoxlotto.com\/hu\/#\/schema\/logo\/image\/","url":"https:\/\/redfoxlotto.com\/wp-content\/uploads\/2023\/04\/logo.png","contentUrl":"https:\/\/redfoxlotto.com\/wp-content\/uploads\/2023\/04\/logo.png","width":269,"height":53,"caption":"Get Tickets for the World\u2019s largest jackpots"},"image":{"@id":"https:\/\/redfoxlotto.com\/hu\/#\/schema\/logo\/image\/"}}]}},"_links":{"self":[{"href":"https:\/\/redfoxlotto.com\/hu\/wp-json\/wp\/v2\/pages\/55195","targetHints":{"allow":["GET"]}}],"collection":[{"href":"https:\/\/redfoxlotto.com\/hu\/wp-json\/wp\/v2\/pages"}],"about":[{"href":"https:\/\/redfoxlotto.com\/hu\/wp-json\/wp\/v2\/types\/page"}],"author":[{"embeddable":true,"href":"https:\/\/redfoxlotto.com\/hu\/wp-json\/wp\/v2\/users\/1"}],"replies":[{"embeddable":true,"href":"https:\/\/redfoxlotto.com\/hu\/wp-json\/wp\/v2\/comments?post=55195"}],"version-history":[{"count":0,"href":"https:\/\/redfoxlotto.com\/hu\/wp-json\/wp\/v2\/pages\/55195\/revisions"}],"up":[{"embeddable":true,"href":"https:\/\/redfoxlotto.com\/hu\/wp-json\/wp\/v2\/pages\/55183"}],"wp:attachment":[{"href":"https:\/\/redfoxlotto.com\/hu\/wp-json\/wp\/v2\/media?parent=55195"}],"curies":[{"name":"wp","href":"https:\/\/api.w.org\/{rel}","templated":true}]}}