{"id":55194,"date":"2020-08-18T09:23:56","date_gmt":"2020-08-18T09:23:56","guid":{"rendered":"https:\/\/redfoxlotto.com\/?page_id=21508"},"modified":"2023-03-13T17:37:23","modified_gmt":"2023-03-13T17:37:23","slug":"lotto-6aus49","status":"publish","type":"page","link":"https:\/\/redfoxlotto.com\/hu\/eredmenyek\/lotto-6aus49\/","title":{"rendered":"N\u00e9met Lotto eredm\u00e9nyek"},"content":{"rendered":"<h2 class=\"wp-block-heading\">N\u00e9met Lotto 6aus49 Nyer\u0151 sz\u00e1mok<\/h2><p>Ha m\u00e1r j\u00e1tszott\u00e1l a n\u00e9met lott\u00f3n, tudni szeretn\u00e9d, hogy nyert\u00e9l-e valamit, \u00e9s ehhez ismerned kell a nyer\u0151sz\u00e1mokat. Vagy ha meg akar j\u00e1tszani n\u00e9h\u00e1ny olyan sz\u00e1mot, amelyek a k\u00f6zelm\u00faltban vagy a leggyakrabban nyertek, akkor tudnia kell, hogy melyek ezek a sz\u00e1mok, de hogyan ellen\u0151rizheti a n\u00e9met lott\u00f3 6aus49 nyer\u0151sz\u00e1mokat?<\/p><h2 class=\"wp-block-heading\">A legfrissebb eredm\u00e9nyek ellen\u0151rz\u00e9se<\/h2><p><img loading=\"lazy\" decoding=\"async\" class=\" wp-image alignright\" src=\"https:\/\/content.redfoxlotto.com\/uploads\/sites\/9\/1_draw_results_lotto2.jpg\" alt=\"lott\u00f3 eredm\u00e9nyek N\u00e9metorsz\u00e1g\" width=\"224\" height=\"106\"><\/p><p>Ennek a lott\u00f3j\u00e1t\u00e9knak a legfrissebb eredm\u00e9nyeit k\u00f6zvetlen\u00fcl online ellen\u0151rizheti, \u00e9s ezt a RedFoxLotto.com oldalon is megteheti. Mind\u00f6ssze annyit kell tennie, hogy ell\u00e1togat a weboldalra, \u00e9s m\u00e1ris l\u00e1thatja az \u00f6sszes kedvenc j\u00e1t\u00e9k\u00e1nak nyer\u0151sz\u00e1mait.<\/p><p><img loading=\"lazy\" decoding=\"async\" class=\" wp-image alignright\" src=\"https:\/\/content.redfoxlotto.com\/uploads\/sites\/9\/1_win_lottery_prizes.jpg\" alt=\"nyerni lott\u00f3n\" width=\"231\" height=\"153\"><\/p><p>Ha val\u00f3ban j\u00e1tszott\u00e1l ezen a j\u00e1t\u00e9kon (vagy b\u00e1rmely m\u00e1s j\u00e1t\u00e9kon), akkor bejelentkezhetsz a fi\u00f3kodba, \u00e9s ott ellen\u0151rizheted a nyer\u0151sz\u00e1mokat, \u00e9s \u00edgy megtudhatod, hogy nyert\u00e9l-e valamit.<\/p><h2 class=\"wp-block-heading\">Nyert\u00e9l?<\/h2><p>Ha az oldalunkon tal\u00e1lhat\u00f3 lott\u00f3j\u00e1t\u00e9kok b\u00e1rmelyik\u00e9t j\u00e1tszottad, \u00e9s nyert\u00e9l, azonnal tudni fogod, mert bejelentkezhetsz a fi\u00f3kodba, \u00e9s l\u00e1thatod a nyertes sz\u00e1mokat a saj\u00e1tjaiddal \u00f6sszehasonl\u00edtva. Az egyez\u0151 sz\u00e1mok mind ki lesznek emelve, hogy l\u00e1thassa \u0151ket. \u00c9s a nyerem\u00e9nyed is automatikusan a sz\u00e1ml\u00e1dra ker\u00fcl.<\/p><h2 class=\"wp-block-heading\">R\u00e9gi sz\u00e1mok ellen\u0151rz\u00e9se<\/h2><p>Ha k\u00edv\u00e1ncsi vagy n\u00e9h\u00e1ny kor\u00e1bbi n\u00e9met lott\u00f3 6aus49 nyer\u0151sz\u00e1mra, megn\u00e9zheted az eredm\u00e9nyarch\u00edvumot. Tal\u00e1lsz r\u00e9gi sz\u00e1mokat, amelyeket b\u00e1rmire felhaszn\u00e1lhatsz.<\/p>","protected":false},"excerpt":{"rendered":"<p>N\u00e9met Lotto 6aus49 Nyer\u0151 sz\u00e1mok Ha m\u00e1r j\u00e1tszott\u00e1l a n\u00e9met lott\u00f3n, tudni szeretn\u00e9d, hogy nyert\u00e9l-e valamit, \u00e9s ehhez ismerned kell a nyer\u0151sz\u00e1mokat. Vagy ha meg akar j\u00e1tszani n\u00e9h\u00e1ny olyan sz\u00e1mot, amelyek a k\u00f6zelm\u00faltban vagy a leggyakrabban nyertek, akkor tudnia kell, hogy melyek ezek a sz\u00e1mok, de hogyan ellen\u0151rizheti a n\u00e9met lott\u00f3 6aus49 nyer\u0151sz\u00e1mokat? A legfrissebb [&hellip;]<\/p>\n","protected":false},"author":1,"featured_media":0,"parent":55183,"menu_order":15,"comment_status":"closed","ping_status":"closed","template":"lotto-german-results.php","meta":{"_et_pb_use_builder":"","_et_pb_old_content":"","_et_gb_content_width":"","exclude_from_search":false,"footnotes":""},"class_list":["post-55194","page","type-page","status-publish","hentry"],"yoast_head":"<!-- This site is optimized with the Yoast SEO plugin v23.8 - https:\/\/yoast.com\/wordpress\/plugins\/seo\/ -->\n<title>N\u00e9met lott\u00f3 sorsol\u00e1s eredm\u00e9nyei \u00e9s nyertes sz\u00e1mkombin\u00e1ci\u00f3k, plusz arch\u00edvum<\/title>\n<meta name=\"description\" content=\"Megs\u00fct\u00f6tte a n\u00e9met lott\u00f3 nyer\u0151sz\u00e1mait? Ellen\u0151rizze a sorsol\u00e1s eredm\u00e9nyeit weboldalunkon\" \/>\n<meta name=\"robots\" content=\"index, follow, max-snippet:-1, max-image-preview:large, max-video-preview:-1\" \/>\n<link rel=\"canonical\" href=\"https:\/\/redfoxlotto.com\/hu\/eredmenyek\/lotto-6aus49\/\" \/>\n<meta property=\"og:locale\" content=\"hu_HU\" \/>\n<meta property=\"og:type\" content=\"article\" \/>\n<meta property=\"og:title\" content=\"N\u00e9met lott\u00f3 sorsol\u00e1s eredm\u00e9nyei \u00e9s nyertes sz\u00e1mkombin\u00e1ci\u00f3k, plusz arch\u00edvum\" \/>\n<meta property=\"og:description\" content=\"Megs\u00fct\u00f6tte a n\u00e9met lott\u00f3 nyer\u0151sz\u00e1mait? Ellen\u0151rizze a sorsol\u00e1s eredm\u00e9nyeit weboldalunkon\" \/>\n<meta property=\"og:url\" content=\"https:\/\/redfoxlotto.com\/hu\/eredmenyek\/lotto-6aus49\/\" \/>\n<meta property=\"og:site_name\" content=\"Get Tickets for the World\u2019s largest jackpots\" \/>\n<meta property=\"article:modified_time\" content=\"2023-03-13T17:37:23+00:00\" \/>\n<meta property=\"og:image\" content=\"https:\/\/content.redfoxlotto.com\/uploads\/sites\/9\/1_draw_results_lotto2.jpg\" \/>\n<meta name=\"twitter:card\" content=\"summary_large_image\" \/>\n<meta name=\"twitter:label1\" content=\"Becs\u00fclt olvas\u00e1si id\u0151\" \/>\n\t<meta name=\"twitter:data1\" content=\"2 perc\" \/>\n<script type=\"application\/ld+json\" class=\"yoast-schema-graph\">{\"@context\":\"https:\/\/schema.org\",\"@graph\":[{\"@type\":\"WebPage\",\"@id\":\"https:\/\/redfoxlotto.com\/hu\/eredmenyek\/lotto-6aus49\/\",\"url\":\"https:\/\/redfoxlotto.com\/hu\/eredmenyek\/lotto-6aus49\/\",\"name\":\"N\u00e9met lott\u00f3 sorsol\u00e1s eredm\u00e9nyei \u00e9s nyertes sz\u00e1mkombin\u00e1ci\u00f3k, plusz arch\u00edvum\",\"isPartOf\":{\"@id\":\"https:\/\/redfoxlotto.com\/hu\/#website\"},\"primaryImageOfPage\":{\"@id\":\"https:\/\/redfoxlotto.com\/hu\/eredmenyek\/lotto-6aus49\/#primaryimage\"},\"image\":{\"@id\":\"https:\/\/redfoxlotto.com\/hu\/eredmenyek\/lotto-6aus49\/#primaryimage\"},\"thumbnailUrl\":\"https:\/\/content.redfoxlotto.com\/uploads\/sites\/9\/1_draw_results_lotto2.jpg\",\"datePublished\":\"2020-08-18T09:23:56+00:00\",\"dateModified\":\"2023-03-13T17:37:23+00:00\",\"description\":\"Megs\u00fct\u00f6tte a n\u00e9met lott\u00f3 nyer\u0151sz\u00e1mait? Ellen\u0151rizze a sorsol\u00e1s eredm\u00e9nyeit weboldalunkon\",\"breadcrumb\":{\"@id\":\"https:\/\/redfoxlotto.com\/hu\/eredmenyek\/lotto-6aus49\/#breadcrumb\"},\"inLanguage\":\"hu\",\"potentialAction\":[{\"@type\":\"ReadAction\",\"target\":[\"https:\/\/redfoxlotto.com\/hu\/eredmenyek\/lotto-6aus49\/\"]}]},{\"@type\":\"ImageObject\",\"inLanguage\":\"hu\",\"@id\":\"https:\/\/redfoxlotto.com\/hu\/eredmenyek\/lotto-6aus49\/#primaryimage\",\"url\":\"https:\/\/content.redfoxlotto.com\/uploads\/sites\/9\/1_draw_results_lotto2.jpg\",\"contentUrl\":\"https:\/\/content.redfoxlotto.com\/uploads\/sites\/9\/1_draw_results_lotto2.jpg\"},{\"@type\":\"BreadcrumbList\",\"@id\":\"https:\/\/redfoxlotto.com\/hu\/eredmenyek\/lotto-6aus49\/#breadcrumb\",\"itemListElement\":[{\"@type\":\"ListItem\",\"position\":1,\"name\":\"Home\",\"item\":\"https:\/\/redfoxlotto.com\/hu\/\"},{\"@type\":\"ListItem\",\"position\":2,\"name\":\"Nemzetk\u00f6zi lott\u00f3 eredm\u00e9nyek\",\"item\":\"https:\/\/redfoxlotto.com\/hu\/eredmenyek\/\"},{\"@type\":\"ListItem\",\"position\":3,\"name\":\"N\u00e9met Lotto eredm\u00e9nyek\"}]},{\"@type\":\"WebSite\",\"@id\":\"https:\/\/redfoxlotto.com\/hu\/#website\",\"url\":\"https:\/\/redfoxlotto.com\/hu\/\",\"name\":\"Get Tickets for the World\u2019s largest jackpots\",\"description\":\"Participate in worldwide lottery jackpots from any country\",\"publisher\":{\"@id\":\"https:\/\/redfoxlotto.com\/hu\/#organization\"},\"potentialAction\":[{\"@type\":\"SearchAction\",\"target\":{\"@type\":\"EntryPoint\",\"urlTemplate\":\"https:\/\/redfoxlotto.com\/hu\/?s={search_term_string}\"},\"query-input\":{\"@type\":\"PropertyValueSpecification\",\"valueRequired\":true,\"valueName\":\"search_term_string\"}}],\"inLanguage\":\"hu\"},{\"@type\":\"Organization\",\"@id\":\"https:\/\/redfoxlotto.com\/hu\/#organization\",\"name\":\"Get Tickets for the World\u2019s largest jackpots\",\"url\":\"https:\/\/redfoxlotto.com\/hu\/\",\"logo\":{\"@type\":\"ImageObject\",\"inLanguage\":\"hu\",\"@id\":\"https:\/\/redfoxlotto.com\/hu\/#\/schema\/logo\/image\/\",\"url\":\"https:\/\/redfoxlotto.com\/wp-content\/uploads\/2023\/04\/logo.png\",\"contentUrl\":\"https:\/\/redfoxlotto.com\/wp-content\/uploads\/2023\/04\/logo.png\",\"width\":269,\"height\":53,\"caption\":\"Get Tickets for the World\u2019s largest jackpots\"},\"image\":{\"@id\":\"https:\/\/redfoxlotto.com\/hu\/#\/schema\/logo\/image\/\"}}]}<\/script>\n<!-- \/ Yoast SEO plugin. -->","yoast_head_json":{"title":"N\u00e9met lott\u00f3 sorsol\u00e1s eredm\u00e9nyei \u00e9s nyertes sz\u00e1mkombin\u00e1ci\u00f3k, plusz arch\u00edvum","description":"Megs\u00fct\u00f6tte a n\u00e9met lott\u00f3 nyer\u0151sz\u00e1mait? Ellen\u0151rizze a sorsol\u00e1s eredm\u00e9nyeit weboldalunkon","robots":{"index":"index","follow":"follow","max-snippet":"max-snippet:-1","max-image-preview":"max-image-preview:large","max-video-preview":"max-video-preview:-1"},"canonical":"https:\/\/redfoxlotto.com\/hu\/eredmenyek\/lotto-6aus49\/","og_locale":"hu_HU","og_type":"article","og_title":"N\u00e9met lott\u00f3 sorsol\u00e1s eredm\u00e9nyei \u00e9s nyertes sz\u00e1mkombin\u00e1ci\u00f3k, plusz arch\u00edvum","og_description":"Megs\u00fct\u00f6tte a n\u00e9met lott\u00f3 nyer\u0151sz\u00e1mait? Ellen\u0151rizze a sorsol\u00e1s eredm\u00e9nyeit weboldalunkon","og_url":"https:\/\/redfoxlotto.com\/hu\/eredmenyek\/lotto-6aus49\/","og_site_name":"Get Tickets for the World\u2019s largest jackpots","article_modified_time":"2023-03-13T17:37:23+00:00","og_image":[{"url":"https:\/\/content.redfoxlotto.com\/uploads\/sites\/9\/1_draw_results_lotto2.jpg"}],"twitter_card":"summary_large_image","twitter_misc":{"Becs\u00fclt olvas\u00e1si id\u0151":"2 perc"},"schema":{"@context":"https:\/\/schema.org","@graph":[{"@type":"WebPage","@id":"https:\/\/redfoxlotto.com\/hu\/eredmenyek\/lotto-6aus49\/","url":"https:\/\/redfoxlotto.com\/hu\/eredmenyek\/lotto-6aus49\/","name":"N\u00e9met lott\u00f3 sorsol\u00e1s eredm\u00e9nyei \u00e9s nyertes sz\u00e1mkombin\u00e1ci\u00f3k, plusz arch\u00edvum","isPartOf":{"@id":"https:\/\/redfoxlotto.com\/hu\/#website"},"primaryImageOfPage":{"@id":"https:\/\/redfoxlotto.com\/hu\/eredmenyek\/lotto-6aus49\/#primaryimage"},"image":{"@id":"https:\/\/redfoxlotto.com\/hu\/eredmenyek\/lotto-6aus49\/#primaryimage"},"thumbnailUrl":"https:\/\/content.redfoxlotto.com\/uploads\/sites\/9\/1_draw_results_lotto2.jpg","datePublished":"2020-08-18T09:23:56+00:00","dateModified":"2023-03-13T17:37:23+00:00","description":"Megs\u00fct\u00f6tte a n\u00e9met lott\u00f3 nyer\u0151sz\u00e1mait? Ellen\u0151rizze a sorsol\u00e1s eredm\u00e9nyeit weboldalunkon","breadcrumb":{"@id":"https:\/\/redfoxlotto.com\/hu\/eredmenyek\/lotto-6aus49\/#breadcrumb"},"inLanguage":"hu","potentialAction":[{"@type":"ReadAction","target":["https:\/\/redfoxlotto.com\/hu\/eredmenyek\/lotto-6aus49\/"]}]},{"@type":"ImageObject","inLanguage":"hu","@id":"https:\/\/redfoxlotto.com\/hu\/eredmenyek\/lotto-6aus49\/#primaryimage","url":"https:\/\/content.redfoxlotto.com\/uploads\/sites\/9\/1_draw_results_lotto2.jpg","contentUrl":"https:\/\/content.redfoxlotto.com\/uploads\/sites\/9\/1_draw_results_lotto2.jpg"},{"@type":"BreadcrumbList","@id":"https:\/\/redfoxlotto.com\/hu\/eredmenyek\/lotto-6aus49\/#breadcrumb","itemListElement":[{"@type":"ListItem","position":1,"name":"Home","item":"https:\/\/redfoxlotto.com\/hu\/"},{"@type":"ListItem","position":2,"name":"Nemzetk\u00f6zi lott\u00f3 eredm\u00e9nyek","item":"https:\/\/redfoxlotto.com\/hu\/eredmenyek\/"},{"@type":"ListItem","position":3,"name":"N\u00e9met Lotto eredm\u00e9nyek"}]},{"@type":"WebSite","@id":"https:\/\/redfoxlotto.com\/hu\/#website","url":"https:\/\/redfoxlotto.com\/hu\/","name":"Get Tickets for the World\u2019s largest jackpots","description":"Participate in worldwide lottery jackpots from any country","publisher":{"@id":"https:\/\/redfoxlotto.com\/hu\/#organization"},"potentialAction":[{"@type":"SearchAction","target":{"@type":"EntryPoint","urlTemplate":"https:\/\/redfoxlotto.com\/hu\/?s={search_term_string}"},"query-input":{"@type":"PropertyValueSpecification","valueRequired":true,"valueName":"search_term_string"}}],"inLanguage":"hu"},{"@type":"Organization","@id":"https:\/\/redfoxlotto.com\/hu\/#organization","name":"Get Tickets for the World\u2019s largest jackpots","url":"https:\/\/redfoxlotto.com\/hu\/","logo":{"@type":"ImageObject","inLanguage":"hu","@id":"https:\/\/redfoxlotto.com\/hu\/#\/schema\/logo\/image\/","url":"https:\/\/redfoxlotto.com\/wp-content\/uploads\/2023\/04\/logo.png","contentUrl":"https:\/\/redfoxlotto.com\/wp-content\/uploads\/2023\/04\/logo.png","width":269,"height":53,"caption":"Get Tickets for the World\u2019s largest jackpots"},"image":{"@id":"https:\/\/redfoxlotto.com\/hu\/#\/schema\/logo\/image\/"}}]}},"_links":{"self":[{"href":"https:\/\/redfoxlotto.com\/hu\/wp-json\/wp\/v2\/pages\/55194","targetHints":{"allow":["GET"]}}],"collection":[{"href":"https:\/\/redfoxlotto.com\/hu\/wp-json\/wp\/v2\/pages"}],"about":[{"href":"https:\/\/redfoxlotto.com\/hu\/wp-json\/wp\/v2\/types\/page"}],"author":[{"embeddable":true,"href":"https:\/\/redfoxlotto.com\/hu\/wp-json\/wp\/v2\/users\/1"}],"replies":[{"embeddable":true,"href":"https:\/\/redfoxlotto.com\/hu\/wp-json\/wp\/v2\/comments?post=55194"}],"version-history":[{"count":0,"href":"https:\/\/redfoxlotto.com\/hu\/wp-json\/wp\/v2\/pages\/55194\/revisions"}],"up":[{"embeddable":true,"href":"https:\/\/redfoxlotto.com\/hu\/wp-json\/wp\/v2\/pages\/55183"}],"wp:attachment":[{"href":"https:\/\/redfoxlotto.com\/hu\/wp-json\/wp\/v2\/media?parent=55194"}],"curies":[{"name":"wp","href":"https:\/\/api.w.org\/{rel}","templated":true}]}}