{"id":55193,"date":"2019-11-20T11:24:49","date_gmt":"2019-11-20T11:24:49","guid":{"rendered":"https:\/\/redfoxlotto.com\/?page_id=21506"},"modified":"2023-05-12T16:41:55","modified_gmt":"2023-05-12T16:41:55","slug":"la-primitiva","status":"publish","type":"page","link":"https:\/\/redfoxlotto.com\/hu\/eredmenyek\/la-primitiva\/","title":{"rendered":"La Primitiva Nyer\u0151sz\u00e1mok"},"content":{"rendered":"<p>A La Primitiva, Spanyolorsz\u00e1g legnagyobb lott\u00f3j\u00e1t\u00e9k\u00e1nak sorsol\u00e1s\u00e1t minden vas\u00e1rnap CET 13:00-kor tartj\u00e1k. A sorsol\u00e1st k\u00f6vet\u0151en az eredm\u00e9nyeket itt, a RedFoxLotto.com oldalon tal\u00e1lja meg.<br>Mindenk\u00e9ppen hasonl\u00edtsa \u00f6ssze a szelv\u00e9ny\u00e9n szerepl\u0151 sz\u00e1mokat a nyer\u0151sz\u00e1mokkal, \u00edgy ellen\u0151rizheti, hogy nyert-e vagy sem.<\/p><h2 class=\"wp-block-heading\">Kapjon e-mail \u00e9rtes\u00edt\u00e9st az eredm\u00e9nyekr\u0151l<\/h2><p><img loading=\"lazy\" decoding=\"async\" class=\" wp-image alignright\" src=\"https:\/\/content.redfoxlotto.com\/uploads\/sites\/9\/1_lottery_numbers_online.jpg\" alt=\"eredm\u00e9nyek lott\u00f3\" width=\"224\" height=\"107\"><\/p><p>Ha olyan La Primitiva szelv\u00e9nye van, amelyet rajtunk kereszt\u00fcl v\u00e1s\u00e1rolt, akkor a nyerem\u00e9nyr\u0151l is \u00e9rtes\u00edtj\u00fck \u00d6nt. Kapni fog t\u0151l\u00fcnk egy e-mailt a tov\u00e1bbi utas\u00edt\u00e1sokkal. Gy\u0151z\u0151dj\u00f6n meg r\u00f3la, hogy az e-mailjeink nem ker\u00fclnek a spam postal\u00e1d\u00e1j\u00e1ba. Annak \u00e9rdek\u00e9ben, hogy a nyerem\u00e9ny\u00e9r\u0151l sz\u00f3l\u00f3 inform\u00e1ci\u00f3k biztosan meg\u00e9rkezzenek, javasoljuk, hogy vegye fel a RedFoxLotto.com-ot az e-mail szolg\u00e1ltat\u00f3ja feh\u00e9rlist\u00e1j\u00e1ra.<\/p><p><img loading=\"lazy\" decoding=\"async\" class=\" wp-image-5380 alignright\" src=\"https:\/\/content.redfoxlotto.com\/uploads\/sites\/9\/1_results_lottery_online5.jpg\" alt=\"La Primitiva\" width=\"231\" height=\"154\"><\/p><p>A La Primitiva nyer\u0151sz\u00e1mai az 1 \u00e9s 54 k\u00f6z\u00f6tti 5 sz\u00e1mb\u00f3l, valamint egy 0 \u00e9s 9 k\u00f6z\u00f6tti sz\u00e1mb\u00f3l \u00e1llnak. Az 5+1 sz\u00e1mmal \u00d6n jackpotnyertes \u00e9s milliomos lesz. De m\u00e9g az els\u0151 \u00f6t sz\u00e1mmal is sok p\u00e9nzt nyerhetsz. A La Primitiva eredm\u00e9nyeit tartalmaz\u00f3 oldalon megtal\u00e1lja a k\u00fcl\u00f6nb\u00f6z\u0151 nyerem\u00e9nyszintek kifizet\u00e9seit is.<\/p>","protected":false},"excerpt":{"rendered":"<p>A La Primitiva, Spanyolorsz\u00e1g legnagyobb lott\u00f3j\u00e1t\u00e9k\u00e1nak sorsol\u00e1s\u00e1t minden vas\u00e1rnap CET 13:00-kor tartj\u00e1k. A sorsol\u00e1st k\u00f6vet\u0151en az eredm\u00e9nyeket itt, a RedFoxLotto.com oldalon tal\u00e1lja meg.Mindenk\u00e9ppen hasonl\u00edtsa \u00f6ssze a szelv\u00e9ny\u00e9n szerepl\u0151 sz\u00e1mokat a nyer\u0151sz\u00e1mokkal, \u00edgy ellen\u0151rizheti, hogy nyert-e vagy sem. Kapjon e-mail \u00e9rtes\u00edt\u00e9st az eredm\u00e9nyekr\u0151l Ha olyan La Primitiva szelv\u00e9nye van, amelyet rajtunk kereszt\u00fcl v\u00e1s\u00e1rolt, akkor a nyerem\u00e9nyr\u0151l [&hellip;]<\/p>\n","protected":false},"author":1,"featured_media":0,"parent":55183,"menu_order":7,"comment_status":"closed","ping_status":"closed","template":"la-primitiva-results.php","meta":{"_et_pb_use_builder":"","_et_pb_old_content":"","_et_gb_content_width":"","exclude_from_search":false,"footnotes":""},"class_list":["post-55193","page","type-page","status-publish","hentry"],"yoast_head":"<!-- This site is optimized with the Yoast SEO plugin v23.8 - https:\/\/yoast.com\/wordpress\/plugins\/seo\/ -->\n<title>A spanyol La Primitiva nyer\u0151sz\u00e1mai \u00e9s eredm\u00e9nyei<\/title>\n<meta name=\"description\" content=\"N\u00e9zze meg, hogy nyert-e a La Primitiva szelv\u00e9nye, n\u00e9zze meg a nyer\u0151sz\u00e1mokat itt!\" \/>\n<meta name=\"robots\" content=\"index, follow, max-snippet:-1, max-image-preview:large, max-video-preview:-1\" \/>\n<link rel=\"canonical\" href=\"https:\/\/redfoxlotto.com\/hu\/eredmenyek\/la-primitiva\/\" \/>\n<meta property=\"og:locale\" content=\"hu_HU\" \/>\n<meta property=\"og:type\" content=\"article\" \/>\n<meta property=\"og:title\" content=\"A spanyol La Primitiva nyer\u0151sz\u00e1mai \u00e9s eredm\u00e9nyei\" \/>\n<meta property=\"og:description\" content=\"N\u00e9zze meg, hogy nyert-e a La Primitiva szelv\u00e9nye, n\u00e9zze meg a nyer\u0151sz\u00e1mokat itt!\" \/>\n<meta property=\"og:url\" content=\"https:\/\/redfoxlotto.com\/hu\/eredmenyek\/la-primitiva\/\" \/>\n<meta property=\"og:site_name\" content=\"Get Tickets for the World\u2019s largest jackpots\" \/>\n<meta property=\"article:modified_time\" content=\"2023-05-12T16:41:55+00:00\" \/>\n<meta property=\"og:image\" content=\"https:\/\/content.redfoxlotto.com\/uploads\/sites\/9\/1_lottery_numbers_online.jpg\" \/>\n<meta name=\"twitter:card\" content=\"summary_large_image\" \/>\n<meta name=\"twitter:label1\" content=\"Becs\u00fclt olvas\u00e1si id\u0151\" \/>\n\t<meta name=\"twitter:data1\" content=\"2 perc\" \/>\n<script type=\"application\/ld+json\" class=\"yoast-schema-graph\">{\"@context\":\"https:\/\/schema.org\",\"@graph\":[{\"@type\":\"WebPage\",\"@id\":\"https:\/\/redfoxlotto.com\/hu\/eredmenyek\/la-primitiva\/\",\"url\":\"https:\/\/redfoxlotto.com\/hu\/eredmenyek\/la-primitiva\/\",\"name\":\"A spanyol La Primitiva nyer\u0151sz\u00e1mai \u00e9s eredm\u00e9nyei\",\"isPartOf\":{\"@id\":\"https:\/\/redfoxlotto.com\/hu\/#website\"},\"primaryImageOfPage\":{\"@id\":\"https:\/\/redfoxlotto.com\/hu\/eredmenyek\/la-primitiva\/#primaryimage\"},\"image\":{\"@id\":\"https:\/\/redfoxlotto.com\/hu\/eredmenyek\/la-primitiva\/#primaryimage\"},\"thumbnailUrl\":\"https:\/\/content.redfoxlotto.com\/uploads\/sites\/9\/1_lottery_numbers_online.jpg\",\"datePublished\":\"2019-11-20T11:24:49+00:00\",\"dateModified\":\"2023-05-12T16:41:55+00:00\",\"description\":\"N\u00e9zze meg, hogy nyert-e a La Primitiva szelv\u00e9nye, n\u00e9zze meg a nyer\u0151sz\u00e1mokat itt!\",\"breadcrumb\":{\"@id\":\"https:\/\/redfoxlotto.com\/hu\/eredmenyek\/la-primitiva\/#breadcrumb\"},\"inLanguage\":\"hu\",\"potentialAction\":[{\"@type\":\"ReadAction\",\"target\":[\"https:\/\/redfoxlotto.com\/hu\/eredmenyek\/la-primitiva\/\"]}]},{\"@type\":\"ImageObject\",\"inLanguage\":\"hu\",\"@id\":\"https:\/\/redfoxlotto.com\/hu\/eredmenyek\/la-primitiva\/#primaryimage\",\"url\":\"https:\/\/content.redfoxlotto.com\/uploads\/sites\/9\/1_lottery_numbers_online.jpg\",\"contentUrl\":\"https:\/\/content.redfoxlotto.com\/uploads\/sites\/9\/1_lottery_numbers_online.jpg\"},{\"@type\":\"BreadcrumbList\",\"@id\":\"https:\/\/redfoxlotto.com\/hu\/eredmenyek\/la-primitiva\/#breadcrumb\",\"itemListElement\":[{\"@type\":\"ListItem\",\"position\":1,\"name\":\"Home\",\"item\":\"https:\/\/redfoxlotto.com\/hu\/\"},{\"@type\":\"ListItem\",\"position\":2,\"name\":\"Nemzetk\u00f6zi lott\u00f3 eredm\u00e9nyek\",\"item\":\"https:\/\/redfoxlotto.com\/hu\/eredmenyek\/\"},{\"@type\":\"ListItem\",\"position\":3,\"name\":\"La Primitiva Nyer\u0151sz\u00e1mok\"}]},{\"@type\":\"WebSite\",\"@id\":\"https:\/\/redfoxlotto.com\/hu\/#website\",\"url\":\"https:\/\/redfoxlotto.com\/hu\/\",\"name\":\"Get Tickets for the World\u2019s largest jackpots\",\"description\":\"Participate in worldwide lottery jackpots from any country\",\"publisher\":{\"@id\":\"https:\/\/redfoxlotto.com\/hu\/#organization\"},\"potentialAction\":[{\"@type\":\"SearchAction\",\"target\":{\"@type\":\"EntryPoint\",\"urlTemplate\":\"https:\/\/redfoxlotto.com\/hu\/?s={search_term_string}\"},\"query-input\":{\"@type\":\"PropertyValueSpecification\",\"valueRequired\":true,\"valueName\":\"search_term_string\"}}],\"inLanguage\":\"hu\"},{\"@type\":\"Organization\",\"@id\":\"https:\/\/redfoxlotto.com\/hu\/#organization\",\"name\":\"Get Tickets for the World\u2019s largest jackpots\",\"url\":\"https:\/\/redfoxlotto.com\/hu\/\",\"logo\":{\"@type\":\"ImageObject\",\"inLanguage\":\"hu\",\"@id\":\"https:\/\/redfoxlotto.com\/hu\/#\/schema\/logo\/image\/\",\"url\":\"https:\/\/redfoxlotto.com\/wp-content\/uploads\/2023\/04\/logo.png\",\"contentUrl\":\"https:\/\/redfoxlotto.com\/wp-content\/uploads\/2023\/04\/logo.png\",\"width\":269,\"height\":53,\"caption\":\"Get Tickets for the World\u2019s largest jackpots\"},\"image\":{\"@id\":\"https:\/\/redfoxlotto.com\/hu\/#\/schema\/logo\/image\/\"}}]}<\/script>\n<!-- \/ Yoast SEO plugin. -->","yoast_head_json":{"title":"A spanyol La Primitiva nyer\u0151sz\u00e1mai \u00e9s eredm\u00e9nyei","description":"N\u00e9zze meg, hogy nyert-e a La Primitiva szelv\u00e9nye, n\u00e9zze meg a nyer\u0151sz\u00e1mokat itt!","robots":{"index":"index","follow":"follow","max-snippet":"max-snippet:-1","max-image-preview":"max-image-preview:large","max-video-preview":"max-video-preview:-1"},"canonical":"https:\/\/redfoxlotto.com\/hu\/eredmenyek\/la-primitiva\/","og_locale":"hu_HU","og_type":"article","og_title":"A spanyol La Primitiva nyer\u0151sz\u00e1mai \u00e9s eredm\u00e9nyei","og_description":"N\u00e9zze meg, hogy nyert-e a La Primitiva szelv\u00e9nye, n\u00e9zze meg a nyer\u0151sz\u00e1mokat itt!","og_url":"https:\/\/redfoxlotto.com\/hu\/eredmenyek\/la-primitiva\/","og_site_name":"Get Tickets for the World\u2019s largest jackpots","article_modified_time":"2023-05-12T16:41:55+00:00","og_image":[{"url":"https:\/\/content.redfoxlotto.com\/uploads\/sites\/9\/1_lottery_numbers_online.jpg"}],"twitter_card":"summary_large_image","twitter_misc":{"Becs\u00fclt olvas\u00e1si id\u0151":"2 perc"},"schema":{"@context":"https:\/\/schema.org","@graph":[{"@type":"WebPage","@id":"https:\/\/redfoxlotto.com\/hu\/eredmenyek\/la-primitiva\/","url":"https:\/\/redfoxlotto.com\/hu\/eredmenyek\/la-primitiva\/","name":"A spanyol La Primitiva nyer\u0151sz\u00e1mai \u00e9s eredm\u00e9nyei","isPartOf":{"@id":"https:\/\/redfoxlotto.com\/hu\/#website"},"primaryImageOfPage":{"@id":"https:\/\/redfoxlotto.com\/hu\/eredmenyek\/la-primitiva\/#primaryimage"},"image":{"@id":"https:\/\/redfoxlotto.com\/hu\/eredmenyek\/la-primitiva\/#primaryimage"},"thumbnailUrl":"https:\/\/content.redfoxlotto.com\/uploads\/sites\/9\/1_lottery_numbers_online.jpg","datePublished":"2019-11-20T11:24:49+00:00","dateModified":"2023-05-12T16:41:55+00:00","description":"N\u00e9zze meg, hogy nyert-e a La Primitiva szelv\u00e9nye, n\u00e9zze meg a nyer\u0151sz\u00e1mokat itt!","breadcrumb":{"@id":"https:\/\/redfoxlotto.com\/hu\/eredmenyek\/la-primitiva\/#breadcrumb"},"inLanguage":"hu","potentialAction":[{"@type":"ReadAction","target":["https:\/\/redfoxlotto.com\/hu\/eredmenyek\/la-primitiva\/"]}]},{"@type":"ImageObject","inLanguage":"hu","@id":"https:\/\/redfoxlotto.com\/hu\/eredmenyek\/la-primitiva\/#primaryimage","url":"https:\/\/content.redfoxlotto.com\/uploads\/sites\/9\/1_lottery_numbers_online.jpg","contentUrl":"https:\/\/content.redfoxlotto.com\/uploads\/sites\/9\/1_lottery_numbers_online.jpg"},{"@type":"BreadcrumbList","@id":"https:\/\/redfoxlotto.com\/hu\/eredmenyek\/la-primitiva\/#breadcrumb","itemListElement":[{"@type":"ListItem","position":1,"name":"Home","item":"https:\/\/redfoxlotto.com\/hu\/"},{"@type":"ListItem","position":2,"name":"Nemzetk\u00f6zi lott\u00f3 eredm\u00e9nyek","item":"https:\/\/redfoxlotto.com\/hu\/eredmenyek\/"},{"@type":"ListItem","position":3,"name":"La Primitiva Nyer\u0151sz\u00e1mok"}]},{"@type":"WebSite","@id":"https:\/\/redfoxlotto.com\/hu\/#website","url":"https:\/\/redfoxlotto.com\/hu\/","name":"Get Tickets for the World\u2019s largest jackpots","description":"Participate in worldwide lottery jackpots from any country","publisher":{"@id":"https:\/\/redfoxlotto.com\/hu\/#organization"},"potentialAction":[{"@type":"SearchAction","target":{"@type":"EntryPoint","urlTemplate":"https:\/\/redfoxlotto.com\/hu\/?s={search_term_string}"},"query-input":{"@type":"PropertyValueSpecification","valueRequired":true,"valueName":"search_term_string"}}],"inLanguage":"hu"},{"@type":"Organization","@id":"https:\/\/redfoxlotto.com\/hu\/#organization","name":"Get Tickets for the World\u2019s largest jackpots","url":"https:\/\/redfoxlotto.com\/hu\/","logo":{"@type":"ImageObject","inLanguage":"hu","@id":"https:\/\/redfoxlotto.com\/hu\/#\/schema\/logo\/image\/","url":"https:\/\/redfoxlotto.com\/wp-content\/uploads\/2023\/04\/logo.png","contentUrl":"https:\/\/redfoxlotto.com\/wp-content\/uploads\/2023\/04\/logo.png","width":269,"height":53,"caption":"Get Tickets for the World\u2019s largest jackpots"},"image":{"@id":"https:\/\/redfoxlotto.com\/hu\/#\/schema\/logo\/image\/"}}]}},"_links":{"self":[{"href":"https:\/\/redfoxlotto.com\/hu\/wp-json\/wp\/v2\/pages\/55193","targetHints":{"allow":["GET"]}}],"collection":[{"href":"https:\/\/redfoxlotto.com\/hu\/wp-json\/wp\/v2\/pages"}],"about":[{"href":"https:\/\/redfoxlotto.com\/hu\/wp-json\/wp\/v2\/types\/page"}],"author":[{"embeddable":true,"href":"https:\/\/redfoxlotto.com\/hu\/wp-json\/wp\/v2\/users\/1"}],"replies":[{"embeddable":true,"href":"https:\/\/redfoxlotto.com\/hu\/wp-json\/wp\/v2\/comments?post=55193"}],"version-history":[{"count":0,"href":"https:\/\/redfoxlotto.com\/hu\/wp-json\/wp\/v2\/pages\/55193\/revisions"}],"up":[{"embeddable":true,"href":"https:\/\/redfoxlotto.com\/hu\/wp-json\/wp\/v2\/pages\/55183"}],"wp:attachment":[{"href":"https:\/\/redfoxlotto.com\/hu\/wp-json\/wp\/v2\/media?parent=55193"}],"curies":[{"name":"wp","href":"https:\/\/api.w.org\/{rel}","templated":true}]}}