{"id":55189,"date":"2020-04-16T13:14:59","date_gmt":"2020-04-16T13:14:59","guid":{"rendered":"https:\/\/redfoxlotto.com\/?page_id=21494"},"modified":"2023-03-13T17:37:23","modified_gmt":"2023-03-13T17:37:23","slug":"lotto-fr","status":"publish","type":"page","link":"https:\/\/redfoxlotto.com\/hu\/eredmenyek\/lotto-fr\/","title":{"rendered":"Francia lott\u00f3 eredm\u00e9nyek"},"content":{"rendered":"<p>Elkezdett online lott\u00f3zni, \u00e9s most szeretne megbizonyosodni arr\u00f3l, hogy a lehet\u0151 legk\u00f6nnyebben megkapja a nyer\u0151sz\u00e1mokat? Megn\u00e9zz\u00fck a francia lott\u00f3eredm\u00e9nyeket, \u00e9s hogy mit jelenthetnek az \u00d6n sz\u00e1m\u00e1ra. Elv\u00e9gre, ha ilyen lott\u00f3j\u00e1t\u00e9kokat j\u00e1tszik, akkor biztos akar lenni benne, hogy az eredm\u00e9nyeket azonnal megismeri, amint azok rendelkez\u00e9sre \u00e1llnak, igaz? Nos, ez most k\u00f6nnyebben megteheti, mint valaha.<\/p><h2 class=\"wp-block-heading\">A francia lott\u00f3 eredm\u00e9nyek megtal\u00e1l\u00e1sa<\/h2><p>Az els\u0151 dolog, amit tudnia kell, amikor online lott\u00f3eredm\u00e9nyeket keres, hogy hol tal\u00e1lja meg a hivatalos eredm\u00e9nyeket. Mindenf\u00e9le oldalakat megn\u00e9zhet, hogy tov\u00e1bbi inform\u00e1ci\u00f3kat tal\u00e1ljon, de a legjobb hely az, ahol a szelv\u00e9nyt v\u00e1s\u00e1rolta, vagy a lott\u00f3 hivatalos honlapja, ahol j\u00e1tszik. A francia lott\u00f3 eset\u00e9ben sz\u00e1mos k\u00fcl\u00f6nb\u00f6z\u0151 lehet\u0151s\u00e9get \u00e9s helysz\u00ednt tal\u00e1l, ez\u00e9rt gy\u0151z\u0151dj\u00f6n meg r\u00f3la, hogy e k\u00e9t ter\u00fclet egyik\u00e9n keresg\u00e9l, vagy hogy k\u00fcl\u00f6nb\u00f6z\u0151 helyeken dupl\u00e1n ellen\u0151rzi a sz\u00e1mokat.<\/p><h2 class=\"wp-block-heading\">A nyerem\u00e9nyszintek meg\u00e9rt\u00e9se<\/h2><p>Ha megtal\u00e1lta a nyertes eredm\u00e9nyeket, akkor \u00e9rdemes k\u00f6zelebbr\u0151l megn\u00e9zni olyan dolgokat, mint a nyerem\u00e9nyszintek list\u00e1ja \u00e9s az, hogy val\u00f3j\u00e1ban mely sz\u00e1mokat tal\u00e1lta el helyesen. V\u00e9g\u00fcl is a francia lott\u00f3 hasonl\u00f3an m\u0171k\u00f6dik, mint sz\u00e1mos m\u00e1s lott\u00f3j\u00e1t\u00e9k a vil\u00e1gon. Egyszerre kell eltal\u00e1lnod az \u00f6sszes sz\u00e1mot, ami ebben az esetben \u00f6t goly\u00f3t \u00e9s a b\u00f3nuszt jelenti. Ez neh\u00e9z lesz, de biztosan nem lehetetlen (az emberek \u00e1lland\u00f3an nyernek a lott\u00f3n, nem igaz?). Teh\u00e1t, ha minden egyes sz\u00e1mot eltal\u00e1lsz, \u00e9s a b\u00f3nuszgoly\u00f3t is j\u00f3l v\u00e1lasztod ki, akkor megnyered a jackpotot, amely folyamatosan n\u00f6vekszik.<\/p><p>Ha csak n\u00e9h\u00e1ny sz\u00e1mot tal\u00e1lsz el helyesen (ak\u00e1r csak egyet, ha a b\u00f3nuszgombot is eltal\u00e1lod), akkor val\u00f3ban nyerem\u00e9nyt fogsz nyerni. Nos, nem fogsz sokat nyerni, ha csak a b\u00f3nuszt tal\u00e1lod el, vagy ha csak egy vagy k\u00e9t goly\u00f3t tal\u00e1lsz el. De ha n\u00e9gyet tudsz bel\u0151l\u00fck szerezni, akkor el\u00e9g j\u00f3 \u00f6sszeget kapsz, \u00e9s ha legal\u00e1bb n\u00e9gyet tudsz szerezni a b\u00f3nuszgoly\u00f3val egy\u00fctt, akkor t\u00e9nyleg j\u00f3l fogsz j\u00e1rni. S\u0151t, ha csak n\u00e9gy goly\u00f3t tal\u00e1lsz el helyesen a b\u00f3nuszgoly\u00f3val egy\u00fctt, akkor is nagyobb nyerem\u00e9nyt kapsz, mintha \u00f6t\u00f6t tal\u00e1lsz el helyesen a b\u00f3nuszgoly\u00f3 n\u00e9lk\u00fcl.<\/p><h2 class=\"wp-block-heading\">Kedvenc j\u00e1t\u00e9kaid j\u00e1t\u00e9ka<\/h2><p>Ha a francia lott\u00f3eredm\u00e9nyeket keresed, a legfontosabb, hogy a megfelel\u0151 helyeken keress. Az eredm\u00e9nyeket minden h\u00e9tf\u0151n, szerd\u00e1n \u00e9s szombaton sorsolj\u00e1k ki, ami azt jelenti, hogy rengeteg lehet\u0151s\u00e9ged lesz a nyer\u00e9sre, \u00e9s a jackpot minden egyes nap csak tov\u00e1bb n\u0151, \u00edgy ha ma nem is nyersz, n\u00e9h\u00e1ny nap m\u00falva m\u00e1r nagy nyertes lehetsz!<\/p>","protected":false},"excerpt":{"rendered":"<p>Elkezdett online lott\u00f3zni, \u00e9s most szeretne megbizonyosodni arr\u00f3l, hogy a lehet\u0151 legk\u00f6nnyebben megkapja a nyer\u0151sz\u00e1mokat? Megn\u00e9zz\u00fck a francia lott\u00f3eredm\u00e9nyeket, \u00e9s hogy mit jelenthetnek az \u00d6n sz\u00e1m\u00e1ra. Elv\u00e9gre, ha ilyen lott\u00f3j\u00e1t\u00e9kokat j\u00e1tszik, akkor biztos akar lenni benne, hogy az eredm\u00e9nyeket azonnal megismeri, amint azok rendelkez\u00e9sre \u00e1llnak, igaz? Nos, ez most k\u00f6nnyebben megteheti, mint valaha. A francia [&hellip;]<\/p>\n","protected":false},"author":1,"featured_media":0,"parent":55183,"menu_order":32,"comment_status":"closed","ping_status":"closed","template":"lotto-fr-results.php","meta":{"_et_pb_use_builder":"","_et_pb_old_content":"","_et_gb_content_width":"","exclude_from_search":false,"footnotes":""},"class_list":["post-55189","page","type-page","status-publish","hentry"],"yoast_head":"<!-- This site is optimized with the Yoast SEO plugin v27.3 - https:\/\/yoast.com\/product\/yoast-seo-wordpress\/ -->\n<title>Megtal\u00e1l\u00e1sa a francia lott\u00f3 eredm\u00e9nyek<\/title>\n<meta name=\"description\" content=\"A francia lott\u00f3 eredm\u00e9nyek megtal\u00e1l\u00e1sa egyszer\u0171 \u00e9s k\u00f6nny\u0171, mert csak annyit kell tennie, hogy megn\u00e9zi \u0151ket itt\" \/>\n<meta name=\"robots\" content=\"index, follow, max-snippet:-1, max-image-preview:large, max-video-preview:-1\" \/>\n<link rel=\"canonical\" href=\"https:\/\/redfoxlotto.com\/hu\/eredmenyek\/lotto-fr\/\" \/>\n<meta property=\"og:locale\" content=\"hu_HU\" \/>\n<meta property=\"og:type\" content=\"article\" \/>\n<meta property=\"og:title\" content=\"Megtal\u00e1l\u00e1sa a francia lott\u00f3 eredm\u00e9nyek\" \/>\n<meta property=\"og:description\" content=\"A francia lott\u00f3 eredm\u00e9nyek megtal\u00e1l\u00e1sa egyszer\u0171 \u00e9s k\u00f6nny\u0171, mert csak annyit kell tennie, hogy megn\u00e9zi \u0151ket itt\" \/>\n<meta property=\"og:url\" content=\"https:\/\/redfoxlotto.com\/hu\/eredmenyek\/lotto-fr\/\" \/>\n<meta property=\"og:site_name\" content=\"Get Tickets for the World\u2019s largest jackpots\" \/>\n<meta property=\"article:modified_time\" content=\"2023-03-13T17:37:23+00:00\" \/>\n<meta name=\"twitter:card\" content=\"summary_large_image\" \/>\n<meta name=\"twitter:label1\" content=\"Becs\u00fclt olvas\u00e1si id\u0151\" \/>\n\t<meta name=\"twitter:data1\" content=\"2 perc\" \/>\n<script type=\"application\/ld+json\" class=\"yoast-schema-graph\">{\"@context\":\"https:\\\/\\\/schema.org\",\"@graph\":[{\"@type\":\"WebPage\",\"@id\":\"https:\\\/\\\/redfoxlotto.com\\\/hu\\\/eredmenyek\\\/lotto-fr\\\/\",\"url\":\"https:\\\/\\\/redfoxlotto.com\\\/hu\\\/eredmenyek\\\/lotto-fr\\\/\",\"name\":\"Megtal\u00e1l\u00e1sa a francia lott\u00f3 eredm\u00e9nyek\",\"isPartOf\":{\"@id\":\"https:\\\/\\\/redfoxlotto.com\\\/hu\\\/#website\"},\"datePublished\":\"2020-04-16T13:14:59+00:00\",\"dateModified\":\"2023-03-13T17:37:23+00:00\",\"description\":\"A francia lott\u00f3 eredm\u00e9nyek megtal\u00e1l\u00e1sa egyszer\u0171 \u00e9s k\u00f6nny\u0171, mert csak annyit kell tennie, hogy megn\u00e9zi \u0151ket itt\",\"breadcrumb\":{\"@id\":\"https:\\\/\\\/redfoxlotto.com\\\/hu\\\/eredmenyek\\\/lotto-fr\\\/#breadcrumb\"},\"inLanguage\":\"hu\",\"potentialAction\":[{\"@type\":\"ReadAction\",\"target\":[\"https:\\\/\\\/redfoxlotto.com\\\/hu\\\/eredmenyek\\\/lotto-fr\\\/\"]}]},{\"@type\":\"BreadcrumbList\",\"@id\":\"https:\\\/\\\/redfoxlotto.com\\\/hu\\\/eredmenyek\\\/lotto-fr\\\/#breadcrumb\",\"itemListElement\":[{\"@type\":\"ListItem\",\"position\":1,\"name\":\"Home\",\"item\":\"https:\\\/\\\/redfoxlotto.com\\\/hu\\\/\"},{\"@type\":\"ListItem\",\"position\":2,\"name\":\"Nemzetk\u00f6zi lott\u00f3 eredm\u00e9nyek\",\"item\":\"https:\\\/\\\/redfoxlotto.com\\\/hu\\\/eredmenyek\\\/\"},{\"@type\":\"ListItem\",\"position\":3,\"name\":\"Francia lott\u00f3 eredm\u00e9nyek\"}]},{\"@type\":\"WebSite\",\"@id\":\"https:\\\/\\\/redfoxlotto.com\\\/hu\\\/#website\",\"url\":\"https:\\\/\\\/redfoxlotto.com\\\/hu\\\/\",\"name\":\"Get Tickets for the World\u2019s largest jackpots\",\"description\":\"Participate in worldwide lottery jackpots from any country\",\"publisher\":{\"@id\":\"https:\\\/\\\/redfoxlotto.com\\\/hu\\\/#organization\"},\"potentialAction\":[{\"@type\":\"SearchAction\",\"target\":{\"@type\":\"EntryPoint\",\"urlTemplate\":\"https:\\\/\\\/redfoxlotto.com\\\/hu\\\/?s={search_term_string}\"},\"query-input\":{\"@type\":\"PropertyValueSpecification\",\"valueRequired\":true,\"valueName\":\"search_term_string\"}}],\"inLanguage\":\"hu\"},{\"@type\":\"Organization\",\"@id\":\"https:\\\/\\\/redfoxlotto.com\\\/hu\\\/#organization\",\"name\":\"Get Tickets for the World\u2019s largest jackpots\",\"url\":\"https:\\\/\\\/redfoxlotto.com\\\/hu\\\/\",\"logo\":{\"@type\":\"ImageObject\",\"inLanguage\":\"hu\",\"@id\":\"https:\\\/\\\/redfoxlotto.com\\\/hu\\\/#\\\/schema\\\/logo\\\/image\\\/\",\"url\":\"https:\\\/\\\/redfoxlotto.com\\\/wp-content\\\/uploads\\\/2023\\\/04\\\/logo.png\",\"contentUrl\":\"https:\\\/\\\/redfoxlotto.com\\\/wp-content\\\/uploads\\\/2023\\\/04\\\/logo.png\",\"width\":269,\"height\":53,\"caption\":\"Get Tickets for the World\u2019s largest jackpots\"},\"image\":{\"@id\":\"https:\\\/\\\/redfoxlotto.com\\\/hu\\\/#\\\/schema\\\/logo\\\/image\\\/\"}}]}<\/script>\n<!-- \/ Yoast SEO plugin. -->","yoast_head_json":{"title":"Megtal\u00e1l\u00e1sa a francia lott\u00f3 eredm\u00e9nyek","description":"A francia lott\u00f3 eredm\u00e9nyek megtal\u00e1l\u00e1sa egyszer\u0171 \u00e9s k\u00f6nny\u0171, mert csak annyit kell tennie, hogy megn\u00e9zi \u0151ket itt","robots":{"index":"index","follow":"follow","max-snippet":"max-snippet:-1","max-image-preview":"max-image-preview:large","max-video-preview":"max-video-preview:-1"},"canonical":"https:\/\/redfoxlotto.com\/hu\/eredmenyek\/lotto-fr\/","og_locale":"hu_HU","og_type":"article","og_title":"Megtal\u00e1l\u00e1sa a francia lott\u00f3 eredm\u00e9nyek","og_description":"A francia lott\u00f3 eredm\u00e9nyek megtal\u00e1l\u00e1sa egyszer\u0171 \u00e9s k\u00f6nny\u0171, mert csak annyit kell tennie, hogy megn\u00e9zi \u0151ket itt","og_url":"https:\/\/redfoxlotto.com\/hu\/eredmenyek\/lotto-fr\/","og_site_name":"Get Tickets for the World\u2019s largest jackpots","article_modified_time":"2023-03-13T17:37:23+00:00","twitter_card":"summary_large_image","twitter_misc":{"Becs\u00fclt olvas\u00e1si id\u0151":"2 perc"},"schema":{"@context":"https:\/\/schema.org","@graph":[{"@type":"WebPage","@id":"https:\/\/redfoxlotto.com\/hu\/eredmenyek\/lotto-fr\/","url":"https:\/\/redfoxlotto.com\/hu\/eredmenyek\/lotto-fr\/","name":"Megtal\u00e1l\u00e1sa a francia lott\u00f3 eredm\u00e9nyek","isPartOf":{"@id":"https:\/\/redfoxlotto.com\/hu\/#website"},"datePublished":"2020-04-16T13:14:59+00:00","dateModified":"2023-03-13T17:37:23+00:00","description":"A francia lott\u00f3 eredm\u00e9nyek megtal\u00e1l\u00e1sa egyszer\u0171 \u00e9s k\u00f6nny\u0171, mert csak annyit kell tennie, hogy megn\u00e9zi \u0151ket itt","breadcrumb":{"@id":"https:\/\/redfoxlotto.com\/hu\/eredmenyek\/lotto-fr\/#breadcrumb"},"inLanguage":"hu","potentialAction":[{"@type":"ReadAction","target":["https:\/\/redfoxlotto.com\/hu\/eredmenyek\/lotto-fr\/"]}]},{"@type":"BreadcrumbList","@id":"https:\/\/redfoxlotto.com\/hu\/eredmenyek\/lotto-fr\/#breadcrumb","itemListElement":[{"@type":"ListItem","position":1,"name":"Home","item":"https:\/\/redfoxlotto.com\/hu\/"},{"@type":"ListItem","position":2,"name":"Nemzetk\u00f6zi lott\u00f3 eredm\u00e9nyek","item":"https:\/\/redfoxlotto.com\/hu\/eredmenyek\/"},{"@type":"ListItem","position":3,"name":"Francia lott\u00f3 eredm\u00e9nyek"}]},{"@type":"WebSite","@id":"https:\/\/redfoxlotto.com\/hu\/#website","url":"https:\/\/redfoxlotto.com\/hu\/","name":"Get Tickets for the World\u2019s largest jackpots","description":"Participate in worldwide lottery jackpots from any country","publisher":{"@id":"https:\/\/redfoxlotto.com\/hu\/#organization"},"potentialAction":[{"@type":"SearchAction","target":{"@type":"EntryPoint","urlTemplate":"https:\/\/redfoxlotto.com\/hu\/?s={search_term_string}"},"query-input":{"@type":"PropertyValueSpecification","valueRequired":true,"valueName":"search_term_string"}}],"inLanguage":"hu"},{"@type":"Organization","@id":"https:\/\/redfoxlotto.com\/hu\/#organization","name":"Get Tickets for the World\u2019s largest jackpots","url":"https:\/\/redfoxlotto.com\/hu\/","logo":{"@type":"ImageObject","inLanguage":"hu","@id":"https:\/\/redfoxlotto.com\/hu\/#\/schema\/logo\/image\/","url":"https:\/\/redfoxlotto.com\/wp-content\/uploads\/2023\/04\/logo.png","contentUrl":"https:\/\/redfoxlotto.com\/wp-content\/uploads\/2023\/04\/logo.png","width":269,"height":53,"caption":"Get Tickets for the World\u2019s largest jackpots"},"image":{"@id":"https:\/\/redfoxlotto.com\/hu\/#\/schema\/logo\/image\/"}}]}},"_links":{"self":[{"href":"https:\/\/redfoxlotto.com\/hu\/wp-json\/wp\/v2\/pages\/55189","targetHints":{"allow":["GET"]}}],"collection":[{"href":"https:\/\/redfoxlotto.com\/hu\/wp-json\/wp\/v2\/pages"}],"about":[{"href":"https:\/\/redfoxlotto.com\/hu\/wp-json\/wp\/v2\/types\/page"}],"author":[{"embeddable":true,"href":"https:\/\/redfoxlotto.com\/hu\/wp-json\/wp\/v2\/users\/1"}],"replies":[{"embeddable":true,"href":"https:\/\/redfoxlotto.com\/hu\/wp-json\/wp\/v2\/comments?post=55189"}],"version-history":[{"count":0,"href":"https:\/\/redfoxlotto.com\/hu\/wp-json\/wp\/v2\/pages\/55189\/revisions"}],"up":[{"embeddable":true,"href":"https:\/\/redfoxlotto.com\/hu\/wp-json\/wp\/v2\/pages\/55183"}],"wp:attachment":[{"href":"https:\/\/redfoxlotto.com\/hu\/wp-json\/wp\/v2\/media?parent=55189"}],"curies":[{"name":"wp","href":"https:\/\/api.w.org\/{rel}","templated":true}]}}