{"id":55188,"date":"2018-11-18T08:54:25","date_gmt":"2018-11-18T08:54:25","guid":{"rendered":"https:\/\/redfoxlotto.com\/?page_id=21490"},"modified":"2025-12-17T14:52:50","modified_gmt":"2025-12-17T14:52:50","slug":"euromillions","status":"publish","type":"page","link":"https:\/\/redfoxlotto.com\/hu\/eredmenyek\/euromillions\/","title":{"rendered":"EuroMillions eredm\u00e9nyek"},"content":{"rendered":"<script type=\"application\/ld+json\">\r\n{\r\n  \"@context\": \"https:\/\/schema.org\",\r\n  \"@type\": \"Service\",\r\n  \"name\": \"Euromillions eredm\u00e9nyek ellen\u0151rz\u00e9se online\",\r\n  \"url\": \"https:\/\/redfoxlotto.com\/hu\/eredmenyek\/euromillions\/\",\r\n  \"description\": \"L\u00e1togasson el a RedFoxLotto oldal\u00e1ra a legfrissebb \u00e9s kor\u00e1bbi Euromillions eredm\u00e9nyek\u00e9rt.\",\r\n  \"serviceType\": \"Vil\u00e1gszint\u0171 lott\u00f3eredm\u00e9ny-arch\u00edvum\",\r\n  \"provider\": {\r\n    \"@type\": \"Organization\",\r\n    \"name\": \"RedFoxLotto\",\r\n    \"url\": \"https:\/\/redfoxlotto.com\",\r\n    \"image\": \"https:\/\/redfoxlotto.com\/wp-content\/uploads\/2025\/12\/ticket_scans.jpg\",\r\n    \"sameAs\": []\r\n  },\r\n  \"areaServed\": \"Worldwide\",\r\n  \"termsOfService\": \"https:\/\/redfoxlotto.com\/terms-and-conditions\",\r\n  \"additionalProperty\": {\r\n    \"@type\": \"PropertyValue\",\r\n    \"name\": \"FAQ\",\r\n    \"value\": \"https:\/\/redfoxlotto.com\/hu\/eredmenyek\/euromillions\/\"\r\n  },\r\n  \"hasOfferCatalog\": {\r\n    \"@type\": \"OfferCatalog\",\r\n    \"name\": \"Euromillions eredm\u00e9nyek\",\r\n    \"itemListElement\": [{\r\n      \"@type\": \"Offer\",\r\n      \"name\": \"Euromillions eredm\u00e9nyek\",\r\n      \"url\": \"https:\/\/redfoxlotto.com\/hu\/eredmenyek\/euromillions\/\",\r\n      \"description\": \"Leg\u00fajabb \u00e9s kor\u00e1bbi Euromillions eredm\u00e9nyek.\",\r\n      \"itemOffered\": {\r\n        \"@type\": \"Service\",\r\n        \"name\": \"Euromillions eredm\u00e9nyek\",\r\n        \"description\": \"Euromillions sorsolt sz\u00e1mok.\"\r\n      }\r\n    }]\r\n  },\r\n  \"mainEntityOfPage\": {\r\n    \"@type\": \"WebPage\",\r\n    \"@id\": \"https:\/\/redfoxlotto.com\/hu\/eredmenyek\/euromillions\/\"\r\n  }\r\n}\r\n<\/script><p>Ezen az oldalon felsoroljuk az EuroMillions sorsol\u00e1s eredm\u00e9nyeit. Nyert a szelv\u00e9nye? Gratul\u00e1lunk!<\/p><p>Haszn\u00e1lja ki eredm\u00e9nyarch\u00edvumunkat, ahol t\u00e1j\u00e9koz\u00f3dhat arr\u00f3l, hogy mely sz\u00e1mok nem nyertek m\u00e1r r\u00e9g\u00f3ta.<\/p>\r\n<h2>EuroMillions \u00e9s a brit Millionaire Maker<\/h2>\r\n<p>A j\u00e1t\u00e9kosok egy kicsit t\u00f6bbet fizetnek, mert az EuroMillions szelv\u00e9nyeket az Egyes\u00fclt Kir\u00e1lys\u00e1gban v\u00e1s\u00e1rolj\u00e1k. Ez annak k\u00f6sz\u00f6nhet\u0151, hogy a brit szelv\u00e9nyek automatikusan r\u00e9szt vesznek a Millionaire Maker sorsol\u00e1son, amely tov\u00e1bbi lehet\u0151s\u00e9get biztos\u00edt az 1 milli\u00f3 font jutalom megnyer\u00e9s\u00e9re.<\/p>\r\n<p>A Millionaire Maker \u00fagy m\u0171k\u00f6dik, hogy minden egyes megv\u00e1s\u00e1rolt szelv\u00e9nyhez egyedi k\u00f3dot gener\u00e1l. Ez a k\u00f3d n\u00e9gy bet\u0171b\u0151l \u00e9s \u00f6t sz\u00e1mb\u00f3l \u00e1ll (pl. ABCD12345). Minden sorsol\u00e1son v\u00e9letlenszer\u0171en kiv\u00e1lasztanak egy vagy t\u00f6bb ilyen k\u00f3dot, \u00e9s a megfelel\u0151 k\u00f3dot tartalmaz\u00f3 szelv\u00e9ny tulajdonosa azonnal 1 milli\u00f3 fontot nyer, f\u00fcggetlen\u00fcl az EuroMillions f\u0151 sz\u00e1mainak sorsol\u00e1s\u00e1t\u00f3l.<\/p>\r\n<p>Ez a funkci\u00f3 k\u00fcl\u00f6n\u00f6sen vonz\u00f3v\u00e1 teszi az EuroMillions j\u00e1t\u00e9kot az Egyes\u00fclt Kir\u00e1lys\u00e1gban, mivel a szok\u00e1sos jackpoton \u00e9s az alacsonyabb szint\u0171 jutalmakon t\u00fal tov\u00e1bbi lehet\u0151s\u00e9get biztos\u00edt egy jelent\u0151s nyerem\u00e9ny megnyer\u00e9s\u00e9re.<\/p><p><img loading=\"lazy\" decoding=\"async\" class=\" wp-image alignright\" src=\"https:\/\/content.redfoxlotto.com\/uploads\/sites\/9\/1_winning_numbers_euromillions.jpg\" alt=\"euromillions nyer\u0151sz\u00e1mok\" width=\"208\" height=\"208\" \/><\/p><p>\u00d6n is j\u00e1tszott az EuroMillions j\u00e1t\u00e9kban? Lehet, hogy a legut\u00f3bbi szelv\u00e9ny el\u0151tt m\u00e9g soha nem vett\u00e9l szelv\u00e9nyt, vagy tal\u00e1n \u00e1lland\u00f3an j\u00e1tszol. Nos, f\u00fcggetlen\u00fcl att\u00f3l, hogy milyen gyakran j\u00e1tszik, mindenk\u00e9ppen szeretn\u00e9 tudni az EuroMillions eredm\u00e9nyeit, igaz? Mindenk\u00e9ppen tudni szeretn\u00e9, hogy nyert-e valamit, \u00e9s ha m\u00e1r itt tartunk, akkor azt is, hogy mennyit nyert. Nos, val\u00f3j\u00e1ban szuper egyszer\u0171 megtal\u00e1lni az eredm\u00e9nyeket, \u00e9s megn\u00e9zni, hogy mit kezdhetsz a nyerem\u00e9nyeddel, ak\u00e1r egy kisebb nyerem\u00e9nyt kapsz, ak\u00e1r valami nagyobbat nyersz.<\/p><h2 class=\"wp-block-heading\">Nyert\u00e9l?<\/h2><p>Ha k\u00edv\u00e1ncsi vagy, hogy nyert\u00e9l-e, akkor tudni szeretn\u00e9d, hol n\u00e9zheted meg az eredm\u00e9nyeket. Nos, ez val\u00f3j\u00e1ban nagyon egyszer\u0171, mert a lott\u00f3szelv\u00e9nyed ellen\u0151rz\u00e9s\u00e9nek n\u00e9h\u00e1ny leggyakoribb m\u00f3dja az \u00fajs\u00e1gban, a sorsol\u00e1s \u00e9l\u0151ben t\u00f6rt\u00e9n\u0151 megtekint\u00e9se vagy az online oldalakon val\u00f3 keres\u00e9s. Az online oldalak azonban val\u00f3j\u00e1ban m\u00e9g jobbak is lehetnek, mint a t\u00f6bbi lehet\u0151s\u00e9g, k\u00fcl\u00f6n\u00f6sen, ha ugyanazon a weboldalon ellen\u0151rzi a sz\u00e1mokat, ahol a szelv\u00e9nyt v\u00e1s\u00e1rolta. Ennek oka az, hogy ezekr\u0151l gyakran megtudhatod, hogy pontosan melyek a nyer\u0151sz\u00e1mok, \u00e9s hogy milyen sz\u00e1mokat tal\u00e1lt\u00e1l el. Legal\u00e1bbis a RedFoxLotto.com ezt teszi.<\/p><p><img loading=\"lazy\" decoding=\"async\" class=\"alignright  wp-image\" src=\"https:\/\/content.redfoxlotto.com\/uploads\/sites\/9\/5_Euromillions_tiers_odds.jpg\" alt=\"eredm\u00e9nyek euromillions\" width=\"220\" height=\"190\" \/><\/p><p>Ha egyszerre megn\u00e9zheted a nyer\u0151sz\u00e1mokat \u00e9s k\u00f6nnyen l\u00e1thatod a saj\u00e1t sz\u00e1maidat is, akkor jobban \u00f6ssze tudod majd hasonl\u00edtani \u0151ket, \u00e9s \u00edgy k\u00f6nnyed\u00e9n kital\u00e1lhatod, hogy mit nyert\u00e9l. Weboldalunkon m\u00e1s lott\u00f3j\u00e1t\u00e9kokat is tal\u00e1lsz, vagyis a Powerball vagy a Mega Millions nyer\u0151sz\u00e1mait \u00e9pp\u00fagy megn\u00e9zheted, mint az Euromillions \u00e9s m\u00e1s lott\u00f3j\u00e1t\u00e9kok eredm\u00e9nyeit.<\/p><p>De ett\u0151l m\u00e9g szeretn\u00e9, ha a nyerem\u00e9nyek ig\u00e9nyl\u00e9s\u00e9nek folyamata is a lehet\u0151 legegyszer\u0171bb lenne. Csak sz\u00e1njon egy percet arra, hogy megn\u00e9zze a l\u00e9tez\u0151 online szolg\u00e1ltat\u00e1sokat, \u00e9s l\u00e1tni fogja, hogy szuper egyszer\u0171 lehet a nyerem\u00e9ny ig\u00e9nyl\u00e9se. Nem kell agg\u00f3dnia amiatt sem, hogy \u00d6n egy teljesen m\u00e1s orsz\u00e1gb\u00f3l sz\u00e1rmazik, \u00e9s nem tud csak \u00fagy bes\u00e9t\u00e1lni a boltba vagy a lott\u00f3z\u00f3ba, hogy ig\u00e9nyt tartson r\u00e1.<\/p><h2 class=\"wp-block-heading\">Nyerem\u00e9ny\u00e9nek ig\u00e9nyl\u00e9se<\/h2><p>Ha megnyersz egy lott\u00f3t, amelyen online j\u00e1tszol, ugyanolyan k\u00f6nny\u0171 a nyerem\u00e9nyt ig\u00e9nyelni, mintha ugyanabban az orsz\u00e1gban \u00e9ln\u00e9l. A folyamatot azon a weboldalon bonyol\u00edthatja le, ahonnan a szelv\u00e9nyt v\u00e1s\u00e1rolta. \u0150k ellen\u0151rzik a szelv\u00e9nyt, az \u00d6n szem\u00e9lyazonoss\u00e1g\u00e1t \u00e9s a nyerem\u00e9nyt, majd kifizetik \u00d6nnek a nyerem\u00e9nyt. \u00cdgy visszat\u00e9rhetsz a sz\u00f3rakoz\u00e1shoz, \u00e9s azt csin\u00e1lhatsz a megnyert p\u00e9nzzel, amit csak akarsz. Mi lehetne enn\u00e9l jobb?<\/p><p>Kis nyerem\u00e9nyek is el\u00e9g lehetnek ahhoz, hogy megvegye a k\u00f6vetkez\u0151 szelv\u00e9nyt. A nagyobb nyerem\u00e9nyek elegend\u0151ek lehetnek ahhoz, hogy megvegye azt a k\u00fcl\u00f6nleges t\u00e1rgyat, amire m\u00e1r nagyon v\u00e1gyott. Nem sz\u00e1m\u00edt, mi az, amit igaz\u00e1n szeretsz, biztosan j\u00f3l fogod \u00e9rezni magad a j\u00e1t\u00e9kokon, \u00e9s k\u00fcl\u00f6nb\u00f6z\u0151 j\u00e1t\u00e9kt\u00edpusokat is kipr\u00f3b\u00e1lhatsz. Val\u00f3j\u00e1ban a k\u00fcl\u00f6nb\u00f6z\u0151 lott\u00f3j\u00e1t\u00e9kok eg\u00e9sz sora \u00e1ll rendelkez\u00e9sre az online j\u00e1t\u00e9khoz. Teh\u00e1t nem sz\u00e1m\u00edt, hogy val\u00f3j\u00e1ban hol \u00e9lsz, lehet\u0151s\u00e9ged lesz olyan j\u00e1t\u00e9kokat j\u00e1tszani, amelyek teljesen m\u00e1s orsz\u00e1gokb\u00f3l sz\u00e1rmaznak.<\/p><p>Ha az EuroMillions legfrissebb eredm\u00e9nyeit keresed, akkor \u00e9rdemes megn\u00e9zned a hivatalos honlapot, vagy megn\u00e9zheted a helyi \u00fajs\u00e1gokban azokat a ter\u00fcleteket, ahol a j\u00e1t\u00e9kot j\u00e1tssz\u00e1k. Megn\u00e9zheti azt a weboldalt is, amelyen a szelv\u00e9nyt v\u00e1s\u00e1rolta (ha online v\u00e1s\u00e1rolt), vagy megn\u00e9zheti a RedFoxLotto.com oldalt. Ott megtal\u00e1lja az eredm\u00e9nyeket, \u00e9s ha az \u0151 szolg\u00e1ltat\u00e1sukon kereszt\u00fcl v\u00e1s\u00e1rolt szelv\u00e9nyt, akkor a szelv\u00e9nyen szerepl\u0151 sz\u00e1mokat \u00f6ssze tudja vetni a nyertes sz\u00e1mokkal, \u00e9s megn\u00e9zheti, hogy nyert-e valamit.<\/p><p>Amikor k\u00e9szen \u00e1llsz a k\u00f6vetkez\u0151 fordul\u00f3ra, csak annyit kell tenned, hogy kital\u00e1lod, milyen sz\u00e1mokat szeretn\u00e9l j\u00e1tszani, \u00e9s m\u00e1ris gond n\u00e9lk\u00fcl beszerezheted a szelv\u00e9nyt, \u00e9s azonnal belevetheted magad kedvenc j\u00e1t\u00e9kodba. Az EuroMillions nem az egyetlen szerencsej\u00e1t\u00e9k, de ez az egyik, amelyik biztosan es\u00e9lyt ad egy nagyszer\u0171 jackpotra.<\/p>","protected":false},"excerpt":{"rendered":"<p>Ezen az oldalon felsoroljuk az EuroMillions sorsol\u00e1s eredm\u00e9nyeit. Nyert a szelv\u00e9nye? Gratul\u00e1lunk! Haszn\u00e1lja ki eredm\u00e9nyarch\u00edvumunkat, ahol t\u00e1j\u00e9koz\u00f3dhat arr\u00f3l, hogy mely sz\u00e1mok nem nyertek m\u00e1r r\u00e9g\u00f3ta. EuroMillions \u00e9s a brit Millionaire Maker A j\u00e1t\u00e9kosok egy kicsit t\u00f6bbet fizetnek, mert az EuroMillions szelv\u00e9nyeket az Egyes\u00fclt Kir\u00e1lys\u00e1gban v\u00e1s\u00e1rolj\u00e1k. Ez annak k\u00f6sz\u00f6nhet\u0151, hogy a brit szelv\u00e9nyek automatikusan r\u00e9szt vesznek [&hellip;]<\/p>\n","protected":false},"author":1,"featured_media":0,"parent":55183,"menu_order":3,"comment_status":"closed","ping_status":"closed","template":"euromillions-results.php","meta":{"_et_pb_use_builder":"","_et_pb_old_content":"","_et_gb_content_width":"","exclude_from_search":false,"footnotes":""},"class_list":["post-55188","page","type-page","status-publish","hentry"],"yoast_head":"<!-- This site is optimized with the Yoast SEO plugin v23.8 - https:\/\/yoast.com\/wordpress\/plugins\/seo\/ -->\n<title>EuroMillions lott\u00f3 eredm\u00e9nyek<\/title>\n<meta name=\"description\" content=\"Az Euromillions legut\u00f3bbi \u00e9s kor\u00e1bbi sorsol\u00e1sainak eredm\u00e9nyei egy oldalon\" \/>\n<meta name=\"robots\" content=\"index, follow, max-snippet:-1, max-image-preview:large, max-video-preview:-1\" \/>\n<link rel=\"canonical\" href=\"https:\/\/redfoxlotto.com\/hu\/eredmenyek\/euromillions\/\" \/>\n<meta property=\"og:locale\" content=\"hu_HU\" \/>\n<meta property=\"og:type\" content=\"article\" \/>\n<meta property=\"og:title\" content=\"EuroMillions lott\u00f3 eredm\u00e9nyek\" \/>\n<meta property=\"og:description\" content=\"Az Euromillions legut\u00f3bbi \u00e9s kor\u00e1bbi sorsol\u00e1sainak eredm\u00e9nyei egy oldalon\" \/>\n<meta property=\"og:url\" content=\"https:\/\/redfoxlotto.com\/hu\/eredmenyek\/euromillions\/\" \/>\n<meta property=\"og:site_name\" content=\"Get Tickets for the World\u2019s largest jackpots\" \/>\n<meta property=\"article:modified_time\" content=\"2025-12-17T14:52:50+00:00\" \/>\n<meta property=\"og:image\" content=\"https:\/\/content.redfoxlotto.com\/uploads\/sites\/9\/1_winning_numbers_euromillions.jpg\" \/>\n<meta name=\"twitter:card\" content=\"summary_large_image\" \/>\n<meta name=\"twitter:label1\" content=\"Becs\u00fclt olvas\u00e1si id\u0151\" \/>\n\t<meta name=\"twitter:data1\" content=\"4 perc\" \/>\n<script type=\"application\/ld+json\" class=\"yoast-schema-graph\">{\"@context\":\"https:\/\/schema.org\",\"@graph\":[{\"@type\":\"WebPage\",\"@id\":\"https:\/\/redfoxlotto.com\/hu\/eredmenyek\/euromillions\/\",\"url\":\"https:\/\/redfoxlotto.com\/hu\/eredmenyek\/euromillions\/\",\"name\":\"EuroMillions lott\u00f3 eredm\u00e9nyek\",\"isPartOf\":{\"@id\":\"https:\/\/redfoxlotto.com\/hu\/#website\"},\"primaryImageOfPage\":{\"@id\":\"https:\/\/redfoxlotto.com\/hu\/eredmenyek\/euromillions\/#primaryimage\"},\"image\":{\"@id\":\"https:\/\/redfoxlotto.com\/hu\/eredmenyek\/euromillions\/#primaryimage\"},\"thumbnailUrl\":\"https:\/\/content.redfoxlotto.com\/uploads\/sites\/9\/1_winning_numbers_euromillions.jpg\",\"datePublished\":\"2018-11-18T08:54:25+00:00\",\"dateModified\":\"2025-12-17T14:52:50+00:00\",\"description\":\"Az Euromillions legut\u00f3bbi \u00e9s kor\u00e1bbi sorsol\u00e1sainak eredm\u00e9nyei egy oldalon\",\"breadcrumb\":{\"@id\":\"https:\/\/redfoxlotto.com\/hu\/eredmenyek\/euromillions\/#breadcrumb\"},\"inLanguage\":\"hu\",\"potentialAction\":[{\"@type\":\"ReadAction\",\"target\":[\"https:\/\/redfoxlotto.com\/hu\/eredmenyek\/euromillions\/\"]}]},{\"@type\":\"ImageObject\",\"inLanguage\":\"hu\",\"@id\":\"https:\/\/redfoxlotto.com\/hu\/eredmenyek\/euromillions\/#primaryimage\",\"url\":\"https:\/\/content.redfoxlotto.com\/uploads\/sites\/9\/1_winning_numbers_euromillions.jpg\",\"contentUrl\":\"https:\/\/content.redfoxlotto.com\/uploads\/sites\/9\/1_winning_numbers_euromillions.jpg\"},{\"@type\":\"BreadcrumbList\",\"@id\":\"https:\/\/redfoxlotto.com\/hu\/eredmenyek\/euromillions\/#breadcrumb\",\"itemListElement\":[{\"@type\":\"ListItem\",\"position\":1,\"name\":\"Home\",\"item\":\"https:\/\/redfoxlotto.com\/hu\/\"},{\"@type\":\"ListItem\",\"position\":2,\"name\":\"Nemzetk\u00f6zi lott\u00f3 eredm\u00e9nyek\",\"item\":\"https:\/\/redfoxlotto.com\/hu\/eredmenyek\/\"},{\"@type\":\"ListItem\",\"position\":3,\"name\":\"EuroMillions eredm\u00e9nyek\"}]},{\"@type\":\"WebSite\",\"@id\":\"https:\/\/redfoxlotto.com\/hu\/#website\",\"url\":\"https:\/\/redfoxlotto.com\/hu\/\",\"name\":\"Get Tickets for the World\u2019s largest jackpots\",\"description\":\"Participate in worldwide lottery jackpots from any country\",\"publisher\":{\"@id\":\"https:\/\/redfoxlotto.com\/hu\/#organization\"},\"potentialAction\":[{\"@type\":\"SearchAction\",\"target\":{\"@type\":\"EntryPoint\",\"urlTemplate\":\"https:\/\/redfoxlotto.com\/hu\/?s={search_term_string}\"},\"query-input\":{\"@type\":\"PropertyValueSpecification\",\"valueRequired\":true,\"valueName\":\"search_term_string\"}}],\"inLanguage\":\"hu\"},{\"@type\":\"Organization\",\"@id\":\"https:\/\/redfoxlotto.com\/hu\/#organization\",\"name\":\"Get Tickets for the World\u2019s largest jackpots\",\"url\":\"https:\/\/redfoxlotto.com\/hu\/\",\"logo\":{\"@type\":\"ImageObject\",\"inLanguage\":\"hu\",\"@id\":\"https:\/\/redfoxlotto.com\/hu\/#\/schema\/logo\/image\/\",\"url\":\"https:\/\/redfoxlotto.com\/wp-content\/uploads\/2023\/04\/logo.png\",\"contentUrl\":\"https:\/\/redfoxlotto.com\/wp-content\/uploads\/2023\/04\/logo.png\",\"width\":269,\"height\":53,\"caption\":\"Get Tickets for the World\u2019s largest jackpots\"},\"image\":{\"@id\":\"https:\/\/redfoxlotto.com\/hu\/#\/schema\/logo\/image\/\"}}]}<\/script>\n<!-- \/ Yoast SEO plugin. -->","yoast_head_json":{"title":"EuroMillions lott\u00f3 eredm\u00e9nyek","description":"Az Euromillions legut\u00f3bbi \u00e9s kor\u00e1bbi sorsol\u00e1sainak eredm\u00e9nyei egy oldalon","robots":{"index":"index","follow":"follow","max-snippet":"max-snippet:-1","max-image-preview":"max-image-preview:large","max-video-preview":"max-video-preview:-1"},"canonical":"https:\/\/redfoxlotto.com\/hu\/eredmenyek\/euromillions\/","og_locale":"hu_HU","og_type":"article","og_title":"EuroMillions lott\u00f3 eredm\u00e9nyek","og_description":"Az Euromillions legut\u00f3bbi \u00e9s kor\u00e1bbi sorsol\u00e1sainak eredm\u00e9nyei egy oldalon","og_url":"https:\/\/redfoxlotto.com\/hu\/eredmenyek\/euromillions\/","og_site_name":"Get Tickets for the World\u2019s largest jackpots","article_modified_time":"2025-12-17T14:52:50+00:00","og_image":[{"url":"https:\/\/content.redfoxlotto.com\/uploads\/sites\/9\/1_winning_numbers_euromillions.jpg"}],"twitter_card":"summary_large_image","twitter_misc":{"Becs\u00fclt olvas\u00e1si id\u0151":"4 perc"},"schema":{"@context":"https:\/\/schema.org","@graph":[{"@type":"WebPage","@id":"https:\/\/redfoxlotto.com\/hu\/eredmenyek\/euromillions\/","url":"https:\/\/redfoxlotto.com\/hu\/eredmenyek\/euromillions\/","name":"EuroMillions lott\u00f3 eredm\u00e9nyek","isPartOf":{"@id":"https:\/\/redfoxlotto.com\/hu\/#website"},"primaryImageOfPage":{"@id":"https:\/\/redfoxlotto.com\/hu\/eredmenyek\/euromillions\/#primaryimage"},"image":{"@id":"https:\/\/redfoxlotto.com\/hu\/eredmenyek\/euromillions\/#primaryimage"},"thumbnailUrl":"https:\/\/content.redfoxlotto.com\/uploads\/sites\/9\/1_winning_numbers_euromillions.jpg","datePublished":"2018-11-18T08:54:25+00:00","dateModified":"2025-12-17T14:52:50+00:00","description":"Az Euromillions legut\u00f3bbi \u00e9s kor\u00e1bbi sorsol\u00e1sainak eredm\u00e9nyei egy oldalon","breadcrumb":{"@id":"https:\/\/redfoxlotto.com\/hu\/eredmenyek\/euromillions\/#breadcrumb"},"inLanguage":"hu","potentialAction":[{"@type":"ReadAction","target":["https:\/\/redfoxlotto.com\/hu\/eredmenyek\/euromillions\/"]}]},{"@type":"ImageObject","inLanguage":"hu","@id":"https:\/\/redfoxlotto.com\/hu\/eredmenyek\/euromillions\/#primaryimage","url":"https:\/\/content.redfoxlotto.com\/uploads\/sites\/9\/1_winning_numbers_euromillions.jpg","contentUrl":"https:\/\/content.redfoxlotto.com\/uploads\/sites\/9\/1_winning_numbers_euromillions.jpg"},{"@type":"BreadcrumbList","@id":"https:\/\/redfoxlotto.com\/hu\/eredmenyek\/euromillions\/#breadcrumb","itemListElement":[{"@type":"ListItem","position":1,"name":"Home","item":"https:\/\/redfoxlotto.com\/hu\/"},{"@type":"ListItem","position":2,"name":"Nemzetk\u00f6zi lott\u00f3 eredm\u00e9nyek","item":"https:\/\/redfoxlotto.com\/hu\/eredmenyek\/"},{"@type":"ListItem","position":3,"name":"EuroMillions eredm\u00e9nyek"}]},{"@type":"WebSite","@id":"https:\/\/redfoxlotto.com\/hu\/#website","url":"https:\/\/redfoxlotto.com\/hu\/","name":"Get Tickets for the World\u2019s largest jackpots","description":"Participate in worldwide lottery jackpots from any country","publisher":{"@id":"https:\/\/redfoxlotto.com\/hu\/#organization"},"potentialAction":[{"@type":"SearchAction","target":{"@type":"EntryPoint","urlTemplate":"https:\/\/redfoxlotto.com\/hu\/?s={search_term_string}"},"query-input":{"@type":"PropertyValueSpecification","valueRequired":true,"valueName":"search_term_string"}}],"inLanguage":"hu"},{"@type":"Organization","@id":"https:\/\/redfoxlotto.com\/hu\/#organization","name":"Get Tickets for the World\u2019s largest jackpots","url":"https:\/\/redfoxlotto.com\/hu\/","logo":{"@type":"ImageObject","inLanguage":"hu","@id":"https:\/\/redfoxlotto.com\/hu\/#\/schema\/logo\/image\/","url":"https:\/\/redfoxlotto.com\/wp-content\/uploads\/2023\/04\/logo.png","contentUrl":"https:\/\/redfoxlotto.com\/wp-content\/uploads\/2023\/04\/logo.png","width":269,"height":53,"caption":"Get Tickets for the World\u2019s largest jackpots"},"image":{"@id":"https:\/\/redfoxlotto.com\/hu\/#\/schema\/logo\/image\/"}}]}},"_links":{"self":[{"href":"https:\/\/redfoxlotto.com\/hu\/wp-json\/wp\/v2\/pages\/55188","targetHints":{"allow":["GET"]}}],"collection":[{"href":"https:\/\/redfoxlotto.com\/hu\/wp-json\/wp\/v2\/pages"}],"about":[{"href":"https:\/\/redfoxlotto.com\/hu\/wp-json\/wp\/v2\/types\/page"}],"author":[{"embeddable":true,"href":"https:\/\/redfoxlotto.com\/hu\/wp-json\/wp\/v2\/users\/1"}],"replies":[{"embeddable":true,"href":"https:\/\/redfoxlotto.com\/hu\/wp-json\/wp\/v2\/comments?post=55188"}],"version-history":[{"count":0,"href":"https:\/\/redfoxlotto.com\/hu\/wp-json\/wp\/v2\/pages\/55188\/revisions"}],"up":[{"embeddable":true,"href":"https:\/\/redfoxlotto.com\/hu\/wp-json\/wp\/v2\/pages\/55183"}],"wp:attachment":[{"href":"https:\/\/redfoxlotto.com\/hu\/wp-json\/wp\/v2\/media?parent=55188"}],"curies":[{"name":"wp","href":"https:\/\/api.w.org\/{rel}","templated":true}]}}