{"id":55187,"date":"2018-11-18T08:54:25","date_gmt":"2018-11-18T08:54:25","guid":{"rendered":"https:\/\/redfoxlotto.com\/?page_id=21488"},"modified":"2025-12-17T13:16:19","modified_gmt":"2025-12-17T13:16:19","slug":"eurojackpot","status":"publish","type":"page","link":"https:\/\/redfoxlotto.com\/hu\/eredmenyek\/eurojackpot\/","title":{"rendered":"Eurojackpot eredm\u00e9nyek"},"content":{"rendered":"<script type=\"application\/ld+json\">\r\n{\r\n  \"@context\": \"https:\/\/schema.org\",\r\n  \"@type\": \"Service\",\r\n  \"name\": \"Ellen\u0151rizze az Eurojackpot sorsol\u00e1s eredm\u00e9nyeit online\",\r\n  \"url\": \"https:\/\/redfoxlotto.com\/hu\/eredmenyek\/eurojackpot\/\",\r\n  \"description\": \"L\u00e1togasson el a RedFoxLotto oldalra, hogy megn\u00e9zze a leg\u00fajabb Eurojackpot eredm\u00e9nyeket \u00e9s a lott\u00f3eredm\u00e9nyek arch\u00edvum\u00e1t.\",\r\n  \"serviceType\": \"Vil\u00e1gszint\u0171 lott\u00f3eredm\u00e9ny-arch\u00edvum\",\r\n  \"provider\": {\r\n    \"@type\": \"Organization\",\r\n    \"name\": \"RedFoxLotto\",\r\n    \"url\": \"https:\/\/redfoxlotto.com\/hu\/eredmenyek\/eurojackpot\/\",\r\n    \"image\": \"https:\/\/redfoxlotto.com\/wp-content\/uploads\/2025\/12\/ticket_scans.jpg\",\r\n    \"sameAs\": []\r\n  },\r\n  \"areaServed\": \"Worldwide\",\r\n  \"termsOfService\": \"https:\/\/redfoxlotto.com\/terms-and-conditions\",\r\n  \"additionalProperty\": {\r\n    \"@type\": \"PropertyValue\",\r\n    \"name\": \"FAQ\",\r\n    \"value\": \"https:\/\/redfoxlotto.com\/hu\/faq\/\"\r\n  },\r\n  \"hasOfferCatalog\": {\r\n    \"@type\": \"OfferCatalog\",\r\n    \"name\": \"Eurojackpot lott\u00f3eredm\u00e9nyek\",\r\n    \"itemListElement\": [\r\n      {\r\n        \"@type\": \"Offer\",\r\n        \"name\": \"Eurojackpot eredm\u00e9nyek\",\r\n        \"url\": \"https:\/\/redfoxlotto.com\/hu\/eredmenyek\/eurojackpot\/\",\r\n        \"description\": \"Itt tal\u00e1lhat\u00f3k a legfrissebb \u00e9s t\u00f6rt\u00e9nelmi Eurojackpot eredm\u00e9nyek \u00e9s m\u00e1s nagy lott\u00f3k.\",\r\n        \"itemOffered\": {\r\n          \"@type\": \"Service\",\r\n          \"name\": \"Eurojackpot eredm\u00e9nyek\",\r\n          \"description\": \"Eurojackpot kisorsolt sz\u00e1mok online, leg\u00fajabb \u00e9s r\u00e9gebbi eredm\u00e9nyek.\"\r\n        }\r\n      }\r\n    ]\r\n  },\r\n  \"mainEntityOfPage\": {\r\n    \"@type\": \"WebPage\",\r\n    \"@id\": \"https:\/\/redfoxlotto.com\/hu\/eredmenyek\/eurojackpot\/\"\r\n  }\r\n}\r\n<\/script><p>Ha j\u00e1tszott\u00e1l az EuroJackpoton, akkor biztosan l\u00e1tni akarod az EuroJackpot eredm\u00e9nyeit, igaz? Biztos akarsz lenni benne, hogy a megfelel\u0151 sz\u00e1mokat kapod, \u00e9s hogy a lehet\u0151 leghamarabb megkapod \u0151ket. Szerencs\u00e9re szuper k\u00f6nny\u0171 megtal\u00e1lni az eredm\u00e9nyeket, \u00e9s mi most mindent elmondunk a k\u00fcl\u00f6nb\u00f6z\u0151 lehet\u0151s\u00e9gekr\u0151l, amelyek itt \u00e1llnak rendelkez\u00e9sedre.<\/p><p><img loading=\"lazy\" decoding=\"async\" class=\"wp-image alignright\" src=\"https:\/\/content.redfoxlotto.com\/uploads\/sites\/9\/results_eurojackpot.jpg\" alt=\"nyer\u0151sz\u00e1mok\" width=\"220\" height=\"170\"><\/p><p>\u00dajs\u00e1g &#8211; Ha olyan ter\u00fcleten \u00e9l, ahol az EuroJackpotot t\u00e9nylegesen j\u00e1tssz\u00e1k, akkor az eredm\u00e9nyeket a sorsol\u00e1st k\u00f6vet\u0151 k\u00f6vetkez\u0151 \u00fajs\u00e1gban tal\u00e1lhatja meg. A sz\u00e1mok \u00e1ltal\u00e1ban a ter\u00fcletre vonatkoz\u00f3 nagy \u00fajs\u00e1gokban tal\u00e1lhat\u00f3k, de el\u0151fordulhat, hogy n\u00e9h\u00e1ny kisebb \u00fajs\u00e1gban is kinyomtatj\u00e1k \u0151ket, \u00e9s \u00e1ltal\u00e1ban az online verzi\u00f3kon kereszt\u00fcl is el\u00e9rhet\u0151ek lesznek. Ez egy nagyszer\u0171 m\u00f3dja annak, hogy megtal\u00e1ld a nyer\u0151sz\u00e1mokat, ha nem \u00e9rdekel, hogy a sorsol\u00e1s ut\u00e1n azonnal megkapd \u0151ket.<br>N\u00e9zze \u00e9l\u0151ben &#8211; Ha val\u00f3ban azonnal tudni akarja a sz\u00e1mokat, a legjobb m\u00f3dszer erre, ha \u00e9l\u0151ben n\u00e9zi a sorsol\u00e1st, \u00e9s megn\u00e9zi, hogy mik a sz\u00e1mok, amint kisorsolj\u00e1k \u0151ket. Az EuroJackpot eredm\u00e9nyei azonnal megjelenhetnek, \u00e9s k\u00e9szenl\u00e9tben tarthatja a szelv\u00e9ny\u00e9t, \u00edgy minden egyes sz\u00e1mot megn\u00e9zhet, \u00e9s l\u00e1thatja, hogy egyezik-e a szelv\u00e9ny\u00e9n szerepl\u0151 sz\u00e1mokkal. Ha egyezik, akkor az els\u0151k k\u00f6z\u00f6tt leszel, akik ezt megtudj\u00e1k, \u00e9s azonnal elindulhatsz, hogy megn\u00e9zd, mit kell tenned ahhoz, hogy \u00e1tvehesd a nyerem\u00e9nyedet, legyen az nagy vagy kicsi.<br>Ellen\u0151rizze online &#8211; Sz\u00e1mos k\u00fcl\u00f6nb\u00f6z\u0151 lott\u00f3 weboldalon is megtal\u00e1lhatja a nyer\u0151sz\u00e1mokat. Ezek n\u00e9melyike a sorsol\u00e1s ut\u00e1n azonnal k\u00f6zz\u00e9teszi a sz\u00e1mokat. N\u00e9h\u00e1nyan n\u00e9h\u00e1ny \u00f3r\u00e1val, vagy ak\u00e1r egy nappal vagy m\u00e9g tov\u00e1bb a sorsol\u00e1s ut\u00e1n is k\u00f6zz\u00e9tehetik. Ha gyorsan szeretn\u00e9 megtudni, fontos, hogy figyeljen arra, hogy az \u00d6n \u00e1ltal kiv\u00e1lasztott weboldal mikor tesz k\u00f6zz\u00e9, majd l\u00e1togassa meg azokat, amelyeken akkor lesznek meg az eredm\u00e9nyek, amikor \u00d6n szeretn\u00e9. Ha azt keresi, hogyan tudhatja meg a lehet\u0151 leggyorsabban az eredm\u00e9nyeket, akkor olyan weboldalakat kell keresnie, amelyek val\u00f3ban \u00e1rulj\u00e1k a jegyeket.<br>Hivatalos webhelyek &#8211; Az egyik hely, ahol online ellen\u0151rizheted a sz\u00e1mokat, szint\u00e9n a j\u00e1t\u00e9k hivatalos webhelye, amelyen j\u00e1tszol. \u00cdgy az Euromillions eredm\u00e9nyek k\u00f6zvetlen\u00fcl a weboldalon kereszt\u00fcl lesznek el\u00e9rhet\u0151k. Csak annyit kell tennie, hogy megn\u00e9zi. \u00c9s ezeket a sz\u00e1mokat \u00e1ltal\u00e1ban azonnal k\u00f6zz\u00e9teszik, amint kih\u00fazt\u00e1k a nyer\u0151sz\u00e1mokat. Ez azt jelenti, hogy nem kell v\u00e1rnod az eredm\u00e9nyekre, hogy megtudd, nyert\u00e9l-e valamit vagy sem. A nyerem\u00e9nyig\u00e9nyl\u00e9s folyamata is egyszer\u0171bb lesz, ha itt n\u00e9zed meg a nyer\u0151sz\u00e1mokat, mintha az \u00fajs\u00e1gban olvasn\u00e1d \u0151ket, vagy csak \u00e9l\u0151ben n\u00e9zn\u00e9d.<br>Az egyik hely, ahol azonnal megkaphatja a lott\u00f3eredm\u00e9nyeket, a RedFoxLotto.com. M\u00e9g jobb, ha k\u00f6zvetlen\u00fcl a platformon kereszt\u00fcl v\u00e1s\u00e1rolhatod meg a szelv\u00e9nyeidet, \u00e9s akkor l\u00e1thatod, hogy mik a nyer\u0151sz\u00e1mok, \u00e9s hogy a te sz\u00e1maid k\u00f6z\u00fcl melyek egyeznek meg ezekkel a nyer\u0151sz\u00e1mokkal. \u00cdgy egy kicsit gyorsabban juthatsz hozz\u00e1 a megkeresett nyerem\u00e9nyedhez. R\u00e1ad\u00e1sul nem kell pr\u00f3b\u00e1lkoznod a sz\u00e1mok egyez\u00e9s\u00e9vel. Ezeket a sz\u00e1mokat teljes m\u00e9rt\u00e9kben \u00f6sszep\u00e1ros\u00edtj\u00e1k helyetted, \u00edgy k\u00e9szen \u00e1llsz a nyerem\u00e9nyig\u00e9nyl\u00e9shez.<\/p><p>K\u00e9szen \u00e1llsz az EuroJackpot online j\u00e1t\u00e9kra, \u00e9s szeretn\u00e9l megbizonyosodni arr\u00f3l, hogy a szelv\u00e9nyeidet a megfelel\u0151 m\u00f3don szerezted meg? Nos, ez egy\u00e1ltal\u00e1n nem lesz neh\u00e9z, mert csak regisztr\u00e1ljon a RedFoxLotto.com oldalon, \u00e9s m\u00e1ris megv\u00e1s\u00e1rolhatja a k\u00edv\u00e1nt szelv\u00e9nyeket, \u00e9s megn\u00e9zheti, hogyan v\u00e1lassza ki a k\u00edv\u00e1nt sz\u00e1mokat. Az eg\u00e9sz folyamat egyszer\u0171, \u00e9s miel\u0151tt \u00e9szrevenn\u00e9d, m\u00e1ris nyerhetsz egy teljesen m\u00e1s orsz\u00e1gban. H\u00e1t nem lenne ez nagyon sz\u00f3rakoztat\u00f3 \u00e9s remek m\u00f3dja annak, hogy \u00e9lvezze a lott\u00f3z\u00e1ssal t\u00f6lt\u00f6tt id\u0151t?<\/p>","protected":false},"excerpt":{"rendered":"<p>Ha j\u00e1tszott\u00e1l az EuroJackpoton, akkor biztosan l\u00e1tni akarod az EuroJackpot eredm\u00e9nyeit, igaz? Biztos akarsz lenni benne, hogy a megfelel\u0151 sz\u00e1mokat kapod, \u00e9s hogy a lehet\u0151 leghamarabb megkapod \u0151ket. Szerencs\u00e9re szuper k\u00f6nny\u0171 megtal\u00e1lni az eredm\u00e9nyeket, \u00e9s mi most mindent elmondunk a k\u00fcl\u00f6nb\u00f6z\u0151 lehet\u0151s\u00e9gekr\u0151l, amelyek itt \u00e1llnak rendelkez\u00e9sedre. \u00dajs\u00e1g &#8211; Ha olyan ter\u00fcleten \u00e9l, ahol az EuroJackpotot [&hellip;]<\/p>\n","protected":false},"author":1,"featured_media":0,"parent":55183,"menu_order":4,"comment_status":"closed","ping_status":"closed","template":"eurojackpot-results.php","meta":{"_et_pb_use_builder":"","_et_pb_old_content":"","_et_gb_content_width":"","exclude_from_search":false,"footnotes":""},"class_list":["post-55187","page","type-page","status-publish","hentry"],"yoast_head":"<!-- This site is optimized with the Yoast SEO plugin v23.8 - https:\/\/yoast.com\/wordpress\/plugins\/seo\/ -->\n<title>Eurojackpot lott\u00f3 eredm\u00e9nyek<\/title>\n<meta name=\"description\" content=\"Szerezd meg az Eurojackpot lott\u00f3 legfrissebb eredm\u00e9nyeit itt az oldalunkon.\" \/>\n<meta name=\"robots\" content=\"index, follow, max-snippet:-1, max-image-preview:large, max-video-preview:-1\" \/>\n<link rel=\"canonical\" href=\"https:\/\/redfoxlotto.com\/hu\/eredmenyek\/eurojackpot\/\" \/>\n<meta property=\"og:locale\" content=\"hu_HU\" \/>\n<meta property=\"og:type\" content=\"article\" \/>\n<meta property=\"og:title\" content=\"Eurojackpot lott\u00f3 eredm\u00e9nyek\" \/>\n<meta property=\"og:description\" content=\"Szerezd meg az Eurojackpot lott\u00f3 legfrissebb eredm\u00e9nyeit itt az oldalunkon.\" \/>\n<meta property=\"og:url\" content=\"https:\/\/redfoxlotto.com\/hu\/eredmenyek\/eurojackpot\/\" \/>\n<meta property=\"og:site_name\" content=\"Get Tickets for the World\u2019s largest jackpots\" \/>\n<meta property=\"article:modified_time\" content=\"2025-12-17T13:16:19+00:00\" \/>\n<meta property=\"og:image\" content=\"https:\/\/content.redfoxlotto.com\/uploads\/sites\/9\/results_eurojackpot.jpg\" \/>\n<meta name=\"twitter:card\" content=\"summary_large_image\" \/>\n<meta name=\"twitter:label1\" content=\"Becs\u00fclt olvas\u00e1si id\u0151\" \/>\n\t<meta name=\"twitter:data1\" content=\"3 perc\" \/>\n<script type=\"application\/ld+json\" class=\"yoast-schema-graph\">{\"@context\":\"https:\/\/schema.org\",\"@graph\":[{\"@type\":\"WebPage\",\"@id\":\"https:\/\/redfoxlotto.com\/hu\/eredmenyek\/eurojackpot\/\",\"url\":\"https:\/\/redfoxlotto.com\/hu\/eredmenyek\/eurojackpot\/\",\"name\":\"Eurojackpot lott\u00f3 eredm\u00e9nyek\",\"isPartOf\":{\"@id\":\"https:\/\/redfoxlotto.com\/hu\/#website\"},\"primaryImageOfPage\":{\"@id\":\"https:\/\/redfoxlotto.com\/hu\/eredmenyek\/eurojackpot\/#primaryimage\"},\"image\":{\"@id\":\"https:\/\/redfoxlotto.com\/hu\/eredmenyek\/eurojackpot\/#primaryimage\"},\"thumbnailUrl\":\"https:\/\/content.redfoxlotto.com\/uploads\/sites\/9\/results_eurojackpot.jpg\",\"datePublished\":\"2018-11-18T08:54:25+00:00\",\"dateModified\":\"2025-12-17T13:16:19+00:00\",\"description\":\"Szerezd meg az Eurojackpot lott\u00f3 legfrissebb eredm\u00e9nyeit itt az oldalunkon.\",\"breadcrumb\":{\"@id\":\"https:\/\/redfoxlotto.com\/hu\/eredmenyek\/eurojackpot\/#breadcrumb\"},\"inLanguage\":\"hu\",\"potentialAction\":[{\"@type\":\"ReadAction\",\"target\":[\"https:\/\/redfoxlotto.com\/hu\/eredmenyek\/eurojackpot\/\"]}]},{\"@type\":\"ImageObject\",\"inLanguage\":\"hu\",\"@id\":\"https:\/\/redfoxlotto.com\/hu\/eredmenyek\/eurojackpot\/#primaryimage\",\"url\":\"https:\/\/content.redfoxlotto.com\/uploads\/sites\/9\/results_eurojackpot.jpg\",\"contentUrl\":\"https:\/\/content.redfoxlotto.com\/uploads\/sites\/9\/results_eurojackpot.jpg\"},{\"@type\":\"BreadcrumbList\",\"@id\":\"https:\/\/redfoxlotto.com\/hu\/eredmenyek\/eurojackpot\/#breadcrumb\",\"itemListElement\":[{\"@type\":\"ListItem\",\"position\":1,\"name\":\"Home\",\"item\":\"https:\/\/redfoxlotto.com\/hu\/\"},{\"@type\":\"ListItem\",\"position\":2,\"name\":\"Nemzetk\u00f6zi lott\u00f3 eredm\u00e9nyek\",\"item\":\"https:\/\/redfoxlotto.com\/hu\/eredmenyek\/\"},{\"@type\":\"ListItem\",\"position\":3,\"name\":\"Eurojackpot eredm\u00e9nyek\"}]},{\"@type\":\"WebSite\",\"@id\":\"https:\/\/redfoxlotto.com\/hu\/#website\",\"url\":\"https:\/\/redfoxlotto.com\/hu\/\",\"name\":\"Get Tickets for the World\u2019s largest jackpots\",\"description\":\"Participate in worldwide lottery jackpots from any country\",\"publisher\":{\"@id\":\"https:\/\/redfoxlotto.com\/hu\/#organization\"},\"potentialAction\":[{\"@type\":\"SearchAction\",\"target\":{\"@type\":\"EntryPoint\",\"urlTemplate\":\"https:\/\/redfoxlotto.com\/hu\/?s={search_term_string}\"},\"query-input\":{\"@type\":\"PropertyValueSpecification\",\"valueRequired\":true,\"valueName\":\"search_term_string\"}}],\"inLanguage\":\"hu\"},{\"@type\":\"Organization\",\"@id\":\"https:\/\/redfoxlotto.com\/hu\/#organization\",\"name\":\"Get Tickets for the World\u2019s largest jackpots\",\"url\":\"https:\/\/redfoxlotto.com\/hu\/\",\"logo\":{\"@type\":\"ImageObject\",\"inLanguage\":\"hu\",\"@id\":\"https:\/\/redfoxlotto.com\/hu\/#\/schema\/logo\/image\/\",\"url\":\"https:\/\/redfoxlotto.com\/wp-content\/uploads\/2023\/04\/logo.png\",\"contentUrl\":\"https:\/\/redfoxlotto.com\/wp-content\/uploads\/2023\/04\/logo.png\",\"width\":269,\"height\":53,\"caption\":\"Get Tickets for the World\u2019s largest jackpots\"},\"image\":{\"@id\":\"https:\/\/redfoxlotto.com\/hu\/#\/schema\/logo\/image\/\"}}]}<\/script>\n<!-- \/ Yoast SEO plugin. -->","yoast_head_json":{"title":"Eurojackpot lott\u00f3 eredm\u00e9nyek","description":"Szerezd meg az Eurojackpot lott\u00f3 legfrissebb eredm\u00e9nyeit itt az oldalunkon.","robots":{"index":"index","follow":"follow","max-snippet":"max-snippet:-1","max-image-preview":"max-image-preview:large","max-video-preview":"max-video-preview:-1"},"canonical":"https:\/\/redfoxlotto.com\/hu\/eredmenyek\/eurojackpot\/","og_locale":"hu_HU","og_type":"article","og_title":"Eurojackpot lott\u00f3 eredm\u00e9nyek","og_description":"Szerezd meg az Eurojackpot lott\u00f3 legfrissebb eredm\u00e9nyeit itt az oldalunkon.","og_url":"https:\/\/redfoxlotto.com\/hu\/eredmenyek\/eurojackpot\/","og_site_name":"Get Tickets for the World\u2019s largest jackpots","article_modified_time":"2025-12-17T13:16:19+00:00","og_image":[{"url":"https:\/\/content.redfoxlotto.com\/uploads\/sites\/9\/results_eurojackpot.jpg"}],"twitter_card":"summary_large_image","twitter_misc":{"Becs\u00fclt olvas\u00e1si id\u0151":"3 perc"},"schema":{"@context":"https:\/\/schema.org","@graph":[{"@type":"WebPage","@id":"https:\/\/redfoxlotto.com\/hu\/eredmenyek\/eurojackpot\/","url":"https:\/\/redfoxlotto.com\/hu\/eredmenyek\/eurojackpot\/","name":"Eurojackpot lott\u00f3 eredm\u00e9nyek","isPartOf":{"@id":"https:\/\/redfoxlotto.com\/hu\/#website"},"primaryImageOfPage":{"@id":"https:\/\/redfoxlotto.com\/hu\/eredmenyek\/eurojackpot\/#primaryimage"},"image":{"@id":"https:\/\/redfoxlotto.com\/hu\/eredmenyek\/eurojackpot\/#primaryimage"},"thumbnailUrl":"https:\/\/content.redfoxlotto.com\/uploads\/sites\/9\/results_eurojackpot.jpg","datePublished":"2018-11-18T08:54:25+00:00","dateModified":"2025-12-17T13:16:19+00:00","description":"Szerezd meg az Eurojackpot lott\u00f3 legfrissebb eredm\u00e9nyeit itt az oldalunkon.","breadcrumb":{"@id":"https:\/\/redfoxlotto.com\/hu\/eredmenyek\/eurojackpot\/#breadcrumb"},"inLanguage":"hu","potentialAction":[{"@type":"ReadAction","target":["https:\/\/redfoxlotto.com\/hu\/eredmenyek\/eurojackpot\/"]}]},{"@type":"ImageObject","inLanguage":"hu","@id":"https:\/\/redfoxlotto.com\/hu\/eredmenyek\/eurojackpot\/#primaryimage","url":"https:\/\/content.redfoxlotto.com\/uploads\/sites\/9\/results_eurojackpot.jpg","contentUrl":"https:\/\/content.redfoxlotto.com\/uploads\/sites\/9\/results_eurojackpot.jpg"},{"@type":"BreadcrumbList","@id":"https:\/\/redfoxlotto.com\/hu\/eredmenyek\/eurojackpot\/#breadcrumb","itemListElement":[{"@type":"ListItem","position":1,"name":"Home","item":"https:\/\/redfoxlotto.com\/hu\/"},{"@type":"ListItem","position":2,"name":"Nemzetk\u00f6zi lott\u00f3 eredm\u00e9nyek","item":"https:\/\/redfoxlotto.com\/hu\/eredmenyek\/"},{"@type":"ListItem","position":3,"name":"Eurojackpot eredm\u00e9nyek"}]},{"@type":"WebSite","@id":"https:\/\/redfoxlotto.com\/hu\/#website","url":"https:\/\/redfoxlotto.com\/hu\/","name":"Get Tickets for the World\u2019s largest jackpots","description":"Participate in worldwide lottery jackpots from any country","publisher":{"@id":"https:\/\/redfoxlotto.com\/hu\/#organization"},"potentialAction":[{"@type":"SearchAction","target":{"@type":"EntryPoint","urlTemplate":"https:\/\/redfoxlotto.com\/hu\/?s={search_term_string}"},"query-input":{"@type":"PropertyValueSpecification","valueRequired":true,"valueName":"search_term_string"}}],"inLanguage":"hu"},{"@type":"Organization","@id":"https:\/\/redfoxlotto.com\/hu\/#organization","name":"Get Tickets for the World\u2019s largest jackpots","url":"https:\/\/redfoxlotto.com\/hu\/","logo":{"@type":"ImageObject","inLanguage":"hu","@id":"https:\/\/redfoxlotto.com\/hu\/#\/schema\/logo\/image\/","url":"https:\/\/redfoxlotto.com\/wp-content\/uploads\/2023\/04\/logo.png","contentUrl":"https:\/\/redfoxlotto.com\/wp-content\/uploads\/2023\/04\/logo.png","width":269,"height":53,"caption":"Get Tickets for the World\u2019s largest jackpots"},"image":{"@id":"https:\/\/redfoxlotto.com\/hu\/#\/schema\/logo\/image\/"}}]}},"_links":{"self":[{"href":"https:\/\/redfoxlotto.com\/hu\/wp-json\/wp\/v2\/pages\/55187","targetHints":{"allow":["GET"]}}],"collection":[{"href":"https:\/\/redfoxlotto.com\/hu\/wp-json\/wp\/v2\/pages"}],"about":[{"href":"https:\/\/redfoxlotto.com\/hu\/wp-json\/wp\/v2\/types\/page"}],"author":[{"embeddable":true,"href":"https:\/\/redfoxlotto.com\/hu\/wp-json\/wp\/v2\/users\/1"}],"replies":[{"embeddable":true,"href":"https:\/\/redfoxlotto.com\/hu\/wp-json\/wp\/v2\/comments?post=55187"}],"version-history":[{"count":0,"href":"https:\/\/redfoxlotto.com\/hu\/wp-json\/wp\/v2\/pages\/55187\/revisions"}],"up":[{"embeddable":true,"href":"https:\/\/redfoxlotto.com\/hu\/wp-json\/wp\/v2\/pages\/55183"}],"wp:attachment":[{"href":"https:\/\/redfoxlotto.com\/hu\/wp-json\/wp\/v2\/media?parent=55187"}],"curies":[{"name":"wp","href":"https:\/\/api.w.org\/{rel}","templated":true}]}}