{"id":55186,"date":"2018-11-18T08:54:25","date_gmt":"2018-11-18T08:54:25","guid":{"rendered":"https:\/\/redfoxlotto.com\/?page_id=21486"},"modified":"2023-03-13T17:37:23","modified_gmt":"2023-03-13T17:37:23","slug":"el-gordo-primitiva","status":"publish","type":"page","link":"https:\/\/redfoxlotto.com\/hu\/eredmenyek\/el-gordo-primitiva\/","title":{"rendered":"El Gordo eredm\u00e9nyek"},"content":{"rendered":"<p>N\u00e9zze meg az El Gordo legfrissebb sorsol\u00e1si eredm\u00e9nyeit itt a weboldalunkon. Ha m\u00e1r van szelv\u00e9nye, l\u00e9pjen be fi\u00f3kja &#8222;Szelv\u00e9nyeim&#8221; r\u00e9sz\u00e9be, \u00e9s azonnal l\u00e1thatja, hogy szelv\u00e9nye nyert-e.<\/p><h2 class=\"wp-block-heading\">Az El Gordo Navidad eredm\u00e9nyei<\/h2><p><img decoding=\"async\" class=\" wp-image alignright\" src=\"https:\/\/content.redfoxlotto.com\/uploads\/sites\/9\/1_results_draw_numbers.jpg\" alt=\"eredm\u00e9nyek lott\u00f3\"><\/p><p>Amikor a spanyol El Gordo, a kar\u00e1csonyi lott\u00f3n j\u00e1tszik, k\u00e9sz\u00fclj\u00f6n fel egy nagyon k\u00fcl\u00f6nleges t\u00edpus\u00fa sorsol\u00e1sra. Egy h\u00e1rom\u00f3r\u00e1s szertart\u00e1s keret\u00e9ben, amelyet minden \u00e9v december 22-\u00e9n tartanak, kisorsolj\u00e1k a nyer\u0151sz\u00e1mokat. Az eg\u00e9sz elj\u00e1r\u00e1st \u00e9l\u0151ben k\u00f6zvet\u00edti a telev\u00edzi\u00f3. K\u00e9t hatalmas aranydob lesz, az egyikben a 00000 \u00e9s 99999 k\u00f6z\u00f6tti \u00f6sszes sz\u00e1mot, a m\u00e1sikban pedig a nyerem\u00e9nyt\u00edpust tartalmaz\u00f3 goly\u00f3kat tal\u00e1ljuk.<\/p><p>Amikor a spanyol El Gord\u00f3n, a kar\u00e1csonyi lott\u00f3n j\u00e1tszik, k\u00e9sz\u00fclj\u00f6n fel egy nagyon k\u00fcl\u00f6nleges t\u00edpus\u00fa sorsol\u00e1sra. Egy h\u00e1rom\u00f3r\u00e1s szertart\u00e1s keret\u00e9ben, amelyet minden \u00e9v december 22-\u00e9n tartanak, kisorsolj\u00e1k a nyer\u0151sz\u00e1mokat. Az eg\u00e9sz elj\u00e1r\u00e1st \u00e9l\u0151ben k\u00f6zvet\u00edti a telev\u00edzi\u00f3. K\u00e9t hatalmas aranydob lesz, az egyikben a 00000 \u00e9s 99999 k\u00f6z\u00f6tti \u00f6sszes sz\u00e1mot, a m\u00e1sikban pedig a nyerem\u00e9nyt\u00edpust tartalmaz\u00f3 goly\u00f3kat tal\u00e1ljuk.<\/p><p>Az eredm\u00e9ny nem sz\u00e1mkombin\u00e1ci\u00f3, hanem minden szelv\u00e9nyen egyetlen \u00f6tjegy\u0171 sz\u00e1m tal\u00e1lhat\u00f3. A szelv\u00e9nyenk\u00e9nti 200 eur\u00f3s \u00e1rral a legt\u00f6bb r\u00e9sztvev\u0151 egy &#8222;decim\u00f3t&#8221; vesz, ami egy szelv\u00e9ny tized\u00e9t jelenti. \u00cdgy a legt\u00f6bb nyerem\u00e9nyt megosztj\u00e1k. Nagyon gyakran el\u0151fordul, hogy a csal\u00e1dok egy teljes szelv\u00e9nyt v\u00e1s\u00e1rolnak, \u00e9s ha az \u0151 sz\u00e1muk nyer, az eg\u00e9sz csal\u00e1d nyer valamit. Ez m\u00e9g n\u00e9pszer\u0171bb\u00e9 teszi ezt a lott\u00f3t.<\/p><p><img loading=\"lazy\" decoding=\"async\" class=\" wp-image alignright\" src=\"https:\/\/content.redfoxlotto.com\/uploads\/sites\/9\/1_lottery_winning_numbers_3.jpg\" alt=\"El Gordo nyer\u0151 sz\u00e1mok\" width=\"259\" height=\"172\"><\/p><p>Az El Gordo eredm\u00e9nyeit nem csup\u00e1n megjelen\u00edtik, hanem a madridi San Ildefenso iskola gyermekk\u00f3rusa \u00e9nekli is. B\u00e1rmi is legyen a nyer\u0151sz\u00e1m, a fesz\u00fclts\u00e9g az utols\u00f3 pillanatig kitart. Ne add fel a rem\u00e9nyt, am\u00edg az utols\u00f3 nyer\u0151sz\u00e1mot ki nem h\u00fazt\u00e1k.<\/p><p><\/p>","protected":false},"excerpt":{"rendered":"<p>N\u00e9zze meg az El Gordo legfrissebb sorsol\u00e1si eredm\u00e9nyeit itt a weboldalunkon. Ha m\u00e1r van szelv\u00e9nye, l\u00e9pjen be fi\u00f3kja &#8222;Szelv\u00e9nyeim&#8221; r\u00e9sz\u00e9be, \u00e9s azonnal l\u00e1thatja, hogy szelv\u00e9nye nyert-e. Az El Gordo Navidad eredm\u00e9nyei Amikor a spanyol El Gordo, a kar\u00e1csonyi lott\u00f3n j\u00e1tszik, k\u00e9sz\u00fclj\u00f6n fel egy nagyon k\u00fcl\u00f6nleges t\u00edpus\u00fa sorsol\u00e1sra. Egy h\u00e1rom\u00f3r\u00e1s szertart\u00e1s keret\u00e9ben, amelyet minden \u00e9v december [&hellip;]<\/p>\n","protected":false},"author":1,"featured_media":0,"parent":55183,"menu_order":6,"comment_status":"closed","ping_status":"closed","template":"el-gordo-results.php","meta":{"_et_pb_use_builder":"","_et_pb_old_content":"","_et_gb_content_width":"","exclude_from_search":false,"footnotes":""},"class_list":["post-55186","page","type-page","status-publish","hentry"],"yoast_head":"<!-- This site is optimized with the Yoast SEO plugin v27.4 - https:\/\/yoast.com\/product\/yoast-seo-wordpress\/ -->\n<title>A spanyolorsz\u00e1gi El Gordo lott\u00f3 eredm\u00e9nyei<\/title>\n<meta name=\"description\" content=\"El Gordo, a La Primitiva kar\u00e1csonyi v\u00e1ltozata - eredm\u00e9nyei egy k\u00fcl\u00f6nleges esem\u00e9nyen der\u00fclnek ki!\" \/>\n<meta name=\"robots\" content=\"index, follow, max-snippet:-1, max-image-preview:large, max-video-preview:-1\" \/>\n<link rel=\"canonical\" href=\"https:\/\/redfoxlotto.com\/hu\/eredmenyek\/el-gordo-primitiva\/\" \/>\n<meta property=\"og:locale\" content=\"hu_HU\" \/>\n<meta property=\"og:type\" content=\"article\" \/>\n<meta property=\"og:title\" content=\"A spanyolorsz\u00e1gi El Gordo lott\u00f3 eredm\u00e9nyei\" \/>\n<meta property=\"og:description\" content=\"El Gordo, a La Primitiva kar\u00e1csonyi v\u00e1ltozata - eredm\u00e9nyei egy k\u00fcl\u00f6nleges esem\u00e9nyen der\u00fclnek ki!\" \/>\n<meta property=\"og:url\" content=\"https:\/\/redfoxlotto.com\/hu\/eredmenyek\/el-gordo-primitiva\/\" \/>\n<meta property=\"og:site_name\" content=\"Get Tickets for the World\u2019s largest jackpots\" \/>\n<meta property=\"article:modified_time\" content=\"2023-03-13T17:37:23+00:00\" \/>\n<meta property=\"og:image\" content=\"https:\/\/content.redfoxlotto.com\/uploads\/sites\/9\/1_results_draw_numbers.jpg\" \/>\n<meta name=\"twitter:card\" content=\"summary_large_image\" \/>\n<meta name=\"twitter:label1\" content=\"Becs\u00fclt olvas\u00e1si id\u0151\" \/>\n\t<meta name=\"twitter:data1\" content=\"2 perc\" \/>\n<script type=\"application\/ld+json\" class=\"yoast-schema-graph\">{\"@context\":\"https:\\\/\\\/schema.org\",\"@graph\":[{\"@type\":\"WebPage\",\"@id\":\"https:\\\/\\\/redfoxlotto.com\\\/hu\\\/eredmenyek\\\/el-gordo-primitiva\\\/\",\"url\":\"https:\\\/\\\/redfoxlotto.com\\\/hu\\\/eredmenyek\\\/el-gordo-primitiva\\\/\",\"name\":\"A spanyolorsz\u00e1gi El Gordo lott\u00f3 eredm\u00e9nyei\",\"isPartOf\":{\"@id\":\"https:\\\/\\\/redfoxlotto.com\\\/hu\\\/#website\"},\"primaryImageOfPage\":{\"@id\":\"https:\\\/\\\/redfoxlotto.com\\\/hu\\\/eredmenyek\\\/el-gordo-primitiva\\\/#primaryimage\"},\"image\":{\"@id\":\"https:\\\/\\\/redfoxlotto.com\\\/hu\\\/eredmenyek\\\/el-gordo-primitiva\\\/#primaryimage\"},\"thumbnailUrl\":\"https:\\\/\\\/content.redfoxlotto.com\\\/uploads\\\/sites\\\/9\\\/1_results_draw_numbers.jpg\",\"datePublished\":\"2018-11-18T08:54:25+00:00\",\"dateModified\":\"2023-03-13T17:37:23+00:00\",\"description\":\"El Gordo, a La Primitiva kar\u00e1csonyi v\u00e1ltozata - eredm\u00e9nyei egy k\u00fcl\u00f6nleges esem\u00e9nyen der\u00fclnek ki!\",\"breadcrumb\":{\"@id\":\"https:\\\/\\\/redfoxlotto.com\\\/hu\\\/eredmenyek\\\/el-gordo-primitiva\\\/#breadcrumb\"},\"inLanguage\":\"hu\",\"potentialAction\":[{\"@type\":\"ReadAction\",\"target\":[\"https:\\\/\\\/redfoxlotto.com\\\/hu\\\/eredmenyek\\\/el-gordo-primitiva\\\/\"]}]},{\"@type\":\"ImageObject\",\"inLanguage\":\"hu\",\"@id\":\"https:\\\/\\\/redfoxlotto.com\\\/hu\\\/eredmenyek\\\/el-gordo-primitiva\\\/#primaryimage\",\"url\":\"https:\\\/\\\/content.redfoxlotto.com\\\/uploads\\\/sites\\\/9\\\/1_results_draw_numbers.jpg\",\"contentUrl\":\"https:\\\/\\\/content.redfoxlotto.com\\\/uploads\\\/sites\\\/9\\\/1_results_draw_numbers.jpg\"},{\"@type\":\"BreadcrumbList\",\"@id\":\"https:\\\/\\\/redfoxlotto.com\\\/hu\\\/eredmenyek\\\/el-gordo-primitiva\\\/#breadcrumb\",\"itemListElement\":[{\"@type\":\"ListItem\",\"position\":1,\"name\":\"Home\",\"item\":\"https:\\\/\\\/redfoxlotto.com\\\/hu\\\/\"},{\"@type\":\"ListItem\",\"position\":2,\"name\":\"Nemzetk\u00f6zi lott\u00f3 eredm\u00e9nyek\",\"item\":\"https:\\\/\\\/redfoxlotto.com\\\/hu\\\/eredmenyek\\\/\"},{\"@type\":\"ListItem\",\"position\":3,\"name\":\"El Gordo eredm\u00e9nyek\"}]},{\"@type\":\"WebSite\",\"@id\":\"https:\\\/\\\/redfoxlotto.com\\\/hu\\\/#website\",\"url\":\"https:\\\/\\\/redfoxlotto.com\\\/hu\\\/\",\"name\":\"Get Tickets for the World\u2019s largest jackpots\",\"description\":\"Participate in worldwide lottery jackpots from any country\",\"publisher\":{\"@id\":\"https:\\\/\\\/redfoxlotto.com\\\/hu\\\/#organization\"},\"potentialAction\":[{\"@type\":\"SearchAction\",\"target\":{\"@type\":\"EntryPoint\",\"urlTemplate\":\"https:\\\/\\\/redfoxlotto.com\\\/hu\\\/?s={search_term_string}\"},\"query-input\":{\"@type\":\"PropertyValueSpecification\",\"valueRequired\":true,\"valueName\":\"search_term_string\"}}],\"inLanguage\":\"hu\"},{\"@type\":\"Organization\",\"@id\":\"https:\\\/\\\/redfoxlotto.com\\\/hu\\\/#organization\",\"name\":\"Get Tickets for the World\u2019s largest jackpots\",\"url\":\"https:\\\/\\\/redfoxlotto.com\\\/hu\\\/\",\"logo\":{\"@type\":\"ImageObject\",\"inLanguage\":\"hu\",\"@id\":\"https:\\\/\\\/redfoxlotto.com\\\/hu\\\/#\\\/schema\\\/logo\\\/image\\\/\",\"url\":\"https:\\\/\\\/redfoxlotto.com\\\/wp-content\\\/uploads\\\/2023\\\/04\\\/logo.png\",\"contentUrl\":\"https:\\\/\\\/redfoxlotto.com\\\/wp-content\\\/uploads\\\/2023\\\/04\\\/logo.png\",\"width\":269,\"height\":53,\"caption\":\"Get Tickets for the World\u2019s largest jackpots\"},\"image\":{\"@id\":\"https:\\\/\\\/redfoxlotto.com\\\/hu\\\/#\\\/schema\\\/logo\\\/image\\\/\"}}]}<\/script>\n<!-- \/ Yoast SEO plugin. -->","yoast_head_json":{"title":"A spanyolorsz\u00e1gi El Gordo lott\u00f3 eredm\u00e9nyei","description":"El Gordo, a La Primitiva kar\u00e1csonyi v\u00e1ltozata - eredm\u00e9nyei egy k\u00fcl\u00f6nleges esem\u00e9nyen der\u00fclnek ki!","robots":{"index":"index","follow":"follow","max-snippet":"max-snippet:-1","max-image-preview":"max-image-preview:large","max-video-preview":"max-video-preview:-1"},"canonical":"https:\/\/redfoxlotto.com\/hu\/eredmenyek\/el-gordo-primitiva\/","og_locale":"hu_HU","og_type":"article","og_title":"A spanyolorsz\u00e1gi El Gordo lott\u00f3 eredm\u00e9nyei","og_description":"El Gordo, a La Primitiva kar\u00e1csonyi v\u00e1ltozata - eredm\u00e9nyei egy k\u00fcl\u00f6nleges esem\u00e9nyen der\u00fclnek ki!","og_url":"https:\/\/redfoxlotto.com\/hu\/eredmenyek\/el-gordo-primitiva\/","og_site_name":"Get Tickets for the World\u2019s largest jackpots","article_modified_time":"2023-03-13T17:37:23+00:00","og_image":[{"url":"https:\/\/content.redfoxlotto.com\/uploads\/sites\/9\/1_results_draw_numbers.jpg","type":"","width":"","height":""}],"twitter_card":"summary_large_image","twitter_misc":{"Becs\u00fclt olvas\u00e1si id\u0151":"2 perc"},"schema":{"@context":"https:\/\/schema.org","@graph":[{"@type":"WebPage","@id":"https:\/\/redfoxlotto.com\/hu\/eredmenyek\/el-gordo-primitiva\/","url":"https:\/\/redfoxlotto.com\/hu\/eredmenyek\/el-gordo-primitiva\/","name":"A spanyolorsz\u00e1gi El Gordo lott\u00f3 eredm\u00e9nyei","isPartOf":{"@id":"https:\/\/redfoxlotto.com\/hu\/#website"},"primaryImageOfPage":{"@id":"https:\/\/redfoxlotto.com\/hu\/eredmenyek\/el-gordo-primitiva\/#primaryimage"},"image":{"@id":"https:\/\/redfoxlotto.com\/hu\/eredmenyek\/el-gordo-primitiva\/#primaryimage"},"thumbnailUrl":"https:\/\/content.redfoxlotto.com\/uploads\/sites\/9\/1_results_draw_numbers.jpg","datePublished":"2018-11-18T08:54:25+00:00","dateModified":"2023-03-13T17:37:23+00:00","description":"El Gordo, a La Primitiva kar\u00e1csonyi v\u00e1ltozata - eredm\u00e9nyei egy k\u00fcl\u00f6nleges esem\u00e9nyen der\u00fclnek ki!","breadcrumb":{"@id":"https:\/\/redfoxlotto.com\/hu\/eredmenyek\/el-gordo-primitiva\/#breadcrumb"},"inLanguage":"hu","potentialAction":[{"@type":"ReadAction","target":["https:\/\/redfoxlotto.com\/hu\/eredmenyek\/el-gordo-primitiva\/"]}]},{"@type":"ImageObject","inLanguage":"hu","@id":"https:\/\/redfoxlotto.com\/hu\/eredmenyek\/el-gordo-primitiva\/#primaryimage","url":"https:\/\/content.redfoxlotto.com\/uploads\/sites\/9\/1_results_draw_numbers.jpg","contentUrl":"https:\/\/content.redfoxlotto.com\/uploads\/sites\/9\/1_results_draw_numbers.jpg"},{"@type":"BreadcrumbList","@id":"https:\/\/redfoxlotto.com\/hu\/eredmenyek\/el-gordo-primitiva\/#breadcrumb","itemListElement":[{"@type":"ListItem","position":1,"name":"Home","item":"https:\/\/redfoxlotto.com\/hu\/"},{"@type":"ListItem","position":2,"name":"Nemzetk\u00f6zi lott\u00f3 eredm\u00e9nyek","item":"https:\/\/redfoxlotto.com\/hu\/eredmenyek\/"},{"@type":"ListItem","position":3,"name":"El Gordo eredm\u00e9nyek"}]},{"@type":"WebSite","@id":"https:\/\/redfoxlotto.com\/hu\/#website","url":"https:\/\/redfoxlotto.com\/hu\/","name":"Get Tickets for the World\u2019s largest jackpots","description":"Participate in worldwide lottery jackpots from any country","publisher":{"@id":"https:\/\/redfoxlotto.com\/hu\/#organization"},"potentialAction":[{"@type":"SearchAction","target":{"@type":"EntryPoint","urlTemplate":"https:\/\/redfoxlotto.com\/hu\/?s={search_term_string}"},"query-input":{"@type":"PropertyValueSpecification","valueRequired":true,"valueName":"search_term_string"}}],"inLanguage":"hu"},{"@type":"Organization","@id":"https:\/\/redfoxlotto.com\/hu\/#organization","name":"Get Tickets for the World\u2019s largest jackpots","url":"https:\/\/redfoxlotto.com\/hu\/","logo":{"@type":"ImageObject","inLanguage":"hu","@id":"https:\/\/redfoxlotto.com\/hu\/#\/schema\/logo\/image\/","url":"https:\/\/redfoxlotto.com\/wp-content\/uploads\/2023\/04\/logo.png","contentUrl":"https:\/\/redfoxlotto.com\/wp-content\/uploads\/2023\/04\/logo.png","width":269,"height":53,"caption":"Get Tickets for the World\u2019s largest jackpots"},"image":{"@id":"https:\/\/redfoxlotto.com\/hu\/#\/schema\/logo\/image\/"}}]}},"_links":{"self":[{"href":"https:\/\/redfoxlotto.com\/hu\/wp-json\/wp\/v2\/pages\/55186","targetHints":{"allow":["GET"]}}],"collection":[{"href":"https:\/\/redfoxlotto.com\/hu\/wp-json\/wp\/v2\/pages"}],"about":[{"href":"https:\/\/redfoxlotto.com\/hu\/wp-json\/wp\/v2\/types\/page"}],"author":[{"embeddable":true,"href":"https:\/\/redfoxlotto.com\/hu\/wp-json\/wp\/v2\/users\/1"}],"replies":[{"embeddable":true,"href":"https:\/\/redfoxlotto.com\/hu\/wp-json\/wp\/v2\/comments?post=55186"}],"version-history":[{"count":0,"href":"https:\/\/redfoxlotto.com\/hu\/wp-json\/wp\/v2\/pages\/55186\/revisions"}],"up":[{"embeddable":true,"href":"https:\/\/redfoxlotto.com\/hu\/wp-json\/wp\/v2\/pages\/55183"}],"wp:attachment":[{"href":"https:\/\/redfoxlotto.com\/hu\/wp-json\/wp\/v2\/media?parent=55186"}],"curies":[{"name":"wp","href":"https:\/\/api.w.org\/{rel}","templated":true}]}}