{"id":55183,"date":"2023-04-24T14:13:24","date_gmt":"2023-04-24T14:13:24","guid":{"rendered":"https:\/\/redfoxlotto.com\/?page_id=21482"},"modified":"2025-12-18T08:37:28","modified_gmt":"2025-12-18T08:37:28","slug":"eredmenyek","status":"publish","type":"page","link":"https:\/\/redfoxlotto.com\/hu\/eredmenyek\/","title":{"rendered":"Nemzetk\u00f6zi lott\u00f3 eredm\u00e9nyek"},"content":{"rendered":"<script type=\"application\/ld+json\">\r\n{\r\n  \"@context\": \"https:\/\/schema.org\",\r\n  \"@type\": \"Service\",\r\n  \"name\": \"Nemzetk\u00f6zi lott\u00f3sorsol\u00e1si eredm\u00e9nyek online ellen\u0151rz\u00e9se\",\r\n  \"url\": \"https:\/\/redfoxlotto.com\/hu\/eredmenyek\/powerball\",\r\n  \"description\": \"L\u00e1togasson el a RedFoxLotto oldal\u00e1ra, \u00e9s ellen\u0151rizze a vil\u00e1g legnagyobb lott\u00f3inak legfrissebb eredm\u00e9nyeit.\",\r\n  \"serviceType\": \"Vil\u00e1gszint\u0171 lott\u00f3eredm\u00e9ny-arch\u00edvum\",\r\n\r\n  \"provider\": {\r\n    \"@type\": \"Organization\",\r\n    \"name\": \"RedFoxLotto\",\r\n    \"url\": \"https:\/\/redfoxlotto.com\/hu\/\",\r\n    \"image\": \"https:\/\/redfoxlotto.com\/wp-content\/uploads\/2025\/12\/ticket_scans.jpg\",\r\n    \"sameAs\": []\r\n  },\r\n\r\n  \"areaServed\": \"Worldwide\",\r\n  \"termsOfService\": \"https:\/\/redfoxlotto.com\/terms-and-conditions\",\r\n\r\n  \"additionalProperty\": {\r\n    \"@type\": \"PropertyValue\",\r\n    \"name\": \"GYIK\",\r\n    \"value\": \"https:\/\/redfoxlotto.com\/hu\/faq\/\"\r\n  },\r\n\r\n  \"hasOfferCatalog\": {\r\n    \"@type\": \"OfferCatalog\",\r\n    \"name\": \"Vil\u00e1gszint\u0171 lott\u00f3eredm\u00e9nyek\",\r\n    \"itemListElement\": [\r\n      {\r\n        \"@type\": \"Offer\",\r\n        \"name\": \"Powerball szelv\u00e9ny\",\r\n        \"url\": \"https:\/\/redfoxlotto.com\/hu\/eredmenyek\/\",\r\n        \"description\": \"Itt tal\u00e1lja a vil\u00e1g legnagyobb lott\u00f3inak legfrissebb \u00e9s kor\u00e1bbi eredm\u00e9nyeit\",\r\n        \"itemOffered\": {\r\n          \"@type\": \"Service\",\r\n          \"name\": \"Nemzetk\u00f6zi lott\u00f3eredm\u00e9nyek\",\r\n          \"description\": \"Kisorsolt sz\u00e1mok online a legnagyobb lott\u00f3khoz, friss \u00e9s kor\u00e1bbi eredm\u00e9nyek.\"\r\n        }\r\n      }\r\n    ]\r\n  },\r\n\r\n  \"mainEntityOfPage\": {\r\n    \"@type\": \"WebPage\",\r\n    \"@id\": \"https:\/\/redfoxlotto.com\/hu\/eredmenyek\/\"\r\n  }\r\n}\r\n<\/script><p>Itt h\u00e9tr\u0151l h\u00e9tre k\u00f6zz\u00e9tessz\u00fck a legfrissebb nyer\u0151sz\u00e1mokat \u00e9s eredm\u00e9nyeket az \u00f6sszes olyan nemzetk\u00f6zi lott\u00f3j\u00e1t\u00e9kb\u00f3l, amelyre n\u00e1lunk v\u00e1s\u00e1rolhat szelv\u00e9nyt.<\/p><p>Az eredm\u00e9nyek a hivatalos lott\u00f3szervez\u0151kt\u0151l sz\u00e1rmaznak. A sorsol\u00e1st k\u00f6vet\u0151en azonnal k\u00f6zz\u00e9tessz\u00fck \u0151ket itt. \u00cdgy gyorsan \u00f6sszevetheti szelv\u00e9nyeit a nyer\u0151sz\u00e1mokkal, \u00e9s l\u00e1thatja, hogy nyert-e. A lott\u00f3 nev\u00e9re kattintva a nyerem\u00e9nyek \u00f6sszeg\u00e9t is l\u00e1thatja, amelyek megfelelnek az adott nyerem\u00e9nyszinteknek. Ebb\u0151l azt is megtudhatja, hogy a legut\u00f3bbi jackpotot megnyerte-e vagy sem.<\/p><h2 class=\"wp-block-heading\">Kor\u00e1bbi eredm\u00e9nyek \u00e9s nyertes sz\u00e1mok<\/h2><p><img loading=\"lazy\" decoding=\"async\" class=\" wp-image alignright\" src=\"https:\/\/content.redfoxlotto.com\/uploads\/sites\/9\/1_winning_lottery_numbers.jpg\" alt=\"nyer\u0151 sz\u00e1mok nemzetk\u00f6zi lott\u00f3\" width=\"211\" height=\"211\"><\/p><p>Megmutatjuk az elm\u00falt hetek sorsol\u00e1si sz\u00e1mait \u00e9s eredm\u00e9nyeit is. Term\u00e9szetesen, ha szeretn\u00e9, ezeket a nemzetk\u00f6zi lott\u00f3szelv\u00e9nyekre vonatkoz\u00f3 inform\u00e1ci\u00f3kat felhaszn\u00e1lhatja a k\u00f6vetkez\u0151 lott\u00f3szelv\u00e9nyeihez sz\u00fcks\u00e9ges sz\u00e1mok kiv\u00e1laszt\u00e1s\u00e1hoz.<\/p><h2 class=\"wp-block-heading\">Forr\u00f3 \u00e9s hideg sz\u00e1mok<\/h2><p>Ha megn\u00e9zi a nemzetk\u00f6zi lott\u00f3j\u00e1t\u00e9kok kor\u00e1bbi eredm\u00e9nyeit, azt is l\u00e1thatja, hogy mely sz\u00e1mokat h\u00fazt\u00e1k ki sokat a k\u00fcl\u00f6nb\u00f6z\u0151 lott\u00f3j\u00e1t\u00e9kokban. Ugyanakkor olyan sz\u00e1mokra is odafigyelhet, amelyek nem szerepelnek az eredm\u00e9nyekben. \u00cdgy a m\u00faltbeli lott\u00f3eredm\u00e9nyekb\u0151l meghat\u00e1rozhatja a forr\u00f3 \u00e9s a hideg sz\u00e1mokat. Sok j\u00e1t\u00e9kos haszn\u00e1lja ezt az inform\u00e1ci\u00f3t a nyer\u0151sz\u00e1mok kiv\u00e1laszt\u00e1s\u00e1hoz. Ez a strat\u00e9gia sikeresnek \u00edg\u00e9rkezik.<\/p><p><img loading=\"lazy\" decoding=\"async\" class=\" wp-image alignright\" src=\"https:\/\/content.redfoxlotto.com\/uploads\/sites\/9\/1_lotto_draw_results.jpg\" alt=\"eredm\u00e9nyek sorsol\u00e1s\" width=\"248\" height=\"165\"><\/p><p>Hasonl\u00f3k\u00e9ppen felhaszn\u00e1lhatja az elm\u00falt h\u00e9t vagy hetek nyertes sz\u00e1mait, hogy \u00faj kombin\u00e1ci\u00f3kat hozzon l\u00e9tre a k\u00f6vetkez\u0151 szelv\u00e9ny\u00e9hez. Egy p\u00e9lda erre az lenne, ha egy Powerball szelv\u00e9nyhez a legut\u00f3bbi Megamillions sorsol\u00e1s els\u0151 sz\u00e1m\u00e1t haszn\u00e1ln\u00e1. Vagy haszn\u00e1lhatja az Euromillions eredm\u00e9ny\u00e9nek m\u00e1sodik sz\u00e1m\u00e1t \u00e9s az Eurojackpot harmadik sz\u00e1m\u00e1t, \u00e9s \u00edgy tov\u00e1bb.<\/p>","protected":false},"excerpt":{"rendered":"<p>Itt h\u00e9tr\u0151l h\u00e9tre k\u00f6zz\u00e9tessz\u00fck a legfrissebb nyer\u0151sz\u00e1mokat \u00e9s eredm\u00e9nyeket az \u00f6sszes olyan nemzetk\u00f6zi lott\u00f3j\u00e1t\u00e9kb\u00f3l, amelyre n\u00e1lunk v\u00e1s\u00e1rolhat szelv\u00e9nyt. Az eredm\u00e9nyek a hivatalos lott\u00f3szervez\u0151kt\u0151l sz\u00e1rmaznak. A sorsol\u00e1st k\u00f6vet\u0151en azonnal k\u00f6zz\u00e9tessz\u00fck \u0151ket itt. \u00cdgy gyorsan \u00f6sszevetheti szelv\u00e9nyeit a nyer\u0151sz\u00e1mokkal, \u00e9s l\u00e1thatja, hogy nyert-e. A lott\u00f3 nev\u00e9re kattintva a nyerem\u00e9nyek \u00f6sszeg\u00e9t is l\u00e1thatja, amelyek megfelelnek az adott nyerem\u00e9nyszinteknek. [&hellip;]<\/p>\n","protected":false},"author":1,"featured_media":0,"parent":0,"menu_order":4,"comment_status":"closed","ping_status":"closed","template":"Results.php","meta":{"_et_pb_use_builder":"","_et_pb_old_content":"","_et_gb_content_width":"","exclude_from_search":false,"footnotes":""},"class_list":["post-55183","page","type-page","status-publish","hentry"],"yoast_head":"<!-- This site is optimized with the Yoast SEO plugin v27.3 - https:\/\/yoast.com\/product\/yoast-seo-wordpress\/ -->\n<title>A nemzetk\u00f6zi lott\u00f3j\u00e1t\u00e9kok nyertes sz\u00e1mai \u00e9s eredm\u00e9nyei<\/title>\n<meta name=\"description\" content=\"Nyert a lott\u00f3szelv\u00e9nye? A nemzetk\u00f6zi lott\u00f3j\u00e1t\u00e9kok eredm\u00e9nyeit \u00e9s nyer\u0151sz\u00e1mait itt tal\u00e1lja meg\" \/>\n<meta name=\"robots\" content=\"index, follow, max-snippet:-1, max-image-preview:large, max-video-preview:-1\" \/>\n<link rel=\"canonical\" href=\"https:\/\/redfoxlotto.com\/hu\/eredmenyek\/\" \/>\n<meta property=\"og:locale\" content=\"hu_HU\" \/>\n<meta property=\"og:type\" content=\"article\" \/>\n<meta property=\"og:title\" content=\"A nemzetk\u00f6zi lott\u00f3j\u00e1t\u00e9kok nyertes sz\u00e1mai \u00e9s eredm\u00e9nyei\" \/>\n<meta property=\"og:description\" content=\"Nyert a lott\u00f3szelv\u00e9nye? A nemzetk\u00f6zi lott\u00f3j\u00e1t\u00e9kok eredm\u00e9nyeit \u00e9s nyer\u0151sz\u00e1mait itt tal\u00e1lja meg\" \/>\n<meta property=\"og:url\" content=\"https:\/\/redfoxlotto.com\/hu\/eredmenyek\/\" \/>\n<meta property=\"og:site_name\" content=\"Get Tickets for the World\u2019s largest jackpots\" \/>\n<meta property=\"article:modified_time\" content=\"2025-12-18T08:37:28+00:00\" \/>\n<meta property=\"og:image\" content=\"https:\/\/content.redfoxlotto.com\/uploads\/sites\/9\/1_winning_lottery_numbers.jpg\" \/>\n<meta name=\"twitter:card\" content=\"summary_large_image\" \/>\n<meta name=\"twitter:label1\" content=\"Becs\u00fclt olvas\u00e1si id\u0151\" \/>\n\t<meta name=\"twitter:data1\" content=\"2 perc\" \/>\n<script type=\"application\/ld+json\" class=\"yoast-schema-graph\">{\"@context\":\"https:\\\/\\\/schema.org\",\"@graph\":[{\"@type\":\"WebPage\",\"@id\":\"https:\\\/\\\/redfoxlotto.com\\\/hu\\\/eredmenyek\\\/\",\"url\":\"https:\\\/\\\/redfoxlotto.com\\\/hu\\\/eredmenyek\\\/\",\"name\":\"A nemzetk\u00f6zi lott\u00f3j\u00e1t\u00e9kok nyertes sz\u00e1mai \u00e9s eredm\u00e9nyei\",\"isPartOf\":{\"@id\":\"https:\\\/\\\/redfoxlotto.com\\\/hu\\\/#website\"},\"primaryImageOfPage\":{\"@id\":\"https:\\\/\\\/redfoxlotto.com\\\/hu\\\/eredmenyek\\\/#primaryimage\"},\"image\":{\"@id\":\"https:\\\/\\\/redfoxlotto.com\\\/hu\\\/eredmenyek\\\/#primaryimage\"},\"thumbnailUrl\":\"https:\\\/\\\/content.redfoxlotto.com\\\/uploads\\\/sites\\\/9\\\/1_winning_lottery_numbers.jpg\",\"datePublished\":\"2023-04-24T14:13:24+00:00\",\"dateModified\":\"2025-12-18T08:37:28+00:00\",\"description\":\"Nyert a lott\u00f3szelv\u00e9nye? A nemzetk\u00f6zi lott\u00f3j\u00e1t\u00e9kok eredm\u00e9nyeit \u00e9s nyer\u0151sz\u00e1mait itt tal\u00e1lja meg\",\"breadcrumb\":{\"@id\":\"https:\\\/\\\/redfoxlotto.com\\\/hu\\\/eredmenyek\\\/#breadcrumb\"},\"inLanguage\":\"hu\",\"potentialAction\":[{\"@type\":\"ReadAction\",\"target\":[\"https:\\\/\\\/redfoxlotto.com\\\/hu\\\/eredmenyek\\\/\"]}]},{\"@type\":\"ImageObject\",\"inLanguage\":\"hu\",\"@id\":\"https:\\\/\\\/redfoxlotto.com\\\/hu\\\/eredmenyek\\\/#primaryimage\",\"url\":\"https:\\\/\\\/content.redfoxlotto.com\\\/uploads\\\/sites\\\/9\\\/1_winning_lottery_numbers.jpg\",\"contentUrl\":\"https:\\\/\\\/content.redfoxlotto.com\\\/uploads\\\/sites\\\/9\\\/1_winning_lottery_numbers.jpg\"},{\"@type\":\"BreadcrumbList\",\"@id\":\"https:\\\/\\\/redfoxlotto.com\\\/hu\\\/eredmenyek\\\/#breadcrumb\",\"itemListElement\":[{\"@type\":\"ListItem\",\"position\":1,\"name\":\"Home\",\"item\":\"https:\\\/\\\/redfoxlotto.com\\\/hu\\\/\"},{\"@type\":\"ListItem\",\"position\":2,\"name\":\"Nemzetk\u00f6zi lott\u00f3 eredm\u00e9nyek\"}]},{\"@type\":\"WebSite\",\"@id\":\"https:\\\/\\\/redfoxlotto.com\\\/hu\\\/#website\",\"url\":\"https:\\\/\\\/redfoxlotto.com\\\/hu\\\/\",\"name\":\"Get Tickets for the World\u2019s largest jackpots\",\"description\":\"Participate in worldwide lottery jackpots from any country\",\"publisher\":{\"@id\":\"https:\\\/\\\/redfoxlotto.com\\\/hu\\\/#organization\"},\"potentialAction\":[{\"@type\":\"SearchAction\",\"target\":{\"@type\":\"EntryPoint\",\"urlTemplate\":\"https:\\\/\\\/redfoxlotto.com\\\/hu\\\/?s={search_term_string}\"},\"query-input\":{\"@type\":\"PropertyValueSpecification\",\"valueRequired\":true,\"valueName\":\"search_term_string\"}}],\"inLanguage\":\"hu\"},{\"@type\":\"Organization\",\"@id\":\"https:\\\/\\\/redfoxlotto.com\\\/hu\\\/#organization\",\"name\":\"Get Tickets for the World\u2019s largest jackpots\",\"url\":\"https:\\\/\\\/redfoxlotto.com\\\/hu\\\/\",\"logo\":{\"@type\":\"ImageObject\",\"inLanguage\":\"hu\",\"@id\":\"https:\\\/\\\/redfoxlotto.com\\\/hu\\\/#\\\/schema\\\/logo\\\/image\\\/\",\"url\":\"https:\\\/\\\/redfoxlotto.com\\\/wp-content\\\/uploads\\\/2023\\\/04\\\/logo.png\",\"contentUrl\":\"https:\\\/\\\/redfoxlotto.com\\\/wp-content\\\/uploads\\\/2023\\\/04\\\/logo.png\",\"width\":269,\"height\":53,\"caption\":\"Get Tickets for the World\u2019s largest jackpots\"},\"image\":{\"@id\":\"https:\\\/\\\/redfoxlotto.com\\\/hu\\\/#\\\/schema\\\/logo\\\/image\\\/\"}}]}<\/script>\n<!-- \/ Yoast SEO plugin. -->","yoast_head_json":{"title":"A nemzetk\u00f6zi lott\u00f3j\u00e1t\u00e9kok nyertes sz\u00e1mai \u00e9s eredm\u00e9nyei","description":"Nyert a lott\u00f3szelv\u00e9nye? A nemzetk\u00f6zi lott\u00f3j\u00e1t\u00e9kok eredm\u00e9nyeit \u00e9s nyer\u0151sz\u00e1mait itt tal\u00e1lja meg","robots":{"index":"index","follow":"follow","max-snippet":"max-snippet:-1","max-image-preview":"max-image-preview:large","max-video-preview":"max-video-preview:-1"},"canonical":"https:\/\/redfoxlotto.com\/hu\/eredmenyek\/","og_locale":"hu_HU","og_type":"article","og_title":"A nemzetk\u00f6zi lott\u00f3j\u00e1t\u00e9kok nyertes sz\u00e1mai \u00e9s eredm\u00e9nyei","og_description":"Nyert a lott\u00f3szelv\u00e9nye? A nemzetk\u00f6zi lott\u00f3j\u00e1t\u00e9kok eredm\u00e9nyeit \u00e9s nyer\u0151sz\u00e1mait itt tal\u00e1lja meg","og_url":"https:\/\/redfoxlotto.com\/hu\/eredmenyek\/","og_site_name":"Get Tickets for the World\u2019s largest jackpots","article_modified_time":"2025-12-18T08:37:28+00:00","og_image":[{"url":"https:\/\/content.redfoxlotto.com\/uploads\/sites\/9\/1_winning_lottery_numbers.jpg","type":"","width":"","height":""}],"twitter_card":"summary_large_image","twitter_misc":{"Becs\u00fclt olvas\u00e1si id\u0151":"2 perc"},"schema":{"@context":"https:\/\/schema.org","@graph":[{"@type":"WebPage","@id":"https:\/\/redfoxlotto.com\/hu\/eredmenyek\/","url":"https:\/\/redfoxlotto.com\/hu\/eredmenyek\/","name":"A nemzetk\u00f6zi lott\u00f3j\u00e1t\u00e9kok nyertes sz\u00e1mai \u00e9s eredm\u00e9nyei","isPartOf":{"@id":"https:\/\/redfoxlotto.com\/hu\/#website"},"primaryImageOfPage":{"@id":"https:\/\/redfoxlotto.com\/hu\/eredmenyek\/#primaryimage"},"image":{"@id":"https:\/\/redfoxlotto.com\/hu\/eredmenyek\/#primaryimage"},"thumbnailUrl":"https:\/\/content.redfoxlotto.com\/uploads\/sites\/9\/1_winning_lottery_numbers.jpg","datePublished":"2023-04-24T14:13:24+00:00","dateModified":"2025-12-18T08:37:28+00:00","description":"Nyert a lott\u00f3szelv\u00e9nye? A nemzetk\u00f6zi lott\u00f3j\u00e1t\u00e9kok eredm\u00e9nyeit \u00e9s nyer\u0151sz\u00e1mait itt tal\u00e1lja meg","breadcrumb":{"@id":"https:\/\/redfoxlotto.com\/hu\/eredmenyek\/#breadcrumb"},"inLanguage":"hu","potentialAction":[{"@type":"ReadAction","target":["https:\/\/redfoxlotto.com\/hu\/eredmenyek\/"]}]},{"@type":"ImageObject","inLanguage":"hu","@id":"https:\/\/redfoxlotto.com\/hu\/eredmenyek\/#primaryimage","url":"https:\/\/content.redfoxlotto.com\/uploads\/sites\/9\/1_winning_lottery_numbers.jpg","contentUrl":"https:\/\/content.redfoxlotto.com\/uploads\/sites\/9\/1_winning_lottery_numbers.jpg"},{"@type":"BreadcrumbList","@id":"https:\/\/redfoxlotto.com\/hu\/eredmenyek\/#breadcrumb","itemListElement":[{"@type":"ListItem","position":1,"name":"Home","item":"https:\/\/redfoxlotto.com\/hu\/"},{"@type":"ListItem","position":2,"name":"Nemzetk\u00f6zi lott\u00f3 eredm\u00e9nyek"}]},{"@type":"WebSite","@id":"https:\/\/redfoxlotto.com\/hu\/#website","url":"https:\/\/redfoxlotto.com\/hu\/","name":"Get Tickets for the World\u2019s largest jackpots","description":"Participate in worldwide lottery jackpots from any country","publisher":{"@id":"https:\/\/redfoxlotto.com\/hu\/#organization"},"potentialAction":[{"@type":"SearchAction","target":{"@type":"EntryPoint","urlTemplate":"https:\/\/redfoxlotto.com\/hu\/?s={search_term_string}"},"query-input":{"@type":"PropertyValueSpecification","valueRequired":true,"valueName":"search_term_string"}}],"inLanguage":"hu"},{"@type":"Organization","@id":"https:\/\/redfoxlotto.com\/hu\/#organization","name":"Get Tickets for the World\u2019s largest jackpots","url":"https:\/\/redfoxlotto.com\/hu\/","logo":{"@type":"ImageObject","inLanguage":"hu","@id":"https:\/\/redfoxlotto.com\/hu\/#\/schema\/logo\/image\/","url":"https:\/\/redfoxlotto.com\/wp-content\/uploads\/2023\/04\/logo.png","contentUrl":"https:\/\/redfoxlotto.com\/wp-content\/uploads\/2023\/04\/logo.png","width":269,"height":53,"caption":"Get Tickets for the World\u2019s largest jackpots"},"image":{"@id":"https:\/\/redfoxlotto.com\/hu\/#\/schema\/logo\/image\/"}}]}},"_links":{"self":[{"href":"https:\/\/redfoxlotto.com\/hu\/wp-json\/wp\/v2\/pages\/55183","targetHints":{"allow":["GET"]}}],"collection":[{"href":"https:\/\/redfoxlotto.com\/hu\/wp-json\/wp\/v2\/pages"}],"about":[{"href":"https:\/\/redfoxlotto.com\/hu\/wp-json\/wp\/v2\/types\/page"}],"author":[{"embeddable":true,"href":"https:\/\/redfoxlotto.com\/hu\/wp-json\/wp\/v2\/users\/1"}],"replies":[{"embeddable":true,"href":"https:\/\/redfoxlotto.com\/hu\/wp-json\/wp\/v2\/comments?post=55183"}],"version-history":[{"count":0,"href":"https:\/\/redfoxlotto.com\/hu\/wp-json\/wp\/v2\/pages\/55183\/revisions"}],"wp:attachment":[{"href":"https:\/\/redfoxlotto.com\/hu\/wp-json\/wp\/v2\/media?parent=55183"}],"curies":[{"name":"wp","href":"https:\/\/api.w.org\/{rel}","templated":true}]}}