{"id":55181,"date":"2023-04-24T18:07:24","date_gmt":"2023-04-24T18:07:24","guid":{"rendered":"https:\/\/redfoxlotto.com\/?page_id=21478"},"modified":"2025-12-11T09:21:16","modified_gmt":"2025-12-11T09:21:16","slug":"thunderball","status":"publish","type":"page","link":"https:\/\/redfoxlotto.com\/hu\/jatek\/thunderball\/","title":{"rendered":"Thunderball lott\u00f3 online j\u00e1t\u00e9k"},"content":{"rendered":"<script type=\"application\/ld+json\">\r\n{\r\n  \"@context\": \"https:\/\/schema.org\",\r\n  \"@type\": \"Service\",\r\n  \"name\": \"Thunderball Lotto online\",\r\n  \"url\": \"https:\/\/redfoxlotto.com\/hu\/jatek\/thunderball\/\",\r\n  \"description\": \"V\u00e1s\u00e1roljon hivatalos Thunderball Lotto jegyeket online a RedFoxLotto-n kereszt\u00fcl. V\u00e1lassza ki a sz\u00e1mait, \u00e9s vegyen r\u00e9szt a k\u00f6vetkez\u0151 sorsol\u00e1son.\",\r\n  \"serviceType\": \"Online lottery ticket purchase\",\r\n\r\n  \"provider\": {\r\n    \"@type\": \"Organization\",\r\n    \"name\": \"RedFoxLotto\",\r\n    \"url\": \"https:\/\/redfoxlotto.com\",\r\n    \"logo\": \"https:\/\/redfoxlotto.com\/wp-content\/uploads\/logo.png\"\r\n  },\r\n\r\n  \"areaServed\": \"Worldwide\",\r\n  \"termsOfService\": \"https:\/\/redfoxlotto.com\/terms-and-conditions\",\r\n\r\n  \"hasOfferCatalog\": {\r\n    \"@type\": \"OfferCatalog\",\r\n    \"name\": \"Thunderball Lotto Offers\",\r\n    \"itemListElement\": [\r\n      {\r\n        \"@type\": \"Offer\",\r\n        \"name\": \"Lotto Thunderball Lotto Ticket\",\r\n        \"url\": \"https:\/\/redfoxlotto.com\/hu\/jatek\/thunderball\/\",\r\n        \"description\": \"Egy r\u00e9szv\u00e9tel a k\u00f6vetkez\u0151 Thunderball Lotto sorsol\u00e1son.\",\r\n        \"price\": \"4.00\",\r\n        \"priceCurrency\": \"EUR\",\r\n        \"availability\": \"https:\/\/schema.org\/InStock\",\r\n\r\n        \"itemOffered\": {\r\n          \"@type\": \"Service\",\r\n          \"name\": \"Thunderball Lotto Lottery Entry\",\r\n          \"description\": \"R\u00e9szv\u00e9tel a k\u00f6vetkez\u0151 Thunderball Lotto sorsol\u00e1son a RedFoxLotto-n kereszt\u00fcl.\"\r\n        }\r\n      }\r\n    ]\r\n  },\r\n\r\n  \"mainEntityOfPage\": {\r\n    \"@type\": \"WebPage\",\r\n    \"@id\": \"https:\/\/redfoxlotto.com\/hu\/jatek\/thunderball\/\"\r\n  }\r\n}\r\n<\/script><p>Ha egy vadonat\u00faj j\u00e1t\u00e9kkal szeretn\u00e9l j\u00e1tszani, akkor mindenk\u00e9ppen n\u00e9zd meg k\u00f6zelebbr\u0151l a Thunderballt. Lehet, hogy meg fogsz lep\u0151dni, hogy mennyire j\u00f3l fogsz sz\u00f3rakozni ezzel a j\u00e1t\u00e9kkal, \u00e9s az \u00f6sszes lehet\u0151s\u00e9ggel, amit v\u00e1laszthatsz. Ez az\u00e9rt van, mert amikor a Thunderball UK Lotto online j\u00e1t\u00e9k\u00e1t j\u00e1tssza, m\u00e9g a j\u00e1t\u00e9knapokat is maga v\u00e1laszthatja meg.<\/p><h2 class=\"wp-block-heading\">Hogyan j\u00e1tsszon Thunderball UK Lotto online?<\/h2><p>Enn\u00e9l a j\u00e1t\u00e9kn\u00e1l \u00f6t norm\u00e1l sz\u00e1mot \u00e9s egy b\u00f3nuszsz\u00e1mot v\u00e1lasztasz. A norm\u00e1l sz\u00e1mok mindegyik\u00e9nek 1 \u00e9s 39 k\u00f6z\u00f6tt kell lennie. A Thunderball sz\u00e1mok mindegyik\u00e9nek 1 \u00e9s 14 k\u00f6z\u00f6tt kell lennie. Vagy v\u00e1laszthat egy Lucky Dip szelv\u00e9nyt, amelyet automatikusan gener\u00e1lnak \u00d6nnek.<\/p><p><img loading=\"lazy\" decoding=\"async\" class=\" wp-image alignright\" src=\"https:\/\/content.redfoxlotto.com\/uploads\/sites\/9\/1_play_online_lotto.jpg\" alt=\"j\u00e1t\u00e9k thunderball online\" width=\"202\" height=\"202\"><\/p><p>Ha m\u00e1r megvan a sz\u00e1mok sz\u00e1ma, kiv\u00e1laszthatja, hogy a szelv\u00e9nye mely napokon \u00e9s meddig legyen \u00e9rv\u00e9nyes. \u00cdgy annyi sorsol\u00e1st kap, amennyit csak akar.<\/p><h2 class=\"wp-block-heading\">Megn\u00e9zi a nyertes sz\u00e1mokat?<\/h2><p>Miut\u00e1n megv\u00e1s\u00e1rolta a szelv\u00e9nyeket, tudni szeretn\u00e9, hogy nyert-e valamit, igaz? Nos, ez k\u00f6nnyebben kider\u00fcl, mint gondoln\u00e1d. Mind\u00f6ssze annyit kell tenned, hogy megn\u00e9zed a nyertes sz\u00e1mokat online, a kedvenc helyeden. P\u00e9ld\u00e1ul a RedFoxLotto.com oldalon.<br>Ha m\u00e1r j\u00e1tszott\u00e1l a j\u00e1t\u00e9kkal, \u00e9s meg akarod tudni, hogy nyert\u00e9l-e valamit, akkor ez egy m\u00e9g jobb hely az ellen\u0151rz\u00e9sre, mert a fi\u00f3kodba bejelentkezve \u00f6sszehasonl\u00edthatod a saj\u00e1t sz\u00e1maidat. S\u0151t, az \u00f6sszes \u00f6sszehasonl\u00edt\u00e1st mi v\u00e9gezz\u00fck el helyetted, \u00edgy nyugodtan pihenhetsz.<\/p>","protected":false},"excerpt":{"rendered":"<p>Ha egy vadonat\u00faj j\u00e1t\u00e9kkal szeretn\u00e9l j\u00e1tszani, akkor mindenk\u00e9ppen n\u00e9zd meg k\u00f6zelebbr\u0151l a Thunderballt. Lehet, hogy meg fogsz lep\u0151dni, hogy mennyire j\u00f3l fogsz sz\u00f3rakozni ezzel a j\u00e1t\u00e9kkal, \u00e9s az \u00f6sszes lehet\u0151s\u00e9ggel, amit v\u00e1laszthatsz. Ez az\u00e9rt van, mert amikor a Thunderball UK Lotto online j\u00e1t\u00e9k\u00e1t j\u00e1tssza, m\u00e9g a j\u00e1t\u00e9knapokat is maga v\u00e1laszthatja meg. Hogyan j\u00e1tsszon Thunderball UK [&hellip;]<\/p>\n","protected":false},"author":1,"featured_media":0,"parent":55156,"menu_order":11,"comment_status":"closed","ping_status":"closed","template":"thunderball.php","meta":{"_et_pb_use_builder":"","_et_pb_old_content":"","_et_gb_content_width":"","exclude_from_search":false,"footnotes":""},"class_list":["post-55181","page","type-page","status-publish","hentry"],"yoast_head":"<!-- This site is optimized with the Yoast SEO plugin v23.8 - https:\/\/yoast.com\/wordpress\/plugins\/seo\/ -->\n<title>Vegyen r\u00e9szt a Thunderball Lotto online<\/title>\n<meta name=\"description\" content=\"Az Egyes\u00fclt Kir\u00e1lys\u00e1g Thunderball lott\u00f3 most m\u00e1r online j\u00e1tszhat\u00f3 b\u00e1rmely orsz\u00e1gb\u00f3l\" \/>\n<meta name=\"robots\" content=\"index, follow, max-snippet:-1, max-image-preview:large, max-video-preview:-1\" \/>\n<link rel=\"canonical\" href=\"https:\/\/redfoxlotto.com\/hu\/jatek\/thunderball\/\" \/>\n<meta property=\"og:locale\" content=\"hu_HU\" \/>\n<meta property=\"og:type\" content=\"article\" \/>\n<meta property=\"og:title\" content=\"Vegyen r\u00e9szt a Thunderball Lotto online\" \/>\n<meta property=\"og:description\" content=\"Az Egyes\u00fclt Kir\u00e1lys\u00e1g Thunderball lott\u00f3 most m\u00e1r online j\u00e1tszhat\u00f3 b\u00e1rmely orsz\u00e1gb\u00f3l\" \/>\n<meta property=\"og:url\" content=\"https:\/\/redfoxlotto.com\/hu\/jatek\/thunderball\/\" \/>\n<meta property=\"og:site_name\" content=\"Get Tickets for the World\u2019s largest jackpots\" \/>\n<meta property=\"article:modified_time\" content=\"2025-12-11T09:21:16+00:00\" \/>\n<meta property=\"og:image\" content=\"https:\/\/content.redfoxlotto.com\/uploads\/sites\/9\/1_play_online_lotto.jpg\" \/>\n<meta name=\"twitter:card\" content=\"summary_large_image\" \/>\n<meta name=\"twitter:label1\" content=\"Becs\u00fclt olvas\u00e1si id\u0151\" \/>\n\t<meta name=\"twitter:data1\" content=\"2 perc\" \/>\n<script type=\"application\/ld+json\" class=\"yoast-schema-graph\">{\"@context\":\"https:\/\/schema.org\",\"@graph\":[{\"@type\":\"WebPage\",\"@id\":\"https:\/\/redfoxlotto.com\/hu\/jatek\/thunderball\/\",\"url\":\"https:\/\/redfoxlotto.com\/hu\/jatek\/thunderball\/\",\"name\":\"Vegyen r\u00e9szt a Thunderball Lotto online\",\"isPartOf\":{\"@id\":\"https:\/\/redfoxlotto.com\/hu\/#website\"},\"primaryImageOfPage\":{\"@id\":\"https:\/\/redfoxlotto.com\/hu\/jatek\/thunderball\/#primaryimage\"},\"image\":{\"@id\":\"https:\/\/redfoxlotto.com\/hu\/jatek\/thunderball\/#primaryimage\"},\"thumbnailUrl\":\"https:\/\/content.redfoxlotto.com\/uploads\/sites\/9\/1_play_online_lotto.jpg\",\"datePublished\":\"2023-04-24T18:07:24+00:00\",\"dateModified\":\"2025-12-11T09:21:16+00:00\",\"description\":\"Az Egyes\u00fclt Kir\u00e1lys\u00e1g Thunderball lott\u00f3 most m\u00e1r online j\u00e1tszhat\u00f3 b\u00e1rmely orsz\u00e1gb\u00f3l\",\"breadcrumb\":{\"@id\":\"https:\/\/redfoxlotto.com\/hu\/jatek\/thunderball\/#breadcrumb\"},\"inLanguage\":\"hu\",\"potentialAction\":[{\"@type\":\"ReadAction\",\"target\":[\"https:\/\/redfoxlotto.com\/hu\/jatek\/thunderball\/\"]}]},{\"@type\":\"ImageObject\",\"inLanguage\":\"hu\",\"@id\":\"https:\/\/redfoxlotto.com\/hu\/jatek\/thunderball\/#primaryimage\",\"url\":\"https:\/\/content.redfoxlotto.com\/uploads\/sites\/9\/1_play_online_lotto.jpg\",\"contentUrl\":\"https:\/\/content.redfoxlotto.com\/uploads\/sites\/9\/1_play_online_lotto.jpg\"},{\"@type\":\"BreadcrumbList\",\"@id\":\"https:\/\/redfoxlotto.com\/hu\/jatek\/thunderball\/#breadcrumb\",\"itemListElement\":[{\"@type\":\"ListItem\",\"position\":1,\"name\":\"Home\",\"item\":\"https:\/\/redfoxlotto.com\/hu\/\"},{\"@type\":\"ListItem\",\"position\":2,\"name\":\"Hogyan j\u00e1tszhat m\u00e1s orsz\u00e1gok lott\u00f3j\u00e1t\u00e9kain\",\"item\":\"https:\/\/redfoxlotto.com\/hu\/jatek\/\"},{\"@type\":\"ListItem\",\"position\":3,\"name\":\"Thunderball lott\u00f3 online j\u00e1t\u00e9k\"}]},{\"@type\":\"WebSite\",\"@id\":\"https:\/\/redfoxlotto.com\/hu\/#website\",\"url\":\"https:\/\/redfoxlotto.com\/hu\/\",\"name\":\"Get Tickets for the World\u2019s largest jackpots\",\"description\":\"Participate in worldwide lottery jackpots from any country\",\"publisher\":{\"@id\":\"https:\/\/redfoxlotto.com\/hu\/#organization\"},\"potentialAction\":[{\"@type\":\"SearchAction\",\"target\":{\"@type\":\"EntryPoint\",\"urlTemplate\":\"https:\/\/redfoxlotto.com\/hu\/?s={search_term_string}\"},\"query-input\":{\"@type\":\"PropertyValueSpecification\",\"valueRequired\":true,\"valueName\":\"search_term_string\"}}],\"inLanguage\":\"hu\"},{\"@type\":\"Organization\",\"@id\":\"https:\/\/redfoxlotto.com\/hu\/#organization\",\"name\":\"Get Tickets for the World\u2019s largest jackpots\",\"url\":\"https:\/\/redfoxlotto.com\/hu\/\",\"logo\":{\"@type\":\"ImageObject\",\"inLanguage\":\"hu\",\"@id\":\"https:\/\/redfoxlotto.com\/hu\/#\/schema\/logo\/image\/\",\"url\":\"https:\/\/redfoxlotto.com\/wp-content\/uploads\/2023\/04\/logo.png\",\"contentUrl\":\"https:\/\/redfoxlotto.com\/wp-content\/uploads\/2023\/04\/logo.png\",\"width\":269,\"height\":53,\"caption\":\"Get Tickets for the World\u2019s largest jackpots\"},\"image\":{\"@id\":\"https:\/\/redfoxlotto.com\/hu\/#\/schema\/logo\/image\/\"}}]}<\/script>\n<!-- \/ Yoast SEO plugin. -->","yoast_head_json":{"title":"Vegyen r\u00e9szt a Thunderball Lotto online","description":"Az Egyes\u00fclt Kir\u00e1lys\u00e1g Thunderball lott\u00f3 most m\u00e1r online j\u00e1tszhat\u00f3 b\u00e1rmely orsz\u00e1gb\u00f3l","robots":{"index":"index","follow":"follow","max-snippet":"max-snippet:-1","max-image-preview":"max-image-preview:large","max-video-preview":"max-video-preview:-1"},"canonical":"https:\/\/redfoxlotto.com\/hu\/jatek\/thunderball\/","og_locale":"hu_HU","og_type":"article","og_title":"Vegyen r\u00e9szt a Thunderball Lotto online","og_description":"Az Egyes\u00fclt Kir\u00e1lys\u00e1g Thunderball lott\u00f3 most m\u00e1r online j\u00e1tszhat\u00f3 b\u00e1rmely orsz\u00e1gb\u00f3l","og_url":"https:\/\/redfoxlotto.com\/hu\/jatek\/thunderball\/","og_site_name":"Get Tickets for the World\u2019s largest jackpots","article_modified_time":"2025-12-11T09:21:16+00:00","og_image":[{"url":"https:\/\/content.redfoxlotto.com\/uploads\/sites\/9\/1_play_online_lotto.jpg"}],"twitter_card":"summary_large_image","twitter_misc":{"Becs\u00fclt olvas\u00e1si id\u0151":"2 perc"},"schema":{"@context":"https:\/\/schema.org","@graph":[{"@type":"WebPage","@id":"https:\/\/redfoxlotto.com\/hu\/jatek\/thunderball\/","url":"https:\/\/redfoxlotto.com\/hu\/jatek\/thunderball\/","name":"Vegyen r\u00e9szt a Thunderball Lotto online","isPartOf":{"@id":"https:\/\/redfoxlotto.com\/hu\/#website"},"primaryImageOfPage":{"@id":"https:\/\/redfoxlotto.com\/hu\/jatek\/thunderball\/#primaryimage"},"image":{"@id":"https:\/\/redfoxlotto.com\/hu\/jatek\/thunderball\/#primaryimage"},"thumbnailUrl":"https:\/\/content.redfoxlotto.com\/uploads\/sites\/9\/1_play_online_lotto.jpg","datePublished":"2023-04-24T18:07:24+00:00","dateModified":"2025-12-11T09:21:16+00:00","description":"Az Egyes\u00fclt Kir\u00e1lys\u00e1g Thunderball lott\u00f3 most m\u00e1r online j\u00e1tszhat\u00f3 b\u00e1rmely orsz\u00e1gb\u00f3l","breadcrumb":{"@id":"https:\/\/redfoxlotto.com\/hu\/jatek\/thunderball\/#breadcrumb"},"inLanguage":"hu","potentialAction":[{"@type":"ReadAction","target":["https:\/\/redfoxlotto.com\/hu\/jatek\/thunderball\/"]}]},{"@type":"ImageObject","inLanguage":"hu","@id":"https:\/\/redfoxlotto.com\/hu\/jatek\/thunderball\/#primaryimage","url":"https:\/\/content.redfoxlotto.com\/uploads\/sites\/9\/1_play_online_lotto.jpg","contentUrl":"https:\/\/content.redfoxlotto.com\/uploads\/sites\/9\/1_play_online_lotto.jpg"},{"@type":"BreadcrumbList","@id":"https:\/\/redfoxlotto.com\/hu\/jatek\/thunderball\/#breadcrumb","itemListElement":[{"@type":"ListItem","position":1,"name":"Home","item":"https:\/\/redfoxlotto.com\/hu\/"},{"@type":"ListItem","position":2,"name":"Hogyan j\u00e1tszhat m\u00e1s orsz\u00e1gok lott\u00f3j\u00e1t\u00e9kain","item":"https:\/\/redfoxlotto.com\/hu\/jatek\/"},{"@type":"ListItem","position":3,"name":"Thunderball lott\u00f3 online j\u00e1t\u00e9k"}]},{"@type":"WebSite","@id":"https:\/\/redfoxlotto.com\/hu\/#website","url":"https:\/\/redfoxlotto.com\/hu\/","name":"Get Tickets for the World\u2019s largest jackpots","description":"Participate in worldwide lottery jackpots from any country","publisher":{"@id":"https:\/\/redfoxlotto.com\/hu\/#organization"},"potentialAction":[{"@type":"SearchAction","target":{"@type":"EntryPoint","urlTemplate":"https:\/\/redfoxlotto.com\/hu\/?s={search_term_string}"},"query-input":{"@type":"PropertyValueSpecification","valueRequired":true,"valueName":"search_term_string"}}],"inLanguage":"hu"},{"@type":"Organization","@id":"https:\/\/redfoxlotto.com\/hu\/#organization","name":"Get Tickets for the World\u2019s largest jackpots","url":"https:\/\/redfoxlotto.com\/hu\/","logo":{"@type":"ImageObject","inLanguage":"hu","@id":"https:\/\/redfoxlotto.com\/hu\/#\/schema\/logo\/image\/","url":"https:\/\/redfoxlotto.com\/wp-content\/uploads\/2023\/04\/logo.png","contentUrl":"https:\/\/redfoxlotto.com\/wp-content\/uploads\/2023\/04\/logo.png","width":269,"height":53,"caption":"Get Tickets for the World\u2019s largest jackpots"},"image":{"@id":"https:\/\/redfoxlotto.com\/hu\/#\/schema\/logo\/image\/"}}]}},"_links":{"self":[{"href":"https:\/\/redfoxlotto.com\/hu\/wp-json\/wp\/v2\/pages\/55181","targetHints":{"allow":["GET"]}}],"collection":[{"href":"https:\/\/redfoxlotto.com\/hu\/wp-json\/wp\/v2\/pages"}],"about":[{"href":"https:\/\/redfoxlotto.com\/hu\/wp-json\/wp\/v2\/types\/page"}],"author":[{"embeddable":true,"href":"https:\/\/redfoxlotto.com\/hu\/wp-json\/wp\/v2\/users\/1"}],"replies":[{"embeddable":true,"href":"https:\/\/redfoxlotto.com\/hu\/wp-json\/wp\/v2\/comments?post=55181"}],"version-history":[{"count":0,"href":"https:\/\/redfoxlotto.com\/hu\/wp-json\/wp\/v2\/pages\/55181\/revisions"}],"up":[{"embeddable":true,"href":"https:\/\/redfoxlotto.com\/hu\/wp-json\/wp\/v2\/pages\/55156"}],"wp:attachment":[{"href":"https:\/\/redfoxlotto.com\/hu\/wp-json\/wp\/v2\/media?parent=55181"}],"curies":[{"name":"wp","href":"https:\/\/api.w.org\/{rel}","templated":true}]}}