{"id":55180,"date":"2023-04-24T17:47:11","date_gmt":"2023-04-24T17:47:11","guid":{"rendered":"https:\/\/redfoxlotto.com\/?page_id=21476"},"modified":"2025-12-11T00:30:36","modified_gmt":"2025-12-11T00:30:36","slug":"superenalotto","status":"publish","type":"page","link":"https:\/\/redfoxlotto.com\/hu\/jatek\/superenalotto\/","title":{"rendered":"Olaszorsz\u00e1g SuperEnalotto"},"content":{"rendered":"<script type=\"application\/ld+json\">\r\n{\r\n  \"@context\": \"https:\/\/schema.org\",\r\n  \"@type\": \"Service\",\r\n  \"name\": \"SuperEnalotto online\",\r\n  \"url\": \"https:\/\/redfoxlotto.com\/hu\/jatek\/superenalotto\/\",\r\n  \"description\": \"V\u00e1s\u00e1roljon hivatalos SuperEnalotto szelv\u00e9nyeket online a RedFoxLotto seg\u00edts\u00e9g\u00e9vel. V\u00e1lassza ki sz\u00e1mait \u00e9s csatlakozzon a k\u00f6vetkez\u0151 sorsol\u00e1shoz.\",\r\n  \"serviceType\": \"Online lottery ticket purchase\",\r\n\r\n  \"provider\": {\r\n    \"@type\": \"Organization\",\r\n    \"name\": \"RedFoxLotto\",\r\n    \"url\": \"https:\/\/redfoxlotto.com\",\r\n    \"logo\": \"https:\/\/redfoxlotto.com\/wp-content\/uploads\/logo.png\"\r\n  },\r\n\r\n  \"areaServed\": \"Worldwide\",\r\n  \"termsOfService\": \"https:\/\/redfoxlotto.com\/terms-and-conditions\",\r\n\r\n  \"hasOfferCatalog\": {\r\n    \"@type\": \"OfferCatalog\",\r\n    \"name\": \"SuperEnalotto Offers\",\r\n    \"itemListElement\": [\r\n      {\r\n        \"@type\": \"Offer\",\r\n        \"name\": \"Lotto SuperEnalotto Ticket\",\r\n        \"url\": \"https:\/\/redfoxlotto.com\/hu\/jatek\/superenalotto\/\",\r\n        \"description\": \"Egy r\u00e9szv\u00e9tel a k\u00f6vetkez\u0151 SuperEnalotto sorsol\u00e1son.\",\r\n        \"price\": \"3.40\",\r\n        \"priceCurrency\": \"EUR\",\r\n        \"availability\": \"https:\/\/schema.org\/InStock\",\r\n\r\n        \"itemOffered\": {\r\n          \"@type\": \"Service\",\r\n          \"name\": \"SuperEnalotto Lottery Entry\",\r\n          \"description\": \"R\u00e9szv\u00e9tel a k\u00f6vetkez\u0151 SuperEnalotto sorsol\u00e1son a RedFoxLotto seg\u00edts\u00e9g\u00e9vel.\"\r\n        }\r\n      }\r\n    ]\r\n  },\r\n\r\n  \"mainEntityOfPage\": {\r\n    \"@type\": \"WebPage\",\r\n    \"@id\": \"https:\/\/redfoxlotto.com\/hu\/jatek\/superenalotto\/\"\r\n  }\r\n}\r\n<\/script><h2 class=\"wp-block-heading\">Hogyan kell j\u00e1tszani SuperEnalotto<\/h2><p>Ennek az olasz lott\u00f3nak az alapszab\u00e1lyai meglehet\u0151sen egyszer\u0171ek. \u00d6n csak kiv\u00e1laszt 6 sz\u00e1mot 1 \u00e9s 90 k\u00f6z\u00f6tt, kiv\u00e1ltja a szelv\u00e9nyt, majd csak v\u00e1rnia kell, \u00e9s ellen\u0151rizni a kisorsolt sz\u00e1mokat. Az a t\u00e9ny, hogy \u00f6sszesen 90 sz\u00e1m k\u00f6z\u00fcl v\u00e1laszthat, azt jelenti, hogy el\u00e9g kicsi az es\u00e9lye annak, hogy mindet helyesen tal\u00e1lja el. Val\u00f3j\u00e1ban a val\u00f3sz\u00edn\u0171s\u00e9g 1 a 622 milli\u00f3hoz.<\/p><p><img decoding=\"async\" class=\" wp-image alignright\" src=\"https:\/\/content.redfoxlotto.com\/uploads\/sites\/9\/2_ticket_superenalotto.jpg\" alt=\"nyerj Superenalotto\" width=\"250&quot;\" height=\"125\"><\/p><p>Ez az oka annak is, hogy a jackpot gyakran hetekig, ha nem h\u00f3napokig tart, miel\u0151tt megfejtik. De ez nem szabad, hogy visszatartson a j\u00e1t\u00e9kt\u00f3l. A szelv\u00e9ny\u00e1rak viszonylag alacsonyak, \u00e9s tal\u00e1ld ki, mi van? Valakinek mindig szerencs\u00e9je van, mi\u00e9rt ne lehetne az \u00d6n\u00e9 is? Ne feledje, hogy a RedFoxLotto szuperlott\u00f3 j\u00e1t\u00e9k\u00e1hoz nem kell Olaszorsz\u00e1gban tart\u00f3zkodnia vagy olasz \u00e1llampolg\u00e1rnak lennie. Az online szelv\u00e9nyei a lak\u00f3helye szerinti orsz\u00e1gt\u00f3l vagy \u00e1llampolg\u00e1rs\u00e1g\u00e1t\u00f3l f\u00fcggetlen\u00fcl r\u00e9szt vesznek a sorsol\u00e1son. Ez a sz\u00e9ps\u00e9ge a nemzetk\u00f6zi lott\u00f3j\u00e1t\u00e9kok online, a mi szolg\u00e1ltat\u00e1sunkon kereszt\u00fcl t\u00f6rt\u00e9n\u0151 j\u00e1t\u00e9k\u00e1nak.<\/p><h2 class=\"wp-block-heading\">N\u00f6velje nyer\u00e9si es\u00e9lyeit<\/h2><p>Statisztikailag a lott\u00f3nyerem\u00e9nyek t\u00f6bb mint 70%-\u00e1t a magasabb sz\u00e1mok nyert\u00e9k. Mindenki a sz\u00fclet\u00e9snapi d\u00e1tumokat haszn\u00e1lja, \u00edgy amikor a sorsol\u00e1s eredm\u00e9nye mind kisebb sz\u00e1mok, t\u00f6bb a nyertes \u00e9s alacsonyabb az egy nyertesre jut\u00f3 kifizet\u00e9s. Ha teh\u00e1t biztosra akar menni, hogy nem kell osztoznia a SuperEnaLotto jackpotj\u00e1n, v\u00e1lasszon 31 feletti sz\u00e1mokat a szelv\u00e9ny\u00e9hez!<\/p><p><img decoding=\"async\" class=\" wp-image alignright\" src=\"https:\/\/content.redfoxlotto.com\/uploads\/sites\/9\/1_play_superenalotto.jpg\" alt=\"Superenalotto online j\u00e1t\u00e9k\" width=\"250&quot;\" height=\"125\"><\/p><p>Ett\u0151l eltekintve nyugodtan haszn\u00e1ljon b\u00e1rmilyen lott\u00f3sz\u00e1mrendszert. Haszn\u00e1lhatja egyszer\u0171en a szem\u00e9lyes szerencsesz\u00e1mait is. Ha ezek mind kisebb sz\u00e1mok, mi\u00e9rt nem szorozza meg \u0151ket egyszer\u0171en 2-vel, 3-mal, 4-gyel vagy 5-el ? \u00cdgy elker\u00fclheti, hogy olyan sz\u00e1mokat kapjon, amelyek mindenki m\u00e1snak is vannak.<\/p>","protected":false},"excerpt":{"rendered":"<p>Hogyan kell j\u00e1tszani SuperEnalotto Ennek az olasz lott\u00f3nak az alapszab\u00e1lyai meglehet\u0151sen egyszer\u0171ek. \u00d6n csak kiv\u00e1laszt 6 sz\u00e1mot 1 \u00e9s 90 k\u00f6z\u00f6tt, kiv\u00e1ltja a szelv\u00e9nyt, majd csak v\u00e1rnia kell, \u00e9s ellen\u0151rizni a kisorsolt sz\u00e1mokat. Az a t\u00e9ny, hogy \u00f6sszesen 90 sz\u00e1m k\u00f6z\u00fcl v\u00e1laszthat, azt jelenti, hogy el\u00e9g kicsi az es\u00e9lye annak, hogy mindet helyesen tal\u00e1lja el. [&hellip;]<\/p>\n","protected":false},"author":1,"featured_media":0,"parent":55156,"menu_order":5,"comment_status":"closed","ping_status":"closed","template":"superenalotto.php","meta":{"_et_pb_use_builder":"","_et_pb_old_content":"","_et_gb_content_width":"","exclude_from_search":false,"footnotes":""},"class_list":["post-55180","page","type-page","status-publish","hentry"],"yoast_head":"<!-- This site is optimized with the Yoast SEO plugin v23.8 - https:\/\/yoast.com\/wordpress\/plugins\/seo\/ -->\n<title>J\u00e1tsszon SuperEnalotto online | Most \u00d6n is kaphat jegyet az olasz Superenalotto j\u00e1t\u00e9kra<\/title>\n<meta name=\"description\" content=\"Most m\u00e1r j\u00e1tszhatsz Superenalott\u00f3t, ak\u00e1r Olaszorsz\u00e1gon k\u00edv\u00fclr\u0151l is. V\u00e1s\u00e1rolja meg rajtunk kereszt\u00fcl Superenalotto jegy\u00e9t!\" \/>\n<meta name=\"robots\" content=\"index, follow, max-snippet:-1, max-image-preview:large, max-video-preview:-1\" \/>\n<link rel=\"canonical\" href=\"https:\/\/redfoxlotto.com\/hu\/jatek\/superenalotto\/\" \/>\n<meta property=\"og:locale\" content=\"hu_HU\" \/>\n<meta property=\"og:type\" content=\"article\" \/>\n<meta property=\"og:title\" content=\"J\u00e1tsszon SuperEnalotto online | Most \u00d6n is kaphat jegyet az olasz Superenalotto j\u00e1t\u00e9kra\" \/>\n<meta property=\"og:description\" content=\"Most m\u00e1r j\u00e1tszhatsz Superenalott\u00f3t, ak\u00e1r Olaszorsz\u00e1gon k\u00edv\u00fclr\u0151l is. V\u00e1s\u00e1rolja meg rajtunk kereszt\u00fcl Superenalotto jegy\u00e9t!\" \/>\n<meta property=\"og:url\" content=\"https:\/\/redfoxlotto.com\/hu\/jatek\/superenalotto\/\" \/>\n<meta property=\"og:site_name\" content=\"Get Tickets for the World\u2019s largest jackpots\" \/>\n<meta property=\"article:modified_time\" content=\"2025-12-11T00:30:36+00:00\" \/>\n<meta property=\"og:image\" content=\"https:\/\/content.redfoxlotto.com\/uploads\/sites\/9\/2_ticket_superenalotto.jpg\" \/>\n<meta name=\"twitter:card\" content=\"summary_large_image\" \/>\n<meta name=\"twitter:label1\" content=\"Becs\u00fclt olvas\u00e1si id\u0151\" \/>\n\t<meta name=\"twitter:data1\" content=\"2 perc\" \/>\n<script type=\"application\/ld+json\" class=\"yoast-schema-graph\">{\"@context\":\"https:\/\/schema.org\",\"@graph\":[{\"@type\":\"WebPage\",\"@id\":\"https:\/\/redfoxlotto.com\/hu\/jatek\/superenalotto\/\",\"url\":\"https:\/\/redfoxlotto.com\/hu\/jatek\/superenalotto\/\",\"name\":\"J\u00e1tsszon SuperEnalotto online | Most \u00d6n is kaphat jegyet az olasz Superenalotto j\u00e1t\u00e9kra\",\"isPartOf\":{\"@id\":\"https:\/\/redfoxlotto.com\/hu\/#website\"},\"primaryImageOfPage\":{\"@id\":\"https:\/\/redfoxlotto.com\/hu\/jatek\/superenalotto\/#primaryimage\"},\"image\":{\"@id\":\"https:\/\/redfoxlotto.com\/hu\/jatek\/superenalotto\/#primaryimage\"},\"thumbnailUrl\":\"https:\/\/content.redfoxlotto.com\/uploads\/sites\/9\/2_ticket_superenalotto.jpg\",\"datePublished\":\"2023-04-24T17:47:11+00:00\",\"dateModified\":\"2025-12-11T00:30:36+00:00\",\"description\":\"Most m\u00e1r j\u00e1tszhatsz Superenalott\u00f3t, ak\u00e1r Olaszorsz\u00e1gon k\u00edv\u00fclr\u0151l is. V\u00e1s\u00e1rolja meg rajtunk kereszt\u00fcl Superenalotto jegy\u00e9t!\",\"breadcrumb\":{\"@id\":\"https:\/\/redfoxlotto.com\/hu\/jatek\/superenalotto\/#breadcrumb\"},\"inLanguage\":\"hu\",\"potentialAction\":[{\"@type\":\"ReadAction\",\"target\":[\"https:\/\/redfoxlotto.com\/hu\/jatek\/superenalotto\/\"]}]},{\"@type\":\"ImageObject\",\"inLanguage\":\"hu\",\"@id\":\"https:\/\/redfoxlotto.com\/hu\/jatek\/superenalotto\/#primaryimage\",\"url\":\"https:\/\/content.redfoxlotto.com\/uploads\/sites\/9\/2_ticket_superenalotto.jpg\",\"contentUrl\":\"https:\/\/content.redfoxlotto.com\/uploads\/sites\/9\/2_ticket_superenalotto.jpg\"},{\"@type\":\"BreadcrumbList\",\"@id\":\"https:\/\/redfoxlotto.com\/hu\/jatek\/superenalotto\/#breadcrumb\",\"itemListElement\":[{\"@type\":\"ListItem\",\"position\":1,\"name\":\"Home\",\"item\":\"https:\/\/redfoxlotto.com\/hu\/\"},{\"@type\":\"ListItem\",\"position\":2,\"name\":\"Hogyan j\u00e1tszhat m\u00e1s orsz\u00e1gok lott\u00f3j\u00e1t\u00e9kain\",\"item\":\"https:\/\/redfoxlotto.com\/hu\/jatek\/\"},{\"@type\":\"ListItem\",\"position\":3,\"name\":\"Olaszorsz\u00e1g SuperEnalotto\"}]},{\"@type\":\"WebSite\",\"@id\":\"https:\/\/redfoxlotto.com\/hu\/#website\",\"url\":\"https:\/\/redfoxlotto.com\/hu\/\",\"name\":\"Get Tickets for the World\u2019s largest jackpots\",\"description\":\"Participate in worldwide lottery jackpots from any country\",\"publisher\":{\"@id\":\"https:\/\/redfoxlotto.com\/hu\/#organization\"},\"potentialAction\":[{\"@type\":\"SearchAction\",\"target\":{\"@type\":\"EntryPoint\",\"urlTemplate\":\"https:\/\/redfoxlotto.com\/hu\/?s={search_term_string}\"},\"query-input\":{\"@type\":\"PropertyValueSpecification\",\"valueRequired\":true,\"valueName\":\"search_term_string\"}}],\"inLanguage\":\"hu\"},{\"@type\":\"Organization\",\"@id\":\"https:\/\/redfoxlotto.com\/hu\/#organization\",\"name\":\"Get Tickets for the World\u2019s largest jackpots\",\"url\":\"https:\/\/redfoxlotto.com\/hu\/\",\"logo\":{\"@type\":\"ImageObject\",\"inLanguage\":\"hu\",\"@id\":\"https:\/\/redfoxlotto.com\/hu\/#\/schema\/logo\/image\/\",\"url\":\"https:\/\/redfoxlotto.com\/wp-content\/uploads\/2023\/04\/logo.png\",\"contentUrl\":\"https:\/\/redfoxlotto.com\/wp-content\/uploads\/2023\/04\/logo.png\",\"width\":269,\"height\":53,\"caption\":\"Get Tickets for the World\u2019s largest jackpots\"},\"image\":{\"@id\":\"https:\/\/redfoxlotto.com\/hu\/#\/schema\/logo\/image\/\"}}]}<\/script>\n<!-- \/ Yoast SEO plugin. -->","yoast_head_json":{"title":"J\u00e1tsszon SuperEnalotto online | Most \u00d6n is kaphat jegyet az olasz Superenalotto j\u00e1t\u00e9kra","description":"Most m\u00e1r j\u00e1tszhatsz Superenalott\u00f3t, ak\u00e1r Olaszorsz\u00e1gon k\u00edv\u00fclr\u0151l is. V\u00e1s\u00e1rolja meg rajtunk kereszt\u00fcl Superenalotto jegy\u00e9t!","robots":{"index":"index","follow":"follow","max-snippet":"max-snippet:-1","max-image-preview":"max-image-preview:large","max-video-preview":"max-video-preview:-1"},"canonical":"https:\/\/redfoxlotto.com\/hu\/jatek\/superenalotto\/","og_locale":"hu_HU","og_type":"article","og_title":"J\u00e1tsszon SuperEnalotto online | Most \u00d6n is kaphat jegyet az olasz Superenalotto j\u00e1t\u00e9kra","og_description":"Most m\u00e1r j\u00e1tszhatsz Superenalott\u00f3t, ak\u00e1r Olaszorsz\u00e1gon k\u00edv\u00fclr\u0151l is. V\u00e1s\u00e1rolja meg rajtunk kereszt\u00fcl Superenalotto jegy\u00e9t!","og_url":"https:\/\/redfoxlotto.com\/hu\/jatek\/superenalotto\/","og_site_name":"Get Tickets for the World\u2019s largest jackpots","article_modified_time":"2025-12-11T00:30:36+00:00","og_image":[{"url":"https:\/\/content.redfoxlotto.com\/uploads\/sites\/9\/2_ticket_superenalotto.jpg"}],"twitter_card":"summary_large_image","twitter_misc":{"Becs\u00fclt olvas\u00e1si id\u0151":"2 perc"},"schema":{"@context":"https:\/\/schema.org","@graph":[{"@type":"WebPage","@id":"https:\/\/redfoxlotto.com\/hu\/jatek\/superenalotto\/","url":"https:\/\/redfoxlotto.com\/hu\/jatek\/superenalotto\/","name":"J\u00e1tsszon SuperEnalotto online | Most \u00d6n is kaphat jegyet az olasz Superenalotto j\u00e1t\u00e9kra","isPartOf":{"@id":"https:\/\/redfoxlotto.com\/hu\/#website"},"primaryImageOfPage":{"@id":"https:\/\/redfoxlotto.com\/hu\/jatek\/superenalotto\/#primaryimage"},"image":{"@id":"https:\/\/redfoxlotto.com\/hu\/jatek\/superenalotto\/#primaryimage"},"thumbnailUrl":"https:\/\/content.redfoxlotto.com\/uploads\/sites\/9\/2_ticket_superenalotto.jpg","datePublished":"2023-04-24T17:47:11+00:00","dateModified":"2025-12-11T00:30:36+00:00","description":"Most m\u00e1r j\u00e1tszhatsz Superenalott\u00f3t, ak\u00e1r Olaszorsz\u00e1gon k\u00edv\u00fclr\u0151l is. V\u00e1s\u00e1rolja meg rajtunk kereszt\u00fcl Superenalotto jegy\u00e9t!","breadcrumb":{"@id":"https:\/\/redfoxlotto.com\/hu\/jatek\/superenalotto\/#breadcrumb"},"inLanguage":"hu","potentialAction":[{"@type":"ReadAction","target":["https:\/\/redfoxlotto.com\/hu\/jatek\/superenalotto\/"]}]},{"@type":"ImageObject","inLanguage":"hu","@id":"https:\/\/redfoxlotto.com\/hu\/jatek\/superenalotto\/#primaryimage","url":"https:\/\/content.redfoxlotto.com\/uploads\/sites\/9\/2_ticket_superenalotto.jpg","contentUrl":"https:\/\/content.redfoxlotto.com\/uploads\/sites\/9\/2_ticket_superenalotto.jpg"},{"@type":"BreadcrumbList","@id":"https:\/\/redfoxlotto.com\/hu\/jatek\/superenalotto\/#breadcrumb","itemListElement":[{"@type":"ListItem","position":1,"name":"Home","item":"https:\/\/redfoxlotto.com\/hu\/"},{"@type":"ListItem","position":2,"name":"Hogyan j\u00e1tszhat m\u00e1s orsz\u00e1gok lott\u00f3j\u00e1t\u00e9kain","item":"https:\/\/redfoxlotto.com\/hu\/jatek\/"},{"@type":"ListItem","position":3,"name":"Olaszorsz\u00e1g SuperEnalotto"}]},{"@type":"WebSite","@id":"https:\/\/redfoxlotto.com\/hu\/#website","url":"https:\/\/redfoxlotto.com\/hu\/","name":"Get Tickets for the World\u2019s largest jackpots","description":"Participate in worldwide lottery jackpots from any country","publisher":{"@id":"https:\/\/redfoxlotto.com\/hu\/#organization"},"potentialAction":[{"@type":"SearchAction","target":{"@type":"EntryPoint","urlTemplate":"https:\/\/redfoxlotto.com\/hu\/?s={search_term_string}"},"query-input":{"@type":"PropertyValueSpecification","valueRequired":true,"valueName":"search_term_string"}}],"inLanguage":"hu"},{"@type":"Organization","@id":"https:\/\/redfoxlotto.com\/hu\/#organization","name":"Get Tickets for the World\u2019s largest jackpots","url":"https:\/\/redfoxlotto.com\/hu\/","logo":{"@type":"ImageObject","inLanguage":"hu","@id":"https:\/\/redfoxlotto.com\/hu\/#\/schema\/logo\/image\/","url":"https:\/\/redfoxlotto.com\/wp-content\/uploads\/2023\/04\/logo.png","contentUrl":"https:\/\/redfoxlotto.com\/wp-content\/uploads\/2023\/04\/logo.png","width":269,"height":53,"caption":"Get Tickets for the World\u2019s largest jackpots"},"image":{"@id":"https:\/\/redfoxlotto.com\/hu\/#\/schema\/logo\/image\/"}}]}},"_links":{"self":[{"href":"https:\/\/redfoxlotto.com\/hu\/wp-json\/wp\/v2\/pages\/55180","targetHints":{"allow":["GET"]}}],"collection":[{"href":"https:\/\/redfoxlotto.com\/hu\/wp-json\/wp\/v2\/pages"}],"about":[{"href":"https:\/\/redfoxlotto.com\/hu\/wp-json\/wp\/v2\/types\/page"}],"author":[{"embeddable":true,"href":"https:\/\/redfoxlotto.com\/hu\/wp-json\/wp\/v2\/users\/1"}],"replies":[{"embeddable":true,"href":"https:\/\/redfoxlotto.com\/hu\/wp-json\/wp\/v2\/comments?post=55180"}],"version-history":[{"count":0,"href":"https:\/\/redfoxlotto.com\/hu\/wp-json\/wp\/v2\/pages\/55180\/revisions"}],"up":[{"embeddable":true,"href":"https:\/\/redfoxlotto.com\/hu\/wp-json\/wp\/v2\/pages\/55156"}],"wp:attachment":[{"href":"https:\/\/redfoxlotto.com\/hu\/wp-json\/wp\/v2\/media?parent=55180"}],"curies":[{"name":"wp","href":"https:\/\/api.w.org\/{rel}","templated":true}]}}