{"id":55179,"date":"2023-04-24T17:59:25","date_gmt":"2023-04-24T17:59:25","guid":{"rendered":"https:\/\/redfoxlotto.com\/?page_id=21474"},"modified":"2023-03-13T17:37:23","modified_gmt":"2023-03-13T17:37:23","slug":"set-for-life-uk","status":"publish","type":"page","link":"https:\/\/redfoxlotto.com\/hu\/jatek\/set-for-life-uk\/","title":{"rendered":"Vegyen r\u00e9szt a Set for life lott\u00f3n online"},"content":{"rendered":"<p>A brit &#8222;Set for life&#8221; lott\u00f3 k\u00fcl\u00f6nb\u00f6zik a legt\u00f6bb m\u00e1s lott\u00f3t\u00f3l. Ha megnyeri a f\u0151- vagy a m\u00e1sodoszt\u00e1ly\u00fa nyerem\u00e9nyt, akkor fix \u00f6sszeg helyett havi kifizet\u00e9seket kap.<\/p><p>Az els\u0151 d\u00edj azt jelenti, hogy a k\u00f6vetkez\u0151 30 \u00e9vben havi 10.000 fontot kap, a m\u00e1sodik d\u00edj pedig azt, hogy egy \u00e9ven kereszt\u00fcl minden h\u00f3napban ugyanazt a 10.000 fontot kapja.<\/p><p><img decoding=\"async\" class=\"size-full wp-image alignright\" src=\"https:\/\/content.redfoxlotto.com\/uploads\/sites\/9\/1_play_online_jackpot.jpg\" alt=\" set for life online \"><\/p><h2 class=\"wp-block-heading\">Hogyan j\u00e1tsszon &#8222;Set for life&#8221; online<\/h2><p>Miut\u00e1n l\u00e9trehozta a fi\u00f3kj\u00e1t az oldalunkon, csak menjen a lott\u00f3z\u00f3ba, \u00e9s v\u00e1lasszon 5 sz\u00e1mot 1 \u00e9s 47 k\u00f6z\u00f6tt, majd egy &#8222;\u00e9letgoly\u00f3&#8221; sz\u00e1mot 1 \u00e9s 10 k\u00f6z\u00f6tt.<\/p><p>Ha akarod, haszn\u00e1lhatod a &#8222;gyors v\u00e1laszt\u00e1s&#8221; funkci\u00f3t, \u00e9s hagyhatod, hogy a vagy sz\u00e1mgener\u00e1tor elv\u00e9gezze a dolg\u00e1t, hogy v\u00e9letlenszer\u0171 sz\u00e1mokkal t\u00f6ltse fel a szelv\u00e9nyedet.<\/p><h2 class=\"wp-block-heading\">Hogyan tudom meg, hogy nyertem-e?<\/h2><p>Ha a szelv\u00e9nye nyer, e-mailben \u00e9rtes\u00edt\u00e9st k\u00fcld\u00fcnk \u00d6nnek. Gy\u0151z\u0151dj\u00f6n meg r\u00f3la, hogy az e-mailjeink nem ker\u00fclnek a k\u00e9retlen levelek k\u00f6z\u00e9. A sorsol\u00e1s ut\u00e1n bejelentkezhet fi\u00f3kj\u00e1ba, \u00e9s ellen\u0151rizheti szelv\u00e9ny\u00e9t. A nyertes sz\u00e1mok jel\u00f6lve lesznek.<\/p>","protected":false},"excerpt":{"rendered":"<p>A brit &#8222;Set for life&#8221; lott\u00f3 k\u00fcl\u00f6nb\u00f6zik a legt\u00f6bb m\u00e1s lott\u00f3t\u00f3l. Ha megnyeri a f\u0151- vagy a m\u00e1sodoszt\u00e1ly\u00fa nyerem\u00e9nyt, akkor fix \u00f6sszeg helyett havi kifizet\u00e9seket kap. Az els\u0151 d\u00edj azt jelenti, hogy a k\u00f6vetkez\u0151 30 \u00e9vben havi 10.000 fontot kap, a m\u00e1sodik d\u00edj pedig azt, hogy egy \u00e9ven kereszt\u00fcl minden h\u00f3napban ugyanazt a 10.000 fontot [&hellip;]<\/p>\n","protected":false},"author":1,"featured_media":0,"parent":55156,"menu_order":10,"comment_status":"closed","ping_status":"closed","template":"set-for-life.php","meta":{"_et_pb_use_builder":"","_et_pb_old_content":"","_et_gb_content_width":"","exclude_from_search":false,"footnotes":""},"class_list":["post-55179","page","type-page","status-publish","hentry"],"yoast_head":"<!-- This site is optimized with the Yoast SEO plugin v23.8 - https:\/\/yoast.com\/wordpress\/plugins\/seo\/ -->\n<title>J\u00e1tsszon Set for life Lotto online<\/title>\n<meta name=\"description\" content=\"Most m\u00e1r \u00d6n is j\u00e1tszhat az Egyes\u00fclt Kir\u00e1lys\u00e1g Set for life online lott\u00f3n\" \/>\n<meta name=\"robots\" content=\"index, follow, max-snippet:-1, max-image-preview:large, max-video-preview:-1\" \/>\n<link rel=\"canonical\" href=\"https:\/\/redfoxlotto.com\/hu\/jatek\/set-for-life-uk\/\" \/>\n<meta property=\"og:locale\" content=\"hu_HU\" \/>\n<meta property=\"og:type\" content=\"article\" \/>\n<meta property=\"og:title\" content=\"J\u00e1tsszon Set for life Lotto online\" \/>\n<meta property=\"og:description\" content=\"Most m\u00e1r \u00d6n is j\u00e1tszhat az Egyes\u00fclt Kir\u00e1lys\u00e1g Set for life online lott\u00f3n\" \/>\n<meta property=\"og:url\" content=\"https:\/\/redfoxlotto.com\/hu\/jatek\/set-for-life-uk\/\" \/>\n<meta property=\"og:site_name\" content=\"Get Tickets for the World\u2019s largest jackpots\" \/>\n<meta property=\"article:modified_time\" content=\"2023-03-13T17:37:23+00:00\" \/>\n<meta property=\"og:image\" content=\"https:\/\/content.redfoxlotto.com\/uploads\/sites\/9\/1_play_online_jackpot.jpg\" \/>\n<meta name=\"twitter:card\" content=\"summary_large_image\" \/>\n<meta name=\"twitter:label1\" content=\"Becs\u00fclt olvas\u00e1si id\u0151\" \/>\n\t<meta name=\"twitter:data1\" content=\"2 perc\" \/>\n<script type=\"application\/ld+json\" class=\"yoast-schema-graph\">{\"@context\":\"https:\/\/schema.org\",\"@graph\":[{\"@type\":\"WebPage\",\"@id\":\"https:\/\/redfoxlotto.com\/hu\/jatek\/set-for-life-uk\/\",\"url\":\"https:\/\/redfoxlotto.com\/hu\/jatek\/set-for-life-uk\/\",\"name\":\"J\u00e1tsszon Set for life Lotto online\",\"isPartOf\":{\"@id\":\"https:\/\/redfoxlotto.com\/hu\/#website\"},\"primaryImageOfPage\":{\"@id\":\"https:\/\/redfoxlotto.com\/hu\/jatek\/set-for-life-uk\/#primaryimage\"},\"image\":{\"@id\":\"https:\/\/redfoxlotto.com\/hu\/jatek\/set-for-life-uk\/#primaryimage\"},\"thumbnailUrl\":\"https:\/\/content.redfoxlotto.com\/uploads\/sites\/9\/1_play_online_jackpot.jpg\",\"datePublished\":\"2023-04-24T17:59:25+00:00\",\"dateModified\":\"2023-03-13T17:37:23+00:00\",\"description\":\"Most m\u00e1r \u00d6n is j\u00e1tszhat az Egyes\u00fclt Kir\u00e1lys\u00e1g Set for life online lott\u00f3n\",\"breadcrumb\":{\"@id\":\"https:\/\/redfoxlotto.com\/hu\/jatek\/set-for-life-uk\/#breadcrumb\"},\"inLanguage\":\"hu\",\"potentialAction\":[{\"@type\":\"ReadAction\",\"target\":[\"https:\/\/redfoxlotto.com\/hu\/jatek\/set-for-life-uk\/\"]}]},{\"@type\":\"ImageObject\",\"inLanguage\":\"hu\",\"@id\":\"https:\/\/redfoxlotto.com\/hu\/jatek\/set-for-life-uk\/#primaryimage\",\"url\":\"https:\/\/content.redfoxlotto.com\/uploads\/sites\/9\/1_play_online_jackpot.jpg\",\"contentUrl\":\"https:\/\/content.redfoxlotto.com\/uploads\/sites\/9\/1_play_online_jackpot.jpg\"},{\"@type\":\"BreadcrumbList\",\"@id\":\"https:\/\/redfoxlotto.com\/hu\/jatek\/set-for-life-uk\/#breadcrumb\",\"itemListElement\":[{\"@type\":\"ListItem\",\"position\":1,\"name\":\"Home\",\"item\":\"https:\/\/redfoxlotto.com\/hu\/\"},{\"@type\":\"ListItem\",\"position\":2,\"name\":\"Hogyan j\u00e1tszhat m\u00e1s orsz\u00e1gok lott\u00f3j\u00e1t\u00e9kain\",\"item\":\"https:\/\/redfoxlotto.com\/hu\/jatek\/\"},{\"@type\":\"ListItem\",\"position\":3,\"name\":\"Vegyen r\u00e9szt a Set for life lott\u00f3n online\"}]},{\"@type\":\"WebSite\",\"@id\":\"https:\/\/redfoxlotto.com\/hu\/#website\",\"url\":\"https:\/\/redfoxlotto.com\/hu\/\",\"name\":\"Get Tickets for the World\u2019s largest jackpots\",\"description\":\"Participate in worldwide lottery jackpots from any country\",\"publisher\":{\"@id\":\"https:\/\/redfoxlotto.com\/hu\/#organization\"},\"potentialAction\":[{\"@type\":\"SearchAction\",\"target\":{\"@type\":\"EntryPoint\",\"urlTemplate\":\"https:\/\/redfoxlotto.com\/hu\/?s={search_term_string}\"},\"query-input\":{\"@type\":\"PropertyValueSpecification\",\"valueRequired\":true,\"valueName\":\"search_term_string\"}}],\"inLanguage\":\"hu\"},{\"@type\":\"Organization\",\"@id\":\"https:\/\/redfoxlotto.com\/hu\/#organization\",\"name\":\"Get Tickets for the World\u2019s largest jackpots\",\"url\":\"https:\/\/redfoxlotto.com\/hu\/\",\"logo\":{\"@type\":\"ImageObject\",\"inLanguage\":\"hu\",\"@id\":\"https:\/\/redfoxlotto.com\/hu\/#\/schema\/logo\/image\/\",\"url\":\"https:\/\/redfoxlotto.com\/wp-content\/uploads\/2023\/04\/logo.png\",\"contentUrl\":\"https:\/\/redfoxlotto.com\/wp-content\/uploads\/2023\/04\/logo.png\",\"width\":269,\"height\":53,\"caption\":\"Get Tickets for the World\u2019s largest jackpots\"},\"image\":{\"@id\":\"https:\/\/redfoxlotto.com\/hu\/#\/schema\/logo\/image\/\"}}]}<\/script>\n<!-- \/ Yoast SEO plugin. -->","yoast_head_json":{"title":"J\u00e1tsszon Set for life Lotto online","description":"Most m\u00e1r \u00d6n is j\u00e1tszhat az Egyes\u00fclt Kir\u00e1lys\u00e1g Set for life online lott\u00f3n","robots":{"index":"index","follow":"follow","max-snippet":"max-snippet:-1","max-image-preview":"max-image-preview:large","max-video-preview":"max-video-preview:-1"},"canonical":"https:\/\/redfoxlotto.com\/hu\/jatek\/set-for-life-uk\/","og_locale":"hu_HU","og_type":"article","og_title":"J\u00e1tsszon Set for life Lotto online","og_description":"Most m\u00e1r \u00d6n is j\u00e1tszhat az Egyes\u00fclt Kir\u00e1lys\u00e1g Set for life online lott\u00f3n","og_url":"https:\/\/redfoxlotto.com\/hu\/jatek\/set-for-life-uk\/","og_site_name":"Get Tickets for the World\u2019s largest jackpots","article_modified_time":"2023-03-13T17:37:23+00:00","og_image":[{"url":"https:\/\/content.redfoxlotto.com\/uploads\/sites\/9\/1_play_online_jackpot.jpg"}],"twitter_card":"summary_large_image","twitter_misc":{"Becs\u00fclt olvas\u00e1si id\u0151":"2 perc"},"schema":{"@context":"https:\/\/schema.org","@graph":[{"@type":"WebPage","@id":"https:\/\/redfoxlotto.com\/hu\/jatek\/set-for-life-uk\/","url":"https:\/\/redfoxlotto.com\/hu\/jatek\/set-for-life-uk\/","name":"J\u00e1tsszon Set for life Lotto online","isPartOf":{"@id":"https:\/\/redfoxlotto.com\/hu\/#website"},"primaryImageOfPage":{"@id":"https:\/\/redfoxlotto.com\/hu\/jatek\/set-for-life-uk\/#primaryimage"},"image":{"@id":"https:\/\/redfoxlotto.com\/hu\/jatek\/set-for-life-uk\/#primaryimage"},"thumbnailUrl":"https:\/\/content.redfoxlotto.com\/uploads\/sites\/9\/1_play_online_jackpot.jpg","datePublished":"2023-04-24T17:59:25+00:00","dateModified":"2023-03-13T17:37:23+00:00","description":"Most m\u00e1r \u00d6n is j\u00e1tszhat az Egyes\u00fclt Kir\u00e1lys\u00e1g Set for life online lott\u00f3n","breadcrumb":{"@id":"https:\/\/redfoxlotto.com\/hu\/jatek\/set-for-life-uk\/#breadcrumb"},"inLanguage":"hu","potentialAction":[{"@type":"ReadAction","target":["https:\/\/redfoxlotto.com\/hu\/jatek\/set-for-life-uk\/"]}]},{"@type":"ImageObject","inLanguage":"hu","@id":"https:\/\/redfoxlotto.com\/hu\/jatek\/set-for-life-uk\/#primaryimage","url":"https:\/\/content.redfoxlotto.com\/uploads\/sites\/9\/1_play_online_jackpot.jpg","contentUrl":"https:\/\/content.redfoxlotto.com\/uploads\/sites\/9\/1_play_online_jackpot.jpg"},{"@type":"BreadcrumbList","@id":"https:\/\/redfoxlotto.com\/hu\/jatek\/set-for-life-uk\/#breadcrumb","itemListElement":[{"@type":"ListItem","position":1,"name":"Home","item":"https:\/\/redfoxlotto.com\/hu\/"},{"@type":"ListItem","position":2,"name":"Hogyan j\u00e1tszhat m\u00e1s orsz\u00e1gok lott\u00f3j\u00e1t\u00e9kain","item":"https:\/\/redfoxlotto.com\/hu\/jatek\/"},{"@type":"ListItem","position":3,"name":"Vegyen r\u00e9szt a Set for life lott\u00f3n online"}]},{"@type":"WebSite","@id":"https:\/\/redfoxlotto.com\/hu\/#website","url":"https:\/\/redfoxlotto.com\/hu\/","name":"Get Tickets for the World\u2019s largest jackpots","description":"Participate in worldwide lottery jackpots from any country","publisher":{"@id":"https:\/\/redfoxlotto.com\/hu\/#organization"},"potentialAction":[{"@type":"SearchAction","target":{"@type":"EntryPoint","urlTemplate":"https:\/\/redfoxlotto.com\/hu\/?s={search_term_string}"},"query-input":{"@type":"PropertyValueSpecification","valueRequired":true,"valueName":"search_term_string"}}],"inLanguage":"hu"},{"@type":"Organization","@id":"https:\/\/redfoxlotto.com\/hu\/#organization","name":"Get Tickets for the World\u2019s largest jackpots","url":"https:\/\/redfoxlotto.com\/hu\/","logo":{"@type":"ImageObject","inLanguage":"hu","@id":"https:\/\/redfoxlotto.com\/hu\/#\/schema\/logo\/image\/","url":"https:\/\/redfoxlotto.com\/wp-content\/uploads\/2023\/04\/logo.png","contentUrl":"https:\/\/redfoxlotto.com\/wp-content\/uploads\/2023\/04\/logo.png","width":269,"height":53,"caption":"Get Tickets for the World\u2019s largest jackpots"},"image":{"@id":"https:\/\/redfoxlotto.com\/hu\/#\/schema\/logo\/image\/"}}]}},"_links":{"self":[{"href":"https:\/\/redfoxlotto.com\/hu\/wp-json\/wp\/v2\/pages\/55179","targetHints":{"allow":["GET"]}}],"collection":[{"href":"https:\/\/redfoxlotto.com\/hu\/wp-json\/wp\/v2\/pages"}],"about":[{"href":"https:\/\/redfoxlotto.com\/hu\/wp-json\/wp\/v2\/types\/page"}],"author":[{"embeddable":true,"href":"https:\/\/redfoxlotto.com\/hu\/wp-json\/wp\/v2\/users\/1"}],"replies":[{"embeddable":true,"href":"https:\/\/redfoxlotto.com\/hu\/wp-json\/wp\/v2\/comments?post=55179"}],"version-history":[{"count":0,"href":"https:\/\/redfoxlotto.com\/hu\/wp-json\/wp\/v2\/pages\/55179\/revisions"}],"up":[{"embeddable":true,"href":"https:\/\/redfoxlotto.com\/hu\/wp-json\/wp\/v2\/pages\/55156"}],"wp:attachment":[{"href":"https:\/\/redfoxlotto.com\/hu\/wp-json\/wp\/v2\/media?parent=55179"}],"curies":[{"name":"wp","href":"https:\/\/api.w.org\/{rel}","templated":true}]}}