{"id":55178,"date":"2023-04-24T18:24:48","date_gmt":"2023-04-24T18:24:48","guid":{"rendered":"https:\/\/redfoxlotto.com\/?page_id=21472"},"modified":"2025-12-11T08:21:07","modified_gmt":"2025-12-11T08:21:07","slug":"saturday-lotto-au","status":"publish","type":"page","link":"https:\/\/redfoxlotto.com\/hu\/jatek\/saturday-lotto-au\/","title":{"rendered":"Pr\u00f3b\u00e1lja ki szombat Lotto Ausztr\u00e1lia"},"content":{"rendered":"<script type=\"application\/ld+json\">\r\n{\r\n  \"@context\": \"https:\/\/schema.org\",\r\n  \"@type\": \"Service\",\r\n  \"name\": \"Saturday Lotto Australia online\",\r\n  \"url\": \"https:\/\/redfoxlotto.com\/hu\/jatek\/saturday-lotto-au\/\",\r\n  \"description\": \"V\u00e1s\u00e1roljon hivatalos Saturday Lotto Australia jegyeket online a RedFoxLotto seg\u00edts\u00e9g\u00e9vel. V\u00e1lassza ki a sz\u00e1mait, \u00e9s vegyen r\u00e9szt a k\u00f6vetkez\u0151 sorsol\u00e1son.\",\r\n  \"serviceType\": \"Online lottery ticket purchase\",\r\n\r\n  \"provider\": {\r\n    \"@type\": \"Organization\",\r\n    \"name\": \"RedFoxLotto\",\r\n    \"url\": \"https:\/\/redfoxlotto.com\",\r\n    \"logo\": \"https:\/\/redfoxlotto.com\/wp-content\/uploads\/logo.png\"\r\n  },\r\n\r\n  \"areaServed\": \"Worldwide\",\r\n  \"termsOfService\": \"https:\/\/redfoxlotto.com\/terms-and-conditions\",\r\n\r\n  \"hasOfferCatalog\": {\r\n    \"@type\": \"OfferCatalog\",\r\n    \"name\": \"Saturday Lotto Australia Offers\",\r\n    \"itemListElement\": [\r\n      {\r\n        \"@type\": \"Offer\",\r\n        \"name\": \"Lotto Saturday Lotto Australia Ticket\",\r\n        \"url\": \"https:\/\/redfoxlotto.com\/hu\/jatek\/saturday-lotto-au\/\",\r\n        \"description\": \"Egy r\u00e9szv\u00e9tel a k\u00f6vetkez\u0151 Saturday Lotto Australia sorsol\u00e1son.\",\r\n        \"price\": \"1.50\",\r\n        \"priceCurrency\": \"EUR\",\r\n        \"availability\": \"https:\/\/schema.org\/InStock\",\r\n\r\n        \"itemOffered\": {\r\n          \"@type\": \"Service\",\r\n          \"name\": \"Saturday Lotto Australia Entry\",\r\n          \"description\": \"R\u00e9szv\u00e9tel a k\u00f6vetkez\u0151 Saturday Lotto Australia sorsol\u00e1son a RedFoxLotto seg\u00edts\u00e9g\u00e9vel.\"\r\n        }\r\n      }\r\n    ]\r\n  },\r\n\r\n  \"mainEntityOfPage\": {\r\n    \"@type\": \"WebPage\",\r\n    \"@id\": \"https:\/\/redfoxlotto.com\/hu\/jatek\/saturday-lotto-au\/\"\r\n  }\r\n}\r\n<\/script><p>Minden szombaton lehet\u0151s\u00e9g ny\u00edlik arra, hogy mindenki r\u00e9szt vegyen \u00e9s es\u00e9lyt kapjon arra, hogy hatalmas p\u00e9nz\u00f6sszeggel t\u00e1vozzon. Az internet lehet\u0151v\u00e9 tette, hogy ne maradjon le az ilyen \u00e9letet megv\u00e1ltoztat\u00f3 lehet\u0151s\u00e9gekr\u0151l, mivel b\u00e1rki b\u00e1rhol a vil\u00e1gon r\u00e9szt vehet ebben a lehet\u0151s\u00e9gben, ha online foglal egy szelv\u00e9nyt az ausztr\u00e1l szombati lott\u00f3ra.<\/p><p>A t\u00e1vols\u00e1g t\u00f6bb\u00e9 nem jelent akad\u00e1lyt a szombati lott\u00f3j\u00e1t\u00e9kban val\u00f3 r\u00e9szv\u00e9telben, mivel nem csak az Ausztr\u00e1li\u00e1ban \u00e9l\u0151k, hanem b\u00e1rki b\u00e1rhol r\u00e9szt vehet a lott\u00f3n. Mind\u00f6ssze egy olyan eszk\u00f6zre van sz\u00fcks\u00e9ge, amely k\u00e9pes hozz\u00e1f\u00e9rni az internethez, \u00e9s m\u00e1ris \u00d6n lehet az ausztr\u00e1l szombati lott\u00f3 k\u00f6vetkez\u0151 jackpotnyertese. Teh\u00e1t b\u00e1rmikor, amikor csak szerencs\u00e9snek \u00e9rzi mag\u00e1t, ne habozzon, foglaljon egy szombati lott\u00f3szelv\u00e9nyt online, \u00e9s lehet, hogy az \u00e9lete nagy fordulatot vesz a jobbik ir\u00e1nyba.<\/p><p>A szombati lott\u00f3szelv\u00e9ny foglal\u00e1sa olyan egyszer\u0171, mivel csak annyit kell tennie, hogy nyit egy sz\u00e1ml\u00e1t a RedFoxLotto, v\u00e1lassza ki a kedvenc 6 sz\u00e1mot a 45-b\u0151l, vagy haszn\u00e1lhatja a gyors v\u00e1laszt\u00e1si lehet\u0151s\u00e9get, ahol a sz\u00e1mokat v\u00e9letlenszer\u0171en v\u00e1lasztj\u00e1k ki az \u00d6n sz\u00e1m\u00e1ra, majd a szelv\u00e9nyt lefoglalj\u00e1k \u00e9s r\u00f6gz\u00edtik, \u00e9s kap egy e-mail \u00e9rtes\u00edt\u00e9st, amely meger\u0151s\u00edti a lefoglalt szelv\u00e9nyt. A szelv\u00e9nyek kifizet\u00e9se ugyanolyan egyszer\u0171, mint a sz\u00e1mok kiv\u00e1laszt\u00e1sa, mivel t\u00f6bbf\u00e9le fizet\u00e9si lehet\u0151s\u00e9g \u00e1ll a felhaszn\u00e1l\u00f3k rendelkez\u00e9s\u00e9re a fizet\u00e9shez, \u00e9s a RedFoxLotto biztons\u00e1gos \u00e9s priv\u00e1t fizet\u00e9si port\u00e1lt biztos\u00edt, \u00edgy nem kell att\u00f3l tartania, hogy banki adatai vesz\u00e9lybe ker\u00fclnek.<\/p><p><img decoding=\"async\" class=\" wp-image alignright\" src=\"https:\/\/content.redfoxlotto.com\/uploads\/sites\/9\/2_ticket_saturday_lotto_au.jpg\" alt=\"Szombati Lotto Ausztr\u00e1lia online j\u00e1t\u00e9k\"><\/p><p>A szombati lott\u00f3 sorsol\u00e1s\u00e1ra minden szombat este ker\u00fcl sor, \u00e9s 8 sz\u00e1mot h\u00faznak ki. Az els\u0151 6 sz\u00e1m a f\u0151sz\u00e1mok, \u00e9s ezek alapj\u00e1n hat\u00e1rozz\u00e1k meg a f\u0151nyerem\u00e9ny nyerteseit. A fennmarad\u00f3 2 sz\u00e1m a kieg\u00e9sz\u00edt\u0151 sz\u00e1mok, \u00e9s a nyerem\u00e9nyek egy\u00e9b, kisebb kateg\u00f3ri\u00e1inak meghat\u00e1roz\u00e1s\u00e1ra szolg\u00e1lnak. Ha az a 6 sz\u00e1m, amelyet a szelv\u00e9ny lefoglal\u00e1sakor kiv\u00e1lasztott, megegyezik a 6 f\u0151 sz\u00e1mmal, akkor megnyerte a f\u0151nyerem\u00e9nyt. Ez k\u00f6r\u00fclbel\u00fcl 4 milli\u00f3 AUD$, amelyet legfeljebb 4 nyertes k\u00f6z\u00f6tt oszthat meg. Azok a szelv\u00e9nyek is nyerem\u00e9nyt kaphatnak, amelyeken kevesebb, mint 6 sz\u00e1m egyezik a kisorsolt 6 sz\u00e1mmal.<\/p><p><img loading=\"lazy\" decoding=\"async\" class=\" wp-image-5380 alignright\" src=\"https:\/\/content.redfoxlotto.com\/uploads\/sites\/9\/1_lotto_jackpot_online.jpg\" alt=\"Ausztr\u00e1lia lott\u00f3 szombat\" width=\"246\" height=\"286\"><\/p><p>Ha el\u00e9g szerencs\u00e9s vagy ahhoz, hogy te legy\u00e9l a nyertes, akkor \u00e9rtes\u00edtj\u00fck a nyerem\u00e9nyedr\u0151l. A RedFoxLotto gondoskodik arr\u00f3l, hogy \u00e9rtes\u00edt\u00e9st kapjon a nyerem\u00e9ny\u00e9r\u0151l, \u00e9s \u00edgy nem marad le a nyerem\u00e9ny\u00e9r\u0151l, mivel a kifizet\u00e9sek feldolgoz\u00e1s\u00e1ban is seg\u00edtenek, hogy biztosan megkapja azt. Ha a nyerem\u00e9nye kisebb \u00f6sszeg\u0171, akkor azt az \u00fcgyf\u00e9lsz\u00e1mla ter\u00fclet\u00e9re k\u00fcldik. Onnan kiveheti \u0151ket a banksz\u00e1ml\u00e1j\u00e1ra, vagy felhaszn\u00e1lhatja tov\u00e1bbi szelv\u00e9nyek v\u00e1s\u00e1rl\u00e1s\u00e1ra. Ha a nyerem\u00e9nye nagy, akkor az \u00fcgyf\u00e9lszolg\u00e1lat munkat\u00e1rsa felveszi \u00d6nnel a kapcsolatot, hogy megbesz\u00e9lje, hogyan kapja meg a nyerem\u00e9ny\u00e9t.<\/p>","protected":false},"excerpt":{"rendered":"<p>Minden szombaton lehet\u0151s\u00e9g ny\u00edlik arra, hogy mindenki r\u00e9szt vegyen \u00e9s es\u00e9lyt kapjon arra, hogy hatalmas p\u00e9nz\u00f6sszeggel t\u00e1vozzon. Az internet lehet\u0151v\u00e9 tette, hogy ne maradjon le az ilyen \u00e9letet megv\u00e1ltoztat\u00f3 lehet\u0151s\u00e9gekr\u0151l, mivel b\u00e1rki b\u00e1rhol a vil\u00e1gon r\u00e9szt vehet ebben a lehet\u0151s\u00e9gben, ha online foglal egy szelv\u00e9nyt az ausztr\u00e1l szombati lott\u00f3ra. A t\u00e1vols\u00e1g t\u00f6bb\u00e9 nem jelent akad\u00e1lyt [&hellip;]<\/p>\n","protected":false},"author":1,"featured_media":0,"parent":55156,"menu_order":20,"comment_status":"closed","ping_status":"closed","template":"saturday-lotto.php","meta":{"_et_pb_use_builder":"","_et_pb_old_content":"","_et_gb_content_width":"","exclude_from_search":false,"footnotes":""},"class_list":["post-55178","page","type-page","status-publish","hentry"],"yoast_head":"<!-- This site is optimized with the Yoast SEO plugin v23.8 - https:\/\/yoast.com\/wordpress\/plugins\/seo\/ -->\n<title>Szombati lott\u00f3 online j\u00e1t\u00e9k | Ausztr\u00e1lia egyik legnagyobb lott\u00f3j\u00e1t\u00e9ka<\/title>\n<meta name=\"description\" content=\"Foglalja le jegyeit online, \u00e9s j\u00e1tsszon a szombati lott\u00f3n Ausztr\u00e1li\u00e1ban\" \/>\n<meta name=\"robots\" content=\"index, follow, max-snippet:-1, max-image-preview:large, max-video-preview:-1\" \/>\n<link rel=\"canonical\" href=\"https:\/\/redfoxlotto.com\/hu\/jatek\/saturday-lotto-au\/\" \/>\n<meta property=\"og:locale\" content=\"hu_HU\" \/>\n<meta property=\"og:type\" content=\"article\" \/>\n<meta property=\"og:title\" content=\"Szombati lott\u00f3 online j\u00e1t\u00e9k | Ausztr\u00e1lia egyik legnagyobb lott\u00f3j\u00e1t\u00e9ka\" \/>\n<meta property=\"og:description\" content=\"Foglalja le jegyeit online, \u00e9s j\u00e1tsszon a szombati lott\u00f3n Ausztr\u00e1li\u00e1ban\" \/>\n<meta property=\"og:url\" content=\"https:\/\/redfoxlotto.com\/hu\/jatek\/saturday-lotto-au\/\" \/>\n<meta property=\"og:site_name\" content=\"Get Tickets for the World\u2019s largest jackpots\" \/>\n<meta property=\"article:modified_time\" content=\"2025-12-11T08:21:07+00:00\" \/>\n<meta property=\"og:image\" content=\"https:\/\/content.redfoxlotto.com\/uploads\/sites\/9\/2_ticket_saturday_lotto_au.jpg\" \/>\n<meta name=\"twitter:card\" content=\"summary_large_image\" \/>\n<meta name=\"twitter:label1\" content=\"Becs\u00fclt olvas\u00e1si id\u0151\" \/>\n\t<meta name=\"twitter:data1\" content=\"3 perc\" \/>\n<script type=\"application\/ld+json\" class=\"yoast-schema-graph\">{\"@context\":\"https:\/\/schema.org\",\"@graph\":[{\"@type\":\"WebPage\",\"@id\":\"https:\/\/redfoxlotto.com\/hu\/jatek\/saturday-lotto-au\/\",\"url\":\"https:\/\/redfoxlotto.com\/hu\/jatek\/saturday-lotto-au\/\",\"name\":\"Szombati lott\u00f3 online j\u00e1t\u00e9k | Ausztr\u00e1lia egyik legnagyobb lott\u00f3j\u00e1t\u00e9ka\",\"isPartOf\":{\"@id\":\"https:\/\/redfoxlotto.com\/hu\/#website\"},\"primaryImageOfPage\":{\"@id\":\"https:\/\/redfoxlotto.com\/hu\/jatek\/saturday-lotto-au\/#primaryimage\"},\"image\":{\"@id\":\"https:\/\/redfoxlotto.com\/hu\/jatek\/saturday-lotto-au\/#primaryimage\"},\"thumbnailUrl\":\"https:\/\/content.redfoxlotto.com\/uploads\/sites\/9\/2_ticket_saturday_lotto_au.jpg\",\"datePublished\":\"2023-04-24T18:24:48+00:00\",\"dateModified\":\"2025-12-11T08:21:07+00:00\",\"description\":\"Foglalja le jegyeit online, \u00e9s j\u00e1tsszon a szombati lott\u00f3n Ausztr\u00e1li\u00e1ban\",\"breadcrumb\":{\"@id\":\"https:\/\/redfoxlotto.com\/hu\/jatek\/saturday-lotto-au\/#breadcrumb\"},\"inLanguage\":\"hu\",\"potentialAction\":[{\"@type\":\"ReadAction\",\"target\":[\"https:\/\/redfoxlotto.com\/hu\/jatek\/saturday-lotto-au\/\"]}]},{\"@type\":\"ImageObject\",\"inLanguage\":\"hu\",\"@id\":\"https:\/\/redfoxlotto.com\/hu\/jatek\/saturday-lotto-au\/#primaryimage\",\"url\":\"https:\/\/content.redfoxlotto.com\/uploads\/sites\/9\/2_ticket_saturday_lotto_au.jpg\",\"contentUrl\":\"https:\/\/content.redfoxlotto.com\/uploads\/sites\/9\/2_ticket_saturday_lotto_au.jpg\"},{\"@type\":\"BreadcrumbList\",\"@id\":\"https:\/\/redfoxlotto.com\/hu\/jatek\/saturday-lotto-au\/#breadcrumb\",\"itemListElement\":[{\"@type\":\"ListItem\",\"position\":1,\"name\":\"Home\",\"item\":\"https:\/\/redfoxlotto.com\/hu\/\"},{\"@type\":\"ListItem\",\"position\":2,\"name\":\"Hogyan j\u00e1tszhat m\u00e1s orsz\u00e1gok lott\u00f3j\u00e1t\u00e9kain\",\"item\":\"https:\/\/redfoxlotto.com\/hu\/jatek\/\"},{\"@type\":\"ListItem\",\"position\":3,\"name\":\"Pr\u00f3b\u00e1lja ki szombat Lotto Ausztr\u00e1lia\"}]},{\"@type\":\"WebSite\",\"@id\":\"https:\/\/redfoxlotto.com\/hu\/#website\",\"url\":\"https:\/\/redfoxlotto.com\/hu\/\",\"name\":\"Get Tickets for the World\u2019s largest jackpots\",\"description\":\"Participate in worldwide lottery jackpots from any country\",\"publisher\":{\"@id\":\"https:\/\/redfoxlotto.com\/hu\/#organization\"},\"potentialAction\":[{\"@type\":\"SearchAction\",\"target\":{\"@type\":\"EntryPoint\",\"urlTemplate\":\"https:\/\/redfoxlotto.com\/hu\/?s={search_term_string}\"},\"query-input\":{\"@type\":\"PropertyValueSpecification\",\"valueRequired\":true,\"valueName\":\"search_term_string\"}}],\"inLanguage\":\"hu\"},{\"@type\":\"Organization\",\"@id\":\"https:\/\/redfoxlotto.com\/hu\/#organization\",\"name\":\"Get Tickets for the World\u2019s largest jackpots\",\"url\":\"https:\/\/redfoxlotto.com\/hu\/\",\"logo\":{\"@type\":\"ImageObject\",\"inLanguage\":\"hu\",\"@id\":\"https:\/\/redfoxlotto.com\/hu\/#\/schema\/logo\/image\/\",\"url\":\"https:\/\/redfoxlotto.com\/wp-content\/uploads\/2023\/04\/logo.png\",\"contentUrl\":\"https:\/\/redfoxlotto.com\/wp-content\/uploads\/2023\/04\/logo.png\",\"width\":269,\"height\":53,\"caption\":\"Get Tickets for the World\u2019s largest jackpots\"},\"image\":{\"@id\":\"https:\/\/redfoxlotto.com\/hu\/#\/schema\/logo\/image\/\"}}]}<\/script>\n<!-- \/ Yoast SEO plugin. -->","yoast_head_json":{"title":"Szombati lott\u00f3 online j\u00e1t\u00e9k | Ausztr\u00e1lia egyik legnagyobb lott\u00f3j\u00e1t\u00e9ka","description":"Foglalja le jegyeit online, \u00e9s j\u00e1tsszon a szombati lott\u00f3n Ausztr\u00e1li\u00e1ban","robots":{"index":"index","follow":"follow","max-snippet":"max-snippet:-1","max-image-preview":"max-image-preview:large","max-video-preview":"max-video-preview:-1"},"canonical":"https:\/\/redfoxlotto.com\/hu\/jatek\/saturday-lotto-au\/","og_locale":"hu_HU","og_type":"article","og_title":"Szombati lott\u00f3 online j\u00e1t\u00e9k | Ausztr\u00e1lia egyik legnagyobb lott\u00f3j\u00e1t\u00e9ka","og_description":"Foglalja le jegyeit online, \u00e9s j\u00e1tsszon a szombati lott\u00f3n Ausztr\u00e1li\u00e1ban","og_url":"https:\/\/redfoxlotto.com\/hu\/jatek\/saturday-lotto-au\/","og_site_name":"Get Tickets for the World\u2019s largest jackpots","article_modified_time":"2025-12-11T08:21:07+00:00","og_image":[{"url":"https:\/\/content.redfoxlotto.com\/uploads\/sites\/9\/2_ticket_saturday_lotto_au.jpg"}],"twitter_card":"summary_large_image","twitter_misc":{"Becs\u00fclt olvas\u00e1si id\u0151":"3 perc"},"schema":{"@context":"https:\/\/schema.org","@graph":[{"@type":"WebPage","@id":"https:\/\/redfoxlotto.com\/hu\/jatek\/saturday-lotto-au\/","url":"https:\/\/redfoxlotto.com\/hu\/jatek\/saturday-lotto-au\/","name":"Szombati lott\u00f3 online j\u00e1t\u00e9k | Ausztr\u00e1lia egyik legnagyobb lott\u00f3j\u00e1t\u00e9ka","isPartOf":{"@id":"https:\/\/redfoxlotto.com\/hu\/#website"},"primaryImageOfPage":{"@id":"https:\/\/redfoxlotto.com\/hu\/jatek\/saturday-lotto-au\/#primaryimage"},"image":{"@id":"https:\/\/redfoxlotto.com\/hu\/jatek\/saturday-lotto-au\/#primaryimage"},"thumbnailUrl":"https:\/\/content.redfoxlotto.com\/uploads\/sites\/9\/2_ticket_saturday_lotto_au.jpg","datePublished":"2023-04-24T18:24:48+00:00","dateModified":"2025-12-11T08:21:07+00:00","description":"Foglalja le jegyeit online, \u00e9s j\u00e1tsszon a szombati lott\u00f3n Ausztr\u00e1li\u00e1ban","breadcrumb":{"@id":"https:\/\/redfoxlotto.com\/hu\/jatek\/saturday-lotto-au\/#breadcrumb"},"inLanguage":"hu","potentialAction":[{"@type":"ReadAction","target":["https:\/\/redfoxlotto.com\/hu\/jatek\/saturday-lotto-au\/"]}]},{"@type":"ImageObject","inLanguage":"hu","@id":"https:\/\/redfoxlotto.com\/hu\/jatek\/saturday-lotto-au\/#primaryimage","url":"https:\/\/content.redfoxlotto.com\/uploads\/sites\/9\/2_ticket_saturday_lotto_au.jpg","contentUrl":"https:\/\/content.redfoxlotto.com\/uploads\/sites\/9\/2_ticket_saturday_lotto_au.jpg"},{"@type":"BreadcrumbList","@id":"https:\/\/redfoxlotto.com\/hu\/jatek\/saturday-lotto-au\/#breadcrumb","itemListElement":[{"@type":"ListItem","position":1,"name":"Home","item":"https:\/\/redfoxlotto.com\/hu\/"},{"@type":"ListItem","position":2,"name":"Hogyan j\u00e1tszhat m\u00e1s orsz\u00e1gok lott\u00f3j\u00e1t\u00e9kain","item":"https:\/\/redfoxlotto.com\/hu\/jatek\/"},{"@type":"ListItem","position":3,"name":"Pr\u00f3b\u00e1lja ki szombat Lotto Ausztr\u00e1lia"}]},{"@type":"WebSite","@id":"https:\/\/redfoxlotto.com\/hu\/#website","url":"https:\/\/redfoxlotto.com\/hu\/","name":"Get Tickets for the World\u2019s largest jackpots","description":"Participate in worldwide lottery jackpots from any country","publisher":{"@id":"https:\/\/redfoxlotto.com\/hu\/#organization"},"potentialAction":[{"@type":"SearchAction","target":{"@type":"EntryPoint","urlTemplate":"https:\/\/redfoxlotto.com\/hu\/?s={search_term_string}"},"query-input":{"@type":"PropertyValueSpecification","valueRequired":true,"valueName":"search_term_string"}}],"inLanguage":"hu"},{"@type":"Organization","@id":"https:\/\/redfoxlotto.com\/hu\/#organization","name":"Get Tickets for the World\u2019s largest jackpots","url":"https:\/\/redfoxlotto.com\/hu\/","logo":{"@type":"ImageObject","inLanguage":"hu","@id":"https:\/\/redfoxlotto.com\/hu\/#\/schema\/logo\/image\/","url":"https:\/\/redfoxlotto.com\/wp-content\/uploads\/2023\/04\/logo.png","contentUrl":"https:\/\/redfoxlotto.com\/wp-content\/uploads\/2023\/04\/logo.png","width":269,"height":53,"caption":"Get Tickets for the World\u2019s largest jackpots"},"image":{"@id":"https:\/\/redfoxlotto.com\/hu\/#\/schema\/logo\/image\/"}}]}},"_links":{"self":[{"href":"https:\/\/redfoxlotto.com\/hu\/wp-json\/wp\/v2\/pages\/55178","targetHints":{"allow":["GET"]}}],"collection":[{"href":"https:\/\/redfoxlotto.com\/hu\/wp-json\/wp\/v2\/pages"}],"about":[{"href":"https:\/\/redfoxlotto.com\/hu\/wp-json\/wp\/v2\/types\/page"}],"author":[{"embeddable":true,"href":"https:\/\/redfoxlotto.com\/hu\/wp-json\/wp\/v2\/users\/1"}],"replies":[{"embeddable":true,"href":"https:\/\/redfoxlotto.com\/hu\/wp-json\/wp\/v2\/comments?post=55178"}],"version-history":[{"count":0,"href":"https:\/\/redfoxlotto.com\/hu\/wp-json\/wp\/v2\/pages\/55178\/revisions"}],"up":[{"embeddable":true,"href":"https:\/\/redfoxlotto.com\/hu\/wp-json\/wp\/v2\/pages\/55156"}],"wp:attachment":[{"href":"https:\/\/redfoxlotto.com\/hu\/wp-json\/wp\/v2\/media?parent=55178"}],"curies":[{"name":"wp","href":"https:\/\/api.w.org\/{rel}","templated":true}]}}