{"id":55176,"date":"2023-04-24T18:19:55","date_gmt":"2023-04-24T18:19:55","guid":{"rendered":"https:\/\/redfoxlotto.com\/?page_id=21468"},"modified":"2023-03-13T17:37:23","modified_gmt":"2023-03-13T17:37:23","slug":"powerball-au","status":"publish","type":"page","link":"https:\/\/redfoxlotto.com\/hu\/jatek\/powerball-au\/","title":{"rendered":"Powerball Down Underb\u0151l &#8211; hogyan kell j\u00e1tszani"},"content":{"rendered":"<p>Minden h\u00e9ten cs\u00fct\u00f6rt\u00f6k este a Powerball Australia izgatja a nemzetet. K\u00e9t sz\u00e1msorozatot gur\u00edt ki, amelyeket n\u00e9h\u00e1ny hord\u00f3 tartalmaz. Az els\u0151 hord\u00f3ban 35 k\u00fcl\u00f6nb\u00f6z\u0151 sz\u00e1m van 1-t\u0151l 35-ig. A m\u00e1sodik hord\u00f3ban pedig az 1 \u00e9s 20 k\u00f6z\u00f6tti sz\u00e1mokat adj\u00e1k ki.<\/p><p>Az els\u0151 hord\u00f3 h\u00e9t sz\u00e1mot v\u00e1laszt ki, de a m\u00e1sodik hord\u00f3 csak egyetlen sz\u00e1mot. Ez az egy sz\u00e1m (1 \u00e9s 20 k\u00f6z\u00f6tt) a Powerball. A f\u0151nyerem\u00e9nyt az a j\u00e1t\u00e9kos kapja, aki mind a h\u00e9t sz\u00e1mot helyesen v\u00e1lasztja ki, \u00e9s megvan a Powerball.<\/p><h2 class=\"wp-block-heading\">Hogyan kezdjek hozz\u00e1?<\/h2><p>Az ausztr\u00e1lok \u00e1ltal\u00e1ban \u00fagy j\u00e1tszanak, hogy 2,20 ausztr\u00e1l doll\u00e1rt k\u00f6ltenek b\u00e1rmelyik lott\u00f3\u00e1rusn\u00e1l. De a RedFoxLott\u00f3n\u00e1l val\u00f3 regisztr\u00e1ci\u00f3 \u00e9s az online j\u00e1t\u00e9k egyszer\u0171, gyors \u00e9s k\u00f6nny\u0171. R\u00e1ad\u00e1sul ezt a vil\u00e1g b\u00e1rmely pontj\u00e1r\u00f3l megteheti.<\/p><p>Csak ne feledje, hogy a sorsol\u00e1sra ausztr\u00e1l keleti id\u0151 szerint 20 \u00f3ra 30 perckor ker\u00fcl sor. Ha a RedFoxLott\u00f3n kereszt\u00fcl a vil\u00e1g b\u00e1rmely pontj\u00e1r\u00f3l szeretne j\u00e1tszani az ausztr\u00e1l Powerball lott\u00f3n, csak v\u00e1lassza ki a sz\u00e1mokat itt.<br>Egy Sydneyben \u00e9l\u0151 nyertes nemr\u00e9giben 107 milli\u00f3 ausztr\u00e1l doll\u00e1rt nyert a Powerball j\u00e1t\u00e9kon. De a nyertesek sokf\u00e9le kombin\u00e1ci\u00f3b\u00f3l j\u00f6hetnek. Ha mind a h\u00e9t sz\u00e1mot eltal\u00e1lta az els\u0151 hord\u00f3b\u00f3l &#8211; de nem a Powerballt -, akkor is nagy r\u00e9szt kaparinthat meg a nyerem\u00e9nyb\u0151l. Ez a sz\u00e1m v\u00e1ltoz\u00f3, de k\u00f6nnyen lehet hat sz\u00e1mjegy\u0171.<\/p><h2 class=\"wp-block-heading\">J\u00e1tsszon az online Powerball Ausztr\u00e1lia lott\u00f3n<\/h2><p>Ellent\u00e9tben sok olyan lott\u00f3j\u00e1t\u00e9kkal, ahol az 1 \u00e9s 49 vagy az 1 \u00e9s 59 k\u00f6z\u00f6tti sz\u00e1msort v\u00e1lasztj\u00e1k ki, a Powerball Australia j\u00f3val kisebb sz\u00e1msort tartalmaz. Mind\u00f6ssze 35 sz\u00e1m van, amelyek k\u00f6z\u00fcl kiv\u00e1laszthatja a nyerteseket. Ez nagym\u00e9rt\u00e9kben n\u00f6veli a nyer\u00e9si es\u00e9lyeket.<\/p><p>Hat sz\u00e1mot eltal\u00e1lni, \u00e9s nem a Powerballt, k\u00f6r\u00fclbel\u00fcl 1:36 000-hez az es\u00e9lye. A nyerem\u00e9ny m\u00e9rt\u00e9ke ism\u00e9t v\u00e1ltoz\u00f3, de gyakran meghaladja az 500 AU$-t. J\u00e1t\u00e9kosok ezrei v\u00e1rj\u00e1k a cs\u00fct\u00f6rt\u00f6k est\u00e9t, \u00e9s v\u00e1rj\u00e1k a Powerball Australia lott\u00f3t.<\/p><h2 class=\"wp-block-heading\">Hogyan finansz\u00edrozhatom az online sz\u00e1ml\u00e1mat?<\/h2><p>T\u00f6bbf\u00e9le m\u00f3dszer is l\u00e9tezik arra, hogy p\u00e9nzt tegyen a RedFoxLott\u00f3n\u00e1l vezetett sz\u00e1ml\u00e1j\u00e1ra, \u00e9s online j\u00e1tsszon az ausztr\u00e1l Powerballon. Egy egyszer\u0171 ellen\u0151rz\u00e9s ut\u00e1n, hogy elm\u00falt\u00e1l 18 \u00e9ves, \u00e9s n\u00e9h\u00e1ny szem\u00e9lyes adat megad\u00e1sa ut\u00e1n a sz\u00e1ml\u00e1dra t\u00f6bbf\u00e9le m\u00f3don is lehet p\u00e9nzt felt\u00f6lteni.<\/p><p>A RedFoxLotto elfogadja a MasterCard, Visa, PayPal, NETELLER, Skrill (kor\u00e1bban Money Bookers) \u00e9s m\u00e9g a Bitcoint is.<\/p>","protected":false},"excerpt":{"rendered":"<p>Minden h\u00e9ten cs\u00fct\u00f6rt\u00f6k este a Powerball Australia izgatja a nemzetet. K\u00e9t sz\u00e1msorozatot gur\u00edt ki, amelyeket n\u00e9h\u00e1ny hord\u00f3 tartalmaz. Az els\u0151 hord\u00f3ban 35 k\u00fcl\u00f6nb\u00f6z\u0151 sz\u00e1m van 1-t\u0151l 35-ig. A m\u00e1sodik hord\u00f3ban pedig az 1 \u00e9s 20 k\u00f6z\u00f6tti sz\u00e1mokat adj\u00e1k ki. Az els\u0151 hord\u00f3 h\u00e9t sz\u00e1mot v\u00e1laszt ki, de a m\u00e1sodik hord\u00f3 csak egyetlen sz\u00e1mot. Ez az [&hellip;]<\/p>\n","protected":false},"author":1,"featured_media":0,"parent":55156,"menu_order":17,"comment_status":"closed","ping_status":"closed","template":"powerball-au.php","meta":{"_et_pb_use_builder":"","_et_pb_old_content":"","_et_gb_content_width":"","exclude_from_search":false,"footnotes":""},"class_list":["post-55176","page","type-page","status-publish","hentry"],"yoast_head":"<!-- This site is optimized with the Yoast SEO plugin v27.3 - https:\/\/yoast.com\/product\/yoast-seo-wordpress\/ -->\n<title>J\u00e1tssz Powerball Ausztr\u00e1lia Lott\u00f3 Online<\/title>\n<meta name=\"description\" content=\"Ausztr\u00e1lia kedvenc lott\u00f3ja most online el\u00e9rhet\u0151 vil\u00e1gszerte\" \/>\n<meta name=\"robots\" content=\"index, follow, max-snippet:-1, max-image-preview:large, max-video-preview:-1\" \/>\n<link rel=\"canonical\" href=\"https:\/\/redfoxlotto.com\/hu\/jatek\/powerball-au\/\" \/>\n<meta property=\"og:locale\" content=\"hu_HU\" \/>\n<meta property=\"og:type\" content=\"article\" \/>\n<meta property=\"og:title\" content=\"J\u00e1tssz Powerball Ausztr\u00e1lia Lott\u00f3 Online\" \/>\n<meta property=\"og:description\" content=\"Ausztr\u00e1lia kedvenc lott\u00f3ja most online el\u00e9rhet\u0151 vil\u00e1gszerte\" \/>\n<meta property=\"og:url\" content=\"https:\/\/redfoxlotto.com\/hu\/jatek\/powerball-au\/\" \/>\n<meta property=\"og:site_name\" content=\"Get Tickets for the World\u2019s largest jackpots\" \/>\n<meta name=\"twitter:card\" content=\"summary_large_image\" \/>\n<meta name=\"twitter:label1\" content=\"Becs\u00fclt olvas\u00e1si id\u0151\" \/>\n\t<meta name=\"twitter:data1\" content=\"2 perc\" \/>\n<script type=\"application\/ld+json\" class=\"yoast-schema-graph\">{\"@context\":\"https:\\\/\\\/schema.org\",\"@graph\":[{\"@type\":\"WebPage\",\"@id\":\"https:\\\/\\\/redfoxlotto.com\\\/hu\\\/jatek\\\/powerball-au\\\/\",\"url\":\"https:\\\/\\\/redfoxlotto.com\\\/hu\\\/jatek\\\/powerball-au\\\/\",\"name\":\"J\u00e1tssz Powerball Ausztr\u00e1lia Lott\u00f3 Online\",\"isPartOf\":{\"@id\":\"https:\\\/\\\/redfoxlotto.com\\\/hu\\\/#website\"},\"datePublished\":\"2023-04-24T18:19:55+00:00\",\"description\":\"Ausztr\u00e1lia kedvenc lott\u00f3ja most online el\u00e9rhet\u0151 vil\u00e1gszerte\",\"breadcrumb\":{\"@id\":\"https:\\\/\\\/redfoxlotto.com\\\/hu\\\/jatek\\\/powerball-au\\\/#breadcrumb\"},\"inLanguage\":\"hu\",\"potentialAction\":[{\"@type\":\"ReadAction\",\"target\":[\"https:\\\/\\\/redfoxlotto.com\\\/hu\\\/jatek\\\/powerball-au\\\/\"]}]},{\"@type\":\"BreadcrumbList\",\"@id\":\"https:\\\/\\\/redfoxlotto.com\\\/hu\\\/jatek\\\/powerball-au\\\/#breadcrumb\",\"itemListElement\":[{\"@type\":\"ListItem\",\"position\":1,\"name\":\"Home\",\"item\":\"https:\\\/\\\/redfoxlotto.com\\\/hu\\\/\"},{\"@type\":\"ListItem\",\"position\":2,\"name\":\"Hogyan j\u00e1tszhat m\u00e1s orsz\u00e1gok lott\u00f3j\u00e1t\u00e9kain\",\"item\":\"https:\\\/\\\/redfoxlotto.com\\\/hu\\\/jatek\\\/\"},{\"@type\":\"ListItem\",\"position\":3,\"name\":\"Powerball Down Underb\u0151l &#8211; hogyan kell j\u00e1tszani\"}]},{\"@type\":\"WebSite\",\"@id\":\"https:\\\/\\\/redfoxlotto.com\\\/hu\\\/#website\",\"url\":\"https:\\\/\\\/redfoxlotto.com\\\/hu\\\/\",\"name\":\"Get Tickets for the World\u2019s largest jackpots\",\"description\":\"Participate in worldwide lottery jackpots from any country\",\"publisher\":{\"@id\":\"https:\\\/\\\/redfoxlotto.com\\\/hu\\\/#organization\"},\"potentialAction\":[{\"@type\":\"SearchAction\",\"target\":{\"@type\":\"EntryPoint\",\"urlTemplate\":\"https:\\\/\\\/redfoxlotto.com\\\/hu\\\/?s={search_term_string}\"},\"query-input\":{\"@type\":\"PropertyValueSpecification\",\"valueRequired\":true,\"valueName\":\"search_term_string\"}}],\"inLanguage\":\"hu\"},{\"@type\":\"Organization\",\"@id\":\"https:\\\/\\\/redfoxlotto.com\\\/hu\\\/#organization\",\"name\":\"Get Tickets for the World\u2019s largest jackpots\",\"url\":\"https:\\\/\\\/redfoxlotto.com\\\/hu\\\/\",\"logo\":{\"@type\":\"ImageObject\",\"inLanguage\":\"hu\",\"@id\":\"https:\\\/\\\/redfoxlotto.com\\\/hu\\\/#\\\/schema\\\/logo\\\/image\\\/\",\"url\":\"https:\\\/\\\/redfoxlotto.com\\\/wp-content\\\/uploads\\\/2023\\\/04\\\/logo.png\",\"contentUrl\":\"https:\\\/\\\/redfoxlotto.com\\\/wp-content\\\/uploads\\\/2023\\\/04\\\/logo.png\",\"width\":269,\"height\":53,\"caption\":\"Get Tickets for the World\u2019s largest jackpots\"},\"image\":{\"@id\":\"https:\\\/\\\/redfoxlotto.com\\\/hu\\\/#\\\/schema\\\/logo\\\/image\\\/\"}}]}<\/script>\n<!-- \/ Yoast SEO plugin. -->","yoast_head_json":{"title":"J\u00e1tssz Powerball Ausztr\u00e1lia Lott\u00f3 Online","description":"Ausztr\u00e1lia kedvenc lott\u00f3ja most online el\u00e9rhet\u0151 vil\u00e1gszerte","robots":{"index":"index","follow":"follow","max-snippet":"max-snippet:-1","max-image-preview":"max-image-preview:large","max-video-preview":"max-video-preview:-1"},"canonical":"https:\/\/redfoxlotto.com\/hu\/jatek\/powerball-au\/","og_locale":"hu_HU","og_type":"article","og_title":"J\u00e1tssz Powerball Ausztr\u00e1lia Lott\u00f3 Online","og_description":"Ausztr\u00e1lia kedvenc lott\u00f3ja most online el\u00e9rhet\u0151 vil\u00e1gszerte","og_url":"https:\/\/redfoxlotto.com\/hu\/jatek\/powerball-au\/","og_site_name":"Get Tickets for the World\u2019s largest jackpots","twitter_card":"summary_large_image","twitter_misc":{"Becs\u00fclt olvas\u00e1si id\u0151":"2 perc"},"schema":{"@context":"https:\/\/schema.org","@graph":[{"@type":"WebPage","@id":"https:\/\/redfoxlotto.com\/hu\/jatek\/powerball-au\/","url":"https:\/\/redfoxlotto.com\/hu\/jatek\/powerball-au\/","name":"J\u00e1tssz Powerball Ausztr\u00e1lia Lott\u00f3 Online","isPartOf":{"@id":"https:\/\/redfoxlotto.com\/hu\/#website"},"datePublished":"2023-04-24T18:19:55+00:00","description":"Ausztr\u00e1lia kedvenc lott\u00f3ja most online el\u00e9rhet\u0151 vil\u00e1gszerte","breadcrumb":{"@id":"https:\/\/redfoxlotto.com\/hu\/jatek\/powerball-au\/#breadcrumb"},"inLanguage":"hu","potentialAction":[{"@type":"ReadAction","target":["https:\/\/redfoxlotto.com\/hu\/jatek\/powerball-au\/"]}]},{"@type":"BreadcrumbList","@id":"https:\/\/redfoxlotto.com\/hu\/jatek\/powerball-au\/#breadcrumb","itemListElement":[{"@type":"ListItem","position":1,"name":"Home","item":"https:\/\/redfoxlotto.com\/hu\/"},{"@type":"ListItem","position":2,"name":"Hogyan j\u00e1tszhat m\u00e1s orsz\u00e1gok lott\u00f3j\u00e1t\u00e9kain","item":"https:\/\/redfoxlotto.com\/hu\/jatek\/"},{"@type":"ListItem","position":3,"name":"Powerball Down Underb\u0151l &#8211; hogyan kell j\u00e1tszani"}]},{"@type":"WebSite","@id":"https:\/\/redfoxlotto.com\/hu\/#website","url":"https:\/\/redfoxlotto.com\/hu\/","name":"Get Tickets for the World\u2019s largest jackpots","description":"Participate in worldwide lottery jackpots from any country","publisher":{"@id":"https:\/\/redfoxlotto.com\/hu\/#organization"},"potentialAction":[{"@type":"SearchAction","target":{"@type":"EntryPoint","urlTemplate":"https:\/\/redfoxlotto.com\/hu\/?s={search_term_string}"},"query-input":{"@type":"PropertyValueSpecification","valueRequired":true,"valueName":"search_term_string"}}],"inLanguage":"hu"},{"@type":"Organization","@id":"https:\/\/redfoxlotto.com\/hu\/#organization","name":"Get Tickets for the World\u2019s largest jackpots","url":"https:\/\/redfoxlotto.com\/hu\/","logo":{"@type":"ImageObject","inLanguage":"hu","@id":"https:\/\/redfoxlotto.com\/hu\/#\/schema\/logo\/image\/","url":"https:\/\/redfoxlotto.com\/wp-content\/uploads\/2023\/04\/logo.png","contentUrl":"https:\/\/redfoxlotto.com\/wp-content\/uploads\/2023\/04\/logo.png","width":269,"height":53,"caption":"Get Tickets for the World\u2019s largest jackpots"},"image":{"@id":"https:\/\/redfoxlotto.com\/hu\/#\/schema\/logo\/image\/"}}]}},"_links":{"self":[{"href":"https:\/\/redfoxlotto.com\/hu\/wp-json\/wp\/v2\/pages\/55176","targetHints":{"allow":["GET"]}}],"collection":[{"href":"https:\/\/redfoxlotto.com\/hu\/wp-json\/wp\/v2\/pages"}],"about":[{"href":"https:\/\/redfoxlotto.com\/hu\/wp-json\/wp\/v2\/types\/page"}],"author":[{"embeddable":true,"href":"https:\/\/redfoxlotto.com\/hu\/wp-json\/wp\/v2\/users\/1"}],"replies":[{"embeddable":true,"href":"https:\/\/redfoxlotto.com\/hu\/wp-json\/wp\/v2\/comments?post=55176"}],"version-history":[{"count":0,"href":"https:\/\/redfoxlotto.com\/hu\/wp-json\/wp\/v2\/pages\/55176\/revisions"}],"up":[{"embeddable":true,"href":"https:\/\/redfoxlotto.com\/hu\/wp-json\/wp\/v2\/pages\/55156"}],"wp:attachment":[{"href":"https:\/\/redfoxlotto.com\/hu\/wp-json\/wp\/v2\/media?parent=55176"}],"curies":[{"name":"wp","href":"https:\/\/api.w.org\/{rel}","templated":true}]}}