{"id":55172,"date":"2023-04-24T18:11:14","date_gmt":"2023-04-24T18:11:14","guid":{"rendered":"https:\/\/redfoxlotto.com\/?page_id=21456"},"modified":"2023-03-13T17:37:23","modified_gmt":"2023-03-13T17:37:23","slug":"mega-sena","status":"publish","type":"page","link":"https:\/\/redfoxlotto.com\/hu\/jatek\/mega-sena\/","title":{"rendered":"Vegyen r\u00e9szt a Mega Sena Braz\u00edli\u00e1ban"},"content":{"rendered":"<h2 class=\"wp-block-heading\">Mega Sena Brazil online j\u00e1t\u00e9k<\/h2><p>Ha m\u00e1r megn\u00e9zted az online lott\u00f3j\u00e1t\u00e9kokat, akkor tal\u00e1n m\u00e1r tal\u00e1lkozt\u00e1l a Mega Sena j\u00e1t\u00e9kkal. Ez a j\u00e1t\u00e9k val\u00f3j\u00e1ban a legnagyobb lott\u00f3j\u00e1t\u00e9k, ami jelenleg Braz\u00edli\u00e1ban zajlik, \u00e9s ez azt jelenti, hogy ezt a j\u00e1t\u00e9kot felt\u00e9tlen\u00fcl ki kell pr\u00f3b\u00e1lnod.<\/p><p>A Caixa Economica Federal Bank \u00e1ltal m\u0171k\u00f6dtetett j\u00e1t\u00e9k m\u00e1r j\u00f3 ideje l\u00e9tezik, \u00e9s rengeteg lehet\u0151s\u00e9get k\u00edn\u00e1l, ha arr\u00f3l van sz\u00f3, hogy mi lehet az \u00faj kedvenc j\u00e1t\u00e9kod. Ha online szeretn\u00e9l j\u00e1tszani a Mega Sena Brazil j\u00e1t\u00e9kkal, csak ismerned kell a szab\u00e1lyokat.<\/p><p><img decoding=\"async\" class=\"size-full wp-image alignright\" src=\"https:\/\/content.redfoxlotto.com\/uploads\/sites\/9\/1_win_online.jpg\" alt=\"Mega Sena Braz\u00edlia\"><\/p><h2 class=\"wp-block-heading\">Hogyan kell j\u00e1tszani<\/h2><p>A Mega Sena Brazil j\u00e1t\u00e9k sor\u00e1n 6 sz\u00e1mot v\u00e1laszthatsz, \u00e9s nincsenek tov\u00e1bbi sz\u00e1mok. Ha saj\u00e1t sz\u00e1mokat szeretn\u00e9l v\u00e1lasztani, megteheted, vagy v\u00e1laszthatod az \u00fagynevezett &#8222;Quick Pick&#8221;-et. Ez\u00e1ltal v\u00e9letlenszer\u0171en kiv\u00e1lasztott sz\u00e1mokat kapsz.<\/p><h2 class=\"wp-block-heading\">N\u00e9zze meg az eredm\u00e9nyeket<\/h2><p>Miut\u00e1n megkaptad a sz\u00e1mokat a Mega Sena Brazil online j\u00e1t\u00e9khoz, itt az ideje, hogy megn\u00e9zd az eredm\u00e9nyeket. A RedFoxLotto.com oldalon ez nagyon egyszer\u0171 lesz, mert csak be kell jelentkeznie a fi\u00f3kj\u00e1ba, \u00e9s a sz\u00e1mok ott el\u00e9rhet\u0151ek lesznek az \u00d6n sz\u00e1m\u00e1ra. \u00c9s m\u00e9g a te sz\u00e1maiddal is \u00f6ssze lesznek hasonl\u00edtva, \u00edgy tudni fogod, hogy nyert\u00e9l-e.<\/p>","protected":false},"excerpt":{"rendered":"<p>Mega Sena Brazil online j\u00e1t\u00e9k Ha m\u00e1r megn\u00e9zted az online lott\u00f3j\u00e1t\u00e9kokat, akkor tal\u00e1n m\u00e1r tal\u00e1lkozt\u00e1l a Mega Sena j\u00e1t\u00e9kkal. Ez a j\u00e1t\u00e9k val\u00f3j\u00e1ban a legnagyobb lott\u00f3j\u00e1t\u00e9k, ami jelenleg Braz\u00edli\u00e1ban zajlik, \u00e9s ez azt jelenti, hogy ezt a j\u00e1t\u00e9kot felt\u00e9tlen\u00fcl ki kell pr\u00f3b\u00e1lnod. A Caixa Economica Federal Bank \u00e1ltal m\u0171k\u00f6dtetett j\u00e1t\u00e9k m\u00e1r j\u00f3 ideje l\u00e9tezik, \u00e9s [&hellip;]<\/p>\n","protected":false},"author":1,"featured_media":0,"parent":55156,"menu_order":13,"comment_status":"closed","ping_status":"closed","template":"megasena.php","meta":{"_et_pb_use_builder":"","_et_pb_old_content":"","_et_gb_content_width":"","exclude_from_search":false,"footnotes":""},"class_list":["post-55172","page","type-page","status-publish","hentry"],"yoast_head":"<!-- This site is optimized with the Yoast SEO plugin v23.8 - https:\/\/yoast.com\/wordpress\/plugins\/seo\/ -->\n<title>Mega Sena online j\u00e1t\u00e9k | Braz\u00edlia legjobb lott\u00f3j\u00e1t\u00e9ka most online<\/title>\n<meta name=\"description\" content=\"Nem kell Braz\u00edli\u00e1ban \u00e9lned ahhoz, hogy a Mega Sena - online j\u00e1t\u00e9kban vehess r\u00e9szt!\" \/>\n<meta name=\"robots\" content=\"index, follow, max-snippet:-1, max-image-preview:large, max-video-preview:-1\" \/>\n<link rel=\"canonical\" href=\"https:\/\/redfoxlotto.com\/hu\/jatek\/mega-sena\/\" \/>\n<meta property=\"og:locale\" content=\"hu_HU\" \/>\n<meta property=\"og:type\" content=\"article\" \/>\n<meta property=\"og:title\" content=\"Mega Sena online j\u00e1t\u00e9k | Braz\u00edlia legjobb lott\u00f3j\u00e1t\u00e9ka most online\" \/>\n<meta property=\"og:description\" content=\"Nem kell Braz\u00edli\u00e1ban \u00e9lned ahhoz, hogy a Mega Sena - online j\u00e1t\u00e9kban vehess r\u00e9szt!\" \/>\n<meta property=\"og:url\" content=\"https:\/\/redfoxlotto.com\/hu\/jatek\/mega-sena\/\" \/>\n<meta property=\"og:site_name\" content=\"Get Tickets for the World\u2019s largest jackpots\" \/>\n<meta property=\"article:modified_time\" content=\"2023-03-13T17:37:23+00:00\" \/>\n<meta property=\"og:image\" content=\"https:\/\/content.redfoxlotto.com\/uploads\/sites\/9\/1_win_online.jpg\" \/>\n<meta name=\"twitter:card\" content=\"summary_large_image\" \/>\n<meta name=\"twitter:label1\" content=\"Becs\u00fclt olvas\u00e1si id\u0151\" \/>\n\t<meta name=\"twitter:data1\" content=\"2 perc\" \/>\n<script type=\"application\/ld+json\" class=\"yoast-schema-graph\">{\"@context\":\"https:\/\/schema.org\",\"@graph\":[{\"@type\":\"WebPage\",\"@id\":\"https:\/\/redfoxlotto.com\/hu\/jatek\/mega-sena\/\",\"url\":\"https:\/\/redfoxlotto.com\/hu\/jatek\/mega-sena\/\",\"name\":\"Mega Sena online j\u00e1t\u00e9k | Braz\u00edlia legjobb lott\u00f3j\u00e1t\u00e9ka most online\",\"isPartOf\":{\"@id\":\"https:\/\/redfoxlotto.com\/hu\/#website\"},\"primaryImageOfPage\":{\"@id\":\"https:\/\/redfoxlotto.com\/hu\/jatek\/mega-sena\/#primaryimage\"},\"image\":{\"@id\":\"https:\/\/redfoxlotto.com\/hu\/jatek\/mega-sena\/#primaryimage\"},\"thumbnailUrl\":\"https:\/\/content.redfoxlotto.com\/uploads\/sites\/9\/1_win_online.jpg\",\"datePublished\":\"2023-04-24T18:11:14+00:00\",\"dateModified\":\"2023-03-13T17:37:23+00:00\",\"description\":\"Nem kell Braz\u00edli\u00e1ban \u00e9lned ahhoz, hogy a Mega Sena - online j\u00e1t\u00e9kban vehess r\u00e9szt!\",\"breadcrumb\":{\"@id\":\"https:\/\/redfoxlotto.com\/hu\/jatek\/mega-sena\/#breadcrumb\"},\"inLanguage\":\"hu\",\"potentialAction\":[{\"@type\":\"ReadAction\",\"target\":[\"https:\/\/redfoxlotto.com\/hu\/jatek\/mega-sena\/\"]}]},{\"@type\":\"ImageObject\",\"inLanguage\":\"hu\",\"@id\":\"https:\/\/redfoxlotto.com\/hu\/jatek\/mega-sena\/#primaryimage\",\"url\":\"https:\/\/content.redfoxlotto.com\/uploads\/sites\/9\/1_win_online.jpg\",\"contentUrl\":\"https:\/\/content.redfoxlotto.com\/uploads\/sites\/9\/1_win_online.jpg\"},{\"@type\":\"BreadcrumbList\",\"@id\":\"https:\/\/redfoxlotto.com\/hu\/jatek\/mega-sena\/#breadcrumb\",\"itemListElement\":[{\"@type\":\"ListItem\",\"position\":1,\"name\":\"Home\",\"item\":\"https:\/\/redfoxlotto.com\/hu\/\"},{\"@type\":\"ListItem\",\"position\":2,\"name\":\"Hogyan j\u00e1tszhat m\u00e1s orsz\u00e1gok lott\u00f3j\u00e1t\u00e9kain\",\"item\":\"https:\/\/redfoxlotto.com\/hu\/jatek\/\"},{\"@type\":\"ListItem\",\"position\":3,\"name\":\"Vegyen r\u00e9szt a Mega Sena Braz\u00edli\u00e1ban\"}]},{\"@type\":\"WebSite\",\"@id\":\"https:\/\/redfoxlotto.com\/hu\/#website\",\"url\":\"https:\/\/redfoxlotto.com\/hu\/\",\"name\":\"Get Tickets for the World\u2019s largest jackpots\",\"description\":\"Participate in worldwide lottery jackpots from any country\",\"publisher\":{\"@id\":\"https:\/\/redfoxlotto.com\/hu\/#organization\"},\"potentialAction\":[{\"@type\":\"SearchAction\",\"target\":{\"@type\":\"EntryPoint\",\"urlTemplate\":\"https:\/\/redfoxlotto.com\/hu\/?s={search_term_string}\"},\"query-input\":{\"@type\":\"PropertyValueSpecification\",\"valueRequired\":true,\"valueName\":\"search_term_string\"}}],\"inLanguage\":\"hu\"},{\"@type\":\"Organization\",\"@id\":\"https:\/\/redfoxlotto.com\/hu\/#organization\",\"name\":\"Get Tickets for the World\u2019s largest jackpots\",\"url\":\"https:\/\/redfoxlotto.com\/hu\/\",\"logo\":{\"@type\":\"ImageObject\",\"inLanguage\":\"hu\",\"@id\":\"https:\/\/redfoxlotto.com\/hu\/#\/schema\/logo\/image\/\",\"url\":\"https:\/\/redfoxlotto.com\/wp-content\/uploads\/2023\/04\/logo.png\",\"contentUrl\":\"https:\/\/redfoxlotto.com\/wp-content\/uploads\/2023\/04\/logo.png\",\"width\":269,\"height\":53,\"caption\":\"Get Tickets for the World\u2019s largest jackpots\"},\"image\":{\"@id\":\"https:\/\/redfoxlotto.com\/hu\/#\/schema\/logo\/image\/\"}}]}<\/script>\n<!-- \/ Yoast SEO plugin. -->","yoast_head_json":{"title":"Mega Sena online j\u00e1t\u00e9k | Braz\u00edlia legjobb lott\u00f3j\u00e1t\u00e9ka most online","description":"Nem kell Braz\u00edli\u00e1ban \u00e9lned ahhoz, hogy a Mega Sena - online j\u00e1t\u00e9kban vehess r\u00e9szt!","robots":{"index":"index","follow":"follow","max-snippet":"max-snippet:-1","max-image-preview":"max-image-preview:large","max-video-preview":"max-video-preview:-1"},"canonical":"https:\/\/redfoxlotto.com\/hu\/jatek\/mega-sena\/","og_locale":"hu_HU","og_type":"article","og_title":"Mega Sena online j\u00e1t\u00e9k | Braz\u00edlia legjobb lott\u00f3j\u00e1t\u00e9ka most online","og_description":"Nem kell Braz\u00edli\u00e1ban \u00e9lned ahhoz, hogy a Mega Sena - online j\u00e1t\u00e9kban vehess r\u00e9szt!","og_url":"https:\/\/redfoxlotto.com\/hu\/jatek\/mega-sena\/","og_site_name":"Get Tickets for the World\u2019s largest jackpots","article_modified_time":"2023-03-13T17:37:23+00:00","og_image":[{"url":"https:\/\/content.redfoxlotto.com\/uploads\/sites\/9\/1_win_online.jpg"}],"twitter_card":"summary_large_image","twitter_misc":{"Becs\u00fclt olvas\u00e1si id\u0151":"2 perc"},"schema":{"@context":"https:\/\/schema.org","@graph":[{"@type":"WebPage","@id":"https:\/\/redfoxlotto.com\/hu\/jatek\/mega-sena\/","url":"https:\/\/redfoxlotto.com\/hu\/jatek\/mega-sena\/","name":"Mega Sena online j\u00e1t\u00e9k | Braz\u00edlia legjobb lott\u00f3j\u00e1t\u00e9ka most online","isPartOf":{"@id":"https:\/\/redfoxlotto.com\/hu\/#website"},"primaryImageOfPage":{"@id":"https:\/\/redfoxlotto.com\/hu\/jatek\/mega-sena\/#primaryimage"},"image":{"@id":"https:\/\/redfoxlotto.com\/hu\/jatek\/mega-sena\/#primaryimage"},"thumbnailUrl":"https:\/\/content.redfoxlotto.com\/uploads\/sites\/9\/1_win_online.jpg","datePublished":"2023-04-24T18:11:14+00:00","dateModified":"2023-03-13T17:37:23+00:00","description":"Nem kell Braz\u00edli\u00e1ban \u00e9lned ahhoz, hogy a Mega Sena - online j\u00e1t\u00e9kban vehess r\u00e9szt!","breadcrumb":{"@id":"https:\/\/redfoxlotto.com\/hu\/jatek\/mega-sena\/#breadcrumb"},"inLanguage":"hu","potentialAction":[{"@type":"ReadAction","target":["https:\/\/redfoxlotto.com\/hu\/jatek\/mega-sena\/"]}]},{"@type":"ImageObject","inLanguage":"hu","@id":"https:\/\/redfoxlotto.com\/hu\/jatek\/mega-sena\/#primaryimage","url":"https:\/\/content.redfoxlotto.com\/uploads\/sites\/9\/1_win_online.jpg","contentUrl":"https:\/\/content.redfoxlotto.com\/uploads\/sites\/9\/1_win_online.jpg"},{"@type":"BreadcrumbList","@id":"https:\/\/redfoxlotto.com\/hu\/jatek\/mega-sena\/#breadcrumb","itemListElement":[{"@type":"ListItem","position":1,"name":"Home","item":"https:\/\/redfoxlotto.com\/hu\/"},{"@type":"ListItem","position":2,"name":"Hogyan j\u00e1tszhat m\u00e1s orsz\u00e1gok lott\u00f3j\u00e1t\u00e9kain","item":"https:\/\/redfoxlotto.com\/hu\/jatek\/"},{"@type":"ListItem","position":3,"name":"Vegyen r\u00e9szt a Mega Sena Braz\u00edli\u00e1ban"}]},{"@type":"WebSite","@id":"https:\/\/redfoxlotto.com\/hu\/#website","url":"https:\/\/redfoxlotto.com\/hu\/","name":"Get Tickets for the World\u2019s largest jackpots","description":"Participate in worldwide lottery jackpots from any country","publisher":{"@id":"https:\/\/redfoxlotto.com\/hu\/#organization"},"potentialAction":[{"@type":"SearchAction","target":{"@type":"EntryPoint","urlTemplate":"https:\/\/redfoxlotto.com\/hu\/?s={search_term_string}"},"query-input":{"@type":"PropertyValueSpecification","valueRequired":true,"valueName":"search_term_string"}}],"inLanguage":"hu"},{"@type":"Organization","@id":"https:\/\/redfoxlotto.com\/hu\/#organization","name":"Get Tickets for the World\u2019s largest jackpots","url":"https:\/\/redfoxlotto.com\/hu\/","logo":{"@type":"ImageObject","inLanguage":"hu","@id":"https:\/\/redfoxlotto.com\/hu\/#\/schema\/logo\/image\/","url":"https:\/\/redfoxlotto.com\/wp-content\/uploads\/2023\/04\/logo.png","contentUrl":"https:\/\/redfoxlotto.com\/wp-content\/uploads\/2023\/04\/logo.png","width":269,"height":53,"caption":"Get Tickets for the World\u2019s largest jackpots"},"image":{"@id":"https:\/\/redfoxlotto.com\/hu\/#\/schema\/logo\/image\/"}}]}},"_links":{"self":[{"href":"https:\/\/redfoxlotto.com\/hu\/wp-json\/wp\/v2\/pages\/55172","targetHints":{"allow":["GET"]}}],"collection":[{"href":"https:\/\/redfoxlotto.com\/hu\/wp-json\/wp\/v2\/pages"}],"about":[{"href":"https:\/\/redfoxlotto.com\/hu\/wp-json\/wp\/v2\/types\/page"}],"author":[{"embeddable":true,"href":"https:\/\/redfoxlotto.com\/hu\/wp-json\/wp\/v2\/users\/1"}],"replies":[{"embeddable":true,"href":"https:\/\/redfoxlotto.com\/hu\/wp-json\/wp\/v2\/comments?post=55172"}],"version-history":[{"count":0,"href":"https:\/\/redfoxlotto.com\/hu\/wp-json\/wp\/v2\/pages\/55172\/revisions"}],"up":[{"embeddable":true,"href":"https:\/\/redfoxlotto.com\/hu\/wp-json\/wp\/v2\/pages\/55156"}],"wp:attachment":[{"href":"https:\/\/redfoxlotto.com\/hu\/wp-json\/wp\/v2\/media?parent=55172"}],"curies":[{"name":"wp","href":"https:\/\/api.w.org\/{rel}","templated":true}]}}