{"id":55171,"date":"2023-04-24T17:37:44","date_gmt":"2023-04-24T17:37:44","guid":{"rendered":"https:\/\/redfoxlotto.com\/?page_id=21454"},"modified":"2025-12-17T09:04:13","modified_gmt":"2025-12-17T09:04:13","slug":"mega-millions","status":"publish","type":"page","link":"https:\/\/redfoxlotto.com\/hu\/jatek\/mega-millions\/","title":{"rendered":"Mega Millions j\u00e1t\u00e9k az Egyes\u00fclt Kir\u00e1lys\u00e1gb\u00f3l"},"content":{"rendered":"<script type=\"application\/ld+json\">\r\n{\r\n  \"@context\": \"https:\/\/schema.org\",\r\n  \"@type\": \"Service\",\r\n  \"name\": \"Mega Millions online j\u00e1t\u00e9k\",\r\n  \"url\": \"https:\/\/redfoxlotto.com\/hu\/jatek\/mega-millions\/\",\r\n  \"description\": \"J\u00e1tssza a Mega Millions lott\u00f3t online b\u00e1rmely orsz\u00e1gb\u00f3l. L\u00e1togasson el a RedFoxLotto oldal\u00e1ra, v\u00e1lassza ki sz\u00e1mait \u00e9s szerezze be szelv\u00e9nyeit.\",\r\n  \"serviceType\": \"Online lott\u00f3szelv\u00e9ny k\u00f6zvet\u00edt\u0151 szolg\u00e1ltat\u00e1s\",\r\n\r\n  \"provider\": {\r\n    \"@type\": \"Organization\",\r\n    \"name\": \"RedFoxLotto\",\r\n    \"url\": \"https:\/\/redfoxlotto.com\/hu\/jatek\/mega-millions\/\",\r\n    \"image\": \"https:\/\/redfoxlotto.com\/wp-content\/uploads\/2025\/12\/ticket_scans.jpg\"\r\n  },\r\n\r\n  \"areaServed\": \"Worldwide\",\r\n  \"termsOfService\": \"https:\/\/redfoxlotto.com\/terms-and-conditions\",\r\n\r\n  \"additionalProperty\": {\r\n    \"@type\": \"PropertyValue\",\r\n    \"name\": \"FAQ\",\r\n    \"value\": \"https:\/\/redfoxlotto.com\/hu\/faq\/\"\r\n  },\r\n\r\n  \"hasOfferCatalog\": {\r\n    \"@type\": \"OfferCatalog\",\r\n    \"name\": \"Mega Millions lott\u00f3szelv\u00e9nyek\",\r\n    \"itemListElement\": [{\r\n      \"@type\": \"Offer\",\r\n      \"name\": \"Mega Millions szelv\u00e9nyek\",\r\n      \"url\": \"https:\/\/redfoxlotto.com\/hu\/jatek\/mega-millions\/\",\r\n      \"description\": \"V\u00e1lassza ki sz\u00e1mait a k\u00f6vetkez\u0151 Mega Millions sorsol\u00e1sra, \u00e9s rendeljen szelv\u00e9nyeket online.\",\r\n      \"price\": \"13.00\",\r\n      \"priceCurrency\": \"EUR\",\r\n      \"availability\": \"https:\/\/schema.org\/InStock\"\r\n    }]\r\n  },\r\n\r\n  \"mainEntityOfPage\": {\r\n    \"@type\": \"WebPage\",\r\n    \"@id\": \"https:\/\/redfoxlotto.com\/hu\/jatek\/mega-millions\/\"\r\n  }\r\n}\r\n<\/script><h2 class=\"wp-block-heading\">Hogyan j\u00e1tsszon Mega Millions<\/h2><p>Nem kell az Egyes\u00fclt \u00c1llamokba utaznia ahhoz, hogy az amerikai Mega Millions lott\u00f3n j\u00e1tszhasson! M\u00e1r kor\u00e1bban is szeretett volna j\u00e1tszani ezen a rendk\u00edv\u00fcl n\u00e9pszer\u0171 j\u00e1t\u00e9kon, de nem tudta, hogyan teheti meg saj\u00e1t maga? Lehet, hogy l\u00e1tta a j\u00e1t\u00e9kban megjelen\u0151 sz\u00e1mokat, \u00e9s l\u00e1tta a hatalmas jackpotokat, amelyek el\u00e9rhet\u0151ek, \u00e9s nagyon \u00e9rdekelte a j\u00e1t\u00e9k, de azt hitte, hogy csak azok j\u00e1tszhatnak, akik az Egyes\u00fclt \u00c1llamokb\u00f3l j\u00e1tszanak.<\/p><h2 class=\"wp-block-heading\">Val\u00f3j\u00e1ban ez egy\u00e1ltal\u00e1n nem \u00edgy van. Az Egyes\u00fclt Kir\u00e1lys\u00e1gb\u00f3l is j\u00e1tszhatsz a Mega Millionson.<\/h2><p>Ez \u00fagy m\u0171k\u00f6dik, hogy a Mega Millions szelv\u00e9nyeket a szolg\u00e1ltat\u00e1sunkon kereszt\u00fcl biztos\u00edtjuk \u00d6nnek, \u00edgy \u00d6n online Mega Millions UK j\u00e1t\u00e9kban j\u00e1tszhat. Megrendelheti \u0151ket a weboldalunkon. Mind\u00f6ssze annyit kell tennie, hogy kiv\u00e1lasztja a k\u00edv\u00e1nt sz\u00e1mokat \u00e9s azt, hogy h\u00e1ny szelv\u00e9nyt szeretne.<\/p><p>Onnan az egyik \u00fcgyn\u00f6k\u00fcnk az Egyes\u00fclt \u00c1llamokban megv\u00e1s\u00e1rolja a szelv\u00e9nyeket (az \u00d6n \u00e1ltal kiv\u00e1lasztott sz\u00e1mokkal). Ezut\u00e1n kap t\u0151l\u00fcnk egy e-mailt, amelyben meger\u0151s\u00edtj\u00fck a v\u00e1s\u00e1rl\u00e1st. A nyerem\u00e9nye kifizet\u00e9s\u00e9t is mi int\u00e9zz\u00fck. T\u00e9nyleg ilyen egyszer\u0171 az \u00d6n sz\u00e1m\u00e1ra a szelv\u00e9nyszerz\u00e9s. K\u00e9rj\u00fck, tekintse meg a GYIK r\u00e9sz\u00fcnket a szolg\u00e1ltat\u00e1sunkkal kapcsolatos tov\u00e1bbi r\u00e9szletek\u00e9rt.<\/p><h2 class=\"wp-block-heading\">A Mega Million lott\u00f3 szab\u00e1lyai<\/h2><p><img loading=\"lazy\" decoding=\"async\" class=\"alignright size-full wp-image-4455\" src=\"https:\/\/content.redfoxlotto.com\/uploads\/sites\/9\/2_ticket_mega_millions.jpg\" alt=\"j\u00e1t\u00e9k az Egyes\u00fclt Kir\u00e1lys\u00e1gb\u00f3l\" width=\"212\" height=\"142\"><\/p><p>Ha a Mega Millions szelv\u00e9nyen szeretne j\u00e1tszani, akkor tudnia kell, hogy val\u00f3j\u00e1ban mik a szab\u00e1lyok, igaz? Nos, ez nem t\u00fal neh\u00e9z. A j\u00e1t\u00e9kosok \u00f6t sz\u00e1mot v\u00e1lasztanak ki 1 \u00e9s 70 k\u00f6z\u00f6tt, valamint egy tov\u00e1bbi sz\u00e1mot 1 \u00e9s 25 k\u00f6z\u00f6tt. Ez azt jelenti, hogy \u00f6sszesen 6 k\u00fcl\u00f6nb\u00f6z\u0151 goly\u00f3hoz kell kiv\u00e1lasztani a sz\u00e1mokat.<\/p><p>A jackpot megnyer\u00e9s\u00e9hez mind a hat sz\u00e1mot helyesen kell kiv\u00e1lasztani. \u00d6t helyes f\u0151sz\u00e1m eset\u00e9n a nyerem\u00e9ny 1 milli\u00f3 doll\u00e1r. Teh\u00e1t m\u00e9g akkor is el\u00e9g j\u00f3 nyerem\u00e9nyt kapsz, ha nem siker\u00fcl a Megagoly\u00f3t eltal\u00e1lnod.<\/p><h2 class=\"wp-block-heading\">A Mega Millions Jackpot<\/h2><p>A Mega Millions lott\u00f3 a gyorsan n\u00f6vekv\u0151 jackpotjair\u00f3l ismert. Ennek oka egyr\u00e9szt az, hogy az Egyes\u00fclt \u00c1llamokban h\u00e9tr\u0151l h\u00e9tre t\u00f6bb sz\u00e1zmilli\u00f3 szelv\u00e9nyt adnak el. A jackpotot azonban gyakran hetekig nem siker\u00fcl felt\u00f6rni. Ami m\u00e9g jobb, hogy a jackpot mindig legal\u00e1bb 40 milli\u00f3 doll\u00e1rn\u00e1l kezd\u0151dik. \u00c1ltal\u00e1ban lassan indul, sorsol\u00e1sonk\u00e9nt 10-15 milli\u00f3 doll\u00e1rral (hetente k\u00e9t sorsol\u00e1s van).<\/p><p>Ha senki sem nyeri meg a f\u0151nyerem\u00e9nyt, akkor gyorsan el\u00e9rik a 100 milli\u00f3 doll\u00e1ros \u00f6sszeget. Amint ez a k\u00fcsz\u00f6b \u00e1tl\u00e9p\u00e9sre ker\u00fcl, a szok\u00e1sosn\u00e1l t\u00f6bb szelv\u00e9nyt adnak el. A jackpot elkezd &#8222;berobbanni&#8221;. A 200 milli\u00f3r\u00f3l 500 milli\u00f3ra val\u00f3 emelked\u00e9s egy h\u00e9ten bel\u00fcl teljesen norm\u00e1lis.<br>Ha pedig a jackpotot 10 h\u00e9ten bel\u00fcl nem nyerik meg, akkor ak\u00e1r az 1 milli\u00e1rd doll\u00e1ros \u00f6sszeget is meghaladhatja, ami legut\u00f3bb 2018. 10. 19-\u00e9n t\u00f6rt\u00e9nt meg. A jackpotot v\u00e9g\u00fcl egyetlen nyertes nyerte meg 2018. 10\/23-\u00e1n, ekkor a m\u00e9rete 1,6 milli\u00e1rd volt.<\/p><p>Amikor a jackpot m\u00e9rete jelent\u0151s, \u00e9rdemes elgondolkodni azon, hogy \u00fagy rendelje meg a szelv\u00e9ny\u00e9t, hogy az t\u00f6bb egym\u00e1st k\u00f6vet\u0151 sorsol\u00e1son is r\u00e9szt vegyen. \u00cdgy biztos lehet benne, hogy a k\u00f6vetkez\u0151, m\u00e9g nagyobb jackpotokn\u00e1l is j\u00e1t\u00e9kban van.<\/p><p>Fontos megeml\u00edteni, hogy a jackpot nyertese k\u00e9t lehet\u0151s\u00e9g k\u00f6z\u00fcl v\u00e1laszthat. Vagy \u00fagy d\u00f6nt, hogy a teljes \u00f6sszeget 30 \u00e9ves kifizet\u00e9s form\u00e1j\u00e1ban kapja meg (az infl\u00e1ci\u00f3hoz igazodva \u00e9vi 5%-os emel\u00e9ssel), vagy \u00fagy d\u00f6nt, hogy azonnali, egyszeri kifizet\u00e9st kap. Ez a kifizet\u00e9s alacsonyabb lenne, mint a teljes jackpot \u00f6sszege, de a nyertesnek nem kell agg\u00f3dnia, hogy minden \u00e9vben megkapja ezeket a kifizet\u00e9seket.<\/p><p><img loading=\"lazy\" decoding=\"async\" class=\"alignright  wp-image-5296\" src=\"https:\/\/content.redfoxlotto.com\/uploads\/sites\/9\/1_play_mega_millions_jackpot.jpg\" alt=\"mega milli\u00f3k online\" width=\"216\" height=\"144\"><\/p><h2 class=\"wp-block-heading\">Leg\u00e1lis ez a szolg\u00e1ltat\u00e1s az Egyes\u00fclt Kir\u00e1lys\u00e1gban \u00e9l\u0151 j\u00e1t\u00e9kosok sz\u00e1m\u00e1ra?<\/h2><p>Term\u00e9szetesen, ha egy\u00e1ltal\u00e1n fontolgatja ezt a lehet\u0151s\u00e9get, akkor tal\u00e1n elgondolkodik azon, hogy vajon megteheti-e ezt, ha nem az Egyes\u00fclt \u00c1llamokban \u00e9l. Sokan azt gondolj\u00e1k, hogy olyan orsz\u00e1gban kell \u00e9lni\u00fck, ahol az \u00e1ltaluk j\u00e1tszani k\u00edv\u00e1nt lott\u00f3j\u00e1t\u00e9k van, hogy j\u00e1tszhassanak rajta. Ez 100%-ban leg\u00e1lis minden orsz\u00e1g j\u00e1t\u00e9kosai sz\u00e1m\u00e1ra, bele\u00e9rtve az Egyes\u00fclt Kir\u00e1lys\u00e1got is.<\/p><p>Alapvet\u0151en ez olyan, mintha az Egyes\u00fclt \u00c1llamokban val\u00f3 tart\u00f3zkod\u00e1sod alatt Mega Millions szelv\u00e9nyt v\u00e1s\u00e1roln\u00e1l. Mivel az Egyes\u00fclt \u00c1llamokban a lott\u00f3szelv\u00e9nyeket 18 \u00e9ven fel\u00fclieknek lehet eladni, a k\u00fclf\u00f6ldiek leg\u00e1lisan nyerhetnek. V\u00e9gs\u0151 soron csak az sz\u00e1m\u00edt, hogy n\u00e1lad van a szelv\u00e9nyed. S\u0151t, arr\u00f3l is gondoskodunk, hogy megkapja a nyerem\u00e9ny\u00e9t. Nagyobb nyerem\u00e9nyek (2500 \u20ac-n\u00e1l nagyobb \u00f6sszeg\u0171 nyerem\u00e9nyek) eset\u00e9n \u00e1ltal\u00e1ban csekket vagy banki \u00e1tutal\u00e1st kap.<\/p><p>Kisebb nyerem\u00e9nyek eset\u00e9n a nyerem\u00e9nyt k\u00f6nnyen megkaphatod k\u00f6zvetlen\u00fcl a weboldalunkon kereszt\u00fcl, \u00e9s a sz\u00e1ml\u00e1don tarthatod, hogy k\u00e9s\u0151bb tov\u00e1bbi szelv\u00e9nyeket v\u00e1s\u00e1rolhass, vagy \u00e1tutalhatod m\u00e1s sz\u00e1ml\u00e1idra, \u00edgy b\u00e1rmire megkaphatod a k\u00e9szp\u00e9nzt, amire csak szeretn\u00e9d. Ez t\u00e9nyleg ilyen egyszer\u0171. Persze am\u00fagy sem a kis nyerem\u00e9nyek \u00e9rdekelnek.<\/p><p>B\u00e1r abban az esetben, ha megnyern\u00e9d a jackpotot, amikor az Egyes\u00fclt Kir\u00e1lys\u00e1gb\u00f3l online j\u00e1tszol a Mega Millionson, akkor az Egyes\u00fclt \u00c1llamokba kell utaznod, ahol a csekket szem\u00e9lyesen adj\u00e1k \u00e1t neked. Bizony\u00e1ra \u00f6r\u00f6mmel \u00e9s izgatottan tenn\u00e9 meg ezt az utat! Az amerikai emberek, akik a lott\u00f3\u00e9rt felel\u0151sek, szeretnek nagy show-t csin\u00e1lni abb\u00f3l a szem\u00e9lyb\u0151l vagy szem\u00e9lyekb\u0151l, akik megnyerik a jackpotot.<\/p><p>Ez azt jelenti, hogy szeretnek egy nagy csekket \u00e1tadni, sok k\u00e9pet k\u00e9sz\u00edteni \u00e9s megmutatni a t\u00e9v\u00e9ben, de ha t\u00f6bb milli\u00f3 (vagy ak\u00e1r t\u00f6bb mint egymilli\u00e1rd) doll\u00e1rt kapsz, az biztosan nem lesz probl\u00e9ma, igaz?<\/p><p>A k\u00f6vetkez\u0151 Mega Millions jackpotot neked tartogatj\u00e1k? Pr\u00f3b\u00e1ljon szerencs\u00e9t most &#8211; nem nyerhet, ha nem vesz szelv\u00e9nyt!<\/p>","protected":false},"excerpt":{"rendered":"<p>Hogyan j\u00e1tsszon Mega Millions Nem kell az Egyes\u00fclt \u00c1llamokba utaznia ahhoz, hogy az amerikai Mega Millions lott\u00f3n j\u00e1tszhasson! M\u00e1r kor\u00e1bban is szeretett volna j\u00e1tszani ezen a rendk\u00edv\u00fcl n\u00e9pszer\u0171 j\u00e1t\u00e9kon, de nem tudta, hogyan teheti meg saj\u00e1t maga? Lehet, hogy l\u00e1tta a j\u00e1t\u00e9kban megjelen\u0151 sz\u00e1mokat, \u00e9s l\u00e1tta a hatalmas jackpotokat, amelyek el\u00e9rhet\u0151ek, \u00e9s nagyon \u00e9rdekelte a [&hellip;]<\/p>\n","protected":false},"author":1,"featured_media":0,"parent":55156,"menu_order":2,"comment_status":"closed","ping_status":"closed","template":"megamillion.php","meta":{"_et_pb_use_builder":"","_et_pb_old_content":"","_et_gb_content_width":"","exclude_from_search":false,"footnotes":""},"class_list":["post-55171","page","type-page","status-publish","hentry"],"yoast_head":"<!-- This site is optimized with the Yoast SEO plugin v23.8 - https:\/\/yoast.com\/wordpress\/plugins\/seo\/ -->\n<title>Mega Millions online j\u00e1t\u00e9k | Hogyan vehetnek r\u00e9szt az Egyes\u00fclt Kir\u00e1lys\u00e1g lakosai a Mega Millions j\u00e1t\u00e9kban?<\/title>\n<meta name=\"description\" content=\"Rendelje meg Mega Millions szelv\u00e9ny\u00e9t itt - j\u00e1tsszon Mega Millions szelv\u00e9nyt az Egyes\u00fclt Kir\u00e1lys\u00e1gb\u00f3l vagy b\u00e1rmely m\u00e1s orsz\u00e1gb\u00f3l!\" \/>\n<meta name=\"robots\" content=\"index, follow, max-snippet:-1, max-image-preview:large, max-video-preview:-1\" \/>\n<link rel=\"canonical\" href=\"https:\/\/redfoxlotto.com\/hu\/jatek\/mega-millions\/\" \/>\n<meta property=\"og:locale\" content=\"hu_HU\" \/>\n<meta property=\"og:type\" content=\"article\" \/>\n<meta property=\"og:title\" content=\"Mega Millions online j\u00e1t\u00e9k | Hogyan vehetnek r\u00e9szt az Egyes\u00fclt Kir\u00e1lys\u00e1g lakosai a Mega Millions j\u00e1t\u00e9kban?\" \/>\n<meta property=\"og:description\" content=\"Rendelje meg Mega Millions szelv\u00e9ny\u00e9t itt - j\u00e1tsszon Mega Millions szelv\u00e9nyt az Egyes\u00fclt Kir\u00e1lys\u00e1gb\u00f3l vagy b\u00e1rmely m\u00e1s orsz\u00e1gb\u00f3l!\" \/>\n<meta property=\"og:url\" content=\"https:\/\/redfoxlotto.com\/hu\/jatek\/mega-millions\/\" \/>\n<meta property=\"og:site_name\" content=\"Get Tickets for the World\u2019s largest jackpots\" \/>\n<meta property=\"article:modified_time\" content=\"2025-12-17T09:04:13+00:00\" \/>\n<meta property=\"og:image\" content=\"https:\/\/content.redfoxlotto.com\/uploads\/sites\/9\/2_ticket_mega_millions.jpg\" \/>\n<meta name=\"twitter:card\" content=\"summary_large_image\" \/>\n<meta name=\"twitter:label1\" content=\"Becs\u00fclt olvas\u00e1si id\u0151\" \/>\n\t<meta name=\"twitter:data1\" content=\"4 perc\" \/>\n<script type=\"application\/ld+json\" class=\"yoast-schema-graph\">{\"@context\":\"https:\/\/schema.org\",\"@graph\":[{\"@type\":\"WebPage\",\"@id\":\"https:\/\/redfoxlotto.com\/hu\/jatek\/mega-millions\/\",\"url\":\"https:\/\/redfoxlotto.com\/hu\/jatek\/mega-millions\/\",\"name\":\"Mega Millions online j\u00e1t\u00e9k | Hogyan vehetnek r\u00e9szt az Egyes\u00fclt Kir\u00e1lys\u00e1g lakosai a Mega Millions j\u00e1t\u00e9kban?\",\"isPartOf\":{\"@id\":\"https:\/\/redfoxlotto.com\/hu\/#website\"},\"primaryImageOfPage\":{\"@id\":\"https:\/\/redfoxlotto.com\/hu\/jatek\/mega-millions\/#primaryimage\"},\"image\":{\"@id\":\"https:\/\/redfoxlotto.com\/hu\/jatek\/mega-millions\/#primaryimage\"},\"thumbnailUrl\":\"https:\/\/content.redfoxlotto.com\/uploads\/sites\/9\/2_ticket_mega_millions.jpg\",\"datePublished\":\"2023-04-24T17:37:44+00:00\",\"dateModified\":\"2025-12-17T09:04:13+00:00\",\"description\":\"Rendelje meg Mega Millions szelv\u00e9ny\u00e9t itt - j\u00e1tsszon Mega Millions szelv\u00e9nyt az Egyes\u00fclt Kir\u00e1lys\u00e1gb\u00f3l vagy b\u00e1rmely m\u00e1s orsz\u00e1gb\u00f3l!\",\"breadcrumb\":{\"@id\":\"https:\/\/redfoxlotto.com\/hu\/jatek\/mega-millions\/#breadcrumb\"},\"inLanguage\":\"hu\",\"potentialAction\":[{\"@type\":\"ReadAction\",\"target\":[\"https:\/\/redfoxlotto.com\/hu\/jatek\/mega-millions\/\"]}]},{\"@type\":\"ImageObject\",\"inLanguage\":\"hu\",\"@id\":\"https:\/\/redfoxlotto.com\/hu\/jatek\/mega-millions\/#primaryimage\",\"url\":\"https:\/\/content.redfoxlotto.com\/uploads\/sites\/9\/2_ticket_mega_millions.jpg\",\"contentUrl\":\"https:\/\/content.redfoxlotto.com\/uploads\/sites\/9\/2_ticket_mega_millions.jpg\"},{\"@type\":\"BreadcrumbList\",\"@id\":\"https:\/\/redfoxlotto.com\/hu\/jatek\/mega-millions\/#breadcrumb\",\"itemListElement\":[{\"@type\":\"ListItem\",\"position\":1,\"name\":\"Home\",\"item\":\"https:\/\/redfoxlotto.com\/hu\/\"},{\"@type\":\"ListItem\",\"position\":2,\"name\":\"Hogyan j\u00e1tszhat m\u00e1s orsz\u00e1gok lott\u00f3j\u00e1t\u00e9kain\",\"item\":\"https:\/\/redfoxlotto.com\/hu\/jatek\/\"},{\"@type\":\"ListItem\",\"position\":3,\"name\":\"Mega Millions j\u00e1t\u00e9k az Egyes\u00fclt Kir\u00e1lys\u00e1gb\u00f3l\"}]},{\"@type\":\"WebSite\",\"@id\":\"https:\/\/redfoxlotto.com\/hu\/#website\",\"url\":\"https:\/\/redfoxlotto.com\/hu\/\",\"name\":\"Get Tickets for the World\u2019s largest jackpots\",\"description\":\"Participate in worldwide lottery jackpots from any country\",\"publisher\":{\"@id\":\"https:\/\/redfoxlotto.com\/hu\/#organization\"},\"potentialAction\":[{\"@type\":\"SearchAction\",\"target\":{\"@type\":\"EntryPoint\",\"urlTemplate\":\"https:\/\/redfoxlotto.com\/hu\/?s={search_term_string}\"},\"query-input\":{\"@type\":\"PropertyValueSpecification\",\"valueRequired\":true,\"valueName\":\"search_term_string\"}}],\"inLanguage\":\"hu\"},{\"@type\":\"Organization\",\"@id\":\"https:\/\/redfoxlotto.com\/hu\/#organization\",\"name\":\"Get Tickets for the World\u2019s largest jackpots\",\"url\":\"https:\/\/redfoxlotto.com\/hu\/\",\"logo\":{\"@type\":\"ImageObject\",\"inLanguage\":\"hu\",\"@id\":\"https:\/\/redfoxlotto.com\/hu\/#\/schema\/logo\/image\/\",\"url\":\"https:\/\/redfoxlotto.com\/wp-content\/uploads\/2023\/04\/logo.png\",\"contentUrl\":\"https:\/\/redfoxlotto.com\/wp-content\/uploads\/2023\/04\/logo.png\",\"width\":269,\"height\":53,\"caption\":\"Get Tickets for the World\u2019s largest jackpots\"},\"image\":{\"@id\":\"https:\/\/redfoxlotto.com\/hu\/#\/schema\/logo\/image\/\"}}]}<\/script>\n<!-- \/ Yoast SEO plugin. -->","yoast_head_json":{"title":"Mega Millions online j\u00e1t\u00e9k | Hogyan vehetnek r\u00e9szt az Egyes\u00fclt Kir\u00e1lys\u00e1g lakosai a Mega Millions j\u00e1t\u00e9kban?","description":"Rendelje meg Mega Millions szelv\u00e9ny\u00e9t itt - j\u00e1tsszon Mega Millions szelv\u00e9nyt az Egyes\u00fclt Kir\u00e1lys\u00e1gb\u00f3l vagy b\u00e1rmely m\u00e1s orsz\u00e1gb\u00f3l!","robots":{"index":"index","follow":"follow","max-snippet":"max-snippet:-1","max-image-preview":"max-image-preview:large","max-video-preview":"max-video-preview:-1"},"canonical":"https:\/\/redfoxlotto.com\/hu\/jatek\/mega-millions\/","og_locale":"hu_HU","og_type":"article","og_title":"Mega Millions online j\u00e1t\u00e9k | Hogyan vehetnek r\u00e9szt az Egyes\u00fclt Kir\u00e1lys\u00e1g lakosai a Mega Millions j\u00e1t\u00e9kban?","og_description":"Rendelje meg Mega Millions szelv\u00e9ny\u00e9t itt - j\u00e1tsszon Mega Millions szelv\u00e9nyt az Egyes\u00fclt Kir\u00e1lys\u00e1gb\u00f3l vagy b\u00e1rmely m\u00e1s orsz\u00e1gb\u00f3l!","og_url":"https:\/\/redfoxlotto.com\/hu\/jatek\/mega-millions\/","og_site_name":"Get Tickets for the World\u2019s largest jackpots","article_modified_time":"2025-12-17T09:04:13+00:00","og_image":[{"url":"https:\/\/content.redfoxlotto.com\/uploads\/sites\/9\/2_ticket_mega_millions.jpg"}],"twitter_card":"summary_large_image","twitter_misc":{"Becs\u00fclt olvas\u00e1si id\u0151":"4 perc"},"schema":{"@context":"https:\/\/schema.org","@graph":[{"@type":"WebPage","@id":"https:\/\/redfoxlotto.com\/hu\/jatek\/mega-millions\/","url":"https:\/\/redfoxlotto.com\/hu\/jatek\/mega-millions\/","name":"Mega Millions online j\u00e1t\u00e9k | Hogyan vehetnek r\u00e9szt az Egyes\u00fclt Kir\u00e1lys\u00e1g lakosai a Mega Millions j\u00e1t\u00e9kban?","isPartOf":{"@id":"https:\/\/redfoxlotto.com\/hu\/#website"},"primaryImageOfPage":{"@id":"https:\/\/redfoxlotto.com\/hu\/jatek\/mega-millions\/#primaryimage"},"image":{"@id":"https:\/\/redfoxlotto.com\/hu\/jatek\/mega-millions\/#primaryimage"},"thumbnailUrl":"https:\/\/content.redfoxlotto.com\/uploads\/sites\/9\/2_ticket_mega_millions.jpg","datePublished":"2023-04-24T17:37:44+00:00","dateModified":"2025-12-17T09:04:13+00:00","description":"Rendelje meg Mega Millions szelv\u00e9ny\u00e9t itt - j\u00e1tsszon Mega Millions szelv\u00e9nyt az Egyes\u00fclt Kir\u00e1lys\u00e1gb\u00f3l vagy b\u00e1rmely m\u00e1s orsz\u00e1gb\u00f3l!","breadcrumb":{"@id":"https:\/\/redfoxlotto.com\/hu\/jatek\/mega-millions\/#breadcrumb"},"inLanguage":"hu","potentialAction":[{"@type":"ReadAction","target":["https:\/\/redfoxlotto.com\/hu\/jatek\/mega-millions\/"]}]},{"@type":"ImageObject","inLanguage":"hu","@id":"https:\/\/redfoxlotto.com\/hu\/jatek\/mega-millions\/#primaryimage","url":"https:\/\/content.redfoxlotto.com\/uploads\/sites\/9\/2_ticket_mega_millions.jpg","contentUrl":"https:\/\/content.redfoxlotto.com\/uploads\/sites\/9\/2_ticket_mega_millions.jpg"},{"@type":"BreadcrumbList","@id":"https:\/\/redfoxlotto.com\/hu\/jatek\/mega-millions\/#breadcrumb","itemListElement":[{"@type":"ListItem","position":1,"name":"Home","item":"https:\/\/redfoxlotto.com\/hu\/"},{"@type":"ListItem","position":2,"name":"Hogyan j\u00e1tszhat m\u00e1s orsz\u00e1gok lott\u00f3j\u00e1t\u00e9kain","item":"https:\/\/redfoxlotto.com\/hu\/jatek\/"},{"@type":"ListItem","position":3,"name":"Mega Millions j\u00e1t\u00e9k az Egyes\u00fclt Kir\u00e1lys\u00e1gb\u00f3l"}]},{"@type":"WebSite","@id":"https:\/\/redfoxlotto.com\/hu\/#website","url":"https:\/\/redfoxlotto.com\/hu\/","name":"Get Tickets for the World\u2019s largest jackpots","description":"Participate in worldwide lottery jackpots from any country","publisher":{"@id":"https:\/\/redfoxlotto.com\/hu\/#organization"},"potentialAction":[{"@type":"SearchAction","target":{"@type":"EntryPoint","urlTemplate":"https:\/\/redfoxlotto.com\/hu\/?s={search_term_string}"},"query-input":{"@type":"PropertyValueSpecification","valueRequired":true,"valueName":"search_term_string"}}],"inLanguage":"hu"},{"@type":"Organization","@id":"https:\/\/redfoxlotto.com\/hu\/#organization","name":"Get Tickets for the World\u2019s largest jackpots","url":"https:\/\/redfoxlotto.com\/hu\/","logo":{"@type":"ImageObject","inLanguage":"hu","@id":"https:\/\/redfoxlotto.com\/hu\/#\/schema\/logo\/image\/","url":"https:\/\/redfoxlotto.com\/wp-content\/uploads\/2023\/04\/logo.png","contentUrl":"https:\/\/redfoxlotto.com\/wp-content\/uploads\/2023\/04\/logo.png","width":269,"height":53,"caption":"Get Tickets for the World\u2019s largest jackpots"},"image":{"@id":"https:\/\/redfoxlotto.com\/hu\/#\/schema\/logo\/image\/"}}]}},"_links":{"self":[{"href":"https:\/\/redfoxlotto.com\/hu\/wp-json\/wp\/v2\/pages\/55171","targetHints":{"allow":["GET"]}}],"collection":[{"href":"https:\/\/redfoxlotto.com\/hu\/wp-json\/wp\/v2\/pages"}],"about":[{"href":"https:\/\/redfoxlotto.com\/hu\/wp-json\/wp\/v2\/types\/page"}],"author":[{"embeddable":true,"href":"https:\/\/redfoxlotto.com\/hu\/wp-json\/wp\/v2\/users\/1"}],"replies":[{"embeddable":true,"href":"https:\/\/redfoxlotto.com\/hu\/wp-json\/wp\/v2\/comments?post=55171"}],"version-history":[{"count":0,"href":"https:\/\/redfoxlotto.com\/hu\/wp-json\/wp\/v2\/pages\/55171\/revisions"}],"up":[{"embeddable":true,"href":"https:\/\/redfoxlotto.com\/hu\/wp-json\/wp\/v2\/pages\/55156"}],"wp:attachment":[{"href":"https:\/\/redfoxlotto.com\/hu\/wp-json\/wp\/v2\/media?parent=55171"}],"curies":[{"name":"wp","href":"https:\/\/api.w.org\/{rel}","templated":true}]}}