{"id":55169,"date":"2023-04-24T18:09:15","date_gmt":"2023-04-24T18:09:15","guid":{"rendered":"https:\/\/redfoxlotto.com\/?page_id=21450"},"modified":"2025-12-10T13:14:56","modified_gmt":"2025-12-10T13:14:56","slug":"lotto-america","status":"publish","type":"page","link":"https:\/\/redfoxlotto.com\/hu\/jatek\/lotto-america\/","title":{"rendered":"Hogyan j\u00e1tsszon Lotto America online"},"content":{"rendered":"<script type=\"application\/ld+json\">\r\n{\r\n\"@context\": \"https:\/\/schema.org\",\r\n\"@type\": \"Service\",\r\n\"name\": \" Lotto America online\",\r\n\"url\": \"https:\/\/redfoxlotto.com\/hu\/jatek\/lotto-america\/\",\r\n\"description\": \"V\u00e1s\u00e1roljon hivatalos Lotto America online szelv\u00e9nyeket a RedFoxLotto-n kereszt\u00fcl. V\u00e1lassza ki a sz\u00e1mait, \u00e9s csatlakozzon a k\u00f6vetkez\u0151 sorsol\u00e1shoz.\",\r\n\"serviceType\": \"Online lottery ticket purchase\",\r\n\r\n\"provider\": {\r\n\"@type\": \"Organization\",\r\n\"name\": \"RedFoxLotto\",\r\n\"url\": \"https:\/\/redfoxlotto.com\",\r\n\"logo\": \"https:\/\/redfoxlotto.com\/wp-content\/uploads\/logo.png\"\r\n},\r\n\r\n\"areaServed\": \"Worldwide\",\r\n\"termsOfService\": \"https:\/\/redfoxlotto.com\/terms-and-conditions\",\r\n\r\n\"hasOfferCatalog\": {\r\n\"@type\": \"OfferCatalog\",\r\n\"name\": \"Lotto America Offers\",\r\n\"itemListElement\": [\r\n{\r\n\"@type\": \"Offer\",\r\n\"name\": \"Lotto America Lottery Ticket\",\r\n\"url\": \"https:\/\/redfoxlotto.com\/hu\/jatek\/lotto-america\/\",\r\n\"description\": \"Egyetlen nevez\u00e9s a k\u00f6vetkez\u0151 Lotto America lott\u00f3sorsol\u00e1sra.\",\r\n\"price\": \"2.75\",\r\n\"priceCurrency\": \"EUR\",\r\n\"availability\": \"https:\/\/schema.org\/InStock\",\r\n\r\n\"itemOffered\": {\r\n\"@type\": \"Service\",\r\n\"name\": \"Lotto America Lottery Entry\",\r\n\"description\": \"Nevezzen a k\u00f6vetkez\u0151 Lotto America sorsol\u00e1s\u00e1ra a RedFoxLott\u00f3n kereszt\u00fcl.\"\r\n}\r\n}\r\n]\r\n},\r\n\r\n\"mainEntityOfPage\": {\r\n\"@type\": \"WebPage\",\r\n\"@id\": \"https:\/\/redfoxlotto.com\/hu\/jatek\/lotto-america\/\"\r\n}\r\n}\r\n<\/script><h2 class=\"wp-block-heading\">J\u00e1tsszon Lotto America Online<\/h2><p>Amikor az online lott\u00f3j\u00e1t\u00e9kr\u00f3l van sz\u00f3, lehet, hogy valami \u00fajat keres. V\u00e9g\u00fcl is, egy kicsit unalmas lehet \u00fajra \u00e9s \u00fajra ugyanazokat a j\u00e1t\u00e9kokat j\u00e1tszani, nem igaz? Val\u00f3sz\u00edn\u0171leg ez\u00e9rt is v\u00e1ltott\u00e1l \u00e1t az online j\u00e1t\u00e9kokra. Nos, ez most sokkal sz\u00f3rakoztat\u00f3bb lesz, mert m\u00e9g nem l\u00e1ttad a Lotto America-t.<\/p><h2 class=\"wp-block-heading\">Mi az a Lotto America?<\/h2><p>A Lotto America egy t\u00f6bb \u00e1llamot \u00e9rint\u0151 lott\u00f3j\u00e1t\u00e9k, amely es\u00e9lyt ad egy nagyszer\u0171 jackpotra, \u00e9s j\u00f3 es\u00e9lyeket k\u00edn\u00e1l hozz\u00e1. Nem csak ez, de a szelv\u00e9nyek olcs\u00f3k, \u00e9s ez a j\u00e1t\u00e9k rengeteg lehet\u0151s\u00e9get ad arra, hogy k\u00f6zben kisebb nyerem\u00e9nyeket is nyerhess. Ez azt jelenti, hogy akkor is j\u00f3l fogsz sz\u00f3rakozni vele, ha nem nyered meg a jackpotot.<\/p><p><img decoding=\"async\" class=\"size-full wp-image alignright\" src=\"https:\/\/content.redfoxlotto.com\/uploads\/sites\/9\/1_play_lottery_online5.jpg\" alt=\"j\u00e1tszani lott\u00f3 amerika online\"><\/p><h2 class=\"wp-block-heading\">Amit a j\u00e1t\u00e9kr\u00f3l tudni kell<\/h2><p>Ez a j\u00e1t\u00e9k hetente k\u00e9tszer sorsol, szerd\u00e1n \u00e9s szombaton. Emellett \u00f6sszesen hat k\u00fcl\u00f6nb\u00f6z\u0151 goly\u00f3t sorsol ki. Ezek k\u00f6z\u00fcl \u00f6t norm\u00e1l, feh\u00e9r goly\u00f3, amelyek a szok\u00e1sos sz\u00e1mok. Az egyik egy piros goly\u00f3, amely a b\u00f3nuszsz\u00e1m. R\u00e1ad\u00e1sul van egy All-Star b\u00f3nusz is, ha n\u00f6velni szeretn\u00e9d a nem jackpotnyertesek nyerem\u00e9ny\u00e9t.<\/p><h2 class=\"wp-block-heading\">Ki j\u00e1tszik?<\/h2><p>Ha j\u00e1tszani akarsz ezzel a j\u00e1t\u00e9kkal, val\u00f3sz\u00edn\u0171leg tudni akarod, hogy mibe sz\u00e1llsz be, igaz? Nos, jelenleg \u00f6sszesen 13 k\u00fcl\u00f6nb\u00f6z\u0151 \u00e1llamban j\u00e1tszanak ebben a j\u00e1t\u00e9kban, k\u00f6zt\u00fck Maine, Idaho, Montana, \u00c9szak- \u00e9s D\u00e9l-Dakota, Minnesota, Iowa, Kansas, \u00daj-Mexik\u00f3, Oklahoma, Tennesee, Nyugat-Virginia \u00e9s Delaware.<br>De nem kell ezen \u00e1llamok egyik\u00e9ben, vagy ak\u00e1r az Egyes\u00fclt \u00c1llamokban \u00e9lned ahhoz, hogy j\u00e1tszhass ebben a j\u00e1t\u00e9kban. Rengeteg lehet\u0151s\u00e9g \u00e9s m\u00f3d van arra, hogy b\u00e1rhol is vagy, elkezdhess j\u00e1tszani ezzel a j\u00e1t\u00e9kkal. Csak tudnod kell, hogyan kell j\u00e1tszani.<\/p><h2 class=\"wp-block-heading\">J\u00e1tszhatsz magadnak<\/h2><p>Ha k\u00e9szen \u00e1llsz arra, hogy elkezdj j\u00e1tszani az amerikai lott\u00f3n, csak annyit kell tenned, hogy l\u00e9trehozol egy online fi\u00f3kot a RedFoxLott\u00f3n\u00e1l. Onnan megn\u00e9zheti az \u00f6sszes k\u00fcl\u00f6nb\u00f6z\u0151 j\u00e1t\u00e9kukat, amelyek k\u00f6z\u00f6tt a vil\u00e1g minden t\u00e1j\u00e1r\u00f3l sz\u00e1rmaz\u00f3 lott\u00f3lehet\u0151s\u00e9gek is szerepelnek. A Lotto America csak egy a sok j\u00e1t\u00e9k k\u00f6z\u00fcl, amib\u0151l v\u00e1laszthatsz, de sz\u00f3rakoztat\u00f3 lesz.<\/p><p>Miut\u00e1n kiv\u00e1lasztotta a j\u00e1t\u00e9kot, l\u00e1thatja, hogy mekkora a jackpot, \u00e9s mikor lesz a sorsol\u00e1s, miel\u0151tt megv\u00e1s\u00e1roln\u00e1 a szelv\u00e9nyt. \u00cdgy tudod, hogy t\u00e9nyleg ki akarod-e pr\u00f3b\u00e1lni, vagy ez\u00fattal egy m\u00e1sik j\u00e1t\u00e9kkal pr\u00f3b\u00e1lkozol (vagy ha t\u00f6bb szelv\u00e9nyt szeretn\u00e9l).<br>Ha m\u00e1r eld\u00f6nt\u00f6tte, hogy vesz egy szelv\u00e9nyt, csak v\u00e1lassza ki a k\u00edv\u00e1nt sz\u00e1mokat. Kiv\u00e1laszthatod az \u00f6sszes sz\u00e1mot magad, ha \u00fagy szeretn\u00e9d, vagy v\u00e1laszthatsz csak n\u00e9h\u00e1ny sz\u00e1mot, a t\u00f6bbit pedig v\u00e9letlenszer\u0171en gener\u00e1ljuk. Vagy az \u00f6sszes sz\u00e1mot v\u00e9letlenszer\u0171en gener\u00e1lhatja. Ez teljesen rajtad m\u00falik.<br>Ezut\u00e1n, ha megvan az \u00f6sszes sz\u00e1m, m\u00e1r csak azt kell eld\u00f6ntened, hogy j\u00e1tszol-e az All-Star b\u00f3nuszon vagy sem, \u00e9s befizeted a v\u00e1s\u00e1rl\u00e1sodat. Pillanatok alatt k\u00e9sz leszel, \u00e9s m\u00e1r csak a sorsol\u00e1sra kell v\u00e1rnod, hogy kider\u00fclj\u00f6n, te vagy-e a nyertes.<\/p><h2 class=\"wp-block-heading\">Nyert\u00e9l?<\/h2><p>Amikor a j\u00e1t\u00e9kot kisorsolj\u00e1k, \u00e9s arra v\u00e1rsz, hogy kider\u00fclj\u00f6n, a te sz\u00e1maid j\u00f6nnek-e fel, m\u00e9g k\u00f6nnyebb dolgod lesz, mint gondoln\u00e1d. Mind\u00f6ssze annyit kell tenned, hogy megn\u00e9zed az interneten. A RedFoxLotto az \u00f6sszes nyer\u0151sz\u00e1mot k\u00edn\u00e1lja, \u00e9s k\u00fcl\u00f6n\u00f6sen akkor, amikor szelv\u00e9nyt v\u00e1s\u00e1rol, mert mi \u00f6sszevetj\u00fck \u00d6nnek a sz\u00e1mokat.<\/p><p>Ha nyer egy kisebb nyerem\u00e9nyt, az automatikusan a sz\u00e1ml\u00e1j\u00e1ra ker\u00fcl. Ha nagy nyerem\u00e9nyt nyer, seg\u00edt\u00fcnk \u00d6nnek, \u00e9s v\u00e9gigmegy\u00fcnk a nyerem\u00e9ny ig\u00e9nyl\u00e9s\u00e9nek folyamat\u00e1n. De nem sz\u00e1m\u00edt, hogy mit nyersz, azonnal tudni fogod a sz\u00e1ml\u00e1don, mert megmutatjuk a sz\u00e1mokat \u00e9s a nyertes sz\u00e1mokat.<\/p><p>Sz\u00f3val, mi\u00e9rt ne pr\u00f3b\u00e1ln\u00e1 ki, \u00e9s n\u00e9zze meg a Lotto America-t? Lehet, hogy m\u00e9g fel sem fogod fogni, hogy mir\u0151l maradsz le. Am\u00edg ki nem pr\u00f3b\u00e1lod magad.<\/p>","protected":false},"excerpt":{"rendered":"<p>J\u00e1tsszon Lotto America Online Amikor az online lott\u00f3j\u00e1t\u00e9kr\u00f3l van sz\u00f3, lehet, hogy valami \u00fajat keres. V\u00e9g\u00fcl is, egy kicsit unalmas lehet \u00fajra \u00e9s \u00fajra ugyanazokat a j\u00e1t\u00e9kokat j\u00e1tszani, nem igaz? Val\u00f3sz\u00edn\u0171leg ez\u00e9rt is v\u00e1ltott\u00e1l \u00e1t az online j\u00e1t\u00e9kokra. Nos, ez most sokkal sz\u00f3rakoztat\u00f3bb lesz, mert m\u00e9g nem l\u00e1ttad a Lotto America-t. Mi az a Lotto [&hellip;]<\/p>\n","protected":false},"author":1,"featured_media":0,"parent":55156,"menu_order":12,"comment_status":"closed","ping_status":"closed","template":"lotto-america.php","meta":{"_et_pb_use_builder":"","_et_pb_old_content":"","_et_gb_content_width":"","exclude_from_search":false,"footnotes":""},"class_list":["post-55169","page","type-page","status-publish","hentry"],"yoast_head":"<!-- This site is optimized with the Yoast SEO plugin v23.8 - https:\/\/yoast.com\/wordpress\/plugins\/seo\/ -->\n<title>J\u00e1tsszon Lotto America online<\/title>\n<meta name=\"description\" content=\"A j\u00e1t\u00e9kosok b\u00e1rmely orsz\u00e1gb\u00f3l most csatlakozhatnak \u00e9s j\u00e1tszhatnak ebben a t\u00f6bb \u00e1llamot \u00e9rint\u0151 lott\u00f3j\u00e1t\u00e9kban az USA-b\u00f3l online\" \/>\n<meta name=\"robots\" content=\"index, follow, max-snippet:-1, max-image-preview:large, max-video-preview:-1\" \/>\n<link rel=\"canonical\" href=\"https:\/\/redfoxlotto.com\/hu\/jatek\/lotto-america\/\" \/>\n<meta property=\"og:locale\" content=\"hu_HU\" \/>\n<meta property=\"og:type\" content=\"article\" \/>\n<meta property=\"og:title\" content=\"J\u00e1tsszon Lotto America online\" \/>\n<meta property=\"og:description\" content=\"A j\u00e1t\u00e9kosok b\u00e1rmely orsz\u00e1gb\u00f3l most csatlakozhatnak \u00e9s j\u00e1tszhatnak ebben a t\u00f6bb \u00e1llamot \u00e9rint\u0151 lott\u00f3j\u00e1t\u00e9kban az USA-b\u00f3l online\" \/>\n<meta property=\"og:url\" content=\"https:\/\/redfoxlotto.com\/hu\/jatek\/lotto-america\/\" \/>\n<meta property=\"og:site_name\" content=\"Get Tickets for the World\u2019s largest jackpots\" \/>\n<meta property=\"article:modified_time\" content=\"2025-12-10T13:14:56+00:00\" \/>\n<meta property=\"og:image\" content=\"https:\/\/content.redfoxlotto.com\/uploads\/sites\/9\/1_play_lottery_online5.jpg\" \/>\n<meta name=\"twitter:card\" content=\"summary_large_image\" \/>\n<meta name=\"twitter:label1\" content=\"Becs\u00fclt olvas\u00e1si id\u0151\" \/>\n\t<meta name=\"twitter:data1\" content=\"3 perc\" \/>\n<script type=\"application\/ld+json\" class=\"yoast-schema-graph\">{\"@context\":\"https:\/\/schema.org\",\"@graph\":[{\"@type\":\"WebPage\",\"@id\":\"https:\/\/redfoxlotto.com\/hu\/jatek\/lotto-america\/\",\"url\":\"https:\/\/redfoxlotto.com\/hu\/jatek\/lotto-america\/\",\"name\":\"J\u00e1tsszon Lotto America online\",\"isPartOf\":{\"@id\":\"https:\/\/redfoxlotto.com\/hu\/#website\"},\"primaryImageOfPage\":{\"@id\":\"https:\/\/redfoxlotto.com\/hu\/jatek\/lotto-america\/#primaryimage\"},\"image\":{\"@id\":\"https:\/\/redfoxlotto.com\/hu\/jatek\/lotto-america\/#primaryimage\"},\"thumbnailUrl\":\"https:\/\/content.redfoxlotto.com\/uploads\/sites\/9\/1_play_lottery_online5.jpg\",\"datePublished\":\"2023-04-24T18:09:15+00:00\",\"dateModified\":\"2025-12-10T13:14:56+00:00\",\"description\":\"A j\u00e1t\u00e9kosok b\u00e1rmely orsz\u00e1gb\u00f3l most csatlakozhatnak \u00e9s j\u00e1tszhatnak ebben a t\u00f6bb \u00e1llamot \u00e9rint\u0151 lott\u00f3j\u00e1t\u00e9kban az USA-b\u00f3l online\",\"breadcrumb\":{\"@id\":\"https:\/\/redfoxlotto.com\/hu\/jatek\/lotto-america\/#breadcrumb\"},\"inLanguage\":\"hu\",\"potentialAction\":[{\"@type\":\"ReadAction\",\"target\":[\"https:\/\/redfoxlotto.com\/hu\/jatek\/lotto-america\/\"]}]},{\"@type\":\"ImageObject\",\"inLanguage\":\"hu\",\"@id\":\"https:\/\/redfoxlotto.com\/hu\/jatek\/lotto-america\/#primaryimage\",\"url\":\"https:\/\/content.redfoxlotto.com\/uploads\/sites\/9\/1_play_lottery_online5.jpg\",\"contentUrl\":\"https:\/\/content.redfoxlotto.com\/uploads\/sites\/9\/1_play_lottery_online5.jpg\"},{\"@type\":\"BreadcrumbList\",\"@id\":\"https:\/\/redfoxlotto.com\/hu\/jatek\/lotto-america\/#breadcrumb\",\"itemListElement\":[{\"@type\":\"ListItem\",\"position\":1,\"name\":\"Home\",\"item\":\"https:\/\/redfoxlotto.com\/hu\/\"},{\"@type\":\"ListItem\",\"position\":2,\"name\":\"Hogyan j\u00e1tszhat m\u00e1s orsz\u00e1gok lott\u00f3j\u00e1t\u00e9kain\",\"item\":\"https:\/\/redfoxlotto.com\/hu\/jatek\/\"},{\"@type\":\"ListItem\",\"position\":3,\"name\":\"Hogyan j\u00e1tsszon Lotto America online\"}]},{\"@type\":\"WebSite\",\"@id\":\"https:\/\/redfoxlotto.com\/hu\/#website\",\"url\":\"https:\/\/redfoxlotto.com\/hu\/\",\"name\":\"Get Tickets for the World\u2019s largest jackpots\",\"description\":\"Participate in worldwide lottery jackpots from any country\",\"publisher\":{\"@id\":\"https:\/\/redfoxlotto.com\/hu\/#organization\"},\"potentialAction\":[{\"@type\":\"SearchAction\",\"target\":{\"@type\":\"EntryPoint\",\"urlTemplate\":\"https:\/\/redfoxlotto.com\/hu\/?s={search_term_string}\"},\"query-input\":{\"@type\":\"PropertyValueSpecification\",\"valueRequired\":true,\"valueName\":\"search_term_string\"}}],\"inLanguage\":\"hu\"},{\"@type\":\"Organization\",\"@id\":\"https:\/\/redfoxlotto.com\/hu\/#organization\",\"name\":\"Get Tickets for the World\u2019s largest jackpots\",\"url\":\"https:\/\/redfoxlotto.com\/hu\/\",\"logo\":{\"@type\":\"ImageObject\",\"inLanguage\":\"hu\",\"@id\":\"https:\/\/redfoxlotto.com\/hu\/#\/schema\/logo\/image\/\",\"url\":\"https:\/\/redfoxlotto.com\/wp-content\/uploads\/2023\/04\/logo.png\",\"contentUrl\":\"https:\/\/redfoxlotto.com\/wp-content\/uploads\/2023\/04\/logo.png\",\"width\":269,\"height\":53,\"caption\":\"Get Tickets for the World\u2019s largest jackpots\"},\"image\":{\"@id\":\"https:\/\/redfoxlotto.com\/hu\/#\/schema\/logo\/image\/\"}}]}<\/script>\n<!-- \/ Yoast SEO plugin. -->","yoast_head_json":{"title":"J\u00e1tsszon Lotto America online","description":"A j\u00e1t\u00e9kosok b\u00e1rmely orsz\u00e1gb\u00f3l most csatlakozhatnak \u00e9s j\u00e1tszhatnak ebben a t\u00f6bb \u00e1llamot \u00e9rint\u0151 lott\u00f3j\u00e1t\u00e9kban az USA-b\u00f3l online","robots":{"index":"index","follow":"follow","max-snippet":"max-snippet:-1","max-image-preview":"max-image-preview:large","max-video-preview":"max-video-preview:-1"},"canonical":"https:\/\/redfoxlotto.com\/hu\/jatek\/lotto-america\/","og_locale":"hu_HU","og_type":"article","og_title":"J\u00e1tsszon Lotto America online","og_description":"A j\u00e1t\u00e9kosok b\u00e1rmely orsz\u00e1gb\u00f3l most csatlakozhatnak \u00e9s j\u00e1tszhatnak ebben a t\u00f6bb \u00e1llamot \u00e9rint\u0151 lott\u00f3j\u00e1t\u00e9kban az USA-b\u00f3l online","og_url":"https:\/\/redfoxlotto.com\/hu\/jatek\/lotto-america\/","og_site_name":"Get Tickets for the World\u2019s largest jackpots","article_modified_time":"2025-12-10T13:14:56+00:00","og_image":[{"url":"https:\/\/content.redfoxlotto.com\/uploads\/sites\/9\/1_play_lottery_online5.jpg"}],"twitter_card":"summary_large_image","twitter_misc":{"Becs\u00fclt olvas\u00e1si id\u0151":"3 perc"},"schema":{"@context":"https:\/\/schema.org","@graph":[{"@type":"WebPage","@id":"https:\/\/redfoxlotto.com\/hu\/jatek\/lotto-america\/","url":"https:\/\/redfoxlotto.com\/hu\/jatek\/lotto-america\/","name":"J\u00e1tsszon Lotto America online","isPartOf":{"@id":"https:\/\/redfoxlotto.com\/hu\/#website"},"primaryImageOfPage":{"@id":"https:\/\/redfoxlotto.com\/hu\/jatek\/lotto-america\/#primaryimage"},"image":{"@id":"https:\/\/redfoxlotto.com\/hu\/jatek\/lotto-america\/#primaryimage"},"thumbnailUrl":"https:\/\/content.redfoxlotto.com\/uploads\/sites\/9\/1_play_lottery_online5.jpg","datePublished":"2023-04-24T18:09:15+00:00","dateModified":"2025-12-10T13:14:56+00:00","description":"A j\u00e1t\u00e9kosok b\u00e1rmely orsz\u00e1gb\u00f3l most csatlakozhatnak \u00e9s j\u00e1tszhatnak ebben a t\u00f6bb \u00e1llamot \u00e9rint\u0151 lott\u00f3j\u00e1t\u00e9kban az USA-b\u00f3l online","breadcrumb":{"@id":"https:\/\/redfoxlotto.com\/hu\/jatek\/lotto-america\/#breadcrumb"},"inLanguage":"hu","potentialAction":[{"@type":"ReadAction","target":["https:\/\/redfoxlotto.com\/hu\/jatek\/lotto-america\/"]}]},{"@type":"ImageObject","inLanguage":"hu","@id":"https:\/\/redfoxlotto.com\/hu\/jatek\/lotto-america\/#primaryimage","url":"https:\/\/content.redfoxlotto.com\/uploads\/sites\/9\/1_play_lottery_online5.jpg","contentUrl":"https:\/\/content.redfoxlotto.com\/uploads\/sites\/9\/1_play_lottery_online5.jpg"},{"@type":"BreadcrumbList","@id":"https:\/\/redfoxlotto.com\/hu\/jatek\/lotto-america\/#breadcrumb","itemListElement":[{"@type":"ListItem","position":1,"name":"Home","item":"https:\/\/redfoxlotto.com\/hu\/"},{"@type":"ListItem","position":2,"name":"Hogyan j\u00e1tszhat m\u00e1s orsz\u00e1gok lott\u00f3j\u00e1t\u00e9kain","item":"https:\/\/redfoxlotto.com\/hu\/jatek\/"},{"@type":"ListItem","position":3,"name":"Hogyan j\u00e1tsszon Lotto America online"}]},{"@type":"WebSite","@id":"https:\/\/redfoxlotto.com\/hu\/#website","url":"https:\/\/redfoxlotto.com\/hu\/","name":"Get Tickets for the World\u2019s largest jackpots","description":"Participate in worldwide lottery jackpots from any country","publisher":{"@id":"https:\/\/redfoxlotto.com\/hu\/#organization"},"potentialAction":[{"@type":"SearchAction","target":{"@type":"EntryPoint","urlTemplate":"https:\/\/redfoxlotto.com\/hu\/?s={search_term_string}"},"query-input":{"@type":"PropertyValueSpecification","valueRequired":true,"valueName":"search_term_string"}}],"inLanguage":"hu"},{"@type":"Organization","@id":"https:\/\/redfoxlotto.com\/hu\/#organization","name":"Get Tickets for the World\u2019s largest jackpots","url":"https:\/\/redfoxlotto.com\/hu\/","logo":{"@type":"ImageObject","inLanguage":"hu","@id":"https:\/\/redfoxlotto.com\/hu\/#\/schema\/logo\/image\/","url":"https:\/\/redfoxlotto.com\/wp-content\/uploads\/2023\/04\/logo.png","contentUrl":"https:\/\/redfoxlotto.com\/wp-content\/uploads\/2023\/04\/logo.png","width":269,"height":53,"caption":"Get Tickets for the World\u2019s largest jackpots"},"image":{"@id":"https:\/\/redfoxlotto.com\/hu\/#\/schema\/logo\/image\/"}}]}},"_links":{"self":[{"href":"https:\/\/redfoxlotto.com\/hu\/wp-json\/wp\/v2\/pages\/55169","targetHints":{"allow":["GET"]}}],"collection":[{"href":"https:\/\/redfoxlotto.com\/hu\/wp-json\/wp\/v2\/pages"}],"about":[{"href":"https:\/\/redfoxlotto.com\/hu\/wp-json\/wp\/v2\/types\/page"}],"author":[{"embeddable":true,"href":"https:\/\/redfoxlotto.com\/hu\/wp-json\/wp\/v2\/users\/1"}],"replies":[{"embeddable":true,"href":"https:\/\/redfoxlotto.com\/hu\/wp-json\/wp\/v2\/comments?post=55169"}],"version-history":[{"count":0,"href":"https:\/\/redfoxlotto.com\/hu\/wp-json\/wp\/v2\/pages\/55169\/revisions"}],"up":[{"embeddable":true,"href":"https:\/\/redfoxlotto.com\/hu\/wp-json\/wp\/v2\/pages\/55156"}],"wp:attachment":[{"href":"https:\/\/redfoxlotto.com\/hu\/wp-json\/wp\/v2\/media?parent=55169"}],"curies":[{"name":"wp","href":"https:\/\/api.w.org\/{rel}","templated":true}]}}