{"id":55168,"date":"2023-04-24T18:15:05","date_gmt":"2023-04-24T18:15:05","guid":{"rendered":"https:\/\/redfoxlotto.com\/?page_id=21448"},"modified":"2025-12-11T07:26:29","modified_gmt":"2025-12-11T07:26:29","slug":"lotto-6aus49","status":"publish","type":"page","link":"https:\/\/redfoxlotto.com\/hu\/jatek\/lotto-6aus49\/","title":{"rendered":"Vegyen r\u00e9szt a Lotto N\u00e9metorsz\u00e1gban"},"content":{"rendered":"<script type=\"application\/ld+json\">\r\n{\r\n  \"@context\": \"https:\/\/schema.org\",\r\n  \"@type\": \"Service\",\r\n  \"name\": \"Lotto Germany online\",\r\n  \"url\": \"https:\/\/redfoxlotto.com\/hu\/jatek\/lotto-6aus49\/\",\r\n  \"description\": \"V\u00e1s\u00e1roljon hivatalos Lotto Germany online jegyeket a RedFoxLotto-n kereszt\u00fcl. V\u00e1lassza ki a sz\u00e1mait, \u00e9s csatlakozzon a k\u00f6vetkez\u0151 sorsol\u00e1shoz.\",\r\n  \"serviceType\": \"Online lottery ticket purchase\",\r\n\r\n  \"provider\": {\r\n    \"@type\": \"Organization\",\r\n    \"name\": \"RedFoxLotto\",\r\n    \"url\": \"https:\/\/redfoxlotto.com\",\r\n    \"logo\": \"https:\/\/redfoxlotto.com\/wp-content\/uploads\/logo.png\"\r\n  },\r\n\r\n  \"areaServed\": \"Worldwide\",\r\n  \"termsOfService\": \"https:\/\/redfoxlotto.com\/terms-and-conditions\",\r\n\r\n  \"hasOfferCatalog\": {\r\n    \"@type\": \"OfferCatalog\",\r\n    \"name\": \"Lotto Germany Offers\",\r\n    \"itemListElement\": [\r\n      {\r\n        \"@type\": \"Offer\",\r\n        \"name\": \"Lotto Lotto Germany Ticket\",\r\n        \"url\": \"https:\/\/redfoxlotto.com\/hu\/jatek\/lotto-6aus49\/\",\r\n        \"description\": \"Egy r\u00e9szv\u00e9tel a k\u00f6vetkez\u0151 Lotto Germany sorsol\u00e1son.\",\r\n        \"price\": \"3.80\",\r\n        \"priceCurrency\": \"EUR\",\r\n        \"availability\": \"https:\/\/schema.org\/InStock\",\r\n\r\n        \"itemOffered\": {\r\n          \"@type\": \"Service\",\r\n          \"name\": \"Lotto Germany Lottery Entry\",\r\n          \"description\": \"R\u00e9szv\u00e9tel a k\u00f6vetkez\u0151 Lotto Germany sorsol\u00e1son a RedFoxLotto-n kereszt\u00fcl.\"\r\n        }\r\n      }\r\n    ]\r\n  },\r\n\r\n  \"mainEntityOfPage\": {\r\n    \"@type\": \"WebPage\",\r\n    \"@id\": \"https:\/\/redfoxlotto.com\/hu\/jatek\/lotto-6aus49\/\"\r\n  }\r\n}\r\n<\/script><h2 class=\"wp-block-heading\">N\u00e9met Lotto 6aus49 online j\u00e1t\u00e9k<\/h2><p>Ha \u00faj j\u00e1t\u00e9kot keresel, akkor \u00e9rdemes k\u00f6zelebbr\u0151l megn\u00e9zned, hogyan lehet n\u00e9met lott\u00f3t 6aus49 online j\u00e1tszani. Im\u00e1dni fogod a j\u00e1t\u00e9kot \u00e9s azt, hogy mennyire egyszer\u0171, \u00e9s biztosan tetszeni fog a lehet\u0151s\u00e9g, hogy megnyerheted a nagy jackpotot. Enn\u00e9l a j\u00e1t\u00e9kn\u00e1l 6 norm\u00e1l goly\u00f3t, valamint 1 szuper goly\u00f3t v\u00e1lasztasz.<br>A norm\u00e1l goly\u00f3k 1-49-ig vannak sz\u00e1mozva, m\u00edg a kieg\u00e9sz\u00edt\u0151 goly\u00f3k sz\u00e1ma 0-9-ig terjed. A nyerem\u00e9nyhez mind\u00f6ssze annyit kell tenned, hogy legal\u00e1bb h\u00e1rom goly\u00f3t egybe kell illesztened. Ha ez siker\u00fcl, akkor valamilyen nyerem\u00e9nyt fogsz kapni, b\u00e1r a jackpothoz az \u00f6sszes sz\u00e1mot egybe kell tal\u00e1lnod.<\/p><h2 class=\"wp-block-heading\">Hogyan j\u00e1tsszon n\u00e9met lott\u00f3t 6aus49 online<\/h2><p>K\u00e9szen \u00e1ll arra, hogy felvegye a saj\u00e1t szelv\u00e9nyeit? Akkor tudnod kell, hogyan kell j\u00e1tszani. A sz\u00e1mok kiv\u00e1laszt\u00e1sa az els\u0151 l\u00e9p\u00e9s, hacsak nem szeretn\u00e9, hogy a sz\u00e1mokat automatikusan gener\u00e1lj\u00e1k \u00f6nnek. Ezek a k\u00f6nnyen kiv\u00e1laszthat\u00f3 szelv\u00e9nyek m\u00e9g k\u00f6nnyebb\u00e9 teszik a sorsol\u00e1sra val\u00f3 felk\u00e9sz\u00fcl\u00e9st.<\/p><p><img loading=\"lazy\" decoding=\"async\" class=\" wp-image alignright\" src=\"https:\/\/content.redfoxlotto.com\/uploads\/sites\/9\/1_big_win_lotto.jpg\" alt=\"Lotto N\u00e9metorsz\u00e1g online\" width=\"350\" height=\"175\"><\/p><p>A RedFoxLotto.com oldalon k\u00f6nnyed\u00e9n megv\u00e1s\u00e1rolhatja a szelv\u00e9nyeit, ak\u00e1r ki akarja v\u00e1lasztani a sz\u00e1mokat, ak\u00e1r nem. Ezut\u00e1n m\u00e1r csak be kell adnia az \u00d6n \u00e1ltal prefer\u00e1lt fizet\u00e9si m\u00f3dot, \u00e9s v\u00e1rnia kell, hogy megl\u00e1ssa, nyer-e.<\/p><h2 class=\"wp-block-heading\">Ellen\u0151rizze az eredm\u00e9nyeket<\/h2><p>A sorsol\u00e1s v\u00e9gezt\u00e9vel megn\u00e9zheti a j\u00e1t\u00e9k eredm\u00e9ny\u00e9t, \u00e9s megn\u00e9zheti, hogy nyert-e, vagy szeretne-e tov\u00e1bbi szelv\u00e9nyeket v\u00e1s\u00e1rolni a k\u00f6vetkez\u0151 j\u00e1t\u00e9kra. Az \u00f6sszes nyer\u0151sz\u00e1mot megtal\u00e1lod a RedFoxLotto.com oldalon.<\/p>","protected":false},"excerpt":{"rendered":"<p>N\u00e9met Lotto 6aus49 online j\u00e1t\u00e9k Ha \u00faj j\u00e1t\u00e9kot keresel, akkor \u00e9rdemes k\u00f6zelebbr\u0151l megn\u00e9zned, hogyan lehet n\u00e9met lott\u00f3t 6aus49 online j\u00e1tszani. Im\u00e1dni fogod a j\u00e1t\u00e9kot \u00e9s azt, hogy mennyire egyszer\u0171, \u00e9s biztosan tetszeni fog a lehet\u0151s\u00e9g, hogy megnyerheted a nagy jackpotot. Enn\u00e9l a j\u00e1t\u00e9kn\u00e1l 6 norm\u00e1l goly\u00f3t, valamint 1 szuper goly\u00f3t v\u00e1lasztasz.A norm\u00e1l goly\u00f3k 1-49-ig vannak [&hellip;]<\/p>\n","protected":false},"author":1,"featured_media":0,"parent":55156,"menu_order":15,"comment_status":"closed","ping_status":"closed","template":"lotto-german.php","meta":{"_et_pb_use_builder":"","_et_pb_old_content":"","_et_gb_content_width":"","exclude_from_search":false,"footnotes":""},"class_list":["post-55168","page","type-page","status-publish","hentry"],"yoast_head":"<!-- This site is optimized with the Yoast SEO plugin v23.8 - https:\/\/yoast.com\/wordpress\/plugins\/seo\/ -->\n<title>N\u00e9met Lotto online j\u00e1t\u00e9k<\/title>\n<meta name=\"description\" content=\"N\u00e9met lott\u00f3 &quot;6 aus 49&quot; most b\u00e1rhonnan el\u00e9rhet\u0151 - j\u00e1tsszon online!\" \/>\n<meta name=\"robots\" content=\"index, follow, max-snippet:-1, max-image-preview:large, max-video-preview:-1\" \/>\n<link rel=\"canonical\" href=\"https:\/\/redfoxlotto.com\/hu\/jatek\/lotto-6aus49\/\" \/>\n<meta property=\"og:locale\" content=\"hu_HU\" \/>\n<meta property=\"og:type\" content=\"article\" \/>\n<meta property=\"og:title\" content=\"N\u00e9met Lotto online j\u00e1t\u00e9k\" \/>\n<meta property=\"og:description\" content=\"N\u00e9met lott\u00f3 &quot;6 aus 49&quot; most b\u00e1rhonnan el\u00e9rhet\u0151 - j\u00e1tsszon online!\" \/>\n<meta property=\"og:url\" content=\"https:\/\/redfoxlotto.com\/hu\/jatek\/lotto-6aus49\/\" \/>\n<meta property=\"og:site_name\" content=\"Get Tickets for the World\u2019s largest jackpots\" \/>\n<meta property=\"article:modified_time\" content=\"2025-12-11T07:26:29+00:00\" \/>\n<meta property=\"og:image\" content=\"https:\/\/content.redfoxlotto.com\/uploads\/sites\/9\/1_big_win_lotto.jpg\" \/>\n<meta name=\"twitter:card\" content=\"summary_large_image\" \/>\n<meta name=\"twitter:label1\" content=\"Becs\u00fclt olvas\u00e1si id\u0151\" \/>\n\t<meta name=\"twitter:data1\" content=\"2 perc\" \/>\n<script type=\"application\/ld+json\" class=\"yoast-schema-graph\">{\"@context\":\"https:\/\/schema.org\",\"@graph\":[{\"@type\":\"WebPage\",\"@id\":\"https:\/\/redfoxlotto.com\/hu\/jatek\/lotto-6aus49\/\",\"url\":\"https:\/\/redfoxlotto.com\/hu\/jatek\/lotto-6aus49\/\",\"name\":\"N\u00e9met Lotto online j\u00e1t\u00e9k\",\"isPartOf\":{\"@id\":\"https:\/\/redfoxlotto.com\/hu\/#website\"},\"primaryImageOfPage\":{\"@id\":\"https:\/\/redfoxlotto.com\/hu\/jatek\/lotto-6aus49\/#primaryimage\"},\"image\":{\"@id\":\"https:\/\/redfoxlotto.com\/hu\/jatek\/lotto-6aus49\/#primaryimage\"},\"thumbnailUrl\":\"https:\/\/content.redfoxlotto.com\/uploads\/sites\/9\/1_big_win_lotto.jpg\",\"datePublished\":\"2023-04-24T18:15:05+00:00\",\"dateModified\":\"2025-12-11T07:26:29+00:00\",\"description\":\"N\u00e9met lott\u00f3 \\\"6 aus 49\\\" most b\u00e1rhonnan el\u00e9rhet\u0151 - j\u00e1tsszon online!\",\"breadcrumb\":{\"@id\":\"https:\/\/redfoxlotto.com\/hu\/jatek\/lotto-6aus49\/#breadcrumb\"},\"inLanguage\":\"hu\",\"potentialAction\":[{\"@type\":\"ReadAction\",\"target\":[\"https:\/\/redfoxlotto.com\/hu\/jatek\/lotto-6aus49\/\"]}]},{\"@type\":\"ImageObject\",\"inLanguage\":\"hu\",\"@id\":\"https:\/\/redfoxlotto.com\/hu\/jatek\/lotto-6aus49\/#primaryimage\",\"url\":\"https:\/\/content.redfoxlotto.com\/uploads\/sites\/9\/1_big_win_lotto.jpg\",\"contentUrl\":\"https:\/\/content.redfoxlotto.com\/uploads\/sites\/9\/1_big_win_lotto.jpg\"},{\"@type\":\"BreadcrumbList\",\"@id\":\"https:\/\/redfoxlotto.com\/hu\/jatek\/lotto-6aus49\/#breadcrumb\",\"itemListElement\":[{\"@type\":\"ListItem\",\"position\":1,\"name\":\"Home\",\"item\":\"https:\/\/redfoxlotto.com\/hu\/\"},{\"@type\":\"ListItem\",\"position\":2,\"name\":\"Hogyan j\u00e1tszhat m\u00e1s orsz\u00e1gok lott\u00f3j\u00e1t\u00e9kain\",\"item\":\"https:\/\/redfoxlotto.com\/hu\/jatek\/\"},{\"@type\":\"ListItem\",\"position\":3,\"name\":\"Vegyen r\u00e9szt a Lotto N\u00e9metorsz\u00e1gban\"}]},{\"@type\":\"WebSite\",\"@id\":\"https:\/\/redfoxlotto.com\/hu\/#website\",\"url\":\"https:\/\/redfoxlotto.com\/hu\/\",\"name\":\"Get Tickets for the World\u2019s largest jackpots\",\"description\":\"Participate in worldwide lottery jackpots from any country\",\"publisher\":{\"@id\":\"https:\/\/redfoxlotto.com\/hu\/#organization\"},\"potentialAction\":[{\"@type\":\"SearchAction\",\"target\":{\"@type\":\"EntryPoint\",\"urlTemplate\":\"https:\/\/redfoxlotto.com\/hu\/?s={search_term_string}\"},\"query-input\":{\"@type\":\"PropertyValueSpecification\",\"valueRequired\":true,\"valueName\":\"search_term_string\"}}],\"inLanguage\":\"hu\"},{\"@type\":\"Organization\",\"@id\":\"https:\/\/redfoxlotto.com\/hu\/#organization\",\"name\":\"Get Tickets for the World\u2019s largest jackpots\",\"url\":\"https:\/\/redfoxlotto.com\/hu\/\",\"logo\":{\"@type\":\"ImageObject\",\"inLanguage\":\"hu\",\"@id\":\"https:\/\/redfoxlotto.com\/hu\/#\/schema\/logo\/image\/\",\"url\":\"https:\/\/redfoxlotto.com\/wp-content\/uploads\/2023\/04\/logo.png\",\"contentUrl\":\"https:\/\/redfoxlotto.com\/wp-content\/uploads\/2023\/04\/logo.png\",\"width\":269,\"height\":53,\"caption\":\"Get Tickets for the World\u2019s largest jackpots\"},\"image\":{\"@id\":\"https:\/\/redfoxlotto.com\/hu\/#\/schema\/logo\/image\/\"}}]}<\/script>\n<!-- \/ Yoast SEO plugin. -->","yoast_head_json":{"title":"N\u00e9met Lotto online j\u00e1t\u00e9k","description":"N\u00e9met lott\u00f3 \"6 aus 49\" most b\u00e1rhonnan el\u00e9rhet\u0151 - j\u00e1tsszon online!","robots":{"index":"index","follow":"follow","max-snippet":"max-snippet:-1","max-image-preview":"max-image-preview:large","max-video-preview":"max-video-preview:-1"},"canonical":"https:\/\/redfoxlotto.com\/hu\/jatek\/lotto-6aus49\/","og_locale":"hu_HU","og_type":"article","og_title":"N\u00e9met Lotto online j\u00e1t\u00e9k","og_description":"N\u00e9met lott\u00f3 \"6 aus 49\" most b\u00e1rhonnan el\u00e9rhet\u0151 - j\u00e1tsszon online!","og_url":"https:\/\/redfoxlotto.com\/hu\/jatek\/lotto-6aus49\/","og_site_name":"Get Tickets for the World\u2019s largest jackpots","article_modified_time":"2025-12-11T07:26:29+00:00","og_image":[{"url":"https:\/\/content.redfoxlotto.com\/uploads\/sites\/9\/1_big_win_lotto.jpg"}],"twitter_card":"summary_large_image","twitter_misc":{"Becs\u00fclt olvas\u00e1si id\u0151":"2 perc"},"schema":{"@context":"https:\/\/schema.org","@graph":[{"@type":"WebPage","@id":"https:\/\/redfoxlotto.com\/hu\/jatek\/lotto-6aus49\/","url":"https:\/\/redfoxlotto.com\/hu\/jatek\/lotto-6aus49\/","name":"N\u00e9met Lotto online j\u00e1t\u00e9k","isPartOf":{"@id":"https:\/\/redfoxlotto.com\/hu\/#website"},"primaryImageOfPage":{"@id":"https:\/\/redfoxlotto.com\/hu\/jatek\/lotto-6aus49\/#primaryimage"},"image":{"@id":"https:\/\/redfoxlotto.com\/hu\/jatek\/lotto-6aus49\/#primaryimage"},"thumbnailUrl":"https:\/\/content.redfoxlotto.com\/uploads\/sites\/9\/1_big_win_lotto.jpg","datePublished":"2023-04-24T18:15:05+00:00","dateModified":"2025-12-11T07:26:29+00:00","description":"N\u00e9met lott\u00f3 \"6 aus 49\" most b\u00e1rhonnan el\u00e9rhet\u0151 - j\u00e1tsszon online!","breadcrumb":{"@id":"https:\/\/redfoxlotto.com\/hu\/jatek\/lotto-6aus49\/#breadcrumb"},"inLanguage":"hu","potentialAction":[{"@type":"ReadAction","target":["https:\/\/redfoxlotto.com\/hu\/jatek\/lotto-6aus49\/"]}]},{"@type":"ImageObject","inLanguage":"hu","@id":"https:\/\/redfoxlotto.com\/hu\/jatek\/lotto-6aus49\/#primaryimage","url":"https:\/\/content.redfoxlotto.com\/uploads\/sites\/9\/1_big_win_lotto.jpg","contentUrl":"https:\/\/content.redfoxlotto.com\/uploads\/sites\/9\/1_big_win_lotto.jpg"},{"@type":"BreadcrumbList","@id":"https:\/\/redfoxlotto.com\/hu\/jatek\/lotto-6aus49\/#breadcrumb","itemListElement":[{"@type":"ListItem","position":1,"name":"Home","item":"https:\/\/redfoxlotto.com\/hu\/"},{"@type":"ListItem","position":2,"name":"Hogyan j\u00e1tszhat m\u00e1s orsz\u00e1gok lott\u00f3j\u00e1t\u00e9kain","item":"https:\/\/redfoxlotto.com\/hu\/jatek\/"},{"@type":"ListItem","position":3,"name":"Vegyen r\u00e9szt a Lotto N\u00e9metorsz\u00e1gban"}]},{"@type":"WebSite","@id":"https:\/\/redfoxlotto.com\/hu\/#website","url":"https:\/\/redfoxlotto.com\/hu\/","name":"Get Tickets for the World\u2019s largest jackpots","description":"Participate in worldwide lottery jackpots from any country","publisher":{"@id":"https:\/\/redfoxlotto.com\/hu\/#organization"},"potentialAction":[{"@type":"SearchAction","target":{"@type":"EntryPoint","urlTemplate":"https:\/\/redfoxlotto.com\/hu\/?s={search_term_string}"},"query-input":{"@type":"PropertyValueSpecification","valueRequired":true,"valueName":"search_term_string"}}],"inLanguage":"hu"},{"@type":"Organization","@id":"https:\/\/redfoxlotto.com\/hu\/#organization","name":"Get Tickets for the World\u2019s largest jackpots","url":"https:\/\/redfoxlotto.com\/hu\/","logo":{"@type":"ImageObject","inLanguage":"hu","@id":"https:\/\/redfoxlotto.com\/hu\/#\/schema\/logo\/image\/","url":"https:\/\/redfoxlotto.com\/wp-content\/uploads\/2023\/04\/logo.png","contentUrl":"https:\/\/redfoxlotto.com\/wp-content\/uploads\/2023\/04\/logo.png","width":269,"height":53,"caption":"Get Tickets for the World\u2019s largest jackpots"},"image":{"@id":"https:\/\/redfoxlotto.com\/hu\/#\/schema\/logo\/image\/"}}]}},"_links":{"self":[{"href":"https:\/\/redfoxlotto.com\/hu\/wp-json\/wp\/v2\/pages\/55168","targetHints":{"allow":["GET"]}}],"collection":[{"href":"https:\/\/redfoxlotto.com\/hu\/wp-json\/wp\/v2\/pages"}],"about":[{"href":"https:\/\/redfoxlotto.com\/hu\/wp-json\/wp\/v2\/types\/page"}],"author":[{"embeddable":true,"href":"https:\/\/redfoxlotto.com\/hu\/wp-json\/wp\/v2\/users\/1"}],"replies":[{"embeddable":true,"href":"https:\/\/redfoxlotto.com\/hu\/wp-json\/wp\/v2\/comments?post=55168"}],"version-history":[{"count":0,"href":"https:\/\/redfoxlotto.com\/hu\/wp-json\/wp\/v2\/pages\/55168\/revisions"}],"up":[{"embeddable":true,"href":"https:\/\/redfoxlotto.com\/hu\/wp-json\/wp\/v2\/pages\/55156"}],"wp:attachment":[{"href":"https:\/\/redfoxlotto.com\/hu\/wp-json\/wp\/v2\/media?parent=55168"}],"curies":[{"name":"wp","href":"https:\/\/api.w.org\/{rel}","templated":true}]}}