{"id":55167,"date":"2023-04-24T17:52:16","date_gmt":"2023-04-24T17:52:16","guid":{"rendered":"https:\/\/redfoxlotto.com\/?page_id=21446"},"modified":"2023-03-13T17:37:23","modified_gmt":"2023-03-13T17:37:23","slug":"la-primitiva","status":"publish","type":"page","link":"https:\/\/redfoxlotto.com\/hu\/jatek\/la-primitiva\/","title":{"rendered":"Hogyan vehet r\u00e9szt a La Primitiv\u00e1ban"},"content":{"rendered":"<h2 class=\"wp-block-heading\">Loterie hebdomadaire espagnole La Primitiva<\/h2><p>La Primitiva est une loterie espagnole qui est souvent confondue avec El Gordo. Elles sont toutes deux organis\u00e9es par la m\u00eame soci\u00e9t\u00e9. La Primitiva est la loterie hebdomadaire espagnole dont les tirages ont lieu tous les jeudis et samedis. Vous devrez choisir 6 num\u00e9ros sur 49 pour compl\u00e9ter votre billet.<\/p><p><img decoding=\"async\" class=\" wp-image alignright\" src=\"https:\/\/content.redfoxlotto.com\/uploads\/sites\/9\/1_play_lotto_to_win.jpg\" alt=\"La Primitiva online j\u00e1t\u00e9k\" width=\"250&quot;\" height=\"125\"><\/p><p>Le num\u00e9ro &#8222;Reintegro&#8221; vous donne un nouveau billet pour le tirage suivant. Il d\u00e9termine \u00e9galement si vous avez gagn\u00e9 le premier prix, pour lequel vous avez besoin des 6 num\u00e9ros principaux et du num\u00e9ro &#8222;Reintegro&#8221;.<\/p><p>Ce num\u00e9ro sera choisi automatiquement lorsque vous ach\u00e8terez un nouveau billet. Si vous achetiez un billet en ligne (ce qui n&#8217;est possible qu&#8217;\u00e0 partir de l&#8217;Espagne !), vous pourriez choisir vous-m\u00eame votre num\u00e9ro &#8222;R&#8221;, mais comme nous achetons nos billets par l&#8217;interm\u00e9diaire d&#8217;un agent de loterie local, le num\u00e9ro &#8222;R&#8221; ne peut pas \u00eatre choisi manuellement sur notre site web. Votre num\u00e9ro &#8222;R&#8221; figurera cependant sur votre billet.<\/p><p>Le num\u00e9ro &#8222;C&#8221; est un num\u00e9ro suppl\u00e9mentaire tir\u00e9 au sort, pour le prix du troisi\u00e8me niveau. Le num\u00e9ro &#8222;C&#8221; n&#8217;entre en jeu que si vous avez 5 num\u00e9ros corrects. Si votre sixi\u00e8me num\u00e9ro correspond au num\u00e9ro &#8222;C&#8221;, vous gagnez un prix plus \u00e9lev\u00e9.<\/p><p>El Gordo, quant \u00e0 lui, est la version de No\u00ebl de cette m\u00eame loterie. Cette loterie fonctionne de mani\u00e8re totalement diff\u00e9rente et il n&#8217;y a qu&#8217;un seul tirage par an.<\/p><p>Si vous souhaitez acheter un billet pour La Primitiva depuis le Royaume-Uni, vous pouvez le faire ici sur notre site. Utilisez notre g\u00e9n\u00e9rateur de num\u00e9ros al\u00e9atoires ou choisissez vous-m\u00eame vos num\u00e9ros.<\/p><p><img loading=\"lazy\" decoding=\"async\" class=\" wp-image alignright\" src=\"https:\/\/content.redfoxlotto.com\/uploads\/sites\/9\/2_ticket_la_primitiva4.jpg\" alt=\"nyerni La Primitiva\" width=\"250\" height=\"125\"><\/p><p>Apr\u00e8s avoir termin\u00e9 votre commande de billets (n&#8217;h\u00e9sitez pas \u00e0 ajouter des billets pour d&#8217;autres loteries), vous devez cr\u00e9er un compte client chez nous et payer en ligne. N&#8217;oubliez pas de v\u00e9rifier votre bo\u00eete aux lettres \u00e9lectronique pour y trouver le message qui contient un lien pour confirmer votre inscription. Prenez note de vos donn\u00e9es de connexion. Gr\u00e2ce \u00e0 ces donn\u00e9es de connexion, vous pourrez v\u00e9rifier vos gains \u00e0 tout moment.<\/p><p>Bien entendu, vous pouvez toujours revenir et jouer \u00e0 d&#8217;autres loteries. Nous vous conseillons de revenir r\u00e9guli\u00e8rement et de consulter les montants des cagnottes actuelles.<\/p><p><\/p>","protected":false},"excerpt":{"rendered":"<p>Loterie hebdomadaire espagnole La Primitiva La Primitiva est une loterie espagnole qui est souvent confondue avec El Gordo. Elles sont toutes deux organis\u00e9es par la m\u00eame soci\u00e9t\u00e9. La Primitiva est la loterie hebdomadaire espagnole dont les tirages ont lieu tous les jeudis et samedis. Vous devrez choisir 6 num\u00e9ros sur 49 pour compl\u00e9ter votre billet. [&hellip;]<\/p>\n","protected":false},"author":1,"featured_media":0,"parent":55156,"menu_order":7,"comment_status":"closed","ping_status":"closed","template":"la-primitiva.php","meta":{"_et_pb_use_builder":"","_et_pb_old_content":"","_et_gb_content_width":"","exclude_from_search":false,"footnotes":""},"class_list":["post-55167","page","type-page","status-publish","hentry"],"yoast_head":"<!-- This site is optimized with the Yoast SEO plugin v27.4 - https:\/\/yoast.com\/product\/yoast-seo-wordpress\/ -->\n<title>J\u00e1tsszon La Primitiva az Egyes\u00fclt Kir\u00e1lys\u00e1gb\u00f3l<\/title>\n<meta name=\"description\" content=\"Hadd mutassuk meg, hogyan lehet j\u00e1tszani La Primitiva Lott\u00f3 Spanyolorsz\u00e1g az Egyes\u00fclt Kir\u00e1lys\u00e1gb\u00f3l\" \/>\n<meta name=\"robots\" content=\"index, follow, max-snippet:-1, max-image-preview:large, max-video-preview:-1\" \/>\n<link rel=\"canonical\" href=\"https:\/\/redfoxlotto.com\/hu\/jatek\/la-primitiva\/\" \/>\n<meta property=\"og:locale\" content=\"hu_HU\" \/>\n<meta property=\"og:type\" content=\"article\" \/>\n<meta property=\"og:title\" content=\"J\u00e1tsszon La Primitiva az Egyes\u00fclt Kir\u00e1lys\u00e1gb\u00f3l\" \/>\n<meta property=\"og:description\" content=\"Hadd mutassuk meg, hogyan lehet j\u00e1tszani La Primitiva Lott\u00f3 Spanyolorsz\u00e1g az Egyes\u00fclt Kir\u00e1lys\u00e1gb\u00f3l\" \/>\n<meta property=\"og:url\" content=\"https:\/\/redfoxlotto.com\/hu\/jatek\/la-primitiva\/\" \/>\n<meta property=\"og:site_name\" content=\"Get Tickets for the World\u2019s largest jackpots\" \/>\n<meta property=\"og:image\" content=\"https:\/\/content.redfoxlotto.com\/uploads\/sites\/9\/1_play_lotto_to_win.jpg\" \/>\n<meta name=\"twitter:card\" content=\"summary_large_image\" \/>\n<meta name=\"twitter:label1\" content=\"Becs\u00fclt olvas\u00e1si id\u0151\" \/>\n\t<meta name=\"twitter:data1\" content=\"3 perc\" \/>\n<script type=\"application\/ld+json\" class=\"yoast-schema-graph\">{\"@context\":\"https:\\\/\\\/schema.org\",\"@graph\":[{\"@type\":\"WebPage\",\"@id\":\"https:\\\/\\\/redfoxlotto.com\\\/hu\\\/jatek\\\/la-primitiva\\\/\",\"url\":\"https:\\\/\\\/redfoxlotto.com\\\/hu\\\/jatek\\\/la-primitiva\\\/\",\"name\":\"J\u00e1tsszon La Primitiva az Egyes\u00fclt Kir\u00e1lys\u00e1gb\u00f3l\",\"isPartOf\":{\"@id\":\"https:\\\/\\\/redfoxlotto.com\\\/hu\\\/#website\"},\"primaryImageOfPage\":{\"@id\":\"https:\\\/\\\/redfoxlotto.com\\\/hu\\\/jatek\\\/la-primitiva\\\/#primaryimage\"},\"image\":{\"@id\":\"https:\\\/\\\/redfoxlotto.com\\\/hu\\\/jatek\\\/la-primitiva\\\/#primaryimage\"},\"thumbnailUrl\":\"https:\\\/\\\/content.redfoxlotto.com\\\/uploads\\\/sites\\\/9\\\/1_play_lotto_to_win.jpg\",\"datePublished\":\"2023-04-24T17:52:16+00:00\",\"description\":\"Hadd mutassuk meg, hogyan lehet j\u00e1tszani La Primitiva Lott\u00f3 Spanyolorsz\u00e1g az Egyes\u00fclt Kir\u00e1lys\u00e1gb\u00f3l\",\"breadcrumb\":{\"@id\":\"https:\\\/\\\/redfoxlotto.com\\\/hu\\\/jatek\\\/la-primitiva\\\/#breadcrumb\"},\"inLanguage\":\"hu\",\"potentialAction\":[{\"@type\":\"ReadAction\",\"target\":[\"https:\\\/\\\/redfoxlotto.com\\\/hu\\\/jatek\\\/la-primitiva\\\/\"]}]},{\"@type\":\"ImageObject\",\"inLanguage\":\"hu\",\"@id\":\"https:\\\/\\\/redfoxlotto.com\\\/hu\\\/jatek\\\/la-primitiva\\\/#primaryimage\",\"url\":\"https:\\\/\\\/content.redfoxlotto.com\\\/uploads\\\/sites\\\/9\\\/1_play_lotto_to_win.jpg\",\"contentUrl\":\"https:\\\/\\\/content.redfoxlotto.com\\\/uploads\\\/sites\\\/9\\\/1_play_lotto_to_win.jpg\"},{\"@type\":\"BreadcrumbList\",\"@id\":\"https:\\\/\\\/redfoxlotto.com\\\/hu\\\/jatek\\\/la-primitiva\\\/#breadcrumb\",\"itemListElement\":[{\"@type\":\"ListItem\",\"position\":1,\"name\":\"Home\",\"item\":\"https:\\\/\\\/redfoxlotto.com\\\/hu\\\/\"},{\"@type\":\"ListItem\",\"position\":2,\"name\":\"Hogyan j\u00e1tszhat m\u00e1s orsz\u00e1gok lott\u00f3j\u00e1t\u00e9kain\",\"item\":\"https:\\\/\\\/redfoxlotto.com\\\/hu\\\/jatek\\\/\"},{\"@type\":\"ListItem\",\"position\":3,\"name\":\"Hogyan vehet r\u00e9szt a La Primitiv\u00e1ban\"}]},{\"@type\":\"WebSite\",\"@id\":\"https:\\\/\\\/redfoxlotto.com\\\/hu\\\/#website\",\"url\":\"https:\\\/\\\/redfoxlotto.com\\\/hu\\\/\",\"name\":\"Get Tickets for the World\u2019s largest jackpots\",\"description\":\"Participate in worldwide lottery jackpots from any country\",\"publisher\":{\"@id\":\"https:\\\/\\\/redfoxlotto.com\\\/hu\\\/#organization\"},\"potentialAction\":[{\"@type\":\"SearchAction\",\"target\":{\"@type\":\"EntryPoint\",\"urlTemplate\":\"https:\\\/\\\/redfoxlotto.com\\\/hu\\\/?s={search_term_string}\"},\"query-input\":{\"@type\":\"PropertyValueSpecification\",\"valueRequired\":true,\"valueName\":\"search_term_string\"}}],\"inLanguage\":\"hu\"},{\"@type\":\"Organization\",\"@id\":\"https:\\\/\\\/redfoxlotto.com\\\/hu\\\/#organization\",\"name\":\"Get Tickets for the World\u2019s largest jackpots\",\"url\":\"https:\\\/\\\/redfoxlotto.com\\\/hu\\\/\",\"logo\":{\"@type\":\"ImageObject\",\"inLanguage\":\"hu\",\"@id\":\"https:\\\/\\\/redfoxlotto.com\\\/hu\\\/#\\\/schema\\\/logo\\\/image\\\/\",\"url\":\"https:\\\/\\\/redfoxlotto.com\\\/wp-content\\\/uploads\\\/2023\\\/04\\\/logo.png\",\"contentUrl\":\"https:\\\/\\\/redfoxlotto.com\\\/wp-content\\\/uploads\\\/2023\\\/04\\\/logo.png\",\"width\":269,\"height\":53,\"caption\":\"Get Tickets for the World\u2019s largest jackpots\"},\"image\":{\"@id\":\"https:\\\/\\\/redfoxlotto.com\\\/hu\\\/#\\\/schema\\\/logo\\\/image\\\/\"}}]}<\/script>\n<!-- \/ Yoast SEO plugin. -->","yoast_head_json":{"title":"J\u00e1tsszon La Primitiva az Egyes\u00fclt Kir\u00e1lys\u00e1gb\u00f3l","description":"Hadd mutassuk meg, hogyan lehet j\u00e1tszani La Primitiva Lott\u00f3 Spanyolorsz\u00e1g az Egyes\u00fclt Kir\u00e1lys\u00e1gb\u00f3l","robots":{"index":"index","follow":"follow","max-snippet":"max-snippet:-1","max-image-preview":"max-image-preview:large","max-video-preview":"max-video-preview:-1"},"canonical":"https:\/\/redfoxlotto.com\/hu\/jatek\/la-primitiva\/","og_locale":"hu_HU","og_type":"article","og_title":"J\u00e1tsszon La Primitiva az Egyes\u00fclt Kir\u00e1lys\u00e1gb\u00f3l","og_description":"Hadd mutassuk meg, hogyan lehet j\u00e1tszani La Primitiva Lott\u00f3 Spanyolorsz\u00e1g az Egyes\u00fclt Kir\u00e1lys\u00e1gb\u00f3l","og_url":"https:\/\/redfoxlotto.com\/hu\/jatek\/la-primitiva\/","og_site_name":"Get Tickets for the World\u2019s largest jackpots","og_image":[{"url":"https:\/\/content.redfoxlotto.com\/uploads\/sites\/9\/1_play_lotto_to_win.jpg","type":"","width":"","height":""}],"twitter_card":"summary_large_image","twitter_misc":{"Becs\u00fclt olvas\u00e1si id\u0151":"3 perc"},"schema":{"@context":"https:\/\/schema.org","@graph":[{"@type":"WebPage","@id":"https:\/\/redfoxlotto.com\/hu\/jatek\/la-primitiva\/","url":"https:\/\/redfoxlotto.com\/hu\/jatek\/la-primitiva\/","name":"J\u00e1tsszon La Primitiva az Egyes\u00fclt Kir\u00e1lys\u00e1gb\u00f3l","isPartOf":{"@id":"https:\/\/redfoxlotto.com\/hu\/#website"},"primaryImageOfPage":{"@id":"https:\/\/redfoxlotto.com\/hu\/jatek\/la-primitiva\/#primaryimage"},"image":{"@id":"https:\/\/redfoxlotto.com\/hu\/jatek\/la-primitiva\/#primaryimage"},"thumbnailUrl":"https:\/\/content.redfoxlotto.com\/uploads\/sites\/9\/1_play_lotto_to_win.jpg","datePublished":"2023-04-24T17:52:16+00:00","description":"Hadd mutassuk meg, hogyan lehet j\u00e1tszani La Primitiva Lott\u00f3 Spanyolorsz\u00e1g az Egyes\u00fclt Kir\u00e1lys\u00e1gb\u00f3l","breadcrumb":{"@id":"https:\/\/redfoxlotto.com\/hu\/jatek\/la-primitiva\/#breadcrumb"},"inLanguage":"hu","potentialAction":[{"@type":"ReadAction","target":["https:\/\/redfoxlotto.com\/hu\/jatek\/la-primitiva\/"]}]},{"@type":"ImageObject","inLanguage":"hu","@id":"https:\/\/redfoxlotto.com\/hu\/jatek\/la-primitiva\/#primaryimage","url":"https:\/\/content.redfoxlotto.com\/uploads\/sites\/9\/1_play_lotto_to_win.jpg","contentUrl":"https:\/\/content.redfoxlotto.com\/uploads\/sites\/9\/1_play_lotto_to_win.jpg"},{"@type":"BreadcrumbList","@id":"https:\/\/redfoxlotto.com\/hu\/jatek\/la-primitiva\/#breadcrumb","itemListElement":[{"@type":"ListItem","position":1,"name":"Home","item":"https:\/\/redfoxlotto.com\/hu\/"},{"@type":"ListItem","position":2,"name":"Hogyan j\u00e1tszhat m\u00e1s orsz\u00e1gok lott\u00f3j\u00e1t\u00e9kain","item":"https:\/\/redfoxlotto.com\/hu\/jatek\/"},{"@type":"ListItem","position":3,"name":"Hogyan vehet r\u00e9szt a La Primitiv\u00e1ban"}]},{"@type":"WebSite","@id":"https:\/\/redfoxlotto.com\/hu\/#website","url":"https:\/\/redfoxlotto.com\/hu\/","name":"Get Tickets for the World\u2019s largest jackpots","description":"Participate in worldwide lottery jackpots from any country","publisher":{"@id":"https:\/\/redfoxlotto.com\/hu\/#organization"},"potentialAction":[{"@type":"SearchAction","target":{"@type":"EntryPoint","urlTemplate":"https:\/\/redfoxlotto.com\/hu\/?s={search_term_string}"},"query-input":{"@type":"PropertyValueSpecification","valueRequired":true,"valueName":"search_term_string"}}],"inLanguage":"hu"},{"@type":"Organization","@id":"https:\/\/redfoxlotto.com\/hu\/#organization","name":"Get Tickets for the World\u2019s largest jackpots","url":"https:\/\/redfoxlotto.com\/hu\/","logo":{"@type":"ImageObject","inLanguage":"hu","@id":"https:\/\/redfoxlotto.com\/hu\/#\/schema\/logo\/image\/","url":"https:\/\/redfoxlotto.com\/wp-content\/uploads\/2023\/04\/logo.png","contentUrl":"https:\/\/redfoxlotto.com\/wp-content\/uploads\/2023\/04\/logo.png","width":269,"height":53,"caption":"Get Tickets for the World\u2019s largest jackpots"},"image":{"@id":"https:\/\/redfoxlotto.com\/hu\/#\/schema\/logo\/image\/"}}]}},"_links":{"self":[{"href":"https:\/\/redfoxlotto.com\/hu\/wp-json\/wp\/v2\/pages\/55167","targetHints":{"allow":["GET"]}}],"collection":[{"href":"https:\/\/redfoxlotto.com\/hu\/wp-json\/wp\/v2\/pages"}],"about":[{"href":"https:\/\/redfoxlotto.com\/hu\/wp-json\/wp\/v2\/types\/page"}],"author":[{"embeddable":true,"href":"https:\/\/redfoxlotto.com\/hu\/wp-json\/wp\/v2\/users\/1"}],"replies":[{"embeddable":true,"href":"https:\/\/redfoxlotto.com\/hu\/wp-json\/wp\/v2\/comments?post=55167"}],"version-history":[{"count":0,"href":"https:\/\/redfoxlotto.com\/hu\/wp-json\/wp\/v2\/pages\/55167\/revisions"}],"up":[{"embeddable":true,"href":"https:\/\/redfoxlotto.com\/hu\/wp-json\/wp\/v2\/pages\/55156"}],"wp:attachment":[{"href":"https:\/\/redfoxlotto.com\/hu\/wp-json\/wp\/v2\/media?parent=55167"}],"curies":[{"name":"wp","href":"https:\/\/api.w.org\/{rel}","templated":true}]}}