{"id":55162,"date":"2019-08-09T14:24:22","date_gmt":"2019-08-09T14:24:22","guid":{"rendered":"https:\/\/redfoxlotto.com\/?page_id=21434"},"modified":"2025-12-10T23:23:07","modified_gmt":"2025-12-10T23:23:07","slug":"lotto-fr","status":"publish","type":"page","link":"https:\/\/redfoxlotto.com\/hu\/jatek\/lotto-fr\/","title":{"rendered":"Francia Lotto j\u00e1t\u00e9k"},"content":{"rendered":"<script type=\"application\/ld+json\">\r\n{\r\n\"@context\": \"https:\/\/schema.org\",\r\n\"@type\": \"Service\",\r\n\"name\": \"French Lotto online\",\r\n\"url\": \"https:\/\/redfoxlotto.com\/hu\/jatek\/lotto-fr\/\",\r\n\"description\": \"V\u00e1s\u00e1roljon hivatalos francia lott\u00f3jegyeket online a RedFoxLotto seg\u00edts\u00e9g\u00e9vel. V\u00e1lassza ki sz\u00e1mait \u00e9s csatlakozzon a k\u00f6vetkez\u0151 sorsol\u00e1shoz.\",\r\n\"serviceType\": \"Online lottery ticket purchase\",\r\n\r\n\"provider\": {\r\n\"@type\": \"Organization\",\r\n\"name\": \"RedFoxLotto\",\r\n\"url\": \"https:\/\/redfoxlotto.com\",\r\n\"logo\": \"https:\/\/redfoxlotto.com\/wp-content\/uploads\/logo.png\"\r\n},\r\n\r\n\"areaServed\": \"Worldwide\",\r\n\"termsOfService\": \"https:\/\/redfoxlotto.com\/terms-and-conditions\",\r\n\r\n\"hasOfferCatalog\": {\r\n\"@type\": \"OfferCatalog\",\r\n\"name\": \"French Lotto Offers\",\r\n\"itemListElement\": [\r\n{\r\n\"@type\": \"Offer\",\r\n\"name\": \"Lotto French Lotto Ticket\",\r\n\"url\": \"https:\/\/redfoxlotto.com\/hu\/jatek\/lotto-fr\/\",\r\n\"description\": \"Egy r\u00e9szv\u00e9tel a k\u00f6vetkez\u0151 francia lott\u00f3 sorsol\u00e1son.\",\r\n\"price\": \"6.00\",\r\n\"priceCurrency\": \"EUR\",\r\n\"availability\": \"https:\/\/schema.org\/InStock\",\r\n\r\n\"itemOffered\": {\r\n\"@type\": \"Service\",\r\n\"name\": \"French Lotto Lottery Entry\",\r\n\"description\": \"R\u00e9szv\u00e9tel a k\u00f6vetkez\u0151 francia lott\u00f3 sorsol\u00e1son a RedFoxLotto seg\u00edts\u00e9g\u00e9vel.\"\r\n}\r\n}\r\n]\r\n},\r\n\r\n\"mainEntityOfPage\": {\r\n\"@type\": \"WebPage\",\r\n\"@id\": \"https:\/\/redfoxlotto.com\/hu\/jatek\/lotto-fr\/\"\r\n}\r\n}\r\n<\/script><p>K\u00e9szen \u00e1llsz egy vadonat\u00faj j\u00e1t\u00e9kra? Ha igen, akkor mindenk\u00e9ppen \u00e9rdemes k\u00f6zelebbr\u0151l megn\u00e9znie a francia lott\u00f3t. Ha m\u00e9g nem j\u00e1tszott\u00e1l vele kor\u00e1bban, meglep\u0151dhetsz, hogy mennyire hasonl\u00edt az eddig j\u00e1tszott j\u00e1t\u00e9kokra. V\u00e9g\u00fcl is az eg\u00e9sz arr\u00f3l sz\u00f3l, hogy j\u00f3l \u00e9rezd magad \u00e9s kapj egy \u00fajabb es\u00e9lyt egy nagy nyerem\u00e9nyre. \u00c9s a francia lott\u00f3val ebb\u0151l b\u0151ven lesz r\u00e9szed, mert az itteni \u00e1rak mindenk\u00e9ppen el\u00e9gs\u00e9gesek ahhoz, hogy meg\u00e9rje az id\u0151det.<\/p><h2 class=\"wp-block-heading\">Hogyan j\u00e1tsszon francia lott\u00f3t online<\/h2><p>J\u00e1tszott\u00e1l m\u00e1r m\u00e1s t\u00edpus\u00fa lott\u00f3t online? Vagy tal\u00e1n m\u00e1r kor\u00e1bban is elment\u00e9l a helyi kisboltba szelv\u00e9nyt venni. Nem a kapar\u00f3s sorsjegyekr\u0151l besz\u00e9l\u00fcnk, ahol azonnal nyertes vagy. Itt most azokr\u00f3l a szelv\u00e9nyekr\u0151l besz\u00e9l\u00fcnk, amelyeken a sz\u00e1mokat kell kiv\u00e1lasztani, \u00e9s csak \u00f3r\u00e1kkal vagy ak\u00e1r napokkal k\u00e9s\u0151bb tudod meg, hogy nyert\u00e9l-e vagy sem. Ezek azok a j\u00e1t\u00e9kok, amelyek m\u00e9g sz\u00f3rakoztat\u00f3bbak lesznek, \u00e9s m\u00e9g nagyobb es\u00e9lyt adnak arra, hogy val\u00f3ban nagy nyerem\u00e9nyt nyerj. Mert n\u00e9h\u00e1ny ilyen j\u00e1t\u00e9kkal ak\u00e1r t\u00f6bb milli\u00f3 doll\u00e1rt is nyerhetsz.<\/p><p>A francia lott\u00f3n\u00e1l csak egy online szelv\u00e9nyt kell v\u00e1s\u00e1rolnod ahhoz, hogy elkezdhess j\u00e1tszani, \u00e9s a szelv\u00e9ny megv\u00e1s\u00e1rl\u00e1sa szuper egyszer\u0171. Term\u00e9szetesen meg kell tal\u00e1lnod a megfelel\u0151 online szolg\u00e1ltat\u00e1st, amely \u00f6sszek\u00f6ti a francia lott\u00f3j\u00e1t\u00e9kkal. Ezut\u00e1n ki kell v\u00e1lasztanod azokat a sz\u00e1mokat, amelyekkel milliomoss\u00e1 v\u00e1lhatsz. Enn\u00e9l a j\u00e1t\u00e9kn\u00e1l \u00f6t sz\u00e1mot \u00e9s egy b\u00f3nuszsz\u00e1mot v\u00e1laszthatsz. Az eredeti \u00f6t sz\u00e1m kiv\u00e1laszt\u00e1s\u00e1nak sorrendje nem sz\u00e1m\u00edt, de \u00fcgyelj arra, hogy gondosan megv\u00e1logasd, melyik sz\u00e1m legyen a b\u00f3nuszsz\u00e1mod. Annak a sz\u00e1mnak helyesnek kell lennie.<\/p><h2 class=\"wp-block-heading\">Hogyan lehet nyerni a francia lott\u00f3n online<\/h2><p>Ha kiv\u00e1lasztotta a sz\u00e1mokat, akkor elj\u00f6tt a v\u00e1rakoz\u00e1s ideje, ami gyakran a legrosszabb r\u00e9sz lehet. Biztosan nem akarsz csak v\u00e1rni, hogy mi t\u00f6rt\u00e9nik, de nincs igaz\u00e1n m\u00e1s v\u00e1laszt\u00e1sod. A j\u00e1t\u00e9kot n\u00e9h\u00e1ny naponta sorsolj\u00e1k ki, h\u00e9tf\u0151n, szerd\u00e1n \u00e9s szombaton, \u00edgy nem kell sokat v\u00e1rnod, de egy kicsit t\u00fcrelmesnek kell lenned, k\u00fcl\u00f6n\u00f6sen az\u00e9rt, mert az eredm\u00e9nyek \u00e9l\u0151ben t\u00f6rt\u00e9n\u0151 megtekint\u00e9se nem igaz\u00e1n lesz lehet\u0151s\u00e9g. Ehelyett v\u00e1rnod kell egy kicsit, hogy megl\u00e1sd, mi t\u00f6rt\u00e9nik.<\/p><p>Ha a sz\u00e1mokat kih\u00fazt\u00e1k, akkor itt az ideje, hogy megn\u00e9zd \u0151ket. R\u00f6gt\u00f6n visszamehetsz oda, ahol a szelv\u00e9nyt v\u00e1s\u00e1roltad, hogy megtal\u00e1ld a nyer\u0151sz\u00e1mokat, \u00e9s megn\u00e9zd, hogy megnyerted-e a jackpotot vagy legal\u00e1bb az egyik kisebb nyerem\u00e9nyt, ami megk\u00f6nny\u00edti, hogy csak folytasd a j\u00e1t\u00e9kot. Kisebb nyerem\u00e9nyeket osztanak ki a b\u00f3nuszsz\u00e1m, a b\u00f3nuszsz\u00e1mt\u00f3l elt\u00e9r\u0151 k\u00e9t sz\u00e1m, k\u00e9t sz\u00e1m plusz a b\u00f3nuszgoly\u00f3 vagy b\u00e1rmely enn\u00e9l magasabb kombin\u00e1ci\u00f3 tal\u00e1lat\u00e1\u00e9rt. Nyerhetsz egy kis \u00f6sszeget, amely csak a szelv\u00e9nyed \u00e1r\u00e1t fedezi, de nyerhetsz ezreket vagy ak\u00e1r milli\u00f3kat is.<\/p><h2 class=\"wp-block-heading\">A k\u00f6vetkez\u0151 jegy kiv\u00e1laszt\u00e1sa<\/h2><p>Ha m\u00e1r tudod, hogy nyert\u00e9l-e vagy sem, akkor mindenk\u00e9ppen ideje \u00fajra j\u00e1tszani, nem gondolod? Ha nyert\u00e9l valamit, akkor szuper egyszer\u0171 k\u00f6zvetlen\u00fcl online bev\u00e1ltani a szelv\u00e9nyedet, vagy \u00e1tviheted a p\u00e9nzt a k\u00f6vetkez\u0151 szelv\u00e9nyre, amit meg akarsz venni. Ak\u00e1r a francia lott\u00f3 mellett d\u00f6nt, ak\u00e1r egy teljesen m\u00e1s j\u00e1t\u00e9k mellett d\u00f6nt, val\u00f3j\u00e1ban nagyon egyszer\u0171 kiv\u00e1lasztani a k\u00f6vetkez\u0151 szettet, \u00e9s mindent el\u0151k\u00e9sz\u00edteni az \u00faj sorsol\u00e1sra.<\/p><p>\u00dcgyeljen arra, hogy minden szab\u00e1lyra \u00e9s el\u0151\u00edr\u00e1sra odafigyeljen. Gy\u0151z\u0151dj\u00f6n meg r\u00f3la, hogy tudja, mely sz\u00e1mokat v\u00e1lasztja ki, \u00e9s pontosan tudja, hogyan kell megjelenni\u00fck. \u00c9s mindenk\u00e9ppen figyelj arra, hogy mikor lesz a sorsol\u00e1s. Biztos akarsz lenni benne, hogy k\u00e9szen \u00e1llsz, \u00e9s mindenk\u00e9ppen tudni akarod, hogy nyert\u00e9l-e valamit, igaz? Teh\u00e1t, gy\u0151z\u0151dj\u00f6n meg r\u00f3la, hogy a megfelel\u0151 weboldalakat n\u00e9zi meg, \u00e9s ne k\u00f6vesse el azt a hib\u00e1t, hogy lemarad a k\u00f6vetkez\u0151 sorsol\u00e1sr\u00f3l.<\/p><p>Rengeteg lehet\u0151s\u00e9g van arra, hogy online j\u00e1tsszon a francia lott\u00f3n, \u00e9s semmik\u00e9ppen sem akar lemaradni r\u00f3la.<\/p>","protected":false},"excerpt":{"rendered":"<p>K\u00e9szen \u00e1llsz egy vadonat\u00faj j\u00e1t\u00e9kra? Ha igen, akkor mindenk\u00e9ppen \u00e9rdemes k\u00f6zelebbr\u0151l megn\u00e9znie a francia lott\u00f3t. Ha m\u00e9g nem j\u00e1tszott\u00e1l vele kor\u00e1bban, meglep\u0151dhetsz, hogy mennyire hasonl\u00edt az eddig j\u00e1tszott j\u00e1t\u00e9kokra. V\u00e9g\u00fcl is az eg\u00e9sz arr\u00f3l sz\u00f3l, hogy j\u00f3l \u00e9rezd magad \u00e9s kapj egy \u00fajabb es\u00e9lyt egy nagy nyerem\u00e9nyre. \u00c9s a francia lott\u00f3val ebb\u0151l b\u0151ven lesz r\u00e9szed, [&hellip;]<\/p>\n","protected":false},"author":1,"featured_media":0,"parent":55156,"menu_order":33,"comment_status":"closed","ping_status":"closed","template":"lotto-fr.php","meta":{"_et_pb_use_builder":"","_et_pb_old_content":"","_et_gb_content_width":"","exclude_from_search":false,"footnotes":""},"class_list":["post-55162","page","type-page","status-publish","hentry"],"yoast_head":"<!-- This site is optimized with the Yoast SEO plugin v23.8 - https:\/\/yoast.com\/wordpress\/plugins\/seo\/ -->\n<title>Hogyan j\u00e1tsszon francia lott\u00f3 online<\/title>\n<meta name=\"description\" content=\"Ha k\u00e9szen \u00e1llsz a francia lott\u00f3j\u00e1t\u00e9kra, ez a megfelel\u0151 hely a kezd\u00e9shez.\" \/>\n<meta name=\"robots\" content=\"index, follow, max-snippet:-1, max-image-preview:large, max-video-preview:-1\" \/>\n<link rel=\"canonical\" href=\"https:\/\/redfoxlotto.com\/hu\/jatek\/lotto-fr\/\" \/>\n<meta property=\"og:locale\" content=\"hu_HU\" \/>\n<meta property=\"og:type\" content=\"article\" \/>\n<meta property=\"og:title\" content=\"Hogyan j\u00e1tsszon francia lott\u00f3 online\" \/>\n<meta property=\"og:description\" content=\"Ha k\u00e9szen \u00e1llsz a francia lott\u00f3j\u00e1t\u00e9kra, ez a megfelel\u0151 hely a kezd\u00e9shez.\" \/>\n<meta property=\"og:url\" content=\"https:\/\/redfoxlotto.com\/hu\/jatek\/lotto-fr\/\" \/>\n<meta property=\"og:site_name\" content=\"Get Tickets for the World\u2019s largest jackpots\" \/>\n<meta property=\"article:modified_time\" content=\"2025-12-10T23:23:07+00:00\" \/>\n<meta name=\"twitter:card\" content=\"summary_large_image\" \/>\n<meta name=\"twitter:label1\" content=\"Becs\u00fclt olvas\u00e1si id\u0151\" \/>\n\t<meta name=\"twitter:data1\" content=\"3 perc\" \/>\n<script type=\"application\/ld+json\" class=\"yoast-schema-graph\">{\"@context\":\"https:\/\/schema.org\",\"@graph\":[{\"@type\":\"WebPage\",\"@id\":\"https:\/\/redfoxlotto.com\/hu\/jatek\/lotto-fr\/\",\"url\":\"https:\/\/redfoxlotto.com\/hu\/jatek\/lotto-fr\/\",\"name\":\"Hogyan j\u00e1tsszon francia lott\u00f3 online\",\"isPartOf\":{\"@id\":\"https:\/\/redfoxlotto.com\/hu\/#website\"},\"datePublished\":\"2019-08-09T14:24:22+00:00\",\"dateModified\":\"2025-12-10T23:23:07+00:00\",\"description\":\"Ha k\u00e9szen \u00e1llsz a francia lott\u00f3j\u00e1t\u00e9kra, ez a megfelel\u0151 hely a kezd\u00e9shez.\",\"breadcrumb\":{\"@id\":\"https:\/\/redfoxlotto.com\/hu\/jatek\/lotto-fr\/#breadcrumb\"},\"inLanguage\":\"hu\",\"potentialAction\":[{\"@type\":\"ReadAction\",\"target\":[\"https:\/\/redfoxlotto.com\/hu\/jatek\/lotto-fr\/\"]}]},{\"@type\":\"BreadcrumbList\",\"@id\":\"https:\/\/redfoxlotto.com\/hu\/jatek\/lotto-fr\/#breadcrumb\",\"itemListElement\":[{\"@type\":\"ListItem\",\"position\":1,\"name\":\"Home\",\"item\":\"https:\/\/redfoxlotto.com\/hu\/\"},{\"@type\":\"ListItem\",\"position\":2,\"name\":\"Hogyan j\u00e1tszhat m\u00e1s orsz\u00e1gok lott\u00f3j\u00e1t\u00e9kain\",\"item\":\"https:\/\/redfoxlotto.com\/hu\/jatek\/\"},{\"@type\":\"ListItem\",\"position\":3,\"name\":\"Francia Lotto j\u00e1t\u00e9k\"}]},{\"@type\":\"WebSite\",\"@id\":\"https:\/\/redfoxlotto.com\/hu\/#website\",\"url\":\"https:\/\/redfoxlotto.com\/hu\/\",\"name\":\"Get Tickets for the World\u2019s largest jackpots\",\"description\":\"Participate in worldwide lottery jackpots from any country\",\"publisher\":{\"@id\":\"https:\/\/redfoxlotto.com\/hu\/#organization\"},\"potentialAction\":[{\"@type\":\"SearchAction\",\"target\":{\"@type\":\"EntryPoint\",\"urlTemplate\":\"https:\/\/redfoxlotto.com\/hu\/?s={search_term_string}\"},\"query-input\":{\"@type\":\"PropertyValueSpecification\",\"valueRequired\":true,\"valueName\":\"search_term_string\"}}],\"inLanguage\":\"hu\"},{\"@type\":\"Organization\",\"@id\":\"https:\/\/redfoxlotto.com\/hu\/#organization\",\"name\":\"Get Tickets for the World\u2019s largest jackpots\",\"url\":\"https:\/\/redfoxlotto.com\/hu\/\",\"logo\":{\"@type\":\"ImageObject\",\"inLanguage\":\"hu\",\"@id\":\"https:\/\/redfoxlotto.com\/hu\/#\/schema\/logo\/image\/\",\"url\":\"https:\/\/redfoxlotto.com\/wp-content\/uploads\/2023\/04\/logo.png\",\"contentUrl\":\"https:\/\/redfoxlotto.com\/wp-content\/uploads\/2023\/04\/logo.png\",\"width\":269,\"height\":53,\"caption\":\"Get Tickets for the World\u2019s largest jackpots\"},\"image\":{\"@id\":\"https:\/\/redfoxlotto.com\/hu\/#\/schema\/logo\/image\/\"}}]}<\/script>\n<!-- \/ Yoast SEO plugin. -->","yoast_head_json":{"title":"Hogyan j\u00e1tsszon francia lott\u00f3 online","description":"Ha k\u00e9szen \u00e1llsz a francia lott\u00f3j\u00e1t\u00e9kra, ez a megfelel\u0151 hely a kezd\u00e9shez.","robots":{"index":"index","follow":"follow","max-snippet":"max-snippet:-1","max-image-preview":"max-image-preview:large","max-video-preview":"max-video-preview:-1"},"canonical":"https:\/\/redfoxlotto.com\/hu\/jatek\/lotto-fr\/","og_locale":"hu_HU","og_type":"article","og_title":"Hogyan j\u00e1tsszon francia lott\u00f3 online","og_description":"Ha k\u00e9szen \u00e1llsz a francia lott\u00f3j\u00e1t\u00e9kra, ez a megfelel\u0151 hely a kezd\u00e9shez.","og_url":"https:\/\/redfoxlotto.com\/hu\/jatek\/lotto-fr\/","og_site_name":"Get Tickets for the World\u2019s largest jackpots","article_modified_time":"2025-12-10T23:23:07+00:00","twitter_card":"summary_large_image","twitter_misc":{"Becs\u00fclt olvas\u00e1si id\u0151":"3 perc"},"schema":{"@context":"https:\/\/schema.org","@graph":[{"@type":"WebPage","@id":"https:\/\/redfoxlotto.com\/hu\/jatek\/lotto-fr\/","url":"https:\/\/redfoxlotto.com\/hu\/jatek\/lotto-fr\/","name":"Hogyan j\u00e1tsszon francia lott\u00f3 online","isPartOf":{"@id":"https:\/\/redfoxlotto.com\/hu\/#website"},"datePublished":"2019-08-09T14:24:22+00:00","dateModified":"2025-12-10T23:23:07+00:00","description":"Ha k\u00e9szen \u00e1llsz a francia lott\u00f3j\u00e1t\u00e9kra, ez a megfelel\u0151 hely a kezd\u00e9shez.","breadcrumb":{"@id":"https:\/\/redfoxlotto.com\/hu\/jatek\/lotto-fr\/#breadcrumb"},"inLanguage":"hu","potentialAction":[{"@type":"ReadAction","target":["https:\/\/redfoxlotto.com\/hu\/jatek\/lotto-fr\/"]}]},{"@type":"BreadcrumbList","@id":"https:\/\/redfoxlotto.com\/hu\/jatek\/lotto-fr\/#breadcrumb","itemListElement":[{"@type":"ListItem","position":1,"name":"Home","item":"https:\/\/redfoxlotto.com\/hu\/"},{"@type":"ListItem","position":2,"name":"Hogyan j\u00e1tszhat m\u00e1s orsz\u00e1gok lott\u00f3j\u00e1t\u00e9kain","item":"https:\/\/redfoxlotto.com\/hu\/jatek\/"},{"@type":"ListItem","position":3,"name":"Francia Lotto j\u00e1t\u00e9k"}]},{"@type":"WebSite","@id":"https:\/\/redfoxlotto.com\/hu\/#website","url":"https:\/\/redfoxlotto.com\/hu\/","name":"Get Tickets for the World\u2019s largest jackpots","description":"Participate in worldwide lottery jackpots from any country","publisher":{"@id":"https:\/\/redfoxlotto.com\/hu\/#organization"},"potentialAction":[{"@type":"SearchAction","target":{"@type":"EntryPoint","urlTemplate":"https:\/\/redfoxlotto.com\/hu\/?s={search_term_string}"},"query-input":{"@type":"PropertyValueSpecification","valueRequired":true,"valueName":"search_term_string"}}],"inLanguage":"hu"},{"@type":"Organization","@id":"https:\/\/redfoxlotto.com\/hu\/#organization","name":"Get Tickets for the World\u2019s largest jackpots","url":"https:\/\/redfoxlotto.com\/hu\/","logo":{"@type":"ImageObject","inLanguage":"hu","@id":"https:\/\/redfoxlotto.com\/hu\/#\/schema\/logo\/image\/","url":"https:\/\/redfoxlotto.com\/wp-content\/uploads\/2023\/04\/logo.png","contentUrl":"https:\/\/redfoxlotto.com\/wp-content\/uploads\/2023\/04\/logo.png","width":269,"height":53,"caption":"Get Tickets for the World\u2019s largest jackpots"},"image":{"@id":"https:\/\/redfoxlotto.com\/hu\/#\/schema\/logo\/image\/"}}]}},"_links":{"self":[{"href":"https:\/\/redfoxlotto.com\/hu\/wp-json\/wp\/v2\/pages\/55162","targetHints":{"allow":["GET"]}}],"collection":[{"href":"https:\/\/redfoxlotto.com\/hu\/wp-json\/wp\/v2\/pages"}],"about":[{"href":"https:\/\/redfoxlotto.com\/hu\/wp-json\/wp\/v2\/types\/page"}],"author":[{"embeddable":true,"href":"https:\/\/redfoxlotto.com\/hu\/wp-json\/wp\/v2\/users\/1"}],"replies":[{"embeddable":true,"href":"https:\/\/redfoxlotto.com\/hu\/wp-json\/wp\/v2\/comments?post=55162"}],"version-history":[{"count":0,"href":"https:\/\/redfoxlotto.com\/hu\/wp-json\/wp\/v2\/pages\/55162\/revisions"}],"up":[{"embeddable":true,"href":"https:\/\/redfoxlotto.com\/hu\/wp-json\/wp\/v2\/pages\/55156"}],"wp:attachment":[{"href":"https:\/\/redfoxlotto.com\/hu\/wp-json\/wp\/v2\/media?parent=55162"}],"curies":[{"name":"wp","href":"https:\/\/api.w.org\/{rel}","templated":true}]}}