{"id":55161,"date":"2022-10-26T09:30:02","date_gmt":"2022-10-26T09:30:02","guid":{"rendered":"https:\/\/redfoxlotto.com\/?page_id=21430"},"modified":"2025-12-17T07:32:53","modified_gmt":"2025-12-17T07:32:53","slug":"euromillions","status":"publish","type":"page","link":"https:\/\/redfoxlotto.com\/hu\/jatek\/euromillions\/","title":{"rendered":"Hogyan j\u00e1tszhatsz az Euromillionson Magyarorsz\u00e1gr\u00f3l"},"content":{"rendered":"<script type=\"application\/ld+json\">\r\n{\r\n  \"@context\": \"https:\/\/schema.org\",\r\n  \"@type\": \"Service\",\r\n  \"name\": \"J\u00e1tssz Euromillions Online\",\r\n  \"url\": \"https:\/\/redfoxlotto.com\/hu\/jatek\/euromillions\/\",\r\n  \"description\": \"J\u00e1tssz Euromillions lott\u00f3t online, b\u00e1rmely orsz\u00e1gb\u00f3l. L\u00e1togass el a RedFoxLotto oldalra, v\u00e1laszd ki a sz\u00e1maidat, \u00e9s szerezd be a jegyeidet.\",\r\n  \"serviceType\": \"Online lottery ticket messenger service\",\r\n  \"provider\": {\r\n    \"@type\": \"Organization\",\r\n    \"name\": \"RedFoxLotto\",\r\n    \"url\": \"https:\/\/redfoxlotto.com\/hu\/\",\r\n    \"image\": \"https:\/\/redfoxlotto.com\/wp-content\/uploads\/2025\/12\/ticket_scans.jpg\",\r\n    \"sameAs\": []\r\n  },\r\n  \"areaServed\": \"Worldwide\",\r\n  \"termsOfService\": \"https:\/\/redfoxlotto.com\/terms-and-conditions\",\r\n  \"additionalProperty\": {\r\n    \"@type\": \"PropertyValue\",\r\n    \"name\": \"FAQ\",\r\n    \"value\": \"https:\/\/redfoxlotto.com\/hu\/faq\/\"\r\n  },\r\n  \"hasOfferCatalog\": {\r\n    \"@type\": \"OfferCatalog\",\r\n    \"name\": \"Euromillions Lott\u00f3jegyek\",\r\n    \"itemListElement\": [\r\n      {\r\n        \"@type\": \"Offer\",\r\n        \"name\": \"Euromillions Jegyek\",\r\n        \"url\": \"https:\/\/redfoxlotto.com\/hu\/jatek\/euromillions\/\",\r\n        \"description\": \"Kattints ide a k\u00f6vetkez\u0151 Euromillions sorsol\u00e1s sz\u00e1mainak kiv\u00e1laszt\u00e1s\u00e1hoz \u2013 rendeld meg jegyeidet online.\",\r\n        \"price\": \"7.00\",\r\n        \"priceCurrency\": \"EUR\",\r\n        \"availability\": \"https:\/\/schema.org\/InStock\",\r\n        \"itemOffered\": {\r\n          \"@type\": \"Service\",\r\n          \"name\": \"Euromillions Lott\u00f3jegyek\",\r\n          \"description\": \"J\u00e1tssz a k\u00f6vetkez\u0151 Euromillions sorsol\u00e1son a RedFoxLotto seg\u00edts\u00e9g\u00e9vel.\"\r\n        }\r\n      }\r\n    ]\r\n  },\r\n  \"mainEntityOfPage\": {\r\n    \"@type\": \"WebPage\",\r\n    \"@id\": \"https:\/\/redfoxlotto.com\/hu\/jatek\/euromillions\/\"\r\n  }\r\n}\r\n<\/script><p>Hallott\u00e1l m\u00e1r valaha is az EuroMillionsr\u00f3l? Ha valamelyik eur\u00f3pai orsz\u00e1gban \u00e9l, akkor biztosan. De ha Magyarorsz\u00e1gon \u00e9lsz, akkor lehet, hogy nem. Akkor n\u00e9zz\u00fck meg egy kicsit k\u00f6zelebbr\u0151l, hogyan lehet online j\u00e1tszani az EuroMillionson, rendben?<\/p>\r\n<p>Az EuroMillions egy nemzetk\u00f6zi lott\u00f3, amelyet kilenc eur\u00f3pai orsz\u00e1gban lehet j\u00e1tszani. Ez azt jelenti, hogy \u00d6n m\u00e1r olyan orsz\u00e1gban \u00e9lhet, ahonnan szelv\u00e9nyt v\u00e1s\u00e1rolhat. Az EuroMillions lott\u00f3 szelv\u00e9nyei azonban nem v\u00e1s\u00e1rolhat\u00f3k meg m\u00e1s orsz\u00e1gok boltjaiban, \u00edgy Magyarorsz\u00e1gon sem.<\/p>\r\n<p>Na, ezzel mindenk\u00e9ppen szeretn\u00e9l valamit kezdeni, mert az Eurojackpot mellett az EuroMillions a legnagyobb lott\u00f3 Eur\u00f3p\u00e1ban. A lott\u00f3t 2004-ben alap\u00edtott\u00e1k, \u00e9s az eddigi rekord jackpot 190 milli\u00f3 eur\u00f3. Ezt egyetlen, ismeretlen j\u00e1t\u00e9kos nyerte meg 2014 okt\u00f3ber\u00e9ben. Ez mindenk\u00e9ppen olyasmi, amire legal\u00e1bb egy es\u00e9lyt szeretne kapni, nem igaz?<\/p>\r\n<p><img loading=\"lazy\" decoding=\"async\" class=\"wp-image-4203 alignright\" src=\"https:\/\/content.redfoxlotto.com\/uploads\/sites\/9\/2_ticket_euromillions.jpg\" alt=\"euromillions online\" width=\"156\" height=\"416\" \/><\/p>\r\n<p>Szeretn\u00e9 elmondani, hogy majdnem megnyerte az EuroMillions-t? Nos, ez\u00e9rt kell t\u00f6bbet tudnod a szelv\u00e9nyeikr\u0151l.<\/p>\r\n<p>Az EuroMillions lott\u00f3 sorsol\u00e1sokat P\u00e1rizsban keddenk\u00e9nt \u00e9s p\u00e9ntekenk\u00e9nt tartj\u00e1k. A jackpot megnyer\u00e9s\u00e9hez a szelv\u00e9nyen helyesen kell felt\u00fcntetni 5 sz\u00e1mot 1 \u00e9s 50 k\u00f6z\u00f6tt, valamint a &#8222;szerencsecsillagot&#8221;, egy 1 \u00e9s 12 k\u00f6z\u00f6tti sz\u00e1mot. Term\u00e9szetesen vannak m\u00e1s nyerem\u00e9nyszintek is. A legkisebb nyerem\u00e9nyhez az 5 f\u0151 sz\u00e1mb\u00f3l 2-t kell helyesen bejel\u00f6lni.<\/p>\r\n<p>Mindez azt jelenti, hogy nagyon j\u00f3 es\u00e9lyed lesz nyerni valamit, mert csak 2 sz\u00e1mot kell eltal\u00e1lnod ahhoz, hogy nyerem\u00e9nyt nyerj. \u00c9s ha m\u00e9g egy kisebb nyerem\u00e9nyt is megnyersz, akkor meglesz a p\u00e9nzed, amire sz\u00fcks\u00e9ged lesz egy \u00faj szelv\u00e9ny megv\u00e1s\u00e1rl\u00e1s\u00e1hoz, \u00e9s a k\u00f6vetkez\u0151 sorsol\u00e1son \u00fajra megpr\u00f3b\u00e1lhatod.<\/p>\r\n<h2>Hogyan m\u0171k\u00f6dik az online szelv\u00e9nyv\u00e1s\u00e1rl\u00e1s Magyarorsz\u00e1gr\u00f3l?<\/h2>\r\n<p>Ahhoz, hogy Magyarorsz\u00e1gr\u00f3l v\u00e1s\u00e1roljon szelv\u00e9nyt \u00e9s online j\u00e1tsszon az EuroMillionson, mind\u00f6ssze annyit kell tennie, hogy weboldalunkon az EuroMillionsra kattint. Onnan kezdve v\u00e9gigvezetj\u00fck a l\u00e9p\u00e9seken, hogy mit kell tennie a szelv\u00e9ny megszerz\u00e9s\u00e9hez. Kiv\u00e1lasztod a sz\u00e1mokat, b\u00e1rmilyen sz\u00e1mot, amit csak akarsz (felt\u00e9ve, hogy megfelelnek a szab\u00e1lyoknak). Egy &#8222;Gyors v\u00e1laszt\u00e1s&#8221; funkci\u00f3 is rendelkez\u00e9sre \u00e1ll.<\/p>\r\n<p>Egyetlen eg\u00e9rkattint\u00e1ssal egy v\u00e9letlensz\u00e1m-gener\u00e1torral meghat\u00e1rozhatod a sz\u00e1mokat. A kiv\u00e1lasztott sz\u00e1mokat manu\u00e1lisan is m\u00f3dos\u00edthatja, ha szeretn\u00e9, \u00edgy a saj\u00e1t maga \u00e1ltal kiv\u00e1lasztott sz\u00e1mok \u00e9s a v\u00e9letlenszer\u0171en kiv\u00e1lasztott sz\u00e1mok <img loading=\"lazy\" decoding=\"async\" class=\"alignright size-full wp-image-4215\" src=\"https:\/\/content.redfoxlotto.com\/uploads\/sites\/9\/1_play_onlinelottery4.jpg\" alt=\"online j\u00e1t\u00e9k\" width=\"231\" height=\"130\" \/>kombin\u00e1ci\u00f3j\u00e1t kapja. Ezut\u00e1n annyi szelv\u00e9nyt adjon a kosar\u00e1ba, amennyit csak szeretne, \u00edgy k\u00e9szen \u00e1ll a v\u00e1s\u00e1rl\u00e1sra.<\/p>\r\n<p>Ha szeretn\u00e9, tov\u00e1bbi jegyeket is hozz\u00e1adhat a megrendel\u00e9s\u00e9hez. Megrendel\u00e9se ak\u00e1r m\u00e1s lott\u00f3j\u00e1t\u00e9kok szelv\u00e9nyeit is tartalmazhatja. Sok \u00fcgyfel\u00fcnk egyszerre t\u00f6bb nemzetk\u00f6zi lott\u00f3esem\u00e9nyen is j\u00e1tszik. A legt\u00f6bben az aktu\u00e1lis jackpot nagys\u00e1ga alapj\u00e1n v\u00e1lasztj\u00e1k ki a lott\u00f3j\u00e1t\u00e9kokat, \u00e9s val\u00f3sz\u00edn\u0171leg itt tal\u00e1lja meg az EuroMillions-t is. A jackpot \u00e1ltal\u00e1ban hat\u00e1rozottan nagyon j\u00f3l teljes\u00edt, \u00e9s ez az a jackpot, amelyet a saj\u00e1t szem\u00e9vel akar l\u00e1tni (\u00e9s amire be is sz\u00e1llhat).<\/p>\r\n<p>Ezut\u00e1n k\u00f6vesse a weboldalunkon tal\u00e1lhat\u00f3 utas\u00edt\u00e1sokat a v\u00e1s\u00e1rl\u00e1s befejez\u00e9s\u00e9hez \u00e9s az online fizet\u00e9shez. A jegye n\u00e9h\u00e1ny perc alatt a birtok\u00e1ba ker\u00fclhet, m\u00e9g akkor is, ha m\u00e9g nem rendelkezik n\u00e1lunk fi\u00f3kkal. T\u00e9nyleg ilyen egyszer\u0171v\u00e9 tessz\u00fck a bejut\u00e1st.<\/p>\r\n<h2>A nemzetk\u00f6zi lott\u00f3j\u00e1t\u00e9kok, p\u00e9ld\u00e1ul az Euromillions online j\u00e1t\u00e9k\u00e1nak el\u0151nyei<\/h2>\r\n<p>A k\u00e9nyelmet f\u00e9lret\u00e9ve itt van a nemzetk\u00f6zi lott\u00f3 jackpotok j\u00e1t\u00e9k\u00e1nak egyik legnagyobb el\u0151nye. Sokkal j\u00f6vedelmez\u0151bben haszn\u00e1lhatja fel a lott\u00f3p\u00e9nz\u00e9t, ha csak olyan lott\u00f3szelv\u00e9nyeket v\u00e1s\u00e1rol, amelyek jackpotja jelenleg el\u00e9g magas. Nem kell hetekig v\u00e1rnia arra, hogy a nemzeti lott\u00f3 jackpotja el\u00e9g magas legyen az \u00d6n orsz\u00e1g\u00e1ban. Alapvet\u0151en b\u00e1rmikor v\u00e1laszthat egy sokkal nagyobb jackpotot online. Val\u00f3j\u00e1ban a vil\u00e1g legt\u00f6bb orsz\u00e1g\u00e1ban vannak olyan lott\u00f3j\u00e1t\u00e9kok, amelyek soha nem \u00e9rik el a jackpotok t\u00f6red\u00e9k\u00e9t sem, mint a legnagyobb vil\u00e1gm\u00e9ret\u0171 lott\u00f3j\u00e1t\u00e9kok\u00e9.<\/p>\r\n<p>Azok sz\u00e1m\u00e1ra, akik t\u00e9nyleg szeretn\u00e9nek egy es\u00e9lyt a legnagyobb nyerem\u00e9nyek k\u00f6z\u00fcl, amelyek mindenk\u00e9ppen a legjobbak. Ink\u00e1bb a milli\u00f3kra akarsz es\u00e9lyt kapni, mint n\u00e9h\u00e1ny olyan kis \u00f6sszegre, amivel sok magyarorsz\u00e1gi lott\u00f3 indul. Persze, j\u00f3 dolog nyerni. De m\u00e9g szebb lesz nyerni, ha olyasmit kapsz, ami t\u00e9nyleg megv\u00e1ltoztatja az \u00e9letedet, ahelyett, hogy olyasmit nyern\u00e9l, amivel csak a k\u00f6vetkez\u0151 szelv\u00e9nyt veheted meg, amit szeretn\u00e9l.<\/p>\r\n<p>Mivel heti k\u00e9t sorsol\u00e1st tartanak, az EuroMillions jackpotja el\u00e9g gyorsan n\u00f6vekszik. Emiatt \u00e9rdemes megfontolni annak a lehet\u0151s\u00e9gnek az aktiv\u00e1l\u00e1s\u00e1t, hogy szelv\u00e9nyei t\u00f6bb egym\u00e1st k\u00f6vet\u0151 sorsol\u00e1son is r\u00e9szt vegyenek. Ezt az online v\u00e1s\u00e1rl\u00e1s sor\u00e1n teheti meg.<\/p>\r\n<p>A lehet\u0151s\u00e9g a megrendel\u00e9s befejez\u00e9se el\u0151tt \u00e1ll rendelkez\u00e9s\u00e9re. \u00cdgy mindig j\u00e1t\u00e9kban marad a k\u00f6vetkez\u0151 sorsol\u00e1son a k\u00f6vetkez\u0151 legmagasabb jackpot\u00e9rt. Lehet, hogy a k\u00f6vetkez\u0151 sorsol\u00e1son nem lesz f\u0151nyerem\u00e9nyt \u00e9r\u0151 nyertes, de lehet, hogy az azt k\u00f6vet\u0151 sorsol\u00e1son szerencs\u00e9je lesz.<\/p>\r\n<p>Ha tov\u00e1bbi sorsol\u00e1sokat v\u00e1s\u00e1rol egyetlen szelv\u00e9ny\u00e9rt, az azt is jelenti, hogy egy kicsit tov\u00e1bb nem kell agg\u00f3dnia a tov\u00e1bbi szelv\u00e9nyek beszerz\u00e9se miatt. Csak v\u00e1rhatsz, \u00e9s megn\u00e9zheted, hogy a jelenlegi szelv\u00e9nyed mit csin\u00e1l, \u00e9s megl\u00e1tod, hogy nagy nyerem\u00e9nyt fog neked hozni. Ez szuper egyszer\u0171, \u00e9s t\u00f6bb mint boldog leszel, amikor megl\u00e1tod a lehets\u00e9ges kifizet\u00e9st.<\/p>\r\n<p>A j\u00e1t\u00e9kosok egy kicsit t\u00f6bbet fizetnek, mert az EuroMillions szelv\u00e9nyeket az Egyes\u00fclt Kir\u00e1lys\u00e1gban v\u00e1s\u00e1rolj\u00e1k. Ez annak k\u00f6sz\u00f6nhet\u0151, hogy a brit szelv\u00e9nyek automatikusan r\u00e9szt vesznek a Millionaire Maker sorsol\u00e1son, amely tov\u00e1bbi lehet\u0151s\u00e9get biztos\u00edt az 1 milli\u00f3 font jutalom megnyer\u00e9s\u00e9re.<\/p>\r\n<p>A Millionaire Maker \u00fagy m\u0171k\u00f6dik, hogy minden egyes megv\u00e1s\u00e1rolt szelv\u00e9nyhez egyedi k\u00f3dot gener\u00e1l. Ez a k\u00f3d n\u00e9gy bet\u0171b\u0151l \u00e9s \u00f6t sz\u00e1mb\u00f3l \u00e1ll (pl. ABCD12345). Minden sorsol\u00e1son v\u00e9letlenszer\u0171en kiv\u00e1lasztanak egy vagy t\u00f6bb ilyen k\u00f3dot, \u00e9s a megfelel\u0151 k\u00f3dot tartalmaz\u00f3 szelv\u00e9ny tulajdonosa azonnal 1 milli\u00f3 fontot nyer, f\u00fcggetlen\u00fcl az EuroMillions f\u0151 sz\u00e1mainak sorsol\u00e1s\u00e1t\u00f3l.<\/p>\r\n<p>Ez a funkci\u00f3 k\u00fcl\u00f6n\u00f6sen vonz\u00f3v\u00e1 teszi az EuroMillions j\u00e1t\u00e9kot az Egyes\u00fclt Kir\u00e1lys\u00e1gban, mivel a szok\u00e1sos jackpoton \u00e9s az alacsonyabb szint\u0171 jutalmakon t\u00fal tov\u00e1bbi lehet\u0151s\u00e9get biztos\u00edt egy jelent\u0151s nyerem\u00e9ny megnyer\u00e9s\u00e9re.<\/p>\r\n<p>Ha teh\u00e1t a magyarorsz\u00e1gi helyi lott\u00f3 jackpotja most nem annyira vonz\u00f3, mi\u00e9rt ne pr\u00f3b\u00e1lna szerencs\u00e9t, \u00e9s j\u00e1tszana online EuroMillions-t? Sosem tudhatod, hogy miben versenyezhetsz, vagy mit nyerhetsz. \u00c9s az eg\u00e9sz folyamat szuperegyszer\u0171, hogy elkezdhesse. Mit vesz\u00edthetsz, ha kipr\u00f3b\u00e1lsz egy teljesen \u00faj j\u00e1t\u00e9kot, amelynek jackpotja t\u00f6bb mint 100 milli\u00f3? Egy\u00e1ltal\u00e1n semmit! \u00c9s a k\u00f6vetkez\u0151 sorsol\u00e1son ak\u00e1r valami hatalmasat is nyerhetsz.<\/p>\r\n<section class=\"layout\" style=\"border: solid 1px; width: 100%;\">\r\n<div class=\"img-div\" style=\"margin-top: 5px;\"><img decoding=\"async\" class=\"wp-image-17212 alignleft\" style=\"height: 45px; margin: 8px 8px 0px;\" src=\"https:\/\/redfoxlotto.com\/wp-content\/uploads\/sites\/9\/read1.jpg\" alt=\"v\u00e1s\u00e1rolni lott\u00f3 online\" width=\"\" height=\"\" \/><\/div>\r\n<div style=\"padding-left: 5px;\">\r\n<div style=\"font-size: 1.1em;\"><strong>&gt;A legnagyobb lott\u00f3 jackpotok, amelyek t\u00f6rt\u00e9nelmet \u00edrtak<\/strong>\r\n<p style=\"font-size: 0.8em; margin-top: .5em;\">Ismerje meg a t\u00f6rt\u00e9nelem legnagyobb lott\u00f3 jackpot nyerem\u00e9nyeit, amelyek egyik napr\u00f3l a m\u00e1sikra megv\u00e1ltoztatt\u00e1k a nyertesek \u00e9let\u00e9t. <a href=\"https:\/\/redfoxlotto.com\/hu\/a-legnagyobb-lotto-jackpotok-amelyek-tortenelmet-irtak\/\">B\u0151vebben<\/a><\/p>\r\n<\/div>\r\n<\/div>\r\n<\/section>","protected":false},"excerpt":{"rendered":"<p>Hallott\u00e1l m\u00e1r valaha is az EuroMillionsr\u00f3l? Ha valamelyik eur\u00f3pai orsz\u00e1gban \u00e9l, akkor biztosan. De ha Magyarorsz\u00e1gon \u00e9lsz, akkor lehet, hogy nem. Akkor n\u00e9zz\u00fck meg egy kicsit k\u00f6zelebbr\u0151l, hogyan lehet online j\u00e1tszani az EuroMillionson, rendben? Az EuroMillions egy nemzetk\u00f6zi lott\u00f3, amelyet kilenc eur\u00f3pai orsz\u00e1gban lehet j\u00e1tszani. Ez azt jelenti, hogy \u00d6n m\u00e1r olyan orsz\u00e1gban \u00e9lhet, ahonnan [&hellip;]<\/p>\n","protected":false},"author":1,"featured_media":0,"parent":55156,"menu_order":3,"comment_status":"closed","ping_status":"closed","template":"euromillions.php","meta":{"_et_pb_use_builder":"","_et_pb_old_content":"","_et_gb_content_width":"","exclude_from_search":false,"footnotes":""},"class_list":["post-55161","page","type-page","status-publish","hentry"],"yoast_head":"<!-- This site is optimized with the Yoast SEO plugin v27.3 - https:\/\/yoast.com\/product\/yoast-seo-wordpress\/ -->\n<title>Euromillions online j\u00e1t\u00e9k Magyarorsz\u00e1gr\u00f3l | Eur\u00f3pa legnagyobb lott\u00f3j\u00e1t\u00e9ka<\/title>\n<meta name=\"description\" content=\"A lott\u00f3 rajong\u00f3k a vil\u00e1g minden t\u00e1j\u00e1r\u00f3l j\u00e1tszhatnak Euromillions online most - n\u00e9zze meg Euromillions szelv\u00e9ny szolg\u00e1ltat\u00e1sunkat.A magyarorsz\u00e1gi lott\u00f3rajong\u00f3k m\u00e1r online is j\u00e1tszhatnak Euromillions szelv\u00e9nyt - n\u00e9zze meg szolg\u00e1ltat\u00e1sunkat Euromillions szelv\u00e9ny\u00e9rt\" \/>\n<meta name=\"robots\" content=\"index, follow, max-snippet:-1, max-image-preview:large, max-video-preview:-1\" \/>\n<link rel=\"canonical\" href=\"https:\/\/redfoxlotto.com\/hu\/jatek\/euromillions\/\" \/>\n<meta property=\"og:locale\" content=\"hu_HU\" \/>\n<meta property=\"og:type\" content=\"article\" \/>\n<meta property=\"og:title\" content=\"Euromillions online j\u00e1t\u00e9k Magyarorsz\u00e1gr\u00f3l | Eur\u00f3pa legnagyobb lott\u00f3j\u00e1t\u00e9ka\" \/>\n<meta property=\"og:description\" content=\"A lott\u00f3 rajong\u00f3k a vil\u00e1g minden t\u00e1j\u00e1r\u00f3l j\u00e1tszhatnak Euromillions online most - n\u00e9zze meg Euromillions szelv\u00e9ny szolg\u00e1ltat\u00e1sunkat.A magyarorsz\u00e1gi lott\u00f3rajong\u00f3k m\u00e1r online is j\u00e1tszhatnak Euromillions szelv\u00e9nyt - n\u00e9zze meg szolg\u00e1ltat\u00e1sunkat Euromillions szelv\u00e9ny\u00e9rt\" \/>\n<meta property=\"og:url\" content=\"https:\/\/redfoxlotto.com\/hu\/jatek\/euromillions\/\" \/>\n<meta property=\"og:site_name\" content=\"Get Tickets for the World\u2019s largest jackpots\" \/>\n<meta property=\"article:modified_time\" content=\"2025-12-17T07:32:53+00:00\" \/>\n<meta property=\"og:image\" content=\"https:\/\/content.redfoxlotto.com\/uploads\/sites\/9\/2_ticket_euromillions.jpg\" \/>\n<meta name=\"twitter:card\" content=\"summary_large_image\" \/>\n<meta name=\"twitter:label1\" content=\"Becs\u00fclt olvas\u00e1si id\u0151\" \/>\n\t<meta name=\"twitter:data1\" content=\"5 perc\" \/>\n<script type=\"application\/ld+json\" class=\"yoast-schema-graph\">{\"@context\":\"https:\\\/\\\/schema.org\",\"@graph\":[{\"@type\":\"WebPage\",\"@id\":\"https:\\\/\\\/redfoxlotto.com\\\/hu\\\/jatek\\\/euromillions\\\/\",\"url\":\"https:\\\/\\\/redfoxlotto.com\\\/hu\\\/jatek\\\/euromillions\\\/\",\"name\":\"Euromillions online j\u00e1t\u00e9k Magyarorsz\u00e1gr\u00f3l | Eur\u00f3pa legnagyobb lott\u00f3j\u00e1t\u00e9ka\",\"isPartOf\":{\"@id\":\"https:\\\/\\\/redfoxlotto.com\\\/hu\\\/#website\"},\"primaryImageOfPage\":{\"@id\":\"https:\\\/\\\/redfoxlotto.com\\\/hu\\\/jatek\\\/euromillions\\\/#primaryimage\"},\"image\":{\"@id\":\"https:\\\/\\\/redfoxlotto.com\\\/hu\\\/jatek\\\/euromillions\\\/#primaryimage\"},\"thumbnailUrl\":\"https:\\\/\\\/content.redfoxlotto.com\\\/uploads\\\/sites\\\/9\\\/2_ticket_euromillions.jpg\",\"datePublished\":\"2022-10-26T09:30:02+00:00\",\"dateModified\":\"2025-12-17T07:32:53+00:00\",\"description\":\"A lott\u00f3 rajong\u00f3k a vil\u00e1g minden t\u00e1j\u00e1r\u00f3l j\u00e1tszhatnak Euromillions online most - n\u00e9zze meg Euromillions szelv\u00e9ny szolg\u00e1ltat\u00e1sunkat.A magyarorsz\u00e1gi lott\u00f3rajong\u00f3k m\u00e1r online is j\u00e1tszhatnak Euromillions szelv\u00e9nyt - n\u00e9zze meg szolg\u00e1ltat\u00e1sunkat Euromillions szelv\u00e9ny\u00e9rt\",\"breadcrumb\":{\"@id\":\"https:\\\/\\\/redfoxlotto.com\\\/hu\\\/jatek\\\/euromillions\\\/#breadcrumb\"},\"inLanguage\":\"hu\",\"potentialAction\":[{\"@type\":\"ReadAction\",\"target\":[\"https:\\\/\\\/redfoxlotto.com\\\/hu\\\/jatek\\\/euromillions\\\/\"]}]},{\"@type\":\"ImageObject\",\"inLanguage\":\"hu\",\"@id\":\"https:\\\/\\\/redfoxlotto.com\\\/hu\\\/jatek\\\/euromillions\\\/#primaryimage\",\"url\":\"https:\\\/\\\/content.redfoxlotto.com\\\/uploads\\\/sites\\\/9\\\/2_ticket_euromillions.jpg\",\"contentUrl\":\"https:\\\/\\\/content.redfoxlotto.com\\\/uploads\\\/sites\\\/9\\\/2_ticket_euromillions.jpg\"},{\"@type\":\"BreadcrumbList\",\"@id\":\"https:\\\/\\\/redfoxlotto.com\\\/hu\\\/jatek\\\/euromillions\\\/#breadcrumb\",\"itemListElement\":[{\"@type\":\"ListItem\",\"position\":1,\"name\":\"Home\",\"item\":\"https:\\\/\\\/redfoxlotto.com\\\/hu\\\/\"},{\"@type\":\"ListItem\",\"position\":2,\"name\":\"Hogyan j\u00e1tszhat m\u00e1s orsz\u00e1gok lott\u00f3j\u00e1t\u00e9kain\",\"item\":\"https:\\\/\\\/redfoxlotto.com\\\/hu\\\/jatek\\\/\"},{\"@type\":\"ListItem\",\"position\":3,\"name\":\"Hogyan j\u00e1tszhatsz az Euromillionson Magyarorsz\u00e1gr\u00f3l\"}]},{\"@type\":\"WebSite\",\"@id\":\"https:\\\/\\\/redfoxlotto.com\\\/hu\\\/#website\",\"url\":\"https:\\\/\\\/redfoxlotto.com\\\/hu\\\/\",\"name\":\"Get Tickets for the World\u2019s largest jackpots\",\"description\":\"Participate in worldwide lottery jackpots from any country\",\"publisher\":{\"@id\":\"https:\\\/\\\/redfoxlotto.com\\\/hu\\\/#organization\"},\"potentialAction\":[{\"@type\":\"SearchAction\",\"target\":{\"@type\":\"EntryPoint\",\"urlTemplate\":\"https:\\\/\\\/redfoxlotto.com\\\/hu\\\/?s={search_term_string}\"},\"query-input\":{\"@type\":\"PropertyValueSpecification\",\"valueRequired\":true,\"valueName\":\"search_term_string\"}}],\"inLanguage\":\"hu\"},{\"@type\":\"Organization\",\"@id\":\"https:\\\/\\\/redfoxlotto.com\\\/hu\\\/#organization\",\"name\":\"Get Tickets for the World\u2019s largest jackpots\",\"url\":\"https:\\\/\\\/redfoxlotto.com\\\/hu\\\/\",\"logo\":{\"@type\":\"ImageObject\",\"inLanguage\":\"hu\",\"@id\":\"https:\\\/\\\/redfoxlotto.com\\\/hu\\\/#\\\/schema\\\/logo\\\/image\\\/\",\"url\":\"https:\\\/\\\/redfoxlotto.com\\\/wp-content\\\/uploads\\\/2023\\\/04\\\/logo.png\",\"contentUrl\":\"https:\\\/\\\/redfoxlotto.com\\\/wp-content\\\/uploads\\\/2023\\\/04\\\/logo.png\",\"width\":269,\"height\":53,\"caption\":\"Get Tickets for the World\u2019s largest jackpots\"},\"image\":{\"@id\":\"https:\\\/\\\/redfoxlotto.com\\\/hu\\\/#\\\/schema\\\/logo\\\/image\\\/\"}}]}<\/script>\n<!-- \/ Yoast SEO plugin. -->","yoast_head_json":{"title":"Euromillions online j\u00e1t\u00e9k Magyarorsz\u00e1gr\u00f3l | Eur\u00f3pa legnagyobb lott\u00f3j\u00e1t\u00e9ka","description":"A lott\u00f3 rajong\u00f3k a vil\u00e1g minden t\u00e1j\u00e1r\u00f3l j\u00e1tszhatnak Euromillions online most - n\u00e9zze meg Euromillions szelv\u00e9ny szolg\u00e1ltat\u00e1sunkat.A magyarorsz\u00e1gi lott\u00f3rajong\u00f3k m\u00e1r online is j\u00e1tszhatnak Euromillions szelv\u00e9nyt - n\u00e9zze meg szolg\u00e1ltat\u00e1sunkat Euromillions szelv\u00e9ny\u00e9rt","robots":{"index":"index","follow":"follow","max-snippet":"max-snippet:-1","max-image-preview":"max-image-preview:large","max-video-preview":"max-video-preview:-1"},"canonical":"https:\/\/redfoxlotto.com\/hu\/jatek\/euromillions\/","og_locale":"hu_HU","og_type":"article","og_title":"Euromillions online j\u00e1t\u00e9k Magyarorsz\u00e1gr\u00f3l | Eur\u00f3pa legnagyobb lott\u00f3j\u00e1t\u00e9ka","og_description":"A lott\u00f3 rajong\u00f3k a vil\u00e1g minden t\u00e1j\u00e1r\u00f3l j\u00e1tszhatnak Euromillions online most - n\u00e9zze meg Euromillions szelv\u00e9ny szolg\u00e1ltat\u00e1sunkat.A magyarorsz\u00e1gi lott\u00f3rajong\u00f3k m\u00e1r online is j\u00e1tszhatnak Euromillions szelv\u00e9nyt - n\u00e9zze meg szolg\u00e1ltat\u00e1sunkat Euromillions szelv\u00e9ny\u00e9rt","og_url":"https:\/\/redfoxlotto.com\/hu\/jatek\/euromillions\/","og_site_name":"Get Tickets for the World\u2019s largest jackpots","article_modified_time":"2025-12-17T07:32:53+00:00","og_image":[{"url":"https:\/\/content.redfoxlotto.com\/uploads\/sites\/9\/2_ticket_euromillions.jpg","type":"","width":"","height":""}],"twitter_card":"summary_large_image","twitter_misc":{"Becs\u00fclt olvas\u00e1si id\u0151":"5 perc"},"schema":{"@context":"https:\/\/schema.org","@graph":[{"@type":"WebPage","@id":"https:\/\/redfoxlotto.com\/hu\/jatek\/euromillions\/","url":"https:\/\/redfoxlotto.com\/hu\/jatek\/euromillions\/","name":"Euromillions online j\u00e1t\u00e9k Magyarorsz\u00e1gr\u00f3l | Eur\u00f3pa legnagyobb lott\u00f3j\u00e1t\u00e9ka","isPartOf":{"@id":"https:\/\/redfoxlotto.com\/hu\/#website"},"primaryImageOfPage":{"@id":"https:\/\/redfoxlotto.com\/hu\/jatek\/euromillions\/#primaryimage"},"image":{"@id":"https:\/\/redfoxlotto.com\/hu\/jatek\/euromillions\/#primaryimage"},"thumbnailUrl":"https:\/\/content.redfoxlotto.com\/uploads\/sites\/9\/2_ticket_euromillions.jpg","datePublished":"2022-10-26T09:30:02+00:00","dateModified":"2025-12-17T07:32:53+00:00","description":"A lott\u00f3 rajong\u00f3k a vil\u00e1g minden t\u00e1j\u00e1r\u00f3l j\u00e1tszhatnak Euromillions online most - n\u00e9zze meg Euromillions szelv\u00e9ny szolg\u00e1ltat\u00e1sunkat.A magyarorsz\u00e1gi lott\u00f3rajong\u00f3k m\u00e1r online is j\u00e1tszhatnak Euromillions szelv\u00e9nyt - n\u00e9zze meg szolg\u00e1ltat\u00e1sunkat Euromillions szelv\u00e9ny\u00e9rt","breadcrumb":{"@id":"https:\/\/redfoxlotto.com\/hu\/jatek\/euromillions\/#breadcrumb"},"inLanguage":"hu","potentialAction":[{"@type":"ReadAction","target":["https:\/\/redfoxlotto.com\/hu\/jatek\/euromillions\/"]}]},{"@type":"ImageObject","inLanguage":"hu","@id":"https:\/\/redfoxlotto.com\/hu\/jatek\/euromillions\/#primaryimage","url":"https:\/\/content.redfoxlotto.com\/uploads\/sites\/9\/2_ticket_euromillions.jpg","contentUrl":"https:\/\/content.redfoxlotto.com\/uploads\/sites\/9\/2_ticket_euromillions.jpg"},{"@type":"BreadcrumbList","@id":"https:\/\/redfoxlotto.com\/hu\/jatek\/euromillions\/#breadcrumb","itemListElement":[{"@type":"ListItem","position":1,"name":"Home","item":"https:\/\/redfoxlotto.com\/hu\/"},{"@type":"ListItem","position":2,"name":"Hogyan j\u00e1tszhat m\u00e1s orsz\u00e1gok lott\u00f3j\u00e1t\u00e9kain","item":"https:\/\/redfoxlotto.com\/hu\/jatek\/"},{"@type":"ListItem","position":3,"name":"Hogyan j\u00e1tszhatsz az Euromillionson Magyarorsz\u00e1gr\u00f3l"}]},{"@type":"WebSite","@id":"https:\/\/redfoxlotto.com\/hu\/#website","url":"https:\/\/redfoxlotto.com\/hu\/","name":"Get Tickets for the World\u2019s largest jackpots","description":"Participate in worldwide lottery jackpots from any country","publisher":{"@id":"https:\/\/redfoxlotto.com\/hu\/#organization"},"potentialAction":[{"@type":"SearchAction","target":{"@type":"EntryPoint","urlTemplate":"https:\/\/redfoxlotto.com\/hu\/?s={search_term_string}"},"query-input":{"@type":"PropertyValueSpecification","valueRequired":true,"valueName":"search_term_string"}}],"inLanguage":"hu"},{"@type":"Organization","@id":"https:\/\/redfoxlotto.com\/hu\/#organization","name":"Get Tickets for the World\u2019s largest jackpots","url":"https:\/\/redfoxlotto.com\/hu\/","logo":{"@type":"ImageObject","inLanguage":"hu","@id":"https:\/\/redfoxlotto.com\/hu\/#\/schema\/logo\/image\/","url":"https:\/\/redfoxlotto.com\/wp-content\/uploads\/2023\/04\/logo.png","contentUrl":"https:\/\/redfoxlotto.com\/wp-content\/uploads\/2023\/04\/logo.png","width":269,"height":53,"caption":"Get Tickets for the World\u2019s largest jackpots"},"image":{"@id":"https:\/\/redfoxlotto.com\/hu\/#\/schema\/logo\/image\/"}}]}},"_links":{"self":[{"href":"https:\/\/redfoxlotto.com\/hu\/wp-json\/wp\/v2\/pages\/55161","targetHints":{"allow":["GET"]}}],"collection":[{"href":"https:\/\/redfoxlotto.com\/hu\/wp-json\/wp\/v2\/pages"}],"about":[{"href":"https:\/\/redfoxlotto.com\/hu\/wp-json\/wp\/v2\/types\/page"}],"author":[{"embeddable":true,"href":"https:\/\/redfoxlotto.com\/hu\/wp-json\/wp\/v2\/users\/1"}],"replies":[{"embeddable":true,"href":"https:\/\/redfoxlotto.com\/hu\/wp-json\/wp\/v2\/comments?post=55161"}],"version-history":[{"count":0,"href":"https:\/\/redfoxlotto.com\/hu\/wp-json\/wp\/v2\/pages\/55161\/revisions"}],"up":[{"embeddable":true,"href":"https:\/\/redfoxlotto.com\/hu\/wp-json\/wp\/v2\/pages\/55156"}],"wp:attachment":[{"href":"https:\/\/redfoxlotto.com\/hu\/wp-json\/wp\/v2\/media?parent=55161"}],"curies":[{"name":"wp","href":"https:\/\/api.w.org\/{rel}","templated":true}]}}