{"id":55160,"date":"2023-04-24T17:44:36","date_gmt":"2023-04-24T17:44:36","guid":{"rendered":"https:\/\/redfoxlotto.com\/?page_id=21428"},"modified":"2025-12-16T15:04:18","modified_gmt":"2025-12-16T15:04:18","slug":"eurojackpot","status":"publish","type":"page","link":"https:\/\/redfoxlotto.com\/hu\/jatek\/eurojackpot\/","title":{"rendered":"Eurojackpot j\u00e1t\u00e9k"},"content":{"rendered":"<script type=\"application\/ld+json\">\r\n{\r\n  \"@context\": \"https:\/\/schema.org\",\r\n  \"@type\": \"Service\",\r\n  \"name\": \"J\u00e1tsszon Eurojackpotot online\",\r\n  \"url\": \"https:\/\/redfoxlotto.com\/hu\/jatszani\/eurojackpot\/\",\r\n  \"description\": \"J\u00e1tsszon Eurojackpot lott\u00f3t online b\u00e1rmely orsz\u00e1gb\u00f3l. L\u00e1togassa meg a RedFoxLott\u00f3t, v\u00e1lassza ki sz\u00e1mait \u00e9s szerezze meg szelv\u00e9nyeit.\",\r\n  \"serviceType\": \"Online lott\u00f3szelv\u00e9ny-k\u00f6zvet\u00edt\u0151 szolg\u00e1ltat\u00e1s\",\r\n  \"provider\": {\r\n    \"@type\": \"Organization\",\r\n    \"name\": \"RedFoxLotto\",\r\n    \"url\": \"https:\/\/redfoxlotto.com\/hu\/\",\r\n    \"image\": \"https:\/\/redfoxlotto.com\/wp-content\/uploads\/2025\/12\/ticket_scans.jpg\",\r\n    \"sameAs\": []\r\n  },\r\n  \"areaServed\": \"Worldwide\",\r\n  \"termsOfService\": \"https:\/\/redfoxlotto.com\/terms-and-conditions\",\r\n  \"additionalProperty\": {\r\n    \"@type\": \"PropertyValue\",\r\n    \"name\": \"FAQ\",\r\n    \"value\": \"https:\/\/redfoxlotto.com\/hu\/faq\/\"\r\n  },\r\n  \"hasOfferCatalog\": {\r\n    \"@type\": \"OfferCatalog\",\r\n    \"name\": \"Eurojackpot szelv\u00e9nyek\",\r\n    \"itemListElement\": [\r\n      {\r\n        \"@type\": \"Offer\",\r\n        \"name\": \"Eurojackpot szelv\u00e9nyek\",\r\n        \"url\": \"https:\/\/redfoxlotto.com\/hu\/jatszani\/eurojackpot\/\",\r\n        \"description\": \"Kattintson ide, v\u00e1lassza ki sz\u00e1mait a k\u00f6vetkez\u0151 Eurojackpot sorsol\u00e1sra, \u00e9s rendeljen szelv\u00e9nyeket online.\",\r\n        \"price\": 6.00,\r\n        \"priceCurrency\": \"EUR\",\r\n        \"availability\": \"https:\/\/schema.org\/InStock\",\r\n        \"itemOffered\": {\r\n          \"@type\": \"Service\",\r\n          \"name\": \"Eurojackpot szelv\u00e9nyek\",\r\n          \"description\": \"Vegyen r\u00e9szt a k\u00f6vetkez\u0151 Eurojackpot sorsol\u00e1son a RedFoxLotto seg\u00edts\u00e9g\u00e9vel.\"\r\n        }\r\n      }\r\n    ]\r\n  },\r\n  \"mainEntityOfPage\": {\r\n    \"@type\": \"WebPage\",\r\n    \"@id\": \"https:\/\/redfoxlotto.com\/hu\/jatszani\/eurojackpot\/\"\r\n  }\r\n}\r\n<\/script><h2 class=\"wp-block-heading\">Hogyan vehet r\u00e9szt az Eurojackpotban<\/h2><p>Bizony\u00e1ra hallott m\u00e1r az Eurojackpot lott\u00f3r\u00f3l, ak\u00e1r \u00e9l jelenleg valamelyik eur\u00f3pai orsz\u00e1gban, ahol ezt a j\u00e1t\u00e9kot j\u00e1tssz\u00e1k, ak\u00e1r nem. Ez egy 2012-ben indult lott\u00f3, amelyben 19 eur\u00f3pai orsz\u00e1g vesz r\u00e9szt. Ha azonban az Egyes\u00fclt Kir\u00e1lys\u00e1gban vagy b\u00e1rmely m\u00e1s olyan orsz\u00e1gban \u00e9l, amely nem szerepel a r\u00e9sztvev\u0151k list\u00e1j\u00e1n, akkor nincs m\u00f3dja arra, hogy a hagyom\u00e1nyos m\u00f3don szelv\u00e9nyt szerezzen az Eurojackpotra.<\/p><p>Ez azt jelenti, hogy nemr\u00e9g m\u00e9g nem is tudt\u00e1l volna t\u00e9nylegesen j\u00e1tszani, \u00e9s \u00edgy biztosan nem fogsz hozz\u00e1f\u00e9rni ehhez az \u00faj jackpothoz, igaz? Nos, most m\u00e1r online is j\u00e1tszhatsz az Eurojackpoton.<\/p><h2 class=\"wp-block-heading\">Az internet a megment\u0151<\/h2><p>A megold\u00e1st az Egyes\u00fclt Kir\u00e1lys\u00e1gb\u00f3l \u00e9s m\u00e1shonnan \u00e9rkez\u0151 lott\u00f3rajong\u00f3k sz\u00e1m\u00e1ra az internetes oldalunk ny\u00fajtja. Az Eurojackpot mellett sz\u00e1mos nemzetk\u00f6zi lott\u00f3j\u00e1t\u00e9khoz is hozz\u00e1f\u00e9r\u00e9st biztos\u00edtunk. Amit k\u00edn\u00e1lunk, az a lott\u00f3szelv\u00e9nyek fut\u00e1rszolg\u00e1lata a legnagyobb jackpotokkal rendelkez\u0151 lott\u00f3j\u00e1t\u00e9kokhoz a vil\u00e1g minden t\u00e1j\u00e1r\u00f3l. A legt\u00f6bb, ha nem az \u00f6sszes ilyen lott\u00f3 egy\u00e9bk\u00e9nt nem lenne el\u00e9rhet\u0151 az \u00d6n sz\u00e1m\u00e1ra, de mi fedezz\u00fck \u00d6nt!<\/p><h2 class=\"wp-block-heading\">Mi\u00e9rt \u00e9rdemes az Eurojackpotot j\u00e1tszani?<\/h2><p>V\u00e9g\u00fcl is tudjuk, hogy az emberek vil\u00e1gszerte val\u00f3ban szeretn\u00e9nek es\u00e9lyt kapni arra, hogy j\u00e1tszhassanak \u00e9s megnyerhess\u00e9k ezeket a nagy jackpotokat, ahelyett, hogy csak a saj\u00e1t nemzeti lott\u00f3j\u00e1t\u00e9kuk jackpotjaira szor\u00edtkozn\u00e1nak.<\/p><p>\u00d6nnek csak annyi a dolga, hogy v\u00e1lasszon a lott\u00f3j\u00e1t\u00e9kok list\u00e1j\u00e1b\u00f3l. N\u00e1lunk a vil\u00e1g minden t\u00e1j\u00e1r\u00f3l el\u00e9rhet\u0151 n\u00e9h\u00e1ny a legn\u00e9pszer\u0171bbek k\u00f6z\u00fcl. \u00cdgy megn\u00e9zheted, mit k\u00edn\u00e1l mindegyik, \u00e9s eld\u00f6ntheted, melyik \u00e9rdekel legink\u00e1bb.<\/p><p>Ezut\u00e1n v\u00e1lassza ki a sz\u00e1mokat k\u00e9zzel, vagy hagyja, hogy v\u00e9letlensz\u00e1m-gener\u00e1torunk megtegye ezt \u00d6n helyett (&#8222;Quick Pick&#8221; funkci\u00f3). A kett\u0151t ak\u00e1r kombin\u00e1lhatja is, kiv\u00e1lasztva n\u00e9h\u00e1ny sz\u00e1mot, majd v\u00e9letlenszer\u0171en hozz\u00e1adva a t\u00f6bbi sz\u00e1mot, amire sz\u00fcks\u00e9ge van a szelv\u00e9nyei kit\u00f6lt\u00e9s\u00e9hez. \u00cdgy megkaphatsz n\u00e9h\u00e1ny sz\u00e1mot, amir\u0151l tudod, hogy szeretn\u00e9d, \u00e9s akkor is kit\u00f6lthetsz egy lapot, ha nem tudod az \u00f6sszes sz\u00e1mot, amit szeretn\u00e9l.<\/p><p>Ha akarsz, adj hozz\u00e1 t\u00f6bb szelv\u00e9nyt, \u00e9s keverd \u00f6ssze a k\u00fcl\u00f6nb\u00f6z\u0151 lott\u00f3sz\u00e1mokat. Ez seg\u00edt n\u00f6velni az es\u00e9lyeidet, mert egyszerre t\u00f6bb k\u00fcl\u00f6nb\u00f6z\u0151 j\u00e1t\u00e9kot j\u00e1tszol. Azt is megteheti, ami nagyon n\u00e9pszer\u0171 az \u00fcgyfeleink k\u00f6r\u00e9ben, hogy ugyanazokat a sz\u00e1msorokat j\u00e1tssza t\u00f6bb lott\u00f3j\u00e1t\u00e9kban.<\/p><p>N\u00e9h\u00e1nyan \u00fagy \u00e9rzik, hogy ez nagyszer\u0171 m\u00f3dja az es\u00e9lyeik n\u00f6vel\u00e9s\u00e9nek, mert ezeknek a sz\u00e1moknak egyszer csak ki kell h\u00fazniuk, nem igaz? Kell lennie m\u00f3dnak arra, hogy ezek a sz\u00e1mok nyerjenek?<\/p><p>Ha megvan az \u00f6sszes k\u00edv\u00e1nt szelv\u00e9ny, a szelv\u00e9nyek megv\u00e1s\u00e1rl\u00e1s\u00e1hoz t\u00f6bbf\u00e9le, biztons\u00e1gos fizet\u00e9si lehet\u0151s\u00e9g\u00fcnk b\u00e1rmelyik\u00e9t haszn\u00e1lhatja. Rengeteg k\u00fcl\u00f6nb\u00f6z\u0151 m\u00f3d k\u00f6z\u00fcl v\u00e1laszthatsz, \u00edgy megtal\u00e1lhatod azt, amin kereszt\u00fcl k\u00e9nyelmesen tudsz p\u00e9nzt betenni \u00e9s kivenni. Szinte az \u00f6sszes legn\u00e9pszer\u0171bb platformot haszn\u00e1ljuk.<\/p><p>Ne felejtsd el meghat\u00e1rozni, hogy h\u00e1ny sorsol\u00e1son szeretn\u00e9l r\u00e9szt venni. Ez k\u00fcl\u00f6n\u00f6sen az\u00e9rt fontos, mert el\u0151fordulhat, hogy az aktu\u00e1lis jackpotot a k\u00f6vetkez\u0151 sorsol\u00e1son m\u00e1r nem lehet megnyerni. Nem szeretn\u00e9 elszalasztani az es\u00e9lyt, hogy a k\u00f6vetkez\u0151 sorsol\u00e1son m\u00e9g nagyobbat nyerjen, igaz?<\/p><h2 class=\"wp-block-heading\">Azt\u00e1n mi t\u00f6rt\u00e9nik?<\/h2><p>Nos, ez val\u00f3j\u00e1ban nagyon egyszer\u0171, ha online Eurojackpotot j\u00e1tszik. Van egy \u00fcgyn\u00f6kh\u00e1l\u00f3zatunk, amely megv\u00e1s\u00e1rolja az Eurojackpot lott\u00f3szelv\u00e9nyeket az \u00d6n \u00e1ltal kiv\u00e1lasztott specifik\u00e1ci\u00f3kkal. A RedFoxLotto.com oldalon l\u00e9v\u0151 \u00fcgyf\u00e9lfi\u00f3kj\u00e1ban l\u00e1tni fogja a v\u00e1s\u00e1rl\u00e1s visszaigazol\u00e1s\u00e1t. Term\u00e9szetesen e-mailben is megkapja a visszaigazol\u00e1st. Ez azt jelenti, hogy biztos lehet benne, hogy minden \u00fagy t\u00f6rt\u00e9nik, ahogyan eltervezte, \u00e9s hogy a szelv\u00e9nyei k\u00e9szen \u00e1llnak \u00e9s v\u00e1rj\u00e1k a sorsol\u00e1st.<\/p><p>Innent\u0151l kezdve nem kell agg\u00f3dnod semmi miatt, mert a sorsol\u00e1sokr\u00f3l is folyamatosan t\u00e1j\u00e9koztatunk, ha esetleg elfelejten\u00e9d, hogy melyik napokr\u00f3l van sz\u00f3.<\/p><p>\u00c9s kapsz egy \u00fajabb e-mail \u00e9rtes\u00edt\u00e9st, ha valamelyik szelv\u00e9nyed nyert. Am\u00edg a nyerem\u00e9nyed nem haladja meg a 2500 eur\u00f3t, addig azt azonnal j\u00f3v\u00e1\u00edrjuk az \u00fcgyf\u00e9lsz\u00e1ml\u00e1don. A nyerem\u00e9nyt vagy a v\u00e1lasztott sz\u00e1ml\u00e1j\u00e1n kereszt\u00fcl fizetteti ki mag\u00e1nak, vagy felhaszn\u00e1lhatja az \u00f6sszeget \u00fajabb szelv\u00e9nyek v\u00e1s\u00e1rl\u00e1s\u00e1ra. \u00cdgy szuper k\u00f6nny\u0171 lesz a v\u00e1laszt\u00e1sod, nem igaz? Nagyobb nyerem\u00e9nyek eset\u00e9n \u00fcgyf\u00e9lszolg\u00e1latunk felveszi \u00d6nnel a kapcsolatot, \u00e9s int\u00e9zi \u00d6nnek a k\u00f6zvetlen kifizet\u00e9st.<\/p><h2 class=\"wp-block-heading\">Az Eurojackpot j\u00e1t\u00e9k saj\u00e1toss\u00e1gai<\/h2><p>Most, ha az Eurojackpoton fogsz j\u00e1tszani, tudnod kell, hogyan fogod ezt csin\u00e1lni. Ez t\u00e9nyleg nagyon egyszer\u0171. A szelv\u00e9nyen \u00f6t sz\u00e1mot kell kiv\u00e1lasztania 1 \u00e9s 50 k\u00f6z\u00f6tt, valamint 2 sz\u00e1mot 1 \u00e9s 12 k\u00f6z\u00f6tt. A jackpotok minimum 10 milli\u00f3 eur\u00f3n\u00e1l kezd\u0151dnek. Van egy szempont, amiben ez a lott\u00f3 k\u00fcl\u00f6nb\u00f6zik a legt\u00f6bb m\u00e1s lott\u00f3t\u00f3l. Amint a jackpot el\u00e9ri a 120 milli\u00f3 eur\u00f3t, a jackpotot korl\u00e1tozz\u00e1k.<\/p><p>Ez azt jelenti, hogy az \u00f6sszes p\u00e9nz, amelyet norm\u00e1l esetben a jackpothoz adn\u00e1nak hozz\u00e1, a m\u00e1sodoszt\u00e1ly\u00fa nyerem\u00e9nyszintre ker\u00fcl. Ahhoz, hogy megnyerje ezt a nyerem\u00e9nyt, mind\u00f6ssze 5 plusz 1 sz\u00e1mnak kell szerepelnie a szelv\u00e9ny\u00e9n. Az es\u00e9lye, hogy megnyerje ezt a nyerem\u00e9nyt, nyilv\u00e1nval\u00f3an 12-szer nagyobb, mint az 5 plusz 2 sz\u00e1mmal megnyert jackpot es\u00e9lye!<\/p><p><\/p>","protected":false},"excerpt":{"rendered":"<p>Hogyan vehet r\u00e9szt az Eurojackpotban Bizony\u00e1ra hallott m\u00e1r az Eurojackpot lott\u00f3r\u00f3l, ak\u00e1r \u00e9l jelenleg valamelyik eur\u00f3pai orsz\u00e1gban, ahol ezt a j\u00e1t\u00e9kot j\u00e1tssz\u00e1k, ak\u00e1r nem. Ez egy 2012-ben indult lott\u00f3, amelyben 19 eur\u00f3pai orsz\u00e1g vesz r\u00e9szt. Ha azonban az Egyes\u00fclt Kir\u00e1lys\u00e1gban vagy b\u00e1rmely m\u00e1s olyan orsz\u00e1gban \u00e9l, amely nem szerepel a r\u00e9sztvev\u0151k list\u00e1j\u00e1n, akkor nincs m\u00f3dja [&hellip;]<\/p>\n","protected":false},"author":1,"featured_media":0,"parent":55156,"menu_order":4,"comment_status":"closed","ping_status":"closed","template":"eurojackpot.php","meta":{"_et_pb_use_builder":"","_et_pb_old_content":"","_et_gb_content_width":"","exclude_from_search":false,"footnotes":""},"class_list":["post-55160","page","type-page","status-publish","hentry"],"yoast_head":"<!-- This site is optimized with the Yoast SEO plugin v23.8 - https:\/\/yoast.com\/wordpress\/plugins\/seo\/ -->\n<title>Eurojackpot online j\u00e1t\u00e9k | Hogyan szerezhetnek jegyet az Egyes\u00fclt Kir\u00e1lys\u00e1gban lak\u00f3k az Eurojackpotra?<\/title>\n<meta name=\"description\" content=\"Szerezzen hozz\u00e1f\u00e9r\u00e9st az Eurojackpothoz most - nem sz\u00e1m\u00edt, melyik orsz\u00e1gb\u00f3l sz\u00e1rmazik, j\u00e1tsszon Eurojackpotot \u00e9s m\u00e1s nemzetk\u00f6zi lott\u00f3kat online.\" \/>\n<meta name=\"robots\" content=\"index, follow, max-snippet:-1, max-image-preview:large, max-video-preview:-1\" \/>\n<link rel=\"canonical\" href=\"https:\/\/redfoxlotto.com\/hu\/jatek\/eurojackpot\/\" \/>\n<meta property=\"og:locale\" content=\"hu_HU\" \/>\n<meta property=\"og:type\" content=\"article\" \/>\n<meta property=\"og:title\" content=\"Eurojackpot online j\u00e1t\u00e9k | Hogyan szerezhetnek jegyet az Egyes\u00fclt Kir\u00e1lys\u00e1gban lak\u00f3k az Eurojackpotra?\" \/>\n<meta property=\"og:description\" content=\"Szerezzen hozz\u00e1f\u00e9r\u00e9st az Eurojackpothoz most - nem sz\u00e1m\u00edt, melyik orsz\u00e1gb\u00f3l sz\u00e1rmazik, j\u00e1tsszon Eurojackpotot \u00e9s m\u00e1s nemzetk\u00f6zi lott\u00f3kat online.\" \/>\n<meta property=\"og:url\" content=\"https:\/\/redfoxlotto.com\/hu\/jatek\/eurojackpot\/\" \/>\n<meta property=\"og:site_name\" content=\"Get Tickets for the World\u2019s largest jackpots\" \/>\n<meta property=\"article:modified_time\" content=\"2025-12-16T15:04:18+00:00\" \/>\n<meta name=\"twitter:card\" content=\"summary_large_image\" \/>\n<meta name=\"twitter:label1\" content=\"Becs\u00fclt olvas\u00e1si id\u0151\" \/>\n\t<meta name=\"twitter:data1\" content=\"4 perc\" \/>\n<script type=\"application\/ld+json\" class=\"yoast-schema-graph\">{\"@context\":\"https:\/\/schema.org\",\"@graph\":[{\"@type\":\"WebPage\",\"@id\":\"https:\/\/redfoxlotto.com\/hu\/jatek\/eurojackpot\/\",\"url\":\"https:\/\/redfoxlotto.com\/hu\/jatek\/eurojackpot\/\",\"name\":\"Eurojackpot online j\u00e1t\u00e9k | Hogyan szerezhetnek jegyet az Egyes\u00fclt Kir\u00e1lys\u00e1gban lak\u00f3k az Eurojackpotra?\",\"isPartOf\":{\"@id\":\"https:\/\/redfoxlotto.com\/hu\/#website\"},\"datePublished\":\"2023-04-24T17:44:36+00:00\",\"dateModified\":\"2025-12-16T15:04:18+00:00\",\"description\":\"Szerezzen hozz\u00e1f\u00e9r\u00e9st az Eurojackpothoz most - nem sz\u00e1m\u00edt, melyik orsz\u00e1gb\u00f3l sz\u00e1rmazik, j\u00e1tsszon Eurojackpotot \u00e9s m\u00e1s nemzetk\u00f6zi lott\u00f3kat online.\",\"breadcrumb\":{\"@id\":\"https:\/\/redfoxlotto.com\/hu\/jatek\/eurojackpot\/#breadcrumb\"},\"inLanguage\":\"hu\",\"potentialAction\":[{\"@type\":\"ReadAction\",\"target\":[\"https:\/\/redfoxlotto.com\/hu\/jatek\/eurojackpot\/\"]}]},{\"@type\":\"BreadcrumbList\",\"@id\":\"https:\/\/redfoxlotto.com\/hu\/jatek\/eurojackpot\/#breadcrumb\",\"itemListElement\":[{\"@type\":\"ListItem\",\"position\":1,\"name\":\"Home\",\"item\":\"https:\/\/redfoxlotto.com\/hu\/\"},{\"@type\":\"ListItem\",\"position\":2,\"name\":\"Hogyan j\u00e1tszhat m\u00e1s orsz\u00e1gok lott\u00f3j\u00e1t\u00e9kain\",\"item\":\"https:\/\/redfoxlotto.com\/hu\/jatek\/\"},{\"@type\":\"ListItem\",\"position\":3,\"name\":\"Eurojackpot j\u00e1t\u00e9k\"}]},{\"@type\":\"WebSite\",\"@id\":\"https:\/\/redfoxlotto.com\/hu\/#website\",\"url\":\"https:\/\/redfoxlotto.com\/hu\/\",\"name\":\"Get Tickets for the World\u2019s largest jackpots\",\"description\":\"Participate in worldwide lottery jackpots from any country\",\"publisher\":{\"@id\":\"https:\/\/redfoxlotto.com\/hu\/#organization\"},\"potentialAction\":[{\"@type\":\"SearchAction\",\"target\":{\"@type\":\"EntryPoint\",\"urlTemplate\":\"https:\/\/redfoxlotto.com\/hu\/?s={search_term_string}\"},\"query-input\":{\"@type\":\"PropertyValueSpecification\",\"valueRequired\":true,\"valueName\":\"search_term_string\"}}],\"inLanguage\":\"hu\"},{\"@type\":\"Organization\",\"@id\":\"https:\/\/redfoxlotto.com\/hu\/#organization\",\"name\":\"Get Tickets for the World\u2019s largest jackpots\",\"url\":\"https:\/\/redfoxlotto.com\/hu\/\",\"logo\":{\"@type\":\"ImageObject\",\"inLanguage\":\"hu\",\"@id\":\"https:\/\/redfoxlotto.com\/hu\/#\/schema\/logo\/image\/\",\"url\":\"https:\/\/redfoxlotto.com\/wp-content\/uploads\/2023\/04\/logo.png\",\"contentUrl\":\"https:\/\/redfoxlotto.com\/wp-content\/uploads\/2023\/04\/logo.png\",\"width\":269,\"height\":53,\"caption\":\"Get Tickets for the World\u2019s largest jackpots\"},\"image\":{\"@id\":\"https:\/\/redfoxlotto.com\/hu\/#\/schema\/logo\/image\/\"}}]}<\/script>\n<!-- \/ Yoast SEO plugin. -->","yoast_head_json":{"title":"Eurojackpot online j\u00e1t\u00e9k | Hogyan szerezhetnek jegyet az Egyes\u00fclt Kir\u00e1lys\u00e1gban lak\u00f3k az Eurojackpotra?","description":"Szerezzen hozz\u00e1f\u00e9r\u00e9st az Eurojackpothoz most - nem sz\u00e1m\u00edt, melyik orsz\u00e1gb\u00f3l sz\u00e1rmazik, j\u00e1tsszon Eurojackpotot \u00e9s m\u00e1s nemzetk\u00f6zi lott\u00f3kat online.","robots":{"index":"index","follow":"follow","max-snippet":"max-snippet:-1","max-image-preview":"max-image-preview:large","max-video-preview":"max-video-preview:-1"},"canonical":"https:\/\/redfoxlotto.com\/hu\/jatek\/eurojackpot\/","og_locale":"hu_HU","og_type":"article","og_title":"Eurojackpot online j\u00e1t\u00e9k | Hogyan szerezhetnek jegyet az Egyes\u00fclt Kir\u00e1lys\u00e1gban lak\u00f3k az Eurojackpotra?","og_description":"Szerezzen hozz\u00e1f\u00e9r\u00e9st az Eurojackpothoz most - nem sz\u00e1m\u00edt, melyik orsz\u00e1gb\u00f3l sz\u00e1rmazik, j\u00e1tsszon Eurojackpotot \u00e9s m\u00e1s nemzetk\u00f6zi lott\u00f3kat online.","og_url":"https:\/\/redfoxlotto.com\/hu\/jatek\/eurojackpot\/","og_site_name":"Get Tickets for the World\u2019s largest jackpots","article_modified_time":"2025-12-16T15:04:18+00:00","twitter_card":"summary_large_image","twitter_misc":{"Becs\u00fclt olvas\u00e1si id\u0151":"4 perc"},"schema":{"@context":"https:\/\/schema.org","@graph":[{"@type":"WebPage","@id":"https:\/\/redfoxlotto.com\/hu\/jatek\/eurojackpot\/","url":"https:\/\/redfoxlotto.com\/hu\/jatek\/eurojackpot\/","name":"Eurojackpot online j\u00e1t\u00e9k | Hogyan szerezhetnek jegyet az Egyes\u00fclt Kir\u00e1lys\u00e1gban lak\u00f3k az Eurojackpotra?","isPartOf":{"@id":"https:\/\/redfoxlotto.com\/hu\/#website"},"datePublished":"2023-04-24T17:44:36+00:00","dateModified":"2025-12-16T15:04:18+00:00","description":"Szerezzen hozz\u00e1f\u00e9r\u00e9st az Eurojackpothoz most - nem sz\u00e1m\u00edt, melyik orsz\u00e1gb\u00f3l sz\u00e1rmazik, j\u00e1tsszon Eurojackpotot \u00e9s m\u00e1s nemzetk\u00f6zi lott\u00f3kat online.","breadcrumb":{"@id":"https:\/\/redfoxlotto.com\/hu\/jatek\/eurojackpot\/#breadcrumb"},"inLanguage":"hu","potentialAction":[{"@type":"ReadAction","target":["https:\/\/redfoxlotto.com\/hu\/jatek\/eurojackpot\/"]}]},{"@type":"BreadcrumbList","@id":"https:\/\/redfoxlotto.com\/hu\/jatek\/eurojackpot\/#breadcrumb","itemListElement":[{"@type":"ListItem","position":1,"name":"Home","item":"https:\/\/redfoxlotto.com\/hu\/"},{"@type":"ListItem","position":2,"name":"Hogyan j\u00e1tszhat m\u00e1s orsz\u00e1gok lott\u00f3j\u00e1t\u00e9kain","item":"https:\/\/redfoxlotto.com\/hu\/jatek\/"},{"@type":"ListItem","position":3,"name":"Eurojackpot j\u00e1t\u00e9k"}]},{"@type":"WebSite","@id":"https:\/\/redfoxlotto.com\/hu\/#website","url":"https:\/\/redfoxlotto.com\/hu\/","name":"Get Tickets for the World\u2019s largest jackpots","description":"Participate in worldwide lottery jackpots from any country","publisher":{"@id":"https:\/\/redfoxlotto.com\/hu\/#organization"},"potentialAction":[{"@type":"SearchAction","target":{"@type":"EntryPoint","urlTemplate":"https:\/\/redfoxlotto.com\/hu\/?s={search_term_string}"},"query-input":{"@type":"PropertyValueSpecification","valueRequired":true,"valueName":"search_term_string"}}],"inLanguage":"hu"},{"@type":"Organization","@id":"https:\/\/redfoxlotto.com\/hu\/#organization","name":"Get Tickets for the World\u2019s largest jackpots","url":"https:\/\/redfoxlotto.com\/hu\/","logo":{"@type":"ImageObject","inLanguage":"hu","@id":"https:\/\/redfoxlotto.com\/hu\/#\/schema\/logo\/image\/","url":"https:\/\/redfoxlotto.com\/wp-content\/uploads\/2023\/04\/logo.png","contentUrl":"https:\/\/redfoxlotto.com\/wp-content\/uploads\/2023\/04\/logo.png","width":269,"height":53,"caption":"Get Tickets for the World\u2019s largest jackpots"},"image":{"@id":"https:\/\/redfoxlotto.com\/hu\/#\/schema\/logo\/image\/"}}]}},"_links":{"self":[{"href":"https:\/\/redfoxlotto.com\/hu\/wp-json\/wp\/v2\/pages\/55160","targetHints":{"allow":["GET"]}}],"collection":[{"href":"https:\/\/redfoxlotto.com\/hu\/wp-json\/wp\/v2\/pages"}],"about":[{"href":"https:\/\/redfoxlotto.com\/hu\/wp-json\/wp\/v2\/types\/page"}],"author":[{"embeddable":true,"href":"https:\/\/redfoxlotto.com\/hu\/wp-json\/wp\/v2\/users\/1"}],"replies":[{"embeddable":true,"href":"https:\/\/redfoxlotto.com\/hu\/wp-json\/wp\/v2\/comments?post=55160"}],"version-history":[{"count":0,"href":"https:\/\/redfoxlotto.com\/hu\/wp-json\/wp\/v2\/pages\/55160\/revisions"}],"up":[{"embeddable":true,"href":"https:\/\/redfoxlotto.com\/hu\/wp-json\/wp\/v2\/pages\/55156"}],"wp:attachment":[{"href":"https:\/\/redfoxlotto.com\/hu\/wp-json\/wp\/v2\/media?parent=55160"}],"curies":[{"name":"wp","href":"https:\/\/api.w.org\/{rel}","templated":true}]}}