{"id":55159,"date":"2023-05-13T06:20:30","date_gmt":"2023-05-13T06:20:30","guid":{"rendered":"https:\/\/redfoxlotto.com\/?page_id=21426"},"modified":"2023-03-13T17:37:23","modified_gmt":"2023-03-13T17:37:23","slug":"el-gordo-primitiva","status":"publish","type":"page","link":"https:\/\/redfoxlotto.com\/hu\/jatek\/el-gordo-primitiva\/","title":{"rendered":"J\u00e1tssz El Gordo"},"content":{"rendered":"<p>Az El Gordo egy m\u00e1sik nagyon n\u00e9pszer\u0171 spanyol lott\u00f3, amelyet az Egyes\u00fclt Kir\u00e1lys\u00e1gb\u00f3l \u00e9s b\u00e1rhol m\u00e1shonnan online j\u00e1tszhat. Ez a lott\u00f3 legink\u00e1bb a kar\u00e1csonyi kiad\u00e1s\u00e1r\u00f3l ismert, de a heti sorsol\u00e1son val\u00f3 j\u00e1t\u00e9k is nagyon vonz\u00f3.<\/p><p><img loading=\"lazy\" decoding=\"async\" class=\" wp-image alignright\" src=\"https:\/\/content.redfoxlotto.com\/uploads\/sites\/9\/2_ticket_el_gordo3.jpg\" alt=\"El Gordo Spanyolorsz\u00e1g online j\u00e1t\u00e9k\" width=\"250\" height=\"125\"><\/p><h2 class=\"wp-block-heading\">El Gordo kar\u00e1csonyi kiad\u00e1s<\/h2><p>Erre a lott\u00f3j\u00e1t\u00e9kra 100 000 sz\u00e1mozott szelv\u00e9nyt adnak el. Egy teljes szelv\u00e9ny \u00e1ra 200 eur\u00f3. De t\u00f6red\u00e9keket, \u00fagynevezett &#8222;Decimos&#8221; szelv\u00e9nyeket is lehet v\u00e1s\u00e1rolni. A sorsol\u00e1s nagyszab\u00e1s\u00fa \u00fcnneps\u00e9g, a gyerekek \u00e9neklik a kisorsolt sz\u00e1mokat.<\/p><p><img loading=\"lazy\" decoding=\"async\" class=\" wp-image alignright\" src=\"https:\/\/content.redfoxlotto.com\/uploads\/sites\/9\/1_buy_lottery_ticket_online.jpg\" alt=\"nyerni El Gordo\" width=\"250\" height=\"125\"><\/p><p>Van egy nagy kerek ketrec, amelyben 100 000 fagoly\u00f3 van a szelv\u00e9nysz\u00e1mokkal. Azt\u00e1n van egy m\u00e1sodik ketrec, amelyben 1807 goly\u00f3 van, \u00e9s amely meghat\u00e1rozza, hogy melyik nyerem\u00e9nyt nyerik meg. Ezek k\u00f6z\u00fcl az egyik goly\u00f3 az &#8222;El Gordo&#8221; &#8211; azaz a f\u0151nyerem\u00e9ny. Egyszerre k\u00e9t goly\u00f3t h\u00faznak ki, majd a gyerekek el\u00e9neklik az eredm\u00e9nyt.<\/p><p>Amint a lott\u00f3szelv\u00e9nyek el\u00e9rhet\u0151v\u00e9 v\u00e1lnak, itt az oldalunkon megv\u00e1s\u00e1rolhatja \u0151ket. Ez az online szolg\u00e1ltat\u00e1sunk az Egyes\u00fclt Kir\u00e1lys\u00e1gb\u00f3l \u00e9rkez\u0151 lott\u00f3j\u00e1t\u00e9kosok sz\u00e1m\u00e1ra is el\u00e9rhet\u0151.<\/p>","protected":false},"excerpt":{"rendered":"<p>Az El Gordo egy m\u00e1sik nagyon n\u00e9pszer\u0171 spanyol lott\u00f3, amelyet az Egyes\u00fclt Kir\u00e1lys\u00e1gb\u00f3l \u00e9s b\u00e1rhol m\u00e1shonnan online j\u00e1tszhat. Ez a lott\u00f3 legink\u00e1bb a kar\u00e1csonyi kiad\u00e1s\u00e1r\u00f3l ismert, de a heti sorsol\u00e1son val\u00f3 j\u00e1t\u00e9k is nagyon vonz\u00f3. El Gordo kar\u00e1csonyi kiad\u00e1s Erre a lott\u00f3j\u00e1t\u00e9kra 100 000 sz\u00e1mozott szelv\u00e9nyt adnak el. Egy teljes szelv\u00e9ny \u00e1ra 200 eur\u00f3. De [&hellip;]<\/p>\n","protected":false},"author":1,"featured_media":0,"parent":55156,"menu_order":6,"comment_status":"closed","ping_status":"closed","template":"el-gordo.php","meta":{"_et_pb_use_builder":"","_et_pb_old_content":"","_et_gb_content_width":"","exclude_from_search":false,"footnotes":""},"class_list":["post-55159","page","type-page","status-publish","hentry"],"yoast_head":"<!-- This site is optimized with the Yoast SEO plugin v27.4 - https:\/\/yoast.com\/product\/yoast-seo-wordpress\/ -->\n<title>El Gordo online j\u00e1t\u00e9k | Az Egyes\u00fclt Kir\u00e1lys\u00e1g \u00e1llampolg\u00e1rai most m\u00e1r online j\u00e1tszhatnak El Gordo-t<\/title>\n<meta name=\"description\" content=\"Az El Gordo Spanyolorsz\u00e1g legn\u00e9pszer\u0171bb lott\u00f3j\u00e1t\u00e9ka, \u00e9s az Egyes\u00fclt Kir\u00e1lys\u00e1g j\u00e1t\u00e9kosai az El Gordo szelv\u00e9nyeket az oldalunkon szerezhetik be.\" \/>\n<meta name=\"robots\" content=\"index, follow, max-snippet:-1, max-image-preview:large, max-video-preview:-1\" \/>\n<link rel=\"canonical\" href=\"https:\/\/redfoxlotto.com\/hu\/jatek\/el-gordo-primitiva\/\" \/>\n<meta property=\"og:locale\" content=\"hu_HU\" \/>\n<meta property=\"og:type\" content=\"article\" \/>\n<meta property=\"og:title\" content=\"El Gordo online j\u00e1t\u00e9k | Az Egyes\u00fclt Kir\u00e1lys\u00e1g \u00e1llampolg\u00e1rai most m\u00e1r online j\u00e1tszhatnak El Gordo-t\" \/>\n<meta property=\"og:description\" content=\"Az El Gordo Spanyolorsz\u00e1g legn\u00e9pszer\u0171bb lott\u00f3j\u00e1t\u00e9ka, \u00e9s az Egyes\u00fclt Kir\u00e1lys\u00e1g j\u00e1t\u00e9kosai az El Gordo szelv\u00e9nyeket az oldalunkon szerezhetik be.\" \/>\n<meta property=\"og:url\" content=\"https:\/\/redfoxlotto.com\/hu\/jatek\/el-gordo-primitiva\/\" \/>\n<meta property=\"og:site_name\" content=\"Get Tickets for the World\u2019s largest jackpots\" \/>\n<meta property=\"og:image\" content=\"https:\/\/content.redfoxlotto.com\/uploads\/sites\/9\/2_ticket_el_gordo3.jpg\" \/>\n<meta name=\"twitter:card\" content=\"summary_large_image\" \/>\n<meta name=\"twitter:label1\" content=\"Becs\u00fclt olvas\u00e1si id\u0151\" \/>\n\t<meta name=\"twitter:data1\" content=\"2 perc\" \/>\n<script type=\"application\/ld+json\" class=\"yoast-schema-graph\">{\"@context\":\"https:\\\/\\\/schema.org\",\"@graph\":[{\"@type\":\"WebPage\",\"@id\":\"https:\\\/\\\/redfoxlotto.com\\\/hu\\\/jatek\\\/el-gordo-primitiva\\\/\",\"url\":\"https:\\\/\\\/redfoxlotto.com\\\/hu\\\/jatek\\\/el-gordo-primitiva\\\/\",\"name\":\"El Gordo online j\u00e1t\u00e9k | Az Egyes\u00fclt Kir\u00e1lys\u00e1g \u00e1llampolg\u00e1rai most m\u00e1r online j\u00e1tszhatnak El Gordo-t\",\"isPartOf\":{\"@id\":\"https:\\\/\\\/redfoxlotto.com\\\/hu\\\/#website\"},\"primaryImageOfPage\":{\"@id\":\"https:\\\/\\\/redfoxlotto.com\\\/hu\\\/jatek\\\/el-gordo-primitiva\\\/#primaryimage\"},\"image\":{\"@id\":\"https:\\\/\\\/redfoxlotto.com\\\/hu\\\/jatek\\\/el-gordo-primitiva\\\/#primaryimage\"},\"thumbnailUrl\":\"https:\\\/\\\/content.redfoxlotto.com\\\/uploads\\\/sites\\\/9\\\/2_ticket_el_gordo3.jpg\",\"datePublished\":\"2023-05-13T06:20:30+00:00\",\"description\":\"Az El Gordo Spanyolorsz\u00e1g legn\u00e9pszer\u0171bb lott\u00f3j\u00e1t\u00e9ka, \u00e9s az Egyes\u00fclt Kir\u00e1lys\u00e1g j\u00e1t\u00e9kosai az El Gordo szelv\u00e9nyeket az oldalunkon szerezhetik be.\",\"breadcrumb\":{\"@id\":\"https:\\\/\\\/redfoxlotto.com\\\/hu\\\/jatek\\\/el-gordo-primitiva\\\/#breadcrumb\"},\"inLanguage\":\"hu\",\"potentialAction\":[{\"@type\":\"ReadAction\",\"target\":[\"https:\\\/\\\/redfoxlotto.com\\\/hu\\\/jatek\\\/el-gordo-primitiva\\\/\"]}]},{\"@type\":\"ImageObject\",\"inLanguage\":\"hu\",\"@id\":\"https:\\\/\\\/redfoxlotto.com\\\/hu\\\/jatek\\\/el-gordo-primitiva\\\/#primaryimage\",\"url\":\"https:\\\/\\\/content.redfoxlotto.com\\\/uploads\\\/sites\\\/9\\\/2_ticket_el_gordo3.jpg\",\"contentUrl\":\"https:\\\/\\\/content.redfoxlotto.com\\\/uploads\\\/sites\\\/9\\\/2_ticket_el_gordo3.jpg\"},{\"@type\":\"BreadcrumbList\",\"@id\":\"https:\\\/\\\/redfoxlotto.com\\\/hu\\\/jatek\\\/el-gordo-primitiva\\\/#breadcrumb\",\"itemListElement\":[{\"@type\":\"ListItem\",\"position\":1,\"name\":\"Home\",\"item\":\"https:\\\/\\\/redfoxlotto.com\\\/hu\\\/\"},{\"@type\":\"ListItem\",\"position\":2,\"name\":\"Hogyan j\u00e1tszhat m\u00e1s orsz\u00e1gok lott\u00f3j\u00e1t\u00e9kain\",\"item\":\"https:\\\/\\\/redfoxlotto.com\\\/hu\\\/jatek\\\/\"},{\"@type\":\"ListItem\",\"position\":3,\"name\":\"J\u00e1tssz El Gordo\"}]},{\"@type\":\"WebSite\",\"@id\":\"https:\\\/\\\/redfoxlotto.com\\\/hu\\\/#website\",\"url\":\"https:\\\/\\\/redfoxlotto.com\\\/hu\\\/\",\"name\":\"Get Tickets for the World\u2019s largest jackpots\",\"description\":\"Participate in worldwide lottery jackpots from any country\",\"publisher\":{\"@id\":\"https:\\\/\\\/redfoxlotto.com\\\/hu\\\/#organization\"},\"potentialAction\":[{\"@type\":\"SearchAction\",\"target\":{\"@type\":\"EntryPoint\",\"urlTemplate\":\"https:\\\/\\\/redfoxlotto.com\\\/hu\\\/?s={search_term_string}\"},\"query-input\":{\"@type\":\"PropertyValueSpecification\",\"valueRequired\":true,\"valueName\":\"search_term_string\"}}],\"inLanguage\":\"hu\"},{\"@type\":\"Organization\",\"@id\":\"https:\\\/\\\/redfoxlotto.com\\\/hu\\\/#organization\",\"name\":\"Get Tickets for the World\u2019s largest jackpots\",\"url\":\"https:\\\/\\\/redfoxlotto.com\\\/hu\\\/\",\"logo\":{\"@type\":\"ImageObject\",\"inLanguage\":\"hu\",\"@id\":\"https:\\\/\\\/redfoxlotto.com\\\/hu\\\/#\\\/schema\\\/logo\\\/image\\\/\",\"url\":\"https:\\\/\\\/redfoxlotto.com\\\/wp-content\\\/uploads\\\/2023\\\/04\\\/logo.png\",\"contentUrl\":\"https:\\\/\\\/redfoxlotto.com\\\/wp-content\\\/uploads\\\/2023\\\/04\\\/logo.png\",\"width\":269,\"height\":53,\"caption\":\"Get Tickets for the World\u2019s largest jackpots\"},\"image\":{\"@id\":\"https:\\\/\\\/redfoxlotto.com\\\/hu\\\/#\\\/schema\\\/logo\\\/image\\\/\"}}]}<\/script>\n<!-- \/ Yoast SEO plugin. -->","yoast_head_json":{"title":"El Gordo online j\u00e1t\u00e9k | Az Egyes\u00fclt Kir\u00e1lys\u00e1g \u00e1llampolg\u00e1rai most m\u00e1r online j\u00e1tszhatnak El Gordo-t","description":"Az El Gordo Spanyolorsz\u00e1g legn\u00e9pszer\u0171bb lott\u00f3j\u00e1t\u00e9ka, \u00e9s az Egyes\u00fclt Kir\u00e1lys\u00e1g j\u00e1t\u00e9kosai az El Gordo szelv\u00e9nyeket az oldalunkon szerezhetik be.","robots":{"index":"index","follow":"follow","max-snippet":"max-snippet:-1","max-image-preview":"max-image-preview:large","max-video-preview":"max-video-preview:-1"},"canonical":"https:\/\/redfoxlotto.com\/hu\/jatek\/el-gordo-primitiva\/","og_locale":"hu_HU","og_type":"article","og_title":"El Gordo online j\u00e1t\u00e9k | Az Egyes\u00fclt Kir\u00e1lys\u00e1g \u00e1llampolg\u00e1rai most m\u00e1r online j\u00e1tszhatnak El Gordo-t","og_description":"Az El Gordo Spanyolorsz\u00e1g legn\u00e9pszer\u0171bb lott\u00f3j\u00e1t\u00e9ka, \u00e9s az Egyes\u00fclt Kir\u00e1lys\u00e1g j\u00e1t\u00e9kosai az El Gordo szelv\u00e9nyeket az oldalunkon szerezhetik be.","og_url":"https:\/\/redfoxlotto.com\/hu\/jatek\/el-gordo-primitiva\/","og_site_name":"Get Tickets for the World\u2019s largest jackpots","og_image":[{"url":"https:\/\/content.redfoxlotto.com\/uploads\/sites\/9\/2_ticket_el_gordo3.jpg","type":"","width":"","height":""}],"twitter_card":"summary_large_image","twitter_misc":{"Becs\u00fclt olvas\u00e1si id\u0151":"2 perc"},"schema":{"@context":"https:\/\/schema.org","@graph":[{"@type":"WebPage","@id":"https:\/\/redfoxlotto.com\/hu\/jatek\/el-gordo-primitiva\/","url":"https:\/\/redfoxlotto.com\/hu\/jatek\/el-gordo-primitiva\/","name":"El Gordo online j\u00e1t\u00e9k | Az Egyes\u00fclt Kir\u00e1lys\u00e1g \u00e1llampolg\u00e1rai most m\u00e1r online j\u00e1tszhatnak El Gordo-t","isPartOf":{"@id":"https:\/\/redfoxlotto.com\/hu\/#website"},"primaryImageOfPage":{"@id":"https:\/\/redfoxlotto.com\/hu\/jatek\/el-gordo-primitiva\/#primaryimage"},"image":{"@id":"https:\/\/redfoxlotto.com\/hu\/jatek\/el-gordo-primitiva\/#primaryimage"},"thumbnailUrl":"https:\/\/content.redfoxlotto.com\/uploads\/sites\/9\/2_ticket_el_gordo3.jpg","datePublished":"2023-05-13T06:20:30+00:00","description":"Az El Gordo Spanyolorsz\u00e1g legn\u00e9pszer\u0171bb lott\u00f3j\u00e1t\u00e9ka, \u00e9s az Egyes\u00fclt Kir\u00e1lys\u00e1g j\u00e1t\u00e9kosai az El Gordo szelv\u00e9nyeket az oldalunkon szerezhetik be.","breadcrumb":{"@id":"https:\/\/redfoxlotto.com\/hu\/jatek\/el-gordo-primitiva\/#breadcrumb"},"inLanguage":"hu","potentialAction":[{"@type":"ReadAction","target":["https:\/\/redfoxlotto.com\/hu\/jatek\/el-gordo-primitiva\/"]}]},{"@type":"ImageObject","inLanguage":"hu","@id":"https:\/\/redfoxlotto.com\/hu\/jatek\/el-gordo-primitiva\/#primaryimage","url":"https:\/\/content.redfoxlotto.com\/uploads\/sites\/9\/2_ticket_el_gordo3.jpg","contentUrl":"https:\/\/content.redfoxlotto.com\/uploads\/sites\/9\/2_ticket_el_gordo3.jpg"},{"@type":"BreadcrumbList","@id":"https:\/\/redfoxlotto.com\/hu\/jatek\/el-gordo-primitiva\/#breadcrumb","itemListElement":[{"@type":"ListItem","position":1,"name":"Home","item":"https:\/\/redfoxlotto.com\/hu\/"},{"@type":"ListItem","position":2,"name":"Hogyan j\u00e1tszhat m\u00e1s orsz\u00e1gok lott\u00f3j\u00e1t\u00e9kain","item":"https:\/\/redfoxlotto.com\/hu\/jatek\/"},{"@type":"ListItem","position":3,"name":"J\u00e1tssz El Gordo"}]},{"@type":"WebSite","@id":"https:\/\/redfoxlotto.com\/hu\/#website","url":"https:\/\/redfoxlotto.com\/hu\/","name":"Get Tickets for the World\u2019s largest jackpots","description":"Participate in worldwide lottery jackpots from any country","publisher":{"@id":"https:\/\/redfoxlotto.com\/hu\/#organization"},"potentialAction":[{"@type":"SearchAction","target":{"@type":"EntryPoint","urlTemplate":"https:\/\/redfoxlotto.com\/hu\/?s={search_term_string}"},"query-input":{"@type":"PropertyValueSpecification","valueRequired":true,"valueName":"search_term_string"}}],"inLanguage":"hu"},{"@type":"Organization","@id":"https:\/\/redfoxlotto.com\/hu\/#organization","name":"Get Tickets for the World\u2019s largest jackpots","url":"https:\/\/redfoxlotto.com\/hu\/","logo":{"@type":"ImageObject","inLanguage":"hu","@id":"https:\/\/redfoxlotto.com\/hu\/#\/schema\/logo\/image\/","url":"https:\/\/redfoxlotto.com\/wp-content\/uploads\/2023\/04\/logo.png","contentUrl":"https:\/\/redfoxlotto.com\/wp-content\/uploads\/2023\/04\/logo.png","width":269,"height":53,"caption":"Get Tickets for the World\u2019s largest jackpots"},"image":{"@id":"https:\/\/redfoxlotto.com\/hu\/#\/schema\/logo\/image\/"}}]}},"_links":{"self":[{"href":"https:\/\/redfoxlotto.com\/hu\/wp-json\/wp\/v2\/pages\/55159","targetHints":{"allow":["GET"]}}],"collection":[{"href":"https:\/\/redfoxlotto.com\/hu\/wp-json\/wp\/v2\/pages"}],"about":[{"href":"https:\/\/redfoxlotto.com\/hu\/wp-json\/wp\/v2\/types\/page"}],"author":[{"embeddable":true,"href":"https:\/\/redfoxlotto.com\/hu\/wp-json\/wp\/v2\/users\/1"}],"replies":[{"embeddable":true,"href":"https:\/\/redfoxlotto.com\/hu\/wp-json\/wp\/v2\/comments?post=55159"}],"version-history":[{"count":0,"href":"https:\/\/redfoxlotto.com\/hu\/wp-json\/wp\/v2\/pages\/55159\/revisions"}],"up":[{"embeddable":true,"href":"https:\/\/redfoxlotto.com\/hu\/wp-json\/wp\/v2\/pages\/55156"}],"wp:attachment":[{"href":"https:\/\/redfoxlotto.com\/hu\/wp-json\/wp\/v2\/media?parent=55159"}],"curies":[{"name":"wp","href":"https:\/\/api.w.org\/{rel}","templated":true}]}}