{"id":55156,"date":"2023-04-24T14:10:57","date_gmt":"2023-04-24T14:10:57","guid":{"rendered":"https:\/\/redfoxlotto.com\/?page_id=21422"},"modified":"2025-12-15T18:43:45","modified_gmt":"2025-12-15T18:43:45","slug":"jatek","status":"publish","type":"page","link":"https:\/\/redfoxlotto.com\/hu\/jatek\/","title":{"rendered":"Hogyan j\u00e1tszhat m\u00e1s orsz\u00e1gok lott\u00f3j\u00e1t\u00e9kain"},"content":{"rendered":"<script type=\"application\/ld+json\">\r\n{\r\n  \"@context\": \"https:\/\/schema.org\",\r\n  \"@type\": \"Service\",\r\n  \"name\": \"J\u00e1tsszon nemzetk\u00f6zi lott\u00f3kon online\",\r\n  \"url\": \"https:\/\/redfoxlotto.com\/hu\/jatek\/\",\r\n  \"description\": \"J\u00e1tsszon lott\u00f3t online, \u00e9s nyerjen nemzetk\u00f6zi lott\u00f3 jackpotokat.\",\r\n  \"serviceType\": \"Online lott\u00f3szelv\u00e9ny-k\u00f6zvet\u00edt\u0151 szolg\u00e1ltat\u00e1s\",\r\n  \"provider\": {\r\n    \"@type\": \"Organization\",\r\n    \"name\": \"RedFoxLotto\",\r\n    \"url\": \"https:\/\/redfoxlotto.com\/hu\/jatek\/\",\r\n    \"image\": \"https:\/\/redfoxlotto.com\/wp-content\/uploads\/2025\/12\/ticket_scans.jpg\"\r\n  },\r\n  \"areaServed\": \"Vil\u00e1gszerte\",\r\n  \"termsOfService\": \"https:\/\/redfoxlotto.com\/terms-and-conditions\",\r\n  \"additionalProperty\": {\r\n    \"@type\": \"PropertyValue\",\r\n    \"name\": \"GYIK\",\r\n    \"value\": \"https:\/\/redfoxlotto.com\/hu\/faq\/\"\r\n  },\r\n  \"hasOfferCatalog\": {\r\n    \"@type\": \"OfferCatalog\",\r\n    \"name\": \"Nemzetk\u00f6zi lott\u00f3szelv\u00e9nyek\",\r\n    \"itemListElement\": [\r\n      {\r\n        \"@type\": \"Offer\",\r\n        \"name\": \"Nemzetk\u00f6zi lott\u00f3szelv\u00e9nyek\",\r\n        \"url\": \"https:\/\/redfoxlotto.com\/hu\/jatek\/\",\r\n        \"description\": \"J\u00e1tsszon nemzetk\u00f6zi lott\u00f3kon online. Olyan jackpotokkal, mint a Powerball, Mega Millions \u00e9s Euromillions \u2014 nyerjen b\u00e1rhonnan.\",\r\n        \"availability\": \"https:\/\/schema.org\/InStock\",\r\n        \"itemOffered\": {\r\n          \"@type\": \"Service\",\r\n          \"name\": \"Nemzetk\u00f6zi lott\u00f3szelv\u00e9nyek\",\r\n          \"description\": \"A nemzetk\u00f6zi lott\u00f3k online j\u00e1t\u00e9ka t\u00f6bb lehet\u0151s\u00e9get \u00e9s jobb nyer\u00e9si es\u00e9lyeket k\u00edn\u00e1l.\"\r\n        }\r\n      }\r\n    ]\r\n  },\r\n  \"mainEntityOfPage\": {\r\n    \"@type\": \"WebPage\",\r\n    \"@id\": \"https:\/\/redfoxlotto.com\/hu\/jatek\/\"\r\n  }\r\n}\r\n<\/script><h2 class=\"wp-block-heading\">M\u00e9g t\u00f6bb lott\u00f3 \u00e9s jackpot mindenki sz\u00e1m\u00e1ra!<\/h2><p>Nagyszer\u0171 h\u00edr a lott\u00f3rajong\u00f3knak a vil\u00e1g minden t\u00e1j\u00e1r\u00f3l! T\u00f6bb\u00e9 m\u00e1r nem korl\u00e1toz\u00f3dik a nemzeti lott\u00f3j\u00e1ra!<\/p><p>Eml\u00e9kszik m\u00e9g arra, amikor a lott\u00f3 el\u0151sz\u00f6r kezdett egyre n\u00e9pszer\u0171bb\u00e9 v\u00e1lni? T\u00e9nyleg nem is olyan r\u00e9gen volt, amikor mindenki elkezdett j\u00e1tszani a helyi \u00e9s nemzeti lott\u00f3n. De ez volt minden, amit tehett\u00e9l. Csak a nemzeti lehet\u0151s\u00e9geidet n\u00e9zhetted meg egy\u00e1ltal\u00e1n.<\/p><p>Kor\u00e1bban a nemzetk\u00f6zi lott\u00f3j\u00e1t\u00e9kokhoz nem volt hozz\u00e1f\u00e9r\u00e9sed. Nem v\u00e1s\u00e1rolhatt\u00e1l szelv\u00e9nyt ezekre a lott\u00f3 jackpotokra az orsz\u00e1godban. De az internet megoldotta ezt a probl\u00e9m\u00e1t. Itt a RedFoxLotto.com-on most m\u00e1r sz\u00e1mos nemzetk\u00f6zi lott\u00f3n j\u00e1tszhat online. De hogyan lehet online lott\u00f3zni?<\/p><h2 class=\"wp-block-heading\">A legjobb lott\u00f3j\u00e1t\u00e9kok<\/h2><p>Ne j\u00e1tsszon ak\u00e1rmilyen lott\u00f3n &#8211; itt vannak a legjobb lott\u00f3j\u00e1t\u00e9kok, amelyeken b\u00e1rhonnan j\u00e1tszhat<br>Olvass tov\u00e1bb<\/p><h2 class=\"wp-block-heading\">A lott\u00f3szelv\u00e9nyek megv\u00e1s\u00e1rl\u00e1sa<\/h2><p>A RedFoxLotto.com a lott\u00f3szelv\u00e9nyek fut\u00e1rszolg\u00e1lata, f\u00fcggetlen\u00fcl att\u00f3l, hogy honnan szeretn\u00e9 beszerezni azokat. Val\u00f3j\u00e1ban sz\u00e1mos k\u00fcl\u00f6nb\u00f6z\u0151 orsz\u00e1gban vannak \u00fcgyn\u00f6keink, ahol a nagy lott\u00f3j\u00e1t\u00e9kokat rendezik, \u00e9s \u0151k gondoskodnak az \u00d6n \u00e1ltal k\u00edv\u00e1nt szelv\u00e9nyek megv\u00e1s\u00e1rl\u00e1s\u00e1r\u00f3l, teljesen helyben.<\/p><p>Onnan \u00d6n, a v\u00e1s\u00e1rl\u00f3, online rendelheti meg t\u0151l\u00fcnk a szelv\u00e9nyeit. Csak fel kell mennie a weboldalra, \u00e9s mi megadjuk \u00d6nnek az \u00f6sszes lehet\u0151s\u00e9get, mintha k\u00f6zvetlen\u00fcl maga j\u00e1tszana ezeken a nemzetk\u00f6zi lott\u00f3j\u00e1t\u00e9kokon.<\/p><p>Term\u00e9szetesen a saj\u00e1t sz\u00e1mait is kiv\u00e1laszthatja. \u00d6n hat\u00e1rozza meg azt is, hogy h\u00e1ny sz\u00e1mkombin\u00e1ci\u00f3t szeretne j\u00e1tszani, \u00e9s h\u00e1ny sorsol\u00e1sra legyen \u00e9rv\u00e9nyes a szelv\u00e9nye. A fizet\u00e9s online t\u00f6rt\u00e9nik, p\u00e9ld\u00e1ul hitelk\u00e1rty\u00e1val. Teh\u00e1t, ha k\u00e9szen \u00e1ll arra, hogy teljesen saj\u00e1t sz\u00e1mokat v\u00e1lasszon ki, csak kattintson a dobozokra, hogy kiv\u00e1lassza \u0151ket. Ha azt szeretn\u00e9, hogy mi v\u00e1lasszuk ki a sz\u00e1mokat, csak v\u00e1lassza a &#8222;Gyors kiv\u00e1laszt\u00e1s&#8221; opci\u00f3t, \u00e9s mi v\u00e9letlenszer\u0171en adjuk meg a sz\u00e1mokat.<\/p><h2 class=\"wp-block-heading\">Melyik j\u00e1t\u00e9kokat j\u00e1tsszuk<\/h2><p>Term\u00e9szetesen egyszerre t\u00f6bb nemzetk\u00f6zi lott\u00f3n is r\u00e9szt vehetsz, ha online lott\u00f3zol. Ha teh\u00e1t v\u00e9gigp\u00f6rgeted a n\u00e1lunk el\u00e9rhet\u0151 lehet\u0151s\u00e9geket, \u00e9s t\u00f6bb olyan j\u00e1t\u00e9kot is tal\u00e1lsz, ami \u00e9rdekel, az nagyszer\u0171. Javasoljuk, hogy a mindenkori legnagyobb jackpotot v\u00e1lassza, vagy a k\u00e9t legnagyobbat, vagy ak\u00e1r t\u00f6bbet is.<\/p><p>P\u00e9ld\u00e1ul el\u00e9g gyakran el\u0151fordul, hogy a Powerball US \u00e9s a Mega Millions US jackpotjai egyszerre gigantikusak. A jackpotok rendszeresen el\u00e9rik az 500 milli\u00f3 doll\u00e1rt az USA-ban. Kor\u00e1bban m\u00e9g 1,5 milli\u00e1rd feletti jackpotok is voltak.<\/p><p>Val\u00f3j\u00e1ban ez a k\u00e9t lott\u00f3 a vil\u00e1g legnagyobbjai k\u00f6z\u00e9 tartozik. Mi\u00e9rt ne pr\u00f3b\u00e1ln\u00e1d ki \u0151ket, \u00e9s mi\u00e9rt ne pr\u00f3b\u00e1ln\u00e1d ki, h\u00e1tha szerencs\u00e9d lesz, \u00e9s nagyot nyerhetsz? M\u00e9g valami, amit \u00e9rdemes megfontolni: nagyon n\u00e9pszer\u0171 lehet\u0151s\u00e9g, hogy ugyanazon a h\u00e9ten t\u00f6bb lott\u00f3j\u00e1t\u00e9kban is ugyanazokat a sz\u00e1mokat j\u00e1tsszuk meg.<\/p><p>Ha az egyik lott\u00f3n nem nyer, tal\u00e1n a m\u00e1sik lott\u00f3n szerencs\u00e9je lesz a sz\u00e1moknak? Ez egy okos m\u00f3dja annak, hogy n\u00f6velje kedvenc sz\u00e1mainak nyer\u00e9si es\u00e9ly\u00e9t. Ez a m\u00f3dszer m\u00e9g izgalmasabb\u00e1 teszi a lott\u00f3z\u00e1st!<\/p><h2 class=\"wp-block-heading\">Mi\u00e9rt \u00e9rdemes nemzetk\u00f6zileg lott\u00f3zni?<\/h2><p><img decoding=\"async\" class=\"size-full wp-image alignright\" src=\"https:\/\/content.redfoxlotto.com\/uploads\/sites\/9\/1_playing_lottery_online.jpg\" alt=\"j\u00e1tssz \u00e9s nyerj online\"><\/p><p>Aki nemzetk\u00f6zi lott\u00f3t j\u00e1tszik, az okosabban haszn\u00e1lja fel a p\u00e9nz\u00e9t. Egyes lott\u00f3j\u00e1t\u00e9kosok h\u00e9tr\u0151l h\u00e9tre megveszik a nemzeti lott\u00f3 szelv\u00e9nyeit, f\u00fcggetlen\u00fcl att\u00f3l, hogy milyen alacsony a jackpot. A matematika \u00e9s a logika azt mondja, hogy jobb egy 200 milli\u00f3s jackpot\u00fa lott\u00f3szelv\u00e9nyt venni, mint egy 2 milli\u00f3s nyerem\u00e9nyt. Ez m\u00e9g akkor is igaz, ha az online szelv\u00e9ny \u00e1ra magasabb, mint a helyi lott\u00f3szelv\u00e9ny \u00e1ra.<\/p><p>Hasonl\u00f3 es\u00e9lyeid lesznek a nyer\u00e9sre, de ha nyersz, akkor sokkal nagyobb nyerem\u00e9nyre lesz lehet\u0151s\u00e9ged. \u00c9s ne feledje a nemzetk\u00f6zi lott\u00f3j\u00e1t\u00e9kokn\u00e1l alkalmazott \u00e1tv\u00e1lt\u00e1si \u00e1rfolyamokat sem. Olyasmit akarsz, ami a saj\u00e1t valut\u00e1dban nagy \u00f6sszeget jelent, mert amikor kiveszed a nyerem\u00e9nyt, akkor azt a saj\u00e1t valut\u00e1dban fogod kivenni.<\/p><p>Vil\u00e1goss\u00e1 kell tenn\u00fcnk, hogy mik lesznek a standardjaink, \u00e9s hogy a szelv\u00e9nyek \u00e1ra hogyan ker\u00fcl kisz\u00e1m\u00edt\u00e1sra. Term\u00e9szetesen a szolg\u00e1ltat\u00e1sunk\u00e9rt magasabb \u00e1rat kell felsz\u00e1molnunk, mert vannak k\u00f6lts\u00e9geink. Mi is szeretn\u00e9nk p\u00e9nzt keresni. De tegy\u00fck fel, hogy az online lott\u00f3szelv\u00e9ny \u00e1ra 4,50 &#8211; 5,00\u20ac, a jackpot pedig 200 milli\u00f3. A nemzeti lott\u00f3\u00e9rt 2,00 \u20ac-t kell fizetni, a jackpot pedig 10 milli\u00f3. Melyik a jobb \u00e9s \u00e9rtelmesebb? Nos, a v\u00e1lasz erre a k\u00e9rd\u00e9sre val\u00f3sz\u00edn\u0171leg egy\u00e9rtelm\u0171.<\/p><p>A nemzetk\u00f6zi lott\u00f3j\u00e1t\u00e9knak, \u00e9s \u00edgy az online j\u00e1t\u00e9knak a nagyobb jackpotok\u00e9rt val\u00f3 j\u00e1t\u00e9knak nagyon sok \u00e9rtelme van!<\/p><h2 class=\"wp-block-heading\">Hogyan fizetnek<\/h2><p>A RedFoxLotto.com gondoskodik arr\u00f3l is, hogy \u00d6n megkapja a nyerem\u00e9ny\u00e9t. Egy\u00e9bk\u00e9nt nem sz\u00e1m\u00edtunk fel jutal\u00e9kot, kiv\u00e9ve egy kis d\u00edjat, amelyet banki \u00e1tutal\u00e1s eset\u00e9n sz\u00e1m\u00edtunk fel. Ez azt jelenti, hogy nem kell agg\u00f3dnia amiatt, hogy r\u00e9szesed\u00e9st vesz\u00fcnk le a megnyert p\u00e9nzb\u0151l.<\/p><p><img loading=\"lazy\" decoding=\"async\" class=\" wp-image alignright\" src=\"https:\/\/content.redfoxlotto.com\/uploads\/sites\/9\/1_mega_lotto_jackpot.jpg\" alt=\"kifizet\u00e9s online lott\u00f3\" width=\"221\" height=\"192\"><\/p><p>Amint kifizeted a szelv\u00e9nyt, minden, amit nyert\u00e9l, a ti\u00e9d. Az egyetlen m\u00f3dja annak, hogy b\u00e1rmit is elvegy\u00fcnk bel\u0151le, az az, ha \u00fagy d\u00f6ntesz, hogy \u00e1tutalod a p\u00e9nzt a bankodnak. Ekkor egy kis \u00e1tal\u00e1nyd\u00edjat sz\u00e1m\u00edtunk fel a banki \u00e1tutal\u00e1s k\u00f6lts\u00e9gei\u00e9rt. A t\u00f6bbi p\u00e9nzt k\u00f6zvetlen\u00fcl neked juttatjuk el.<\/p><p>Sok \u00fcgyfel\u00fcnk nyert m\u00e1r d\u00edjat rajtunk kereszt\u00fcl. N\u00e9melyik\u00fck \u00e9lete megv\u00e1ltozott a megnyert \u00f6sszeg miatt! Tudjuk, hogy nagy es\u00e9lyed lesz egy nagy nyerem\u00e9nyre, vagy legal\u00e1bbis egy olyan nyerem\u00e9nyre, amit nem kapt\u00e1l volna meg, ha csak a haz\u00e1dban j\u00e1tszhat\u00f3 lott\u00f3j\u00e1t\u00e9kokhoz ragaszkodsz.<\/p><p>Ezek azok az okok, amelyek miatt egyre n\u00e9pszer\u0171bb\u00e9 v\u00e1lik az online lott\u00f3z\u00e1s. \u00c9s most rajtad a sor, hogy megd\u00f6ntsd a mega jackpotok egyik\u00e9t &#8211; mire v\u00e1rsz m\u00e9g? Pillanatok alatt nagy nyertes lehetsz, \u00e9s ez m\u00e9g csak a kezdet.<\/p>","protected":false},"excerpt":{"rendered":"<p>M\u00e9g t\u00f6bb lott\u00f3 \u00e9s jackpot mindenki sz\u00e1m\u00e1ra! Nagyszer\u0171 h\u00edr a lott\u00f3rajong\u00f3knak a vil\u00e1g minden t\u00e1j\u00e1r\u00f3l! T\u00f6bb\u00e9 m\u00e1r nem korl\u00e1toz\u00f3dik a nemzeti lott\u00f3j\u00e1ra! Eml\u00e9kszik m\u00e9g arra, amikor a lott\u00f3 el\u0151sz\u00f6r kezdett egyre n\u00e9pszer\u0171bb\u00e9 v\u00e1lni? T\u00e9nyleg nem is olyan r\u00e9gen volt, amikor mindenki elkezdett j\u00e1tszani a helyi \u00e9s nemzeti lott\u00f3n. De ez volt minden, amit tehett\u00e9l. Csak [&hellip;]<\/p>\n","protected":false},"author":1,"featured_media":0,"parent":0,"menu_order":2,"comment_status":"closed","ping_status":"closed","template":"Play-all.php","meta":{"_et_pb_use_builder":"","_et_pb_old_content":"","_et_gb_content_width":"","exclude_from_search":false,"footnotes":""},"class_list":["post-55156","page","type-page","status-publish","hentry"],"yoast_head":"<!-- This site is optimized with the Yoast SEO plugin v23.8 - https:\/\/yoast.com\/wordpress\/plugins\/seo\/ -->\n<title>J\u00e1tsszon lott\u00f3t online | Nyerjen nemzetk\u00f6zi lott\u00f3 jackpotokat<\/title>\n<meta name=\"description\" content=\"Az online nemzetk\u00f6zi lott\u00f3j\u00e1t\u00e9kok t\u00f6bb lehet\u0151s\u00e9get \u00e9s nagyobb nyer\u00e9si es\u00e9lyt biztos\u00edtanak - ismerje meg a vil\u00e1g legjobb lott\u00f3j\u00e1t\u00e9kait!\" \/>\n<meta name=\"robots\" content=\"index, follow, max-snippet:-1, max-image-preview:large, max-video-preview:-1\" \/>\n<link rel=\"canonical\" href=\"https:\/\/redfoxlotto.com\/hu\/jatek\/\" \/>\n<meta property=\"og:locale\" content=\"hu_HU\" \/>\n<meta property=\"og:type\" content=\"article\" \/>\n<meta property=\"og:title\" content=\"J\u00e1tsszon lott\u00f3t online | Nyerjen nemzetk\u00f6zi lott\u00f3 jackpotokat\" \/>\n<meta property=\"og:description\" content=\"Az online nemzetk\u00f6zi lott\u00f3j\u00e1t\u00e9kok t\u00f6bb lehet\u0151s\u00e9get \u00e9s nagyobb nyer\u00e9si es\u00e9lyt biztos\u00edtanak - ismerje meg a vil\u00e1g legjobb lott\u00f3j\u00e1t\u00e9kait!\" \/>\n<meta property=\"og:url\" content=\"https:\/\/redfoxlotto.com\/hu\/jatek\/\" \/>\n<meta property=\"og:site_name\" content=\"Get Tickets for the World\u2019s largest jackpots\" \/>\n<meta property=\"article:modified_time\" content=\"2025-12-15T18:43:45+00:00\" \/>\n<meta property=\"og:image\" content=\"https:\/\/content.redfoxlotto.com\/uploads\/sites\/9\/1_playing_lottery_online.jpg\" \/>\n<meta name=\"twitter:card\" content=\"summary_large_image\" \/>\n<meta name=\"twitter:label1\" content=\"Becs\u00fclt olvas\u00e1si id\u0151\" \/>\n\t<meta name=\"twitter:data1\" content=\"4 perc\" \/>\n<script type=\"application\/ld+json\" class=\"yoast-schema-graph\">{\"@context\":\"https:\/\/schema.org\",\"@graph\":[{\"@type\":\"WebPage\",\"@id\":\"https:\/\/redfoxlotto.com\/hu\/jatek\/\",\"url\":\"https:\/\/redfoxlotto.com\/hu\/jatek\/\",\"name\":\"J\u00e1tsszon lott\u00f3t online | Nyerjen nemzetk\u00f6zi lott\u00f3 jackpotokat\",\"isPartOf\":{\"@id\":\"https:\/\/redfoxlotto.com\/hu\/#website\"},\"primaryImageOfPage\":{\"@id\":\"https:\/\/redfoxlotto.com\/hu\/jatek\/#primaryimage\"},\"image\":{\"@id\":\"https:\/\/redfoxlotto.com\/hu\/jatek\/#primaryimage\"},\"thumbnailUrl\":\"https:\/\/content.redfoxlotto.com\/uploads\/sites\/9\/1_playing_lottery_online.jpg\",\"datePublished\":\"2023-04-24T14:10:57+00:00\",\"dateModified\":\"2025-12-15T18:43:45+00:00\",\"description\":\"Az online nemzetk\u00f6zi lott\u00f3j\u00e1t\u00e9kok t\u00f6bb lehet\u0151s\u00e9get \u00e9s nagyobb nyer\u00e9si es\u00e9lyt biztos\u00edtanak - ismerje meg a vil\u00e1g legjobb lott\u00f3j\u00e1t\u00e9kait!\",\"breadcrumb\":{\"@id\":\"https:\/\/redfoxlotto.com\/hu\/jatek\/#breadcrumb\"},\"inLanguage\":\"hu\",\"potentialAction\":[{\"@type\":\"ReadAction\",\"target\":[\"https:\/\/redfoxlotto.com\/hu\/jatek\/\"]}]},{\"@type\":\"ImageObject\",\"inLanguage\":\"hu\",\"@id\":\"https:\/\/redfoxlotto.com\/hu\/jatek\/#primaryimage\",\"url\":\"https:\/\/content.redfoxlotto.com\/uploads\/sites\/9\/1_playing_lottery_online.jpg\",\"contentUrl\":\"https:\/\/content.redfoxlotto.com\/uploads\/sites\/9\/1_playing_lottery_online.jpg\"},{\"@type\":\"BreadcrumbList\",\"@id\":\"https:\/\/redfoxlotto.com\/hu\/jatek\/#breadcrumb\",\"itemListElement\":[{\"@type\":\"ListItem\",\"position\":1,\"name\":\"Home\",\"item\":\"https:\/\/redfoxlotto.com\/hu\/\"},{\"@type\":\"ListItem\",\"position\":2,\"name\":\"Hogyan j\u00e1tszhat m\u00e1s orsz\u00e1gok lott\u00f3j\u00e1t\u00e9kain\"}]},{\"@type\":\"WebSite\",\"@id\":\"https:\/\/redfoxlotto.com\/hu\/#website\",\"url\":\"https:\/\/redfoxlotto.com\/hu\/\",\"name\":\"Get Tickets for the World\u2019s largest jackpots\",\"description\":\"Participate in worldwide lottery jackpots from any country\",\"publisher\":{\"@id\":\"https:\/\/redfoxlotto.com\/hu\/#organization\"},\"potentialAction\":[{\"@type\":\"SearchAction\",\"target\":{\"@type\":\"EntryPoint\",\"urlTemplate\":\"https:\/\/redfoxlotto.com\/hu\/?s={search_term_string}\"},\"query-input\":{\"@type\":\"PropertyValueSpecification\",\"valueRequired\":true,\"valueName\":\"search_term_string\"}}],\"inLanguage\":\"hu\"},{\"@type\":\"Organization\",\"@id\":\"https:\/\/redfoxlotto.com\/hu\/#organization\",\"name\":\"Get Tickets for the World\u2019s largest jackpots\",\"url\":\"https:\/\/redfoxlotto.com\/hu\/\",\"logo\":{\"@type\":\"ImageObject\",\"inLanguage\":\"hu\",\"@id\":\"https:\/\/redfoxlotto.com\/hu\/#\/schema\/logo\/image\/\",\"url\":\"https:\/\/redfoxlotto.com\/wp-content\/uploads\/2023\/04\/logo.png\",\"contentUrl\":\"https:\/\/redfoxlotto.com\/wp-content\/uploads\/2023\/04\/logo.png\",\"width\":269,\"height\":53,\"caption\":\"Get Tickets for the World\u2019s largest jackpots\"},\"image\":{\"@id\":\"https:\/\/redfoxlotto.com\/hu\/#\/schema\/logo\/image\/\"}}]}<\/script>\n<!-- \/ Yoast SEO plugin. -->","yoast_head_json":{"title":"J\u00e1tsszon lott\u00f3t online | Nyerjen nemzetk\u00f6zi lott\u00f3 jackpotokat","description":"Az online nemzetk\u00f6zi lott\u00f3j\u00e1t\u00e9kok t\u00f6bb lehet\u0151s\u00e9get \u00e9s nagyobb nyer\u00e9si es\u00e9lyt biztos\u00edtanak - ismerje meg a vil\u00e1g legjobb lott\u00f3j\u00e1t\u00e9kait!","robots":{"index":"index","follow":"follow","max-snippet":"max-snippet:-1","max-image-preview":"max-image-preview:large","max-video-preview":"max-video-preview:-1"},"canonical":"https:\/\/redfoxlotto.com\/hu\/jatek\/","og_locale":"hu_HU","og_type":"article","og_title":"J\u00e1tsszon lott\u00f3t online | Nyerjen nemzetk\u00f6zi lott\u00f3 jackpotokat","og_description":"Az online nemzetk\u00f6zi lott\u00f3j\u00e1t\u00e9kok t\u00f6bb lehet\u0151s\u00e9get \u00e9s nagyobb nyer\u00e9si es\u00e9lyt biztos\u00edtanak - ismerje meg a vil\u00e1g legjobb lott\u00f3j\u00e1t\u00e9kait!","og_url":"https:\/\/redfoxlotto.com\/hu\/jatek\/","og_site_name":"Get Tickets for the World\u2019s largest jackpots","article_modified_time":"2025-12-15T18:43:45+00:00","og_image":[{"url":"https:\/\/content.redfoxlotto.com\/uploads\/sites\/9\/1_playing_lottery_online.jpg"}],"twitter_card":"summary_large_image","twitter_misc":{"Becs\u00fclt olvas\u00e1si id\u0151":"4 perc"},"schema":{"@context":"https:\/\/schema.org","@graph":[{"@type":"WebPage","@id":"https:\/\/redfoxlotto.com\/hu\/jatek\/","url":"https:\/\/redfoxlotto.com\/hu\/jatek\/","name":"J\u00e1tsszon lott\u00f3t online | Nyerjen nemzetk\u00f6zi lott\u00f3 jackpotokat","isPartOf":{"@id":"https:\/\/redfoxlotto.com\/hu\/#website"},"primaryImageOfPage":{"@id":"https:\/\/redfoxlotto.com\/hu\/jatek\/#primaryimage"},"image":{"@id":"https:\/\/redfoxlotto.com\/hu\/jatek\/#primaryimage"},"thumbnailUrl":"https:\/\/content.redfoxlotto.com\/uploads\/sites\/9\/1_playing_lottery_online.jpg","datePublished":"2023-04-24T14:10:57+00:00","dateModified":"2025-12-15T18:43:45+00:00","description":"Az online nemzetk\u00f6zi lott\u00f3j\u00e1t\u00e9kok t\u00f6bb lehet\u0151s\u00e9get \u00e9s nagyobb nyer\u00e9si es\u00e9lyt biztos\u00edtanak - ismerje meg a vil\u00e1g legjobb lott\u00f3j\u00e1t\u00e9kait!","breadcrumb":{"@id":"https:\/\/redfoxlotto.com\/hu\/jatek\/#breadcrumb"},"inLanguage":"hu","potentialAction":[{"@type":"ReadAction","target":["https:\/\/redfoxlotto.com\/hu\/jatek\/"]}]},{"@type":"ImageObject","inLanguage":"hu","@id":"https:\/\/redfoxlotto.com\/hu\/jatek\/#primaryimage","url":"https:\/\/content.redfoxlotto.com\/uploads\/sites\/9\/1_playing_lottery_online.jpg","contentUrl":"https:\/\/content.redfoxlotto.com\/uploads\/sites\/9\/1_playing_lottery_online.jpg"},{"@type":"BreadcrumbList","@id":"https:\/\/redfoxlotto.com\/hu\/jatek\/#breadcrumb","itemListElement":[{"@type":"ListItem","position":1,"name":"Home","item":"https:\/\/redfoxlotto.com\/hu\/"},{"@type":"ListItem","position":2,"name":"Hogyan j\u00e1tszhat m\u00e1s orsz\u00e1gok lott\u00f3j\u00e1t\u00e9kain"}]},{"@type":"WebSite","@id":"https:\/\/redfoxlotto.com\/hu\/#website","url":"https:\/\/redfoxlotto.com\/hu\/","name":"Get Tickets for the World\u2019s largest jackpots","description":"Participate in worldwide lottery jackpots from any country","publisher":{"@id":"https:\/\/redfoxlotto.com\/hu\/#organization"},"potentialAction":[{"@type":"SearchAction","target":{"@type":"EntryPoint","urlTemplate":"https:\/\/redfoxlotto.com\/hu\/?s={search_term_string}"},"query-input":{"@type":"PropertyValueSpecification","valueRequired":true,"valueName":"search_term_string"}}],"inLanguage":"hu"},{"@type":"Organization","@id":"https:\/\/redfoxlotto.com\/hu\/#organization","name":"Get Tickets for the World\u2019s largest jackpots","url":"https:\/\/redfoxlotto.com\/hu\/","logo":{"@type":"ImageObject","inLanguage":"hu","@id":"https:\/\/redfoxlotto.com\/hu\/#\/schema\/logo\/image\/","url":"https:\/\/redfoxlotto.com\/wp-content\/uploads\/2023\/04\/logo.png","contentUrl":"https:\/\/redfoxlotto.com\/wp-content\/uploads\/2023\/04\/logo.png","width":269,"height":53,"caption":"Get Tickets for the World\u2019s largest jackpots"},"image":{"@id":"https:\/\/redfoxlotto.com\/hu\/#\/schema\/logo\/image\/"}}]}},"_links":{"self":[{"href":"https:\/\/redfoxlotto.com\/hu\/wp-json\/wp\/v2\/pages\/55156","targetHints":{"allow":["GET"]}}],"collection":[{"href":"https:\/\/redfoxlotto.com\/hu\/wp-json\/wp\/v2\/pages"}],"about":[{"href":"https:\/\/redfoxlotto.com\/hu\/wp-json\/wp\/v2\/types\/page"}],"author":[{"embeddable":true,"href":"https:\/\/redfoxlotto.com\/hu\/wp-json\/wp\/v2\/users\/1"}],"replies":[{"embeddable":true,"href":"https:\/\/redfoxlotto.com\/hu\/wp-json\/wp\/v2\/comments?post=55156"}],"version-history":[{"count":0,"href":"https:\/\/redfoxlotto.com\/hu\/wp-json\/wp\/v2\/pages\/55156\/revisions"}],"wp:attachment":[{"href":"https:\/\/redfoxlotto.com\/hu\/wp-json\/wp\/v2\/media?parent=55156"}],"curies":[{"name":"wp","href":"https:\/\/api.w.org\/{rel}","templated":true}]}}