{"id":50068,"date":"2023-04-13T18:01:41","date_gmt":"2023-04-13T18:01:41","guid":{"rendered":"https:\/\/redfoxlotto.eu\/?page_id=50068"},"modified":"2025-12-15T11:00:48","modified_gmt":"2025-12-15T11:00:48","slug":"az-on-lakohelye-szerinti-orszag-nem-szamit-jatsszon-a-vilag-legnagyobb-lottojatekain","status":"publish","type":"page","link":"https:\/\/redfoxlotto.com\/hu\/","title":{"rendered":"Az \u00d6n lak\u00f3helye szerinti orsz\u00e1g nem sz\u00e1m\u00edt, j\u00e1tsszon a vil\u00e1g legnagyobb lott\u00f3j\u00e1t\u00e9kain!"},"content":{"rendered":"<p><script type=\"application\/ld+json\">\n{\n  \"@context\": \"https:\/\/schema.org\",\n  \"@type\": \"Service\",\n  \"name\": \"J\u00e1tssz Powerballt online\",\n  \"url\": \"https:\/\/redfoxlotto.com\/hu\/\",\n  \"description\": \"A vil\u00e1g legnagyobb lott\u00f3 f\u0151nyerem\u00e9nyei b\u00e1rhonnan el\u00e9rhet\u0151k \u2013 v\u00e1s\u00e1rolj lott\u00f3szelv\u00e9nyeket online most!\",\n  \"serviceType\": \"Online lott\u00f3szelv\u00e9ny-k\u00f6zvet\u00edt\u0151 szolg\u00e1ltat\u00e1s\",\n  \"provider\": {\n    \"@type\": \"Organization\",\n    \"name\": \"RedFoxLotto\",\n    \"url\": \"https:\/\/redfoxlotto.com\/hu\/\",\n    \"image\": \"https:\/\/redfoxlotto.com\/wp-content\/uploads\/2025\/12\/ticket_scans.jpg\"\n  },\n  \"areaServed\": \"Vil\u00e1gszerte\",\n  \"termsOfService\": \"https:\/\/redfoxlotto.com\/terms-and-conditions\",\n  \"additionalProperty\": {\n    \"@type\": \"PropertyValue\",\n    \"name\": \"GYIK\",\n    \"value\": \"https:\/\/redfoxlotto.com\/hu\/faq\/\"\n  },\n  \"hasOfferCatalog\": {\n    \"@type\": \"OfferCatalog\",\n    \"name\": \"Lott\u00f3szelv\u00e9nyek nemzetk\u00f6zi lott\u00f3khoz\",\n    \"itemListElement\": [\n      {\n        \"@type\": \"Offer\",\n        \"name\": \"Szelv\u00e9nyek Powerballhoz, Mega Millionshez, Euromillionsh\u00f6z \u00e9s m\u00e1sokhoz\",\n        \"url\": \"https:\/\/redfoxlotto.com\/hu\/\",\n        \"description\": \"V\u00e1s\u00e1rolj szelv\u00e9nyeket a vil\u00e1g legnagyobb lott\u00f3 f\u0151nyerem\u00e9nyeihez.\",\n        \"availability\": \"https:\/\/schema.org\/InStock\",\n        \"itemOffered\": {\n          \"@type\": \"Service\",\n          \"name\": \"Nemzetk\u00f6zi lott\u00f3szelv\u00e9nyek\",\n          \"description\": \"Vegy\u00e9l r\u00e9szt nemzetk\u00f6zi lott\u00f3kban a RedFoxLotto seg\u00edts\u00e9g\u00e9vel.\"\n        }\n      }\n    ]\n  },\n  \"mainEntityOfPage\": {\n    \"@type\": \"WebPage\",\n    \"@id\": \"https:\/\/redfoxlotto.com\/hu\/\"\n  }\n}\n<\/script><\/p>\n<h2>Az \u00d6n lak\u00f3helye szerinti orsz\u00e1g nem sz\u00e1m\u00edt, j\u00e1tsszon a vil\u00e1g legnagyobb lott\u00f3j\u00e1t\u00e9kain!<\/h2>\n<p><img loading=\"lazy\" decoding=\"async\" class=\"size-full wp-image-4467 alignright\" src=\"https:\/\/redfoxlotto.com\/wp-content\/uploads\/2024\/03\/Balls_2.png\" alt=\"lott\u00f3szelv\u00e9ny online\" width=\"212\" height=\"250\" \/>H\u00e1nyszor hallott\u00e1l m\u00e1r lott\u00f3nyertesekr\u0151l b\u00e1rhol a vil\u00e1gon, akik hatalmas \u00f6sszegeket nyertek? Sajnos ezeket a hatalmas nyerem\u00e9nyeket t\u00f6bbnyire m\u00e1s orsz\u00e1gokban \u00e9rt\u00e9k el. Persze, m\u00e9g a saj\u00e1t orsz\u00e1godban is felbukkannak id\u0151r\u0151l id\u0151re nagy jackpotok. De gyakran el\u00e9g sok id\u0151be telik, mire a jackpot el\u00e9g nagy lesz. Ha teh\u00e1t arra v\u00e1rsz, hogy nagy jackpotot szerezz, akkor lehet, hogy v\u00e1rnod kell egy darabig.<\/p>\n<p>De most m\u00e1r online is v\u00e1s\u00e1rolhat lott\u00f3szelv\u00e9nyeket a vil\u00e1g legnagyobb lott\u00f3 jackpotjaira. Ez azt jelenti, hogy haz\u00e1don k\u00edv\u00fcl is r\u00e9szt vehetsz lott\u00f3j\u00e1t\u00e9kokon! Ez teljesen leg\u00e1lis, \u00e9s nagyon k\u00e9nyelmes is. A lott\u00f3szelv\u00e9nyt online rendelheti meg n\u00e9h\u00e1ny kattint\u00e1ssal. Ezut\u00e1n fizethet, p\u00e9ld\u00e1ul hitelk\u00e1rty\u00e1val, egy teljesen biztons\u00e1gos elj\u00e1r\u00e1s seg\u00edts\u00e9g\u00e9vel. Vagy a sz\u00e1mos egy\u00e9b fizet\u00e9si m\u00f3dunk egyik\u00e9t haszn\u00e1lja az online szelv\u00e9ny megrendel\u00e9s\u00e9hez.<\/p>\n<p>R\u00f6viddel k\u00e9s\u0151bb visszaigazol\u00f3 e-mailt kap t\u0151l\u00fcnk. Egyetlen lott\u00f3szelv\u00e9ny sem veszhet el, \u00e9s nyerem\u00e9ny eset\u00e9n automatikusan \u00e9rtes\u00edtj\u00fck \u00d6nt. \u00cdgy nem maradhat le a nyerem\u00e9nyr\u0151l az\u00e9rt, mert elfelejtette ellen\u0151rizni a szelv\u00e9ny\u00e9t a lott\u00f3eredm\u00e9nyekkel!<\/p>\n<h2>A legnagyobb el\u0151nye az online sorsjegy v\u00e1s\u00e1rl\u00e1s\u00e1nak<\/h2>\n<div>A legnagyobb el\u0151nye k\u00e9ts\u00e9gtelen\u00fcl az, hogy egyszer\u0171en megveheti a szelv\u00e9nyeket az aktu\u00e1lisan legmagasabb jackpotra. Nem sz\u00e1m\u00edt, hogy mennyi p\u00e9nzt k\u00f6lt lott\u00f3szelv\u00e9nyre. Egy\u00e9rtelm\u0171en gazdas\u00e1gosabb p\u00e9nzt fektetni egy 150 milli\u00f3s jackpotra, mint egy k\u00e9tmilli\u00f3s nyerem\u00e9nyre. Az online el\u00e9rhet\u0151 t\u00f6bb lott\u00f3j\u00e1t\u00e9kkal minden h\u00e9ten tal\u00e1lhat legal\u00e1bb egy hatalmas jackpotot.<\/div>\n<div>Ez jobb ar\u00e1nyt biztos\u00edt a k\u00f6lts\u00e9gek \u00e9s a potenci\u00e1lis nyerem\u00e9ny k\u00f6z\u00f6tt, mint a helyi lott\u00f3. \u00c9s n\u00e9ha ezek a jackpotok olyan m\u00e9reteket \u00f6lthetnek, amelyek egyszer\u0171en elk\u00e9peszt\u0151ek. A vil\u00e1grekord jackpot 2 milli\u00e1rd 040 milli\u00f3 doll\u00e1r (2023 j\u00falius\u00e1ban). Ezt 2022. november 22-\u00e9n nyert\u00e9k meg az amerikai Powerball lott\u00f3n. \u00c9s 2016. janu\u00e1r 13-\u00e1n volt egy m\u00e1sik jackpot, 1,586 milli\u00e1rd doll\u00e1r, amelyet szint\u00e9n az amerikai Powerball lott\u00f3n nyertek.<\/div>\n<div><\/div>\n<div>Minden id\u0151k harmadik legmagasabb jackpotj\u00e1t a Mega Millions lott\u00f3n nyert\u00e9k, ahol 2018. okt\u00f3ber 23-\u00e1n egy szerencs\u00e9s nyertes 1 537 milli\u00e1rd doll\u00e1rt szerzett. Az eml\u00edtett lott\u00f3j\u00e1t\u00e9kok kor\u00e1bbi nagyobb nyerem\u00e9nyei k\u00f6z\u00fcl pedig sokan online v\u00e1s\u00e1rolt szelv\u00e9nyekkel \u00e9rtek el!<\/div>\n<h2>Mi t\u00f6rt\u00e9nik, miut\u00e1n online megrendeltem a jegyemet?<\/h2>\n<p><img loading=\"lazy\" decoding=\"async\" class=\"size-medium wp-image-39298 alignright\" src=\"https:\/\/redfoxlotto.com\/wp-content\/uploads\/2023\/04\/1_play_online_lotto.jpg\" alt=\"online lott\u00f3zni\" width=\"300\" height=\"300\" \/><\/p>\n<div>A RedFoxLotto.com \u00e1ltal ny\u00fajtott szolg\u00e1ltat\u00e1s az, hogy alkalmazottaink vannak a k\u00fcl\u00f6nb\u00f6z\u0151 lott\u00f3j\u00e1t\u00e9kok orsz\u00e1gaiban. \u0150k v\u00e1s\u00e1rolj\u00e1k meg az \u00d6n \u00e1ltal megrendelt szelv\u00e9nyeket. Val\u00f3di, hivatalos lott\u00f3szelv\u00e9nyekr\u0151l besz\u00e9l\u00fcnk. Biztos\u00edtjuk, hogy a szelv\u00e9nyeken az \u00d6n \u00e1ltal kiv\u00e1lasztott sz\u00e1mok szerepeljenek. A v\u00e1s\u00e1rl\u00e1s ut\u00e1n kap t\u0151l\u00fcnk egy visszaigazol\u00f3 e-mailt. Az \u00fcgyf\u00e9lter\u00fcleten megtekintheti a megrendel\u00e9s\u00e9t \u00e9s ellen\u0151rizheti a sz\u00e1mokat.<\/div>\n<h2>\u00c9s mi van, ha nyerek?<\/h2>\n<div>Nos, mi ezt is megk\u00f6nny\u00edtj\u00fck az \u00d6n sz\u00e1m\u00e1ra. Minden 2,500 \u20ac alatti nyerem\u00e9nyt azonnal j\u00f3v\u00e1\u00edrunk a RedFoxLotto \u00fcgyf\u00e9lsz\u00e1ml\u00e1j\u00e1n. Onnan ugyanazok a kifizet\u00e9si lehet\u0151s\u00e9gek \u00e1llnak rendelkez\u00e9s\u00e9re, mint amelyekkel a szelv\u00e9nyei\u00e9rt fizetett. Ha a nyerem\u00e9nye meghaladja a 2 500 \u20ac-t, \u00fcgyf\u00e9lszolg\u00e1latunk felveszi \u00d6nnel a kapcsolatot a kifizet\u00e9s megszervez\u00e9se \u00e9rdek\u00e9ben. Az \u00d6n nev\u00e9ben felvessz\u00fck a kapcsolatot az illet\u00e9kes lott\u00f3bizotts\u00e1ggal. Az ilyen, 2500 \u20ac feletti kifizet\u00e9s \u00e1ltal\u00e1ban k\u00f6zvetlen\u00fcl az \u00d6n banksz\u00e1ml\u00e1j\u00e1ra t\u00f6rt\u00e9nik, vagy csekket kap.<\/div>\n<p>A nyerem\u00e9nyek feldolgoz\u00e1sa ingyenes szolg\u00e1ltat\u00e1sunk, kiv\u00e9ve a banki \u00e1tutal\u00e1s eset\u00e9n fizetend\u0151 csek\u00e9ly d\u00edjat.<\/p>\n<p>Tov\u00e1bbi inform\u00e1ci\u00f3\u00e9rt k\u00e9rj\u00fck, olvassa el a GYIK r\u00e9sz\u00fcnket. Ha ott nem tal\u00e1l v\u00e1laszt a k\u00e9rd\u00e9seire, k\u00e9rj\u00fck, forduljon b\u00e1tran \u00fcgyf\u00e9lszolg\u00e1latunkhoz.<\/p>\n<p>\u00cdgy m\u00e1r nincs okod arra, hogy megel\u00e9gedj a kisebb lott\u00f3 jackpotokkal! Csak v\u00e1lasszon egy nagyobb jackpotot a weboldalunkon. Ezut\u00e1n v\u00e1lassza ki a sz\u00e1mokat, \u00e9s hamarosan \u00d6n lehet a k\u00f6vetkez\u0151 lott\u00f3 multimilliomos! Sok szerencs\u00e9t k\u00edv\u00e1nunk!<\/p>\n","protected":false},"excerpt":{"rendered":"<p>Az \u00d6n lak\u00f3helye szerinti orsz\u00e1g nem sz\u00e1m\u00edt, j\u00e1tsszon a vil\u00e1g legnagyobb lott\u00f3j\u00e1t\u00e9kain! H\u00e1nyszor hallott\u00e1l m\u00e1r lott\u00f3nyertesekr\u0151l b\u00e1rhol a vil\u00e1gon, akik hatalmas \u00f6sszegeket nyertek? Sajnos ezeket a hatalmas nyerem\u00e9nyeket t\u00f6bbnyire m\u00e1s orsz\u00e1gokban \u00e9rt\u00e9k el. Persze, m\u00e9g a saj\u00e1t orsz\u00e1godban is felbukkannak id\u0151r\u0151l id\u0151re nagy jackpotok. De gyakran el\u00e9g sok id\u0151be telik, mire a jackpot el\u00e9g nagy [&hellip;]<\/p>\n","protected":false},"author":1,"featured_media":0,"parent":0,"menu_order":1,"comment_status":"closed","ping_status":"closed","template":"lotto.php","meta":{"_et_pb_use_builder":"","_et_pb_old_content":"","_et_gb_content_width":"","exclude_from_search":false,"footnotes":""},"class_list":["post-50068","page","type-page","status-publish","hentry"],"yoast_head":"<!-- This site is optimized with the Yoast SEO plugin v23.8 - https:\/\/yoast.com\/wordpress\/plugins\/seo\/ -->\n<title>Lott\u00f3 online | V\u00e1s\u00e1roljon szelv\u00e9nyeket a vil\u00e1g legnagyobb lott\u00f3 jackpotjaira<\/title>\n<meta name=\"description\" content=\"A vil\u00e1g legnagyobb lott\u00f3 jackpotjai b\u00e1rhonnan el\u00e9rhet\u0151ek - v\u00e1s\u00e1roljon lott\u00f3szelv\u00e9nyt online most!\" \/>\n<meta name=\"robots\" content=\"index, follow, max-snippet:-1, max-image-preview:large, max-video-preview:-1\" \/>\n<link rel=\"canonical\" href=\"https:\/\/redfoxlotto.com\/hu\/\" \/>\n<meta property=\"og:locale\" content=\"hu_HU\" \/>\n<meta property=\"og:type\" content=\"article\" \/>\n<meta property=\"og:title\" content=\"Lott\u00f3 online | V\u00e1s\u00e1roljon szelv\u00e9nyeket a vil\u00e1g legnagyobb lott\u00f3 jackpotjaira\" \/>\n<meta property=\"og:description\" content=\"A vil\u00e1g legnagyobb lott\u00f3 jackpotjai b\u00e1rhonnan el\u00e9rhet\u0151ek - v\u00e1s\u00e1roljon lott\u00f3szelv\u00e9nyt online most!\" \/>\n<meta property=\"og:url\" content=\"https:\/\/redfoxlotto.com\/hu\/\" \/>\n<meta property=\"og:site_name\" content=\"Get Tickets for the World\u2019s largest jackpots\" \/>\n<meta property=\"article:modified_time\" content=\"2025-12-15T11:00:48+00:00\" \/>\n<meta property=\"og:image\" content=\"https:\/\/redfoxlotto.com\/wp-content\/uploads\/2024\/03\/Balls_2.png\" \/>\n<meta name=\"twitter:card\" content=\"summary_large_image\" \/>\n<meta name=\"twitter:label1\" content=\"Becs\u00fclt olvas\u00e1si id\u0151\" \/>\n\t<meta name=\"twitter:data1\" content=\"3 perc\" \/>\n<script type=\"application\/ld+json\" class=\"yoast-schema-graph\">{\"@context\":\"https:\/\/schema.org\",\"@graph\":[{\"@type\":\"WebPage\",\"@id\":\"https:\/\/redfoxlotto.com\/hu\/\",\"url\":\"https:\/\/redfoxlotto.com\/hu\/\",\"name\":\"Lott\u00f3 online | V\u00e1s\u00e1roljon szelv\u00e9nyeket a vil\u00e1g legnagyobb lott\u00f3 jackpotjaira\",\"isPartOf\":{\"@id\":\"https:\/\/redfoxlotto.com\/hu\/#website\"},\"primaryImageOfPage\":{\"@id\":\"https:\/\/redfoxlotto.com\/hu\/#primaryimage\"},\"image\":{\"@id\":\"https:\/\/redfoxlotto.com\/hu\/#primaryimage\"},\"thumbnailUrl\":\"https:\/\/redfoxlotto.com\/wp-content\/uploads\/2024\/03\/Balls_2.png\",\"datePublished\":\"2023-04-13T18:01:41+00:00\",\"dateModified\":\"2025-12-15T11:00:48+00:00\",\"description\":\"A vil\u00e1g legnagyobb lott\u00f3 jackpotjai b\u00e1rhonnan el\u00e9rhet\u0151ek - v\u00e1s\u00e1roljon lott\u00f3szelv\u00e9nyt online most!\",\"breadcrumb\":{\"@id\":\"https:\/\/redfoxlotto.com\/hu\/#breadcrumb\"},\"inLanguage\":\"hu\",\"potentialAction\":[{\"@type\":\"ReadAction\",\"target\":[\"https:\/\/redfoxlotto.com\/hu\/\"]}]},{\"@type\":\"ImageObject\",\"inLanguage\":\"hu\",\"@id\":\"https:\/\/redfoxlotto.com\/hu\/#primaryimage\",\"url\":\"https:\/\/redfoxlotto.com\/wp-content\/uploads\/2024\/03\/Balls_2.png\",\"contentUrl\":\"https:\/\/redfoxlotto.com\/wp-content\/uploads\/2024\/03\/Balls_2.png\"},{\"@type\":\"BreadcrumbList\",\"@id\":\"https:\/\/redfoxlotto.com\/hu\/#breadcrumb\",\"itemListElement\":[{\"@type\":\"ListItem\",\"position\":1,\"name\":\"Home\",\"item\":\"https:\/\/redfoxlotto.com\/hu\/\"},{\"@type\":\"ListItem\",\"position\":2,\"name\":\"Az \u00d6n lak\u00f3helye szerinti orsz\u00e1g nem sz\u00e1m\u00edt, j\u00e1tsszon a vil\u00e1g legnagyobb lott\u00f3j\u00e1t\u00e9kain!\"}]},{\"@type\":\"WebSite\",\"@id\":\"https:\/\/redfoxlotto.com\/hu\/#website\",\"url\":\"https:\/\/redfoxlotto.com\/hu\/\",\"name\":\"Get Tickets for the World\u2019s largest jackpots\",\"description\":\"Participate in worldwide lottery jackpots from any country\",\"publisher\":{\"@id\":\"https:\/\/redfoxlotto.com\/hu\/#organization\"},\"potentialAction\":[{\"@type\":\"SearchAction\",\"target\":{\"@type\":\"EntryPoint\",\"urlTemplate\":\"https:\/\/redfoxlotto.com\/hu\/?s={search_term_string}\"},\"query-input\":{\"@type\":\"PropertyValueSpecification\",\"valueRequired\":true,\"valueName\":\"search_term_string\"}}],\"inLanguage\":\"hu\"},{\"@type\":\"Organization\",\"@id\":\"https:\/\/redfoxlotto.com\/hu\/#organization\",\"name\":\"Get Tickets for the World\u2019s largest jackpots\",\"url\":\"https:\/\/redfoxlotto.com\/hu\/\",\"logo\":{\"@type\":\"ImageObject\",\"inLanguage\":\"hu\",\"@id\":\"https:\/\/redfoxlotto.com\/hu\/#\/schema\/logo\/image\/\",\"url\":\"https:\/\/redfoxlotto.com\/wp-content\/uploads\/2023\/04\/logo.png\",\"contentUrl\":\"https:\/\/redfoxlotto.com\/wp-content\/uploads\/2023\/04\/logo.png\",\"width\":269,\"height\":53,\"caption\":\"Get Tickets for the World\u2019s largest jackpots\"},\"image\":{\"@id\":\"https:\/\/redfoxlotto.com\/hu\/#\/schema\/logo\/image\/\"}}]}<\/script>\n<!-- \/ Yoast SEO plugin. -->","yoast_head_json":{"title":"Lott\u00f3 online | V\u00e1s\u00e1roljon szelv\u00e9nyeket a vil\u00e1g legnagyobb lott\u00f3 jackpotjaira","description":"A vil\u00e1g legnagyobb lott\u00f3 jackpotjai b\u00e1rhonnan el\u00e9rhet\u0151ek - v\u00e1s\u00e1roljon lott\u00f3szelv\u00e9nyt online most!","robots":{"index":"index","follow":"follow","max-snippet":"max-snippet:-1","max-image-preview":"max-image-preview:large","max-video-preview":"max-video-preview:-1"},"canonical":"https:\/\/redfoxlotto.com\/hu\/","og_locale":"hu_HU","og_type":"article","og_title":"Lott\u00f3 online | V\u00e1s\u00e1roljon szelv\u00e9nyeket a vil\u00e1g legnagyobb lott\u00f3 jackpotjaira","og_description":"A vil\u00e1g legnagyobb lott\u00f3 jackpotjai b\u00e1rhonnan el\u00e9rhet\u0151ek - v\u00e1s\u00e1roljon lott\u00f3szelv\u00e9nyt online most!","og_url":"https:\/\/redfoxlotto.com\/hu\/","og_site_name":"Get Tickets for the World\u2019s largest jackpots","article_modified_time":"2025-12-15T11:00:48+00:00","og_image":[{"url":"https:\/\/redfoxlotto.com\/wp-content\/uploads\/2024\/03\/Balls_2.png"}],"twitter_card":"summary_large_image","twitter_misc":{"Becs\u00fclt olvas\u00e1si id\u0151":"3 perc"},"schema":{"@context":"https:\/\/schema.org","@graph":[{"@type":"WebPage","@id":"https:\/\/redfoxlotto.com\/hu\/","url":"https:\/\/redfoxlotto.com\/hu\/","name":"Lott\u00f3 online | V\u00e1s\u00e1roljon szelv\u00e9nyeket a vil\u00e1g legnagyobb lott\u00f3 jackpotjaira","isPartOf":{"@id":"https:\/\/redfoxlotto.com\/hu\/#website"},"primaryImageOfPage":{"@id":"https:\/\/redfoxlotto.com\/hu\/#primaryimage"},"image":{"@id":"https:\/\/redfoxlotto.com\/hu\/#primaryimage"},"thumbnailUrl":"https:\/\/redfoxlotto.com\/wp-content\/uploads\/2024\/03\/Balls_2.png","datePublished":"2023-04-13T18:01:41+00:00","dateModified":"2025-12-15T11:00:48+00:00","description":"A vil\u00e1g legnagyobb lott\u00f3 jackpotjai b\u00e1rhonnan el\u00e9rhet\u0151ek - v\u00e1s\u00e1roljon lott\u00f3szelv\u00e9nyt online most!","breadcrumb":{"@id":"https:\/\/redfoxlotto.com\/hu\/#breadcrumb"},"inLanguage":"hu","potentialAction":[{"@type":"ReadAction","target":["https:\/\/redfoxlotto.com\/hu\/"]}]},{"@type":"ImageObject","inLanguage":"hu","@id":"https:\/\/redfoxlotto.com\/hu\/#primaryimage","url":"https:\/\/redfoxlotto.com\/wp-content\/uploads\/2024\/03\/Balls_2.png","contentUrl":"https:\/\/redfoxlotto.com\/wp-content\/uploads\/2024\/03\/Balls_2.png"},{"@type":"BreadcrumbList","@id":"https:\/\/redfoxlotto.com\/hu\/#breadcrumb","itemListElement":[{"@type":"ListItem","position":1,"name":"Home","item":"https:\/\/redfoxlotto.com\/hu\/"},{"@type":"ListItem","position":2,"name":"Az \u00d6n lak\u00f3helye szerinti orsz\u00e1g nem sz\u00e1m\u00edt, j\u00e1tsszon a vil\u00e1g legnagyobb lott\u00f3j\u00e1t\u00e9kain!"}]},{"@type":"WebSite","@id":"https:\/\/redfoxlotto.com\/hu\/#website","url":"https:\/\/redfoxlotto.com\/hu\/","name":"Get Tickets for the World\u2019s largest jackpots","description":"Participate in worldwide lottery jackpots from any country","publisher":{"@id":"https:\/\/redfoxlotto.com\/hu\/#organization"},"potentialAction":[{"@type":"SearchAction","target":{"@type":"EntryPoint","urlTemplate":"https:\/\/redfoxlotto.com\/hu\/?s={search_term_string}"},"query-input":{"@type":"PropertyValueSpecification","valueRequired":true,"valueName":"search_term_string"}}],"inLanguage":"hu"},{"@type":"Organization","@id":"https:\/\/redfoxlotto.com\/hu\/#organization","name":"Get Tickets for the World\u2019s largest jackpots","url":"https:\/\/redfoxlotto.com\/hu\/","logo":{"@type":"ImageObject","inLanguage":"hu","@id":"https:\/\/redfoxlotto.com\/hu\/#\/schema\/logo\/image\/","url":"https:\/\/redfoxlotto.com\/wp-content\/uploads\/2023\/04\/logo.png","contentUrl":"https:\/\/redfoxlotto.com\/wp-content\/uploads\/2023\/04\/logo.png","width":269,"height":53,"caption":"Get Tickets for the World\u2019s largest jackpots"},"image":{"@id":"https:\/\/redfoxlotto.com\/hu\/#\/schema\/logo\/image\/"}}]}},"_links":{"self":[{"href":"https:\/\/redfoxlotto.com\/hu\/wp-json\/wp\/v2\/pages\/50068","targetHints":{"allow":["GET"]}}],"collection":[{"href":"https:\/\/redfoxlotto.com\/hu\/wp-json\/wp\/v2\/pages"}],"about":[{"href":"https:\/\/redfoxlotto.com\/hu\/wp-json\/wp\/v2\/types\/page"}],"author":[{"embeddable":true,"href":"https:\/\/redfoxlotto.com\/hu\/wp-json\/wp\/v2\/users\/1"}],"replies":[{"embeddable":true,"href":"https:\/\/redfoxlotto.com\/hu\/wp-json\/wp\/v2\/comments?post=50068"}],"version-history":[{"count":0,"href":"https:\/\/redfoxlotto.com\/hu\/wp-json\/wp\/v2\/pages\/50068\/revisions"}],"wp:attachment":[{"href":"https:\/\/redfoxlotto.com\/hu\/wp-json\/wp\/v2\/media?parent=50068"}],"curies":[{"name":"wp","href":"https:\/\/api.w.org\/{rel}","templated":true}]}}