{"id":102334,"date":"2025-02-12T11:20:21","date_gmt":"2025-02-12T11:20:21","guid":{"rendered":"https:\/\/redfoxlotto.com\/?page_id=102334"},"modified":"2026-01-12T10:08:49","modified_gmt":"2026-01-12T10:08:49","slug":"nyeresi-eselyek-a-kenoban","status":"publish","type":"page","link":"https:\/\/redfoxlotto.com\/hu\/keno\/nyeresi-eselyek-a-kenoban\/","title":{"rendered":"Gold Keno nyertes sz\u00e1mok"},"content":{"rendered":"<h2>A 2 milli\u00f3 eur\u00f3s jackpot v\u00e1r r\u00e1d a Gold Ken\u00f3ban.<\/h2>\n<p><img loading=\"lazy\" decoding=\"async\" class=\"size-medium wp-image-93652 alignright\" src=\"https:\/\/redfoxlotto.com\/wp-content\/uploads\/2025\/09\/gold-keno-win-2-300x300.jpg\" alt=\"gold keno\" width=\"300\" height=\"300\" \/><br \/>\nA Gold Ken\u00f3 egy online lott\u00f3j\u00e1t\u00e9k, amely nagyon sz\u00f3rakoztat\u00f3. B\u00e1rki, aki j\u00e1tszik, megnyerheti a fantasztikus 2 milli\u00f3 eur\u00f3s f\u0151nyerem\u00e9nyt. K\u00f6nny\u0171 meg\u00e9rteni, mi\u00e9rt olyan n\u00e9pszer\u0171 a Gold Keno: minden sorsol\u00e1s val\u00f3di es\u00e9lyt k\u00edn\u00e1l arra, hogy sok p\u00e9nzt nyerjen, ami jobb\u00e1 teheti az \u00e9let\u00e9t. A j\u00e1t\u00e9k sz\u00f3rakoz\u00e1si \u00e9rt\u00e9ke abb\u00f3l fakad, hogy gyors sorsol\u00e1sok, tisztess\u00e9ges j\u00e1t\u00e9k \u00e9s a k\u00e9tmilli\u00f3s jackpot megnyer\u00e9s\u00e9nek es\u00e9lye jellemzi. Ez akkor is igaz, ha csak sz\u00f3rakoz\u00e1sb\u00f3l j\u00e1tszik, vagy ha sok p\u00e9nzt szeretne nyerni.<\/p>\n<h2>\u00datmutat\u00f3 a Gold Keno j\u00e1t\u00e9k es\u00e9lyeihez<\/h2>\n<p>A Gold Ken\u00f3ban 20 sz\u00e1mot v\u00e1lasztanak ki v\u00e9letlenszer\u0171en nyolcvanb\u00f3l. A j\u00e1t\u00e9kosok maguk v\u00e1lasztj\u00e1k ki a sz\u00e1mokat, \u00e9s a nyerem\u00e9ny \u00f6sszege att\u00f3l f\u00fcgg, hogy h\u00e1nyszor egyeznek meg a v\u00e1laszt\u00e1saik a sorsol\u00e1s eredm\u00e9ny\u00e9vel. A szorz\u00f3 hozz\u00e1ad\u00e1sa n\u00f6veli a lehets\u00e9ges kifizet\u00e9st. Ez azt jelenti, hogy a dr\u00e1g\u00e1bb jegyek nagyobb nyerem\u00e9nyeket nyerhetnek.<\/p>\n<p>Ha t\u00f6bb lehet\u0151s\u00e9ged van, nagyobb es\u00e9lyed van nagyobb nyerem\u00e9nyre, de ha kevesebb lehet\u0151s\u00e9ged van, nagyobb es\u00e9lyed van kisebb nyerem\u00e9nyre. A keno nyer\u00e9si es\u00e9lyei ezen az egyens\u00falyon alapulnak: t\u00f6bb v\u00e1laszt\u00e1s nagyobb nyerem\u00e9nyt jelent, de nehezebb es\u00e9lyeket, m\u00edg kevesebb v\u00e1laszt\u00e1s egyszer\u0171bb\u00e9 teszi a nyer\u00e9st. Ha szorz\u00f3val j\u00e1tszol, megnyerheted a k\u00e9tmilli\u00f3s f\u0151nyerem\u00e9nyt.<\/p>\n<h2>A t\u00f6bb nyer\u00e9s kulcsa a szorz\u00f3 haszn\u00e1lata.<\/h2>\n<p>A szorz\u00f3 funkci\u00f3nak k\u00f6sz\u00f6nhet\u0151en megnyerheted a Gold Keno 2 milli\u00f3 eur\u00f3s f\u0151nyerem\u00e9ny\u00e9t. P\u00e9ld\u00e1ul:<\/p>\n<p>Ha a legmagasabb szorz\u00f3 5x, akkor egy 1x szorz\u00f3val rendelkez\u0151 jegy a legnagyobb nyerem\u00e9ny 20%-\u00e1t adja. Ha a j\u00e1t\u00e9kosok a legnagyobb szorz\u00f3val fogadnak, teljes hozz\u00e1f\u00e9r\u00e9st kapnak a t\u00f6bb mint 2 milli\u00f3 eur\u00f3 \u00e9rt\u00e9k\u0171 nyerem\u00e9nyalaphoz.<\/p>\n<p>Ez a technika egy m\u00e1sik lehet\u0151s\u00e9get k\u00edn\u00e1l a j\u00e1t\u00e9kosoknak, hogy megv\u00e1ltoztass\u00e1k a keno nyer\u00e9si es\u00e9lyeit. Ez mind a \u00f3vatos, mind a kock\u00e1zatv\u00e1llal\u00f3 j\u00e1t\u00e9kosoknak egyenl\u0151 es\u00e9lyeket biztos\u00edt a j\u00e1t\u00e9kban.<\/p>\n<h2>A tranzakci\u00f3khoz k\u00e9szp\u00e9nzt \u00e9s bet\u00e9teket haszn\u00e1lnak.<\/h2>\n<p>Ahhoz, hogy Gold Ken\u00f3t j\u00e1tszhasson, p\u00e9nzt kell befizetnie a sz\u00e1ml\u00e1j\u00e1ra, \u00e9s online jegyet kell v\u00e1s\u00e1rolnia. A tranzakci\u00f3k gyorsak, biztons\u00e1gosak \u00e9s egyszer\u0171en \u00e9rthet\u0151ek, \u00edgy azonnal r\u00e9szt vehet b\u00e1rmelyik sorsol\u00e1son.<\/p>\n<h2>Sok Gold Keno sorsol\u00e1s zajlik<\/h2>\n<p>A Gold Keno j\u00e1t\u00e9k\u00e1hoz nem kell v\u00e1rni, mint m\u00e1s lott\u00f3j\u00e1t\u00e9kok eset\u00e9ben. N\u00e9h\u00e1ny percenk\u00e9nt \u00faj sorsol\u00e1sok zajlanak, ami a 2 milli\u00f3 eur\u00f3s f\u0151nyerem\u00e9ny\u00e9rt foly\u00f3 versenyt sz\u00f3rakoztat\u00f3 \u00e9s soha v\u00e9get nem \u00e9r\u0151 kalandd\u00e1 teszi. Mivel olyan sok sorsol\u00e1s zajlik, a keno nyer\u00e9si es\u00e9lyei \u00fajra \u00e9s \u00fajra tesztel\u00e9sre ker\u00fclnek, ami sz\u00f3rakoztat\u00f3v\u00e1 teszi a j\u00e1t\u00e9kot.<\/p>\n<h2>V\u00e9letlensz\u00e1m-gener\u00e1tor (RNG) a tisztess\u00e9ges j\u00e1t\u00e9k \u00e9rdek\u00e9ben<\/h2>\n<p>Annak \u00e9rdek\u00e9ben, hogy minden Gold Keno sorsol\u00e1s tisztess\u00e9ges legyen, valid\u00e1lt v\u00e9letlensz\u00e1m-gener\u00e1tort (RNG) haszn\u00e1lunk. Mivel minden eredm\u00e9ny teljesen v\u00e9letlenszer\u0171, a 2 milli\u00f3 eur\u00f3s nyerem\u00e9ny elnyer\u00e9s\u00e9nek es\u00e9lye nem tal\u00e1lgat\u00e1son, hanem a v\u00e9letlenen alapul. Ez biztos\u00edtja, hogy mindenki ugyanolyan es\u00e9llyel nyerjen a ken\u00f3ban.<\/p>\n<h2>Nyerem\u00e9nyeinek ellen\u0151rz\u00e9se \u00e9s \u00e1tv\u00e9tele<\/h2>\n<p>A j\u00e1t\u00e9kosok az eredm\u00e9nyeket azonnal megtekinthetik a \u201eSaj\u00e1t szelv\u00e9nyeim\u201d r\u00e9szben. A kisebb nyerem\u00e9nyek azonnal j\u00f3v\u00e1\u00edr\u00e1sra ker\u00fclnek a sz\u00e1ml\u00e1j\u00e1n, a nagyobbak, amelyek el\u00e9rhetik a 2500 eur\u00f3t is, szint\u00e9n azonnal \u00e1tutal\u00e1sra ker\u00fclnek. A biztos\u00edt\u00e1s garant\u00e1lja a 2 milli\u00f3 eur\u00f3s f\u0151nyerem\u00e9nyt \u00e9s az egy\u00e9b nagy nyerem\u00e9nyeket, \u00e9s a korm\u00e1ny ellen\u0151rzi, hogy azok kifizet\u00e9sre ker\u00fcljenek.<\/p>\n<h2>Minden nyertesnek joga van visszakapni a p\u00e9nz\u00e9t<\/h2>\n<p>A legt\u00f6bb lott\u00f3t\u00f3l elt\u00e9r\u0151en a Gold Keno akkor is kifizeti a nyerem\u00e9nyeket, ha nem ker\u00fcl sor jegy\u00e9rt\u00e9kes\u00edt\u00e9sre. A j\u00e1t\u00e9k nemcsak biztons\u00e1gos, hanem j\u00f6vedelmez\u0151 is, mert az \u00f6sszes nyerem\u00e9ny, bele\u00e9rtve a 2 milli\u00f3 eur\u00f3s lott\u00f3 jackpotot is, teljes m\u00e9rt\u00e9kben biztons\u00e1gos.<\/p>\n<h2>Nincsenek pap\u00edr jegyek, mert minden online t\u00f6rt\u00e9nik.<\/h2>\n<p>Nincs sz\u00fcks\u00e9g pap\u00edr jegyekre, mert a Gold Keno teljesen digit\u00e1lis. Ez a rendszer nyomon k\u00f6veti az \u00f6sszes be\u00e9rkezett jegyet, \u00edgy semmi sem veszhet el vagy lophat\u00f3 el.<\/p>\n<h2>Utols\u00f3 gondolatok: Mi k\u00fcl\u00f6nb\u00f6zteti meg a Gold Ken\u00f3t a t\u00f6bbi Keno j\u00e1t\u00e9kt\u00f3l<\/h2>\n<p>A Gold Keno tov\u00e1bbra is az egyik legizgalmasabb online lott\u00f3j\u00e1t\u00e9k, mivel n\u00e9h\u00e1ny percenk\u00e9nt sorsol, tisztess\u00e9ges v\u00e9letlensz\u00e1m-gener\u00e1torral rendelkezik, garant\u00e1lt nyerem\u00e9nyeket k\u00edn\u00e1l, \u00e9s lehet\u0151s\u00e9get ad a 2 milli\u00f3 eur\u00f3s jackpot megnyer\u00e9s\u00e9re. Azok sz\u00e1m\u00e1ra, akik a Keno nyer\u00e9si es\u00e9lyeir\u0151l gondolkodnak, ez a j\u00e1t\u00e9k izgalmas \u00e9s megnyugtat\u00f3 is egyben, mivel minden jegy megv\u00e1ltoztathatja a j\u00e1t\u00e9k menet\u00e9t a nagy c\u00e9lokkal rendelkez\u0151 j\u00e1t\u00e9kosok sz\u00e1m\u00e1ra.<\/p>\n","protected":false},"excerpt":{"rendered":"<p>A 2 milli\u00f3 eur\u00f3s jackpot v\u00e1r r\u00e1d a Gold Ken\u00f3ban. A Gold Ken\u00f3 egy online lott\u00f3j\u00e1t\u00e9k, amely nagyon sz\u00f3rakoztat\u00f3. B\u00e1rki, aki j\u00e1tszik, megnyerheti a fantasztikus 2 milli\u00f3 eur\u00f3s f\u0151nyerem\u00e9nyt. K\u00f6nny\u0171 meg\u00e9rteni, mi\u00e9rt olyan n\u00e9pszer\u0171 a Gold Keno: minden sorsol\u00e1s val\u00f3di es\u00e9lyt k\u00edn\u00e1l arra, hogy sok p\u00e9nzt nyerjen, ami jobb\u00e1 teheti az \u00e9let\u00e9t. A j\u00e1t\u00e9k sz\u00f3rakoz\u00e1si [&hellip;]<\/p>\n","protected":false},"author":8,"featured_media":0,"parent":84402,"menu_order":42,"comment_status":"closed","ping_status":"closed","template":"","meta":{"_et_pb_use_builder":"","_et_pb_old_content":"","_et_gb_content_width":"","exclude_from_search":false,"footnotes":""},"class_list":["post-102334","page","type-page","status-publish","hentry"],"yoast_head":"<!-- This site is optimized with the Yoast SEO plugin v23.8 - https:\/\/yoast.com\/wordpress\/plugins\/seo\/ -->\n<title>Nyer\u00e9si es\u00e9lyek a ken\u00f3ban | Ken\u00f3 j\u00e1t\u00e9kaink remek nyer\u00e9si es\u00e9lyeket \u00e9s nyerem\u00e9nyeket k\u00edn\u00e1lnak<\/title>\n<meta name=\"description\" content=\"Ha online ken\u00f3t j\u00e1tszik, n\u00e9zze meg a j\u00e1t\u00e9kok nyer\u00e9si es\u00e9lyeit. Gold Ken\u00f3nk 2 milli\u00f3 eur\u00f3s f\u0151nyerem\u00e9nyt k\u00edn\u00e1l, a legjobb online nyer\u00e9si es\u00e9lyekkel kombin\u00e1lva.\" \/>\n<meta name=\"robots\" content=\"index, follow, max-snippet:-1, max-image-preview:large, max-video-preview:-1\" \/>\n<link rel=\"canonical\" href=\"https:\/\/redfoxlotto.com\/hu\/keno\/nyeresi-eselyek-a-kenoban\/\" \/>\n<meta property=\"og:locale\" content=\"hu_HU\" \/>\n<meta property=\"og:type\" content=\"article\" \/>\n<meta property=\"og:title\" content=\"Nyer\u00e9si es\u00e9lyek a ken\u00f3ban | Ken\u00f3 j\u00e1t\u00e9kaink remek nyer\u00e9si es\u00e9lyeket \u00e9s nyerem\u00e9nyeket k\u00edn\u00e1lnak\" \/>\n<meta property=\"og:description\" content=\"Ha online ken\u00f3t j\u00e1tszik, n\u00e9zze meg a j\u00e1t\u00e9kok nyer\u00e9si es\u00e9lyeit. Gold Ken\u00f3nk 2 milli\u00f3 eur\u00f3s f\u0151nyerem\u00e9nyt k\u00edn\u00e1l, a legjobb online nyer\u00e9si es\u00e9lyekkel kombin\u00e1lva.\" \/>\n<meta property=\"og:url\" content=\"https:\/\/redfoxlotto.com\/hu\/keno\/nyeresi-eselyek-a-kenoban\/\" \/>\n<meta property=\"og:site_name\" content=\"Get Tickets for the World\u2019s largest jackpots\" \/>\n<meta property=\"article:modified_time\" content=\"2026-01-12T10:08:49+00:00\" \/>\n<meta property=\"og:image\" content=\"https:\/\/redfoxlotto.com\/wp-content\/uploads\/2025\/09\/gold-keno-win-2-300x300.jpg\" \/>\n<meta name=\"twitter:card\" content=\"summary_large_image\" \/>\n<meta name=\"twitter:label1\" content=\"Becs\u00fclt olvas\u00e1si id\u0151\" \/>\n\t<meta name=\"twitter:data1\" content=\"3 perc\" \/>\n<script type=\"application\/ld+json\" class=\"yoast-schema-graph\">{\"@context\":\"https:\/\/schema.org\",\"@graph\":[{\"@type\":\"WebPage\",\"@id\":\"https:\/\/redfoxlotto.com\/hu\/keno\/nyeresi-eselyek-a-kenoban\/\",\"url\":\"https:\/\/redfoxlotto.com\/hu\/keno\/nyeresi-eselyek-a-kenoban\/\",\"name\":\"Nyer\u00e9si es\u00e9lyek a ken\u00f3ban | Ken\u00f3 j\u00e1t\u00e9kaink remek nyer\u00e9si es\u00e9lyeket \u00e9s nyerem\u00e9nyeket k\u00edn\u00e1lnak\",\"isPartOf\":{\"@id\":\"https:\/\/redfoxlotto.com\/hu\/#website\"},\"primaryImageOfPage\":{\"@id\":\"https:\/\/redfoxlotto.com\/hu\/keno\/nyeresi-eselyek-a-kenoban\/#primaryimage\"},\"image\":{\"@id\":\"https:\/\/redfoxlotto.com\/hu\/keno\/nyeresi-eselyek-a-kenoban\/#primaryimage\"},\"thumbnailUrl\":\"https:\/\/redfoxlotto.com\/wp-content\/uploads\/2025\/09\/gold-keno-win-2-300x300.jpg\",\"datePublished\":\"2025-02-12T11:20:21+00:00\",\"dateModified\":\"2026-01-12T10:08:49+00:00\",\"description\":\"Ha online ken\u00f3t j\u00e1tszik, n\u00e9zze meg a j\u00e1t\u00e9kok nyer\u00e9si es\u00e9lyeit. Gold Ken\u00f3nk 2 milli\u00f3 eur\u00f3s f\u0151nyerem\u00e9nyt k\u00edn\u00e1l, a legjobb online nyer\u00e9si es\u00e9lyekkel kombin\u00e1lva.\",\"breadcrumb\":{\"@id\":\"https:\/\/redfoxlotto.com\/hu\/keno\/nyeresi-eselyek-a-kenoban\/#breadcrumb\"},\"inLanguage\":\"hu\",\"potentialAction\":[{\"@type\":\"ReadAction\",\"target\":[\"https:\/\/redfoxlotto.com\/hu\/keno\/nyeresi-eselyek-a-kenoban\/\"]}]},{\"@type\":\"ImageObject\",\"inLanguage\":\"hu\",\"@id\":\"https:\/\/redfoxlotto.com\/hu\/keno\/nyeresi-eselyek-a-kenoban\/#primaryimage\",\"url\":\"https:\/\/redfoxlotto.com\/wp-content\/uploads\/2025\/09\/gold-keno-win-2-300x300.jpg\",\"contentUrl\":\"https:\/\/redfoxlotto.com\/wp-content\/uploads\/2025\/09\/gold-keno-win-2-300x300.jpg\"},{\"@type\":\"BreadcrumbList\",\"@id\":\"https:\/\/redfoxlotto.com\/hu\/keno\/nyeresi-eselyek-a-kenoban\/#breadcrumb\",\"itemListElement\":[{\"@type\":\"ListItem\",\"position\":1,\"name\":\"Home\",\"item\":\"https:\/\/redfoxlotto.com\/hu\/\"},{\"@type\":\"ListItem\",\"position\":2,\"name\":\"Ken\u00f3\",\"item\":\"https:\/\/redfoxlotto.com\/hu\/keno\/\"},{\"@type\":\"ListItem\",\"position\":3,\"name\":\"Gold Keno nyertes sz\u00e1mok\"}]},{\"@type\":\"WebSite\",\"@id\":\"https:\/\/redfoxlotto.com\/hu\/#website\",\"url\":\"https:\/\/redfoxlotto.com\/hu\/\",\"name\":\"Get Tickets for the World\u2019s largest jackpots\",\"description\":\"Participate in worldwide lottery jackpots from any country\",\"publisher\":{\"@id\":\"https:\/\/redfoxlotto.com\/hu\/#organization\"},\"potentialAction\":[{\"@type\":\"SearchAction\",\"target\":{\"@type\":\"EntryPoint\",\"urlTemplate\":\"https:\/\/redfoxlotto.com\/hu\/?s={search_term_string}\"},\"query-input\":{\"@type\":\"PropertyValueSpecification\",\"valueRequired\":true,\"valueName\":\"search_term_string\"}}],\"inLanguage\":\"hu\"},{\"@type\":\"Organization\",\"@id\":\"https:\/\/redfoxlotto.com\/hu\/#organization\",\"name\":\"Get Tickets for the World\u2019s largest jackpots\",\"url\":\"https:\/\/redfoxlotto.com\/hu\/\",\"logo\":{\"@type\":\"ImageObject\",\"inLanguage\":\"hu\",\"@id\":\"https:\/\/redfoxlotto.com\/hu\/#\/schema\/logo\/image\/\",\"url\":\"https:\/\/redfoxlotto.com\/wp-content\/uploads\/2023\/04\/logo.png\",\"contentUrl\":\"https:\/\/redfoxlotto.com\/wp-content\/uploads\/2023\/04\/logo.png\",\"width\":269,\"height\":53,\"caption\":\"Get Tickets for the World\u2019s largest jackpots\"},\"image\":{\"@id\":\"https:\/\/redfoxlotto.com\/hu\/#\/schema\/logo\/image\/\"}}]}<\/script>\n<!-- \/ Yoast SEO plugin. -->","yoast_head_json":{"title":"Nyer\u00e9si es\u00e9lyek a ken\u00f3ban | Ken\u00f3 j\u00e1t\u00e9kaink remek nyer\u00e9si es\u00e9lyeket \u00e9s nyerem\u00e9nyeket k\u00edn\u00e1lnak","description":"Ha online ken\u00f3t j\u00e1tszik, n\u00e9zze meg a j\u00e1t\u00e9kok nyer\u00e9si es\u00e9lyeit. Gold Ken\u00f3nk 2 milli\u00f3 eur\u00f3s f\u0151nyerem\u00e9nyt k\u00edn\u00e1l, a legjobb online nyer\u00e9si es\u00e9lyekkel kombin\u00e1lva.","robots":{"index":"index","follow":"follow","max-snippet":"max-snippet:-1","max-image-preview":"max-image-preview:large","max-video-preview":"max-video-preview:-1"},"canonical":"https:\/\/redfoxlotto.com\/hu\/keno\/nyeresi-eselyek-a-kenoban\/","og_locale":"hu_HU","og_type":"article","og_title":"Nyer\u00e9si es\u00e9lyek a ken\u00f3ban | Ken\u00f3 j\u00e1t\u00e9kaink remek nyer\u00e9si es\u00e9lyeket \u00e9s nyerem\u00e9nyeket k\u00edn\u00e1lnak","og_description":"Ha online ken\u00f3t j\u00e1tszik, n\u00e9zze meg a j\u00e1t\u00e9kok nyer\u00e9si es\u00e9lyeit. Gold Ken\u00f3nk 2 milli\u00f3 eur\u00f3s f\u0151nyerem\u00e9nyt k\u00edn\u00e1l, a legjobb online nyer\u00e9si es\u00e9lyekkel kombin\u00e1lva.","og_url":"https:\/\/redfoxlotto.com\/hu\/keno\/nyeresi-eselyek-a-kenoban\/","og_site_name":"Get Tickets for the World\u2019s largest jackpots","article_modified_time":"2026-01-12T10:08:49+00:00","og_image":[{"url":"https:\/\/redfoxlotto.com\/wp-content\/uploads\/2025\/09\/gold-keno-win-2-300x300.jpg"}],"twitter_card":"summary_large_image","twitter_misc":{"Becs\u00fclt olvas\u00e1si id\u0151":"3 perc"},"schema":{"@context":"https:\/\/schema.org","@graph":[{"@type":"WebPage","@id":"https:\/\/redfoxlotto.com\/hu\/keno\/nyeresi-eselyek-a-kenoban\/","url":"https:\/\/redfoxlotto.com\/hu\/keno\/nyeresi-eselyek-a-kenoban\/","name":"Nyer\u00e9si es\u00e9lyek a ken\u00f3ban | Ken\u00f3 j\u00e1t\u00e9kaink remek nyer\u00e9si es\u00e9lyeket \u00e9s nyerem\u00e9nyeket k\u00edn\u00e1lnak","isPartOf":{"@id":"https:\/\/redfoxlotto.com\/hu\/#website"},"primaryImageOfPage":{"@id":"https:\/\/redfoxlotto.com\/hu\/keno\/nyeresi-eselyek-a-kenoban\/#primaryimage"},"image":{"@id":"https:\/\/redfoxlotto.com\/hu\/keno\/nyeresi-eselyek-a-kenoban\/#primaryimage"},"thumbnailUrl":"https:\/\/redfoxlotto.com\/wp-content\/uploads\/2025\/09\/gold-keno-win-2-300x300.jpg","datePublished":"2025-02-12T11:20:21+00:00","dateModified":"2026-01-12T10:08:49+00:00","description":"Ha online ken\u00f3t j\u00e1tszik, n\u00e9zze meg a j\u00e1t\u00e9kok nyer\u00e9si es\u00e9lyeit. Gold Ken\u00f3nk 2 milli\u00f3 eur\u00f3s f\u0151nyerem\u00e9nyt k\u00edn\u00e1l, a legjobb online nyer\u00e9si es\u00e9lyekkel kombin\u00e1lva.","breadcrumb":{"@id":"https:\/\/redfoxlotto.com\/hu\/keno\/nyeresi-eselyek-a-kenoban\/#breadcrumb"},"inLanguage":"hu","potentialAction":[{"@type":"ReadAction","target":["https:\/\/redfoxlotto.com\/hu\/keno\/nyeresi-eselyek-a-kenoban\/"]}]},{"@type":"ImageObject","inLanguage":"hu","@id":"https:\/\/redfoxlotto.com\/hu\/keno\/nyeresi-eselyek-a-kenoban\/#primaryimage","url":"https:\/\/redfoxlotto.com\/wp-content\/uploads\/2025\/09\/gold-keno-win-2-300x300.jpg","contentUrl":"https:\/\/redfoxlotto.com\/wp-content\/uploads\/2025\/09\/gold-keno-win-2-300x300.jpg"},{"@type":"BreadcrumbList","@id":"https:\/\/redfoxlotto.com\/hu\/keno\/nyeresi-eselyek-a-kenoban\/#breadcrumb","itemListElement":[{"@type":"ListItem","position":1,"name":"Home","item":"https:\/\/redfoxlotto.com\/hu\/"},{"@type":"ListItem","position":2,"name":"Ken\u00f3","item":"https:\/\/redfoxlotto.com\/hu\/keno\/"},{"@type":"ListItem","position":3,"name":"Gold Keno nyertes sz\u00e1mok"}]},{"@type":"WebSite","@id":"https:\/\/redfoxlotto.com\/hu\/#website","url":"https:\/\/redfoxlotto.com\/hu\/","name":"Get Tickets for the World\u2019s largest jackpots","description":"Participate in worldwide lottery jackpots from any country","publisher":{"@id":"https:\/\/redfoxlotto.com\/hu\/#organization"},"potentialAction":[{"@type":"SearchAction","target":{"@type":"EntryPoint","urlTemplate":"https:\/\/redfoxlotto.com\/hu\/?s={search_term_string}"},"query-input":{"@type":"PropertyValueSpecification","valueRequired":true,"valueName":"search_term_string"}}],"inLanguage":"hu"},{"@type":"Organization","@id":"https:\/\/redfoxlotto.com\/hu\/#organization","name":"Get Tickets for the World\u2019s largest jackpots","url":"https:\/\/redfoxlotto.com\/hu\/","logo":{"@type":"ImageObject","inLanguage":"hu","@id":"https:\/\/redfoxlotto.com\/hu\/#\/schema\/logo\/image\/","url":"https:\/\/redfoxlotto.com\/wp-content\/uploads\/2023\/04\/logo.png","contentUrl":"https:\/\/redfoxlotto.com\/wp-content\/uploads\/2023\/04\/logo.png","width":269,"height":53,"caption":"Get Tickets for the World\u2019s largest jackpots"},"image":{"@id":"https:\/\/redfoxlotto.com\/hu\/#\/schema\/logo\/image\/"}}]}},"_links":{"self":[{"href":"https:\/\/redfoxlotto.com\/hu\/wp-json\/wp\/v2\/pages\/102334","targetHints":{"allow":["GET"]}}],"collection":[{"href":"https:\/\/redfoxlotto.com\/hu\/wp-json\/wp\/v2\/pages"}],"about":[{"href":"https:\/\/redfoxlotto.com\/hu\/wp-json\/wp\/v2\/types\/page"}],"author":[{"embeddable":true,"href":"https:\/\/redfoxlotto.com\/hu\/wp-json\/wp\/v2\/users\/8"}],"replies":[{"embeddable":true,"href":"https:\/\/redfoxlotto.com\/hu\/wp-json\/wp\/v2\/comments?post=102334"}],"version-history":[{"count":0,"href":"https:\/\/redfoxlotto.com\/hu\/wp-json\/wp\/v2\/pages\/102334\/revisions"}],"up":[{"embeddable":true,"href":"https:\/\/redfoxlotto.com\/hu\/wp-json\/wp\/v2\/pages\/84402"}],"wp:attachment":[{"href":"https:\/\/redfoxlotto.com\/hu\/wp-json\/wp\/v2\/media?parent=102334"}],"curies":[{"name":"wp","href":"https:\/\/api.w.org\/{rel}","templated":true}]}}