{"id":102065,"date":"2025-05-22T08:53:38","date_gmt":"2025-05-22T08:53:38","guid":{"rendered":"https:\/\/redfoxlotto.com\/?page_id=102065"},"modified":"2026-01-10T07:09:13","modified_gmt":"2026-01-10T07:09:13","slug":"keno-lotto-eredmenyek","status":"publish","type":"page","link":"https:\/\/redfoxlotto.com\/hu\/keno\/keno-lotto-eredmenyek\/","title":{"rendered":"Platinum Keno nyertes sz\u00e1mok"},"content":{"rendered":"<h2>Hogyan v\u00e1lasztj\u00e1k ki az es\u00e9lyeket \u00e9s hol tal\u00e1lhat\u00f3k meg az eredm\u00e9nyek a Platinum Ken\u00f3ban<\/h2>\n<p><img loading=\"lazy\" decoding=\"async\" class=\"size-medium wp-image-83635 alignright\" src=\"https:\/\/redfoxlotto.com\/wp-content\/uploads\/2025\/03\/keno_card-300x300.jpg\" alt=\"platnum keno\" width=\"300\" height=\"300\" srcset=\"https:\/\/redfoxlotto.com\/wp-content\/uploads\/2025\/03\/keno_card-300x300.jpg 300w, https:\/\/redfoxlotto.com\/wp-content\/uploads\/2025\/03\/keno_card-150x150.jpg 150w, https:\/\/redfoxlotto.com\/wp-content\/uploads\/2025\/03\/keno_card-100x100.jpg 100w, https:\/\/redfoxlotto.com\/wp-content\/uploads\/2025\/03\/keno_card.jpg 307w\" sizes=\"auto, (max-width: 300px) 100vw, 300px\" \/><br \/>\nA Platinum Ken\u00f3 hamarosan az egyik legn\u00e9pszer\u0171bb lott\u00f3szer\u0171 j\u00e1t\u00e9k lesz. Hamarosan a j\u00e1t\u00e9kosok a gyors sorsol\u00e1soknak, az egy\u00e9rtelm\u0171 szab\u00e1lyoknak \u00e9s az online j\u00e1t\u00e9k egyszer\u0171s\u00e9g\u00e9nek k\u00f6sz\u00f6nhet\u0151en k\u00e9nyelmesen, a saj\u00e1t k\u00e9perny\u0151j\u00fck\u00f6n \u00e9lvezhetik a hagyom\u00e1nyos Ken\u00f3 \u00f6sszes \u00e9lvezet\u00e9t. M\u00e9g nincsenek \u00e9l\u0151 eredm\u00e9nyek, de itt van minden, amit tudnod kell arr\u00f3l, hogyan v\u00e1lasztj\u00e1k ki a sz\u00e1mokat, hol tal\u00e1lod meg \u0151ket, \u00e9s hogyan l\u00e1thatod, hogy nyert\u00e9l-e, amikor a j\u00e1t\u00e9k elindul.<\/p>\n<h2>A Platinum Keno sz\u00e1mok kiv\u00e1laszt\u00e1s\u00e1nak l\u00e9p\u00e9sei<\/h2>\n<p>A Platinum Keno azon az elven alapul, hogy mindennek tisztess\u00e9gesnek kell lennie. A sz\u00e1mokat egy ellen\u0151rz\u00f6tt v\u00e9letlensz\u00e1m-gener\u00e1tor (RNG) v\u00e1lasztja ki. Ez\u00e1ltal minden sorsol\u00e1s teljesen v\u00e9letlenszer\u0171 lesz. Az RNG biztos\u00edtja, hogy a sz\u00e1mk\u00e9szletben minden sz\u00e1mnak egyenl\u0151 es\u00e9lye legyen a kiv\u00e1laszt\u00e1sra, pontosan \u00fagy, mint amikor sz\u00e1mozott goly\u00f3kat h\u00fazunk ki egy g\u00e9pb\u0151l.<\/p>\n<ul>\n<li>A j\u00e1t\u00e9kosok 1 \u00e9s 80 k\u00f6z\u00f6tti sz\u00e1mokb\u00f3l v\u00e1logathatnak.<\/li>\n<li>A sorsol\u00e1s m\u00e9rete: Minden k\u00f6rben 20 sz\u00e1mot v\u00e1lasztanak ki v\u00e9letlenszer\u0171en.<\/li>\n<li>Egyenl\u0151 es\u00e9lyek: Nincs kedvenc sz\u00e1m, minden a szerencs\u00e9n m\u00falik.<\/li>\n<li>Ezzel a m\u00f3dszerrel minden sorsol\u00e1s \u00e1tl\u00e1that\u00f3, ellen\u0151rizhet\u0151 \u00e9s a bizalomra \u00e9p\u00fcl.<\/li>\n<\/ul>\n<h2>Hogyan kell j\u00e1tszani?<\/h2>\n<p>A Platinum Keno mind a rendszeres j\u00e1t\u00e9kosok, mind a nagy jackpotokat nyerni v\u00e1gy\u00f3k sz\u00e1m\u00e1ra k\u00e9sz\u00fclt. V\u00e1lasszon sz\u00e1mokat a 80-as sz\u00e1mk\u00e9szletb\u0151l, amelyb\u0151l 20-at v\u00e9letlenszer\u0171en v\u00e1lasztanak ki. \u00cdgy kell j\u00e1tszani. Az a c\u00e9l, hogy min\u00e9l t\u00f6bb v\u00e1lasztott sz\u00e1ma egyezzen meg.<\/p>\n<h2>Sz\u00e1mok kiv\u00e1laszt\u00e1sa.<\/h2>\n<p>Kiv\u00e1lasztja a j\u00e1t\u00e9khoz sz\u00fcks\u00e9ges \u201ehelyek\u201d (sz\u00e1mok) sz\u00e1m\u00e1t. K\u00fcl\u00f6nb\u00f6z\u0151 emberek k\u00fcl\u00f6nb\u00f6z\u0151 sz\u00e1m\u00fa k\u00e1rty\u00e1t v\u00e1lasztanak. A kiv\u00e1lasztott helyek sz\u00e1ma k\u00f6zvetlen\u00fcl befoly\u00e1solja az es\u00e9lyeit \u00e9s a nyerhet\u0151 p\u00e9nz\u00f6sszeget.<\/p>\n<h2>T\u00e9nyez\u0151 kiv\u00e1laszt\u00e1sa.<\/h2>\n<p>A Platinum Keno-ban van egy szorz\u00f3, amely megv\u00e1ltoztatja a nyerem\u00e9nyeket. Ebben az esetben, ha a legmagasabb szorz\u00f3 5, akkor 1x szorz\u00f3val j\u00e1tszva a 5x nyerem\u00e9ny 20%-\u00e1t kapja meg. Ha a legmagasabb 10, akkor 1x szelv\u00e9nnyel a 10x nyerem\u00e9ny 10%-\u00e1t kapja meg. A nagyobb szorz\u00f3 n\u00f6veli a szelv\u00e9ny \u00e1r\u00e1t \u00e9s a nyer\u00e9si es\u00e9lyeket is.<\/p>\n<h2>A kifizet\u00e9sek list\u00e1j\u00e1nak haszn\u00e1lata<\/h2>\n<p>Ez pontosan megmutatja, hogy a kiv\u00e1lasztott sz\u00e1mok \u00e9s a b\u00f3nusz alapj\u00e1n mennyit nyerhet. Gondoljon r\u00e1 \u00fagy, mint egy nyerem\u00e9nyt\u00e9rk\u00e9pre; ez m\u00e9g a sorsol\u00e1s el\u0151tt megmutatja, hogy mi a t\u00e9t.<\/p>\n<h2>Hogyan befoly\u00e1solj\u00e1k a v\u00e1laszt\u00e1sok a t\u00f6rt\u00e9n\u00e9seket<\/h2>\n<p>Ha t\u00f6bb sz\u00e1mot v\u00e1laszt, akkor a legnagyobb nyerem\u00e9ny, amit nyerhet, n\u0151, de az es\u00e9lye, hogy mindet eltal\u00e1lja, cs\u00f6kken. Ezzel szemben a magasabb szorz\u00f3 n\u00f6veli a nyerem\u00e9nyt, ha nyer, de kezdetben t\u00f6bb p\u00e9nzt kell tennie. A Platinum Keno izgalmas \u00e9s kock\u00e1zatos is egyben, mert egyens\u00falyt kell teremtenie a kock\u00e1zat \u00e9s a nyeres\u00e9g k\u00f6z\u00f6tt.<\/p>\n<h2>A legjobb helyek a Platinum Keno eredm\u00e9nyeinek megtekint\u00e9s\u00e9hez<\/h2>\n<p>Amint elindul a Platinum Keno, a legfrissebb eredm\u00e9nyek el\u00e9rhet\u0151k lesznek a RedFoxLotto eredm\u00e9nyoldal\u00e1n. \u00cdgy nem kell elhagynia az alkalmaz\u00e1st, hogy nyomon k\u00f6vesse a m\u00faltbeli \u00e9s a jelenlegi sorsol\u00e1sokat.<\/p>\n<p>A k\u00f6vetkez\u0151ket teheti:<\/p>\n<ul>\n<li>Megn\u00e9zheti az \u00f6sszes j\u00e1t\u00e9khoz kiv\u00e1lasztott sz\u00e1mok teljes list\u00e1j\u00e1t.<\/li>\n<li>Megn\u00e9zheti a m\u00faltbeli sorsol\u00e1sokat, hogy megismerje a t\u00e9m\u00e1kat \u00e9s a trendeket.<\/li>\n<li>K\u00f6vesse a h\u00edreket an\u00e9lk\u00fcl, hogy m\u00e1shol kellene keresnie.<\/li>\n<\/ul>\n<h2>Hogyan lehet megtudni, hogy nyert-e<\/h2>\n<p>Nincs t\u00f6bb\u00e9 pap\u00edrszelv\u00e9ny \u2013 a Platinum Keno kiz\u00e1r\u00f3lag sz\u00e1m\u00edt\u00f3g\u00e9pes j\u00e1t\u00e9k. Sz\u00e1mai minden j\u00e1t\u00e9k ut\u00e1n azonnal elment\u00e9sre ker\u00fclnek a RedFoxLotto fi\u00f3kj\u00e1ba. Az eredm\u00e9nyeket minden sorsol\u00e1s ut\u00e1n azonnal ellen\u0151rizheti:<\/p>\n<p>Kattintson a \u201eSaj\u00e1t szelv\u00e9nyeim\u201d gombra \u2013 ez a r\u00e9sz felsorolja az \u00f6sszes megv\u00e1s\u00e1rolt szelv\u00e9nyt.<\/p>\n<p>Hasonl\u00edtsa \u00f6ssze sz\u00e1mait az eredm\u00e9nyekkel: ha sz\u00e1mai megegyeznek a nyertes sorsol\u00e1son kisorsolt sz\u00e1mokkal, a rendszer azonnal megjelen\u00edti az egyez\u00e9seket.<\/p>\n<p>Amint nyert, a nyerem\u00e9ny \u00f6sszege azonnal megjelenik. Az alacsonyabb \u00e9rt\u00e9k\u0171 nyerem\u00e9nyek k\u00f6zvetlen\u00fcl a fi\u00f3kj\u00e1ba ker\u00fclnek, m\u00edg a nagyobb \u00e9rt\u00e9k\u0171 nyerem\u00e9nyek \u00e1tutal\u00e1sa el\u0151tt ellen\u0151rz\u00e9snek vethet\u0151k al\u00e1.<\/p>\n<h2>Befizet\u00e9s \u00e9s j\u00e1t\u00e9k<\/h2>\n<p>A Platinum Keno j\u00e1t\u00e9k\u00e1hoz p\u00e9nzt kell felt\u00f6ltenie a RedFoxLotto fi\u00f3kj\u00e1ba. A befizet\u00e9s egyszer\u0171 \u00e9s biztons\u00e1gos, \u00e9s miut\u00e1n az \u00f6sszeg j\u00f3v\u00e1\u00edr\u00e1sra ker\u00fclt, azonnal felhaszn\u00e1lhatja jegy v\u00e1s\u00e1rl\u00e1s\u00e1ra.<\/p>\n<h2>Mi\u00e9rt b\u00edzhat az eredm\u00e9nyekben?<\/h2>\n<p>A Platinum Keno minden nyerem\u00e9nye biztos\u00edt\u00e1ssal fedezett, \u00edgy ak\u00e1r 5 eur\u00f3t, ak\u00e1r 500 000 eur\u00f3t nyer, visszakapja a p\u00e9nz\u00e9t. A RedFoxLotto gondoskodik arr\u00f3l, hogy kifizess\u00e9k a nyerem\u00e9ny\u00e9t, az RNG pedig biztos\u00edtja a tisztess\u00e9ges j\u00e1t\u00e9kot.<\/p>\n<h2>\u00d6sszegz\u00e9s<\/h2>\n<p>Olyan, mint a r\u00e9gi m\u00f3dszer\u0171 sz\u00e1mh\u00faz\u00e1s \u00e9s a sz\u00e1m\u00edt\u00f3g\u00e9pes j\u00e1t\u00e9kok egyszer\u0171s\u00e9g\u00e9nek kever\u00e9ke. B\u00e1r a v\u00e9gs\u0151 eredm\u00e9nyek m\u00e9g nem jelentek meg, a j\u00e1t\u00e9kosok a k\u00f6vetkez\u0151kre sz\u00e1m\u00edthatnak:<\/p>\n<ul>\n<li>Az RNG \u00e1ltal ellen\u0151rz\u00f6tt tisztess\u00e9ges sorsol\u00e1s.<\/li>\n<li>A j\u00e1t\u00e9k gyorsan halad, \u00e9s n\u00e9h\u00e1ny percenk\u00e9nt kapsz eredm\u00e9nyeket.<\/li>\n<li>A RedFoxLotto seg\u00edts\u00e9g\u00e9vel k\u00f6nnyen megkaphatod az eredm\u00e9nyeket.<\/li>\n<li>A fi\u00f3kod automatikusan nyomon k\u00f6veti a nyerem\u00e9nyeket.<\/li>\n<li>A j\u00e1t\u00e9k kezdete ut\u00e1n csak annyit kell tennie, hogy a sorsol\u00e1s ut\u00e1n visszat\u00e9r, \u00e9s megn\u00e9zi, nyert-e.<\/li>\n<\/ul>\n","protected":false},"excerpt":{"rendered":"<p>Hogyan v\u00e1lasztj\u00e1k ki az es\u00e9lyeket \u00e9s hol tal\u00e1lhat\u00f3k meg az eredm\u00e9nyek a Platinum Ken\u00f3ban A Platinum Ken\u00f3 hamarosan az egyik legn\u00e9pszer\u0171bb lott\u00f3szer\u0171 j\u00e1t\u00e9k lesz. Hamarosan a j\u00e1t\u00e9kosok a gyors sorsol\u00e1soknak, az egy\u00e9rtelm\u0171 szab\u00e1lyoknak \u00e9s az online j\u00e1t\u00e9k egyszer\u0171s\u00e9g\u00e9nek k\u00f6sz\u00f6nhet\u0151en k\u00e9nyelmesen, a saj\u00e1t k\u00e9perny\u0151j\u00fck\u00f6n \u00e9lvezhetik a hagyom\u00e1nyos Ken\u00f3 \u00f6sszes \u00e9lvezet\u00e9t. M\u00e9g nincsenek \u00e9l\u0151 eredm\u00e9nyek, de itt [&hellip;]<\/p>\n","protected":false},"author":8,"featured_media":0,"parent":84402,"menu_order":41,"comment_status":"closed","ping_status":"closed","template":"","meta":{"_et_pb_use_builder":"","_et_pb_old_content":"","_et_gb_content_width":"","exclude_from_search":false,"footnotes":""},"class_list":["post-102065","page","type-page","status-publish","hentry"],"yoast_head":"<!-- This site is optimized with the Yoast SEO plugin v23.8 - https:\/\/yoast.com\/wordpress\/plugins\/seo\/ -->\n<title>Keno lott\u00f3 eredm\u00e9nyek a napi 5 milli\u00f3 eur\u00f3s online Keno sorsol\u00e1sr\u00f3l<\/title>\n<meta name=\"description\" content=\"Ez a Keno lott\u00f3 naponta sorsol 5 milli\u00f3 eur\u00f3s f\u0151nyerem\u00e9nyt \u2013 itt tal\u00e1lja meg a Keno sorsol\u00e1saink eredm\u00e9nyeit. Van egy 5 milli\u00f3 eur\u00f3s \u00e9s egy 10 milli\u00f3 eur\u00f3s Keno j\u00e1t\u00e9kunk.\" \/>\n<meta name=\"robots\" content=\"index, follow, max-snippet:-1, max-image-preview:large, max-video-preview:-1\" \/>\n<link rel=\"canonical\" href=\"https:\/\/redfoxlotto.com\/hu\/keno\/keno-lotto-eredmenyek\/\" \/>\n<meta property=\"og:locale\" content=\"hu_HU\" \/>\n<meta property=\"og:type\" content=\"article\" \/>\n<meta property=\"og:title\" content=\"Keno lott\u00f3 eredm\u00e9nyek a napi 5 milli\u00f3 eur\u00f3s online Keno sorsol\u00e1sr\u00f3l\" \/>\n<meta property=\"og:description\" content=\"Ez a Keno lott\u00f3 naponta sorsol 5 milli\u00f3 eur\u00f3s f\u0151nyerem\u00e9nyt \u2013 itt tal\u00e1lja meg a Keno sorsol\u00e1saink eredm\u00e9nyeit. Van egy 5 milli\u00f3 eur\u00f3s \u00e9s egy 10 milli\u00f3 eur\u00f3s Keno j\u00e1t\u00e9kunk.\" \/>\n<meta property=\"og:url\" content=\"https:\/\/redfoxlotto.com\/hu\/keno\/keno-lotto-eredmenyek\/\" \/>\n<meta property=\"og:site_name\" content=\"Get Tickets for the World\u2019s largest jackpots\" \/>\n<meta property=\"article:modified_time\" content=\"2026-01-10T07:09:13+00:00\" \/>\n<meta property=\"og:image\" content=\"https:\/\/redfoxlotto.com\/wp-content\/uploads\/2025\/03\/keno_card-300x300.jpg\" \/>\n<meta name=\"twitter:card\" content=\"summary_large_image\" \/>\n<meta name=\"twitter:label1\" content=\"Becs\u00fclt olvas\u00e1si id\u0151\" \/>\n\t<meta name=\"twitter:data1\" content=\"4 perc\" \/>\n<script type=\"application\/ld+json\" class=\"yoast-schema-graph\">{\"@context\":\"https:\/\/schema.org\",\"@graph\":[{\"@type\":\"WebPage\",\"@id\":\"https:\/\/redfoxlotto.com\/hu\/keno\/keno-lotto-eredmenyek\/\",\"url\":\"https:\/\/redfoxlotto.com\/hu\/keno\/keno-lotto-eredmenyek\/\",\"name\":\"Keno lott\u00f3 eredm\u00e9nyek a napi 5 milli\u00f3 eur\u00f3s online Keno sorsol\u00e1sr\u00f3l\",\"isPartOf\":{\"@id\":\"https:\/\/redfoxlotto.com\/hu\/#website\"},\"primaryImageOfPage\":{\"@id\":\"https:\/\/redfoxlotto.com\/hu\/keno\/keno-lotto-eredmenyek\/#primaryimage\"},\"image\":{\"@id\":\"https:\/\/redfoxlotto.com\/hu\/keno\/keno-lotto-eredmenyek\/#primaryimage\"},\"thumbnailUrl\":\"https:\/\/redfoxlotto.com\/wp-content\/uploads\/2025\/03\/keno_card-300x300.jpg\",\"datePublished\":\"2025-05-22T08:53:38+00:00\",\"dateModified\":\"2026-01-10T07:09:13+00:00\",\"description\":\"Ez a Keno lott\u00f3 naponta sorsol 5 milli\u00f3 eur\u00f3s f\u0151nyerem\u00e9nyt \u2013 itt tal\u00e1lja meg a Keno sorsol\u00e1saink eredm\u00e9nyeit. Van egy 5 milli\u00f3 eur\u00f3s \u00e9s egy 10 milli\u00f3 eur\u00f3s Keno j\u00e1t\u00e9kunk.\",\"breadcrumb\":{\"@id\":\"https:\/\/redfoxlotto.com\/hu\/keno\/keno-lotto-eredmenyek\/#breadcrumb\"},\"inLanguage\":\"hu\",\"potentialAction\":[{\"@type\":\"ReadAction\",\"target\":[\"https:\/\/redfoxlotto.com\/hu\/keno\/keno-lotto-eredmenyek\/\"]}]},{\"@type\":\"ImageObject\",\"inLanguage\":\"hu\",\"@id\":\"https:\/\/redfoxlotto.com\/hu\/keno\/keno-lotto-eredmenyek\/#primaryimage\",\"url\":\"https:\/\/redfoxlotto.com\/wp-content\/uploads\/2025\/03\/keno_card-300x300.jpg\",\"contentUrl\":\"https:\/\/redfoxlotto.com\/wp-content\/uploads\/2025\/03\/keno_card-300x300.jpg\"},{\"@type\":\"BreadcrumbList\",\"@id\":\"https:\/\/redfoxlotto.com\/hu\/keno\/keno-lotto-eredmenyek\/#breadcrumb\",\"itemListElement\":[{\"@type\":\"ListItem\",\"position\":1,\"name\":\"Home\",\"item\":\"https:\/\/redfoxlotto.com\/hu\/\"},{\"@type\":\"ListItem\",\"position\":2,\"name\":\"Ken\u00f3\",\"item\":\"https:\/\/redfoxlotto.com\/hu\/keno\/\"},{\"@type\":\"ListItem\",\"position\":3,\"name\":\"Platinum Keno nyertes sz\u00e1mok\"}]},{\"@type\":\"WebSite\",\"@id\":\"https:\/\/redfoxlotto.com\/hu\/#website\",\"url\":\"https:\/\/redfoxlotto.com\/hu\/\",\"name\":\"Get Tickets for the World\u2019s largest jackpots\",\"description\":\"Participate in worldwide lottery jackpots from any country\",\"publisher\":{\"@id\":\"https:\/\/redfoxlotto.com\/hu\/#organization\"},\"potentialAction\":[{\"@type\":\"SearchAction\",\"target\":{\"@type\":\"EntryPoint\",\"urlTemplate\":\"https:\/\/redfoxlotto.com\/hu\/?s={search_term_string}\"},\"query-input\":{\"@type\":\"PropertyValueSpecification\",\"valueRequired\":true,\"valueName\":\"search_term_string\"}}],\"inLanguage\":\"hu\"},{\"@type\":\"Organization\",\"@id\":\"https:\/\/redfoxlotto.com\/hu\/#organization\",\"name\":\"Get Tickets for the World\u2019s largest jackpots\",\"url\":\"https:\/\/redfoxlotto.com\/hu\/\",\"logo\":{\"@type\":\"ImageObject\",\"inLanguage\":\"hu\",\"@id\":\"https:\/\/redfoxlotto.com\/hu\/#\/schema\/logo\/image\/\",\"url\":\"https:\/\/redfoxlotto.com\/wp-content\/uploads\/2023\/04\/logo.png\",\"contentUrl\":\"https:\/\/redfoxlotto.com\/wp-content\/uploads\/2023\/04\/logo.png\",\"width\":269,\"height\":53,\"caption\":\"Get Tickets for the World\u2019s largest jackpots\"},\"image\":{\"@id\":\"https:\/\/redfoxlotto.com\/hu\/#\/schema\/logo\/image\/\"}}]}<\/script>\n<!-- \/ Yoast SEO plugin. -->","yoast_head_json":{"title":"Keno lott\u00f3 eredm\u00e9nyek a napi 5 milli\u00f3 eur\u00f3s online Keno sorsol\u00e1sr\u00f3l","description":"Ez a Keno lott\u00f3 naponta sorsol 5 milli\u00f3 eur\u00f3s f\u0151nyerem\u00e9nyt \u2013 itt tal\u00e1lja meg a Keno sorsol\u00e1saink eredm\u00e9nyeit. Van egy 5 milli\u00f3 eur\u00f3s \u00e9s egy 10 milli\u00f3 eur\u00f3s Keno j\u00e1t\u00e9kunk.","robots":{"index":"index","follow":"follow","max-snippet":"max-snippet:-1","max-image-preview":"max-image-preview:large","max-video-preview":"max-video-preview:-1"},"canonical":"https:\/\/redfoxlotto.com\/hu\/keno\/keno-lotto-eredmenyek\/","og_locale":"hu_HU","og_type":"article","og_title":"Keno lott\u00f3 eredm\u00e9nyek a napi 5 milli\u00f3 eur\u00f3s online Keno sorsol\u00e1sr\u00f3l","og_description":"Ez a Keno lott\u00f3 naponta sorsol 5 milli\u00f3 eur\u00f3s f\u0151nyerem\u00e9nyt \u2013 itt tal\u00e1lja meg a Keno sorsol\u00e1saink eredm\u00e9nyeit. Van egy 5 milli\u00f3 eur\u00f3s \u00e9s egy 10 milli\u00f3 eur\u00f3s Keno j\u00e1t\u00e9kunk.","og_url":"https:\/\/redfoxlotto.com\/hu\/keno\/keno-lotto-eredmenyek\/","og_site_name":"Get Tickets for the World\u2019s largest jackpots","article_modified_time":"2026-01-10T07:09:13+00:00","og_image":[{"url":"https:\/\/redfoxlotto.com\/wp-content\/uploads\/2025\/03\/keno_card-300x300.jpg"}],"twitter_card":"summary_large_image","twitter_misc":{"Becs\u00fclt olvas\u00e1si id\u0151":"4 perc"},"schema":{"@context":"https:\/\/schema.org","@graph":[{"@type":"WebPage","@id":"https:\/\/redfoxlotto.com\/hu\/keno\/keno-lotto-eredmenyek\/","url":"https:\/\/redfoxlotto.com\/hu\/keno\/keno-lotto-eredmenyek\/","name":"Keno lott\u00f3 eredm\u00e9nyek a napi 5 milli\u00f3 eur\u00f3s online Keno sorsol\u00e1sr\u00f3l","isPartOf":{"@id":"https:\/\/redfoxlotto.com\/hu\/#website"},"primaryImageOfPage":{"@id":"https:\/\/redfoxlotto.com\/hu\/keno\/keno-lotto-eredmenyek\/#primaryimage"},"image":{"@id":"https:\/\/redfoxlotto.com\/hu\/keno\/keno-lotto-eredmenyek\/#primaryimage"},"thumbnailUrl":"https:\/\/redfoxlotto.com\/wp-content\/uploads\/2025\/03\/keno_card-300x300.jpg","datePublished":"2025-05-22T08:53:38+00:00","dateModified":"2026-01-10T07:09:13+00:00","description":"Ez a Keno lott\u00f3 naponta sorsol 5 milli\u00f3 eur\u00f3s f\u0151nyerem\u00e9nyt \u2013 itt tal\u00e1lja meg a Keno sorsol\u00e1saink eredm\u00e9nyeit. Van egy 5 milli\u00f3 eur\u00f3s \u00e9s egy 10 milli\u00f3 eur\u00f3s Keno j\u00e1t\u00e9kunk.","breadcrumb":{"@id":"https:\/\/redfoxlotto.com\/hu\/keno\/keno-lotto-eredmenyek\/#breadcrumb"},"inLanguage":"hu","potentialAction":[{"@type":"ReadAction","target":["https:\/\/redfoxlotto.com\/hu\/keno\/keno-lotto-eredmenyek\/"]}]},{"@type":"ImageObject","inLanguage":"hu","@id":"https:\/\/redfoxlotto.com\/hu\/keno\/keno-lotto-eredmenyek\/#primaryimage","url":"https:\/\/redfoxlotto.com\/wp-content\/uploads\/2025\/03\/keno_card-300x300.jpg","contentUrl":"https:\/\/redfoxlotto.com\/wp-content\/uploads\/2025\/03\/keno_card-300x300.jpg"},{"@type":"BreadcrumbList","@id":"https:\/\/redfoxlotto.com\/hu\/keno\/keno-lotto-eredmenyek\/#breadcrumb","itemListElement":[{"@type":"ListItem","position":1,"name":"Home","item":"https:\/\/redfoxlotto.com\/hu\/"},{"@type":"ListItem","position":2,"name":"Ken\u00f3","item":"https:\/\/redfoxlotto.com\/hu\/keno\/"},{"@type":"ListItem","position":3,"name":"Platinum Keno nyertes sz\u00e1mok"}]},{"@type":"WebSite","@id":"https:\/\/redfoxlotto.com\/hu\/#website","url":"https:\/\/redfoxlotto.com\/hu\/","name":"Get Tickets for the World\u2019s largest jackpots","description":"Participate in worldwide lottery jackpots from any country","publisher":{"@id":"https:\/\/redfoxlotto.com\/hu\/#organization"},"potentialAction":[{"@type":"SearchAction","target":{"@type":"EntryPoint","urlTemplate":"https:\/\/redfoxlotto.com\/hu\/?s={search_term_string}"},"query-input":{"@type":"PropertyValueSpecification","valueRequired":true,"valueName":"search_term_string"}}],"inLanguage":"hu"},{"@type":"Organization","@id":"https:\/\/redfoxlotto.com\/hu\/#organization","name":"Get Tickets for the World\u2019s largest jackpots","url":"https:\/\/redfoxlotto.com\/hu\/","logo":{"@type":"ImageObject","inLanguage":"hu","@id":"https:\/\/redfoxlotto.com\/hu\/#\/schema\/logo\/image\/","url":"https:\/\/redfoxlotto.com\/wp-content\/uploads\/2023\/04\/logo.png","contentUrl":"https:\/\/redfoxlotto.com\/wp-content\/uploads\/2023\/04\/logo.png","width":269,"height":53,"caption":"Get Tickets for the World\u2019s largest jackpots"},"image":{"@id":"https:\/\/redfoxlotto.com\/hu\/#\/schema\/logo\/image\/"}}]}},"_links":{"self":[{"href":"https:\/\/redfoxlotto.com\/hu\/wp-json\/wp\/v2\/pages\/102065","targetHints":{"allow":["GET"]}}],"collection":[{"href":"https:\/\/redfoxlotto.com\/hu\/wp-json\/wp\/v2\/pages"}],"about":[{"href":"https:\/\/redfoxlotto.com\/hu\/wp-json\/wp\/v2\/types\/page"}],"author":[{"embeddable":true,"href":"https:\/\/redfoxlotto.com\/hu\/wp-json\/wp\/v2\/users\/8"}],"replies":[{"embeddable":true,"href":"https:\/\/redfoxlotto.com\/hu\/wp-json\/wp\/v2\/comments?post=102065"}],"version-history":[{"count":0,"href":"https:\/\/redfoxlotto.com\/hu\/wp-json\/wp\/v2\/pages\/102065\/revisions"}],"up":[{"embeddable":true,"href":"https:\/\/redfoxlotto.com\/hu\/wp-json\/wp\/v2\/pages\/84402"}],"wp:attachment":[{"href":"https:\/\/redfoxlotto.com\/hu\/wp-json\/wp\/v2\/media?parent=102065"}],"curies":[{"name":"wp","href":"https:\/\/api.w.org\/{rel}","templated":true}]}}