{"id":87727,"date":"2025-05-19T09:09:27","date_gmt":"2025-05-19T09:09:27","guid":{"rendered":"https:\/\/redfoxlotto.com\/?page_id=87727"},"modified":"2025-05-23T13:17:24","modified_gmt":"2025-05-23T13:17:24","slug":"euromillions-eu","status":"publish","type":"page","link":"https:\/\/redfoxlotto.com\/hr\/rezultati\/euromillions-eu\/","title":{"rendered":"Rezultati Euromillions EU"},"content":{"rendered":"","protected":false},"excerpt":{"rendered":"","protected":false},"author":8,"featured_media":0,"parent":16722,"menu_order":4,"comment_status":"closed","ping_status":"closed","template":"euromillions-results.php","meta":{"_et_pb_use_builder":"","_et_pb_old_content":"","_et_gb_content_width":"","exclude_from_search":false,"footnotes":""},"class_list":["post-87727","page","type-page","status-publish","hentry"],"yoast_head":"<!-- This site is optimized with the Yoast SEO plugin v27.3 - https:\/\/yoast.com\/product\/yoast-seo-wordpress\/ -->\n<title>Dobitni brojevi i rezultati Euromillions EU<\/title>\n<meta name=\"description\" content=\"Prona\u0111ite dobitne brojeve i rezultate za EU verziju Euromillions ovdje na na\u0161oj stranici. Koristite na\u0161u uslugu za sudjelovanje u Euromillions online\" \/>\n<meta name=\"robots\" content=\"index, follow, max-snippet:-1, max-image-preview:large, max-video-preview:-1\" \/>\n<link rel=\"canonical\" href=\"https:\/\/redfoxlotto.com\/hr\/rezultati\/euromillions-eu\/\" \/>\n<meta property=\"og:locale\" content=\"hr_HR\" \/>\n<meta property=\"og:type\" content=\"article\" \/>\n<meta property=\"og:title\" content=\"Dobitni brojevi i rezultati Euromillions EU\" \/>\n<meta property=\"og:description\" content=\"Prona\u0111ite dobitne brojeve i rezultate za EU verziju Euromillions ovdje na na\u0161oj stranici. Koristite na\u0161u uslugu za sudjelovanje u Euromillions online\" \/>\n<meta property=\"og:url\" content=\"https:\/\/redfoxlotto.com\/hr\/rezultati\/euromillions-eu\/\" \/>\n<meta property=\"og:site_name\" content=\"Get Tickets for the World\u2019s largest jackpots\" \/>\n<meta property=\"article:modified_time\" content=\"2025-05-23T13:17:24+00:00\" \/>\n<meta name=\"twitter:card\" content=\"summary_large_image\" \/>\n<script type=\"application\/ld+json\" class=\"yoast-schema-graph\">{\"@context\":\"https:\\\/\\\/schema.org\",\"@graph\":[{\"@type\":\"WebPage\",\"@id\":\"https:\\\/\\\/redfoxlotto.com\\\/hr\\\/rezultati\\\/euromillions-eu\\\/\",\"url\":\"https:\\\/\\\/redfoxlotto.com\\\/hr\\\/rezultati\\\/euromillions-eu\\\/\",\"name\":\"Dobitni brojevi i rezultati Euromillions EU\",\"isPartOf\":{\"@id\":\"https:\\\/\\\/redfoxlotto.com\\\/hr\\\/#website\"},\"datePublished\":\"2025-05-19T09:09:27+00:00\",\"dateModified\":\"2025-05-23T13:17:24+00:00\",\"description\":\"Prona\u0111ite dobitne brojeve i rezultate za EU verziju Euromillions ovdje na na\u0161oj stranici. Koristite na\u0161u uslugu za sudjelovanje u Euromillions online\",\"breadcrumb\":{\"@id\":\"https:\\\/\\\/redfoxlotto.com\\\/hr\\\/rezultati\\\/euromillions-eu\\\/#breadcrumb\"},\"inLanguage\":\"hr\",\"potentialAction\":[{\"@type\":\"ReadAction\",\"target\":[\"https:\\\/\\\/redfoxlotto.com\\\/hr\\\/rezultati\\\/euromillions-eu\\\/\"]}]},{\"@type\":\"BreadcrumbList\",\"@id\":\"https:\\\/\\\/redfoxlotto.com\\\/hr\\\/rezultati\\\/euromillions-eu\\\/#breadcrumb\",\"itemListElement\":[{\"@type\":\"ListItem\",\"position\":1,\"name\":\"Home\",\"item\":\"https:\\\/\\\/redfoxlotto.com\\\/hr\\\/\"},{\"@type\":\"ListItem\",\"position\":2,\"name\":\"Rezultati internacionalnih lutrija\",\"item\":\"https:\\\/\\\/redfoxlotto.com\\\/hr\\\/rezultati\\\/\"},{\"@type\":\"ListItem\",\"position\":3,\"name\":\"Rezultati Euromillions EU\"}]},{\"@type\":\"WebSite\",\"@id\":\"https:\\\/\\\/redfoxlotto.com\\\/hr\\\/#website\",\"url\":\"https:\\\/\\\/redfoxlotto.com\\\/hr\\\/\",\"name\":\"Get Tickets for the World\u2019s largest jackpots\",\"description\":\"Participate in worldwide lottery jackpots from any country\",\"publisher\":{\"@id\":\"https:\\\/\\\/redfoxlotto.com\\\/hr\\\/#organization\"},\"potentialAction\":[{\"@type\":\"SearchAction\",\"target\":{\"@type\":\"EntryPoint\",\"urlTemplate\":\"https:\\\/\\\/redfoxlotto.com\\\/hr\\\/?s={search_term_string}\"},\"query-input\":{\"@type\":\"PropertyValueSpecification\",\"valueRequired\":true,\"valueName\":\"search_term_string\"}}],\"inLanguage\":\"hr\"},{\"@type\":\"Organization\",\"@id\":\"https:\\\/\\\/redfoxlotto.com\\\/hr\\\/#organization\",\"name\":\"Get Tickets for the World\u2019s largest jackpots\",\"url\":\"https:\\\/\\\/redfoxlotto.com\\\/hr\\\/\",\"logo\":{\"@type\":\"ImageObject\",\"inLanguage\":\"hr\",\"@id\":\"https:\\\/\\\/redfoxlotto.com\\\/hr\\\/#\\\/schema\\\/logo\\\/image\\\/\",\"url\":\"https:\\\/\\\/redfoxlotto.com\\\/wp-content\\\/uploads\\\/2023\\\/04\\\/logo.png\",\"contentUrl\":\"https:\\\/\\\/redfoxlotto.com\\\/wp-content\\\/uploads\\\/2023\\\/04\\\/logo.png\",\"width\":269,\"height\":53,\"caption\":\"Get Tickets for the World\u2019s largest jackpots\"},\"image\":{\"@id\":\"https:\\\/\\\/redfoxlotto.com\\\/hr\\\/#\\\/schema\\\/logo\\\/image\\\/\"}}]}<\/script>\n<!-- \/ Yoast SEO plugin. -->","yoast_head_json":{"title":"Dobitni brojevi i rezultati Euromillions EU","description":"Prona\u0111ite dobitne brojeve i rezultate za EU verziju Euromillions ovdje na na\u0161oj stranici. Koristite na\u0161u uslugu za sudjelovanje u Euromillions online","robots":{"index":"index","follow":"follow","max-snippet":"max-snippet:-1","max-image-preview":"max-image-preview:large","max-video-preview":"max-video-preview:-1"},"canonical":"https:\/\/redfoxlotto.com\/hr\/rezultati\/euromillions-eu\/","og_locale":"hr_HR","og_type":"article","og_title":"Dobitni brojevi i rezultati Euromillions EU","og_description":"Prona\u0111ite dobitne brojeve i rezultate za EU verziju Euromillions ovdje na na\u0161oj stranici. Koristite na\u0161u uslugu za sudjelovanje u Euromillions online","og_url":"https:\/\/redfoxlotto.com\/hr\/rezultati\/euromillions-eu\/","og_site_name":"Get Tickets for the World\u2019s largest jackpots","article_modified_time":"2025-05-23T13:17:24+00:00","twitter_card":"summary_large_image","schema":{"@context":"https:\/\/schema.org","@graph":[{"@type":"WebPage","@id":"https:\/\/redfoxlotto.com\/hr\/rezultati\/euromillions-eu\/","url":"https:\/\/redfoxlotto.com\/hr\/rezultati\/euromillions-eu\/","name":"Dobitni brojevi i rezultati Euromillions EU","isPartOf":{"@id":"https:\/\/redfoxlotto.com\/hr\/#website"},"datePublished":"2025-05-19T09:09:27+00:00","dateModified":"2025-05-23T13:17:24+00:00","description":"Prona\u0111ite dobitne brojeve i rezultate za EU verziju Euromillions ovdje na na\u0161oj stranici. Koristite na\u0161u uslugu za sudjelovanje u Euromillions online","breadcrumb":{"@id":"https:\/\/redfoxlotto.com\/hr\/rezultati\/euromillions-eu\/#breadcrumb"},"inLanguage":"hr","potentialAction":[{"@type":"ReadAction","target":["https:\/\/redfoxlotto.com\/hr\/rezultati\/euromillions-eu\/"]}]},{"@type":"BreadcrumbList","@id":"https:\/\/redfoxlotto.com\/hr\/rezultati\/euromillions-eu\/#breadcrumb","itemListElement":[{"@type":"ListItem","position":1,"name":"Home","item":"https:\/\/redfoxlotto.com\/hr\/"},{"@type":"ListItem","position":2,"name":"Rezultati internacionalnih lutrija","item":"https:\/\/redfoxlotto.com\/hr\/rezultati\/"},{"@type":"ListItem","position":3,"name":"Rezultati Euromillions EU"}]},{"@type":"WebSite","@id":"https:\/\/redfoxlotto.com\/hr\/#website","url":"https:\/\/redfoxlotto.com\/hr\/","name":"Get Tickets for the World\u2019s largest jackpots","description":"Participate in worldwide lottery jackpots from any country","publisher":{"@id":"https:\/\/redfoxlotto.com\/hr\/#organization"},"potentialAction":[{"@type":"SearchAction","target":{"@type":"EntryPoint","urlTemplate":"https:\/\/redfoxlotto.com\/hr\/?s={search_term_string}"},"query-input":{"@type":"PropertyValueSpecification","valueRequired":true,"valueName":"search_term_string"}}],"inLanguage":"hr"},{"@type":"Organization","@id":"https:\/\/redfoxlotto.com\/hr\/#organization","name":"Get Tickets for the World\u2019s largest jackpots","url":"https:\/\/redfoxlotto.com\/hr\/","logo":{"@type":"ImageObject","inLanguage":"hr","@id":"https:\/\/redfoxlotto.com\/hr\/#\/schema\/logo\/image\/","url":"https:\/\/redfoxlotto.com\/wp-content\/uploads\/2023\/04\/logo.png","contentUrl":"https:\/\/redfoxlotto.com\/wp-content\/uploads\/2023\/04\/logo.png","width":269,"height":53,"caption":"Get Tickets for the World\u2019s largest jackpots"},"image":{"@id":"https:\/\/redfoxlotto.com\/hr\/#\/schema\/logo\/image\/"}}]}},"_links":{"self":[{"href":"https:\/\/redfoxlotto.com\/hr\/wp-json\/wp\/v2\/pages\/87727","targetHints":{"allow":["GET"]}}],"collection":[{"href":"https:\/\/redfoxlotto.com\/hr\/wp-json\/wp\/v2\/pages"}],"about":[{"href":"https:\/\/redfoxlotto.com\/hr\/wp-json\/wp\/v2\/types\/page"}],"author":[{"embeddable":true,"href":"https:\/\/redfoxlotto.com\/hr\/wp-json\/wp\/v2\/users\/8"}],"replies":[{"embeddable":true,"href":"https:\/\/redfoxlotto.com\/hr\/wp-json\/wp\/v2\/comments?post=87727"}],"version-history":[{"count":0,"href":"https:\/\/redfoxlotto.com\/hr\/wp-json\/wp\/v2\/pages\/87727\/revisions"}],"up":[{"embeddable":true,"href":"https:\/\/redfoxlotto.com\/hr\/wp-json\/wp\/v2\/pages\/16722"}],"wp:attachment":[{"href":"https:\/\/redfoxlotto.com\/hr\/wp-json\/wp\/v2\/media?parent=87727"}],"curies":[{"name":"wp","href":"https:\/\/api.w.org\/{rel}","templated":true}]}}