{"id":87687,"date":"2025-05-19T09:08:38","date_gmt":"2025-05-19T09:08:38","guid":{"rendered":"https:\/\/redfoxlotto.com\/?page_id=87687"},"modified":"2025-05-28T06:39:13","modified_gmt":"2025-05-28T06:39:13","slug":"euromillions-eu","status":"publish","type":"page","link":"https:\/\/redfoxlotto.com\/hr\/lutrije\/euromillions-eu\/","title":{"rendered":"O Euromillions EU"},"content":{"rendered":"<p data-start=\"62\" data-end=\"627\">EuroMillions EU jedna je od najve\u0107ih i najpopularnijih lutrija u Europi, koja svakog tjedna privla\u010di milijune sudionika zahvaljuju\u0107i potencijalu za dobitke koji mijenjaju \u017eivot. Ova lutrija, slu\u017ebeno poznata kao europska varijanta EuroMillionsa, izuzetno je popularna u brojnim europskim dr\u017eavama, uklju\u010duju\u0107i Francusku, \u0160panjolsku, Austriju, Belgiju, Irsku, Luksemburg, Portugal i \u0160vicarsku. EuroMillions je pokrenut 13. velja\u010de 2004., prvo u Francuskoj, \u0160panjolskoj i Ujedinjenom Kraljevstvu, a do listopada iste godine pro\u0161iren je na dodatne europske zemlje.<\/p>\n<p><img loading=\"lazy\" decoding=\"async\" class=\"size-full wp-image-48546 alignright\" src=\"https:\/\/redfoxlotto.com\/wp-content\/uploads\/2023\/04\/powerball-draw-youtube1-300x300-1.jpg\" alt=\"euromillions\" width=\"300\" height=\"300\" srcset=\"https:\/\/redfoxlotto.com\/wp-content\/uploads\/2023\/04\/powerball-draw-youtube1-300x300-1.jpg 300w, https:\/\/redfoxlotto.com\/wp-content\/uploads\/2023\/04\/powerball-draw-youtube1-300x300-1-100x100.jpg 100w, https:\/\/redfoxlotto.com\/wp-content\/uploads\/2023\/04\/powerball-draw-youtube1-300x300-1-150x150.jpg 150w\" sizes=\"auto, (max-width: 300px) 100vw, 300px\" \/><\/p>\n<p data-start=\"629\" data-end=\"944\">Svaka zemlja sudionica ima vlastitu nacionalnu lutrijsku organizaciju odgovornu za prodaju listi\u0107a, isplatu dobitaka i korisni\u010dku podr\u0161ku. Iako je upravljanje decentralizirano, sve dr\u017eave slijede jedinstvena pravila, nagradne razine i rasporede izvla\u010denja, \u010dime se osigurava pravednost i dosljednost unutar sustava.<\/p>\n<p data-start=\"946\" data-end=\"1358\">Izvla\u010denja EuroMillions EU odr\u017eavaju se dva puta tjedno \u2013 utorkom i petkom nave\u010der. Lutrija koristi format s dvostrukom matricom u kojem igra\u010d odabire pet brojeva izme\u0111u 1 i 50 te dodatna dva broja (tzv. Sretne zvijezde) izme\u0111u 1 i 12. Za osvajanje jackpota potrebno je pogoditi svih sedam brojeva. Ipak, postoji niz dodatnih razina nagrada koje omogu\u0107uju igra\u010dima osvajanje manjih, ali i dalje zna\u010dajnih iznosa.<\/p>\n<p data-start=\"1360\" data-end=\"1854\">Klju\u010dna razlika izme\u0111u europske i britanske verzije EuroMillions lutrije je dodatna igra koja je ekskluzivna za Ujedinjeno Kraljevstvo \u2013 Millionaire Maker. Ova dodatna komponenta jam\u010di da \u0107e barem jedan britanski listi\u0107 po svakom izvla\u010denju dobiti milijunsku nagradu. Zbog tog dodatnog elementa, cijena listi\u0107a u Velikoj Britaniji zna\u010dajno je vi\u0161a nego u ostalim europskim dr\u017eavama. Svi zainteresirani za britansku verziju, zajedno s dodatnim informacijama, mogu posjetiti stranicu RedFoxLotto.<\/p>\n<p data-start=\"1856\" data-end=\"2347\">Za igra\u010de izvan zemalja sudionica ili izvan Europske unije, mogu\u0107nost sudjelovanja u EuroMillions EU mo\u017ee se \u010diniti nedostupnom. Me\u0111utim, me\u0111unarodne lutrijske usluge omogu\u0107uju jednostavan pristup. Naime, listi\u0107i za EuroMillions EU naj\u010de\u0161\u0107e se kupuju u Austriji kada ih kupuju strani igra\u010di. Organizirana lutrijska infrastruktura u Austriji omogu\u0107uje legalno sudjelovanje u izvla\u010denjima igra\u010dima iz cijelog svijeta, pru\u017eaju\u0107i svima jednake \u0161anse za osvajanje jackpota bez obzira na lokaciju.<\/p>\n<p data-start=\"2349\" data-end=\"2807\">Kada je rije\u010d o jackpotovima, EuroMillions EU ima zna\u010dajne minimalne i maksimalne vrijednosti koje pove\u0107avaju uzbu\u0111enje i privla\u010dnost igre. Minimalni zajam\u010deni jackpot iznosi impresivnih 17 milijuna eura, \u0161to predstavlja iznos koji mo\u017ee promijeniti \u017eivot. Jackpot ograni\u010denje, koje je prvotno iznosilo 190 milijuna eura, s vremenom je pove\u0107ano kako bi odgovaralo rastu\u0107oj popularnosti igre i entuzijazmu igra\u010da. Trenutno ograni\u010denje iznosi 250 milijuna eura.<\/p>\n<p data-start=\"2809\" data-end=\"3164\">Kada jackpot dosegne 200 milijuna eura, aktiviraju se posebna pravila. Jackpot se mo\u017ee zadr\u017eati na toj razini (ili vi\u0161e) najvi\u0161e \u010detiri uzastopna izvla\u010denja bez dobitnika. Ako nakon \u010detvrtog izvla\u010denja nema dobitnika, cjelokupni iznos jackpota preusmjerava se na sljede\u0107u najvi\u0161u razinu dobitka, omogu\u0107uju\u0107i dijeljenje iznosa izme\u0111u ve\u0107eg broja dobitnika.<\/p>\n<p data-start=\"3166\" data-end=\"3446\">Kada se dosegne maksimalni jackpot od 250 milijuna eura, ista pravila ponovno stupaju na snagu. Jackpot se mo\u017ee zadr\u017eati jo\u0161 \u010detiri izvla\u010denja. Ako i dalje nema dobitnika glavne nagrade, iznos se ponovno raspodjeljuje, stvaraju\u0107i potencijalno vi\u0161e milijuna\u0161a iz jednog izvla\u010denja.<\/p>\n<p data-start=\"3448\" data-end=\"3739\">Ove situacije s prijenosima jackpota pove\u0107avaju strategijsku dubinu i napetost igre. Kada se jackpot pribli\u017ei svom maksimumu, prodaja listi\u0107a obi\u010dno naglo raste, \u0161to pokazuje pove\u0107anu nadu i uzbu\u0111enje me\u0111u igra\u010dima. Visoki ulozi dodatno poti\u010du medijsku pa\u017enju, pove\u0107avaju\u0107i popularnost igre.<\/p>\n<p data-start=\"3741\" data-end=\"3913\">Povijesno gledano, EuroMillions je stvorio mnoge dobitnike diljem Europe, uklju\u010duju\u0107i neke od najistaknutijih u Austriji, gdje postoji sna\u017ena baza obo\u017eavatelja ove lutrije.<\/p>\n<p data-start=\"3915\" data-end=\"4273\">Jednostavnost sudjelovanja iz cijelog svijeta, zajedno s transparentnim pravilima i uzbudljivom strukturom jackpota, \u010dini EuroMillions EU privla\u010dnim izborom za lutrijske igra\u010de diljem svijeta. Njegova prisutnost u klju\u010dnim europskim zemljama osigurava kulturno raznoliku bazu igra\u010da, dok njegov golem nagradni potencijal redovito privla\u010di globalnu pozornost.<\/p>\n<p data-start=\"4275\" data-end=\"4639\">Sudionici EuroMillions EU lutrije izvan Europe u\u017eivaju pogodnosti putem etabliranih posredni\u010dkih lutrijskih usluga koje omogu\u0107uju sigurno i legitimno sudjelovanje. Te usluge kupuju fizi\u010dke listi\u0107e u Austriji, skeniraju ih, prenose podatke na korisni\u010dke ra\u010dune i ispla\u0107uju dobitke izravno, \u010dime sudjelovanje postaje jednostavno, bez obzira na geografsku udaljenost.<\/p>\n<p data-start=\"4641\" data-end=\"5049\">Na kraju, EuroMillions EU zahvaljuju\u0107i jasnim pravilima, dobro definiranoj strukturi i velikim nagradnim fondovima predstavlja dobitnu kombinaciju za lutrijske igra\u010de \u0161irom svijeta. Zajam\u010deni nagradni fond od 17 milijuna eura i uzbudljiva ograni\u010denja do 250 milijuna eura, zajedno s mogu\u0107no\u0161\u0107u redistribucije jackpota, i dalje pru\u017eaju uzbu\u0111enje, neizvjesnost i zna\u010dajne nagrade igra\u010dima diljem Europe i \u0161ire.<\/p>\n","protected":false},"excerpt":{"rendered":"<p>EuroMillions EU jedna je od najve\u0107ih i najpopularnijih lutrija u Europi, koja svakog tjedna privla\u010di milijune sudionika zahvaljuju\u0107i potencijalu za dobitke koji mijenjaju \u017eivot. Ova lutrija, slu\u017ebeno poznata kao europska varijanta EuroMillionsa, izuzetno je popularna u brojnim europskim dr\u017eavama, uklju\u010duju\u0107i Francusku, \u0160panjolsku, Austriju, Belgiju, Irsku, Luksemburg, Portugal i \u0160vicarsku. EuroMillions je pokrenut 13. velja\u010de 2004., [&hellip;]<\/p>\n","protected":false},"author":8,"featured_media":0,"parent":16714,"menu_order":4,"comment_status":"closed","ping_status":"closed","template":"euromillions-at-info.php","meta":{"_et_pb_use_builder":"","_et_pb_old_content":"","_et_gb_content_width":"","exclude_from_search":false,"footnotes":""},"class_list":["post-87687","page","type-page","status-publish","hentry"],"yoast_head":"<!-- This site is optimized with the Yoast SEO plugin v27.3 - https:\/\/yoast.com\/product\/yoast-seo-wordpress\/ -->\n<title>Kupite Euromillions karte online izvan EU<\/title>\n<meta name=\"description\" content=\"Kako kupiti Euromillions karte online, za UK i EU verziju Euromillions. Nabavite karte odakle god \u017eelite, \u010dak i izvan EU.\" \/>\n<meta name=\"robots\" content=\"index, follow, max-snippet:-1, max-image-preview:large, max-video-preview:-1\" \/>\n<link rel=\"canonical\" href=\"https:\/\/redfoxlotto.com\/hr\/lutrije\/euromillions-eu\/\" \/>\n<meta property=\"og:locale\" content=\"hr_HR\" \/>\n<meta property=\"og:type\" content=\"article\" \/>\n<meta property=\"og:title\" content=\"Kupite Euromillions karte online izvan EU\" \/>\n<meta property=\"og:description\" content=\"Kako kupiti Euromillions karte online, za UK i EU verziju Euromillions. Nabavite karte odakle god \u017eelite, \u010dak i izvan EU.\" \/>\n<meta property=\"og:url\" content=\"https:\/\/redfoxlotto.com\/hr\/lutrije\/euromillions-eu\/\" \/>\n<meta property=\"og:site_name\" content=\"Get Tickets for the World\u2019s largest jackpots\" \/>\n<meta property=\"article:modified_time\" content=\"2025-05-28T06:39:13+00:00\" \/>\n<meta property=\"og:image\" content=\"https:\/\/redfoxlotto.com\/wp-content\/uploads\/2023\/04\/powerball-draw-youtube1-300x300-1.jpg\" \/>\n<meta name=\"twitter:card\" content=\"summary_large_image\" \/>\n<meta name=\"twitter:label1\" content=\"Procijenjeno vrijeme \u010ditanja\" \/>\n\t<meta name=\"twitter:data1\" content=\"4 minute\" \/>\n<script type=\"application\/ld+json\" class=\"yoast-schema-graph\">{\"@context\":\"https:\\\/\\\/schema.org\",\"@graph\":[{\"@type\":\"WebPage\",\"@id\":\"https:\\\/\\\/redfoxlotto.com\\\/hr\\\/lutrije\\\/euromillions-eu\\\/\",\"url\":\"https:\\\/\\\/redfoxlotto.com\\\/hr\\\/lutrije\\\/euromillions-eu\\\/\",\"name\":\"Kupite Euromillions karte online izvan EU\",\"isPartOf\":{\"@id\":\"https:\\\/\\\/redfoxlotto.com\\\/hr\\\/#website\"},\"primaryImageOfPage\":{\"@id\":\"https:\\\/\\\/redfoxlotto.com\\\/hr\\\/lutrije\\\/euromillions-eu\\\/#primaryimage\"},\"image\":{\"@id\":\"https:\\\/\\\/redfoxlotto.com\\\/hr\\\/lutrije\\\/euromillions-eu\\\/#primaryimage\"},\"thumbnailUrl\":\"https:\\\/\\\/redfoxlotto.com\\\/wp-content\\\/uploads\\\/2023\\\/04\\\/powerball-draw-youtube1-300x300-1.jpg\",\"datePublished\":\"2025-05-19T09:08:38+00:00\",\"dateModified\":\"2025-05-28T06:39:13+00:00\",\"description\":\"Kako kupiti Euromillions karte online, za UK i EU verziju Euromillions. Nabavite karte odakle god \u017eelite, \u010dak i izvan EU.\",\"breadcrumb\":{\"@id\":\"https:\\\/\\\/redfoxlotto.com\\\/hr\\\/lutrije\\\/euromillions-eu\\\/#breadcrumb\"},\"inLanguage\":\"hr\",\"potentialAction\":[{\"@type\":\"ReadAction\",\"target\":[\"https:\\\/\\\/redfoxlotto.com\\\/hr\\\/lutrije\\\/euromillions-eu\\\/\"]}]},{\"@type\":\"ImageObject\",\"inLanguage\":\"hr\",\"@id\":\"https:\\\/\\\/redfoxlotto.com\\\/hr\\\/lutrije\\\/euromillions-eu\\\/#primaryimage\",\"url\":\"https:\\\/\\\/redfoxlotto.com\\\/wp-content\\\/uploads\\\/2023\\\/04\\\/powerball-draw-youtube1-300x300-1.jpg\",\"contentUrl\":\"https:\\\/\\\/redfoxlotto.com\\\/wp-content\\\/uploads\\\/2023\\\/04\\\/powerball-draw-youtube1-300x300-1.jpg\"},{\"@type\":\"BreadcrumbList\",\"@id\":\"https:\\\/\\\/redfoxlotto.com\\\/hr\\\/lutrije\\\/euromillions-eu\\\/#breadcrumb\",\"itemListElement\":[{\"@type\":\"ListItem\",\"position\":1,\"name\":\"Home\",\"item\":\"https:\\\/\\\/redfoxlotto.com\\\/hr\\\/\"},{\"@type\":\"ListItem\",\"position\":2,\"name\":\"Kako kupiti loto listi\u0107e on-line \u2013 proces kupovine\",\"item\":\"https:\\\/\\\/redfoxlotto.com\\\/hr\\\/lutrije\\\/\"},{\"@type\":\"ListItem\",\"position\":3,\"name\":\"O Euromillions EU\"}]},{\"@type\":\"WebSite\",\"@id\":\"https:\\\/\\\/redfoxlotto.com\\\/hr\\\/#website\",\"url\":\"https:\\\/\\\/redfoxlotto.com\\\/hr\\\/\",\"name\":\"Get Tickets for the World\u2019s largest jackpots\",\"description\":\"Participate in worldwide lottery jackpots from any country\",\"publisher\":{\"@id\":\"https:\\\/\\\/redfoxlotto.com\\\/hr\\\/#organization\"},\"potentialAction\":[{\"@type\":\"SearchAction\",\"target\":{\"@type\":\"EntryPoint\",\"urlTemplate\":\"https:\\\/\\\/redfoxlotto.com\\\/hr\\\/?s={search_term_string}\"},\"query-input\":{\"@type\":\"PropertyValueSpecification\",\"valueRequired\":true,\"valueName\":\"search_term_string\"}}],\"inLanguage\":\"hr\"},{\"@type\":\"Organization\",\"@id\":\"https:\\\/\\\/redfoxlotto.com\\\/hr\\\/#organization\",\"name\":\"Get Tickets for the World\u2019s largest jackpots\",\"url\":\"https:\\\/\\\/redfoxlotto.com\\\/hr\\\/\",\"logo\":{\"@type\":\"ImageObject\",\"inLanguage\":\"hr\",\"@id\":\"https:\\\/\\\/redfoxlotto.com\\\/hr\\\/#\\\/schema\\\/logo\\\/image\\\/\",\"url\":\"https:\\\/\\\/redfoxlotto.com\\\/wp-content\\\/uploads\\\/2023\\\/04\\\/logo.png\",\"contentUrl\":\"https:\\\/\\\/redfoxlotto.com\\\/wp-content\\\/uploads\\\/2023\\\/04\\\/logo.png\",\"width\":269,\"height\":53,\"caption\":\"Get Tickets for the World\u2019s largest jackpots\"},\"image\":{\"@id\":\"https:\\\/\\\/redfoxlotto.com\\\/hr\\\/#\\\/schema\\\/logo\\\/image\\\/\"}}]}<\/script>\n<!-- \/ Yoast SEO plugin. -->","yoast_head_json":{"title":"Kupite Euromillions karte online izvan EU","description":"Kako kupiti Euromillions karte online, za UK i EU verziju Euromillions. Nabavite karte odakle god \u017eelite, \u010dak i izvan EU.","robots":{"index":"index","follow":"follow","max-snippet":"max-snippet:-1","max-image-preview":"max-image-preview:large","max-video-preview":"max-video-preview:-1"},"canonical":"https:\/\/redfoxlotto.com\/hr\/lutrije\/euromillions-eu\/","og_locale":"hr_HR","og_type":"article","og_title":"Kupite Euromillions karte online izvan EU","og_description":"Kako kupiti Euromillions karte online, za UK i EU verziju Euromillions. Nabavite karte odakle god \u017eelite, \u010dak i izvan EU.","og_url":"https:\/\/redfoxlotto.com\/hr\/lutrije\/euromillions-eu\/","og_site_name":"Get Tickets for the World\u2019s largest jackpots","article_modified_time":"2025-05-28T06:39:13+00:00","og_image":[{"url":"https:\/\/redfoxlotto.com\/wp-content\/uploads\/2023\/04\/powerball-draw-youtube1-300x300-1.jpg","type":"","width":"","height":""}],"twitter_card":"summary_large_image","twitter_misc":{"Procijenjeno vrijeme \u010ditanja":"4 minute"},"schema":{"@context":"https:\/\/schema.org","@graph":[{"@type":"WebPage","@id":"https:\/\/redfoxlotto.com\/hr\/lutrije\/euromillions-eu\/","url":"https:\/\/redfoxlotto.com\/hr\/lutrije\/euromillions-eu\/","name":"Kupite Euromillions karte online izvan EU","isPartOf":{"@id":"https:\/\/redfoxlotto.com\/hr\/#website"},"primaryImageOfPage":{"@id":"https:\/\/redfoxlotto.com\/hr\/lutrije\/euromillions-eu\/#primaryimage"},"image":{"@id":"https:\/\/redfoxlotto.com\/hr\/lutrije\/euromillions-eu\/#primaryimage"},"thumbnailUrl":"https:\/\/redfoxlotto.com\/wp-content\/uploads\/2023\/04\/powerball-draw-youtube1-300x300-1.jpg","datePublished":"2025-05-19T09:08:38+00:00","dateModified":"2025-05-28T06:39:13+00:00","description":"Kako kupiti Euromillions karte online, za UK i EU verziju Euromillions. Nabavite karte odakle god \u017eelite, \u010dak i izvan EU.","breadcrumb":{"@id":"https:\/\/redfoxlotto.com\/hr\/lutrije\/euromillions-eu\/#breadcrumb"},"inLanguage":"hr","potentialAction":[{"@type":"ReadAction","target":["https:\/\/redfoxlotto.com\/hr\/lutrije\/euromillions-eu\/"]}]},{"@type":"ImageObject","inLanguage":"hr","@id":"https:\/\/redfoxlotto.com\/hr\/lutrije\/euromillions-eu\/#primaryimage","url":"https:\/\/redfoxlotto.com\/wp-content\/uploads\/2023\/04\/powerball-draw-youtube1-300x300-1.jpg","contentUrl":"https:\/\/redfoxlotto.com\/wp-content\/uploads\/2023\/04\/powerball-draw-youtube1-300x300-1.jpg"},{"@type":"BreadcrumbList","@id":"https:\/\/redfoxlotto.com\/hr\/lutrije\/euromillions-eu\/#breadcrumb","itemListElement":[{"@type":"ListItem","position":1,"name":"Home","item":"https:\/\/redfoxlotto.com\/hr\/"},{"@type":"ListItem","position":2,"name":"Kako kupiti loto listi\u0107e on-line \u2013 proces kupovine","item":"https:\/\/redfoxlotto.com\/hr\/lutrije\/"},{"@type":"ListItem","position":3,"name":"O Euromillions EU"}]},{"@type":"WebSite","@id":"https:\/\/redfoxlotto.com\/hr\/#website","url":"https:\/\/redfoxlotto.com\/hr\/","name":"Get Tickets for the World\u2019s largest jackpots","description":"Participate in worldwide lottery jackpots from any country","publisher":{"@id":"https:\/\/redfoxlotto.com\/hr\/#organization"},"potentialAction":[{"@type":"SearchAction","target":{"@type":"EntryPoint","urlTemplate":"https:\/\/redfoxlotto.com\/hr\/?s={search_term_string}"},"query-input":{"@type":"PropertyValueSpecification","valueRequired":true,"valueName":"search_term_string"}}],"inLanguage":"hr"},{"@type":"Organization","@id":"https:\/\/redfoxlotto.com\/hr\/#organization","name":"Get Tickets for the World\u2019s largest jackpots","url":"https:\/\/redfoxlotto.com\/hr\/","logo":{"@type":"ImageObject","inLanguage":"hr","@id":"https:\/\/redfoxlotto.com\/hr\/#\/schema\/logo\/image\/","url":"https:\/\/redfoxlotto.com\/wp-content\/uploads\/2023\/04\/logo.png","contentUrl":"https:\/\/redfoxlotto.com\/wp-content\/uploads\/2023\/04\/logo.png","width":269,"height":53,"caption":"Get Tickets for the World\u2019s largest jackpots"},"image":{"@id":"https:\/\/redfoxlotto.com\/hr\/#\/schema\/logo\/image\/"}}]}},"_links":{"self":[{"href":"https:\/\/redfoxlotto.com\/hr\/wp-json\/wp\/v2\/pages\/87687","targetHints":{"allow":["GET"]}}],"collection":[{"href":"https:\/\/redfoxlotto.com\/hr\/wp-json\/wp\/v2\/pages"}],"about":[{"href":"https:\/\/redfoxlotto.com\/hr\/wp-json\/wp\/v2\/types\/page"}],"author":[{"embeddable":true,"href":"https:\/\/redfoxlotto.com\/hr\/wp-json\/wp\/v2\/users\/8"}],"replies":[{"embeddable":true,"href":"https:\/\/redfoxlotto.com\/hr\/wp-json\/wp\/v2\/comments?post=87687"}],"version-history":[{"count":0,"href":"https:\/\/redfoxlotto.com\/hr\/wp-json\/wp\/v2\/pages\/87687\/revisions"}],"up":[{"embeddable":true,"href":"https:\/\/redfoxlotto.com\/hr\/wp-json\/wp\/v2\/pages\/16714"}],"wp:attachment":[{"href":"https:\/\/redfoxlotto.com\/hr\/wp-json\/wp\/v2\/media?parent=87687"}],"curies":[{"name":"wp","href":"https:\/\/api.w.org\/{rel}","templated":true}]}}