{"id":87628,"date":"2025-05-19T09:07:38","date_gmt":"2025-05-19T09:07:38","guid":{"rendered":"https:\/\/redfoxlotto.com\/?page_id=87628"},"modified":"2025-12-17T06:33:34","modified_gmt":"2025-12-17T06:33:34","slug":"euromillions-eu","status":"publish","type":"page","link":"https:\/\/redfoxlotto.com\/hr\/igrajte\/euromillions-eu\/","title":{"rendered":"Igrajte Euromillions EU"},"content":{"rendered":"<p><script type=\"application\/ld+json\">\n{\n  \"@context\": \"https:\/\/schema.org\",\n  \"@type\": \"Service\",\n  \"name\": \"Igrajte Euromillions Online\",\n  \"url\": \"https:\/\/redfoxlotto.com\/hr\/igrajte\/euromillions\/\",\n  \"description\": \"Igrajte Euromillions online iz bilo koje zemlje. Posjetite RedFoxLotto, odaberite svoje brojeve i nabavite ulaznice.\",\n  \"serviceType\": \"Online lottery ticket messenger service\",\n  \"provider\": {\n    \"@type\": \"Organization\",\n    \"name\": \"RedFoxLotto\",\n    \"url\": \"https:\/\/redfoxlotto.com\/hr\/\",\n    \"image\": \"https:\/\/redfoxlotto.com\/wp-content\/uploads\/2025\/12\/ticket_scans.jpg\",\n    \"sameAs\": []\n  },\n  \"areaServed\": \"Worldwide\",\n  \"termsOfService\": \"https:\/\/redfoxlotto.com\/terms-and-conditions\",\n  \"additionalProperty\": {\n    \"@type\": \"PropertyValue\",\n    \"name\": \"FAQ\",\n    \"value\": \"https:\/\/redfoxlotto.com\/hr\/faq\/\"\n  },\n  \"hasOfferCatalog\": {\n    \"@type\": \"OfferCatalog\",\n    \"name\": \"Euromillions Lutrijske Karte\",\n    \"itemListElement\": [\n      {\n        \"@type\": \"Offer\",\n        \"name\": \"Euromillions Karte\",\n        \"url\": \"https:\/\/redfoxlotto.com\/hr\/igrajte\/euromillions\/\",\n        \"description\": \"Kliknite ovdje za odabir svojih brojeva za sljede\u0107e Euromillions izvla\u010denje - naru\u010dite ulaznice online.\",\n        \"price\": \"7.00\",\n        \"priceCurrency\": \"EUR\",\n        \"availability\": \"https:\/\/schema.org\/InStock\",\n        \"itemOffered\": {\n          \"@type\": \"Service\",\n          \"name\": \"Euromillions Lutrijske Karte\",\n          \"description\": \"Sudjelujte u sljede\u0107em Euromillions izvla\u010denju putem RedFoxLotto.\"\n        }\n      }\n    ]\n  },\n  \"mainEntityOfPage\": {\n    \"@type\": \"WebPage\",\n    \"@id\": \"https:\/\/redfoxlotto.com\/hr\/igrajte\/euromillions\/\"\n  }\n}\n<\/script><\/p>\n<p><img loading=\"lazy\" decoding=\"async\" class=\" wp-image-67116 alignleft\" src=\"https:\/\/redfoxlotto.com\/wp-content\/uploads\/2024\/03\/Balls-300x300.png\" alt=\"euromillions austria\" width=\"244\" height=\"244\" \/><\/p>\n<h2 data-start=\"39\" data-end=\"83\">Uvod: \u0160to je EuroMillions EU (Austrija)?<\/h2>\n<p data-start=\"85\" data-end=\"354\">EuroMillions EU (Austrija) jedna je od najpopularnijih i najbogatijih lutrija u Europi. Prvi put je predstavljena 2004. godine i slu\u017ebeno se igra u devet europskih zemalja: Francuskoj, \u0160panjolskoj, Austriji, Belgiji, Irskoj, Luksemburgu, Portugalu, \u0160vicarskoj i Andori.<\/p>\n<p data-start=\"356\" data-end=\"634\">A \u0161to ako ne \u017eivite u Europi niti u zemlji koja sudjeluje u EuroMillionsu? Mo\u017eete li ipak sudjelovati i osvojiti dobitak koji mijenja \u017eivot? Odgovor je potvrdan \u2013 putem RedFoxLotto.com mo\u017eete legalno kupiti EuroMillions EU (Austrija) listi\u0107e online iz bilo kojeg dijela svijeta.<\/p>\n<h2 data-start=\"636\" data-end=\"682\">Kako igrati EuroMillions online izvan EU-a<\/h2>\n<p data-start=\"684\" data-end=\"897\">Ako va\u0161a zemlja nije me\u0111u sudionicima, ne mo\u017eete kupiti listi\u0107 u lokalnoj trgovini. No zahvaljuju\u0107i pouzdanim posredni\u010dkim servisima kao \u0161to je RedFoxLotto, mo\u017eete kupiti listi\u0107 i izvan zemlje sudionice. Evo kako:<\/p>\n<ol data-start=\"899\" data-end=\"1204\">\n<li data-start=\"899\" data-end=\"933\">\n<p data-start=\"902\" data-end=\"933\">Posjetite <a class=\"\" href=\"http:\/\/www.RedFoxLotto.com\" target=\"_new\" rel=\"noopener\" data-start=\"912\" data-end=\"931\">www.RedFoxLotto.com<\/a><\/p>\n<\/li>\n<li data-start=\"934\" data-end=\"986\">\n<p data-start=\"937\" data-end=\"986\">Odaberite izvla\u010denje EuroMillions EU (Austrija)<\/p>\n<\/li>\n<li data-start=\"987\" data-end=\"1044\">\n<p data-start=\"990\" data-end=\"1044\">Izaberite brojeve ili koristite opciju \u201cBrzi odabir\u201d<\/p>\n<\/li>\n<li data-start=\"1045\" data-end=\"1124\">\n<p data-start=\"1048\" data-end=\"1124\">Dovr\u0161ite narud\u017ebu \u2013 lokalni agent u Austriji \u0107e za vas kupiti pravi listi\u0107<\/p>\n<\/li>\n<li data-start=\"1125\" data-end=\"1204\">\n<p data-start=\"1128\" data-end=\"1204\">Skenirani primjerak listi\u0107a bit \u0107e dodan u va\u0161 online ra\u010dun kao dokaz kupnje<\/p>\n<\/li>\n<\/ol>\n<p data-start=\"1206\" data-end=\"1388\">To je 100% legalno i predstavlja zajam\u010den na\u010din za sudjelovanje u slu\u017ebenoj EU verziji EuroMillions (Austrija), bez obzira gdje se nalazite \u2013 u Aziji, Africi, Americi ili Australiji.<\/p>\n<h2 data-start=\"1390\" data-end=\"1455\">Razlike izme\u0111u EuroMillions EU (Austrija) i britanske verzije<\/h2>\n<p data-start=\"1457\" data-end=\"1600\">Postoje dvije odvojene igre: EuroMillions EU i UK EuroMillions. Obje pripadaju istoj EuroMillions obitelji, ali se radi o razli\u010ditim verzijama.<\/p>\n<p data-start=\"1602\" data-end=\"1786\">Britanske listi\u0107e skuplje su, prvenstveno zbog dodatne igre nazvane \u201cMillionaire Maker\u201d \u2013 dodatne mogu\u0107nosti koja svakim izvla\u010denjem jam\u010di jednog britanskog dobitnika od milijun funti.<\/p>\n<p data-start=\"1788\" data-end=\"1906\">Britanska verzija tako\u0111er ima druga\u010diju strukturu isplate, a na prihod utje\u010du regulatorni tro\u0161kovi i razlike u te\u010daju.<\/p>\n<p data-start=\"1908\" data-end=\"2144\">Ako igrate putem RedFoxLotto-a, sudjelujete u EU verziji (Austrija), a ne u britanskom izvla\u010denju. Ova verzija nema Millionaire Maker, \u0161to zna\u010di ni\u017eu cijenu listi\u0107a i jednostavniju igru. Britanske listi\u0107e mo\u017eete kupiti na drugom mjestu.<\/p>\n<h2 data-start=\"2146\" data-end=\"2173\">Gdje se listi\u0107i kupuju?<\/h2>\n<p data-start=\"2175\" data-end=\"2346\">Svi listi\u0107i EuroMillions EU kupljeni putem RedFoxLotto-a fizi\u010dki se kupuju u Austriji. Ova srednjoeuropska zemlja je slu\u017ebeni sudionik i idealna je baza za kupnju listi\u0107a.<\/p>\n<h2 data-start=\"2348\" data-end=\"2371\">Za\u0161to ba\u0161 Austrija?<\/h2>\n<p data-start=\"2373\" data-end=\"2519\">Austrija je \u010dlanica EU, \u0161to omogu\u0107uje pristup izvornom EuroMillions EU izvla\u010denju. Listi\u0107i su pod strogom regulacijom i potpunom transparentno\u0161\u0107u.<\/p>\n<p data-start=\"2521\" data-end=\"2736\">Dobici trenutno nisu oporezivi u Austriji \u2013 velika prednost za strane igra\u010de. \u010cim je listi\u0107 kupljen, njegova skenirana kopija bit \u0107e dodana va\u0161em ra\u010dunu, \u0161to osigurava va\u0161u potvrdu sudjelovanja i osje\u0107aj sigurnosti.<\/p>\n<h2 data-start=\"2738\" data-end=\"2795\">Informacije o jackpotu: Minimalni i maksimalni iznosi<\/h2>\n<p data-start=\"2797\" data-end=\"2888\">Jedan od glavnih razloga za\u0161to ljudi \u017eele igrati EuroMillions online su ogromni jackpotovi.<\/p>\n<p data-start=\"2890\" data-end=\"2911\">Evo kako funkcionira:<\/p>\n<ul data-start=\"2913\" data-end=\"3007\">\n<li data-start=\"2913\" data-end=\"2952\">\n<p data-start=\"2915\" data-end=\"2952\">Minimalni jackpot: 17 milijuna eura<\/p>\n<\/li>\n<li data-start=\"2953\" data-end=\"3007\">\n<p data-start=\"2955\" data-end=\"3007\">Maksimalni dobitak (tzv. \u201ccap\u201d): 250 milijuna eura<\/p>\n<\/li>\n<\/ul>\n<p data-start=\"3009\" data-end=\"3084\">Ako nema dobitnika, jackpot se prenosi na sljede\u0107e izvla\u010denje i brzo raste.<\/p>\n<h2 data-start=\"3086\" data-end=\"3142\">\u0160to se doga\u0111a kad jackpot dosegne 200 milijuna eura?<\/h2>\n<p data-start=\"3144\" data-end=\"3211\">Kad nagradni fond naraste do 200 milijuna eura, doga\u0111a se sljede\u0107e:<\/p>\n<ul data-start=\"3213\" data-end=\"3345\">\n<li data-start=\"3213\" data-end=\"3277\">\n<p data-start=\"3215\" data-end=\"3277\">Jackpot se po\u010dinje pove\u0107avati u koracima od 10 milijuna eura<\/p>\n<\/li>\n<li data-start=\"3278\" data-end=\"3345\">\n<p data-start=\"3280\" data-end=\"3345\">To se nastavlja dok se ne dostigne granica od 250 milijuna eura<\/p>\n<\/li>\n<\/ul>\n<h2 data-start=\"3347\" data-end=\"3386\">\u0160to se doga\u0111a na 250 milijuna eura?<\/h2>\n<p data-start=\"3388\" data-end=\"3591\">Kad jackpot dosegne 250 milijuna, mo\u017ee ostati na toj vrijednosti jo\u0161 \u010detiri izvla\u010denja. Ako ni tada nema dobitnika, iznos se dijeli na sljede\u0107u razinu dobitnika, tako da sredstva ne ostaju neiskori\u0161tena.<\/p>\n<p data-start=\"3593\" data-end=\"3708\">Ova pravila \u010dine EuroMillions EU (Austrija) jednom od najuzbudljivijih i igra\u010dki najpovoljnijih lutrija na svijetu.<\/p>\n<h2 data-start=\"3710\" data-end=\"3760\">Za\u0161to igrati EuroMillions EU (Austrija) online<\/h2>\n<p data-start=\"3762\" data-end=\"3829\">Posebno ako \u017eivite izvan EU-a, razlozi za online igranje su brojni:<\/p>\n<ul data-start=\"3831\" data-end=\"4116\">\n<li data-start=\"3831\" data-end=\"3896\">\n<p data-start=\"3833\" data-end=\"3896\">Dostupno svima: Mogu\u0107e je igrati iz bilo kojeg dijela svijeta<\/p>\n<\/li>\n<li data-start=\"3897\" data-end=\"3964\">\n<p data-start=\"3899\" data-end=\"3964\">Prakti\u010dnost: Kupite listi\u0107 kad god \u017eelite, gdje god se nalazili<\/p>\n<\/li>\n<li data-start=\"3965\" data-end=\"3991\">\n<p data-start=\"3967\" data-end=\"3991\">Digitalni dokaz kupnje<\/p>\n<\/li>\n<li data-start=\"3992\" data-end=\"4071\">\n<p data-start=\"3994\" data-end=\"4071\">Porezne prednosti: U nekim dr\u017eavama, poput Austrije, dobitci nisu oporezivi<\/p>\n<\/li>\n<li data-start=\"4072\" data-end=\"4116\">\n<p data-start=\"4074\" data-end=\"4116\">Ogromni jackpotovi: Do 250 milijuna eura<\/p>\n<\/li>\n<\/ul>\n<h2 data-start=\"4118\" data-end=\"4135\">Zavr\u0161na misao<\/h2>\n<p data-start=\"4137\" data-end=\"4336\">Ne morate \u017eivjeti u Francuskoj, \u0160panjolskoj ili Portugalu da biste igrali EuroMillions EU (Austrija). Zahvaljuju\u0107i internetu, mo\u017eete igrati \u010dak i izvan EU-a i imati priliku osvojiti rekordni jackpot.<\/p>\n<p data-start=\"4338\" data-end=\"4577\">Bilo da ciljate postati sljede\u0107i europski milijuna\u0161 ili jednostavno volite igru, igranje putem RedFoxLotto.com je vrlo jednostavno. Odaberite svoje sretne brojeve i zaigrajte online ve\u0107 danas. Mo\u017eda ba\u0161 vi osvojite sljede\u0107i veliki jackpot!<\/p>\n","protected":false},"excerpt":{"rendered":"<p>Uvod: \u0160to je EuroMillions EU (Austrija)? EuroMillions EU (Austrija) jedna je od najpopularnijih i najbogatijih lutrija u Europi. Prvi put je predstavljena 2004. godine i slu\u017ebeno se igra u devet europskih zemalja: Francuskoj, \u0160panjolskoj, Austriji, Belgiji, Irskoj, Luksemburgu, Portugalu, \u0160vicarskoj i Andori. A \u0161to ako ne \u017eivite u Europi niti u zemlji koja sudjeluje u [&hellip;]<\/p>\n","protected":false},"author":8,"featured_media":0,"parent":16732,"menu_order":4,"comment_status":"closed","ping_status":"closed","template":"euromillions-at.php","meta":{"_et_pb_use_builder":"","_et_pb_old_content":"","_et_gb_content_width":"","exclude_from_search":false,"footnotes":""},"class_list":["post-87628","page","type-page","status-publish","hentry"],"yoast_head":"<!-- This site is optimized with the Yoast SEO plugin v23.8 - https:\/\/yoast.com\/wordpress\/plugins\/seo\/ -->\n<title>Igrajte Euromillions online izvan EU<\/title>\n<meta name=\"description\" content=\"Kako igrati Euromillions online izvan EU ili ako va\u0161a zemlja ne sudjeluje u Euromillions\" \/>\n<meta name=\"robots\" content=\"index, follow, max-snippet:-1, max-image-preview:large, max-video-preview:-1\" \/>\n<link rel=\"canonical\" href=\"https:\/\/redfoxlotto.com\/hr\/igrajte\/euromillions-eu\/\" \/>\n<meta property=\"og:locale\" content=\"hr_HR\" \/>\n<meta property=\"og:type\" content=\"article\" \/>\n<meta property=\"og:title\" content=\"Igrajte Euromillions online izvan EU\" \/>\n<meta property=\"og:description\" content=\"Kako igrati Euromillions online izvan EU ili ako va\u0161a zemlja ne sudjeluje u Euromillions\" \/>\n<meta property=\"og:url\" content=\"https:\/\/redfoxlotto.com\/hr\/igrajte\/euromillions-eu\/\" \/>\n<meta property=\"og:site_name\" content=\"Get Tickets for the World\u2019s largest jackpots\" \/>\n<meta property=\"article:modified_time\" content=\"2025-12-17T06:33:34+00:00\" \/>\n<meta property=\"og:image\" content=\"https:\/\/redfoxlotto.com\/wp-content\/uploads\/2024\/03\/Balls-300x300.png\" \/>\n<meta name=\"twitter:card\" content=\"summary_large_image\" \/>\n<meta name=\"twitter:label1\" content=\"Procijenjeno vrijeme \u010ditanja\" \/>\n\t<meta name=\"twitter:data1\" content=\"3 minute\" \/>\n<script type=\"application\/ld+json\" class=\"yoast-schema-graph\">{\"@context\":\"https:\/\/schema.org\",\"@graph\":[{\"@type\":\"WebPage\",\"@id\":\"https:\/\/redfoxlotto.com\/hr\/igrajte\/euromillions-eu\/\",\"url\":\"https:\/\/redfoxlotto.com\/hr\/igrajte\/euromillions-eu\/\",\"name\":\"Igrajte Euromillions online izvan EU\",\"isPartOf\":{\"@id\":\"https:\/\/redfoxlotto.com\/hr\/#website\"},\"primaryImageOfPage\":{\"@id\":\"https:\/\/redfoxlotto.com\/hr\/igrajte\/euromillions-eu\/#primaryimage\"},\"image\":{\"@id\":\"https:\/\/redfoxlotto.com\/hr\/igrajte\/euromillions-eu\/#primaryimage\"},\"thumbnailUrl\":\"https:\/\/redfoxlotto.com\/wp-content\/uploads\/2024\/03\/Balls-300x300.png\",\"datePublished\":\"2025-05-19T09:07:38+00:00\",\"dateModified\":\"2025-12-17T06:33:34+00:00\",\"description\":\"Kako igrati Euromillions online izvan EU ili ako va\u0161a zemlja ne sudjeluje u Euromillions\",\"breadcrumb\":{\"@id\":\"https:\/\/redfoxlotto.com\/hr\/igrajte\/euromillions-eu\/#breadcrumb\"},\"inLanguage\":\"hr\",\"potentialAction\":[{\"@type\":\"ReadAction\",\"target\":[\"https:\/\/redfoxlotto.com\/hr\/igrajte\/euromillions-eu\/\"]}]},{\"@type\":\"ImageObject\",\"inLanguage\":\"hr\",\"@id\":\"https:\/\/redfoxlotto.com\/hr\/igrajte\/euromillions-eu\/#primaryimage\",\"url\":\"https:\/\/redfoxlotto.com\/wp-content\/uploads\/2024\/03\/Balls-300x300.png\",\"contentUrl\":\"https:\/\/redfoxlotto.com\/wp-content\/uploads\/2024\/03\/Balls-300x300.png\"},{\"@type\":\"BreadcrumbList\",\"@id\":\"https:\/\/redfoxlotto.com\/hr\/igrajte\/euromillions-eu\/#breadcrumb\",\"itemListElement\":[{\"@type\":\"ListItem\",\"position\":1,\"name\":\"Home\",\"item\":\"https:\/\/redfoxlotto.com\/hr\/\"},{\"@type\":\"ListItem\",\"position\":2,\"name\":\"Kako sudjelovati u lutrijama drugih dr\u017eava\",\"item\":\"https:\/\/redfoxlotto.com\/hr\/igrajte\/\"},{\"@type\":\"ListItem\",\"position\":3,\"name\":\"Igrajte Euromillions EU\"}]},{\"@type\":\"WebSite\",\"@id\":\"https:\/\/redfoxlotto.com\/hr\/#website\",\"url\":\"https:\/\/redfoxlotto.com\/hr\/\",\"name\":\"Get Tickets for the World\u2019s largest jackpots\",\"description\":\"Participate in worldwide lottery jackpots from any country\",\"publisher\":{\"@id\":\"https:\/\/redfoxlotto.com\/hr\/#organization\"},\"potentialAction\":[{\"@type\":\"SearchAction\",\"target\":{\"@type\":\"EntryPoint\",\"urlTemplate\":\"https:\/\/redfoxlotto.com\/hr\/?s={search_term_string}\"},\"query-input\":{\"@type\":\"PropertyValueSpecification\",\"valueRequired\":true,\"valueName\":\"search_term_string\"}}],\"inLanguage\":\"hr\"},{\"@type\":\"Organization\",\"@id\":\"https:\/\/redfoxlotto.com\/hr\/#organization\",\"name\":\"Get Tickets for the World\u2019s largest jackpots\",\"url\":\"https:\/\/redfoxlotto.com\/hr\/\",\"logo\":{\"@type\":\"ImageObject\",\"inLanguage\":\"hr\",\"@id\":\"https:\/\/redfoxlotto.com\/hr\/#\/schema\/logo\/image\/\",\"url\":\"https:\/\/redfoxlotto.com\/wp-content\/uploads\/2023\/04\/logo.png\",\"contentUrl\":\"https:\/\/redfoxlotto.com\/wp-content\/uploads\/2023\/04\/logo.png\",\"width\":269,\"height\":53,\"caption\":\"Get Tickets for the World\u2019s largest jackpots\"},\"image\":{\"@id\":\"https:\/\/redfoxlotto.com\/hr\/#\/schema\/logo\/image\/\"}}]}<\/script>\n<!-- \/ Yoast SEO plugin. -->","yoast_head_json":{"title":"Igrajte Euromillions online izvan EU","description":"Kako igrati Euromillions online izvan EU ili ako va\u0161a zemlja ne sudjeluje u Euromillions","robots":{"index":"index","follow":"follow","max-snippet":"max-snippet:-1","max-image-preview":"max-image-preview:large","max-video-preview":"max-video-preview:-1"},"canonical":"https:\/\/redfoxlotto.com\/hr\/igrajte\/euromillions-eu\/","og_locale":"hr_HR","og_type":"article","og_title":"Igrajte Euromillions online izvan EU","og_description":"Kako igrati Euromillions online izvan EU ili ako va\u0161a zemlja ne sudjeluje u Euromillions","og_url":"https:\/\/redfoxlotto.com\/hr\/igrajte\/euromillions-eu\/","og_site_name":"Get Tickets for the World\u2019s largest jackpots","article_modified_time":"2025-12-17T06:33:34+00:00","og_image":[{"url":"https:\/\/redfoxlotto.com\/wp-content\/uploads\/2024\/03\/Balls-300x300.png"}],"twitter_card":"summary_large_image","twitter_misc":{"Procijenjeno vrijeme \u010ditanja":"3 minute"},"schema":{"@context":"https:\/\/schema.org","@graph":[{"@type":"WebPage","@id":"https:\/\/redfoxlotto.com\/hr\/igrajte\/euromillions-eu\/","url":"https:\/\/redfoxlotto.com\/hr\/igrajte\/euromillions-eu\/","name":"Igrajte Euromillions online izvan EU","isPartOf":{"@id":"https:\/\/redfoxlotto.com\/hr\/#website"},"primaryImageOfPage":{"@id":"https:\/\/redfoxlotto.com\/hr\/igrajte\/euromillions-eu\/#primaryimage"},"image":{"@id":"https:\/\/redfoxlotto.com\/hr\/igrajte\/euromillions-eu\/#primaryimage"},"thumbnailUrl":"https:\/\/redfoxlotto.com\/wp-content\/uploads\/2024\/03\/Balls-300x300.png","datePublished":"2025-05-19T09:07:38+00:00","dateModified":"2025-12-17T06:33:34+00:00","description":"Kako igrati Euromillions online izvan EU ili ako va\u0161a zemlja ne sudjeluje u Euromillions","breadcrumb":{"@id":"https:\/\/redfoxlotto.com\/hr\/igrajte\/euromillions-eu\/#breadcrumb"},"inLanguage":"hr","potentialAction":[{"@type":"ReadAction","target":["https:\/\/redfoxlotto.com\/hr\/igrajte\/euromillions-eu\/"]}]},{"@type":"ImageObject","inLanguage":"hr","@id":"https:\/\/redfoxlotto.com\/hr\/igrajte\/euromillions-eu\/#primaryimage","url":"https:\/\/redfoxlotto.com\/wp-content\/uploads\/2024\/03\/Balls-300x300.png","contentUrl":"https:\/\/redfoxlotto.com\/wp-content\/uploads\/2024\/03\/Balls-300x300.png"},{"@type":"BreadcrumbList","@id":"https:\/\/redfoxlotto.com\/hr\/igrajte\/euromillions-eu\/#breadcrumb","itemListElement":[{"@type":"ListItem","position":1,"name":"Home","item":"https:\/\/redfoxlotto.com\/hr\/"},{"@type":"ListItem","position":2,"name":"Kako sudjelovati u lutrijama drugih dr\u017eava","item":"https:\/\/redfoxlotto.com\/hr\/igrajte\/"},{"@type":"ListItem","position":3,"name":"Igrajte Euromillions EU"}]},{"@type":"WebSite","@id":"https:\/\/redfoxlotto.com\/hr\/#website","url":"https:\/\/redfoxlotto.com\/hr\/","name":"Get Tickets for the World\u2019s largest jackpots","description":"Participate in worldwide lottery jackpots from any country","publisher":{"@id":"https:\/\/redfoxlotto.com\/hr\/#organization"},"potentialAction":[{"@type":"SearchAction","target":{"@type":"EntryPoint","urlTemplate":"https:\/\/redfoxlotto.com\/hr\/?s={search_term_string}"},"query-input":{"@type":"PropertyValueSpecification","valueRequired":true,"valueName":"search_term_string"}}],"inLanguage":"hr"},{"@type":"Organization","@id":"https:\/\/redfoxlotto.com\/hr\/#organization","name":"Get Tickets for the World\u2019s largest jackpots","url":"https:\/\/redfoxlotto.com\/hr\/","logo":{"@type":"ImageObject","inLanguage":"hr","@id":"https:\/\/redfoxlotto.com\/hr\/#\/schema\/logo\/image\/","url":"https:\/\/redfoxlotto.com\/wp-content\/uploads\/2023\/04\/logo.png","contentUrl":"https:\/\/redfoxlotto.com\/wp-content\/uploads\/2023\/04\/logo.png","width":269,"height":53,"caption":"Get Tickets for the World\u2019s largest jackpots"},"image":{"@id":"https:\/\/redfoxlotto.com\/hr\/#\/schema\/logo\/image\/"}}]}},"_links":{"self":[{"href":"https:\/\/redfoxlotto.com\/hr\/wp-json\/wp\/v2\/pages\/87628","targetHints":{"allow":["GET"]}}],"collection":[{"href":"https:\/\/redfoxlotto.com\/hr\/wp-json\/wp\/v2\/pages"}],"about":[{"href":"https:\/\/redfoxlotto.com\/hr\/wp-json\/wp\/v2\/types\/page"}],"author":[{"embeddable":true,"href":"https:\/\/redfoxlotto.com\/hr\/wp-json\/wp\/v2\/users\/8"}],"replies":[{"embeddable":true,"href":"https:\/\/redfoxlotto.com\/hr\/wp-json\/wp\/v2\/comments?post=87628"}],"version-history":[{"count":0,"href":"https:\/\/redfoxlotto.com\/hr\/wp-json\/wp\/v2\/pages\/87628\/revisions"}],"up":[{"embeddable":true,"href":"https:\/\/redfoxlotto.com\/hr\/wp-json\/wp\/v2\/pages\/16732"}],"wp:attachment":[{"href":"https:\/\/redfoxlotto.com\/hr\/wp-json\/wp\/v2\/media?parent=87628"}],"curies":[{"name":"wp","href":"https:\/\/api.w.org\/{rel}","templated":true}]}}