{"id":87129,"date":"2025-05-16T10:39:54","date_gmt":"2025-05-16T10:39:54","guid":{"rendered":"https:\/\/redfoxlotto.com\/?page_id=87129"},"modified":"2025-05-17T22:19:30","modified_gmt":"2025-05-17T22:19:30","slug":"dobitni-brojevi-za-diamond-keno","status":"publish","type":"page","link":"https:\/\/redfoxlotto.com\/hr\/keno\/dobitni-brojevi-za-diamond-keno\/","title":{"rendered":"Dobitni brojevi za Diamond Keno"},"content":{"rendered":"<p>Novi dobitni brojevi pojavljuju se svakih 20 minuta \u2013 provjerite rezultate Diamond Kenoa odmah<\/p>\n","protected":false},"excerpt":{"rendered":"<p>Novi dobitni brojevi pojavljuju se svakih 20 minuta \u2013 provjerite rezultate Diamond Kenoa odmah<\/p>\n","protected":false},"author":8,"featured_media":0,"parent":84458,"menu_order":40,"comment_status":"closed","ping_status":"closed","template":"","meta":{"_et_pb_use_builder":"","_et_pb_old_content":"","_et_gb_content_width":"","exclude_from_search":false,"footnotes":""},"class_list":["post-87129","page","type-page","status-publish","hentry"],"yoast_head":"<!-- This site is optimized with the Yoast SEO plugin v23.8 - https:\/\/yoast.com\/wordpress\/plugins\/seo\/ -->\n<title>Dobitni brojevi za na\u0161u najve\u0107u Keno lutriju - osvojite 10 milijuna eura odmah!<\/title>\n<meta name=\"description\" content=\"Evo najnovijih dobitnih brojeva za na\u0161u najve\u0107u Keno lutriju - s 10 milijuna eura u igri svakih 20 minuta.\" \/>\n<meta name=\"robots\" content=\"index, follow, max-snippet:-1, max-image-preview:large, max-video-preview:-1\" \/>\n<link rel=\"canonical\" href=\"https:\/\/redfoxlotto.com\/hr\/keno\/dobitni-brojevi-za-diamond-keno\/\" \/>\n<meta property=\"og:locale\" content=\"hr_HR\" \/>\n<meta property=\"og:type\" content=\"article\" \/>\n<meta property=\"og:title\" content=\"Dobitni brojevi za na\u0161u najve\u0107u Keno lutriju - osvojite 10 milijuna eura odmah!\" \/>\n<meta property=\"og:description\" content=\"Evo najnovijih dobitnih brojeva za na\u0161u najve\u0107u Keno lutriju - s 10 milijuna eura u igri svakih 20 minuta.\" \/>\n<meta property=\"og:url\" content=\"https:\/\/redfoxlotto.com\/hr\/keno\/dobitni-brojevi-za-diamond-keno\/\" \/>\n<meta property=\"og:site_name\" content=\"Get Tickets for the World\u2019s largest jackpots\" \/>\n<meta property=\"article:modified_time\" content=\"2025-05-17T22:19:30+00:00\" \/>\n<meta name=\"twitter:card\" content=\"summary_large_image\" \/>\n<meta name=\"twitter:label1\" content=\"Procijenjeno vrijeme \u010ditanja\" \/>\n\t<meta name=\"twitter:data1\" content=\"1 minuta\" \/>\n<script type=\"application\/ld+json\" class=\"yoast-schema-graph\">{\"@context\":\"https:\/\/schema.org\",\"@graph\":[{\"@type\":\"WebPage\",\"@id\":\"https:\/\/redfoxlotto.com\/hr\/keno\/dobitni-brojevi-za-diamond-keno\/\",\"url\":\"https:\/\/redfoxlotto.com\/hr\/keno\/dobitni-brojevi-za-diamond-keno\/\",\"name\":\"Dobitni brojevi za na\u0161u najve\u0107u Keno lutriju - osvojite 10 milijuna eura odmah!\",\"isPartOf\":{\"@id\":\"https:\/\/redfoxlotto.com\/hr\/#website\"},\"datePublished\":\"2025-05-16T10:39:54+00:00\",\"dateModified\":\"2025-05-17T22:19:30+00:00\",\"description\":\"Evo najnovijih dobitnih brojeva za na\u0161u najve\u0107u Keno lutriju - s 10 milijuna eura u igri svakih 20 minuta.\",\"breadcrumb\":{\"@id\":\"https:\/\/redfoxlotto.com\/hr\/keno\/dobitni-brojevi-za-diamond-keno\/#breadcrumb\"},\"inLanguage\":\"hr\",\"potentialAction\":[{\"@type\":\"ReadAction\",\"target\":[\"https:\/\/redfoxlotto.com\/hr\/keno\/dobitni-brojevi-za-diamond-keno\/\"]}]},{\"@type\":\"BreadcrumbList\",\"@id\":\"https:\/\/redfoxlotto.com\/hr\/keno\/dobitni-brojevi-za-diamond-keno\/#breadcrumb\",\"itemListElement\":[{\"@type\":\"ListItem\",\"position\":1,\"name\":\"Home\",\"item\":\"https:\/\/redfoxlotto.com\/hr\/\"},{\"@type\":\"ListItem\",\"position\":2,\"name\":\"Keno\",\"item\":\"https:\/\/redfoxlotto.com\/hr\/keno\/\"},{\"@type\":\"ListItem\",\"position\":3,\"name\":\"Dobitni brojevi za Diamond Keno\"}]},{\"@type\":\"WebSite\",\"@id\":\"https:\/\/redfoxlotto.com\/hr\/#website\",\"url\":\"https:\/\/redfoxlotto.com\/hr\/\",\"name\":\"Get Tickets for the World\u2019s largest jackpots\",\"description\":\"Participate in worldwide lottery jackpots from any country\",\"publisher\":{\"@id\":\"https:\/\/redfoxlotto.com\/hr\/#organization\"},\"potentialAction\":[{\"@type\":\"SearchAction\",\"target\":{\"@type\":\"EntryPoint\",\"urlTemplate\":\"https:\/\/redfoxlotto.com\/hr\/?s={search_term_string}\"},\"query-input\":{\"@type\":\"PropertyValueSpecification\",\"valueRequired\":true,\"valueName\":\"search_term_string\"}}],\"inLanguage\":\"hr\"},{\"@type\":\"Organization\",\"@id\":\"https:\/\/redfoxlotto.com\/hr\/#organization\",\"name\":\"Get Tickets for the World\u2019s largest jackpots\",\"url\":\"https:\/\/redfoxlotto.com\/hr\/\",\"logo\":{\"@type\":\"ImageObject\",\"inLanguage\":\"hr\",\"@id\":\"https:\/\/redfoxlotto.com\/hr\/#\/schema\/logo\/image\/\",\"url\":\"https:\/\/redfoxlotto.com\/wp-content\/uploads\/2023\/04\/logo.png\",\"contentUrl\":\"https:\/\/redfoxlotto.com\/wp-content\/uploads\/2023\/04\/logo.png\",\"width\":269,\"height\":53,\"caption\":\"Get Tickets for the World\u2019s largest jackpots\"},\"image\":{\"@id\":\"https:\/\/redfoxlotto.com\/hr\/#\/schema\/logo\/image\/\"}}]}<\/script>\n<!-- \/ Yoast SEO plugin. -->","yoast_head_json":{"title":"Dobitni brojevi za na\u0161u najve\u0107u Keno lutriju - osvojite 10 milijuna eura odmah!","description":"Evo najnovijih dobitnih brojeva za na\u0161u najve\u0107u Keno lutriju - s 10 milijuna eura u igri svakih 20 minuta.","robots":{"index":"index","follow":"follow","max-snippet":"max-snippet:-1","max-image-preview":"max-image-preview:large","max-video-preview":"max-video-preview:-1"},"canonical":"https:\/\/redfoxlotto.com\/hr\/keno\/dobitni-brojevi-za-diamond-keno\/","og_locale":"hr_HR","og_type":"article","og_title":"Dobitni brojevi za na\u0161u najve\u0107u Keno lutriju - osvojite 10 milijuna eura odmah!","og_description":"Evo najnovijih dobitnih brojeva za na\u0161u najve\u0107u Keno lutriju - s 10 milijuna eura u igri svakih 20 minuta.","og_url":"https:\/\/redfoxlotto.com\/hr\/keno\/dobitni-brojevi-za-diamond-keno\/","og_site_name":"Get Tickets for the World\u2019s largest jackpots","article_modified_time":"2025-05-17T22:19:30+00:00","twitter_card":"summary_large_image","twitter_misc":{"Procijenjeno vrijeme \u010ditanja":"1 minuta"},"schema":{"@context":"https:\/\/schema.org","@graph":[{"@type":"WebPage","@id":"https:\/\/redfoxlotto.com\/hr\/keno\/dobitni-brojevi-za-diamond-keno\/","url":"https:\/\/redfoxlotto.com\/hr\/keno\/dobitni-brojevi-za-diamond-keno\/","name":"Dobitni brojevi za na\u0161u najve\u0107u Keno lutriju - osvojite 10 milijuna eura odmah!","isPartOf":{"@id":"https:\/\/redfoxlotto.com\/hr\/#website"},"datePublished":"2025-05-16T10:39:54+00:00","dateModified":"2025-05-17T22:19:30+00:00","description":"Evo najnovijih dobitnih brojeva za na\u0161u najve\u0107u Keno lutriju - s 10 milijuna eura u igri svakih 20 minuta.","breadcrumb":{"@id":"https:\/\/redfoxlotto.com\/hr\/keno\/dobitni-brojevi-za-diamond-keno\/#breadcrumb"},"inLanguage":"hr","potentialAction":[{"@type":"ReadAction","target":["https:\/\/redfoxlotto.com\/hr\/keno\/dobitni-brojevi-za-diamond-keno\/"]}]},{"@type":"BreadcrumbList","@id":"https:\/\/redfoxlotto.com\/hr\/keno\/dobitni-brojevi-za-diamond-keno\/#breadcrumb","itemListElement":[{"@type":"ListItem","position":1,"name":"Home","item":"https:\/\/redfoxlotto.com\/hr\/"},{"@type":"ListItem","position":2,"name":"Keno","item":"https:\/\/redfoxlotto.com\/hr\/keno\/"},{"@type":"ListItem","position":3,"name":"Dobitni brojevi za Diamond Keno"}]},{"@type":"WebSite","@id":"https:\/\/redfoxlotto.com\/hr\/#website","url":"https:\/\/redfoxlotto.com\/hr\/","name":"Get Tickets for the World\u2019s largest jackpots","description":"Participate in worldwide lottery jackpots from any country","publisher":{"@id":"https:\/\/redfoxlotto.com\/hr\/#organization"},"potentialAction":[{"@type":"SearchAction","target":{"@type":"EntryPoint","urlTemplate":"https:\/\/redfoxlotto.com\/hr\/?s={search_term_string}"},"query-input":{"@type":"PropertyValueSpecification","valueRequired":true,"valueName":"search_term_string"}}],"inLanguage":"hr"},{"@type":"Organization","@id":"https:\/\/redfoxlotto.com\/hr\/#organization","name":"Get Tickets for the World\u2019s largest jackpots","url":"https:\/\/redfoxlotto.com\/hr\/","logo":{"@type":"ImageObject","inLanguage":"hr","@id":"https:\/\/redfoxlotto.com\/hr\/#\/schema\/logo\/image\/","url":"https:\/\/redfoxlotto.com\/wp-content\/uploads\/2023\/04\/logo.png","contentUrl":"https:\/\/redfoxlotto.com\/wp-content\/uploads\/2023\/04\/logo.png","width":269,"height":53,"caption":"Get Tickets for the World\u2019s largest jackpots"},"image":{"@id":"https:\/\/redfoxlotto.com\/hr\/#\/schema\/logo\/image\/"}}]}},"_links":{"self":[{"href":"https:\/\/redfoxlotto.com\/hr\/wp-json\/wp\/v2\/pages\/87129","targetHints":{"allow":["GET"]}}],"collection":[{"href":"https:\/\/redfoxlotto.com\/hr\/wp-json\/wp\/v2\/pages"}],"about":[{"href":"https:\/\/redfoxlotto.com\/hr\/wp-json\/wp\/v2\/types\/page"}],"author":[{"embeddable":true,"href":"https:\/\/redfoxlotto.com\/hr\/wp-json\/wp\/v2\/users\/8"}],"replies":[{"embeddable":true,"href":"https:\/\/redfoxlotto.com\/hr\/wp-json\/wp\/v2\/comments?post=87129"}],"version-history":[{"count":0,"href":"https:\/\/redfoxlotto.com\/hr\/wp-json\/wp\/v2\/pages\/87129\/revisions"}],"up":[{"embeddable":true,"href":"https:\/\/redfoxlotto.com\/hr\/wp-json\/wp\/v2\/pages\/84458"}],"wp:attachment":[{"href":"https:\/\/redfoxlotto.com\/hr\/wp-json\/wp\/v2\/media?parent=87129"}],"curies":[{"name":"wp","href":"https:\/\/api.w.org\/{rel}","templated":true}]}}