{"id":86896,"date":"2025-02-12T11:18:17","date_gmt":"2025-02-12T11:18:17","guid":{"rendered":"https:\/\/redfoxlotto.com\/?page_id=86896"},"modified":"2025-05-15T07:19:50","modified_gmt":"2025-05-15T07:19:50","slug":"diamond-keno-10-milijuna","status":"publish","type":"page","link":"https:\/\/redfoxlotto.com\/hr\/keno\/diamond-keno-10-milijuna\/","title":{"rendered":"Diamond Keno 10 milijuna"},"content":{"rendered":"<h2>Online Keno ne mo\u017ee biti ve\u0107i i bolji od ovoga &#8211; igrajte Keno za isplatu od 10 milijuna eura!<\/h2>\n<p>Ovo je na\u0161a najve\u0107a i najpopularnija Keno lutrija. Ako tra\u017eite najbolju Keno igru \u200b\u200bza igranje online, do\u0161li ste na pravo mjesto. Ova Keno igra ima izvla\u010denje svakih 20 minuta, tako da ne\u0107ete morati dugo \u010dekati da biste saznali je li va\u0161 listi\u0107 dobitan.<\/p>\n","protected":false},"excerpt":{"rendered":"<p>Online Keno ne mo\u017ee biti ve\u0107i i bolji od ovoga &#8211; igrajte Keno za isplatu od 10 milijuna eura! Ovo je na\u0161a najve\u0107a i najpopularnija Keno lutrija. Ako tra\u017eite najbolju Keno igru \u200b\u200bza igranje online, do\u0161li ste na pravo mjesto. Ova Keno igra ima izvla\u010denje svakih 20 minuta, tako da ne\u0107ete morati dugo \u010dekati da [&hellip;]<\/p>\n","protected":false},"author":8,"featured_media":0,"parent":84458,"menu_order":1,"comment_status":"closed","ping_status":"closed","template":"","meta":{"_et_pb_use_builder":"","_et_pb_old_content":"","_et_gb_content_width":"","exclude_from_search":false,"footnotes":""},"class_list":["post-86896","page","type-page","status-publish","hentry"],"yoast_head":"<!-- This site is optimized with the Yoast SEO plugin v23.8 - https:\/\/yoast.com\/wordpress\/plugins\/seo\/ -->\n<title>Najbolje online Keno igre - Keno od 10 milijuna eura<\/title>\n<meta name=\"description\" content=\"Ovdje prona\u0111ite najbolje online Keno igre s vrhunskim nagradama do 10 milijuna eura. Nikada ne morate predugo \u010dekati na sljede\u0107e online Keno izvla\u010denje!\" \/>\n<meta name=\"robots\" content=\"index, follow, max-snippet:-1, max-image-preview:large, max-video-preview:-1\" \/>\n<link rel=\"canonical\" href=\"https:\/\/redfoxlotto.com\/hr\/keno\/diamond-keno-10-milijuna\/\" \/>\n<meta property=\"og:locale\" content=\"hr_HR\" \/>\n<meta property=\"og:type\" content=\"article\" \/>\n<meta property=\"og:title\" content=\"Najbolje online Keno igre - Keno od 10 milijuna eura\" \/>\n<meta property=\"og:description\" content=\"Ovdje prona\u0111ite najbolje online Keno igre s vrhunskim nagradama do 10 milijuna eura. Nikada ne morate predugo \u010dekati na sljede\u0107e online Keno izvla\u010denje!\" \/>\n<meta property=\"og:url\" content=\"https:\/\/redfoxlotto.com\/hr\/keno\/diamond-keno-10-milijuna\/\" \/>\n<meta property=\"og:site_name\" content=\"Get Tickets for the World\u2019s largest jackpots\" \/>\n<meta property=\"article:modified_time\" content=\"2025-05-15T07:19:50+00:00\" \/>\n<meta name=\"twitter:card\" content=\"summary_large_image\" \/>\n<meta name=\"twitter:label1\" content=\"Procijenjeno vrijeme \u010ditanja\" \/>\n\t<meta name=\"twitter:data1\" content=\"1 minuta\" \/>\n<script type=\"application\/ld+json\" class=\"yoast-schema-graph\">{\"@context\":\"https:\/\/schema.org\",\"@graph\":[{\"@type\":\"WebPage\",\"@id\":\"https:\/\/redfoxlotto.com\/hr\/keno\/diamond-keno-10-milijuna\/\",\"url\":\"https:\/\/redfoxlotto.com\/hr\/keno\/diamond-keno-10-milijuna\/\",\"name\":\"Najbolje online Keno igre - Keno od 10 milijuna eura\",\"isPartOf\":{\"@id\":\"https:\/\/redfoxlotto.com\/hr\/#website\"},\"datePublished\":\"2025-02-12T11:18:17+00:00\",\"dateModified\":\"2025-05-15T07:19:50+00:00\",\"description\":\"Ovdje prona\u0111ite najbolje online Keno igre s vrhunskim nagradama do 10 milijuna eura. Nikada ne morate predugo \u010dekati na sljede\u0107e online Keno izvla\u010denje!\",\"breadcrumb\":{\"@id\":\"https:\/\/redfoxlotto.com\/hr\/keno\/diamond-keno-10-milijuna\/#breadcrumb\"},\"inLanguage\":\"hr\",\"potentialAction\":[{\"@type\":\"ReadAction\",\"target\":[\"https:\/\/redfoxlotto.com\/hr\/keno\/diamond-keno-10-milijuna\/\"]}]},{\"@type\":\"BreadcrumbList\",\"@id\":\"https:\/\/redfoxlotto.com\/hr\/keno\/diamond-keno-10-milijuna\/#breadcrumb\",\"itemListElement\":[{\"@type\":\"ListItem\",\"position\":1,\"name\":\"Home\",\"item\":\"https:\/\/redfoxlotto.com\/hr\/\"},{\"@type\":\"ListItem\",\"position\":2,\"name\":\"Keno\",\"item\":\"https:\/\/redfoxlotto.com\/hr\/keno\/\"},{\"@type\":\"ListItem\",\"position\":3,\"name\":\"Diamond Keno 10 milijuna\"}]},{\"@type\":\"WebSite\",\"@id\":\"https:\/\/redfoxlotto.com\/hr\/#website\",\"url\":\"https:\/\/redfoxlotto.com\/hr\/\",\"name\":\"Get Tickets for the World\u2019s largest jackpots\",\"description\":\"Participate in worldwide lottery jackpots from any country\",\"publisher\":{\"@id\":\"https:\/\/redfoxlotto.com\/hr\/#organization\"},\"potentialAction\":[{\"@type\":\"SearchAction\",\"target\":{\"@type\":\"EntryPoint\",\"urlTemplate\":\"https:\/\/redfoxlotto.com\/hr\/?s={search_term_string}\"},\"query-input\":{\"@type\":\"PropertyValueSpecification\",\"valueRequired\":true,\"valueName\":\"search_term_string\"}}],\"inLanguage\":\"hr\"},{\"@type\":\"Organization\",\"@id\":\"https:\/\/redfoxlotto.com\/hr\/#organization\",\"name\":\"Get Tickets for the World\u2019s largest jackpots\",\"url\":\"https:\/\/redfoxlotto.com\/hr\/\",\"logo\":{\"@type\":\"ImageObject\",\"inLanguage\":\"hr\",\"@id\":\"https:\/\/redfoxlotto.com\/hr\/#\/schema\/logo\/image\/\",\"url\":\"https:\/\/redfoxlotto.com\/wp-content\/uploads\/2023\/04\/logo.png\",\"contentUrl\":\"https:\/\/redfoxlotto.com\/wp-content\/uploads\/2023\/04\/logo.png\",\"width\":269,\"height\":53,\"caption\":\"Get Tickets for the World\u2019s largest jackpots\"},\"image\":{\"@id\":\"https:\/\/redfoxlotto.com\/hr\/#\/schema\/logo\/image\/\"}}]}<\/script>\n<!-- \/ Yoast SEO plugin. -->","yoast_head_json":{"title":"Najbolje online Keno igre - Keno od 10 milijuna eura","description":"Ovdje prona\u0111ite najbolje online Keno igre s vrhunskim nagradama do 10 milijuna eura. Nikada ne morate predugo \u010dekati na sljede\u0107e online Keno izvla\u010denje!","robots":{"index":"index","follow":"follow","max-snippet":"max-snippet:-1","max-image-preview":"max-image-preview:large","max-video-preview":"max-video-preview:-1"},"canonical":"https:\/\/redfoxlotto.com\/hr\/keno\/diamond-keno-10-milijuna\/","og_locale":"hr_HR","og_type":"article","og_title":"Najbolje online Keno igre - Keno od 10 milijuna eura","og_description":"Ovdje prona\u0111ite najbolje online Keno igre s vrhunskim nagradama do 10 milijuna eura. Nikada ne morate predugo \u010dekati na sljede\u0107e online Keno izvla\u010denje!","og_url":"https:\/\/redfoxlotto.com\/hr\/keno\/diamond-keno-10-milijuna\/","og_site_name":"Get Tickets for the World\u2019s largest jackpots","article_modified_time":"2025-05-15T07:19:50+00:00","twitter_card":"summary_large_image","twitter_misc":{"Procijenjeno vrijeme \u010ditanja":"1 minuta"},"schema":{"@context":"https:\/\/schema.org","@graph":[{"@type":"WebPage","@id":"https:\/\/redfoxlotto.com\/hr\/keno\/diamond-keno-10-milijuna\/","url":"https:\/\/redfoxlotto.com\/hr\/keno\/diamond-keno-10-milijuna\/","name":"Najbolje online Keno igre - Keno od 10 milijuna eura","isPartOf":{"@id":"https:\/\/redfoxlotto.com\/hr\/#website"},"datePublished":"2025-02-12T11:18:17+00:00","dateModified":"2025-05-15T07:19:50+00:00","description":"Ovdje prona\u0111ite najbolje online Keno igre s vrhunskim nagradama do 10 milijuna eura. Nikada ne morate predugo \u010dekati na sljede\u0107e online Keno izvla\u010denje!","breadcrumb":{"@id":"https:\/\/redfoxlotto.com\/hr\/keno\/diamond-keno-10-milijuna\/#breadcrumb"},"inLanguage":"hr","potentialAction":[{"@type":"ReadAction","target":["https:\/\/redfoxlotto.com\/hr\/keno\/diamond-keno-10-milijuna\/"]}]},{"@type":"BreadcrumbList","@id":"https:\/\/redfoxlotto.com\/hr\/keno\/diamond-keno-10-milijuna\/#breadcrumb","itemListElement":[{"@type":"ListItem","position":1,"name":"Home","item":"https:\/\/redfoxlotto.com\/hr\/"},{"@type":"ListItem","position":2,"name":"Keno","item":"https:\/\/redfoxlotto.com\/hr\/keno\/"},{"@type":"ListItem","position":3,"name":"Diamond Keno 10 milijuna"}]},{"@type":"WebSite","@id":"https:\/\/redfoxlotto.com\/hr\/#website","url":"https:\/\/redfoxlotto.com\/hr\/","name":"Get Tickets for the World\u2019s largest jackpots","description":"Participate in worldwide lottery jackpots from any country","publisher":{"@id":"https:\/\/redfoxlotto.com\/hr\/#organization"},"potentialAction":[{"@type":"SearchAction","target":{"@type":"EntryPoint","urlTemplate":"https:\/\/redfoxlotto.com\/hr\/?s={search_term_string}"},"query-input":{"@type":"PropertyValueSpecification","valueRequired":true,"valueName":"search_term_string"}}],"inLanguage":"hr"},{"@type":"Organization","@id":"https:\/\/redfoxlotto.com\/hr\/#organization","name":"Get Tickets for the World\u2019s largest jackpots","url":"https:\/\/redfoxlotto.com\/hr\/","logo":{"@type":"ImageObject","inLanguage":"hr","@id":"https:\/\/redfoxlotto.com\/hr\/#\/schema\/logo\/image\/","url":"https:\/\/redfoxlotto.com\/wp-content\/uploads\/2023\/04\/logo.png","contentUrl":"https:\/\/redfoxlotto.com\/wp-content\/uploads\/2023\/04\/logo.png","width":269,"height":53,"caption":"Get Tickets for the World\u2019s largest jackpots"},"image":{"@id":"https:\/\/redfoxlotto.com\/hr\/#\/schema\/logo\/image\/"}}]}},"_links":{"self":[{"href":"https:\/\/redfoxlotto.com\/hr\/wp-json\/wp\/v2\/pages\/86896","targetHints":{"allow":["GET"]}}],"collection":[{"href":"https:\/\/redfoxlotto.com\/hr\/wp-json\/wp\/v2\/pages"}],"about":[{"href":"https:\/\/redfoxlotto.com\/hr\/wp-json\/wp\/v2\/types\/page"}],"author":[{"embeddable":true,"href":"https:\/\/redfoxlotto.com\/hr\/wp-json\/wp\/v2\/users\/8"}],"replies":[{"embeddable":true,"href":"https:\/\/redfoxlotto.com\/hr\/wp-json\/wp\/v2\/comments?post=86896"}],"version-history":[{"count":0,"href":"https:\/\/redfoxlotto.com\/hr\/wp-json\/wp\/v2\/pages\/86896\/revisions"}],"up":[{"embeddable":true,"href":"https:\/\/redfoxlotto.com\/hr\/wp-json\/wp\/v2\/pages\/84458"}],"wp:attachment":[{"href":"https:\/\/redfoxlotto.com\/hr\/wp-json\/wp\/v2\/media?parent=86896"}],"curies":[{"name":"wp","href":"https:\/\/api.w.org\/{rel}","templated":true}]}}