{"id":85587,"date":"2025-02-25T17:29:04","date_gmt":"2025-02-25T17:29:04","guid":{"rendered":"https:\/\/redfoxlotto.com\/?page_id=85587"},"modified":"2025-04-21T08:08:41","modified_gmt":"2025-04-21T08:08:41","slug":"rezultati-lutrije-new-yorka","status":"publish","type":"page","link":"https:\/\/redfoxlotto.com\/hr\/rezultati\/rezultati-lutrije-new-yorka\/","title":{"rendered":"Rezultati lutrije New Yorka"},"content":{"rendered":"<h2>\ud83d\uddfdPosljednji rezultati izvla\u010denja lutrije u New Yorku.<\/h2>\n<p><img loading=\"lazy\" decoding=\"async\" class=\"size-full wp-image-48546 alignright\" src=\"https:\/\/redfoxlotto.com\/wp-content\/uploads\/2023\/04\/powerball-draw-youtube1-300x300-1.jpg\" alt=\"newyork lotto \" width=\"300\" height=\"300\" srcset=\"https:\/\/redfoxlotto.com\/wp-content\/uploads\/2023\/04\/powerball-draw-youtube1-300x300-1.jpg 300w, https:\/\/redfoxlotto.com\/wp-content\/uploads\/2023\/04\/powerball-draw-youtube1-300x300-1-100x100.jpg 100w, https:\/\/redfoxlotto.com\/wp-content\/uploads\/2023\/04\/powerball-draw-youtube1-300x300-1-150x150.jpg 150w\" sizes=\"auto, (max-width: 300px) 100vw, 300px\" \/><br \/>\nIgra\u010di lutrije koji su zainteresirani za najnovije rezultate lutrije u New Yorku mogu iskoristiti prednosti platforme RedFoxLotto, koja nije samo sveobuhvatna, ve\u0107 i jednostavna za kori\u0161tenje. Kako bismo bili sigurni da ste uvijek u tijeku s najnovijim informacijama, RedFoxLotto vam pru\u017ea najnovije informacije, bez obzira na to gledate li najnovije izvla\u010denje ili kombinacije brojeva koje ste osvojili u pro\u0161losti.<\/p>\n<h2>\ud83d\udd0dOmogu\u0107ivanje pristupa najnovijim otkri\u0107ima<\/h2>\n<p>Web stranica RedFoxLotto odgovorna je za odr\u017eavanje stranice koja je isklju\u010divo posve\u0107ena rezultatima lutrije u New Yorku. Korisnici \u0107e mo\u0107i koristiti ovu stranicu za dohva\u0107anje dobitnih brojeva iz najnovijih provedenih izvla\u010denja. Ovo osigurava da igra\u010di imaju pristup svim relevantnim informacijama na dohvat ruke pru\u017eaju\u0107i im detaljne informacije o brojnim igrama daju\u0107i im te informacije.<\/p>\n<h2>Karakteristike i prednosti proizvoda<\/h2>\n<h3>Kompletne zbirke arhiva:<\/h3>\n<p>Korisnici RedFoxLotto dobivaju pristup arhivi prethodnih dobitnih brojeva, uz najnovije rezultate lutrije. Korisnici mogu istra\u017eiti obrasce ili provjeriti ishode prethodnih dobitnih brojeva pomo\u0107u ove arhive.<br \/>\nIgra\u010di iz cijelog svijeta mogu sudjelovati u njujor\u0161koj lutriji koriste\u0107i platformu koju nudi RedFoxLotto.com. Ova pristupa\u010dnost omogu\u0107uje igra\u010dima iz cijelog svijeta sudjelovanje. Time je pojedincima iz drugih nacija puno jednostavnije sudjelovati u lutrijama koje se odr\u017eavaju u Sjedinjenim Dr\u017eavama.<br \/>\nRedFoxLotto sigurne transakcije osiguravaju sigurnost svih financijskih transakcija, omogu\u0107uju\u0107i korisnicima kupnju listi\u0107a online bez ikakvih briga. Time je korisnicima omogu\u0107ena online kupnja ulaznica.<\/p>\n<h3>Upozorenja koja se generiraju automatski:<\/h3>\n<p>U slu\u010daju da je korisnik uspje\u0161an, bit \u0107e odmah obavije\u0161ten, \u0161to smanjuje potrebu da pojedinac ru\u010dno provjerava rezultate.<\/p>\n<h2>Po\u010detak: vodi\u010d korak po korak<\/h2>\n<p>Pod pretpostavkom da posjetite web stranicu, do\u0111ite do stranice New York Lottery na RedFoxLotto slijede\u0107i prilo\u017eenu poveznicu. https:\/\/redfoxlotto.com\/results\/new-york-lottery\/<br \/>\nKako biste kreirali korisni\u010dki ra\u010dun, registracijom \u0107ete mo\u0107i dobiti pristup svim uslugama, uklju\u010duju\u0107i mogu\u0107nosti kupnje ulaznica i primanja obavijesti o ishodima.<br \/>\nU svrhu kupnje ulaznica za nadolaze\u0107a izvla\u010denja, mo\u017eete odabrati \u017eeljene brojeve ili koristiti opciju brzog odabira. Osim toga, imate mogu\u0107nost odabira opcije brzog odabira.<br \/>\nNakon \u0161to je izvla\u010denje obavljeno, trebate se vratiti na web stranicu kako biste provjerili najnovije dobitne brojeve i odlu\u010dili jeste li dobitnik ili ne.<br \/>\nPutem pru\u017eanja pouzdanih i u\u010dinkovitih sredstava za pra\u0107enje najnovijih rezultata i upravljanje va\u0161im radnjama vezanim uz lutriju, RedFoxLotto \u010dini proces sudjelovanja u lutriji u New Yorku jednostavnijim.<\/p>\n","protected":false},"excerpt":{"rendered":"<p>\ud83d\uddfdPosljednji rezultati izvla\u010denja lutrije u New Yorku. Igra\u010di lutrije koji su zainteresirani za najnovije rezultate lutrije u New Yorku mogu iskoristiti prednosti platforme RedFoxLotto, koja nije samo sveobuhvatna, ve\u0107 i jednostavna za kori\u0161tenje. Kako bismo bili sigurni da ste uvijek u tijeku s najnovijim informacijama, RedFoxLotto vam pru\u017ea najnovije informacije, bez obzira na to gledate [&hellip;]<\/p>\n","protected":false},"author":8,"featured_media":0,"parent":16722,"menu_order":18,"comment_status":"closed","ping_status":"closed","template":"newyork-results.php","meta":{"_et_pb_use_builder":"","_et_pb_old_content":"","_et_gb_content_width":"","exclude_from_search":false,"footnotes":""},"class_list":["post-85587","page","type-page","status-publish","hentry"],"yoast_head":"<!-- This site is optimized with the Yoast SEO plugin v27.3 - https:\/\/yoast.com\/product\/yoast-seo-wordpress\/ -->\n<title>Dobitni brojevi lutrije New York | Sino\u0107 rezultati lutrije New Yorka<\/title>\n<meta name=\"description\" content=\"Ako tra\u017eite sino\u0107nje dobitne brojeve lutrije New Yorka ili starije rezultate, sve \u0107ete ih prona\u0107i na na\u0161oj web stranici\" \/>\n<meta name=\"robots\" content=\"index, follow, max-snippet:-1, max-image-preview:large, max-video-preview:-1\" \/>\n<link rel=\"canonical\" href=\"https:\/\/redfoxlotto.com\/hr\/rezultati\/rezultati-lutrije-new-yorka\/\" \/>\n<meta property=\"og:locale\" content=\"hr_HR\" \/>\n<meta property=\"og:type\" content=\"article\" \/>\n<meta property=\"og:title\" content=\"Dobitni brojevi lutrije New York | Sino\u0107 rezultati lutrije New Yorka\" \/>\n<meta property=\"og:description\" content=\"Ako tra\u017eite sino\u0107nje dobitne brojeve lutrije New Yorka ili starije rezultate, sve \u0107ete ih prona\u0107i na na\u0161oj web stranici\" \/>\n<meta property=\"og:url\" content=\"https:\/\/redfoxlotto.com\/hr\/rezultati\/rezultati-lutrije-new-yorka\/\" \/>\n<meta property=\"og:site_name\" content=\"Get Tickets for the World\u2019s largest jackpots\" \/>\n<meta property=\"article:modified_time\" content=\"2025-04-21T08:08:41+00:00\" \/>\n<meta property=\"og:image\" content=\"https:\/\/redfoxlotto.com\/wp-content\/uploads\/2023\/04\/powerball-draw-youtube1-300x300-1.jpg\" \/>\n<meta name=\"twitter:card\" content=\"summary_large_image\" \/>\n<meta name=\"twitter:label1\" content=\"Procijenjeno vrijeme \u010ditanja\" \/>\n\t<meta name=\"twitter:data1\" content=\"2 minute\" \/>\n<script type=\"application\/ld+json\" class=\"yoast-schema-graph\">{\"@context\":\"https:\\\/\\\/schema.org\",\"@graph\":[{\"@type\":\"WebPage\",\"@id\":\"https:\\\/\\\/redfoxlotto.com\\\/hr\\\/rezultati\\\/rezultati-lutrije-new-yorka\\\/\",\"url\":\"https:\\\/\\\/redfoxlotto.com\\\/hr\\\/rezultati\\\/rezultati-lutrije-new-yorka\\\/\",\"name\":\"Dobitni brojevi lutrije New York | Sino\u0107 rezultati lutrije New Yorka\",\"isPartOf\":{\"@id\":\"https:\\\/\\\/redfoxlotto.com\\\/hr\\\/#website\"},\"primaryImageOfPage\":{\"@id\":\"https:\\\/\\\/redfoxlotto.com\\\/hr\\\/rezultati\\\/rezultati-lutrije-new-yorka\\\/#primaryimage\"},\"image\":{\"@id\":\"https:\\\/\\\/redfoxlotto.com\\\/hr\\\/rezultati\\\/rezultati-lutrije-new-yorka\\\/#primaryimage\"},\"thumbnailUrl\":\"https:\\\/\\\/redfoxlotto.com\\\/wp-content\\\/uploads\\\/2023\\\/04\\\/powerball-draw-youtube1-300x300-1.jpg\",\"datePublished\":\"2025-02-25T17:29:04+00:00\",\"dateModified\":\"2025-04-21T08:08:41+00:00\",\"description\":\"Ako tra\u017eite sino\u0107nje dobitne brojeve lutrije New Yorka ili starije rezultate, sve \u0107ete ih prona\u0107i na na\u0161oj web stranici\",\"breadcrumb\":{\"@id\":\"https:\\\/\\\/redfoxlotto.com\\\/hr\\\/rezultati\\\/rezultati-lutrije-new-yorka\\\/#breadcrumb\"},\"inLanguage\":\"hr\",\"potentialAction\":[{\"@type\":\"ReadAction\",\"target\":[\"https:\\\/\\\/redfoxlotto.com\\\/hr\\\/rezultati\\\/rezultati-lutrije-new-yorka\\\/\"]}]},{\"@type\":\"ImageObject\",\"inLanguage\":\"hr\",\"@id\":\"https:\\\/\\\/redfoxlotto.com\\\/hr\\\/rezultati\\\/rezultati-lutrije-new-yorka\\\/#primaryimage\",\"url\":\"https:\\\/\\\/redfoxlotto.com\\\/wp-content\\\/uploads\\\/2023\\\/04\\\/powerball-draw-youtube1-300x300-1.jpg\",\"contentUrl\":\"https:\\\/\\\/redfoxlotto.com\\\/wp-content\\\/uploads\\\/2023\\\/04\\\/powerball-draw-youtube1-300x300-1.jpg\"},{\"@type\":\"BreadcrumbList\",\"@id\":\"https:\\\/\\\/redfoxlotto.com\\\/hr\\\/rezultati\\\/rezultati-lutrije-new-yorka\\\/#breadcrumb\",\"itemListElement\":[{\"@type\":\"ListItem\",\"position\":1,\"name\":\"Home\",\"item\":\"https:\\\/\\\/redfoxlotto.com\\\/hr\\\/\"},{\"@type\":\"ListItem\",\"position\":2,\"name\":\"Rezultati internacionalnih lutrija\",\"item\":\"https:\\\/\\\/redfoxlotto.com\\\/hr\\\/rezultati\\\/\"},{\"@type\":\"ListItem\",\"position\":3,\"name\":\"Rezultati lutrije New Yorka\"}]},{\"@type\":\"WebSite\",\"@id\":\"https:\\\/\\\/redfoxlotto.com\\\/hr\\\/#website\",\"url\":\"https:\\\/\\\/redfoxlotto.com\\\/hr\\\/\",\"name\":\"Get Tickets for the World\u2019s largest jackpots\",\"description\":\"Participate in worldwide lottery jackpots from any country\",\"publisher\":{\"@id\":\"https:\\\/\\\/redfoxlotto.com\\\/hr\\\/#organization\"},\"potentialAction\":[{\"@type\":\"SearchAction\",\"target\":{\"@type\":\"EntryPoint\",\"urlTemplate\":\"https:\\\/\\\/redfoxlotto.com\\\/hr\\\/?s={search_term_string}\"},\"query-input\":{\"@type\":\"PropertyValueSpecification\",\"valueRequired\":true,\"valueName\":\"search_term_string\"}}],\"inLanguage\":\"hr\"},{\"@type\":\"Organization\",\"@id\":\"https:\\\/\\\/redfoxlotto.com\\\/hr\\\/#organization\",\"name\":\"Get Tickets for the World\u2019s largest jackpots\",\"url\":\"https:\\\/\\\/redfoxlotto.com\\\/hr\\\/\",\"logo\":{\"@type\":\"ImageObject\",\"inLanguage\":\"hr\",\"@id\":\"https:\\\/\\\/redfoxlotto.com\\\/hr\\\/#\\\/schema\\\/logo\\\/image\\\/\",\"url\":\"https:\\\/\\\/redfoxlotto.com\\\/wp-content\\\/uploads\\\/2023\\\/04\\\/logo.png\",\"contentUrl\":\"https:\\\/\\\/redfoxlotto.com\\\/wp-content\\\/uploads\\\/2023\\\/04\\\/logo.png\",\"width\":269,\"height\":53,\"caption\":\"Get Tickets for the World\u2019s largest jackpots\"},\"image\":{\"@id\":\"https:\\\/\\\/redfoxlotto.com\\\/hr\\\/#\\\/schema\\\/logo\\\/image\\\/\"}}]}<\/script>\n<!-- \/ Yoast SEO plugin. -->","yoast_head_json":{"title":"Dobitni brojevi lutrije New York | Sino\u0107 rezultati lutrije New Yorka","description":"Ako tra\u017eite sino\u0107nje dobitne brojeve lutrije New Yorka ili starije rezultate, sve \u0107ete ih prona\u0107i na na\u0161oj web stranici","robots":{"index":"index","follow":"follow","max-snippet":"max-snippet:-1","max-image-preview":"max-image-preview:large","max-video-preview":"max-video-preview:-1"},"canonical":"https:\/\/redfoxlotto.com\/hr\/rezultati\/rezultati-lutrije-new-yorka\/","og_locale":"hr_HR","og_type":"article","og_title":"Dobitni brojevi lutrije New York | Sino\u0107 rezultati lutrije New Yorka","og_description":"Ako tra\u017eite sino\u0107nje dobitne brojeve lutrije New Yorka ili starije rezultate, sve \u0107ete ih prona\u0107i na na\u0161oj web stranici","og_url":"https:\/\/redfoxlotto.com\/hr\/rezultati\/rezultati-lutrije-new-yorka\/","og_site_name":"Get Tickets for the World\u2019s largest jackpots","article_modified_time":"2025-04-21T08:08:41+00:00","og_image":[{"url":"https:\/\/redfoxlotto.com\/wp-content\/uploads\/2023\/04\/powerball-draw-youtube1-300x300-1.jpg","type":"","width":"","height":""}],"twitter_card":"summary_large_image","twitter_misc":{"Procijenjeno vrijeme \u010ditanja":"2 minute"},"schema":{"@context":"https:\/\/schema.org","@graph":[{"@type":"WebPage","@id":"https:\/\/redfoxlotto.com\/hr\/rezultati\/rezultati-lutrije-new-yorka\/","url":"https:\/\/redfoxlotto.com\/hr\/rezultati\/rezultati-lutrije-new-yorka\/","name":"Dobitni brojevi lutrije New York | Sino\u0107 rezultati lutrije New Yorka","isPartOf":{"@id":"https:\/\/redfoxlotto.com\/hr\/#website"},"primaryImageOfPage":{"@id":"https:\/\/redfoxlotto.com\/hr\/rezultati\/rezultati-lutrije-new-yorka\/#primaryimage"},"image":{"@id":"https:\/\/redfoxlotto.com\/hr\/rezultati\/rezultati-lutrije-new-yorka\/#primaryimage"},"thumbnailUrl":"https:\/\/redfoxlotto.com\/wp-content\/uploads\/2023\/04\/powerball-draw-youtube1-300x300-1.jpg","datePublished":"2025-02-25T17:29:04+00:00","dateModified":"2025-04-21T08:08:41+00:00","description":"Ako tra\u017eite sino\u0107nje dobitne brojeve lutrije New Yorka ili starije rezultate, sve \u0107ete ih prona\u0107i na na\u0161oj web stranici","breadcrumb":{"@id":"https:\/\/redfoxlotto.com\/hr\/rezultati\/rezultati-lutrije-new-yorka\/#breadcrumb"},"inLanguage":"hr","potentialAction":[{"@type":"ReadAction","target":["https:\/\/redfoxlotto.com\/hr\/rezultati\/rezultati-lutrije-new-yorka\/"]}]},{"@type":"ImageObject","inLanguage":"hr","@id":"https:\/\/redfoxlotto.com\/hr\/rezultati\/rezultati-lutrije-new-yorka\/#primaryimage","url":"https:\/\/redfoxlotto.com\/wp-content\/uploads\/2023\/04\/powerball-draw-youtube1-300x300-1.jpg","contentUrl":"https:\/\/redfoxlotto.com\/wp-content\/uploads\/2023\/04\/powerball-draw-youtube1-300x300-1.jpg"},{"@type":"BreadcrumbList","@id":"https:\/\/redfoxlotto.com\/hr\/rezultati\/rezultati-lutrije-new-yorka\/#breadcrumb","itemListElement":[{"@type":"ListItem","position":1,"name":"Home","item":"https:\/\/redfoxlotto.com\/hr\/"},{"@type":"ListItem","position":2,"name":"Rezultati internacionalnih lutrija","item":"https:\/\/redfoxlotto.com\/hr\/rezultati\/"},{"@type":"ListItem","position":3,"name":"Rezultati lutrije New Yorka"}]},{"@type":"WebSite","@id":"https:\/\/redfoxlotto.com\/hr\/#website","url":"https:\/\/redfoxlotto.com\/hr\/","name":"Get Tickets for the World\u2019s largest jackpots","description":"Participate in worldwide lottery jackpots from any country","publisher":{"@id":"https:\/\/redfoxlotto.com\/hr\/#organization"},"potentialAction":[{"@type":"SearchAction","target":{"@type":"EntryPoint","urlTemplate":"https:\/\/redfoxlotto.com\/hr\/?s={search_term_string}"},"query-input":{"@type":"PropertyValueSpecification","valueRequired":true,"valueName":"search_term_string"}}],"inLanguage":"hr"},{"@type":"Organization","@id":"https:\/\/redfoxlotto.com\/hr\/#organization","name":"Get Tickets for the World\u2019s largest jackpots","url":"https:\/\/redfoxlotto.com\/hr\/","logo":{"@type":"ImageObject","inLanguage":"hr","@id":"https:\/\/redfoxlotto.com\/hr\/#\/schema\/logo\/image\/","url":"https:\/\/redfoxlotto.com\/wp-content\/uploads\/2023\/04\/logo.png","contentUrl":"https:\/\/redfoxlotto.com\/wp-content\/uploads\/2023\/04\/logo.png","width":269,"height":53,"caption":"Get Tickets for the World\u2019s largest jackpots"},"image":{"@id":"https:\/\/redfoxlotto.com\/hr\/#\/schema\/logo\/image\/"}}]}},"_links":{"self":[{"href":"https:\/\/redfoxlotto.com\/hr\/wp-json\/wp\/v2\/pages\/85587","targetHints":{"allow":["GET"]}}],"collection":[{"href":"https:\/\/redfoxlotto.com\/hr\/wp-json\/wp\/v2\/pages"}],"about":[{"href":"https:\/\/redfoxlotto.com\/hr\/wp-json\/wp\/v2\/types\/page"}],"author":[{"embeddable":true,"href":"https:\/\/redfoxlotto.com\/hr\/wp-json\/wp\/v2\/users\/8"}],"replies":[{"embeddable":true,"href":"https:\/\/redfoxlotto.com\/hr\/wp-json\/wp\/v2\/comments?post=85587"}],"version-history":[{"count":0,"href":"https:\/\/redfoxlotto.com\/hr\/wp-json\/wp\/v2\/pages\/85587\/revisions"}],"up":[{"embeddable":true,"href":"https:\/\/redfoxlotto.com\/hr\/wp-json\/wp\/v2\/pages\/16722"}],"wp:attachment":[{"href":"https:\/\/redfoxlotto.com\/hr\/wp-json\/wp\/v2\/media?parent=85587"}],"curies":[{"name":"wp","href":"https:\/\/api.w.org\/{rel}","templated":true}]}}