{"id":85523,"date":"2025-02-25T17:25:31","date_gmt":"2025-02-25T17:25:31","guid":{"rendered":"https:\/\/redfoxlotto.com\/?page_id=85523"},"modified":"2025-04-21T07:08:34","modified_gmt":"2025-04-21T07:08:34","slug":"o-njujorskoj-lutriji","status":"publish","type":"page","link":"https:\/\/redfoxlotto.com\/hr\/lutrije\/o-njujorskoj-lutriji\/","title":{"rendered":"O njujor\u0161koj lutriji"},"content":{"rendered":"<h2>Kako kupiti sre\u0107ke za lutriju New Yorka<\/h2>\n<h3>Vodi\u010d za kupnju ulaznica za njujor\u0161ku lutriju na RedFoxLotto:<\/h3>\n<p>Dok igrate New York Lottery, jeste li ikada ma\u0161tali o osvajanju jackpota koji bi vam mogao potpuno promijeniti \u017eivot? Sudjelovanje u me\u0111unarodnim lutrijama, kao \u0161to je New York Lotto, nikada nije bilo jednostavnije nego \u0161to je to slu\u010daj s RedFoxLotto, \u010dak i ako se nalazite izvan Sjedinjenih Dr\u017eava.<br \/>\nTijekom ovog posta, vodit \u0107emo vas kroz proces kupnje sre\u0107ki New York Lottery od RedFoxLotto u nekoliko jednostavnih koraka.<\/p>\n<h2>RedFoxLotto: \u0160to je to?<\/h2>\n<p>Mo\u017eete sudjelovati u velikim me\u0111unarodnim lutrijama s RedFoxLotto, uglednom internetskom lutrijskom uslugom. Ove lutrije uklju\u010duju Powerball, Mega Millions, EuroMillions i, naravno, New York Lotto. Oni obavljaju funkciju usluge slanja karata, \u0161to zna\u010di da kupuju originalnu kartu u va\u0161e ime i zatim je skeniraju na va\u0161 nazna\u010deni online ra\u010dun.<\/p>\n<h3>RedFoxLotto: Vodi\u010d korak po korak za kupnju ulaznica za New York lutrijski program<\/h3>\n<p>1. Registrirajte se. Idite na RedFoxLotto.com kako biste zapo\u010deli s postupkom registracije. Klikom na gumb &#8220;Prijava&#8221; unesite svoje osnovne podatke kao \u0161to su ime, adresa e-po\u0161te i dr\u017eava u kojoj trenutno boravite.<\/p>\n<p>2. Potvrdite da je va\u0161 ra\u010dun legitiman.<\/p>\n<p>Prona\u0111ite vezu za potvrdu u svojoj pristigloj po\u0161ti kada dovr\u0161ite postupak prijave. Mo\u017eete potvrditi svoj ra\u010dun klikom na njega. Unato\u010d \u010dinjenici da je ovo jednostavan korak, klju\u010dan je i za sigurnost i za potencijalne budu\u0107e dobitke.<\/p>\n<p>3. Istra\u017eite lutrije<\/p>\n<p>Nakon \u0161to ste se uspje\u0161no pridru\u017eili, idite na po\u010detnu stranicu i potra\u017eite New York Lotto na popisu dostupnih lutrija. Vi\u0161e o sljede\u0107em izvla\u010denju, veli\u010dini jackpota i cijeni listi\u0107a mo\u017eete saznati klikom na njega.<\/p>\n<p>4. Odaberite svoj broj<\/p>\n<p>Va\u0161 \u0107e zadatak biti odabrati \u0161est brojeva u rasponu od jedan do \u0161ezdeset devet. Imate mogu\u0107nost ru\u010dnog odabira ili mo\u017eete upotrijebiti opciju Quick Pick kako bi RedFoxLotto generirao nasumi\u010dne brojeve od nule za vas.<\/p>\n<h2>Dodajte u ko\u0161aricu i prije\u0111ite na pla\u0107anje<\/h2>\n<p>\u010cim odaberete svoje brojeve, dodajte svoju kartu u ko\u0161aricu. Nakon toga u\u0111ite u blagajnu. RedFoxLotto podr\u017eava vi\u0161e opcija pla\u0107anja, uklju\u010duju\u0107i sljede\u0107e:<\/p>\n<ul>\n<li>Kreditne i debitne kartice<\/li>\n<li>Bankovna doznaka<\/li>\n<li>Elektroni\u010dki nov\u010danici kao \u0161to je Skrill<\/li>\n<li>U nekim podru\u010djima kriptovaluta se \u0161iroko koristi.<\/li>\n<\/ul>\n<h2>Potvrda i skener ulaznica<\/h2>\n<p>Odmah nakon \u0161to se va\u0161 novac obradi, RedFoxLotto \u0107e poslati jednog od svojih lokalnih agenata u Sjedinjenim Ameri\u010dkim Dr\u017eavama da kupi pravi New York Lotto listi\u0107 s brojevima koje ste odabrali. Kako bismo pru\u017eili dokaz o kupnji, skenirana kopija va\u0161e karte bit \u0107e objavljena na va\u0161em ra\u010dunu.<\/p>\n<h2>\u0160to se doga\u0111a ako ste uspje\u0161ni?<\/h2>\n<p>Ako brojevi koje ste unijeli osvoje nagradu:<\/p>\n<p>Va\u0161 RedFoxLotto ra\u010dun \u0107e odmah biti pripisan svim dobitnicima koji su manji do srednje veli\u010dine. Nakon \u0161to osvojite veliki jackpot, RedFoxLotto tim \u0107e vas provesti kroz korake potrebne za preuzimanje va\u0161e nagrade. Va\u0161e putovanje u Sjedinjene Dr\u017eave mo\u017ee biti potrebno, ovisno o iznosu i propisima dr\u017eave.<\/p>\n<h2>\u0160to je zakon?<\/h2>\n<p>Doista. RedFoxLotto nije dobavlja\u010d lutrije; nego upravlja distribucijom sre\u0107ki. Kupujete pravu fizi\u010dku ulaznicu preko ovla\u0161tenog agenta, koji osigurava da je sve legalno i transparentno, \u010dak i ako igrate iz druge zemlje.<\/p>\n<h2>Napomene za zaklju\u010dak<\/h2>\n<p>Vi\u0161e nije pusti san da mo\u017eete kupiti listi\u0107e za lutriju u New Yorku s bilo kojeg mjesta na svijetu. U\u010dinjeno je jednostavnim, sigurnim i dostupnim kori\u0161tenjem RedFoxLotto. Mogli biste se natjecati za milijune dolara uz samo nekoliko klikova, a ne biste morali ni iza\u0107i iz automobila da biste oti\u0161li u New York.<br \/>\nZa\u0161to bismo onda \u010dekali? Registrirajte se odmah, odaberite svoje sretne brojeve i pripremite se za taj jackpot!<\/p>\n<p>&nbsp;<\/p>\n","protected":false},"excerpt":{"rendered":"<p>Kako kupiti sre\u0107ke za lutriju New Yorka Vodi\u010d za kupnju ulaznica za njujor\u0161ku lutriju na RedFoxLotto: Dok igrate New York Lottery, jeste li ikada ma\u0161tali o osvajanju jackpota koji bi vam mogao potpuno promijeniti \u017eivot? Sudjelovanje u me\u0111unarodnim lutrijama, kao \u0161to je New York Lotto, nikada nije bilo jednostavnije nego \u0161to je to slu\u010daj s [&hellip;]<\/p>\n","protected":false},"author":8,"featured_media":0,"parent":16714,"menu_order":18,"comment_status":"closed","ping_status":"closed","template":"newyork-info.php","meta":{"_et_pb_use_builder":"","_et_pb_old_content":"","_et_gb_content_width":"","exclude_from_search":false,"footnotes":""},"class_list":["post-85523","page","type-page","status-publish","hentry"],"yoast_head":"<!-- This site is optimized with the Yoast SEO plugin v27.3 - https:\/\/yoast.com\/product\/yoast-seo-wordpress\/ -->\n<title>Kako kupiti sre\u0107ke New York lutrije online iz Ujedinjenog Kraljevstva<\/title>\n<meta name=\"description\" content=\"Ovdje kupite ulaznice za lutriju New York - \u010dak i iz Ujedinjenog Kraljevstva mo\u017eete sudjelovati u igri lutrije New York online i dobiti skenirani listi\u0107 u roku od nekoliko minuta.\" \/>\n<meta name=\"robots\" content=\"index, follow, max-snippet:-1, max-image-preview:large, max-video-preview:-1\" \/>\n<link rel=\"canonical\" href=\"https:\/\/redfoxlotto.com\/hr\/lutrije\/o-njujorskoj-lutriji\/\" \/>\n<meta property=\"og:locale\" content=\"hr_HR\" \/>\n<meta property=\"og:type\" content=\"article\" \/>\n<meta property=\"og:title\" content=\"Kako kupiti sre\u0107ke New York lutrije online iz Ujedinjenog Kraljevstva\" \/>\n<meta property=\"og:description\" content=\"Ovdje kupite ulaznice za lutriju New York - \u010dak i iz Ujedinjenog Kraljevstva mo\u017eete sudjelovati u igri lutrije New York online i dobiti skenirani listi\u0107 u roku od nekoliko minuta.\" \/>\n<meta property=\"og:url\" content=\"https:\/\/redfoxlotto.com\/hr\/lutrije\/o-njujorskoj-lutriji\/\" \/>\n<meta property=\"og:site_name\" content=\"Get Tickets for the World\u2019s largest jackpots\" \/>\n<meta property=\"article:modified_time\" content=\"2025-04-21T07:08:34+00:00\" \/>\n<meta name=\"twitter:card\" content=\"summary_large_image\" \/>\n<meta name=\"twitter:label1\" content=\"Procijenjeno vrijeme \u010ditanja\" \/>\n\t<meta name=\"twitter:data1\" content=\"3 minute\" \/>\n<script type=\"application\/ld+json\" class=\"yoast-schema-graph\">{\"@context\":\"https:\\\/\\\/schema.org\",\"@graph\":[{\"@type\":\"WebPage\",\"@id\":\"https:\\\/\\\/redfoxlotto.com\\\/hr\\\/lutrije\\\/o-njujorskoj-lutriji\\\/\",\"url\":\"https:\\\/\\\/redfoxlotto.com\\\/hr\\\/lutrije\\\/o-njujorskoj-lutriji\\\/\",\"name\":\"Kako kupiti sre\u0107ke New York lutrije online iz Ujedinjenog Kraljevstva\",\"isPartOf\":{\"@id\":\"https:\\\/\\\/redfoxlotto.com\\\/hr\\\/#website\"},\"datePublished\":\"2025-02-25T17:25:31+00:00\",\"dateModified\":\"2025-04-21T07:08:34+00:00\",\"description\":\"Ovdje kupite ulaznice za lutriju New York - \u010dak i iz Ujedinjenog Kraljevstva mo\u017eete sudjelovati u igri lutrije New York online i dobiti skenirani listi\u0107 u roku od nekoliko minuta.\",\"breadcrumb\":{\"@id\":\"https:\\\/\\\/redfoxlotto.com\\\/hr\\\/lutrije\\\/o-njujorskoj-lutriji\\\/#breadcrumb\"},\"inLanguage\":\"hr\",\"potentialAction\":[{\"@type\":\"ReadAction\",\"target\":[\"https:\\\/\\\/redfoxlotto.com\\\/hr\\\/lutrije\\\/o-njujorskoj-lutriji\\\/\"]}]},{\"@type\":\"BreadcrumbList\",\"@id\":\"https:\\\/\\\/redfoxlotto.com\\\/hr\\\/lutrije\\\/o-njujorskoj-lutriji\\\/#breadcrumb\",\"itemListElement\":[{\"@type\":\"ListItem\",\"position\":1,\"name\":\"Home\",\"item\":\"https:\\\/\\\/redfoxlotto.com\\\/hr\\\/\"},{\"@type\":\"ListItem\",\"position\":2,\"name\":\"Kako kupiti loto listi\u0107e on-line \u2013 proces kupovine\",\"item\":\"https:\\\/\\\/redfoxlotto.com\\\/hr\\\/lutrije\\\/\"},{\"@type\":\"ListItem\",\"position\":3,\"name\":\"O njujor\u0161koj lutriji\"}]},{\"@type\":\"WebSite\",\"@id\":\"https:\\\/\\\/redfoxlotto.com\\\/hr\\\/#website\",\"url\":\"https:\\\/\\\/redfoxlotto.com\\\/hr\\\/\",\"name\":\"Get Tickets for the World\u2019s largest jackpots\",\"description\":\"Participate in worldwide lottery jackpots from any country\",\"publisher\":{\"@id\":\"https:\\\/\\\/redfoxlotto.com\\\/hr\\\/#organization\"},\"potentialAction\":[{\"@type\":\"SearchAction\",\"target\":{\"@type\":\"EntryPoint\",\"urlTemplate\":\"https:\\\/\\\/redfoxlotto.com\\\/hr\\\/?s={search_term_string}\"},\"query-input\":{\"@type\":\"PropertyValueSpecification\",\"valueRequired\":true,\"valueName\":\"search_term_string\"}}],\"inLanguage\":\"hr\"},{\"@type\":\"Organization\",\"@id\":\"https:\\\/\\\/redfoxlotto.com\\\/hr\\\/#organization\",\"name\":\"Get Tickets for the World\u2019s largest jackpots\",\"url\":\"https:\\\/\\\/redfoxlotto.com\\\/hr\\\/\",\"logo\":{\"@type\":\"ImageObject\",\"inLanguage\":\"hr\",\"@id\":\"https:\\\/\\\/redfoxlotto.com\\\/hr\\\/#\\\/schema\\\/logo\\\/image\\\/\",\"url\":\"https:\\\/\\\/redfoxlotto.com\\\/wp-content\\\/uploads\\\/2023\\\/04\\\/logo.png\",\"contentUrl\":\"https:\\\/\\\/redfoxlotto.com\\\/wp-content\\\/uploads\\\/2023\\\/04\\\/logo.png\",\"width\":269,\"height\":53,\"caption\":\"Get Tickets for the World\u2019s largest jackpots\"},\"image\":{\"@id\":\"https:\\\/\\\/redfoxlotto.com\\\/hr\\\/#\\\/schema\\\/logo\\\/image\\\/\"}}]}<\/script>\n<!-- \/ Yoast SEO plugin. -->","yoast_head_json":{"title":"Kako kupiti sre\u0107ke New York lutrije online iz Ujedinjenog Kraljevstva","description":"Ovdje kupite ulaznice za lutriju New York - \u010dak i iz Ujedinjenog Kraljevstva mo\u017eete sudjelovati u igri lutrije New York online i dobiti skenirani listi\u0107 u roku od nekoliko minuta.","robots":{"index":"index","follow":"follow","max-snippet":"max-snippet:-1","max-image-preview":"max-image-preview:large","max-video-preview":"max-video-preview:-1"},"canonical":"https:\/\/redfoxlotto.com\/hr\/lutrije\/o-njujorskoj-lutriji\/","og_locale":"hr_HR","og_type":"article","og_title":"Kako kupiti sre\u0107ke New York lutrije online iz Ujedinjenog Kraljevstva","og_description":"Ovdje kupite ulaznice za lutriju New York - \u010dak i iz Ujedinjenog Kraljevstva mo\u017eete sudjelovati u igri lutrije New York online i dobiti skenirani listi\u0107 u roku od nekoliko minuta.","og_url":"https:\/\/redfoxlotto.com\/hr\/lutrije\/o-njujorskoj-lutriji\/","og_site_name":"Get Tickets for the World\u2019s largest jackpots","article_modified_time":"2025-04-21T07:08:34+00:00","twitter_card":"summary_large_image","twitter_misc":{"Procijenjeno vrijeme \u010ditanja":"3 minute"},"schema":{"@context":"https:\/\/schema.org","@graph":[{"@type":"WebPage","@id":"https:\/\/redfoxlotto.com\/hr\/lutrije\/o-njujorskoj-lutriji\/","url":"https:\/\/redfoxlotto.com\/hr\/lutrije\/o-njujorskoj-lutriji\/","name":"Kako kupiti sre\u0107ke New York lutrije online iz Ujedinjenog Kraljevstva","isPartOf":{"@id":"https:\/\/redfoxlotto.com\/hr\/#website"},"datePublished":"2025-02-25T17:25:31+00:00","dateModified":"2025-04-21T07:08:34+00:00","description":"Ovdje kupite ulaznice za lutriju New York - \u010dak i iz Ujedinjenog Kraljevstva mo\u017eete sudjelovati u igri lutrije New York online i dobiti skenirani listi\u0107 u roku od nekoliko minuta.","breadcrumb":{"@id":"https:\/\/redfoxlotto.com\/hr\/lutrije\/o-njujorskoj-lutriji\/#breadcrumb"},"inLanguage":"hr","potentialAction":[{"@type":"ReadAction","target":["https:\/\/redfoxlotto.com\/hr\/lutrije\/o-njujorskoj-lutriji\/"]}]},{"@type":"BreadcrumbList","@id":"https:\/\/redfoxlotto.com\/hr\/lutrije\/o-njujorskoj-lutriji\/#breadcrumb","itemListElement":[{"@type":"ListItem","position":1,"name":"Home","item":"https:\/\/redfoxlotto.com\/hr\/"},{"@type":"ListItem","position":2,"name":"Kako kupiti loto listi\u0107e on-line \u2013 proces kupovine","item":"https:\/\/redfoxlotto.com\/hr\/lutrije\/"},{"@type":"ListItem","position":3,"name":"O njujor\u0161koj lutriji"}]},{"@type":"WebSite","@id":"https:\/\/redfoxlotto.com\/hr\/#website","url":"https:\/\/redfoxlotto.com\/hr\/","name":"Get Tickets for the World\u2019s largest jackpots","description":"Participate in worldwide lottery jackpots from any country","publisher":{"@id":"https:\/\/redfoxlotto.com\/hr\/#organization"},"potentialAction":[{"@type":"SearchAction","target":{"@type":"EntryPoint","urlTemplate":"https:\/\/redfoxlotto.com\/hr\/?s={search_term_string}"},"query-input":{"@type":"PropertyValueSpecification","valueRequired":true,"valueName":"search_term_string"}}],"inLanguage":"hr"},{"@type":"Organization","@id":"https:\/\/redfoxlotto.com\/hr\/#organization","name":"Get Tickets for the World\u2019s largest jackpots","url":"https:\/\/redfoxlotto.com\/hr\/","logo":{"@type":"ImageObject","inLanguage":"hr","@id":"https:\/\/redfoxlotto.com\/hr\/#\/schema\/logo\/image\/","url":"https:\/\/redfoxlotto.com\/wp-content\/uploads\/2023\/04\/logo.png","contentUrl":"https:\/\/redfoxlotto.com\/wp-content\/uploads\/2023\/04\/logo.png","width":269,"height":53,"caption":"Get Tickets for the World\u2019s largest jackpots"},"image":{"@id":"https:\/\/redfoxlotto.com\/hr\/#\/schema\/logo\/image\/"}}]}},"_links":{"self":[{"href":"https:\/\/redfoxlotto.com\/hr\/wp-json\/wp\/v2\/pages\/85523","targetHints":{"allow":["GET"]}}],"collection":[{"href":"https:\/\/redfoxlotto.com\/hr\/wp-json\/wp\/v2\/pages"}],"about":[{"href":"https:\/\/redfoxlotto.com\/hr\/wp-json\/wp\/v2\/types\/page"}],"author":[{"embeddable":true,"href":"https:\/\/redfoxlotto.com\/hr\/wp-json\/wp\/v2\/users\/8"}],"replies":[{"embeddable":true,"href":"https:\/\/redfoxlotto.com\/hr\/wp-json\/wp\/v2\/comments?post=85523"}],"version-history":[{"count":0,"href":"https:\/\/redfoxlotto.com\/hr\/wp-json\/wp\/v2\/pages\/85523\/revisions"}],"up":[{"embeddable":true,"href":"https:\/\/redfoxlotto.com\/hr\/wp-json\/wp\/v2\/pages\/16714"}],"wp:attachment":[{"href":"https:\/\/redfoxlotto.com\/hr\/wp-json\/wp\/v2\/media?parent=85523"}],"curies":[{"name":"wp","href":"https:\/\/api.w.org\/{rel}","templated":true}]}}