{"id":85332,"date":"2025-03-30T12:21:27","date_gmt":"2025-03-30T12:21:27","guid":{"rendered":"https:\/\/redfoxlotto.com\/?page_id=85332"},"modified":"2025-12-10T15:06:34","modified_gmt":"2025-12-10T15:06:34","slug":"kako-sudjelovati-u-njujorskoj-lutriji-u-ujedinjenom-kraljevstvu","status":"publish","type":"page","link":"https:\/\/redfoxlotto.com\/hr\/igrajte\/kako-sudjelovati-u-njujorskoj-lutriji-u-ujedinjenom-kraljevstvu\/","title":{"rendered":"Kako igrati njujor\u0161ku lutriju u Velikoj Britaniji."},"content":{"rendered":"<p><script type=\"application\/ld+json\">\n{\n\"@context\": \"https:\/\/schema.org\",\n\"@type\": \"Service\",\n\"name\": \"Play New York Lottery\",\n\"url\": \"https:\/\/redfoxlotto.com\/hr\/igrajte\/kako-sudjelovati-u-njujorskoj-lutriji-u-ujedinjenom-kraljevstvu\/\",\n\"description\": \"Kupite slu\u017ebene lutrijske karte New Yorka online putem RedFoxLotta. Odaberite svoje brojeve i pridru\u017eite se sljede\u0107em izvla\u010denju.\",\n\"serviceType\": \"Online lottery ticket purchase\",<\/p>\n<p>\"provider\": {\n\"@type\": \"Organization\",\n\"name\": \"RedFoxLotto\",\n\"url\": \"https:\/\/redfoxlotto.com\",\n\"logo\": \"https:\/\/redfoxlotto.com\/wp-content\/uploads\/logo.png\"\n},<\/p>\n<p>\"areaServed\": \"Worldwide\",\n\"termsOfService\": \"https:\/\/redfoxlotto.com\/terms-and-conditions\",<\/p>\n<p>\"hasOfferCatalog\": {\n\"@type\": \"OfferCatalog\",\n\"name\": \"New York Lottery Offers\",\n\"itemListElement\": [\n{\n\"@type\": \"Offer\",\n\"name\": \"New York Lottery Ticket\",\n\"url\": \"https:\/\/redfoxlotto.com\/hr\/igrajte\/kako-sudjelovati-u-njujorskoj-lutriji-u-ujedinjenom-kraljevstvu\/\",\n\"description\": \"Jedan ulaz za sljede\u0107e izvla\u010denje lutrije New Yorka.\",\n\"price\": \"1.40\",\n\"priceCurrency\": \"EUR\",\n\"availability\": \"https:\/\/schema.org\/InStock\",<\/p>\n<p>\"itemOffered\": {\n\"@type\": \"Service\",\n\"name\": \"New York Lottery Entry\",\n\"description\": \"Prijava za sljede\u0107e izvla\u010denje lutrije New Yorka putem RedFoxLotta.\"\n}\n}\n]\n},<\/p>\n<p>\"mainEntityOfPage\": {\n\"@type\": \"WebPage\",\n\"@id\": \"https:\/\/redfoxlotto.com\/hr\/igrajte\/kako-sudjelovati-u-njujorskoj-lutriji-u-ujedinjenom-kraljevstvu\/\"\n}\n}\n<\/script><\/p>\n<h2>Kako sudjelovati u njujor\u0161koj lutriji s RedFoxLotto.com u Ujedinjenom Kraljevstvu<\/h2>\n<p><img loading=\"lazy\" decoding=\"async\" class=\" wp-image-48802 alignright\" src=\"https:\/\/redfoxlotto.com\/wp-content\/uploads\/2023\/04\/raffle-tickets-online-495x330-1-300x200.jpg\" alt=\"New York Lottery\" width=\"321\" height=\"214\" srcset=\"https:\/\/redfoxlotto.com\/wp-content\/uploads\/2023\/04\/raffle-tickets-online-495x330-1-300x200.jpg 300w, https:\/\/redfoxlotto.com\/wp-content\/uploads\/2023\/04\/raffle-tickets-online-495x330-1.jpg 495w\" sizes=\"auto, (max-width: 321px) 100vw, 321px\" \/><br \/>\nUzmimo, na primjer, scenarij u kojem se probudite u Ujedinjenom Kraljevstvu, skuhate jutarnji \u010daj, a zatim provjerite svoj telefon kako biste otkrili da ste upravo osvojili na njujor\u0161koj lutriji. Zvu\u010di li to nategnuto? Predomislite se! Uz RedFoxLotto.com mogu\u0107e je igrati jednu od najuzbudljivijih lutrija u Sjedinjenim Ameri\u010dkim Dr\u017eavama iz udobnosti vlastitog doma u Ujedinjenom Kraljevstvu.<\/p>\n<h2>Njujor\u0161ka lutrija: za\u0161to biste trebali igrati?<\/h2>\n<p>Njujor\u0161ka lutrija poznata je po svojim ogromnim jackpotovima, uzbudljivim igrama i dobicima koji mogu u potpunosti promijeniti ne\u010diji \u017eivot. \u010cinjenica da se svaki tjedan odr\u017eava mnogo izvla\u010denja zna\u010di da imate bezbroj prilika da ostvarite svoje snove. Postoji mogu\u0107nost da osvojite iznos novca koji vam mijenja \u017eivot ako igrate lutriju Mega Millions ili Powerball.<\/p>\n<h2>Upute o tome kako igrati na RedFoxLotto.com u formatu korak po korak<\/h2>\n<p>1. Idite na web stranicu RedFoxLotto.com. Trebali biste pokrenuti web preglednik po svom izboru i oti\u0107i na slu\u017ebenu web stranicu RedFoxLotto.<br \/>\n2. Napravite ra\u010dun \u2014 da biste se prijavili, morat \u0107ete unijeti ra\u010dun. Osim \u0161to je brz i siguran, neophodan je za igru.<br \/>\n3. Odaberite njujor\u0161ku lutriju \u2014 nakon \u0161to ste pregledali razne ponu\u0111ene lutrije, odaberite njujor\u0161ku lutriju ili bilo koju drugu ameri\u010dku nagradu koja vas zanima tijekom pretra\u017eivanja.<br \/>\n4. Odaberite svoje brojeve. Imate izbor odabrati svoje sretne brojeve ru\u010dno ili koristiti opciju brzog odabira, \u0161to \u0107e omogu\u0107iti sustavu da ih automatski prona\u0111e za vas.<br \/>\n5. Kupite svoju kartu \u2013 Nastavite do stranice za naplatu i platite svoju kartu na siguran i siguran na\u010din koriste\u0107i jednu od mnogih dostupnih opcija pla\u0107anja.<br \/>\n6. Dok \u010dekate izvla\u010denje, sjednite i opustite se. U slu\u010daju da budete dobitnik bit \u0107ete obavije\u0161teni!<\/p>\n<h2>Prednosti sudjelovanja u igrama na RedFoxLotto.com<\/h2>\n<p>Ovo eliminira zahtjev da se putuje u Sjedinjene Dr\u017eave kako bi se kupila karta.<br \/>\n\u2022 Sigurne i sigurne transakcije &#8211; igrajte potpuno bezbri\u017eno, znaju\u0107i da su va\u0161 novac i podaci o kupnji za\u0161ti\u0107eni.<br \/>\n\u2022 Obavijesti koje se \u0161alju automatski &#8211; nikad ne propustite pobjedu! Ako ste sretni dobitnik jackpota, bit \u0107ete odmah obavije\u0161teni.<br \/>\nUz New York lutriju mo\u017eete pristupiti i globalnim lutrijama koje \u0107e vam pru\u017eiti jo\u0161 vi\u0161e prilika za osvajanje zna\u010dajne koli\u010dine novca.<\/p>\n<h2>Napomene za zaklju\u010dak<\/h2>\n<p>Kori\u0161tenjem RedFoxLotto.com imat \u0107ete pristup cijelom svijetu lutrijske zabave. Nije va\u017eno gdje se nalazite u Ujedinjenom Kraljevstvu; imate priliku slijediti ameri\u010dki san i mo\u017eda postati sljede\u0107i milijuna\u0161 njujor\u0161ke lutrije. Stoga, za\u0161to bismo \u010dekali? Posjetite web stranicu RedFoxLotto.com odmah kako biste dobili svoju kartu; nikad ne zna\u0161 kada \u0107e te sre\u0107a do\u010dekati.<\/p>\n","protected":false},"excerpt":{"rendered":"<p>Kako sudjelovati u njujor\u0161koj lutriji s RedFoxLotto.com u Ujedinjenom Kraljevstvu Uzmimo, na primjer, scenarij u kojem se probudite u Ujedinjenom Kraljevstvu, skuhate jutarnji \u010daj, a zatim provjerite svoj telefon kako biste otkrili da ste upravo osvojili na njujor\u0161koj lutriji. Zvu\u010di li to nategnuto? Predomislite se! Uz RedFoxLotto.com mogu\u0107e je igrati jednu od najuzbudljivijih lutrija u [&hellip;]<\/p>\n","protected":false},"author":8,"featured_media":0,"parent":16732,"menu_order":18,"comment_status":"closed","ping_status":"closed","template":"newyork.php","meta":{"_et_pb_use_builder":"","_et_pb_old_content":"","_et_gb_content_width":"","exclude_from_search":false,"footnotes":""},"class_list":["post-85332","page","type-page","status-publish","hentry"],"yoast_head":"<!-- This site is optimized with the Yoast SEO plugin v23.8 - https:\/\/yoast.com\/wordpress\/plugins\/seo\/ -->\n<title>Kako sudjelovati u njujor\u0161koj lutriji u Ujedinjenom Kraljevstvu<\/title>\n<meta name=\"description\" content=\"Otkrijte kako igrati njujor\u0161ku lutriju iz Ujedinjenog Kraljevstva na RedFoxLotto.com i dobijte savjete za pove\u0107anje va\u0161ih \u0161ansi za dobitak.\" \/>\n<meta name=\"robots\" content=\"index, follow, max-snippet:-1, max-image-preview:large, max-video-preview:-1\" \/>\n<link rel=\"canonical\" href=\"https:\/\/redfoxlotto.com\/hr\/igrajte\/kako-sudjelovati-u-njujorskoj-lutriji-u-ujedinjenom-kraljevstvu\/\" \/>\n<meta property=\"og:locale\" content=\"hr_HR\" \/>\n<meta property=\"og:type\" content=\"article\" \/>\n<meta property=\"og:title\" content=\"Kako sudjelovati u njujor\u0161koj lutriji u Ujedinjenom Kraljevstvu\" \/>\n<meta property=\"og:description\" content=\"Otkrijte kako igrati njujor\u0161ku lutriju iz Ujedinjenog Kraljevstva na RedFoxLotto.com i dobijte savjete za pove\u0107anje va\u0161ih \u0161ansi za dobitak.\" \/>\n<meta property=\"og:url\" content=\"https:\/\/redfoxlotto.com\/hr\/igrajte\/kako-sudjelovati-u-njujorskoj-lutriji-u-ujedinjenom-kraljevstvu\/\" \/>\n<meta property=\"og:site_name\" content=\"Get Tickets for the World\u2019s largest jackpots\" \/>\n<meta property=\"article:modified_time\" content=\"2025-12-10T15:06:34+00:00\" \/>\n<meta property=\"og:image\" content=\"https:\/\/redfoxlotto.com\/wp-content\/uploads\/2023\/04\/raffle-tickets-online-495x330-1-300x200.jpg\" \/>\n<meta name=\"twitter:card\" content=\"summary_large_image\" \/>\n<meta name=\"twitter:label1\" content=\"Procijenjeno vrijeme \u010ditanja\" \/>\n\t<meta name=\"twitter:data1\" content=\"2 minute\" \/>\n<script type=\"application\/ld+json\" class=\"yoast-schema-graph\">{\"@context\":\"https:\/\/schema.org\",\"@graph\":[{\"@type\":\"WebPage\",\"@id\":\"https:\/\/redfoxlotto.com\/hr\/igrajte\/kako-sudjelovati-u-njujorskoj-lutriji-u-ujedinjenom-kraljevstvu\/\",\"url\":\"https:\/\/redfoxlotto.com\/hr\/igrajte\/kako-sudjelovati-u-njujorskoj-lutriji-u-ujedinjenom-kraljevstvu\/\",\"name\":\"Kako sudjelovati u njujor\u0161koj lutriji u Ujedinjenom Kraljevstvu\",\"isPartOf\":{\"@id\":\"https:\/\/redfoxlotto.com\/hr\/#website\"},\"primaryImageOfPage\":{\"@id\":\"https:\/\/redfoxlotto.com\/hr\/igrajte\/kako-sudjelovati-u-njujorskoj-lutriji-u-ujedinjenom-kraljevstvu\/#primaryimage\"},\"image\":{\"@id\":\"https:\/\/redfoxlotto.com\/hr\/igrajte\/kako-sudjelovati-u-njujorskoj-lutriji-u-ujedinjenom-kraljevstvu\/#primaryimage\"},\"thumbnailUrl\":\"https:\/\/redfoxlotto.com\/wp-content\/uploads\/2023\/04\/raffle-tickets-online-495x330-1-300x200.jpg\",\"datePublished\":\"2025-03-30T12:21:27+00:00\",\"dateModified\":\"2025-12-10T15:06:34+00:00\",\"description\":\"Otkrijte kako igrati njujor\u0161ku lutriju iz Ujedinjenog Kraljevstva na RedFoxLotto.com i dobijte savjete za pove\u0107anje va\u0161ih \u0161ansi za dobitak.\",\"breadcrumb\":{\"@id\":\"https:\/\/redfoxlotto.com\/hr\/igrajte\/kako-sudjelovati-u-njujorskoj-lutriji-u-ujedinjenom-kraljevstvu\/#breadcrumb\"},\"inLanguage\":\"hr\",\"potentialAction\":[{\"@type\":\"ReadAction\",\"target\":[\"https:\/\/redfoxlotto.com\/hr\/igrajte\/kako-sudjelovati-u-njujorskoj-lutriji-u-ujedinjenom-kraljevstvu\/\"]}]},{\"@type\":\"ImageObject\",\"inLanguage\":\"hr\",\"@id\":\"https:\/\/redfoxlotto.com\/hr\/igrajte\/kako-sudjelovati-u-njujorskoj-lutriji-u-ujedinjenom-kraljevstvu\/#primaryimage\",\"url\":\"https:\/\/redfoxlotto.com\/wp-content\/uploads\/2023\/04\/raffle-tickets-online-495x330-1-300x200.jpg\",\"contentUrl\":\"https:\/\/redfoxlotto.com\/wp-content\/uploads\/2023\/04\/raffle-tickets-online-495x330-1-300x200.jpg\"},{\"@type\":\"BreadcrumbList\",\"@id\":\"https:\/\/redfoxlotto.com\/hr\/igrajte\/kako-sudjelovati-u-njujorskoj-lutriji-u-ujedinjenom-kraljevstvu\/#breadcrumb\",\"itemListElement\":[{\"@type\":\"ListItem\",\"position\":1,\"name\":\"Home\",\"item\":\"https:\/\/redfoxlotto.com\/hr\/\"},{\"@type\":\"ListItem\",\"position\":2,\"name\":\"Kako sudjelovati u lutrijama drugih dr\u017eava\",\"item\":\"https:\/\/redfoxlotto.com\/hr\/igrajte\/\"},{\"@type\":\"ListItem\",\"position\":3,\"name\":\"Kako igrati njujor\u0161ku lutriju u Velikoj Britaniji.\"}]},{\"@type\":\"WebSite\",\"@id\":\"https:\/\/redfoxlotto.com\/hr\/#website\",\"url\":\"https:\/\/redfoxlotto.com\/hr\/\",\"name\":\"Get Tickets for the World\u2019s largest jackpots\",\"description\":\"Participate in worldwide lottery jackpots from any country\",\"publisher\":{\"@id\":\"https:\/\/redfoxlotto.com\/hr\/#organization\"},\"potentialAction\":[{\"@type\":\"SearchAction\",\"target\":{\"@type\":\"EntryPoint\",\"urlTemplate\":\"https:\/\/redfoxlotto.com\/hr\/?s={search_term_string}\"},\"query-input\":{\"@type\":\"PropertyValueSpecification\",\"valueRequired\":true,\"valueName\":\"search_term_string\"}}],\"inLanguage\":\"hr\"},{\"@type\":\"Organization\",\"@id\":\"https:\/\/redfoxlotto.com\/hr\/#organization\",\"name\":\"Get Tickets for the World\u2019s largest jackpots\",\"url\":\"https:\/\/redfoxlotto.com\/hr\/\",\"logo\":{\"@type\":\"ImageObject\",\"inLanguage\":\"hr\",\"@id\":\"https:\/\/redfoxlotto.com\/hr\/#\/schema\/logo\/image\/\",\"url\":\"https:\/\/redfoxlotto.com\/wp-content\/uploads\/2023\/04\/logo.png\",\"contentUrl\":\"https:\/\/redfoxlotto.com\/wp-content\/uploads\/2023\/04\/logo.png\",\"width\":269,\"height\":53,\"caption\":\"Get Tickets for the World\u2019s largest jackpots\"},\"image\":{\"@id\":\"https:\/\/redfoxlotto.com\/hr\/#\/schema\/logo\/image\/\"}}]}<\/script>\n<!-- \/ Yoast SEO plugin. -->","yoast_head_json":{"title":"Kako sudjelovati u njujor\u0161koj lutriji u Ujedinjenom Kraljevstvu","description":"Otkrijte kako igrati njujor\u0161ku lutriju iz Ujedinjenog Kraljevstva na RedFoxLotto.com i dobijte savjete za pove\u0107anje va\u0161ih \u0161ansi za dobitak.","robots":{"index":"index","follow":"follow","max-snippet":"max-snippet:-1","max-image-preview":"max-image-preview:large","max-video-preview":"max-video-preview:-1"},"canonical":"https:\/\/redfoxlotto.com\/hr\/igrajte\/kako-sudjelovati-u-njujorskoj-lutriji-u-ujedinjenom-kraljevstvu\/","og_locale":"hr_HR","og_type":"article","og_title":"Kako sudjelovati u njujor\u0161koj lutriji u Ujedinjenom Kraljevstvu","og_description":"Otkrijte kako igrati njujor\u0161ku lutriju iz Ujedinjenog Kraljevstva na RedFoxLotto.com i dobijte savjete za pove\u0107anje va\u0161ih \u0161ansi za dobitak.","og_url":"https:\/\/redfoxlotto.com\/hr\/igrajte\/kako-sudjelovati-u-njujorskoj-lutriji-u-ujedinjenom-kraljevstvu\/","og_site_name":"Get Tickets for the World\u2019s largest jackpots","article_modified_time":"2025-12-10T15:06:34+00:00","og_image":[{"url":"https:\/\/redfoxlotto.com\/wp-content\/uploads\/2023\/04\/raffle-tickets-online-495x330-1-300x200.jpg"}],"twitter_card":"summary_large_image","twitter_misc":{"Procijenjeno vrijeme \u010ditanja":"2 minute"},"schema":{"@context":"https:\/\/schema.org","@graph":[{"@type":"WebPage","@id":"https:\/\/redfoxlotto.com\/hr\/igrajte\/kako-sudjelovati-u-njujorskoj-lutriji-u-ujedinjenom-kraljevstvu\/","url":"https:\/\/redfoxlotto.com\/hr\/igrajte\/kako-sudjelovati-u-njujorskoj-lutriji-u-ujedinjenom-kraljevstvu\/","name":"Kako sudjelovati u njujor\u0161koj lutriji u Ujedinjenom Kraljevstvu","isPartOf":{"@id":"https:\/\/redfoxlotto.com\/hr\/#website"},"primaryImageOfPage":{"@id":"https:\/\/redfoxlotto.com\/hr\/igrajte\/kako-sudjelovati-u-njujorskoj-lutriji-u-ujedinjenom-kraljevstvu\/#primaryimage"},"image":{"@id":"https:\/\/redfoxlotto.com\/hr\/igrajte\/kako-sudjelovati-u-njujorskoj-lutriji-u-ujedinjenom-kraljevstvu\/#primaryimage"},"thumbnailUrl":"https:\/\/redfoxlotto.com\/wp-content\/uploads\/2023\/04\/raffle-tickets-online-495x330-1-300x200.jpg","datePublished":"2025-03-30T12:21:27+00:00","dateModified":"2025-12-10T15:06:34+00:00","description":"Otkrijte kako igrati njujor\u0161ku lutriju iz Ujedinjenog Kraljevstva na RedFoxLotto.com i dobijte savjete za pove\u0107anje va\u0161ih \u0161ansi za dobitak.","breadcrumb":{"@id":"https:\/\/redfoxlotto.com\/hr\/igrajte\/kako-sudjelovati-u-njujorskoj-lutriji-u-ujedinjenom-kraljevstvu\/#breadcrumb"},"inLanguage":"hr","potentialAction":[{"@type":"ReadAction","target":["https:\/\/redfoxlotto.com\/hr\/igrajte\/kako-sudjelovati-u-njujorskoj-lutriji-u-ujedinjenom-kraljevstvu\/"]}]},{"@type":"ImageObject","inLanguage":"hr","@id":"https:\/\/redfoxlotto.com\/hr\/igrajte\/kako-sudjelovati-u-njujorskoj-lutriji-u-ujedinjenom-kraljevstvu\/#primaryimage","url":"https:\/\/redfoxlotto.com\/wp-content\/uploads\/2023\/04\/raffle-tickets-online-495x330-1-300x200.jpg","contentUrl":"https:\/\/redfoxlotto.com\/wp-content\/uploads\/2023\/04\/raffle-tickets-online-495x330-1-300x200.jpg"},{"@type":"BreadcrumbList","@id":"https:\/\/redfoxlotto.com\/hr\/igrajte\/kako-sudjelovati-u-njujorskoj-lutriji-u-ujedinjenom-kraljevstvu\/#breadcrumb","itemListElement":[{"@type":"ListItem","position":1,"name":"Home","item":"https:\/\/redfoxlotto.com\/hr\/"},{"@type":"ListItem","position":2,"name":"Kako sudjelovati u lutrijama drugih dr\u017eava","item":"https:\/\/redfoxlotto.com\/hr\/igrajte\/"},{"@type":"ListItem","position":3,"name":"Kako igrati njujor\u0161ku lutriju u Velikoj Britaniji."}]},{"@type":"WebSite","@id":"https:\/\/redfoxlotto.com\/hr\/#website","url":"https:\/\/redfoxlotto.com\/hr\/","name":"Get Tickets for the World\u2019s largest jackpots","description":"Participate in worldwide lottery jackpots from any country","publisher":{"@id":"https:\/\/redfoxlotto.com\/hr\/#organization"},"potentialAction":[{"@type":"SearchAction","target":{"@type":"EntryPoint","urlTemplate":"https:\/\/redfoxlotto.com\/hr\/?s={search_term_string}"},"query-input":{"@type":"PropertyValueSpecification","valueRequired":true,"valueName":"search_term_string"}}],"inLanguage":"hr"},{"@type":"Organization","@id":"https:\/\/redfoxlotto.com\/hr\/#organization","name":"Get Tickets for the World\u2019s largest jackpots","url":"https:\/\/redfoxlotto.com\/hr\/","logo":{"@type":"ImageObject","inLanguage":"hr","@id":"https:\/\/redfoxlotto.com\/hr\/#\/schema\/logo\/image\/","url":"https:\/\/redfoxlotto.com\/wp-content\/uploads\/2023\/04\/logo.png","contentUrl":"https:\/\/redfoxlotto.com\/wp-content\/uploads\/2023\/04\/logo.png","width":269,"height":53,"caption":"Get Tickets for the World\u2019s largest jackpots"},"image":{"@id":"https:\/\/redfoxlotto.com\/hr\/#\/schema\/logo\/image\/"}}]}},"_links":{"self":[{"href":"https:\/\/redfoxlotto.com\/hr\/wp-json\/wp\/v2\/pages\/85332","targetHints":{"allow":["GET"]}}],"collection":[{"href":"https:\/\/redfoxlotto.com\/hr\/wp-json\/wp\/v2\/pages"}],"about":[{"href":"https:\/\/redfoxlotto.com\/hr\/wp-json\/wp\/v2\/types\/page"}],"author":[{"embeddable":true,"href":"https:\/\/redfoxlotto.com\/hr\/wp-json\/wp\/v2\/users\/8"}],"replies":[{"embeddable":true,"href":"https:\/\/redfoxlotto.com\/hr\/wp-json\/wp\/v2\/comments?post=85332"}],"version-history":[{"count":0,"href":"https:\/\/redfoxlotto.com\/hr\/wp-json\/wp\/v2\/pages\/85332\/revisions"}],"up":[{"embeddable":true,"href":"https:\/\/redfoxlotto.com\/hr\/wp-json\/wp\/v2\/pages\/16732"}],"wp:attachment":[{"href":"https:\/\/redfoxlotto.com\/hr\/wp-json\/wp\/v2\/media?parent=85332"}],"curies":[{"name":"wp","href":"https:\/\/api.w.org\/{rel}","templated":true}]}}