{"id":84545,"date":"2025-03-17T09:46:32","date_gmt":"2025-03-17T09:46:32","guid":{"rendered":"https:\/\/redfoxlotto.com\/?page_id=84545"},"modified":"2025-06-17T08:43:35","modified_gmt":"2025-06-17T08:43:35","slug":"scratchcards","status":"publish","type":"page","link":"https:\/\/redfoxlotto.com\/hr\/scratchcards\/","title":{"rendered":"Scratch kartice"},"content":{"rendered":"<h2>Ako ste obo\u017eavatelj lutrije, sigurni smo da \u0107ete tako\u0111er voljeti igrati na\u0161e online sre\u0107ke!<\/h2>\n<p>Skriveni brojevi uvijek su bili popularan dodatak kupnji lutrijskih listi\u0107a. Gotovo sve prodavaonice lutrije na planetu ih prodaju, i postoji dobar razlog za to. Igranje lutrije gotovo uvijek dolazi s malo \u010dekanja na rezultate, dok vam sre\u0107ke pru\u017eaju trenutni rezultat.<\/p>\n<p>A s na\u0161im online sre\u0107kama, ne morate \u010dak ni tra\u017eiti trgovinu lutrijom da biste ih kupili &#8211; jednostavno mo\u017eete igrati na\u0161e sre\u0107ke online i u\u017eivati u puno zabave i uzbu\u0111enja dok ih \u010deprkate.<\/p>\n<h2>Online sre\u0107ke uskoro dolaze na RedFoxLotto.<\/h2>\n<p><img loading=\"lazy\" decoding=\"async\" class=\" wp-image-83601 alignright\" src=\"https:\/\/redfoxlotto.com\/wp-content\/uploads\/2025\/03\/scratch_card_player-300x300.jpg\" alt=\"play scratch cards\" width=\"183\" height=\"183\" srcset=\"https:\/\/redfoxlotto.com\/wp-content\/uploads\/2025\/03\/scratch_card_player-300x300.jpg 300w, https:\/\/redfoxlotto.com\/wp-content\/uploads\/2025\/03\/scratch_card_player-150x150.jpg 150w, https:\/\/redfoxlotto.com\/wp-content\/uploads\/2025\/03\/scratch_card_player-100x100.jpg 100w, https:\/\/redfoxlotto.com\/wp-content\/uploads\/2025\/03\/scratch_card_player.jpg 307w\" sizes=\"auto, (max-width: 183px) 100vw, 183px\" \/><br \/>\nIgre na sre\u0107u s grebanjem bit \u0107e lansirane po\u010detkom travnja 2025. godine.<\/p>\n<h2>Ne propustite lansiranje!<\/h2>\n<p>Provjerite da primate na\u0161e promotivne e-poruke &#8211; provjerite svoju mapu ne\u017eeljene po\u0161te i ozna\u010dite RedFoxLotto kao pouzdani po\u0161iljatelj e-poruka.<\/p>\n<p>Pla\u0107anje je tako\u0111er vrlo prakti\u010dno &#8211; posebno ako ve\u0107 imate saldo na na\u0161oj web stranici. To zna\u010di da ako planirate kupiti vi\u0161e sre\u0107ki, trebate uplatiti novac u svoj nov\u010danik prije nego \u0161to po\u010dnete igrati sre\u0107ke.<\/p>\n<p>Samo odaberite karticu koja vam se najvi\u0161e svi\u0111a i kliknite za kupnju. Imamo vi\u0161e zanimljivih rasporeda, a tu su i sre\u0107ke s razli\u010ditim cijenama i rasponima nagrada.<\/p>\n<h2>Igranje na\u0161ih sre\u0107ki je prili\u010dno jednostavno.<\/h2>\n<p>Tada mo\u017eete ili ru\u010dno ogrebati gornji sloj s kartice koriste\u0107i mi\u0161, ili kliknuti na gumb &#8220;brzo ogrebanje&#8221; kako biste otkrili sve informacije skrivene na kartici.<\/p>\n<p>Va\u0161i dobitci ovise o iznosima koji se prikazuju nakon \u0161to ste ogrebali gornji sloj svoje kartice. Ako imate tri iste iznosa na svom sre\u0107ku, tada je taj iznos ono \u0161to osvojite.<\/p>\n<h2>\u0160to se doga\u0111a nakon dobitka na sre\u0107ki?<\/h2>\n<p>Sve dobitke \u0107emo odmah dodati na va\u0161 ra\u010dun. Ako karta pobijedi, imat \u0107ete dvije opcije:<\/p>\n<ol>\n<li>Mo\u017eete ostati na stranici s sre\u0107kama i nastaviti koristiti svoje dobitke za kupnju vi\u0161e online sre\u0107aka.<\/li>\n<li>Zatvorite stranicu s sre\u0107kama, a va\u0161i dobitci bit \u0107e preba\u010deni na va\u0161 RedFoxLotto igra\u010dki saldo.<\/li>\n<\/ol>\n<p>Nakon \u0161to dodate dobitke s sre\u0107ki na svoj igra\u010dki saldo, mo\u017eete ih koristiti na bilo koji na\u010din &#8211; kupiti redovne lutrijske listi\u0107e, igrati Keno, kasnije kupiti vi\u0161e online sre\u0107ki ili povu\u0107i svoje dobitke.<br \/>\nDodavanje online sre\u0107ki ne\u0161to je \u0161to su mnogi na\u0161i kupci tra\u017eili, i sigurni smo da \u0107ete i vi u\u017eivati u ovom iskustvu!<\/p>\n","protected":false},"excerpt":{"rendered":"<p>Ako ste obo\u017eavatelj lutrije, sigurni smo da \u0107ete tako\u0111er voljeti igrati na\u0161e online sre\u0107ke! Skriveni brojevi uvijek su bili popularan dodatak kupnji lutrijskih listi\u0107a. Gotovo sve prodavaonice lutrije na planetu ih prodaju, i postoji dobar razlog za to. Igranje lutrije gotovo uvijek dolazi s malo \u010dekanja na rezultate, dok vam sre\u0107ke pru\u017eaju trenutni rezultat. A [&hellip;]<\/p>\n","protected":false},"author":8,"featured_media":0,"parent":0,"menu_order":7,"comment_status":"closed","ping_status":"closed","template":"","meta":{"_et_pb_use_builder":"","_et_pb_old_content":"","_et_gb_content_width":"","exclude_from_search":false,"footnotes":""},"class_list":["post-84545","page","type-page","status-publish","hentry"],"yoast_head":"<!-- This site is optimized with the Yoast SEO plugin v23.8 - https:\/\/yoast.com\/wordpress\/plugins\/seo\/ -->\n<title>Igrajte online sre\u0107ke | Najbolje sre\u0107ke za instant dobitke<\/title>\n<meta name=\"description\" content=\"Igrajte najbolje online sre\u0107ke ovdje - atraktivne igre na sre\u0107ke i sjajne nagrade koje mo\u017eete osvojiti odmah.\" \/>\n<meta name=\"robots\" content=\"index, follow, max-snippet:-1, max-image-preview:large, max-video-preview:-1\" \/>\n<link rel=\"canonical\" href=\"https:\/\/redfoxlotto.com\/hr\/scratchcards\/\" \/>\n<meta property=\"og:locale\" content=\"hr_HR\" \/>\n<meta property=\"og:type\" content=\"article\" \/>\n<meta property=\"og:title\" content=\"Igrajte online sre\u0107ke | Najbolje sre\u0107ke za instant dobitke\" \/>\n<meta property=\"og:description\" content=\"Igrajte najbolje online sre\u0107ke ovdje - atraktivne igre na sre\u0107ke i sjajne nagrade koje mo\u017eete osvojiti odmah.\" \/>\n<meta property=\"og:url\" content=\"https:\/\/redfoxlotto.com\/hr\/scratchcards\/\" \/>\n<meta property=\"og:site_name\" content=\"Get Tickets for the World\u2019s largest jackpots\" \/>\n<meta property=\"article:modified_time\" content=\"2025-06-17T08:43:35+00:00\" \/>\n<meta property=\"og:image\" content=\"https:\/\/redfoxlotto.com\/wp-content\/uploads\/2025\/03\/scratch_card_player-300x300.jpg\" \/>\n<meta name=\"twitter:card\" content=\"summary_large_image\" \/>\n<meta name=\"twitter:label1\" content=\"Procijenjeno vrijeme \u010ditanja\" \/>\n\t<meta name=\"twitter:data1\" content=\"2 minute\" \/>\n<script type=\"application\/ld+json\" class=\"yoast-schema-graph\">{\"@context\":\"https:\/\/schema.org\",\"@graph\":[{\"@type\":\"WebPage\",\"@id\":\"https:\/\/redfoxlotto.com\/hr\/scratchcards\/\",\"url\":\"https:\/\/redfoxlotto.com\/hr\/scratchcards\/\",\"name\":\"Igrajte online sre\u0107ke | Najbolje sre\u0107ke za instant dobitke\",\"isPartOf\":{\"@id\":\"https:\/\/redfoxlotto.com\/hr\/#website\"},\"primaryImageOfPage\":{\"@id\":\"https:\/\/redfoxlotto.com\/hr\/scratchcards\/#primaryimage\"},\"image\":{\"@id\":\"https:\/\/redfoxlotto.com\/hr\/scratchcards\/#primaryimage\"},\"thumbnailUrl\":\"https:\/\/redfoxlotto.com\/wp-content\/uploads\/2025\/03\/scratch_card_player-300x300.jpg\",\"datePublished\":\"2025-03-17T09:46:32+00:00\",\"dateModified\":\"2025-06-17T08:43:35+00:00\",\"description\":\"Igrajte najbolje online sre\u0107ke ovdje - atraktivne igre na sre\u0107ke i sjajne nagrade koje mo\u017eete osvojiti odmah.\",\"breadcrumb\":{\"@id\":\"https:\/\/redfoxlotto.com\/hr\/scratchcards\/#breadcrumb\"},\"inLanguage\":\"hr\",\"potentialAction\":[{\"@type\":\"ReadAction\",\"target\":[\"https:\/\/redfoxlotto.com\/hr\/scratchcards\/\"]}]},{\"@type\":\"ImageObject\",\"inLanguage\":\"hr\",\"@id\":\"https:\/\/redfoxlotto.com\/hr\/scratchcards\/#primaryimage\",\"url\":\"https:\/\/redfoxlotto.com\/wp-content\/uploads\/2025\/03\/scratch_card_player-300x300.jpg\",\"contentUrl\":\"https:\/\/redfoxlotto.com\/wp-content\/uploads\/2025\/03\/scratch_card_player-300x300.jpg\"},{\"@type\":\"BreadcrumbList\",\"@id\":\"https:\/\/redfoxlotto.com\/hr\/scratchcards\/#breadcrumb\",\"itemListElement\":[{\"@type\":\"ListItem\",\"position\":1,\"name\":\"Home\",\"item\":\"https:\/\/redfoxlotto.com\/hr\/\"},{\"@type\":\"ListItem\",\"position\":2,\"name\":\"Scratch kartice\"}]},{\"@type\":\"WebSite\",\"@id\":\"https:\/\/redfoxlotto.com\/hr\/#website\",\"url\":\"https:\/\/redfoxlotto.com\/hr\/\",\"name\":\"Get Tickets for the World\u2019s largest jackpots\",\"description\":\"Participate in worldwide lottery jackpots from any country\",\"publisher\":{\"@id\":\"https:\/\/redfoxlotto.com\/hr\/#organization\"},\"potentialAction\":[{\"@type\":\"SearchAction\",\"target\":{\"@type\":\"EntryPoint\",\"urlTemplate\":\"https:\/\/redfoxlotto.com\/hr\/?s={search_term_string}\"},\"query-input\":{\"@type\":\"PropertyValueSpecification\",\"valueRequired\":true,\"valueName\":\"search_term_string\"}}],\"inLanguage\":\"hr\"},{\"@type\":\"Organization\",\"@id\":\"https:\/\/redfoxlotto.com\/hr\/#organization\",\"name\":\"Get Tickets for the World\u2019s largest jackpots\",\"url\":\"https:\/\/redfoxlotto.com\/hr\/\",\"logo\":{\"@type\":\"ImageObject\",\"inLanguage\":\"hr\",\"@id\":\"https:\/\/redfoxlotto.com\/hr\/#\/schema\/logo\/image\/\",\"url\":\"https:\/\/redfoxlotto.com\/wp-content\/uploads\/2023\/04\/logo.png\",\"contentUrl\":\"https:\/\/redfoxlotto.com\/wp-content\/uploads\/2023\/04\/logo.png\",\"width\":269,\"height\":53,\"caption\":\"Get Tickets for the World\u2019s largest jackpots\"},\"image\":{\"@id\":\"https:\/\/redfoxlotto.com\/hr\/#\/schema\/logo\/image\/\"}}]}<\/script>\n<!-- \/ Yoast SEO plugin. -->","yoast_head_json":{"title":"Igrajte online sre\u0107ke | Najbolje sre\u0107ke za instant dobitke","description":"Igrajte najbolje online sre\u0107ke ovdje - atraktivne igre na sre\u0107ke i sjajne nagrade koje mo\u017eete osvojiti odmah.","robots":{"index":"index","follow":"follow","max-snippet":"max-snippet:-1","max-image-preview":"max-image-preview:large","max-video-preview":"max-video-preview:-1"},"canonical":"https:\/\/redfoxlotto.com\/hr\/scratchcards\/","og_locale":"hr_HR","og_type":"article","og_title":"Igrajte online sre\u0107ke | Najbolje sre\u0107ke za instant dobitke","og_description":"Igrajte najbolje online sre\u0107ke ovdje - atraktivne igre na sre\u0107ke i sjajne nagrade koje mo\u017eete osvojiti odmah.","og_url":"https:\/\/redfoxlotto.com\/hr\/scratchcards\/","og_site_name":"Get Tickets for the World\u2019s largest jackpots","article_modified_time":"2025-06-17T08:43:35+00:00","og_image":[{"url":"https:\/\/redfoxlotto.com\/wp-content\/uploads\/2025\/03\/scratch_card_player-300x300.jpg"}],"twitter_card":"summary_large_image","twitter_misc":{"Procijenjeno vrijeme \u010ditanja":"2 minute"},"schema":{"@context":"https:\/\/schema.org","@graph":[{"@type":"WebPage","@id":"https:\/\/redfoxlotto.com\/hr\/scratchcards\/","url":"https:\/\/redfoxlotto.com\/hr\/scratchcards\/","name":"Igrajte online sre\u0107ke | Najbolje sre\u0107ke za instant dobitke","isPartOf":{"@id":"https:\/\/redfoxlotto.com\/hr\/#website"},"primaryImageOfPage":{"@id":"https:\/\/redfoxlotto.com\/hr\/scratchcards\/#primaryimage"},"image":{"@id":"https:\/\/redfoxlotto.com\/hr\/scratchcards\/#primaryimage"},"thumbnailUrl":"https:\/\/redfoxlotto.com\/wp-content\/uploads\/2025\/03\/scratch_card_player-300x300.jpg","datePublished":"2025-03-17T09:46:32+00:00","dateModified":"2025-06-17T08:43:35+00:00","description":"Igrajte najbolje online sre\u0107ke ovdje - atraktivne igre na sre\u0107ke i sjajne nagrade koje mo\u017eete osvojiti odmah.","breadcrumb":{"@id":"https:\/\/redfoxlotto.com\/hr\/scratchcards\/#breadcrumb"},"inLanguage":"hr","potentialAction":[{"@type":"ReadAction","target":["https:\/\/redfoxlotto.com\/hr\/scratchcards\/"]}]},{"@type":"ImageObject","inLanguage":"hr","@id":"https:\/\/redfoxlotto.com\/hr\/scratchcards\/#primaryimage","url":"https:\/\/redfoxlotto.com\/wp-content\/uploads\/2025\/03\/scratch_card_player-300x300.jpg","contentUrl":"https:\/\/redfoxlotto.com\/wp-content\/uploads\/2025\/03\/scratch_card_player-300x300.jpg"},{"@type":"BreadcrumbList","@id":"https:\/\/redfoxlotto.com\/hr\/scratchcards\/#breadcrumb","itemListElement":[{"@type":"ListItem","position":1,"name":"Home","item":"https:\/\/redfoxlotto.com\/hr\/"},{"@type":"ListItem","position":2,"name":"Scratch kartice"}]},{"@type":"WebSite","@id":"https:\/\/redfoxlotto.com\/hr\/#website","url":"https:\/\/redfoxlotto.com\/hr\/","name":"Get Tickets for the World\u2019s largest jackpots","description":"Participate in worldwide lottery jackpots from any country","publisher":{"@id":"https:\/\/redfoxlotto.com\/hr\/#organization"},"potentialAction":[{"@type":"SearchAction","target":{"@type":"EntryPoint","urlTemplate":"https:\/\/redfoxlotto.com\/hr\/?s={search_term_string}"},"query-input":{"@type":"PropertyValueSpecification","valueRequired":true,"valueName":"search_term_string"}}],"inLanguage":"hr"},{"@type":"Organization","@id":"https:\/\/redfoxlotto.com\/hr\/#organization","name":"Get Tickets for the World\u2019s largest jackpots","url":"https:\/\/redfoxlotto.com\/hr\/","logo":{"@type":"ImageObject","inLanguage":"hr","@id":"https:\/\/redfoxlotto.com\/hr\/#\/schema\/logo\/image\/","url":"https:\/\/redfoxlotto.com\/wp-content\/uploads\/2023\/04\/logo.png","contentUrl":"https:\/\/redfoxlotto.com\/wp-content\/uploads\/2023\/04\/logo.png","width":269,"height":53,"caption":"Get Tickets for the World\u2019s largest jackpots"},"image":{"@id":"https:\/\/redfoxlotto.com\/hr\/#\/schema\/logo\/image\/"}}]}},"_links":{"self":[{"href":"https:\/\/redfoxlotto.com\/hr\/wp-json\/wp\/v2\/pages\/84545","targetHints":{"allow":["GET"]}}],"collection":[{"href":"https:\/\/redfoxlotto.com\/hr\/wp-json\/wp\/v2\/pages"}],"about":[{"href":"https:\/\/redfoxlotto.com\/hr\/wp-json\/wp\/v2\/types\/page"}],"author":[{"embeddable":true,"href":"https:\/\/redfoxlotto.com\/hr\/wp-json\/wp\/v2\/users\/8"}],"replies":[{"embeddable":true,"href":"https:\/\/redfoxlotto.com\/hr\/wp-json\/wp\/v2\/comments?post=84545"}],"version-history":[{"count":0,"href":"https:\/\/redfoxlotto.com\/hr\/wp-json\/wp\/v2\/pages\/84545\/revisions"}],"wp:attachment":[{"href":"https:\/\/redfoxlotto.com\/hr\/wp-json\/wp\/v2\/media?parent=84545"}],"curies":[{"name":"wp","href":"https:\/\/api.w.org\/{rel}","templated":true}]}}