{"id":84458,"date":"2025-02-12T11:12:52","date_gmt":"2025-02-12T11:12:52","guid":{"rendered":"https:\/\/redfoxlotto.com\/?page_id=84458"},"modified":"2025-10-09T14:01:10","modified_gmt":"2025-10-09T14:01:10","slug":"keno","status":"publish","type":"page","link":"https:\/\/redfoxlotto.com\/hr\/keno\/","title":{"rendered":"Keno"},"content":{"rendered":"<h2>Ne znate kako igrati Keno online?<\/h2>\n<p>Dakle, znate kako radi lutrija, ali nikada niste igrali Keno? Dopustite mi da objasnim kako igrati Keno online. Nije tako te\u0161ko razumjeti, a na\u0161a platforma olak\u0161ava izradu Keno karte.<\/p>\n<div class=\"keno-banner-wrapper\"><img decoding=\"async\" class=\"keno-banner-image\" src=\"https:\/\/redfoxlotto.com\/wp-content\/uploads\/2025\/10\/3-scaled.png\" alt=\"Keno Banner\" \/><br \/>\n<div class=\"keno-banner-overlay\"><div class=\"keno-banner-text\">Glavna nagrada: \u20ac10,000,000<br>Izvla\u010denja svakih 30 minuta<\/div><a href=\"https:\/\/keno.redfoxlotto.com\/play\/diamond-keno\" class=\"keno-banner-button\">Igrajte Diamond Keno sada<\/a><\/div><\/div>\n<div class=\"keno-banner-wrapper\"><img decoding=\"async\" class=\"keno-banner-image\" src=\"https:\/\/redfoxlotto.com\/wp-content\/uploads\/2025\/10\/1-scaled.png\" alt=\"Keno Banner\" \/><br \/>\n<div class=\"keno-banner-overlay\"><div class=\"keno-banner-text\">Glavna nagrada: \u20ac5,000,000<br>Izvla\u010denja svakih 8 minuta<\/div><a href=\"https:\/\/keno.redfoxlotto.com\/play\/platinum-keno\" class=\"keno-banner-button\">Igrajte Platinum Keno sada<\/a><\/div><\/div>\n<div class=\"keno-banner-wrapper\"><img decoding=\"async\" class=\"keno-banner-image\" src=\"https:\/\/redfoxlotto.com\/wp-content\/uploads\/2025\/10\/2-scaled.png\" alt=\"Keno Banner\" \/><br \/>\n<div class=\"keno-banner-overlay\"><div class=\"keno-banner-text\">Glavna nagrada: \u20ac2,000,000<br>Izvla\u010denja svakih 6 minuta<\/div><a href=\"https:\/\/keno.redfoxlotto.com\/play\/gold-keno\" class=\"keno-banner-button\">Igrajte Gold Keno sada<\/a><\/div><\/div>\n<h2>Razlike izme\u0111u obi\u010dne lutrije i Kena<\/h2>\n<p><img loading=\"lazy\" decoding=\"async\" class=\"alignright size-medium wp-image-83635\" src=\"https:\/\/redfoxlotto.com\/wp-content\/uploads\/2025\/03\/keno_card-300x300.jpg\" alt=\"play keno online\" width=\"300\" height=\"300\" srcset=\"https:\/\/redfoxlotto.com\/wp-content\/uploads\/2025\/03\/keno_card-300x300.jpg 300w, https:\/\/redfoxlotto.com\/wp-content\/uploads\/2025\/03\/keno_card-150x150.jpg 150w, https:\/\/redfoxlotto.com\/wp-content\/uploads\/2025\/03\/keno_card-100x100.jpg 100w, https:\/\/redfoxlotto.com\/wp-content\/uploads\/2025\/03\/keno_card.jpg 307w\" sizes=\"auto, (max-width: 300px) 100vw, 300px\" \/><br \/>\nKada igrate Keno, imate ve\u0107u kontrolu nad tim koliko \u017eelite potro\u0161iti na listi\u0107, a tako\u0111er odlu\u010dujete koliko \u0107ete brojeva odabrati.<\/p>\n<ul>\n<li>Multiplikator &#8211; svaka karta za Keno ima osnovnu cijenu (minimum koji morate platiti za jednu kartu), ali postoji i funkcija mno\u017eitelja. Recimo da je osnovna cijena 1,00 \u20ac. Odabirom mno\u017eitelja 5, va\u0161a \u0107e vas karta sada ko\u0161tati 5,00 \u20ac. Ali u isto vrijeme, iznos koji mo\u017eete osvojiti pove\u0107at \u0107e se za najmanje faktor 5. Da biste osvojili maksimalnu nagradu u svakoj razini isplate, morate odabrati maksimalni mno\u017eitelj. Mno\u017eitelj mo\u017ee biti u rasponu izme\u0111u 1 i 5 ili izme\u0111u 1 i 10. Da biste vidjeli stvarnu isplatu, kliknite gornju karticu &#8220;Informacije&#8221; i vidjet \u0107ete tablicu isplata.<\/li>\n<li>Pritisnite mno\u017eitelj koji \u017eelite odabrati i prikazat \u0107e se isplate za taj mno\u017eitelj.<\/li>\n<li>Igrajte vi\u0161e ili manje brojeva &#8211; mo\u017eete odlu\u010diti \u017eelite li odabrati vi\u0161e ili manje brojeva za svoj listi\u0107. Opet, ako \u017eelite osvojiti glavnu nagradu, uvijek biste morali odabrati najvi\u0161e, to\u010dnije 10 brojeva. Ali ako odlu\u010dite igrati samo 8 brojeva, osvojit \u0107ete vi\u0161e novca ako svi ili neki od njih odgovaraju izvu\u010denim brojevima. Opet, tablica na stranici &#8220;Informacije&#8221; pokazat \u0107e vam isplate.<\/li>\n<li>Vi\u0161e brojeva se izvla\u010di iz niza brojeva &#8211; dok normalna lutrija izvla\u010di 5 ili 6 brojeva iz skupa brojeva od 49 ili 60, to je druga\u010dije kada igrate Keno. Prvo, ve\u0107ina Keno igara izvla\u010di 20 brojeva, ali skup mogu\u0107ih brojeva je tako\u0111er ve\u0107i (obi\u010dno negdje izme\u0111u 70 i 90 brojeva). Ali s 20 dobitnih brojeva, morate spojiti samo njih 10 da biste osvojili veliku nagradu. To zna\u010di da su ukupni izgledi kada igrate Keno online bolji u usporedbi s ve\u0107inom obi\u010dnih lutrija.<\/li>\n<\/ul>\n<h2>Dakle, kako mogu igrati Keno online?<\/h2>\n<p>Sve \u0161to trebate u\u010diniti kako biste igrali Keno online je slijediti korake u nastavku:<br \/>\nKliknite na jedan od Keno bannera na ovoj stranici<br \/>\nOdaberite koliko brojeva \u017eelite igrati<br \/>\nOdaberite multiplikator i provjerite cijenu karte (po potrebi prilagodite mno\u017eitelj)<br \/>\nOdaberite svoje brojeve (ili koristite funkciju Quick Pick za generiranje nasumi\u010dnih brojeva<br \/>\nDodajte vi\u0161e ulaznica za isto Keno izvla\u010denje ako \u017eelite<br \/>\nOdlu\u010dite \u017eelite li da va\u0161 listi\u0107 ili ulaznice sudjeluju u jednom ili vi\u0161e izvla\u010denja<br \/>\nPlatite svoje ulaznice (morate kreirati novi ra\u010dun na na\u0161oj stranici ako ga jo\u0161 nemate ili se prijaviti na postoje\u0107i ra\u010dun)<br \/>\nSamo nekoliko minuta prije sljede\u0107eg izvla\u010denja<\/p>\n<p>Ve\u0107ina Keno lutrija izvla\u010di se svakih nekoliko minuta, tako da nema potrebe dugo \u010dekati da saznate jeste li dobili. Svaki put kada je u tijeku izvla\u010denje Keno lutrije dok ste na na\u0161oj web stranici, pojavit \u0107e se sko\u010dni prozor i ubrzo nakon toga, vidjet \u0107ete video animacije izvla\u010denja. Nakon \u0161to se pojavi sko\u010dni prozor, i dalje biste trebali mo\u0107i kupiti ulaznicu za nastup u tom nadolaze\u0107em izvla\u010denju. Ali \u010dak i ako propustite sljede\u0107e izvla\u010denje, uvijek mo\u017eete kreirati kartu za sljede\u0107e nadolaze\u0107e izvla\u010denje, koje je za samo nekoliko minuta!<br \/>\nKeno izvla\u010denja su virtualna izvla\u010denja, a brojeve generira certificirani generator slu\u010dajnih brojeva. Na taj na\u010din mo\u017eete biti sigurni da je igra uvijek fer kada igrate Keno online na na\u0161oj web stranici.<br \/>\nUsput, ovo nije javna lutrija, u kojoj mo\u017eete kupiti karte negdje na<br \/>\nprodajno mjesto lutrije. Zato za Keno igre ne\u0107ete dobiti nikakvu skeniranu kartu, ve\u0107 samo potvrdu na svom ra\u010dunu igra\u010da.<\/p>\n","protected":false},"excerpt":{"rendered":"<p>Ne znate kako igrati Keno online? Dakle, znate kako radi lutrija, ali nikada niste igrali Keno? Dopustite mi da objasnim kako igrati Keno online. Nije tako te\u0161ko razumjeti, a na\u0161a platforma olak\u0161ava izradu Keno karte. Razlike izme\u0111u obi\u010dne lutrije i Kena Kada igrate Keno, imate ve\u0107u kontrolu nad tim koliko \u017eelite potro\u0161iti na listi\u0107, a [&hellip;]<\/p>\n","protected":false},"author":8,"featured_media":0,"parent":0,"menu_order":5,"comment_status":"closed","ping_status":"closed","template":"","meta":{"_et_pb_use_builder":"","_et_pb_old_content":"","_et_gb_content_width":"","exclude_from_search":false,"footnotes":""},"class_list":["post-84458","page","type-page","status-publish","hentry"],"yoast_head":"<!-- This site is optimized with the Yoast SEO plugin v23.8 - https:\/\/yoast.com\/wordpress\/plugins\/seo\/ -->\n<title>Kako igrati Keno online | Pravila i strategija za Keno online<\/title>\n<meta name=\"description\" content=\"\u017delite li osvojiti veliko u Kenou? Kako igrati Keno online za glavne nagrade do 10 milijuna eura, s izvla\u010denjima koja su uvijek udaljena vi\u0161e od nekoliko minuta\" \/>\n<meta name=\"robots\" content=\"index, follow, max-snippet:-1, max-image-preview:large, max-video-preview:-1\" \/>\n<link rel=\"canonical\" href=\"https:\/\/redfoxlotto.com\/hr\/keno\/\" \/>\n<meta property=\"og:locale\" content=\"hr_HR\" \/>\n<meta property=\"og:type\" content=\"article\" \/>\n<meta property=\"og:title\" content=\"Kako igrati Keno online | Pravila i strategija za Keno online\" \/>\n<meta property=\"og:description\" content=\"\u017delite li osvojiti veliko u Kenou? Kako igrati Keno online za glavne nagrade do 10 milijuna eura, s izvla\u010denjima koja su uvijek udaljena vi\u0161e od nekoliko minuta\" \/>\n<meta property=\"og:url\" content=\"https:\/\/redfoxlotto.com\/hr\/keno\/\" \/>\n<meta property=\"og:site_name\" content=\"Get Tickets for the World\u2019s largest jackpots\" \/>\n<meta property=\"article:modified_time\" content=\"2025-10-09T14:01:10+00:00\" \/>\n<meta property=\"og:image\" content=\"https:\/\/redfoxlotto.com\/wp-content\/uploads\/2025\/10\/3-scaled.png\" \/>\n<meta name=\"twitter:card\" content=\"summary_large_image\" \/>\n<meta name=\"twitter:label1\" content=\"Procijenjeno vrijeme \u010ditanja\" \/>\n\t<meta name=\"twitter:data1\" content=\"4 minute\" \/>\n<script type=\"application\/ld+json\" class=\"yoast-schema-graph\">{\"@context\":\"https:\/\/schema.org\",\"@graph\":[{\"@type\":\"WebPage\",\"@id\":\"https:\/\/redfoxlotto.com\/hr\/keno\/\",\"url\":\"https:\/\/redfoxlotto.com\/hr\/keno\/\",\"name\":\"Kako igrati Keno online | Pravila i strategija za Keno online\",\"isPartOf\":{\"@id\":\"https:\/\/redfoxlotto.com\/hr\/#website\"},\"primaryImageOfPage\":{\"@id\":\"https:\/\/redfoxlotto.com\/hr\/keno\/#primaryimage\"},\"image\":{\"@id\":\"https:\/\/redfoxlotto.com\/hr\/keno\/#primaryimage\"},\"thumbnailUrl\":\"https:\/\/redfoxlotto.com\/wp-content\/uploads\/2025\/10\/3-scaled.png\",\"datePublished\":\"2025-02-12T11:12:52+00:00\",\"dateModified\":\"2025-10-09T14:01:10+00:00\",\"description\":\"\u017delite li osvojiti veliko u Kenou? Kako igrati Keno online za glavne nagrade do 10 milijuna eura, s izvla\u010denjima koja su uvijek udaljena vi\u0161e od nekoliko minuta\",\"breadcrumb\":{\"@id\":\"https:\/\/redfoxlotto.com\/hr\/keno\/#breadcrumb\"},\"inLanguage\":\"hr\",\"potentialAction\":[{\"@type\":\"ReadAction\",\"target\":[\"https:\/\/redfoxlotto.com\/hr\/keno\/\"]}]},{\"@type\":\"ImageObject\",\"inLanguage\":\"hr\",\"@id\":\"https:\/\/redfoxlotto.com\/hr\/keno\/#primaryimage\",\"url\":\"https:\/\/redfoxlotto.com\/wp-content\/uploads\/2025\/10\/3-scaled.png\",\"contentUrl\":\"https:\/\/redfoxlotto.com\/wp-content\/uploads\/2025\/10\/3-scaled.png\"},{\"@type\":\"BreadcrumbList\",\"@id\":\"https:\/\/redfoxlotto.com\/hr\/keno\/#breadcrumb\",\"itemListElement\":[{\"@type\":\"ListItem\",\"position\":1,\"name\":\"Home\",\"item\":\"https:\/\/redfoxlotto.com\/hr\/\"},{\"@type\":\"ListItem\",\"position\":2,\"name\":\"Keno\"}]},{\"@type\":\"WebSite\",\"@id\":\"https:\/\/redfoxlotto.com\/hr\/#website\",\"url\":\"https:\/\/redfoxlotto.com\/hr\/\",\"name\":\"Get Tickets for the World\u2019s largest jackpots\",\"description\":\"Participate in worldwide lottery jackpots from any country\",\"publisher\":{\"@id\":\"https:\/\/redfoxlotto.com\/hr\/#organization\"},\"potentialAction\":[{\"@type\":\"SearchAction\",\"target\":{\"@type\":\"EntryPoint\",\"urlTemplate\":\"https:\/\/redfoxlotto.com\/hr\/?s={search_term_string}\"},\"query-input\":{\"@type\":\"PropertyValueSpecification\",\"valueRequired\":true,\"valueName\":\"search_term_string\"}}],\"inLanguage\":\"hr\"},{\"@type\":\"Organization\",\"@id\":\"https:\/\/redfoxlotto.com\/hr\/#organization\",\"name\":\"Get Tickets for the World\u2019s largest jackpots\",\"url\":\"https:\/\/redfoxlotto.com\/hr\/\",\"logo\":{\"@type\":\"ImageObject\",\"inLanguage\":\"hr\",\"@id\":\"https:\/\/redfoxlotto.com\/hr\/#\/schema\/logo\/image\/\",\"url\":\"https:\/\/redfoxlotto.com\/wp-content\/uploads\/2023\/04\/logo.png\",\"contentUrl\":\"https:\/\/redfoxlotto.com\/wp-content\/uploads\/2023\/04\/logo.png\",\"width\":269,\"height\":53,\"caption\":\"Get Tickets for the World\u2019s largest jackpots\"},\"image\":{\"@id\":\"https:\/\/redfoxlotto.com\/hr\/#\/schema\/logo\/image\/\"}}]}<\/script>\n<!-- \/ Yoast SEO plugin. -->","yoast_head_json":{"title":"Kako igrati Keno online | Pravila i strategija za Keno online","description":"\u017delite li osvojiti veliko u Kenou? Kako igrati Keno online za glavne nagrade do 10 milijuna eura, s izvla\u010denjima koja su uvijek udaljena vi\u0161e od nekoliko minuta","robots":{"index":"index","follow":"follow","max-snippet":"max-snippet:-1","max-image-preview":"max-image-preview:large","max-video-preview":"max-video-preview:-1"},"canonical":"https:\/\/redfoxlotto.com\/hr\/keno\/","og_locale":"hr_HR","og_type":"article","og_title":"Kako igrati Keno online | Pravila i strategija za Keno online","og_description":"\u017delite li osvojiti veliko u Kenou? Kako igrati Keno online za glavne nagrade do 10 milijuna eura, s izvla\u010denjima koja su uvijek udaljena vi\u0161e od nekoliko minuta","og_url":"https:\/\/redfoxlotto.com\/hr\/keno\/","og_site_name":"Get Tickets for the World\u2019s largest jackpots","article_modified_time":"2025-10-09T14:01:10+00:00","og_image":[{"url":"https:\/\/redfoxlotto.com\/wp-content\/uploads\/2025\/10\/3-scaled.png"}],"twitter_card":"summary_large_image","twitter_misc":{"Procijenjeno vrijeme \u010ditanja":"4 minute"},"schema":{"@context":"https:\/\/schema.org","@graph":[{"@type":"WebPage","@id":"https:\/\/redfoxlotto.com\/hr\/keno\/","url":"https:\/\/redfoxlotto.com\/hr\/keno\/","name":"Kako igrati Keno online | Pravila i strategija za Keno online","isPartOf":{"@id":"https:\/\/redfoxlotto.com\/hr\/#website"},"primaryImageOfPage":{"@id":"https:\/\/redfoxlotto.com\/hr\/keno\/#primaryimage"},"image":{"@id":"https:\/\/redfoxlotto.com\/hr\/keno\/#primaryimage"},"thumbnailUrl":"https:\/\/redfoxlotto.com\/wp-content\/uploads\/2025\/10\/3-scaled.png","datePublished":"2025-02-12T11:12:52+00:00","dateModified":"2025-10-09T14:01:10+00:00","description":"\u017delite li osvojiti veliko u Kenou? Kako igrati Keno online za glavne nagrade do 10 milijuna eura, s izvla\u010denjima koja su uvijek udaljena vi\u0161e od nekoliko minuta","breadcrumb":{"@id":"https:\/\/redfoxlotto.com\/hr\/keno\/#breadcrumb"},"inLanguage":"hr","potentialAction":[{"@type":"ReadAction","target":["https:\/\/redfoxlotto.com\/hr\/keno\/"]}]},{"@type":"ImageObject","inLanguage":"hr","@id":"https:\/\/redfoxlotto.com\/hr\/keno\/#primaryimage","url":"https:\/\/redfoxlotto.com\/wp-content\/uploads\/2025\/10\/3-scaled.png","contentUrl":"https:\/\/redfoxlotto.com\/wp-content\/uploads\/2025\/10\/3-scaled.png"},{"@type":"BreadcrumbList","@id":"https:\/\/redfoxlotto.com\/hr\/keno\/#breadcrumb","itemListElement":[{"@type":"ListItem","position":1,"name":"Home","item":"https:\/\/redfoxlotto.com\/hr\/"},{"@type":"ListItem","position":2,"name":"Keno"}]},{"@type":"WebSite","@id":"https:\/\/redfoxlotto.com\/hr\/#website","url":"https:\/\/redfoxlotto.com\/hr\/","name":"Get Tickets for the World\u2019s largest jackpots","description":"Participate in worldwide lottery jackpots from any country","publisher":{"@id":"https:\/\/redfoxlotto.com\/hr\/#organization"},"potentialAction":[{"@type":"SearchAction","target":{"@type":"EntryPoint","urlTemplate":"https:\/\/redfoxlotto.com\/hr\/?s={search_term_string}"},"query-input":{"@type":"PropertyValueSpecification","valueRequired":true,"valueName":"search_term_string"}}],"inLanguage":"hr"},{"@type":"Organization","@id":"https:\/\/redfoxlotto.com\/hr\/#organization","name":"Get Tickets for the World\u2019s largest jackpots","url":"https:\/\/redfoxlotto.com\/hr\/","logo":{"@type":"ImageObject","inLanguage":"hr","@id":"https:\/\/redfoxlotto.com\/hr\/#\/schema\/logo\/image\/","url":"https:\/\/redfoxlotto.com\/wp-content\/uploads\/2023\/04\/logo.png","contentUrl":"https:\/\/redfoxlotto.com\/wp-content\/uploads\/2023\/04\/logo.png","width":269,"height":53,"caption":"Get Tickets for the World\u2019s largest jackpots"},"image":{"@id":"https:\/\/redfoxlotto.com\/hr\/#\/schema\/logo\/image\/"}}]}},"_links":{"self":[{"href":"https:\/\/redfoxlotto.com\/hr\/wp-json\/wp\/v2\/pages\/84458","targetHints":{"allow":["GET"]}}],"collection":[{"href":"https:\/\/redfoxlotto.com\/hr\/wp-json\/wp\/v2\/pages"}],"about":[{"href":"https:\/\/redfoxlotto.com\/hr\/wp-json\/wp\/v2\/types\/page"}],"author":[{"embeddable":true,"href":"https:\/\/redfoxlotto.com\/hr\/wp-json\/wp\/v2\/users\/8"}],"replies":[{"embeddable":true,"href":"https:\/\/redfoxlotto.com\/hr\/wp-json\/wp\/v2\/comments?post=84458"}],"version-history":[{"count":0,"href":"https:\/\/redfoxlotto.com\/hr\/wp-json\/wp\/v2\/pages\/84458\/revisions"}],"wp:attachment":[{"href":"https:\/\/redfoxlotto.com\/hr\/wp-json\/wp\/v2\/media?parent=84458"}],"curies":[{"name":"wp","href":"https:\/\/api.w.org\/{rel}","templated":true}]}}