{"id":68281,"date":"2024-04-25T08:02:02","date_gmt":"2024-04-25T08:02:02","guid":{"rendered":"https:\/\/redfoxlotto.org\/?page_id=68281"},"modified":"2024-11-24T17:26:06","modified_gmt":"2024-11-24T17:26:06","slug":"purchase-success","status":"publish","type":"page","link":"https:\/\/redfoxlotto.com\/hr\/purchase-success\/","title":{"rendered":"Uspjeh kupnje"},"content":{"rendered":"<p>Uspje\u0161no ste kupili svoju sre\u0107ku ili sre\u0107ke!<\/p><p>Pojedinosti va\u0161e narud\u017ebe mogu se vidjeti na va\u0161em ra\u010dunu igra\u010da. Prvo se prijavite, kliknite na \u201cMoje ulaznice\u201d.<\/p><p>Imajte na umu da skeniranje i u\u010ditavanje karte s va\u0161im brojevima mo\u017ee malo potrajati. Skenirane karte ulaznica bit \u0107e u\u010ditane na va\u0161 ra\u010dun igra\u010da, ali vam ne\u0107e biti poslane e-po\u0161tom.<\/p><p>Sada sve \u0161to trebate u\u010diniti je \u010dekati izvla\u010denje &#8211; dr\u017eimo fige i nadamo se da \u0107ete pobijediti.<\/p><p>Ako va\u0161a karta pobijedi, uvijek \u0107ete dobiti obavijest e-po\u0161tom. Pazite da na\u0161i e-mailovi ne zavr\u0161e u va\u0161oj mapi \u201cSpam\u201d ili \u201cUnknown\u201d!\u201d<\/p>","protected":false},"excerpt":{"rendered":"<p>Uspje\u0161no ste kupili svoju sre\u0107ku ili sre\u0107ke! Pojedinosti va\u0161e narud\u017ebe mogu se vidjeti na va\u0161em ra\u010dunu igra\u010da. Prvo se prijavite, kliknite na \u201cMoje ulaznice\u201d. Imajte na umu da skeniranje i u\u010ditavanje karte s va\u0161im brojevima mo\u017ee malo potrajati. Skenirane karte ulaznica bit \u0107e u\u010ditane na va\u0161 ra\u010dun igra\u010da, ali vam ne\u0107e biti poslane e-po\u0161tom. Sada [&hellip;]<\/p>\n","protected":false},"author":1,"featured_media":0,"parent":0,"menu_order":19,"comment_status":"closed","ping_status":"closed","template":"wc_ThankYou.php","meta":{"_et_pb_use_builder":"","_et_pb_old_content":"","_et_gb_content_width":"","exclude_from_search":false,"footnotes":""},"class_list":["post-68281","page","type-page","status-publish","hentry"],"yoast_head":"<!-- This site is optimized with the Yoast SEO plugin v23.8 - https:\/\/yoast.com\/wordpress\/plugins\/seo\/ -->\n<title>Uspjeh kupnje<\/title>\n<meta name=\"robots\" content=\"index, follow, max-snippet:-1, max-image-preview:large, max-video-preview:-1\" \/>\n<link rel=\"canonical\" href=\"https:\/\/redfoxlotto.com\/hr\/purchase-success\/\" \/>\n<meta property=\"og:locale\" content=\"hr_HR\" \/>\n<meta property=\"og:type\" content=\"article\" \/>\n<meta property=\"og:title\" content=\"Uspjeh kupnje\" \/>\n<meta property=\"og:description\" content=\"Uspje\u0161no ste kupili svoju sre\u0107ku ili sre\u0107ke! Pojedinosti va\u0161e narud\u017ebe mogu se vidjeti na va\u0161em ra\u010dunu igra\u010da. Prvo se prijavite, kliknite na \u201cMoje ulaznice\u201d. Imajte na umu da skeniranje i u\u010ditavanje karte s va\u0161im brojevima mo\u017ee malo potrajati. Skenirane karte ulaznica bit \u0107e u\u010ditane na va\u0161 ra\u010dun igra\u010da, ali vam ne\u0107e biti poslane e-po\u0161tom. Sada [&hellip;]\" \/>\n<meta property=\"og:url\" content=\"https:\/\/redfoxlotto.com\/hr\/purchase-success\/\" \/>\n<meta property=\"og:site_name\" content=\"Get Tickets for the World\u2019s largest jackpots\" \/>\n<meta property=\"article:modified_time\" content=\"2024-11-24T17:26:06+00:00\" \/>\n<meta name=\"twitter:card\" content=\"summary_large_image\" \/>\n<meta name=\"twitter:label1\" content=\"Procijenjeno vrijeme \u010ditanja\" \/>\n\t<meta name=\"twitter:data1\" content=\"1 minuta\" \/>\n<script type=\"application\/ld+json\" class=\"yoast-schema-graph\">{\"@context\":\"https:\/\/schema.org\",\"@graph\":[{\"@type\":\"WebPage\",\"@id\":\"https:\/\/redfoxlotto.com\/hr\/purchase-success\/\",\"url\":\"https:\/\/redfoxlotto.com\/hr\/purchase-success\/\",\"name\":\"Uspjeh kupnje\",\"isPartOf\":{\"@id\":\"https:\/\/redfoxlotto.com\/hr\/#website\"},\"datePublished\":\"2024-04-25T08:02:02+00:00\",\"dateModified\":\"2024-11-24T17:26:06+00:00\",\"breadcrumb\":{\"@id\":\"https:\/\/redfoxlotto.com\/hr\/purchase-success\/#breadcrumb\"},\"inLanguage\":\"hr\",\"potentialAction\":[{\"@type\":\"ReadAction\",\"target\":[\"https:\/\/redfoxlotto.com\/hr\/purchase-success\/\"]}]},{\"@type\":\"BreadcrumbList\",\"@id\":\"https:\/\/redfoxlotto.com\/hr\/purchase-success\/#breadcrumb\",\"itemListElement\":[{\"@type\":\"ListItem\",\"position\":1,\"name\":\"Home\",\"item\":\"https:\/\/redfoxlotto.com\/hr\/\"},{\"@type\":\"ListItem\",\"position\":2,\"name\":\"Uspjeh kupnje\"}]},{\"@type\":\"WebSite\",\"@id\":\"https:\/\/redfoxlotto.com\/hr\/#website\",\"url\":\"https:\/\/redfoxlotto.com\/hr\/\",\"name\":\"Get Tickets for the World\u2019s largest jackpots\",\"description\":\"Participate in worldwide lottery jackpots from any country\",\"publisher\":{\"@id\":\"https:\/\/redfoxlotto.com\/hr\/#organization\"},\"potentialAction\":[{\"@type\":\"SearchAction\",\"target\":{\"@type\":\"EntryPoint\",\"urlTemplate\":\"https:\/\/redfoxlotto.com\/hr\/?s={search_term_string}\"},\"query-input\":{\"@type\":\"PropertyValueSpecification\",\"valueRequired\":true,\"valueName\":\"search_term_string\"}}],\"inLanguage\":\"hr\"},{\"@type\":\"Organization\",\"@id\":\"https:\/\/redfoxlotto.com\/hr\/#organization\",\"name\":\"Get Tickets for the World\u2019s largest jackpots\",\"url\":\"https:\/\/redfoxlotto.com\/hr\/\",\"logo\":{\"@type\":\"ImageObject\",\"inLanguage\":\"hr\",\"@id\":\"https:\/\/redfoxlotto.com\/hr\/#\/schema\/logo\/image\/\",\"url\":\"https:\/\/redfoxlotto.com\/wp-content\/uploads\/2023\/04\/logo.png\",\"contentUrl\":\"https:\/\/redfoxlotto.com\/wp-content\/uploads\/2023\/04\/logo.png\",\"width\":269,\"height\":53,\"caption\":\"Get Tickets for the World\u2019s largest jackpots\"},\"image\":{\"@id\":\"https:\/\/redfoxlotto.com\/hr\/#\/schema\/logo\/image\/\"}}]}<\/script>\n<!-- \/ Yoast SEO plugin. -->","yoast_head_json":{"title":"Uspjeh kupnje","robots":{"index":"index","follow":"follow","max-snippet":"max-snippet:-1","max-image-preview":"max-image-preview:large","max-video-preview":"max-video-preview:-1"},"canonical":"https:\/\/redfoxlotto.com\/hr\/purchase-success\/","og_locale":"hr_HR","og_type":"article","og_title":"Uspjeh kupnje","og_description":"Uspje\u0161no ste kupili svoju sre\u0107ku ili sre\u0107ke! Pojedinosti va\u0161e narud\u017ebe mogu se vidjeti na va\u0161em ra\u010dunu igra\u010da. Prvo se prijavite, kliknite na \u201cMoje ulaznice\u201d. Imajte na umu da skeniranje i u\u010ditavanje karte s va\u0161im brojevima mo\u017ee malo potrajati. Skenirane karte ulaznica bit \u0107e u\u010ditane na va\u0161 ra\u010dun igra\u010da, ali vam ne\u0107e biti poslane e-po\u0161tom. Sada [&hellip;]","og_url":"https:\/\/redfoxlotto.com\/hr\/purchase-success\/","og_site_name":"Get Tickets for the World\u2019s largest jackpots","article_modified_time":"2024-11-24T17:26:06+00:00","twitter_card":"summary_large_image","twitter_misc":{"Procijenjeno vrijeme \u010ditanja":"1 minuta"},"schema":{"@context":"https:\/\/schema.org","@graph":[{"@type":"WebPage","@id":"https:\/\/redfoxlotto.com\/hr\/purchase-success\/","url":"https:\/\/redfoxlotto.com\/hr\/purchase-success\/","name":"Uspjeh kupnje","isPartOf":{"@id":"https:\/\/redfoxlotto.com\/hr\/#website"},"datePublished":"2024-04-25T08:02:02+00:00","dateModified":"2024-11-24T17:26:06+00:00","breadcrumb":{"@id":"https:\/\/redfoxlotto.com\/hr\/purchase-success\/#breadcrumb"},"inLanguage":"hr","potentialAction":[{"@type":"ReadAction","target":["https:\/\/redfoxlotto.com\/hr\/purchase-success\/"]}]},{"@type":"BreadcrumbList","@id":"https:\/\/redfoxlotto.com\/hr\/purchase-success\/#breadcrumb","itemListElement":[{"@type":"ListItem","position":1,"name":"Home","item":"https:\/\/redfoxlotto.com\/hr\/"},{"@type":"ListItem","position":2,"name":"Uspjeh kupnje"}]},{"@type":"WebSite","@id":"https:\/\/redfoxlotto.com\/hr\/#website","url":"https:\/\/redfoxlotto.com\/hr\/","name":"Get Tickets for the World\u2019s largest jackpots","description":"Participate in worldwide lottery jackpots from any country","publisher":{"@id":"https:\/\/redfoxlotto.com\/hr\/#organization"},"potentialAction":[{"@type":"SearchAction","target":{"@type":"EntryPoint","urlTemplate":"https:\/\/redfoxlotto.com\/hr\/?s={search_term_string}"},"query-input":{"@type":"PropertyValueSpecification","valueRequired":true,"valueName":"search_term_string"}}],"inLanguage":"hr"},{"@type":"Organization","@id":"https:\/\/redfoxlotto.com\/hr\/#organization","name":"Get Tickets for the World\u2019s largest jackpots","url":"https:\/\/redfoxlotto.com\/hr\/","logo":{"@type":"ImageObject","inLanguage":"hr","@id":"https:\/\/redfoxlotto.com\/hr\/#\/schema\/logo\/image\/","url":"https:\/\/redfoxlotto.com\/wp-content\/uploads\/2023\/04\/logo.png","contentUrl":"https:\/\/redfoxlotto.com\/wp-content\/uploads\/2023\/04\/logo.png","width":269,"height":53,"caption":"Get Tickets for the World\u2019s largest jackpots"},"image":{"@id":"https:\/\/redfoxlotto.com\/hr\/#\/schema\/logo\/image\/"}}]}},"_links":{"self":[{"href":"https:\/\/redfoxlotto.com\/hr\/wp-json\/wp\/v2\/pages\/68281","targetHints":{"allow":["GET"]}}],"collection":[{"href":"https:\/\/redfoxlotto.com\/hr\/wp-json\/wp\/v2\/pages"}],"about":[{"href":"https:\/\/redfoxlotto.com\/hr\/wp-json\/wp\/v2\/types\/page"}],"author":[{"embeddable":true,"href":"https:\/\/redfoxlotto.com\/hr\/wp-json\/wp\/v2\/users\/1"}],"replies":[{"embeddable":true,"href":"https:\/\/redfoxlotto.com\/hr\/wp-json\/wp\/v2\/comments?post=68281"}],"version-history":[{"count":0,"href":"https:\/\/redfoxlotto.com\/hr\/wp-json\/wp\/v2\/pages\/68281\/revisions"}],"wp:attachment":[{"href":"https:\/\/redfoxlotto.com\/hr\/wp-json\/wp\/v2\/media?parent=68281"}],"curies":[{"name":"wp","href":"https:\/\/api.w.org\/{rel}","templated":true}]}}