{"id":61033,"date":"2020-04-16T13:14:59","date_gmt":"2020-04-16T13:14:59","guid":{"rendered":"https:\/\/redfoxlotto.eu\/?page_id=61033"},"modified":"2023-06-01T11:33:34","modified_gmt":"2023-06-01T11:33:34","slug":"loto-fr","status":"publish","type":"page","link":"https:\/\/redfoxlotto.com\/hr\/rezultati\/loto-fr\/","title":{"rendered":"Rezultati francuske lutrije"},"content":{"rendered":"<p>Jeste li po\u010deli igrati lutriju online i sada \u017eelite biti sigurni da mo\u017eete \u0161to lak\u0161e do\u0107i do dobitnih brojeva? Pogledat \u0107emo rezultate francuske lutrije i vidjeti \u0161to bi oni mogli zna\u010diti za vas. Uostalom, ako igrate ove igre na sre\u0107u, \u017eelite biti sigurni da znate rezultate \u010dim budu dostupni, zar ne? Pa, vama je lak\u0161e nego ikada u\u010diniti upravo to.<\/p>\n<h2>Pronala\u017eenje rezultata francuske lutrije<\/h2>\n<p>Prva stvar koju trebate znati kada tra\u017eite rezultate<\/p>\n<p><img loading=\"lazy\" decoding=\"async\" class=\" wp-image alignright\" src=\"https:\/\/content.redfoxlotto.com\/uploads\/sites\/9\/1_winning_online_lottery.jpg\" alt=\"Loto Francuska\" width=\"160\" height=\"160\" \/><\/p>\n<p>lutrije na internetu je gdje prona\u0107i slu\u017ebene rezultate. Postoje razne vrste stranica koje mo\u017eete pogledati kako biste saznali vi\u0161e informacija, ali najbolje je oti\u0107i tamo gdje ste kupili listi\u0107 ili slu\u017ebenu web stranicu lutrije koju igrate. Za Francuski Loto prona\u0107i \u0107ete niz razli\u010ditih opcija i lokacija, stoga provjerite tra\u017eite li jedno od ova dva podru\u010dja ili dvaput provjeravate brojeve na razli\u010ditim lokacijama.<\/p>\n<h2>Razumijevanje razina nagrada<\/h2>\n<p>Kada prona\u0111ete pobjedni\u010dke rezultate, \u017eelite bolje pogledati stvari kao \u0161to je popis razina nagrada i koji ste brojevi zapravo dobili to\u010dne. Uostalom, French Lotto se igra sli\u010dno kao i brojne druge lutrijske igre diljem svijeta. Morate dobiti sve brojeve, \u0161to je u ovom slu\u010daju pet loptica plus bonus,<\/p>\n<p><img decoding=\"async\" class=\" wp-image alignright\" src=\"https:\/\/content.redfoxlotto.com\/uploads\/sites\/9\/1_lotto_money_win.jpg\" alt=\"rezultate\" \/><\/p>\n<p>sve u isto vrijeme. To \u0107e biti te\u0161ko, ali definitivno ne\u0107e biti nemogu\u0107e (ljudi stalno dobivaju na lutriji, zar ne?). Dakle, ako svaki od tih brojeva to\u010dno odredite i to\u010dno odaberete bonus lopticu, tada \u0107ete osvojiti jackpot koji se stalno pove\u0107ava.<\/p>\n<p>Ako dobijete samo nekoliko to\u010dnih brojeva (manje samo jedan ako dobijete bonus), tada \u0107ete zapravo osvojiti nagradu. Ne\u0107ete puno osvojiti ako dobijete samo bonus ili \u010dak ako dobijete jednu ili dvije lopte. Ali ako mo\u017eete dobiti \u010detiri od njih, dobit \u0107ete prili\u010dno dobar iznos, a ako mo\u017eete dobiti barem \u010detiri s bonus loptom, stvarno \u0107ete dobro pro\u0107i. Zapravo, dobivanje samo \u010detiri to\u010dne loptice s bonusom \u0107e vam dati ve\u0107u isplatu nego dobivanje pet to\u010dnih bez bonusa.<\/p>\n<h2>Igranje va\u0161ih omiljenih igara<\/h2>\n<p>Ako \u017eelite prona\u0107i rezultate francuske lutrije, najva\u017enije je tra\u017eiti na pravim mjestima. Rezultati se izvla\u010de svakog ponedjeljka, srijede i subote, \u0161to zna\u010di da \u0107ete imati mnogo prilika za dobitak, a jackpot samo raste svakog dana, pa ako ga danas ne osvojite, mogli biste biti veliki dobitnik za samo nekoliko dana!<\/p>\n","protected":false},"excerpt":{"rendered":"<p>Jeste li po\u010deli igrati lutriju online i sada \u017eelite biti sigurni da mo\u017eete \u0161to lak\u0161e do\u0107i do dobitnih brojeva? Pogledat \u0107emo rezultate francuske lutrije i vidjeti \u0161to bi oni mogli zna\u010diti za vas. Uostalom, ako igrate ove igre na sre\u0107u, \u017eelite biti sigurni da znate rezultate \u010dim budu dostupni, zar ne? Pa, vama je lak\u0161e [&hellip;]<\/p>\n","protected":false},"author":1,"featured_media":0,"parent":16722,"menu_order":32,"comment_status":"closed","ping_status":"closed","template":"lotto-fr-results.php","meta":{"_et_pb_use_builder":"","_et_pb_old_content":"","_et_gb_content_width":"","exclude_from_search":false,"footnotes":""},"class_list":["post-61033","page","type-page","status-publish","hentry"],"yoast_head":"<!-- This site is optimized with the Yoast SEO plugin v23.8 - https:\/\/yoast.com\/wordpress\/plugins\/seo\/ -->\n<title>Pronala\u017eenje rezultata va\u0161e francuske lutrije<\/title>\n<meta name=\"description\" content=\"Pronala\u017eenje rezultata francuske lutrije jednostavno je jer sve \u0161to trebate u\u010diniti je provjeriti ih ovdje\" \/>\n<meta name=\"robots\" content=\"index, follow, max-snippet:-1, max-image-preview:large, max-video-preview:-1\" \/>\n<link rel=\"canonical\" href=\"https:\/\/redfoxlotto.com\/hr\/rezultati\/loto-fr\/\" \/>\n<meta property=\"og:locale\" content=\"hr_HR\" \/>\n<meta property=\"og:type\" content=\"article\" \/>\n<meta property=\"og:title\" content=\"Pronala\u017eenje rezultata va\u0161e francuske lutrije\" \/>\n<meta property=\"og:description\" content=\"Pronala\u017eenje rezultata francuske lutrije jednostavno je jer sve \u0161to trebate u\u010diniti je provjeriti ih ovdje\" \/>\n<meta property=\"og:url\" content=\"https:\/\/redfoxlotto.com\/hr\/rezultati\/loto-fr\/\" \/>\n<meta property=\"og:site_name\" content=\"Get Tickets for the World\u2019s largest jackpots\" \/>\n<meta property=\"article:modified_time\" content=\"2023-06-01T11:33:34+00:00\" \/>\n<meta property=\"og:image\" content=\"https:\/\/content.redfoxlotto.com\/uploads\/sites\/9\/1_winning_online_lottery.jpg\" \/>\n<meta name=\"twitter:card\" content=\"summary_large_image\" \/>\n<meta name=\"twitter:label1\" content=\"Procijenjeno vrijeme \u010ditanja\" \/>\n\t<meta name=\"twitter:data1\" content=\"2 minute\" \/>\n<script type=\"application\/ld+json\" class=\"yoast-schema-graph\">{\"@context\":\"https:\/\/schema.org\",\"@graph\":[{\"@type\":\"WebPage\",\"@id\":\"https:\/\/redfoxlotto.com\/hr\/rezultati\/loto-fr\/\",\"url\":\"https:\/\/redfoxlotto.com\/hr\/rezultati\/loto-fr\/\",\"name\":\"Pronala\u017eenje rezultata va\u0161e francuske lutrije\",\"isPartOf\":{\"@id\":\"https:\/\/redfoxlotto.com\/hr\/#website\"},\"primaryImageOfPage\":{\"@id\":\"https:\/\/redfoxlotto.com\/hr\/rezultati\/loto-fr\/#primaryimage\"},\"image\":{\"@id\":\"https:\/\/redfoxlotto.com\/hr\/rezultati\/loto-fr\/#primaryimage\"},\"thumbnailUrl\":\"https:\/\/content.redfoxlotto.com\/uploads\/sites\/9\/1_winning_online_lottery.jpg\",\"datePublished\":\"2020-04-16T13:14:59+00:00\",\"dateModified\":\"2023-06-01T11:33:34+00:00\",\"description\":\"Pronala\u017eenje rezultata francuske lutrije jednostavno je jer sve \u0161to trebate u\u010diniti je provjeriti ih ovdje\",\"breadcrumb\":{\"@id\":\"https:\/\/redfoxlotto.com\/hr\/rezultati\/loto-fr\/#breadcrumb\"},\"inLanguage\":\"hr\",\"potentialAction\":[{\"@type\":\"ReadAction\",\"target\":[\"https:\/\/redfoxlotto.com\/hr\/rezultati\/loto-fr\/\"]}]},{\"@type\":\"ImageObject\",\"inLanguage\":\"hr\",\"@id\":\"https:\/\/redfoxlotto.com\/hr\/rezultati\/loto-fr\/#primaryimage\",\"url\":\"https:\/\/content.redfoxlotto.com\/uploads\/sites\/9\/1_winning_online_lottery.jpg\",\"contentUrl\":\"https:\/\/content.redfoxlotto.com\/uploads\/sites\/9\/1_winning_online_lottery.jpg\"},{\"@type\":\"BreadcrumbList\",\"@id\":\"https:\/\/redfoxlotto.com\/hr\/rezultati\/loto-fr\/#breadcrumb\",\"itemListElement\":[{\"@type\":\"ListItem\",\"position\":1,\"name\":\"Home\",\"item\":\"https:\/\/redfoxlotto.com\/hr\/\"},{\"@type\":\"ListItem\",\"position\":2,\"name\":\"Rezultati internacionalnih lutrija\",\"item\":\"https:\/\/redfoxlotto.com\/hr\/rezultati\/\"},{\"@type\":\"ListItem\",\"position\":3,\"name\":\"Rezultati francuske lutrije\"}]},{\"@type\":\"WebSite\",\"@id\":\"https:\/\/redfoxlotto.com\/hr\/#website\",\"url\":\"https:\/\/redfoxlotto.com\/hr\/\",\"name\":\"Get Tickets for the World\u2019s largest jackpots\",\"description\":\"Participate in worldwide lottery jackpots from any country\",\"publisher\":{\"@id\":\"https:\/\/redfoxlotto.com\/hr\/#organization\"},\"potentialAction\":[{\"@type\":\"SearchAction\",\"target\":{\"@type\":\"EntryPoint\",\"urlTemplate\":\"https:\/\/redfoxlotto.com\/hr\/?s={search_term_string}\"},\"query-input\":{\"@type\":\"PropertyValueSpecification\",\"valueRequired\":true,\"valueName\":\"search_term_string\"}}],\"inLanguage\":\"hr\"},{\"@type\":\"Organization\",\"@id\":\"https:\/\/redfoxlotto.com\/hr\/#organization\",\"name\":\"Get Tickets for the World\u2019s largest jackpots\",\"url\":\"https:\/\/redfoxlotto.com\/hr\/\",\"logo\":{\"@type\":\"ImageObject\",\"inLanguage\":\"hr\",\"@id\":\"https:\/\/redfoxlotto.com\/hr\/#\/schema\/logo\/image\/\",\"url\":\"https:\/\/redfoxlotto.com\/wp-content\/uploads\/2023\/04\/logo.png\",\"contentUrl\":\"https:\/\/redfoxlotto.com\/wp-content\/uploads\/2023\/04\/logo.png\",\"width\":269,\"height\":53,\"caption\":\"Get Tickets for the World\u2019s largest jackpots\"},\"image\":{\"@id\":\"https:\/\/redfoxlotto.com\/hr\/#\/schema\/logo\/image\/\"}}]}<\/script>\n<!-- \/ Yoast SEO plugin. -->","yoast_head_json":{"title":"Pronala\u017eenje rezultata va\u0161e francuske lutrije","description":"Pronala\u017eenje rezultata francuske lutrije jednostavno je jer sve \u0161to trebate u\u010diniti je provjeriti ih ovdje","robots":{"index":"index","follow":"follow","max-snippet":"max-snippet:-1","max-image-preview":"max-image-preview:large","max-video-preview":"max-video-preview:-1"},"canonical":"https:\/\/redfoxlotto.com\/hr\/rezultati\/loto-fr\/","og_locale":"hr_HR","og_type":"article","og_title":"Pronala\u017eenje rezultata va\u0161e francuske lutrije","og_description":"Pronala\u017eenje rezultata francuske lutrije jednostavno je jer sve \u0161to trebate u\u010diniti je provjeriti ih ovdje","og_url":"https:\/\/redfoxlotto.com\/hr\/rezultati\/loto-fr\/","og_site_name":"Get Tickets for the World\u2019s largest jackpots","article_modified_time":"2023-06-01T11:33:34+00:00","og_image":[{"url":"https:\/\/content.redfoxlotto.com\/uploads\/sites\/9\/1_winning_online_lottery.jpg"}],"twitter_card":"summary_large_image","twitter_misc":{"Procijenjeno vrijeme \u010ditanja":"2 minute"},"schema":{"@context":"https:\/\/schema.org","@graph":[{"@type":"WebPage","@id":"https:\/\/redfoxlotto.com\/hr\/rezultati\/loto-fr\/","url":"https:\/\/redfoxlotto.com\/hr\/rezultati\/loto-fr\/","name":"Pronala\u017eenje rezultata va\u0161e francuske lutrije","isPartOf":{"@id":"https:\/\/redfoxlotto.com\/hr\/#website"},"primaryImageOfPage":{"@id":"https:\/\/redfoxlotto.com\/hr\/rezultati\/loto-fr\/#primaryimage"},"image":{"@id":"https:\/\/redfoxlotto.com\/hr\/rezultati\/loto-fr\/#primaryimage"},"thumbnailUrl":"https:\/\/content.redfoxlotto.com\/uploads\/sites\/9\/1_winning_online_lottery.jpg","datePublished":"2020-04-16T13:14:59+00:00","dateModified":"2023-06-01T11:33:34+00:00","description":"Pronala\u017eenje rezultata francuske lutrije jednostavno je jer sve \u0161to trebate u\u010diniti je provjeriti ih ovdje","breadcrumb":{"@id":"https:\/\/redfoxlotto.com\/hr\/rezultati\/loto-fr\/#breadcrumb"},"inLanguage":"hr","potentialAction":[{"@type":"ReadAction","target":["https:\/\/redfoxlotto.com\/hr\/rezultati\/loto-fr\/"]}]},{"@type":"ImageObject","inLanguage":"hr","@id":"https:\/\/redfoxlotto.com\/hr\/rezultati\/loto-fr\/#primaryimage","url":"https:\/\/content.redfoxlotto.com\/uploads\/sites\/9\/1_winning_online_lottery.jpg","contentUrl":"https:\/\/content.redfoxlotto.com\/uploads\/sites\/9\/1_winning_online_lottery.jpg"},{"@type":"BreadcrumbList","@id":"https:\/\/redfoxlotto.com\/hr\/rezultati\/loto-fr\/#breadcrumb","itemListElement":[{"@type":"ListItem","position":1,"name":"Home","item":"https:\/\/redfoxlotto.com\/hr\/"},{"@type":"ListItem","position":2,"name":"Rezultati internacionalnih lutrija","item":"https:\/\/redfoxlotto.com\/hr\/rezultati\/"},{"@type":"ListItem","position":3,"name":"Rezultati francuske lutrije"}]},{"@type":"WebSite","@id":"https:\/\/redfoxlotto.com\/hr\/#website","url":"https:\/\/redfoxlotto.com\/hr\/","name":"Get Tickets for the World\u2019s largest jackpots","description":"Participate in worldwide lottery jackpots from any country","publisher":{"@id":"https:\/\/redfoxlotto.com\/hr\/#organization"},"potentialAction":[{"@type":"SearchAction","target":{"@type":"EntryPoint","urlTemplate":"https:\/\/redfoxlotto.com\/hr\/?s={search_term_string}"},"query-input":{"@type":"PropertyValueSpecification","valueRequired":true,"valueName":"search_term_string"}}],"inLanguage":"hr"},{"@type":"Organization","@id":"https:\/\/redfoxlotto.com\/hr\/#organization","name":"Get Tickets for the World\u2019s largest jackpots","url":"https:\/\/redfoxlotto.com\/hr\/","logo":{"@type":"ImageObject","inLanguage":"hr","@id":"https:\/\/redfoxlotto.com\/hr\/#\/schema\/logo\/image\/","url":"https:\/\/redfoxlotto.com\/wp-content\/uploads\/2023\/04\/logo.png","contentUrl":"https:\/\/redfoxlotto.com\/wp-content\/uploads\/2023\/04\/logo.png","width":269,"height":53,"caption":"Get Tickets for the World\u2019s largest jackpots"},"image":{"@id":"https:\/\/redfoxlotto.com\/hr\/#\/schema\/logo\/image\/"}}]}},"_links":{"self":[{"href":"https:\/\/redfoxlotto.com\/hr\/wp-json\/wp\/v2\/pages\/61033","targetHints":{"allow":["GET"]}}],"collection":[{"href":"https:\/\/redfoxlotto.com\/hr\/wp-json\/wp\/v2\/pages"}],"about":[{"href":"https:\/\/redfoxlotto.com\/hr\/wp-json\/wp\/v2\/types\/page"}],"author":[{"embeddable":true,"href":"https:\/\/redfoxlotto.com\/hr\/wp-json\/wp\/v2\/users\/1"}],"replies":[{"embeddable":true,"href":"https:\/\/redfoxlotto.com\/hr\/wp-json\/wp\/v2\/comments?post=61033"}],"version-history":[{"count":0,"href":"https:\/\/redfoxlotto.com\/hr\/wp-json\/wp\/v2\/pages\/61033\/revisions"}],"up":[{"embeddable":true,"href":"https:\/\/redfoxlotto.com\/hr\/wp-json\/wp\/v2\/pages\/16722"}],"wp:attachment":[{"href":"https:\/\/redfoxlotto.com\/hr\/wp-json\/wp\/v2\/media?parent=61033"}],"curies":[{"name":"wp","href":"https:\/\/api.w.org\/{rel}","templated":true}]}}