{"id":61015,"date":"2019-08-09T14:33:52","date_gmt":"2019-08-09T14:33:52","guid":{"rendered":"https:\/\/redfoxlotto.eu\/?page_id=61015"},"modified":"2023-06-01T10:56:51","modified_gmt":"2023-06-01T10:56:51","slug":"loto-fr","status":"publish","type":"page","link":"https:\/\/redfoxlotto.com\/hr\/lutrije\/loto-fr\/","title":{"rendered":"O Francuskoj lutriji"},"content":{"rendered":"<p>Tra\u017eite li novu igru za igranje, ali niste sigurni koja bi to trebala biti? Pa, ako ste jo\u0161 uvijek neodlu\u010dni, trebali biste pogledati kako kupiti listi\u0107e za francusku lutriju online.<\/p>\n<p>Ovo \u0107e biti jedan od va\u0161ih najboljih odabira kada saznate kako funkcionira jer \u0107e biti jednostavno, lako i zabavno za svakoga tko voli lutriju. Na kraju krajeva, sve je u dobivanju tih velikih brojeva i mogu\u0107em osvajanju tog velikog jackpota, zar ne?<\/p>\n<h2>Gdje je po\u010delo<\/h2>\n<p>Mo\u017eda \u0107ete se zapravo iznenaditi kada znate da lutrija u Francuskoj postoji sve do 1505. godine. Kralj Franjo 1. pokrenuo ju je sa svojim gra\u0111anima, ali igra se s vremenom prili\u010dno mijenjala.<\/p>\n<p><img decoding=\"async\" class=\" wp-image-5380 alignright\" src=\"https:\/\/content.redfoxlotto.com\/uploads\/sites\/9\/jackpot_lottery_online.jpg\" alt=\"listi\u0107i francuski loto\" width=\"250&quot;\" height=\"125\" \/><\/p>\n<p>Ipak, op\u0107i proces \u0107e biti prili\u010dno sli\u010dan onome \u0161to ste vjerojatno vidjeli u bilo kojoj drugoj igri lutrije koju ste igrali. I imat \u0107ete priliku igrati za neke prili\u010dno dobre nagrade, \u0161to \u0107e svakako biti va\u017ean aspekt, zar ne?<\/p>\n<h2>Kako radi<\/h2>\n<p>S francuskom lutrijom zapravo se izvla\u010de tri dana u tjednu, tako da \u0107ete imati mnogo prilika za igru. Svakog ponedjeljka, srijede i subote rade novo izvla\u010denje i to \u0107e biti jedan od \u010de\u0161\u0107ih jackpotova. To je jo\u0161 va\u017enije kada pomislite na \u010dinjenicu da \u0107e jackpot ovdje biti jedan od ve\u0107ih. Tamo gdje je tipi\u010dni dnevni lutrijski jackpot prili\u010dno mali, a tjedna ili dvotjedna izvla\u010denja prili\u010dno velika, ovaj \u0107e se pribli\u017eiti toj velikoj kategoriji po u\u010destalosti izvla\u010denja.<\/p>\n<p>Povrh u\u010destalosti crte\u017ea, igra je super jednostavna. Na\u010din na koji \u0107ete pobijediti je ako imate svih pet to\u010dnih brojeva i dobijete ispravnu bonus loptu. Dakle, postoji \u0161est razli\u010ditih brojeva koji \u0107e biti pozvani i mogli biste zavr\u0161iti s velikim jackpotom, koji \u0107e op\u0107enito biti 2.000.000 \u20ac. To \u0107e svakako biti dobra svota novca, zar ne? I tu po\u010dinje jackpot, a od tamo nastavlja rasti. To zna\u010di da uvijek postoji dobra \u0161ansa da osvojite vi\u0161e od toga.<\/p>\n<h2>Odabir va\u0161ih brojeva<\/h2>\n<p>Postoji nekoliko razli\u010ditih na\u010dina na koje mo\u017eete odabrati koje brojeve \u017eelite igrati. Zapravo, to \u0107e u potpunosti ovisiti o vama na isti na\u010din kao da ste oti\u0161li u trgovinu na uglu igrati se. Mo\u017eete ispuniti &#8220;listi\u0107&#8221; s brojevima koje \u017eelite ili mo\u017eete odabrati samo da biste dobili &#8220;lak\u0161i odabir&#8221;. Ako ispunite svoje brojeve, zajam\u010deno je da \u0107ete imati one brojeve koje ste \u017eeljeli. S druge strane, &#8220;lako odabiranje&#8221; zna\u010di da \u0107e stroj automatski generirati brojeve za vas.<\/p>\n<h2>Kako pobijediti<\/h2>\n<p>Kada se radi o stvarnom osvajanju bilo \u010dega, morate bolje pogledati te brojke. Sve dok dobijete bonus broj, osvojit \u0107ete ne\u0161to. Ako dobijete dva uobi\u010dajena broja, ali ne i bonus,<\/p>\n<p><img decoding=\"async\" class=\" wp-image alignright\" src=\"https:\/\/content.redfoxlotto.com\/uploads\/sites\/9\/1_lotto_money_win.jpg\" alt=\"online karta Francuska lutrija\" \/><\/p>\n<p>tako\u0111er \u0107ete ne\u0161to osvojiti. A za svaki dodatni broj koji imate preko toga dobit \u0107ete jo\u0161 malo i jo\u0161 malo. Najbolji na\u010dini za pobjedu bit \u0107e s \u010detiri broja plus bonus ili sa svih pet brojeva plus bonus. Imati samo pet brojeva bez bonusa zapravo nije tako dobar dobitak.<\/p>\n<h2>Kako kupiti ulaznice za francusku lutriju online<\/h2>\n<p>Kada ste spremni za kupnju, prvo \u0161to trebate je mjesto gdje \u0107ete to u\u010diniti. Ne\u0107ete mo\u0107i sami pro\u0161etati do svoje lokalne trgovine onako kako biste mogli kad vas uhvati raspolo\u017eenje za neke lokalne igre. Umjesto toga, morat \u0107ete se povezati s internetom i prona\u0107i uglednog trgovca koji vam mo\u017ee pomo\u0107i (\u0161to vam ne bi trebao biti problem, zar ne, ve\u0107 ste ovdje). Tako\u0111er \u0107ete mo\u0107i dobiti sve iste pogodnosti koje biste imali da \u017eivite u Francuskoj i da mo\u017eete kupiti karte lokalno. Dakle, ne morate ni\u0161ta \u017ertvovati.<\/p>\n","protected":false},"excerpt":{"rendered":"<p>Tra\u017eite li novu igru za igranje, ali niste sigurni koja bi to trebala biti? Pa, ako ste jo\u0161 uvijek neodlu\u010dni, trebali biste pogledati kako kupiti listi\u0107e za francusku lutriju online. Ovo \u0107e biti jedan od va\u0161ih najboljih odabira kada saznate kako funkcionira jer \u0107e biti jednostavno, lako i zabavno za svakoga tko voli lutriju. Na [&hellip;]<\/p>\n","protected":false},"author":1,"featured_media":0,"parent":16714,"menu_order":31,"comment_status":"closed","ping_status":"closed","template":"lotto-fr-info.php","meta":{"_et_pb_use_builder":"","_et_pb_old_content":"","_et_gb_content_width":"","exclude_from_search":false,"footnotes":""},"class_list":["post-61015","page","type-page","status-publish","hentry"],"yoast_head":"<!-- This site is optimized with the Yoast SEO plugin v23.8 - https:\/\/yoast.com\/wordpress\/plugins\/seo\/ -->\n<title>Kako kupiti ulaznice za francusku lutriju online<\/title>\n<meta name=\"description\" content=\"Jeste li spremni kupiti ulaznice za francusku lutriju online? Prona\u0111ite sve \u0161to trebate znati o tome ovdje!\" \/>\n<meta name=\"robots\" content=\"index, follow, max-snippet:-1, max-image-preview:large, max-video-preview:-1\" \/>\n<link rel=\"canonical\" href=\"https:\/\/redfoxlotto.com\/hr\/lutrije\/loto-fr\/\" \/>\n<meta property=\"og:locale\" content=\"hr_HR\" \/>\n<meta property=\"og:type\" content=\"article\" \/>\n<meta property=\"og:title\" content=\"Kako kupiti ulaznice za francusku lutriju online\" \/>\n<meta property=\"og:description\" content=\"Jeste li spremni kupiti ulaznice za francusku lutriju online? Prona\u0111ite sve \u0161to trebate znati o tome ovdje!\" \/>\n<meta property=\"og:url\" content=\"https:\/\/redfoxlotto.com\/hr\/lutrije\/loto-fr\/\" \/>\n<meta property=\"og:site_name\" content=\"Get Tickets for the World\u2019s largest jackpots\" \/>\n<meta property=\"article:modified_time\" content=\"2023-06-01T10:56:51+00:00\" \/>\n<meta property=\"og:image\" content=\"https:\/\/content.redfoxlotto.com\/uploads\/sites\/9\/jackpot_lottery_online.jpg\" \/>\n<meta name=\"twitter:card\" content=\"summary_large_image\" \/>\n<meta name=\"twitter:label1\" content=\"Procijenjeno vrijeme \u010ditanja\" \/>\n\t<meta name=\"twitter:data1\" content=\"3 minute\" \/>\n<script type=\"application\/ld+json\" class=\"yoast-schema-graph\">{\"@context\":\"https:\/\/schema.org\",\"@graph\":[{\"@type\":\"WebPage\",\"@id\":\"https:\/\/redfoxlotto.com\/hr\/lutrije\/loto-fr\/\",\"url\":\"https:\/\/redfoxlotto.com\/hr\/lutrije\/loto-fr\/\",\"name\":\"Kako kupiti ulaznice za francusku lutriju online\",\"isPartOf\":{\"@id\":\"https:\/\/redfoxlotto.com\/hr\/#website\"},\"primaryImageOfPage\":{\"@id\":\"https:\/\/redfoxlotto.com\/hr\/lutrije\/loto-fr\/#primaryimage\"},\"image\":{\"@id\":\"https:\/\/redfoxlotto.com\/hr\/lutrije\/loto-fr\/#primaryimage\"},\"thumbnailUrl\":\"https:\/\/content.redfoxlotto.com\/uploads\/sites\/9\/jackpot_lottery_online.jpg\",\"datePublished\":\"2019-08-09T14:33:52+00:00\",\"dateModified\":\"2023-06-01T10:56:51+00:00\",\"description\":\"Jeste li spremni kupiti ulaznice za francusku lutriju online? Prona\u0111ite sve \u0161to trebate znati o tome ovdje!\",\"breadcrumb\":{\"@id\":\"https:\/\/redfoxlotto.com\/hr\/lutrije\/loto-fr\/#breadcrumb\"},\"inLanguage\":\"hr\",\"potentialAction\":[{\"@type\":\"ReadAction\",\"target\":[\"https:\/\/redfoxlotto.com\/hr\/lutrije\/loto-fr\/\"]}]},{\"@type\":\"ImageObject\",\"inLanguage\":\"hr\",\"@id\":\"https:\/\/redfoxlotto.com\/hr\/lutrije\/loto-fr\/#primaryimage\",\"url\":\"https:\/\/content.redfoxlotto.com\/uploads\/sites\/9\/jackpot_lottery_online.jpg\",\"contentUrl\":\"https:\/\/content.redfoxlotto.com\/uploads\/sites\/9\/jackpot_lottery_online.jpg\"},{\"@type\":\"BreadcrumbList\",\"@id\":\"https:\/\/redfoxlotto.com\/hr\/lutrije\/loto-fr\/#breadcrumb\",\"itemListElement\":[{\"@type\":\"ListItem\",\"position\":1,\"name\":\"Home\",\"item\":\"https:\/\/redfoxlotto.com\/hr\/\"},{\"@type\":\"ListItem\",\"position\":2,\"name\":\"Kako kupiti loto listi\u0107e on-line \u2013 proces kupovine\",\"item\":\"https:\/\/redfoxlotto.com\/hr\/lutrije\/\"},{\"@type\":\"ListItem\",\"position\":3,\"name\":\"O Francuskoj lutriji\"}]},{\"@type\":\"WebSite\",\"@id\":\"https:\/\/redfoxlotto.com\/hr\/#website\",\"url\":\"https:\/\/redfoxlotto.com\/hr\/\",\"name\":\"Get Tickets for the World\u2019s largest jackpots\",\"description\":\"Participate in worldwide lottery jackpots from any country\",\"publisher\":{\"@id\":\"https:\/\/redfoxlotto.com\/hr\/#organization\"},\"potentialAction\":[{\"@type\":\"SearchAction\",\"target\":{\"@type\":\"EntryPoint\",\"urlTemplate\":\"https:\/\/redfoxlotto.com\/hr\/?s={search_term_string}\"},\"query-input\":{\"@type\":\"PropertyValueSpecification\",\"valueRequired\":true,\"valueName\":\"search_term_string\"}}],\"inLanguage\":\"hr\"},{\"@type\":\"Organization\",\"@id\":\"https:\/\/redfoxlotto.com\/hr\/#organization\",\"name\":\"Get Tickets for the World\u2019s largest jackpots\",\"url\":\"https:\/\/redfoxlotto.com\/hr\/\",\"logo\":{\"@type\":\"ImageObject\",\"inLanguage\":\"hr\",\"@id\":\"https:\/\/redfoxlotto.com\/hr\/#\/schema\/logo\/image\/\",\"url\":\"https:\/\/redfoxlotto.com\/wp-content\/uploads\/2023\/04\/logo.png\",\"contentUrl\":\"https:\/\/redfoxlotto.com\/wp-content\/uploads\/2023\/04\/logo.png\",\"width\":269,\"height\":53,\"caption\":\"Get Tickets for the World\u2019s largest jackpots\"},\"image\":{\"@id\":\"https:\/\/redfoxlotto.com\/hr\/#\/schema\/logo\/image\/\"}}]}<\/script>\n<!-- \/ Yoast SEO plugin. -->","yoast_head_json":{"title":"Kako kupiti ulaznice za francusku lutriju online","description":"Jeste li spremni kupiti ulaznice za francusku lutriju online? Prona\u0111ite sve \u0161to trebate znati o tome ovdje!","robots":{"index":"index","follow":"follow","max-snippet":"max-snippet:-1","max-image-preview":"max-image-preview:large","max-video-preview":"max-video-preview:-1"},"canonical":"https:\/\/redfoxlotto.com\/hr\/lutrije\/loto-fr\/","og_locale":"hr_HR","og_type":"article","og_title":"Kako kupiti ulaznice za francusku lutriju online","og_description":"Jeste li spremni kupiti ulaznice za francusku lutriju online? Prona\u0111ite sve \u0161to trebate znati o tome ovdje!","og_url":"https:\/\/redfoxlotto.com\/hr\/lutrije\/loto-fr\/","og_site_name":"Get Tickets for the World\u2019s largest jackpots","article_modified_time":"2023-06-01T10:56:51+00:00","og_image":[{"url":"https:\/\/content.redfoxlotto.com\/uploads\/sites\/9\/jackpot_lottery_online.jpg"}],"twitter_card":"summary_large_image","twitter_misc":{"Procijenjeno vrijeme \u010ditanja":"3 minute"},"schema":{"@context":"https:\/\/schema.org","@graph":[{"@type":"WebPage","@id":"https:\/\/redfoxlotto.com\/hr\/lutrije\/loto-fr\/","url":"https:\/\/redfoxlotto.com\/hr\/lutrije\/loto-fr\/","name":"Kako kupiti ulaznice za francusku lutriju online","isPartOf":{"@id":"https:\/\/redfoxlotto.com\/hr\/#website"},"primaryImageOfPage":{"@id":"https:\/\/redfoxlotto.com\/hr\/lutrije\/loto-fr\/#primaryimage"},"image":{"@id":"https:\/\/redfoxlotto.com\/hr\/lutrije\/loto-fr\/#primaryimage"},"thumbnailUrl":"https:\/\/content.redfoxlotto.com\/uploads\/sites\/9\/jackpot_lottery_online.jpg","datePublished":"2019-08-09T14:33:52+00:00","dateModified":"2023-06-01T10:56:51+00:00","description":"Jeste li spremni kupiti ulaznice za francusku lutriju online? Prona\u0111ite sve \u0161to trebate znati o tome ovdje!","breadcrumb":{"@id":"https:\/\/redfoxlotto.com\/hr\/lutrije\/loto-fr\/#breadcrumb"},"inLanguage":"hr","potentialAction":[{"@type":"ReadAction","target":["https:\/\/redfoxlotto.com\/hr\/lutrije\/loto-fr\/"]}]},{"@type":"ImageObject","inLanguage":"hr","@id":"https:\/\/redfoxlotto.com\/hr\/lutrije\/loto-fr\/#primaryimage","url":"https:\/\/content.redfoxlotto.com\/uploads\/sites\/9\/jackpot_lottery_online.jpg","contentUrl":"https:\/\/content.redfoxlotto.com\/uploads\/sites\/9\/jackpot_lottery_online.jpg"},{"@type":"BreadcrumbList","@id":"https:\/\/redfoxlotto.com\/hr\/lutrije\/loto-fr\/#breadcrumb","itemListElement":[{"@type":"ListItem","position":1,"name":"Home","item":"https:\/\/redfoxlotto.com\/hr\/"},{"@type":"ListItem","position":2,"name":"Kako kupiti loto listi\u0107e on-line \u2013 proces kupovine","item":"https:\/\/redfoxlotto.com\/hr\/lutrije\/"},{"@type":"ListItem","position":3,"name":"O Francuskoj lutriji"}]},{"@type":"WebSite","@id":"https:\/\/redfoxlotto.com\/hr\/#website","url":"https:\/\/redfoxlotto.com\/hr\/","name":"Get Tickets for the World\u2019s largest jackpots","description":"Participate in worldwide lottery jackpots from any country","publisher":{"@id":"https:\/\/redfoxlotto.com\/hr\/#organization"},"potentialAction":[{"@type":"SearchAction","target":{"@type":"EntryPoint","urlTemplate":"https:\/\/redfoxlotto.com\/hr\/?s={search_term_string}"},"query-input":{"@type":"PropertyValueSpecification","valueRequired":true,"valueName":"search_term_string"}}],"inLanguage":"hr"},{"@type":"Organization","@id":"https:\/\/redfoxlotto.com\/hr\/#organization","name":"Get Tickets for the World\u2019s largest jackpots","url":"https:\/\/redfoxlotto.com\/hr\/","logo":{"@type":"ImageObject","inLanguage":"hr","@id":"https:\/\/redfoxlotto.com\/hr\/#\/schema\/logo\/image\/","url":"https:\/\/redfoxlotto.com\/wp-content\/uploads\/2023\/04\/logo.png","contentUrl":"https:\/\/redfoxlotto.com\/wp-content\/uploads\/2023\/04\/logo.png","width":269,"height":53,"caption":"Get Tickets for the World\u2019s largest jackpots"},"image":{"@id":"https:\/\/redfoxlotto.com\/hr\/#\/schema\/logo\/image\/"}}]}},"_links":{"self":[{"href":"https:\/\/redfoxlotto.com\/hr\/wp-json\/wp\/v2\/pages\/61015","targetHints":{"allow":["GET"]}}],"collection":[{"href":"https:\/\/redfoxlotto.com\/hr\/wp-json\/wp\/v2\/pages"}],"about":[{"href":"https:\/\/redfoxlotto.com\/hr\/wp-json\/wp\/v2\/types\/page"}],"author":[{"embeddable":true,"href":"https:\/\/redfoxlotto.com\/hr\/wp-json\/wp\/v2\/users\/1"}],"replies":[{"embeddable":true,"href":"https:\/\/redfoxlotto.com\/hr\/wp-json\/wp\/v2\/comments?post=61015"}],"version-history":[{"count":0,"href":"https:\/\/redfoxlotto.com\/hr\/wp-json\/wp\/v2\/pages\/61015\/revisions"}],"up":[{"embeddable":true,"href":"https:\/\/redfoxlotto.com\/hr\/wp-json\/wp\/v2\/pages\/16714"}],"wp:attachment":[{"href":"https:\/\/redfoxlotto.com\/hr\/wp-json\/wp\/v2\/media?parent=61015"}],"curies":[{"name":"wp","href":"https:\/\/api.w.org\/{rel}","templated":true}]}}