{"id":61009,"date":"2022-09-26T12:33:09","date_gmt":"2022-09-26T12:33:09","guid":{"rendered":"https:\/\/redfoxlotto.eu\/?page_id=61009"},"modified":"2024-11-17T06:18:52","modified_gmt":"2024-11-17T06:18:52","slug":"thunderball","status":"publish","type":"page","link":"https:\/\/redfoxlotto.com\/hr\/lutrije\/thunderball\/","title":{"rendered":"O Thunderballu"},"content":{"rendered":"<h2>Kupite ulaznice za Thunderball UK Lotto online?<\/h2>\n<p>Kad god ste spremni kupiti ulaznice za Thunderball UK Lotto online, mo\u017eete pobli\u017ee pogledati opcije na RedFoxLotto.com. Mo\u017eda \u0107ete se \u010dak iznenaditi koliko je jednostavno igrati. Sve \u0161to trebate u\u010diniti je odabrati 5 obi\u010dnih brojeva i 1 Thunderball. Zatim odaberite datume za izvla\u010denje. Samo tako mo\u017eete pobijediti sa samo 1 odgovaraju\u0107im brojem!<\/p>\n<h2>Kupujete svoje karte za Thunderball UK Lotto?<\/h2>\n<p>Kada do\u0111e vrijeme za online kupnju ulaznica za Thunderball UK Lotto, trebat \u0107e vam usluga koja vam omogu\u0107uje odabir listi\u0107a koje \u017eelite, iz bilo koje igre koju \u017eelite. Tu uska\u010de RedFoxLotto.com. Mo\u017eete odabrati bilo koju igru koju \u017eelite igrati i odabrati karte koje \u017eelite.<\/p>\n<p>Vi birate brojeve koje \u017eelite igrati ili upotrijebite Quick Pick da bi brojevi bili odabrani za vas. Zatim odaberite svoje datume i broj crte\u017ea koji \u017eelite te svoj omiljeni na\u010din pla\u0107anja.<\/p>\n<p><img decoding=\"async\" class=\" wp-image alignright\" src=\"https:\/\/content.redfoxlotto.com\/uploads\/sites\/9\/1_lotto_money_win.jpg\" alt=\"kupite Thunderball online\" \/><\/p>\n<p>Nakon \u0161to ste kupili svoje ulaznice samo \u010dekate izvla\u010denje, a nadamo se i dobre vijesti koje \u0107e uslijediti.<\/p>\n<h2>Provjeravate svoje dobitne brojeve?<\/h2>\n<p>Nakon izvla\u010denja mo\u017eete se ponovno prijaviti na svoj ra\u010dun na RedFoxLotto.com kako biste vidjeli kako se brojevi va\u0161ih listi\u0107a mogu usporediti s dobitnim brojevima. Bit \u0107e tu na va\u0161em ra\u010dunu za karte i bit \u0107e vam puno lak\u0161e. Sve \u0161to trebate u\u010diniti je vidjeti koji su brojevi istaknuti da vidite koji odgovaraju.<\/p>\n","protected":false},"excerpt":{"rendered":"<p>Kupite ulaznice za Thunderball UK Lotto online? Kad god ste spremni kupiti ulaznice za Thunderball UK Lotto online, mo\u017eete pobli\u017ee pogledati opcije na RedFoxLotto.com. Mo\u017eda \u0107ete se \u010dak iznenaditi koliko je jednostavno igrati. Sve \u0161to trebate u\u010diniti je odabrati 5 obi\u010dnih brojeva i 1 Thunderball. Zatim odaberite datume za izvla\u010denje. Samo tako mo\u017eete pobijediti sa [&hellip;]<\/p>\n","protected":false},"author":1,"featured_media":0,"parent":16714,"menu_order":11,"comment_status":"closed","ping_status":"closed","template":"thunderball-info.php","meta":{"_et_pb_use_builder":"","_et_pb_old_content":"","_et_gb_content_width":"","exclude_from_search":false,"footnotes":""},"class_list":["post-61009","page","type-page","status-publish","hentry"],"yoast_head":"<!-- This site is optimized with the Yoast SEO plugin v23.8 - https:\/\/yoast.com\/wordpress\/plugins\/seo\/ -->\n<title>Nabavite svoju kartu za Thunderball Lotto online<\/title>\n<meta name=\"description\" content=\"Kupite listi\u0107e za Thunderball Lotto \u010dak i ako ne \u017eivite u Ujedinjenom Kraljevstvu\" \/>\n<meta name=\"robots\" content=\"index, follow, max-snippet:-1, max-image-preview:large, max-video-preview:-1\" \/>\n<link rel=\"canonical\" href=\"https:\/\/redfoxlotto.com\/hr\/lutrije\/thunderball\/\" \/>\n<meta property=\"og:locale\" content=\"hr_HR\" \/>\n<meta property=\"og:type\" content=\"article\" \/>\n<meta property=\"og:title\" content=\"Nabavite svoju kartu za Thunderball Lotto online\" \/>\n<meta property=\"og:description\" content=\"Kupite listi\u0107e za Thunderball Lotto \u010dak i ako ne \u017eivite u Ujedinjenom Kraljevstvu\" \/>\n<meta property=\"og:url\" content=\"https:\/\/redfoxlotto.com\/hr\/lutrije\/thunderball\/\" \/>\n<meta property=\"og:site_name\" content=\"Get Tickets for the World\u2019s largest jackpots\" \/>\n<meta property=\"article:modified_time\" content=\"2024-11-17T06:18:52+00:00\" \/>\n<meta property=\"og:image\" content=\"https:\/\/content.redfoxlotto.com\/uploads\/sites\/9\/1_lotto_money_win.jpg\" \/>\n<meta name=\"twitter:card\" content=\"summary_large_image\" \/>\n<meta name=\"twitter:label1\" content=\"Procijenjeno vrijeme \u010ditanja\" \/>\n\t<meta name=\"twitter:data1\" content=\"1 minuta\" \/>\n<script type=\"application\/ld+json\" class=\"yoast-schema-graph\">{\"@context\":\"https:\/\/schema.org\",\"@graph\":[{\"@type\":\"WebPage\",\"@id\":\"https:\/\/redfoxlotto.com\/hr\/lutrije\/thunderball\/\",\"url\":\"https:\/\/redfoxlotto.com\/hr\/lutrije\/thunderball\/\",\"name\":\"Nabavite svoju kartu za Thunderball Lotto online\",\"isPartOf\":{\"@id\":\"https:\/\/redfoxlotto.com\/hr\/#website\"},\"primaryImageOfPage\":{\"@id\":\"https:\/\/redfoxlotto.com\/hr\/lutrije\/thunderball\/#primaryimage\"},\"image\":{\"@id\":\"https:\/\/redfoxlotto.com\/hr\/lutrije\/thunderball\/#primaryimage\"},\"thumbnailUrl\":\"https:\/\/content.redfoxlotto.com\/uploads\/sites\/9\/1_lotto_money_win.jpg\",\"datePublished\":\"2022-09-26T12:33:09+00:00\",\"dateModified\":\"2024-11-17T06:18:52+00:00\",\"description\":\"Kupite listi\u0107e za Thunderball Lotto \u010dak i ako ne \u017eivite u Ujedinjenom Kraljevstvu\",\"breadcrumb\":{\"@id\":\"https:\/\/redfoxlotto.com\/hr\/lutrije\/thunderball\/#breadcrumb\"},\"inLanguage\":\"hr\",\"potentialAction\":[{\"@type\":\"ReadAction\",\"target\":[\"https:\/\/redfoxlotto.com\/hr\/lutrije\/thunderball\/\"]}]},{\"@type\":\"ImageObject\",\"inLanguage\":\"hr\",\"@id\":\"https:\/\/redfoxlotto.com\/hr\/lutrije\/thunderball\/#primaryimage\",\"url\":\"https:\/\/content.redfoxlotto.com\/uploads\/sites\/9\/1_lotto_money_win.jpg\",\"contentUrl\":\"https:\/\/content.redfoxlotto.com\/uploads\/sites\/9\/1_lotto_money_win.jpg\"},{\"@type\":\"BreadcrumbList\",\"@id\":\"https:\/\/redfoxlotto.com\/hr\/lutrije\/thunderball\/#breadcrumb\",\"itemListElement\":[{\"@type\":\"ListItem\",\"position\":1,\"name\":\"Home\",\"item\":\"https:\/\/redfoxlotto.com\/hr\/\"},{\"@type\":\"ListItem\",\"position\":2,\"name\":\"Kako kupiti loto listi\u0107e on-line \u2013 proces kupovine\",\"item\":\"https:\/\/redfoxlotto.com\/hr\/lutrije\/\"},{\"@type\":\"ListItem\",\"position\":3,\"name\":\"O Thunderballu\"}]},{\"@type\":\"WebSite\",\"@id\":\"https:\/\/redfoxlotto.com\/hr\/#website\",\"url\":\"https:\/\/redfoxlotto.com\/hr\/\",\"name\":\"Get Tickets for the World\u2019s largest jackpots\",\"description\":\"Participate in worldwide lottery jackpots from any country\",\"publisher\":{\"@id\":\"https:\/\/redfoxlotto.com\/hr\/#organization\"},\"potentialAction\":[{\"@type\":\"SearchAction\",\"target\":{\"@type\":\"EntryPoint\",\"urlTemplate\":\"https:\/\/redfoxlotto.com\/hr\/?s={search_term_string}\"},\"query-input\":{\"@type\":\"PropertyValueSpecification\",\"valueRequired\":true,\"valueName\":\"search_term_string\"}}],\"inLanguage\":\"hr\"},{\"@type\":\"Organization\",\"@id\":\"https:\/\/redfoxlotto.com\/hr\/#organization\",\"name\":\"Get Tickets for the World\u2019s largest jackpots\",\"url\":\"https:\/\/redfoxlotto.com\/hr\/\",\"logo\":{\"@type\":\"ImageObject\",\"inLanguage\":\"hr\",\"@id\":\"https:\/\/redfoxlotto.com\/hr\/#\/schema\/logo\/image\/\",\"url\":\"https:\/\/redfoxlotto.com\/wp-content\/uploads\/2023\/04\/logo.png\",\"contentUrl\":\"https:\/\/redfoxlotto.com\/wp-content\/uploads\/2023\/04\/logo.png\",\"width\":269,\"height\":53,\"caption\":\"Get Tickets for the World\u2019s largest jackpots\"},\"image\":{\"@id\":\"https:\/\/redfoxlotto.com\/hr\/#\/schema\/logo\/image\/\"}}]}<\/script>\n<!-- \/ Yoast SEO plugin. -->","yoast_head_json":{"title":"Nabavite svoju kartu za Thunderball Lotto online","description":"Kupite listi\u0107e za Thunderball Lotto \u010dak i ako ne \u017eivite u Ujedinjenom Kraljevstvu","robots":{"index":"index","follow":"follow","max-snippet":"max-snippet:-1","max-image-preview":"max-image-preview:large","max-video-preview":"max-video-preview:-1"},"canonical":"https:\/\/redfoxlotto.com\/hr\/lutrije\/thunderball\/","og_locale":"hr_HR","og_type":"article","og_title":"Nabavite svoju kartu za Thunderball Lotto online","og_description":"Kupite listi\u0107e za Thunderball Lotto \u010dak i ako ne \u017eivite u Ujedinjenom Kraljevstvu","og_url":"https:\/\/redfoxlotto.com\/hr\/lutrije\/thunderball\/","og_site_name":"Get Tickets for the World\u2019s largest jackpots","article_modified_time":"2024-11-17T06:18:52+00:00","og_image":[{"url":"https:\/\/content.redfoxlotto.com\/uploads\/sites\/9\/1_lotto_money_win.jpg"}],"twitter_card":"summary_large_image","twitter_misc":{"Procijenjeno vrijeme \u010ditanja":"1 minuta"},"schema":{"@context":"https:\/\/schema.org","@graph":[{"@type":"WebPage","@id":"https:\/\/redfoxlotto.com\/hr\/lutrije\/thunderball\/","url":"https:\/\/redfoxlotto.com\/hr\/lutrije\/thunderball\/","name":"Nabavite svoju kartu za Thunderball Lotto online","isPartOf":{"@id":"https:\/\/redfoxlotto.com\/hr\/#website"},"primaryImageOfPage":{"@id":"https:\/\/redfoxlotto.com\/hr\/lutrije\/thunderball\/#primaryimage"},"image":{"@id":"https:\/\/redfoxlotto.com\/hr\/lutrije\/thunderball\/#primaryimage"},"thumbnailUrl":"https:\/\/content.redfoxlotto.com\/uploads\/sites\/9\/1_lotto_money_win.jpg","datePublished":"2022-09-26T12:33:09+00:00","dateModified":"2024-11-17T06:18:52+00:00","description":"Kupite listi\u0107e za Thunderball Lotto \u010dak i ako ne \u017eivite u Ujedinjenom Kraljevstvu","breadcrumb":{"@id":"https:\/\/redfoxlotto.com\/hr\/lutrije\/thunderball\/#breadcrumb"},"inLanguage":"hr","potentialAction":[{"@type":"ReadAction","target":["https:\/\/redfoxlotto.com\/hr\/lutrije\/thunderball\/"]}]},{"@type":"ImageObject","inLanguage":"hr","@id":"https:\/\/redfoxlotto.com\/hr\/lutrije\/thunderball\/#primaryimage","url":"https:\/\/content.redfoxlotto.com\/uploads\/sites\/9\/1_lotto_money_win.jpg","contentUrl":"https:\/\/content.redfoxlotto.com\/uploads\/sites\/9\/1_lotto_money_win.jpg"},{"@type":"BreadcrumbList","@id":"https:\/\/redfoxlotto.com\/hr\/lutrije\/thunderball\/#breadcrumb","itemListElement":[{"@type":"ListItem","position":1,"name":"Home","item":"https:\/\/redfoxlotto.com\/hr\/"},{"@type":"ListItem","position":2,"name":"Kako kupiti loto listi\u0107e on-line \u2013 proces kupovine","item":"https:\/\/redfoxlotto.com\/hr\/lutrije\/"},{"@type":"ListItem","position":3,"name":"O Thunderballu"}]},{"@type":"WebSite","@id":"https:\/\/redfoxlotto.com\/hr\/#website","url":"https:\/\/redfoxlotto.com\/hr\/","name":"Get Tickets for the World\u2019s largest jackpots","description":"Participate in worldwide lottery jackpots from any country","publisher":{"@id":"https:\/\/redfoxlotto.com\/hr\/#organization"},"potentialAction":[{"@type":"SearchAction","target":{"@type":"EntryPoint","urlTemplate":"https:\/\/redfoxlotto.com\/hr\/?s={search_term_string}"},"query-input":{"@type":"PropertyValueSpecification","valueRequired":true,"valueName":"search_term_string"}}],"inLanguage":"hr"},{"@type":"Organization","@id":"https:\/\/redfoxlotto.com\/hr\/#organization","name":"Get Tickets for the World\u2019s largest jackpots","url":"https:\/\/redfoxlotto.com\/hr\/","logo":{"@type":"ImageObject","inLanguage":"hr","@id":"https:\/\/redfoxlotto.com\/hr\/#\/schema\/logo\/image\/","url":"https:\/\/redfoxlotto.com\/wp-content\/uploads\/2023\/04\/logo.png","contentUrl":"https:\/\/redfoxlotto.com\/wp-content\/uploads\/2023\/04\/logo.png","width":269,"height":53,"caption":"Get Tickets for the World\u2019s largest jackpots"},"image":{"@id":"https:\/\/redfoxlotto.com\/hr\/#\/schema\/logo\/image\/"}}]}},"_links":{"self":[{"href":"https:\/\/redfoxlotto.com\/hr\/wp-json\/wp\/v2\/pages\/61009","targetHints":{"allow":["GET"]}}],"collection":[{"href":"https:\/\/redfoxlotto.com\/hr\/wp-json\/wp\/v2\/pages"}],"about":[{"href":"https:\/\/redfoxlotto.com\/hr\/wp-json\/wp\/v2\/types\/page"}],"author":[{"embeddable":true,"href":"https:\/\/redfoxlotto.com\/hr\/wp-json\/wp\/v2\/users\/1"}],"replies":[{"embeddable":true,"href":"https:\/\/redfoxlotto.com\/hr\/wp-json\/wp\/v2\/comments?post=61009"}],"version-history":[{"count":0,"href":"https:\/\/redfoxlotto.com\/hr\/wp-json\/wp\/v2\/pages\/61009\/revisions"}],"up":[{"embeddable":true,"href":"https:\/\/redfoxlotto.com\/hr\/wp-json\/wp\/v2\/pages\/16714"}],"wp:attachment":[{"href":"https:\/\/redfoxlotto.com\/hr\/wp-json\/wp\/v2\/media?parent=61009"}],"curies":[{"name":"wp","href":"https:\/\/api.w.org\/{rel}","templated":true}]}}