{"id":60996,"date":"2019-08-09T14:24:22","date_gmt":"2019-08-09T14:24:22","guid":{"rendered":"https:\/\/redfoxlotto.eu\/?page_id=60996"},"modified":"2025-12-10T22:57:57","modified_gmt":"2025-12-10T22:57:57","slug":"loto-fr","status":"publish","type":"page","link":"https:\/\/redfoxlotto.com\/hr\/igrajte\/loto-fr\/","title":{"rendered":"Igrajte francuski loto"},"content":{"rendered":"<p><script type=\"application\/ld+json\">\n{\n\"@context\": \"https:\/\/schema.org\",\n\"@type\": \"Service\",\n\"name\": \"French Lotto online\",\n\"url\": \"https:\/\/redfoxlotto.com\/hr\/igrajte\/loto-fr\/\",\n\"description\": \"Kupite slu\u017ebene francuske loto listi\u0107e online putem RedFoxLotto. Odaberite svoje brojeve i pridru\u017eite se sljede\u0107em izvla\u010denju.\",\n\"serviceType\": \"Online lottery ticket purchase\",<\/p>\n<p>\"provider\": {\n\"@type\": \"Organization\",\n\"name\": \"RedFoxLotto\",\n\"url\": \"https:\/\/redfoxlotto.com\",\n\"logo\": \"https:\/\/redfoxlotto.com\/wp-content\/uploads\/logo.png\"\n},<\/p>\n<p>\"areaServed\": \"Worldwide\",\n\"termsOfService\": \"https:\/\/redfoxlotto.com\/terms-and-conditions\",<\/p>\n<p>\"hasOfferCatalog\": {\n\"@type\": \"OfferCatalog\",\n\"name\": \"French Lotto Offers\",\n\"itemListElement\": [\n{\n\"@type\": \"Offer\",\n\"name\": \"Lotto French Lotto Ticket\",\n\"url\": \"https:\/\/redfoxlotto.com\/hr\/igrajte\/loto-fr\/\",\n\"description\": \"Jedan ulaz za sljede\u0107e izvla\u010denje francuske lutrije.\",\n\"price\": \"6.00\",\n\"priceCurrency\": \"EUR\",\n\"availability\": \"https:\/\/schema.org\/InStock\",<\/p>\n<p>\"itemOffered\": {\n\"@type\": \"Service\",\n\"name\": \"French Lotto Lottery Entry\",\n\"description\": \"Sudjelovanje u sljede\u0107em izvla\u010denju francuske lutrije putem RedFoxLotto.\"\n}\n}\n]\n},<\/p>\n<p>\"mainEntityOfPage\": {\n\"@type\": \"WebPage\",\n\"@id\": \"https:\/\/redfoxlotto.com\/hr\/igrajte\/loto-fr\/\"\n}\n}\n<\/script><\/p>\n<p>Jeste li spremni igrati potpuno novu igru? Ako jeste, svakako biste trebali bolje pogledati francusku lutriju. Ako je prije niste igrali, mogli biste se zapravo iznenaditi koliko je sli\u010dna igrama koje ste igrali. Uostalom, sve je u zabavi i dobivanju nove prilike za osvajanje velike nagrade. A s francuskom lutrijom, imat \u0107ete toga u izobilju, jer \u0107e cijene ovdje definitivno biti dovoljne da budu vrijedne va\u0161eg vremena.<\/p>\n<h2>Kako igrati francusku lutriju online<\/h2>\n<p>Jeste li ikada igrali drugu vrstu lutrije online? Ili ste mo\u017eda ve\u0107 oti\u0161li u svoju lokalnu trgovinu po ulaznice. Ne govorimo o ogrebanoj vrsti gdje ste trenutni pobjednik. Ovdje govorimo o listi\u0107ima koje dobijete da odaberete brojeve i ne znate jeste li dobili ili niste satima ili \u010dak danima kasnije. Ovo su igre koje \u0107e biti jo\u0161 zabavnije i dati vam jo\u0161 vi\u0161e \u0161anse da zapravo osvojite veliku nagradu. Jer s nekima od njih zapravo mo\u017eete osvojiti milijune dolara.<\/p>\n<p>S francuskom lutrijom morate samo kupiti kartu online kako biste mogli po\u010deti igrati, a kupnja te karte je super jednostavna. Naravno, morat \u0107ete prona\u0107i pravu online uslugu koja vas mo\u017ee povezati s francuskom lutrijom. Zatim \u0107ete morati odabrati brojeve koji bi vas mogli u\u010diniti milijuna\u0161em. Za ovu odre\u0111enu igru, imat \u0107ete opciju pet brojeva plus bonus broj. Redoslijed kojim ste odabrali originalnu peticu nije bitan, ali pazite koji broj \u017eelite da bude va\u0161 bonus. Taj mora biti u pravu.<\/p>\n<h2>Kako osvojiti francusku lutriju online<\/h2>\n<p>Kada ste odabrali svoje brojeve, vrijeme je za \u010dekanje, \u0161to \u010desto mo\u017ee biti najgori dio. Definitivno ne \u017eelite samo \u010dekati i vidjeti \u0161to \u0107e se dogoditi, ali zapravo nema drugog izbora. Igra se izvla\u010di svakih par dana, s izvla\u010denjem ponedjeljkom, srijedom i subotom, tako da ne\u0107ete morati dugo \u010dekati, ali \u0107ete se morati malo strpiti, pogotovo jer gledanje rezultata u\u017eivo ba\u0161 i ne ide biti opcija. Umjesto toga, morat \u0107ete malo pri\u010dekati da vidite \u0161to \u0107e se dogoditi.<\/p>\n<p>Nakon \u0161to su brojevi izvu\u010deni, vrijeme je da ih provjerite. Mo\u017eete se odmah vratiti na mjesto gdje ste kupili ulaznicu kako biste prona\u0161li dobitne brojeve i vidjeli jeste li osvojili jackpot ili barem jednu od malih nagrada koje vam olak\u0161avaju nastavak igre. Manje nagrade se dijele za podudaranje bonus broja, dva broja osim bonus broja, dva broja plus bonus lopta ili bilo koja kombinacija ve\u0107a od toga. Mo\u017eete osvojiti mali iznos koji pokriva samo tro\u0161ak va\u0161e karte ili mo\u017eete osvojiti tisu\u0107e ili \u010dak milijune.<\/p>\n<h2>Biranje sljede\u0107e karte<\/h2>\n<p>Jednom kada saznate jeste li pobijedili ili niste, definitivno je vrijeme za ponovnu igru, zar ne? Ako ste ne\u0161to osvojili, super je lako unov\u010diti svoj listi\u0107 izravno na mre\u017ei ili taj novac mo\u017eete prebaciti u sljede\u0107i listi\u0107 koji \u017eelite kupiti. Bilo da se odlu\u010dite za francusku lutriju ili se odlu\u010dite za potpuno drugu igru, zapravo je vrlo lako odabrati sljede\u0107i set i pripremiti sve za to novo izvla\u010denje.<\/p>\n<p>Obratite pa\u017enju na sva pravila i propise. Pobrinite se da znate koje brojeve birate i koliko vam je potrebno da se pojave. I svakako pazite da obratite pozornost na to kada \u0107e taj crte\u017e biti. \u017delite biti sigurni da ste spremni i svakako \u017eelite znati jeste li ne\u0161to osvojili, zar ne? Dakle, provjerite jeste li pogledali prave web stranice i nemojte pogrije\u0161iti i propustiti sljede\u0107e izvla\u010denje.<\/p>\n<p>Postoji mnogo na\u010dina na koje mo\u017eete igrati French Lottery online i definitivno ne \u017eelite to propustiti.<\/p>\n","protected":false},"excerpt":{"rendered":"<p>Jeste li spremni igrati potpuno novu igru? Ako jeste, svakako biste trebali bolje pogledati francusku lutriju. Ako je prije niste igrali, mogli biste se zapravo iznenaditi koliko je sli\u010dna igrama koje ste igrali. Uostalom, sve je u zabavi i dobivanju nove prilike za osvajanje velike nagrade. A s francuskom lutrijom, imat \u0107ete toga u izobilju, [&hellip;]<\/p>\n","protected":false},"author":1,"featured_media":0,"parent":16732,"menu_order":33,"comment_status":"closed","ping_status":"closed","template":"lotto-fr.php","meta":{"_et_pb_use_builder":"","_et_pb_old_content":"","_et_gb_content_width":"","exclude_from_search":false,"footnotes":""},"class_list":["post-60996","page","type-page","status-publish","hentry"],"yoast_head":"<!-- This site is optimized with the Yoast SEO plugin v23.8 - https:\/\/yoast.com\/wordpress\/plugins\/seo\/ -->\n<title>Kako igrati francusku lutriju online<\/title>\n<meta name=\"description\" content=\"Kada budete spremni igrati francusku lutriju, ovo je pravo mjesto za po\u010detak.\" \/>\n<meta name=\"robots\" content=\"index, follow, max-snippet:-1, max-image-preview:large, max-video-preview:-1\" \/>\n<link rel=\"canonical\" href=\"https:\/\/redfoxlotto.com\/hr\/igrajte\/loto-fr\/\" \/>\n<meta property=\"og:locale\" content=\"hr_HR\" \/>\n<meta property=\"og:type\" content=\"article\" \/>\n<meta property=\"og:title\" content=\"Kako igrati francusku lutriju online\" \/>\n<meta property=\"og:description\" content=\"Kada budete spremni igrati francusku lutriju, ovo je pravo mjesto za po\u010detak.\" \/>\n<meta property=\"og:url\" content=\"https:\/\/redfoxlotto.com\/hr\/igrajte\/loto-fr\/\" \/>\n<meta property=\"og:site_name\" content=\"Get Tickets for the World\u2019s largest jackpots\" \/>\n<meta property=\"article:modified_time\" content=\"2025-12-10T22:57:57+00:00\" \/>\n<meta name=\"twitter:card\" content=\"summary_large_image\" \/>\n<meta name=\"twitter:label1\" content=\"Procijenjeno vrijeme \u010ditanja\" \/>\n\t<meta name=\"twitter:data1\" content=\"3 minute\" \/>\n<script type=\"application\/ld+json\" class=\"yoast-schema-graph\">{\"@context\":\"https:\/\/schema.org\",\"@graph\":[{\"@type\":\"WebPage\",\"@id\":\"https:\/\/redfoxlotto.com\/hr\/igrajte\/loto-fr\/\",\"url\":\"https:\/\/redfoxlotto.com\/hr\/igrajte\/loto-fr\/\",\"name\":\"Kako igrati francusku lutriju online\",\"isPartOf\":{\"@id\":\"https:\/\/redfoxlotto.com\/hr\/#website\"},\"datePublished\":\"2019-08-09T14:24:22+00:00\",\"dateModified\":\"2025-12-10T22:57:57+00:00\",\"description\":\"Kada budete spremni igrati francusku lutriju, ovo je pravo mjesto za po\u010detak.\",\"breadcrumb\":{\"@id\":\"https:\/\/redfoxlotto.com\/hr\/igrajte\/loto-fr\/#breadcrumb\"},\"inLanguage\":\"hr\",\"potentialAction\":[{\"@type\":\"ReadAction\",\"target\":[\"https:\/\/redfoxlotto.com\/hr\/igrajte\/loto-fr\/\"]}]},{\"@type\":\"BreadcrumbList\",\"@id\":\"https:\/\/redfoxlotto.com\/hr\/igrajte\/loto-fr\/#breadcrumb\",\"itemListElement\":[{\"@type\":\"ListItem\",\"position\":1,\"name\":\"Home\",\"item\":\"https:\/\/redfoxlotto.com\/hr\/\"},{\"@type\":\"ListItem\",\"position\":2,\"name\":\"Kako sudjelovati u lutrijama drugih dr\u017eava\",\"item\":\"https:\/\/redfoxlotto.com\/hr\/igrajte\/\"},{\"@type\":\"ListItem\",\"position\":3,\"name\":\"Igrajte francuski loto\"}]},{\"@type\":\"WebSite\",\"@id\":\"https:\/\/redfoxlotto.com\/hr\/#website\",\"url\":\"https:\/\/redfoxlotto.com\/hr\/\",\"name\":\"Get Tickets for the World\u2019s largest jackpots\",\"description\":\"Participate in worldwide lottery jackpots from any country\",\"publisher\":{\"@id\":\"https:\/\/redfoxlotto.com\/hr\/#organization\"},\"potentialAction\":[{\"@type\":\"SearchAction\",\"target\":{\"@type\":\"EntryPoint\",\"urlTemplate\":\"https:\/\/redfoxlotto.com\/hr\/?s={search_term_string}\"},\"query-input\":{\"@type\":\"PropertyValueSpecification\",\"valueRequired\":true,\"valueName\":\"search_term_string\"}}],\"inLanguage\":\"hr\"},{\"@type\":\"Organization\",\"@id\":\"https:\/\/redfoxlotto.com\/hr\/#organization\",\"name\":\"Get Tickets for the World\u2019s largest jackpots\",\"url\":\"https:\/\/redfoxlotto.com\/hr\/\",\"logo\":{\"@type\":\"ImageObject\",\"inLanguage\":\"hr\",\"@id\":\"https:\/\/redfoxlotto.com\/hr\/#\/schema\/logo\/image\/\",\"url\":\"https:\/\/redfoxlotto.com\/wp-content\/uploads\/2023\/04\/logo.png\",\"contentUrl\":\"https:\/\/redfoxlotto.com\/wp-content\/uploads\/2023\/04\/logo.png\",\"width\":269,\"height\":53,\"caption\":\"Get Tickets for the World\u2019s largest jackpots\"},\"image\":{\"@id\":\"https:\/\/redfoxlotto.com\/hr\/#\/schema\/logo\/image\/\"}}]}<\/script>\n<!-- \/ Yoast SEO plugin. -->","yoast_head_json":{"title":"Kako igrati francusku lutriju online","description":"Kada budete spremni igrati francusku lutriju, ovo je pravo mjesto za po\u010detak.","robots":{"index":"index","follow":"follow","max-snippet":"max-snippet:-1","max-image-preview":"max-image-preview:large","max-video-preview":"max-video-preview:-1"},"canonical":"https:\/\/redfoxlotto.com\/hr\/igrajte\/loto-fr\/","og_locale":"hr_HR","og_type":"article","og_title":"Kako igrati francusku lutriju online","og_description":"Kada budete spremni igrati francusku lutriju, ovo je pravo mjesto za po\u010detak.","og_url":"https:\/\/redfoxlotto.com\/hr\/igrajte\/loto-fr\/","og_site_name":"Get Tickets for the World\u2019s largest jackpots","article_modified_time":"2025-12-10T22:57:57+00:00","twitter_card":"summary_large_image","twitter_misc":{"Procijenjeno vrijeme \u010ditanja":"3 minute"},"schema":{"@context":"https:\/\/schema.org","@graph":[{"@type":"WebPage","@id":"https:\/\/redfoxlotto.com\/hr\/igrajte\/loto-fr\/","url":"https:\/\/redfoxlotto.com\/hr\/igrajte\/loto-fr\/","name":"Kako igrati francusku lutriju online","isPartOf":{"@id":"https:\/\/redfoxlotto.com\/hr\/#website"},"datePublished":"2019-08-09T14:24:22+00:00","dateModified":"2025-12-10T22:57:57+00:00","description":"Kada budete spremni igrati francusku lutriju, ovo je pravo mjesto za po\u010detak.","breadcrumb":{"@id":"https:\/\/redfoxlotto.com\/hr\/igrajte\/loto-fr\/#breadcrumb"},"inLanguage":"hr","potentialAction":[{"@type":"ReadAction","target":["https:\/\/redfoxlotto.com\/hr\/igrajte\/loto-fr\/"]}]},{"@type":"BreadcrumbList","@id":"https:\/\/redfoxlotto.com\/hr\/igrajte\/loto-fr\/#breadcrumb","itemListElement":[{"@type":"ListItem","position":1,"name":"Home","item":"https:\/\/redfoxlotto.com\/hr\/"},{"@type":"ListItem","position":2,"name":"Kako sudjelovati u lutrijama drugih dr\u017eava","item":"https:\/\/redfoxlotto.com\/hr\/igrajte\/"},{"@type":"ListItem","position":3,"name":"Igrajte francuski loto"}]},{"@type":"WebSite","@id":"https:\/\/redfoxlotto.com\/hr\/#website","url":"https:\/\/redfoxlotto.com\/hr\/","name":"Get Tickets for the World\u2019s largest jackpots","description":"Participate in worldwide lottery jackpots from any country","publisher":{"@id":"https:\/\/redfoxlotto.com\/hr\/#organization"},"potentialAction":[{"@type":"SearchAction","target":{"@type":"EntryPoint","urlTemplate":"https:\/\/redfoxlotto.com\/hr\/?s={search_term_string}"},"query-input":{"@type":"PropertyValueSpecification","valueRequired":true,"valueName":"search_term_string"}}],"inLanguage":"hr"},{"@type":"Organization","@id":"https:\/\/redfoxlotto.com\/hr\/#organization","name":"Get Tickets for the World\u2019s largest jackpots","url":"https:\/\/redfoxlotto.com\/hr\/","logo":{"@type":"ImageObject","inLanguage":"hr","@id":"https:\/\/redfoxlotto.com\/hr\/#\/schema\/logo\/image\/","url":"https:\/\/redfoxlotto.com\/wp-content\/uploads\/2023\/04\/logo.png","contentUrl":"https:\/\/redfoxlotto.com\/wp-content\/uploads\/2023\/04\/logo.png","width":269,"height":53,"caption":"Get Tickets for the World\u2019s largest jackpots"},"image":{"@id":"https:\/\/redfoxlotto.com\/hr\/#\/schema\/logo\/image\/"}}]}},"_links":{"self":[{"href":"https:\/\/redfoxlotto.com\/hr\/wp-json\/wp\/v2\/pages\/60996","targetHints":{"allow":["GET"]}}],"collection":[{"href":"https:\/\/redfoxlotto.com\/hr\/wp-json\/wp\/v2\/pages"}],"about":[{"href":"https:\/\/redfoxlotto.com\/hr\/wp-json\/wp\/v2\/types\/page"}],"author":[{"embeddable":true,"href":"https:\/\/redfoxlotto.com\/hr\/wp-json\/wp\/v2\/users\/1"}],"replies":[{"embeddable":true,"href":"https:\/\/redfoxlotto.com\/hr\/wp-json\/wp\/v2\/comments?post=60996"}],"version-history":[{"count":0,"href":"https:\/\/redfoxlotto.com\/hr\/wp-json\/wp\/v2\/pages\/60996\/revisions"}],"up":[{"embeddable":true,"href":"https:\/\/redfoxlotto.com\/hr\/wp-json\/wp\/v2\/pages\/16732"}],"wp:attachment":[{"href":"https:\/\/redfoxlotto.com\/hr\/wp-json\/wp\/v2\/media?parent=60996"}],"curies":[{"name":"wp","href":"https:\/\/api.w.org\/{rel}","templated":true}]}}