{"id":60328,"date":"2023-04-24T17:35:03","date_gmt":"2023-04-24T17:35:03","guid":{"rendered":"https:\/\/redfoxlotto.eu\/?page_id=60328"},"modified":"2025-12-15T22:01:16","modified_gmt":"2025-12-15T22:01:16","slug":"powerball","status":"publish","type":"page","link":"https:\/\/redfoxlotto.com\/hr\/igrajte\/powerball\/","title":{"rendered":"Igrajte Powerball online"},"content":{"rendered":"<p><script type=\"application\/ld+json\">\n{\n  \"@context\": \"https:\/\/schema.org\",\n  \"@type\": \"Service\",\n  \"name\": \"Igrajte Powerball online\",\n  \"url\": \"https:\/\/redfoxlotto.com\/hr\/igrajte\/powerball\/\",\n  \"description\": \"Igrajte Powerball lutriju online iz bilo koje zemlje. Posjetite RedFoxLotto, odaberite svoje brojeve i nabavite svoje listi\u0107e.\",\n  \"serviceType\": \"Online usluga dostave lutrijskih listi\u0107a\",\n  \"provider\": {\n    \"@type\": \"Organization\",\n    \"name\": \"RedFoxLotto\",\n    \"url\": \"https:\/\/redfoxlotto.com\/hr\/\",\n    \"image\": \"https:\/\/redfoxlotto.com\/wp-content\/uploads\/2025\/12\/ticket_scans.jpg\",\n    \"sameAs\": []\n  },\n  \"areaServed\": \"Worldwide\",\n  \"termsOfService\": \"https:\/\/redfoxlotto.com\/terms-and-conditions\",\n  \"additionalProperty\": {\n    \"@type\": \"PropertyValue\",\n    \"name\": \"FAQ\",\n    \"value\": \"https:\/\/redfoxlotto.com\/hr\/faq\/\"\n  },\n  \"hasOfferCatalog\": {\n    \"@type\": \"OfferCatalog\",\n    \"name\": \"Powerball lutrijski listi\u0107i\",\n    \"itemListElement\": [\n      {\n        \"@type\": \"Offer\",\n        \"name\": \"Powerball listi\u0107i\",\n        \"url\": \"https:\/\/redfoxlotto.com\/hr\/igrajte\/powerball\/\",\n        \"description\": \"Kliknite ovdje da odaberete svoje brojeve za sljede\u0107e Powerball izvla\u010denje \u2013 naru\u010dite listi\u0107e online.\",\n        \"price\": \"5.90\",\n        \"priceCurrency\": \"EUR\",\n        \"availability\": \"https:\/\/schema.org\/InStock\",\n        \"itemOffered\": {\n          \"@type\": \"Service\",\n          \"name\": \"Powerball lutrijski listi\u0107i\",\n          \"description\": \"Igrajte u sljede\u0107em Powerball izvla\u010denju putem RedFoxLotto.\"\n        }\n      }\n    ]\n  },\n  \"mainEntityOfPage\": {\n    \"@type\": \"WebPage\",\n    \"@id\": \"https:\/\/redfoxlotto.com\/hr\/igrajte\/powerball\/\"\n  }\n}\n<\/script><\/p>\n<p>Ovo je lutrija koja redovito dolazi na naslovnice zbog svojih enormnih jackpotova. To je igra koja je imala jackpotove od preko milijardu dolara. A sada je i vi mo\u017eete igrati. Zanima vas o kojoj igri govorimo? To je Powerball US i dostupan je i iz Hrvatske, ili iz bilo koje druge zemlje. Jo\u0161 bolje, proces je super jednostavan za po\u010detak igre i otkrivanje kako igrati Powerball online.<\/p>\n<h2>Sada je tako jednostavno igrati Powerball online<\/h2>\n<p>Odaberite svoje brojeve, platite online i na\u0161i agenti \u0107e vam kupiti kartu. Ako \u017eelite odabrati brojeve koji vam se najvi\u0161e svi\u0111aju, onda to mo\u017eete u\u010diniti. Ako \u017eelite da mi odaberemo brojeve umjesto vas, mo\u017eete i to u\u010diniti. Ovo je na\u0161a usluga. \u0160to je jo\u0161 va\u017enije, ne morate brinuti ho\u0107ete li biti pla\u0107eni ako pobijedite. Mi \u0107emo se tako\u0111er pobrinuti za va\u0161u isplatu. \u010cini cijeli proces puno lak\u0161im.<\/p>\n<h2>Za\u0161to je Powerball jackpot tako \u010desto tako visok?<\/h2>\n<p>Pa, prvo zato \u0161to nikad ne mo\u017ee biti ni\u017ee od 20 milijuna dolara. Kad god je jackpot osvojen, glavna nagrada ponovno po\u010dinje iznositi 20 milijuna dolara. Kada se to dogodi, Powerball jackpot po\u010dinje rasti za 10 do 20 milijuna dolara po izvla\u010denju. Dva su izvla\u010denja tjedno. Dakle, potrebna su samo dva tjedna dok jackpot ne probije granicu od 100 milijuna dolara (naravno, osim ako netko ne osvoji glavnu nagradu). Nakon \u0161to se to dogodi, obi\u010dno se pove\u0107ava za 10-15% nakon svakog izvla\u010denja.<\/p>\n<p>Ako uspijete osvojiti jackpot tijekom ovih prvih nekoliko tjedana, imat \u0107ete stvarno veliku nagradu jer \u0107ete osvojiti milijune. \u010cak i pobjeda tog prvog tjedna zna\u010di da \u0107ete osvojiti ukupno 20 milijuna dolara.<\/p>\n<p>Ali \u0161to ako osvojite jackpot negdje nakon tog prvog izvla\u010denja? Velike su \u0161anse da \u0107e to biti kasnije, ako osvojite jer se ovaj jackpot rijetko osvaja kada je tako nizak.<\/p>\n<p>Ali redovito se doga\u0111a da se jackpot ne osvoji u razdoblju od osam do devet tjedana. Tada \u0107e dosegnuti 500 milijuna dolara ili vi\u0161e i doslovno svi stariji od 18 godina u SAD-u po\u010dinju igrati ovu lutriju. U tom trenutku lopta se stvarno zakotrlja.<\/p>\n<p>Dovoljno je samo jedno izvla\u010denje da se sa 500 milijuna dolara pre\u0111e na milijardu dolara ili vi\u0161e. Ovo je mjesto gdje \u0107e svi htjeti po\u010deti pobli\u017ee promatrati, a i vi ste definitivno dio te skupine.<\/p>\n<p>O\u010dito, ve\u0107i jackpotovi dobivaju svjetsku pozornost u medijima. To uklju\u010duje Hrvatsku, ali i ljubitelje lota iz cijelog svijeta koji \u017eele igrati Powerball online. Ovo je usluga koju mi pru\u017eamo. Ne samo za klijente iz Hrvatske, ve\u0107 za svaku punoljetnu osobu koja \u017eeli svoju priliku osvojiti Powerball USA jackpot. Dakle, mo\u017eete igrati Powerball online.<\/p>\n<h2>Kako funkcionira ameri\u010dki Powerball?<\/h2>\n<p><img loading=\"lazy\" decoding=\"async\" class=\"size-full wp-image-4635 alignright\" src=\"https:\/\/content.redfoxlotto.com\/uploads\/sites\/9\/1_play_powerball_usa.jpg\" alt=\"Igrajte Powerball online\" width=\"231\" height=\"130\" \/><br \/>\nAko \u017eelite kupiti kartu za Powerball, \u017eelite biti sigurni da znate kako zapo\u010deti, zar ne? Proces je super jednostavan i mi \u0107emo ga ovdje pro\u0107i. Igra\u010di moraju odabrati pet brojeva od 1 do 69 (bijele kuglice), plus 1 broj od 1 do 26 (crvene kuglice). Ovi se brojevi smatraju obi\u010dnim loptama i Powerballom.<\/p>\n<p>Da biste osvojili jackpot, morate imati svih 6 brojeva na listi\u0107u. Nedostatak jednog broja zna\u010di da \u0107ete osvojiti manju nagradu (ali \u0107ete osvojiti ne\u0161to \u010dak i ako dobijete samo 5 odgovaraju\u0107ih brojeva).<\/p>\n<h2>Mogu li vam najbolji brojevi Powerball lutrije pomo\u0107i da pobijedite?<\/h2>\n<p>Saznajte je li mogu\u0107e predvidjeti dobitne brojeve s najboljim brojevima Powerball lutrije. \u010citaj vi\u0161e<\/p>\n<p>Zapravo, s Powerballom \u0107ete osvojiti ne\u0161to ako spojite svih 5 obi\u010dnih brojeva i propustite Powerball. Tako\u0111er \u0107ete osvojiti ne\u0161to ako dobijete 4 regularna broja i Powerball. Jednostavno ne\u0107ete dobiti isti iznos kao da ste sve uskladili. To je tako\u0111er ne\u0161to sjajno u ovoj igri.<\/p>\n<h2>Je li legalno igrati ameri\u010dke lutrije iz Hrvatske?<\/h2>\n<p>Da je! Zamislite da ste u SAD-u &#8211; tamo mo\u017eete lako kupiti kartu. Ako pobijedite, imate pravni zahtjev da dobijete svoju nagradu. Me\u0111utim, ako pogledate pravila igre, lutrija nije ograni\u010dena na legalne stanovnike SAD-a. To zna\u010di da se zapravo mo\u017eete nalaziti bilo gdje u svijetu i da mo\u017eete legalno kupiti ulaznicu, a zatim mo\u017eete tra\u017eiti bilo koju nagradu na koju mo\u017eda imate pravo.<\/p>\n<p>Dakle, ako ste rezident Hrvatske, a netko drugi umjesto vas kupi kartu na licu mjesta, va\u0161 je zahtjev siguran. To je va\u0161a ulaznica i to je sve \u0161to je va\u017eno.<\/p>\n<p>Dakle, sada imate priliku igrati Powerball online. To je jedna od najboljih opcija i nju \u0107ete tako\u0111er htjeti pobli\u017ee pogledati na na\u0161oj web stranici. Mo\u017eemo vas u tren oka pripremiti da igrate Powerball online.<\/p>\n<p>Dakle, sada nema razloga da ne poku\u0161ate osvojiti Powerball jackpot &#8211; nabavite svoju online kartu sada!<\/p>\n<h2>Za i protiv Powerballa<\/h2>\n<p>Da biste igrali Powerball, trebali biste znati koje su prednosti i nedostaci. Pogotovo zato \u0161to kada igrate online, imate puno lutrija na izbor, a poznavanje karakteristika Powerballa i drugih lutrija postaje va\u017eno.<\/p>\n<h2>Powerball prednosti<\/h2>\n<ul>\n<li>Vrlo visok minimalni Powerball jackpot od 40 milijuna dolara, \u0161to je vi\u0161e nego \u0161to ve\u0107ina lutrija mo\u017ee ponuditi \u010dak i nakon \u0161to tjednima nitko nije osvojio glavni dobitak<\/li>\n<li>Sna\u017ean porast iz tjedna u tjedan nakon \u0161to Powerball jackpot pre\u0111e granicu od 200 milijuna dolara<\/li>\n<li>Vrlo visoka Powerball nagrada druge razine od 1 milijun USD i nagrada tre\u0107e razine od 50 000 USD, zajedno s prihvatljivim koeficijentima za ni\u017ee Powerball razine, \u010dine Powerball atraktivnim za igranje<\/li>\n<li>Veliki jackpotovi za Powerball obi\u010dno dospiju na naslovnice u cijelom svijetu, tako da \u0107ete znati kada nabaviti svoje karte i igrati<\/li>\n<li>Mo\u017eete igrati u tri tjedna Powerball izvla\u010denja<\/li>\n<li>Doga\u0111aji izvla\u010denja mogu se pratiti online putem web stranice Powerball ili putem Youtubea<\/li>\n<li>Besplatna bonus karta za Powerball za sve na\u0161e nove kupce<\/li>\n<li>Jo\u0161 jedna besplatna Powerball bonus karta ako preporu\u010dite prijatelja na na\u0161u web stranicu nakon \u0161to va\u0161 prijatelj potro\u0161i najmanje 10,00 \u20ac na listi\u0107e za bilo koju od na\u0161ih lutrija<\/li>\n<\/ul>\n<h2>Nedostaci Powerballa<\/h2>\n<ul>\n<li>Mala vjerojatnost osvajanja Powerball jackpota (iako se jackpot uvijek na kraju probije)<\/li>\n<li>Za europske ili azijske igra\u010de vrijeme izvla\u010denja za Powerball je nezgodno, ako \u017eele gledati izvla\u010denje na mre\u017ei<\/li>\n<\/ul>\n<h2>Kada se odr\u017eavaju Powerball izvla\u010denja?<\/h2>\n<p>Powerball izvla\u010denja se odr\u017eavaju u 10:59 po isto\u010dnom vremenu (ili 22:59 h), \u0161to zna\u010di u 3:59 (am) sljede\u0107eg dana po srednjem vremenu u Greenwichu ili 4:59 sljede\u0107eg dana u srednjoj Europi.<\/p>\n<h2>Povijest Powerball lutrije i jackpota<\/h2>\n<p>Kada je Powerball zapo\u010deo 1992. godine, minimalni jackpot bio je samo 2 milijuna dolara. U to vrijeme, da biste igrali Powerball, morali ste odabrati 5 brojeva od 45 glavnih brojeva i jedan Powerball broj od drugog skupa od 45 brojeva.<\/p>\n<p>Godine 1997. promijenjena su pravila za Powerball. Da biste igrali, morali ste odabrati 5 od 49 brojeva, a Powerball odabir je bio 1 od 42. Minimalni Powerball jackpot postavljen je na 10 milijuna dolara.<br \/>\nJo\u0161 jedna promjena u postavci Powerballa dogodila se 2002. kada je broj loptica u glavnom izvla\u010denju pove\u0107an na 53 &#8211; igra\u010di su i dalje morali igrati 5 brojeva plus jedan Powerball broj od 42.<\/p>\n<p>Zatim je 2005. minimalni Powerball jackpot postavljen na 15 milijuna dolara, \u0161to zna\u010di da \u0107ete nakon osvajanja jackpota u sljede\u0107em Powerball izvla\u010denju igrati za 15 milijuna dolara kao glavnu Powerball nagradu. Ta postava Powerballa trajala je do sije\u010dnja 2009. kada je do\u0161lo do jo\u0161 jedne promjene u na\u010dinu na koji se igrao Powerball. Najprije je minimalni iznos jackpota podignut na 20 milijuna dolara, dok su igra\u010di morali odabrati 5 brojeva od 59 loptica, kao i odigrati jedan Powerball broj od 39 brojeva.<\/p>\n<p>U 2012. je Powerball zajam\u010deni jackpot udvostru\u010den, \u0161to zna\u010di da je minimum postavljen na 40 milijuna dolara.<\/p>\n<p>U 2015. glavni raspon brojeva za Powerball izvla\u010denje ponovno se pove\u0107ao, s 59 na 69. U isto vrijeme, raspon za dodatni Powerball broj smanjen je na 26. Ovo novo pravilo pove\u0107alo je vjerojatnost igranja i osvajanja ni\u017eih nagrada , dok su izgledi za Powerball jackpot smanjili vjerojatnost da \u0107e igra\u010di pobijediti. Naravno, jackpot ne bi bio zatra\u017een dulje vrijeme, \u0161to bi rezultiralo ve\u0107im jackpotovima.<\/p>\n<p>Jo\u0161 jedna zna\u010dajna promjena u na\u010dinu na koji se igra Powerball dogodila se 2021. godine kada je uveden tre\u0107i dan izvla\u010denja, a od tada su se izvla\u010denja odr\u017eavala ponedjeljkom, srijedom i subotom.<\/p>\n<p>Tijekom godina mnoge ameri\u010dke dr\u017eave odlu\u010dile su se pridru\u017eiti igri Powerball. U po\u010detku su samo stanovnici 15 dr\u017eava mogli igrati Powerball, ali trenutno ulaznice mo\u017eete nabaviti u 44 dr\u017eave. U isto vrijeme, mogu\u0107e je nabaviti ulaznice za Powerball putem na\u0161e legalne online usluge. Preko nas \u0107ete igrati s pravim Powerball listi\u0107em, a cijeli postupak od biranja brojeva, pla\u0107anja va\u0161eg listi\u0107a, kao i uplate mo\u017eete obaviti online.<\/p>\n<h2>Koliko brzo jackpot raste nakon svakog izvla\u010denja?<\/h2>\n<p>O\u010dito, ako \u017eelite igrati Powerball iz Hrvatske, uvijek trebate provjeriti veli\u010dinu jackpota. Op\u0107enito, preporu\u010dujemo da igra\u010di uglavnom biraju lutriju s najve\u0107im jackpotom. S druge strane, neke lutrije imaju vrlo male vjerojatnosti za glavni dobitak. Superenalotto, Powerball i Mega Millions su me\u0111u tim lutrijama.<\/p>\n<p>Ipak, trebali biste promatrati razvoj jackpotova i \u010desto ima smisla odmah kupiti listi\u0107e za vi\u0161e uzastopnih izvla\u010denja. Na taj na\u010din osiguravate da ne\u0107ete propustiti igrati za jackpot koji bi se mogao brzo pove\u0107ati. Evo nekih brojki u vezi s inkrementalnim pove\u0107anjem Powerball jackpota. Naravno, to se doga\u0111a samo ako nitko ne osvoji Powerball jackpot.<\/p>\n<p>Kada je Powerball jackpot na najni\u017eoj razini (najmanje 40 milijuna dolara), obi\u010dno se pove\u0107ava po stopi od oko 8-10 milijuna dolara po izvla\u010denju. Uz tri tjedna izvla\u010denja, tjedni porast bi bio otprilike 25-30 milijuna dolara.<\/p>\n<p>Kad Powerball jackpot bude ve\u0107i od 100 milijuna dolara, tjedni porast iznosit \u0107e blizu 35 milijuna dolara. To je, naravno, zbog \u010dinjenice da vi\u0161e ljudi igra Powerball i kupuje listi\u0107e kada je Powerball jackpot ve\u0107i.<br \/>\nKada Powerball jackpot prije\u0111e granicu od 200 milijuna dolara, sa sve vi\u0161e i vi\u0161e igra\u010da koji kupuju vi\u0161e listi\u0107a, dolazi do ubrzanja inkrementalnog porasta jackpota. U tom trenutku, izme\u0111u ostalog, igra\u010di lutrije iz cijelog svijeta po\u010dnu primje\u0107ivati i \u017eele igrati s listi\u0107ima kupljenim online. Tjedni porast se pribli\u017eava 50 milijuna dolara.<\/p>\n<p>U takvom trenutku kada jackpot za Powerball dosegne 400 milijuna dolara, mo\u017eete o\u010dekivati da \u0107e se jackpot pove\u0107ati po stopi od 25 milijuna dolara nakon svakog izvla\u010denja. To je pove\u0107anje od 75 milijuna dolara tjedno.<br \/>\nAko nitko ne osvoji Powerball jackpot \u010dak i kada je iznad 500 milijuna dolara, pove\u0107ana svjetska medijska pokrivenost obi\u010dno rezultira zna\u010dajnim lokalnim i online kupnjama Powerball listi\u0107a. Kao posljedica toga, Powerball jackpot mo\u017ee lako porasti sa 500 milijuna dolara na blizu 1 milijarde dolara u roku od dva tjedna. Sve to, naravno, osim ako netko ne osvoji jackpot i ponovno po\u010dne s jackpotom od 40 milijuna dolara za sljede\u0107e Powerball izvla\u010denje.<\/p>\n<p>Sve u svemu, potrebno je oko tri tjedna da Powerball jackpot naraste iznad iznosa od 200 milijuna dolara, a ukupno pribli\u017eno 9 tjedana da prije\u0111e s minimuma na 400 milijuna dolara.<\/p>\n<h2>Najve\u0107i Powerball jackpot svih vremena<\/h2>\n<p>Powerball dr\u017ei svjetski rekordni jackpot od 2 milijarde dolara, 40 milijuna. Osvojio ga je 22. studenog 2022. jedan pobjednik. U sije\u010dnju 2016. tri sretna dobitnika iz dr\u017eava Tennessee, Florida i Kalifornija podijelila su rekordnu nagradu za Powerball, u ukupnom iznosu od \u010dak 1,5 milijardi dolara.<\/p>\n","protected":false},"excerpt":{"rendered":"<p>Ovo je lutrija koja redovito dolazi na naslovnice zbog svojih enormnih jackpotova. To je igra koja je imala jackpotove od preko milijardu dolara. A sada je i vi mo\u017eete igrati. Zanima vas o kojoj igri govorimo? To je Powerball US i dostupan je i iz Hrvatske, ili iz bilo koje druge zemlje. Jo\u0161 bolje, proces [&hellip;]<\/p>\n","protected":false},"author":1,"featured_media":0,"parent":16732,"menu_order":1,"comment_status":"closed","ping_status":"closed","template":"powerball-usa.php","meta":{"_et_pb_use_builder":"","_et_pb_old_content":"","_et_gb_content_width":"","exclude_from_search":false,"footnotes":""},"class_list":["post-60328","page","type-page","status-publish","hentry"],"yoast_head":"<!-- This site is optimized with the Yoast SEO plugin v23.8 - https:\/\/yoast.com\/wordpress\/plugins\/seo\/ -->\n<title>Igrajte Powerball online | Powerball lutrija za igra\u010de iz Hrvatske<\/title>\n<meta name=\"description\" content=\"Na\u0161a usluga vam omogu\u0107uje da igrate Powerball online, iz bilo koje druge zemlje, uklju\u010duju\u0107i Hrvatsku - nabavite svoju Powerball kartu sada!\" \/>\n<meta name=\"robots\" content=\"index, follow, max-snippet:-1, max-image-preview:large, max-video-preview:-1\" \/>\n<link rel=\"canonical\" href=\"https:\/\/redfoxlotto.com\/hr\/igrajte\/powerball\/\" \/>\n<meta property=\"og:locale\" content=\"hr_HR\" \/>\n<meta property=\"og:type\" content=\"article\" \/>\n<meta property=\"og:title\" content=\"Igrajte Powerball online | Powerball lutrija za igra\u010de iz Hrvatske\" \/>\n<meta property=\"og:description\" content=\"Na\u0161a usluga vam omogu\u0107uje da igrate Powerball online, iz bilo koje druge zemlje, uklju\u010duju\u0107i Hrvatsku - nabavite svoju Powerball kartu sada!\" \/>\n<meta property=\"og:url\" content=\"https:\/\/redfoxlotto.com\/hr\/igrajte\/powerball\/\" \/>\n<meta property=\"og:site_name\" content=\"Get Tickets for the World\u2019s largest jackpots\" \/>\n<meta property=\"article:modified_time\" content=\"2025-12-15T22:01:16+00:00\" \/>\n<meta property=\"og:image\" content=\"https:\/\/content.redfoxlotto.com\/uploads\/sites\/9\/1_play_powerball_usa.jpg\" \/>\n<meta name=\"twitter:card\" content=\"summary_large_image\" \/>\n<meta name=\"twitter:label1\" content=\"Procijenjeno vrijeme \u010ditanja\" \/>\n\t<meta name=\"twitter:data1\" content=\"8 minuta\" \/>\n<script type=\"application\/ld+json\" class=\"yoast-schema-graph\">{\"@context\":\"https:\/\/schema.org\",\"@graph\":[{\"@type\":\"WebPage\",\"@id\":\"https:\/\/redfoxlotto.com\/hr\/igrajte\/powerball\/\",\"url\":\"https:\/\/redfoxlotto.com\/hr\/igrajte\/powerball\/\",\"name\":\"Igrajte Powerball online | Powerball lutrija za igra\u010de iz Hrvatske\",\"isPartOf\":{\"@id\":\"https:\/\/redfoxlotto.com\/hr\/#website\"},\"primaryImageOfPage\":{\"@id\":\"https:\/\/redfoxlotto.com\/hr\/igrajte\/powerball\/#primaryimage\"},\"image\":{\"@id\":\"https:\/\/redfoxlotto.com\/hr\/igrajte\/powerball\/#primaryimage\"},\"thumbnailUrl\":\"https:\/\/content.redfoxlotto.com\/uploads\/sites\/9\/1_play_powerball_usa.jpg\",\"datePublished\":\"2023-04-24T17:35:03+00:00\",\"dateModified\":\"2025-12-15T22:01:16+00:00\",\"description\":\"Na\u0161a usluga vam omogu\u0107uje da igrate Powerball online, iz bilo koje druge zemlje, uklju\u010duju\u0107i Hrvatsku - nabavite svoju Powerball kartu sada!\",\"breadcrumb\":{\"@id\":\"https:\/\/redfoxlotto.com\/hr\/igrajte\/powerball\/#breadcrumb\"},\"inLanguage\":\"hr\",\"potentialAction\":[{\"@type\":\"ReadAction\",\"target\":[\"https:\/\/redfoxlotto.com\/hr\/igrajte\/powerball\/\"]}]},{\"@type\":\"ImageObject\",\"inLanguage\":\"hr\",\"@id\":\"https:\/\/redfoxlotto.com\/hr\/igrajte\/powerball\/#primaryimage\",\"url\":\"https:\/\/content.redfoxlotto.com\/uploads\/sites\/9\/1_play_powerball_usa.jpg\",\"contentUrl\":\"https:\/\/content.redfoxlotto.com\/uploads\/sites\/9\/1_play_powerball_usa.jpg\"},{\"@type\":\"BreadcrumbList\",\"@id\":\"https:\/\/redfoxlotto.com\/hr\/igrajte\/powerball\/#breadcrumb\",\"itemListElement\":[{\"@type\":\"ListItem\",\"position\":1,\"name\":\"Home\",\"item\":\"https:\/\/redfoxlotto.com\/hr\/\"},{\"@type\":\"ListItem\",\"position\":2,\"name\":\"Kako sudjelovati u lutrijama drugih dr\u017eava\",\"item\":\"https:\/\/redfoxlotto.com\/hr\/igrajte\/\"},{\"@type\":\"ListItem\",\"position\":3,\"name\":\"Igrajte Powerball online\"}]},{\"@type\":\"WebSite\",\"@id\":\"https:\/\/redfoxlotto.com\/hr\/#website\",\"url\":\"https:\/\/redfoxlotto.com\/hr\/\",\"name\":\"Get Tickets for the World\u2019s largest jackpots\",\"description\":\"Participate in worldwide lottery jackpots from any country\",\"publisher\":{\"@id\":\"https:\/\/redfoxlotto.com\/hr\/#organization\"},\"potentialAction\":[{\"@type\":\"SearchAction\",\"target\":{\"@type\":\"EntryPoint\",\"urlTemplate\":\"https:\/\/redfoxlotto.com\/hr\/?s={search_term_string}\"},\"query-input\":{\"@type\":\"PropertyValueSpecification\",\"valueRequired\":true,\"valueName\":\"search_term_string\"}}],\"inLanguage\":\"hr\"},{\"@type\":\"Organization\",\"@id\":\"https:\/\/redfoxlotto.com\/hr\/#organization\",\"name\":\"Get Tickets for the World\u2019s largest jackpots\",\"url\":\"https:\/\/redfoxlotto.com\/hr\/\",\"logo\":{\"@type\":\"ImageObject\",\"inLanguage\":\"hr\",\"@id\":\"https:\/\/redfoxlotto.com\/hr\/#\/schema\/logo\/image\/\",\"url\":\"https:\/\/redfoxlotto.com\/wp-content\/uploads\/2023\/04\/logo.png\",\"contentUrl\":\"https:\/\/redfoxlotto.com\/wp-content\/uploads\/2023\/04\/logo.png\",\"width\":269,\"height\":53,\"caption\":\"Get Tickets for the World\u2019s largest jackpots\"},\"image\":{\"@id\":\"https:\/\/redfoxlotto.com\/hr\/#\/schema\/logo\/image\/\"}}]}<\/script>\n<!-- \/ Yoast SEO plugin. -->","yoast_head_json":{"title":"Igrajte Powerball online | Powerball lutrija za igra\u010de iz Hrvatske","description":"Na\u0161a usluga vam omogu\u0107uje da igrate Powerball online, iz bilo koje druge zemlje, uklju\u010duju\u0107i Hrvatsku - nabavite svoju Powerball kartu sada!","robots":{"index":"index","follow":"follow","max-snippet":"max-snippet:-1","max-image-preview":"max-image-preview:large","max-video-preview":"max-video-preview:-1"},"canonical":"https:\/\/redfoxlotto.com\/hr\/igrajte\/powerball\/","og_locale":"hr_HR","og_type":"article","og_title":"Igrajte Powerball online | Powerball lutrija za igra\u010de iz Hrvatske","og_description":"Na\u0161a usluga vam omogu\u0107uje da igrate Powerball online, iz bilo koje druge zemlje, uklju\u010duju\u0107i Hrvatsku - nabavite svoju Powerball kartu sada!","og_url":"https:\/\/redfoxlotto.com\/hr\/igrajte\/powerball\/","og_site_name":"Get Tickets for the World\u2019s largest jackpots","article_modified_time":"2025-12-15T22:01:16+00:00","og_image":[{"url":"https:\/\/content.redfoxlotto.com\/uploads\/sites\/9\/1_play_powerball_usa.jpg"}],"twitter_card":"summary_large_image","twitter_misc":{"Procijenjeno vrijeme \u010ditanja":"8 minuta"},"schema":{"@context":"https:\/\/schema.org","@graph":[{"@type":"WebPage","@id":"https:\/\/redfoxlotto.com\/hr\/igrajte\/powerball\/","url":"https:\/\/redfoxlotto.com\/hr\/igrajte\/powerball\/","name":"Igrajte Powerball online | Powerball lutrija za igra\u010de iz Hrvatske","isPartOf":{"@id":"https:\/\/redfoxlotto.com\/hr\/#website"},"primaryImageOfPage":{"@id":"https:\/\/redfoxlotto.com\/hr\/igrajte\/powerball\/#primaryimage"},"image":{"@id":"https:\/\/redfoxlotto.com\/hr\/igrajte\/powerball\/#primaryimage"},"thumbnailUrl":"https:\/\/content.redfoxlotto.com\/uploads\/sites\/9\/1_play_powerball_usa.jpg","datePublished":"2023-04-24T17:35:03+00:00","dateModified":"2025-12-15T22:01:16+00:00","description":"Na\u0161a usluga vam omogu\u0107uje da igrate Powerball online, iz bilo koje druge zemlje, uklju\u010duju\u0107i Hrvatsku - nabavite svoju Powerball kartu sada!","breadcrumb":{"@id":"https:\/\/redfoxlotto.com\/hr\/igrajte\/powerball\/#breadcrumb"},"inLanguage":"hr","potentialAction":[{"@type":"ReadAction","target":["https:\/\/redfoxlotto.com\/hr\/igrajte\/powerball\/"]}]},{"@type":"ImageObject","inLanguage":"hr","@id":"https:\/\/redfoxlotto.com\/hr\/igrajte\/powerball\/#primaryimage","url":"https:\/\/content.redfoxlotto.com\/uploads\/sites\/9\/1_play_powerball_usa.jpg","contentUrl":"https:\/\/content.redfoxlotto.com\/uploads\/sites\/9\/1_play_powerball_usa.jpg"},{"@type":"BreadcrumbList","@id":"https:\/\/redfoxlotto.com\/hr\/igrajte\/powerball\/#breadcrumb","itemListElement":[{"@type":"ListItem","position":1,"name":"Home","item":"https:\/\/redfoxlotto.com\/hr\/"},{"@type":"ListItem","position":2,"name":"Kako sudjelovati u lutrijama drugih dr\u017eava","item":"https:\/\/redfoxlotto.com\/hr\/igrajte\/"},{"@type":"ListItem","position":3,"name":"Igrajte Powerball online"}]},{"@type":"WebSite","@id":"https:\/\/redfoxlotto.com\/hr\/#website","url":"https:\/\/redfoxlotto.com\/hr\/","name":"Get Tickets for the World\u2019s largest jackpots","description":"Participate in worldwide lottery jackpots from any country","publisher":{"@id":"https:\/\/redfoxlotto.com\/hr\/#organization"},"potentialAction":[{"@type":"SearchAction","target":{"@type":"EntryPoint","urlTemplate":"https:\/\/redfoxlotto.com\/hr\/?s={search_term_string}"},"query-input":{"@type":"PropertyValueSpecification","valueRequired":true,"valueName":"search_term_string"}}],"inLanguage":"hr"},{"@type":"Organization","@id":"https:\/\/redfoxlotto.com\/hr\/#organization","name":"Get Tickets for the World\u2019s largest jackpots","url":"https:\/\/redfoxlotto.com\/hr\/","logo":{"@type":"ImageObject","inLanguage":"hr","@id":"https:\/\/redfoxlotto.com\/hr\/#\/schema\/logo\/image\/","url":"https:\/\/redfoxlotto.com\/wp-content\/uploads\/2023\/04\/logo.png","contentUrl":"https:\/\/redfoxlotto.com\/wp-content\/uploads\/2023\/04\/logo.png","width":269,"height":53,"caption":"Get Tickets for the World\u2019s largest jackpots"},"image":{"@id":"https:\/\/redfoxlotto.com\/hr\/#\/schema\/logo\/image\/"}}]}},"_links":{"self":[{"href":"https:\/\/redfoxlotto.com\/hr\/wp-json\/wp\/v2\/pages\/60328","targetHints":{"allow":["GET"]}}],"collection":[{"href":"https:\/\/redfoxlotto.com\/hr\/wp-json\/wp\/v2\/pages"}],"about":[{"href":"https:\/\/redfoxlotto.com\/hr\/wp-json\/wp\/v2\/types\/page"}],"author":[{"embeddable":true,"href":"https:\/\/redfoxlotto.com\/hr\/wp-json\/wp\/v2\/users\/1"}],"replies":[{"embeddable":true,"href":"https:\/\/redfoxlotto.com\/hr\/wp-json\/wp\/v2\/comments?post=60328"}],"version-history":[{"count":0,"href":"https:\/\/redfoxlotto.com\/hr\/wp-json\/wp\/v2\/pages\/60328\/revisions"}],"up":[{"embeddable":true,"href":"https:\/\/redfoxlotto.com\/hr\/wp-json\/wp\/v2\/pages\/16732"}],"wp:attachment":[{"href":"https:\/\/redfoxlotto.com\/hr\/wp-json\/wp\/v2\/media?parent=60328"}],"curies":[{"name":"wp","href":"https:\/\/api.w.org\/{rel}","templated":true}]}}